{"id":5924,"date":"2017-04-13T10:23:49","date_gmt":"2017-04-13T08:23:49","guid":{"rendered":"https:\/\/marketingplatform.com\/?page_id=5924\/"},"modified":"2020-03-27T13:36:51","modified_gmt":"2020-03-27T12:36:51","slug":"triggermails","status":"publish","type":"page","link":"https:\/\/marketingplatform.com\/da\/triggermails\/","title":{"rendered":"Trigger Mails 2.0 &#8211; Intelligent Flows"},"content":{"rendered":"<p>[et_pb_section fb_built=&#8221;1&#8243; admin_label=&#8221;section&#8221; _builder_version=&#8221;3.22&#8243; transparent_background=&#8221;off&#8221;][et_pb_row admin_label=&#8221;row&#8221; _builder_version=&#8221;3.25&#8243; background_size=&#8221;initial&#8221; background_position=&#8221;top_left&#8221; background_repeat=&#8221;repeat&#8221;][et_pb_column type=&#8221;4_4&#8243; _builder_version=&#8221;3.25&#8243; custom_padding=&#8221;|||&#8221; custom_padding__hover=&#8221;|||&#8221;][et_pb_text admin_label=&#8221;Text&#8221; _builder_version=&#8221;3.27.4&#8243; background_size=&#8221;initial&#8221; background_position=&#8221;top_left&#8221; background_repeat=&#8221;repeat&#8221; use_border_color=&#8221;off&#8221; border_color=&#8221;#ffffff&#8221; border_style=&#8221;solid&#8221;]<\/p>\n<h1>Trigger Mails 2.0 \u2013 Intelligente Flows<\/h1>\n<p><img decoding=\"async\" loading=\"lazy\" class=\"scale-with-grid alignright image-border\" title=\"\" src=\"https:\/\/marketingplatform.com\/wp-content\/uploads\/2017\/04\/trigger-events-1.png\" alt=\"\" width=\"458\" height=\"296\">Opbyg intelligente flows, der overordnet tager udgangspunkt i en dato, en handling eller en manglende handling. L\u00e6g dertil et v\u00e6ld af filtre, som g\u00f8r det muligt at opn\u00e5 en meget pr\u00e6cis m\u00e5lretning af de automatiserede kampagner.<\/p>\n<p>Nogenlunde s\u00e5dan er Trigger Mails funktionen i MarketingPlatform.<\/p>\n<p>N\u00e5r vi i det f\u00f8lgende beskriver en kampagne, kan det v\u00e6re b\u00e5de en email og SMS kampagne. En Trigger kan ogs\u00e5 tilf\u00f8je eller fjerne kontaktpersonerne der opfylder handlingen til en eller flere lister.<br \/>\n[\/et_pb_text][\/et_pb_column][\/et_pb_row][et_pb_row column_structure=&#8221;1_5,1_5,1_5,1_5,1_5&#8243; module_class=&#8221;custom_row&#8221; _builder_version=&#8221;3.25&#8243; background_size=&#8221;initial&#8221; background_position=&#8221;top_left&#8221; background_repeat=&#8221;repeat&#8221; width_tablet=&#8221;80%&#8221; width_phone=&#8221;&#8221; width_last_edited=&#8221;on|desktop&#8221; max_width_tablet=&#8221;1024px&#8221; max_width_phone=&#8221;&#8221; max_width_last_edited=&#8221;on|tablet&#8221; module_alignment=&#8221;center&#8221;][et_pb_column type=&#8221;1_5&#8243; _builder_version=&#8221;3.25&#8243; custom_padding=&#8221;|||&#8221; custom_padding__hover=&#8221;|||&#8221;][et_pb_image src=&#8221;https:\/\/marketingplatform.com\/wp-content\/uploads\/2019\/11\/verisure.png&#8221; align_tablet=&#8221;center&#8221; align_phone=&#8221;&#8221; align_last_edited=&#8221;on|desktop&#8221; _builder_version=&#8221;4.0.2&#8243; max_width=&#8221;92%&#8221; max_width_tablet=&#8221;65%&#8221; max_width_phone=&#8221;50%&#8221; max_width_last_edited=&#8221;on|desktop&#8221; module_alignment=&#8221;center&#8221; custom_padding=&#8221;6px||||false|false&#8221;]<\/p>\n<p>[\/et_pb_image][\/et_pb_column][et_pb_column type=&#8221;1_5&#8243; _builder_version=&#8221;3.25&#8243; custom_padding=&#8221;|||&#8221; custom_padding__hover=&#8221;|||&#8221;][et_pb_image src=&#8221;https:\/\/marketingplatform.com\/wp-content\/uploads\/2019\/03\/med24-logo.png&#8221; align_tablet=&#8221;center&#8221; align_phone=&#8221;&#8221; align_last_edited=&#8221;on|desktop&#8221; _builder_version=&#8221;3.23.3&#8243; max_width=&#8221;72%&#8221; max_width_tablet=&#8221;65%&#8221; max_width_phone=&#8221;50%&#8221; max_width_last_edited=&#8221;on|phone&#8221; module_alignment=&#8221;center&#8221;]<\/p>\n<p>[\/et_pb_image][\/et_pb_column][et_pb_column type=&#8221;1_5&#8243; _builder_version=&#8221;3.25&#8243; custom_padding=&#8221;|||&#8221; custom_padding__hover=&#8221;|||&#8221;][et_pb_image src=&#8221;https:\/\/marketingplatform.com\/wp-content\/uploads\/2020\/03\/danishcrown.png&#8221; align=&#8221;center&#8221; align_tablet=&#8221;center&#8221; align_phone=&#8221;&#8221; align_last_edited=&#8221;on|desktop&#8221; _builder_version=&#8221;4.4.0&#8243; max_width=&#8221;68%&#8221; max_width_tablet=&#8221;62%&#8221; max_width_phone=&#8221;46%&#8221; max_width_last_edited=&#8221;on|phone&#8221; module_alignment=&#8221;center&#8221; custom_margin=&#8221;-7px||||false|false&#8221; custom_padding=&#8221;||||false|false&#8221;]<\/p>\n<p>[\/et_pb_image][\/et_pb_column][et_pb_column type=&#8221;1_5&#8243; _builder_version=&#8221;3.25&#8243; custom_padding=&#8221;|||&#8221; custom_padding__hover=&#8221;|||&#8221;][et_pb_image src=&#8221;https:\/\/marketingplatform.com\/wp-content\/uploads\/2019\/08\/cykelpartner.png&#8221; align_tablet=&#8221;center&#8221; align_phone=&#8221;&#8221; align_last_edited=&#8221;on|desktop&#8221; _builder_version=&#8221;3.23.3&#8243; max_width=&#8221;100%&#8221; max_width_tablet=&#8221;60%&#8221; max_width_phone=&#8221;45%&#8221; max_width_last_edited=&#8221;on|phone&#8221; module_alignment=&#8221;center&#8221; custom_padding=&#8221;8px||&#8221;]<\/p>\n<p>[\/et_pb_image][\/et_pb_column][et_pb_column type=&#8221;1_5&#8243; _builder_version=&#8221;3.25&#8243; custom_padding=&#8221;3px|||&#8221; custom_padding__hover=&#8221;|||&#8221;][et_pb_image src=&#8221;https:\/\/marketingplatform.com\/wp-content\/uploads\/2019\/10\/olivers-dk.png&#8221; align_tablet=&#8221;center&#8221; align_phone=&#8221;&#8221; align_last_edited=&#8221;on|desktop&#8221; _builder_version=&#8221;4.0.2&#8243; width=&#8221;75%&#8221; max_width=&#8221;100%&#8221; max_width_tablet=&#8221;65%&#8221; max_width_phone=&#8221;50%&#8221; max_width_last_edited=&#8221;on|phone&#8221; module_alignment=&#8221;center&#8221;]<\/p>\n<p>[\/et_pb_image][\/et_pb_column][\/et_pb_row][et_pb_row admin_label=&#8221;row&#8221; _builder_version=&#8221;3.25&#8243; background_size=&#8221;initial&#8221; background_position=&#8221;top_left&#8221; background_repeat=&#8221;repeat&#8221;][et_pb_column type=&#8221;4_4&#8243; _builder_version=&#8221;3.25&#8243; custom_padding=&#8221;|||&#8221; custom_padding__hover=&#8221;|||&#8221;][et_pb_text admin_label=&#8221;Text&#8221; _builder_version=&#8221;3.27.4&#8243; background_size=&#8221;initial&#8221; background_position=&#8221;top_left&#8221; background_repeat=&#8221;repeat&#8221; use_border_color=&#8221;off&#8221; border_style=&#8221;solid&#8221;]<\/p>\n<h4><img decoding=\"async\" loading=\"lazy\" class=\"scale-with-grid alignleft image-border\" title=\"\" src=\"https:\/\/marketingplatform.com\/wp-content\/uploads\/2017\/04\/trigger-events-2.png\" alt=\"\" width=\"268\" height=\"193\" \/>Tillykke med f\u00f8dselsdagen mails<\/h4>\n<p>Oprindeligt blev Trigger styrede kampagner opfundet til f\u00f8dselsdagsmails. Derfor kalder mange stadig funktionen for dette navn. I MarketingPlatform kan alle datofelter anvendes til et fikspunkt for udsendelse af en eller flere kampagner. Det er muligt at styre udsendelsen i tid, timer, dage eller uger f\u00f8r, p\u00e5 eller efter datoen p\u00e5 hver enkelt kontaktperson.<\/p>\n<p>Specielt ifht f\u00f8dselsdagshilsener, har vi indbygget en funktion der kigger p\u00e5 datoen, renset for \u00e5rstallet, og muligg\u00f8r automatisering p\u00e5 alle \u00e5rlige forekomster af m\u00e5ned og dag. Alts\u00e5 en hilsen hvert \u00e5r p\u00e5 modtagerens f\u00f8dselsdag.[\/et_pb_text][\/et_pb_column][\/et_pb_row][et_pb_row admin_label=&#8221;row&#8221; _builder_version=&#8221;3.25&#8243; background_size=&#8221;initial&#8221; background_position=&#8221;top_left&#8221; background_repeat=&#8221;repeat&#8221;][et_pb_column type=&#8221;4_4&#8243; _builder_version=&#8221;3.25&#8243; custom_padding=&#8221;|||&#8221; custom_padding__hover=&#8221;|||&#8221;][et_pb_text admin_label=&#8221;Text&#8221; _builder_version=&#8221;4.0.2&#8243; background_size=&#8221;initial&#8221; background_position=&#8221;top_left&#8221; background_repeat=&#8221;repeat&#8221; use_border_color=&#8221;off&#8221; border_style=&#8221;solid&#8221;]<\/p>\n<h4>Det unikke ved datofelter og deres anvendelse<\/h4>\n<p>Et datofelt er et Custom Field af typen dato. Datofelters anvendelse i Trigger funktionen muligg\u00f8r, udover den beskrevne f\u00f8dselsdagsmail, en lang r\u00e6kke opf\u00f8lgninger ud fra datoen p\u00e5 hver enkelt kontakt i MarketingPlatform.<\/p>\n<p>Mange kunder anvender felttypen til sidste dato for k\u00f8b eller kontakt. P\u00e5 den m\u00e5de kan opf\u00f8lgningen systematiseres og automatiseres.<\/p>\n<p>Lad os kigge p\u00e5 et eksempel fra en kunde indenfor salg af modet\u00f8j. De s\u00e6lger overordnet i 3 kategorier: dame, herre og b\u00f8rn. Den information er gemt i en anden type felt, nemlig Checkbox der kan indeholde flere samtidige valg &#8211; oftest er k\u00f8beren af dame og b\u00f8rn samme person. Derudover har virksomheden en r\u00e6kke produktkategorier i hvert segment. Lad os holde eksemplet relativt simpelt. En kvinde har k\u00f8bt damet\u00f8j for 10 dage siden. Datoen gemmes i et datofelt i MarketingPlatform &#8211; og den overordnede kategori dame i det respektive felt. Kunden har opsat en Trigger kampagne der siger dato + 10 dage med et filter p\u00e5 dame skal sende denne kampagne.<\/p>\n<p><a href=\"https:\/\/marketingplatform.com\/da\/egnefelter\/\">L\u00e6s mere om hvordan egne felter oprettes her<\/a>.<\/p>\n<h4>En aktiv handling udl\u00f8ser en Trigger kampagne<\/h4>\n<p>N\u00e5r en kontaktperson \u00e5bner en tilsendt kampagne eller en autoresponder kan triggeren reagere. Med reaktion forst\u00e5s at sende en ny kampagne (SMS eller email) og eller tilf\u00f8je eller fjerne modtageren fra en kontaktliste.<\/p>\n<p>Det er ikke muligt at registrere \u00e5ben handlingen\u00a0i en SMS. Det tillader formatet ganske enkelt ikke. Alle links trackes ogs\u00e5 i SMS kampagner, hvorfor det ogs\u00e5 er muligt at reagere p\u00e5 disse handlinger.<\/p>\n<p>Den aktive handling kan ogs\u00e5 v\u00e6re et klik p\u00e5 et bestemt link i en kampagne. Dermed kan m\u00e5lretningen g\u00f8res meget specifik mod feks personer der klikkede p\u00e5 nyheden i sidste nyhedsbrev. Eller i en mere B2B agtigt kontekst, salgsprocessen og den kostbare opf\u00f8lgning kan m\u00e5lrettes til interesserede i et bestemt produkt.<\/p>\n<p>Her vil det give stor v\u00e6rdi at flytte kontakterne der klikker til en ny kontaktliste, der kunne hedde s\u00e6lger-opf\u00f8lgning-p\u00e5 &#8230;..<\/p>\n<p>Derudover kan alle ovenst\u00e5ende muligheder krydres med en filtrering p\u00e5 alle tilg\u00e6ngelige Custom Fields.<\/p>\n<h4><img decoding=\"async\" loading=\"lazy\" class=\"scale-with-grid alignright image-border\" title=\"\" src=\"https:\/\/marketingplatform.com\/wp-content\/uploads\/2017\/04\/trigger-events-3.png\" alt=\"\" width=\"400\" height=\"197\" \/>En manglende handling udl\u00f8ser en Trigger<\/h4>\n<p>Mindst lige s\u00e5 interessant er den manglende handling. Igen g\u00e6lder der b\u00e5de det, at \u00e5bne en kampagne eller klikke p\u00e5 et bestemt link. Her blot det faktum at modtageren IKKE g\u00f8r en aktiv handling.<\/p>\n<p>Din virksomhed sender et nyhedsbrev der indeholder en emnelinie, der fokuserer p\u00e5 funktionerne ved noget nyt. Erfaringsm\u00e6ssigt tiltaler det bestemte modtagere, mens andre reagerer p\u00e5 en attraktiv pris. Derfor ops\u00e6tter du en Trigger, der 2 dage efter udsendelsen af den oprindelige kampagne, automatisk sender en variant af kampagnen til alle der ikke \u00e5bnede beskeden.<\/p>\n<p>Det samme kan ogs\u00e5 g\u00f8res ved et manglende klik p\u00e5 et bestemt link. Det er muligt at reagere p\u00e5 links i SMS kampagner, men ikke p\u00e5 om en SMS kampagne bliver \u00e5bnet eller ikke.<\/p>\n<h4>Muligheder med filtre<\/h4>\n<p>S\u00e6ttes et filter vil det begr\u00e6nse gruppen af modtagere. Det kan popul\u00e6rt sagt sammenlignes med et segment, der ogs\u00e5 finder en bestemt delm\u00e6ngde af en kontaktliste. Anvendt i en Trigger vil det fungere som et filter p\u00e5 enten en kontaktliste og et datofelt, eller en aktiv eller passiv gruppe i forhold til en handling.<\/p>\n<p>Det er muligt og filtrere b\u00e5de p\u00e5 standard felter og egne felter &#8211; de s\u00e5kaldte Custom Fields.<\/p>\n<p>Ved at s\u00e6tte et filter feks p\u00e5 dame, herre eller b\u00f8rn, for at blive i eksemplet ovenfor, kan du med fordel lave en r\u00e6kke Trigger kampagner, der skal reagere p\u00e5 samme handling eller samme datofelt, men blot til hver deres m\u00e5lgruppe.<\/p>\n<p>[\/et_pb_text][\/et_pb_column][\/et_pb_row][\/et_pb_section][et_pb_section fb_built=&#8221;1&#8243; custom_padding_last_edited=&#8221;on|phone&#8221; module_class=&#8221;ressourcer-signup&#8221; _builder_version=&#8221;4.0.2&#8243; background_color=&#8221;#dee7f1&#8243; custom_padding=&#8221;7%||&#8221; custom_padding_tablet=&#8221;12%||||false|false&#8221; custom_padding_phone=&#8221;17%||||false|false&#8221; top_divider_style=&#8221;asymmetric2&#8243; top_divider_color=&#8221;#ffffff&#8221; top_divider_height=&#8221;60px&#8221; global_module=&#8221;19033&#8243;][et_pb_row _builder_version=&#8221;3.25&#8243; background_size=&#8221;initial&#8221; background_position=&#8221;top_left&#8221; background_repeat=&#8221;repeat&#8221; custom_margin=&#8221;||10px&#8221; custom_padding=&#8221;||10px&#8221;][et_pb_column type=&#8221;4_4&#8243; _builder_version=&#8221;3.25&#8243; custom_padding=&#8221;|||&#8221; custom_padding__hover=&#8221;|||&#8221;][et_pb_text _builder_version=&#8221;4.0.2&#8243; text_orientation=&#8221;center&#8221;]<\/p>\n<h2 style=\"font-style: normal;\">Pr\u00f8v MarketingPlatform gratis i 14 dage<\/h2>\n<p style=\"font-style: normal;\">Pr\u00f8veperioden er gratis, helt uforpligtende og udl\u00f8ber efter 14 dage, hvis du ikke \u00f8nsker at forts\u00e6tte.<br \/> Ved tilmelding modtager du samtidig vores uddannelsesflow p\u00e5 en serie af mails \u2013 og vores nyhedsbrev.<\/p>\n<p>[\/et_pb_text][\/et_pb_column][\/et_pb_row][et_pb_row _builder_version=&#8221;4.0.2&#8243;][et_pb_column type=&#8221;4_4&#8243; _builder_version=&#8221;4.0.2&#8243;][et_pb_code _builder_version=&#8221;4.0.2&#8243; text_orientation=&#8221;center&#8221;]<a href=\"https:\/\/marketingplatform.com\/da\/gratis-proeveversion\/\" class=\"green-btn2\" style=\"background:#09cd6f; padding:18px 60px; margin-bottom:10px!important;\">Pr\u00f8v os gratis nu<\/a> <a href=\"https:\/\/marketingplatform.com\/da\/book-emailplatform-demo\/\" class=\"green-btn2\" style=\"background:#0daae2; padding:18px 70px;\">Book demo<\/a>[\/et_pb_code][\/et_pb_column][\/et_pb_row][et_pb_row _builder_version=&#8221;4.0.2&#8243; max_width=&#8221;768px&#8221; custom_margin=&#8221;15px||0px||false|false&#8221; custom_padding=&#8221;0px||0px&#8221; use_custom_width=&#8221;on&#8221; custom_width_px=&#8221;768px&#8221;][et_pb_column type=&#8221;4_4&#8243; _builder_version=&#8221;3.25&#8243; custom_padding=&#8221;|||&#8221; custom_padding__hover=&#8221;|||&#8221;][et_pb_code _builder_version=&#8221;4.0.2&#8243;]<\/p>\n<div class=\"awards-align\" ><!-- [et_pb_line_break_holder] --><\/p>\n<div style=\"float:left; width:14%; text-align:right;   margin-right: 2%;\"><!-- [et_pb_line_break_holder] --><img decoding=\"async\" src=\"https:\/\/marketingplatform.com\/wp-content\/uploads\/2020\/01\/primotours.png\" width=\"56\" style=\"margin:10px 20px 20px 0px;\"><!-- [et_pb_line_break_holder] --><\/div>\n<p><!-- [et_pb_line_break_holder] --><\/p>\n<div style=\"float:left; width:20%; text-align:center;    margin-right: 4%;\"><!-- [et_pb_line_break_holder] --><img decoding=\"async\" src=\"https:\/\/marketingplatform.com\/wp-content\/uploads\/2019\/11\/med24-gray.png\" width=\"100\" style=\"margin:20px 0px 20px 10px;\"><!-- [et_pb_line_break_holder] --><\/div>\n<p><!-- [et_pb_line_break_holder] --><\/p>\n<div style=\"float:left; width:18%;    margin-right: 1%;\"><!-- [et_pb_line_break_holder] --><img decoding=\"async\" src=\"https:\/\/marketingplatform.com\/wp-content\/uploads\/2019\/08\/cykelpartner-logo.png\" width=\"180\" style=\"margin:29px 20px 20px 0px;\"><!-- [et_pb_line_break_holder] --><\/div>\n<p><!-- [et_pb_line_break_holder] --><\/p>\n<div style=\"float:left; width:20%; text-align:center;     margin-right: 1%;\"><!-- [et_pb_line_break_holder] --><img decoding=\"async\" src=\"https:\/\/marketingplatform.com\/wp-content\/uploads\/2019\/04\/aldi-grey.png\" width=\"50\" style=\"margin:10px 0px 20px 0px;\"><!-- [et_pb_line_break_holder] --><\/div>\n<p><!-- [et_pb_line_break_holder] --><\/p>\n<div style=\"float:left; width:18%;      margin-right: 2%;  text-align: center;\"><!-- [et_pb_line_break_holder] --><img decoding=\"async\" src=\"https:\/\/marketingplatform.com\/wp-content\/uploads\/2019\/02\/verisure-logo.png\" width=\"120\" style=\"margin:18px 0px 20px 0px;\"><!-- [et_pb_line_break_holder] --><\/div>\n<p><!-- [et_pb_line_break_holder] --><\/div>\n<p>[\/et_pb_code][\/et_pb_column][\/et_pb_row][\/et_pb_section]<\/p>\n","protected":false},"excerpt":{"rendered":"<p>Trigger Mails 2.0 \u2013 Intelligente Flows Opbyg intelligente flows, der overordnet tager udgangspunkt i en dato, en handling eller en manglende handling. L\u00e6g dertil et v\u00e6ld af filtre, som g\u00f8r det muligt at opn\u00e5 en meget pr\u00e6cis m\u00e5lretning af de automatiserede kampagner. Nogenlunde s\u00e5dan er Trigger Mails funktionen i MarketingPlatform. N\u00e5r vi i det f\u00f8lgende [&hellip;]<\/p>\n","protected":false},"author":50,"featured_media":0,"parent":0,"menu_order":0,"comment_status":"closed","ping_status":"closed","template":"","meta":{"_et_pb_use_builder":"on","_et_pb_old_content":"<img class=\"scale-with-grid alignright\" title=\"\" src=\"https:\/\/marketingplatform.com\/wp-content\/uploads\/2017\/04\/triggermails-mailplatform-overview.png\" alt=\"\" width=\"458\" height=\"296\" \/>Opbyg intelligente flows, der overordnet tager udgangspunkt i en dato, en handling eller en manglende handling. L\u00e6g dertil et v\u00e6ld af filtre, som g\u00f8r det muligt at opn\u00e5 en meget pr\u00e6cis m\u00e5lretning af de automatiserede kampagner.\r\n\r\nNogenlunde s\u00e5dan er Trigger Mails funktionen i MailPlatform.\r\n\r\nN\u00e5r vi i det f\u00f8lgende beskriver en kampagne, kan det v\u00e6re b\u00e5de en email og SMS kampagne. En Trigger kan ogs\u00e5 tilf\u00f8je eller fjerne kontaktpersonerne der opfylder handlingen til en eller flere lister.\r\n<br><\/br>\r\n<img class=\"full-width\" src=\"https:\/\/marketingplatform.com\/wp-content\/uploads\/2017\/04\/mailplatform-white-reference-900px-14.png\" alt=\"\" border=\"0\" \/>\r\n<br><\/br>\r\n<img class=\"scale-with-grid alignleft\" title=\"\" src=\"https:\/\/marketingplatform.com\/wp-content\/uploads\/2017\/04\/triggermail-mailplatform-fodselsdagshilsen.png\" alt=\"\" width=\"268\" height=\"193\" \/><strong>Tillykke med f\u00f8dselsdagen mails<\/strong>\r\n\r\nOprindeligt blev Trigger styrede kampagner opfundet til f\u00f8dselsdagsmails. Derfor kalder mange stadig funktionen for dette navn. I MailPlatform kan alle datofelter anvendes til et fikspunkt for udsendelse af en eller fler kampagner. Det er muligt at styre udsendelsen i tid, timer, dage eller uger f\u00f8r, p\u00e5 eller efter datoen p\u00e5 hver enkelt kontaktperson.\r\n\r\nSpecielt ifht f\u00f8dselsdagshilsener, har vi indbygget en funktion der kigger p\u00e5 datoen, renset for \u00e5rstallet, og muligg\u00f8r automatisering p\u00e5 alle \u00e5rlige forekomster af m\u00e5ned og dag. Alts\u00e5 en hilsen hvert \u00e5r p\u00e5 modtagerens f\u00f8dselsdag.\r\n<br><\/br>\r\n<h2>Pr\u00f8v MailPlatform gratis -\u00a0og f\u00e5 succes med dine nyhedsbreve<\/h2>\r\n<h3>Du tilmelder dig p\u00e5 10\u00a0sekunder - uden brug af kreditkort - skriv trygt din email i feltet herunder<\/h3>\r\nBlandt kunderne, der anvender MailPlatform til at forbedre deres kommunikation, er Applus, Bauhaus, Billetlugen, CBS, \u00a0EGMONT, Gallup, Jensens B\u00f8fhus, Kop & Kande, LEGO, Leo Pharma, Lions, Merck, Mr., Sampension, UNICEF og \u00c6ldresagen.\r\n<br><\/br>\r\n[widget id=\"text-183\"]\r\n<br><\/br>\r\n<strong>Det unikke ved datofelter og deres anvendelse<\/strong>\r\n\r\nEt datofelt er et Custom Field af typen dato. Datofelters anvendelse i Trigger funktionen muligg\u00f8r, udover den beskrevne f\u00f8dselsdagsmail, en lang r\u00e6kke opf\u00f8lgninger ud fra datoen p\u00e5 hver enkelt kontakt i MailPlatform.\r\n\r\nMange kunder anvender felttypen til sidste dato for k\u00f8b eller kontakt. P\u00e5 den m\u00e5de kan opf\u00f8lgningen systematiseres og automatiseres.\r\n\r\nLad os kigge p\u00e5 et eksempel fra en kunde indenfor salg af modet\u00f8j. De s\u00e6lger overordnet i 3 kategorier: dame, herre og b\u00f8rn. Den information er gemt i en anden type felt, nemlig Checkbox der kan indeholde flere samtidige valg - oftest er k\u00f8beren af dame og b\u00f8rn samme person. Derudover har virksomheden en r\u00e6kke produktkategorier i hvert segment. Lad os holde eksemplet relativt simpelt. En kvinde har k\u00f8bt damet\u00f8j for 10 dage siden. Datoen gemmes i et datofelt i MailPlatform - og den overordnede kategori dame i det respektive felt. Kunden har opsat en Trigger kampagne der siger dato + 10 dage med et filter p\u00e5 dame skal sende denne kampagne.\r\n\r\n<a href=\"https:\/\/mailplatform.dk\/customfields\/\">L\u00e6s mere om hvordan egne felter oprettes her<\/a>.\r\n\r\n<strong>En aktiv handling udl\u00f8ser en Trigger kampagne<\/strong>\r\n\r\nN\u00e5r en kontaktperson \u00e5bner en tilsendt kampagne eller en autoresponder kan triggeren reagere. Med reaktion forst\u00e5s at sende en ny kampagne (SMS eller email) og eller tilf\u00f8je eller fjerne modtageren fra en kontaktliste.\r\n\r\nDet er ikke muligt at registrere \u00e5ben handlingen\u00a0i en SMS. Det tillader formatet ganske enkelt ikke. Alle links trackes ogs\u00e5 i SMS kampagner, hvorfor det ogs\u00e5 er muligt at reagere p\u00e5 disse handlinger.\r\n\r\nDen aktive handling kan ogs\u00e5 v\u00e6re et klik p\u00e5 et bestemt link i en kampagne. Dermed kan m\u00e5lretningen g\u00f8res meget specifik mod feks personer der klikkede p\u00e5 nyheden i sidste nyhedsbrev. Eller i en mere B2B agtigt kontekst, salgsprocessen og den kostbare opf\u00f8lgning kan m\u00e5lrettes til interesserede i et bestemt produkt.\r\n\r\nHer vil det give stor v\u00e6rdi at flytte kontakterne der klikker til en ny kontaktliste, der kunne hedde s\u00e6lger-opf\u00f8lgning-p\u00e5 .....\r\n\r\nDerudover kan alle ovenst\u00e5ende muligheder krydres med en filtrering p\u00e5 alle tilg\u00e6ngelige Custom Fields.\r\n<br><\/br>\r\n<img class=\"scale-with-grid alignright\" title=\"\" src=\"https:\/\/marketingplatform.com\/wp-content\/uploads\/2017\/04\/triggermail-mailplatform-notclicked.png\" alt=\"\" width=\"400\" height=\"197\" \/><strong>En manglende handling udl\u00f8ser en Trigger<\/strong>\r\n\r\nMindst lige s\u00e5 interessant er den manglende handling. Igen g\u00e6lder der b\u00e5de det, at \u00e5bne en kampagne eller klikke p\u00e5 et bestemt link. Her blot det faktum at modtageren IKKE g\u00f8r en aktiv handling.\r\n\r\nDin virksomhed sender et nyhedsbrev der indeholder en emnelinie, der fokuserer p\u00e5 funktionerne ved noget nyt. Erfaringsm\u00e6ssigt tiltaler det bestemte modtagere, mens andre reagerer p\u00e5 en attraktiv pris. Derfor ops\u00e6tter du en Trigger, der 2 dage efter udsendelsen af den oprindelige kampagne, automatisk sender en variant af kampagnen til alle der ikke \u00e5bnede beskeden.\r\n\r\nDet samme kan ogs\u00e5 g\u00f8res ved et manglende klik p\u00e5 et bestemt link. Det er muligt at reagere p\u00e5 links i SMS kampagner, men ikke p\u00e5 om en SMS kampagne bliver \u00e5bnet eller ikke.\r\n\r\n<strong>Muligheder med filtre<\/strong>\r\n\r\nS\u00e6ttes et filter vil det begr\u00e6nse gruppen af modtagere. Det kan popul\u00e6rt sagt sammenlignes med et segment, der ogs\u00e5 finder en bestemt delm\u00e6ngde af en kontaktliste. Anvendt i en Trigger vil det fungere som et filter p\u00e5 enten en kontaktliste og et datofelt, eller en aktiv eller passiv gruppe i forhold til en handling.\r\n\r\nDet er muligt og filtrere b\u00e5de p\u00e5 standard felter og egne felter - de s\u00e5kaldte Custom Fields.\r\n\r\nVed at s\u00e6tte et filter feks p\u00e5 dame, herre eller b\u00f8rn, for at blive i eksemplet ovenfor, kan du med fordel lave en r\u00e6kke Trigger kampagner, der skal reagere p\u00e5 samme handling eller samme datofelt, men blot til hver deres m\u00e5lgruppe.","_et_gb_content_width":"","footnotes":""},"categories":[],"tags":[],"yst_prominent_words":[3338,3324,4883,1039,83,5561,3328,3332,3329,3323,4920,3326,3325,3331,3322,3330,3327,3321,3337,5562],"_links":{"self":[{"href":"https:\/\/marketingplatform.com\/da\/wp-json\/wp\/v2\/pages\/5924"}],"collection":[{"href":"https:\/\/marketingplatform.com\/da\/wp-json\/wp\/v2\/pages"}],"about":[{"href":"https:\/\/marketingplatform.com\/da\/wp-json\/wp\/v2\/types\/page"}],"author":[{"embeddable":true,"href":"https:\/\/marketingplatform.com\/da\/wp-json\/wp\/v2\/users\/50"}],"replies":[{"embeddable":true,"href":"https:\/\/marketingplatform.com\/da\/wp-json\/wp\/v2\/comments?post=5924"}],"version-history":[{"count":4,"href":"https:\/\/marketingplatform.com\/da\/wp-json\/wp\/v2\/pages\/5924\/revisions"}],"predecessor-version":[{"id":54780,"href":"https:\/\/marketingplatform.com\/da\/wp-json\/wp\/v2\/pages\/5924\/revisions\/54780"}],"wp:attachment":[{"href":"https:\/\/marketingplatform.com\/da\/wp-json\/wp\/v2\/media?parent=5924"}],"wp:term":[{"taxonomy":"category","embeddable":true,"href":"https:\/\/marketingplatform.com\/da\/wp-json\/wp\/v2\/categories?post=5924"},{"taxonomy":"post_tag","embeddable":true,"href":"https:\/\/marketingplatform.com\/da\/wp-json\/wp\/v2\/tags?post=5924"},{"taxonomy":"yst_prominent_words","embeddable":true,"href":"https:\/\/marketingplatform.com\/da\/wp-json\/wp\/v2\/yst_prominent_words?post=5924"}],"curies":[{"name":"wp","href":"https:\/\/api.w.org\/{rel}","templated":true}]}}