{"id":5918,"date":"2017-04-13T10:12:32","date_gmt":"2017-04-13T08:12:32","guid":{"rendered":"https:\/\/marketingplatform.com\/?page_id=5918\/"},"modified":"2020-04-23T15:17:52","modified_gmt":"2020-04-23T13:17:52","slug":"transactional-mails","status":"publish","type":"page","link":"https:\/\/marketingplatform.com\/da\/transactional-mails\/","title":{"rendered":"Transactional Mails &#8211; udvidet SMTP"},"content":{"rendered":"<p>[et_pb_section fb_built=&#8221;1&#8243; admin_label=&#8221;section&#8221; _builder_version=&#8221;3.22&#8243; transparent_background=&#8221;off&#8221;][et_pb_row admin_label=&#8221;row&#8221; _builder_version=&#8221;3.25&#8243; background_size=&#8221;initial&#8221; background_position=&#8221;top_left&#8221; background_repeat=&#8221;repeat&#8221;][et_pb_column type=&#8221;4_4&#8243; _builder_version=&#8221;3.25&#8243; custom_padding=&#8221;|||&#8221; custom_padding__hover=&#8221;|||&#8221;][et_pb_text admin_label=&#8221;Text&#8221; _builder_version=&#8221;3.27.4&#8243; background_size=&#8221;initial&#8221; background_position=&#8221;top_left&#8221; background_repeat=&#8221;repeat&#8221; use_border_color=&#8221;off&#8221; border_color=&#8221;#ffffff&#8221; border_style=&#8221;solid&#8221;]<\/p>\n<h1>Transactional Mails \u2013 Udvidet SMTP<\/h1>\n<p><img decoding=\"async\" loading=\"lazy\" class=\"scale-with-grid alignright image-border\" title=\"\" src=\"..\/..\/wp-content\/uploads\/2017\/04\/transactionalmails-mailplatform.png\" alt=\"\" width=\"483\" height=\"350\">Transaktionelle mails er mails baseret p\u00e5 h\u00e6ndelser.<\/p>\n<p>Ofte skal h\u00e6ndelserne v\u00e6re betinget af en interaktion fra modtageren.<\/p>\n<p>Med andre ord, modtageren har lige foretaget en handling overfor din virksomhed.<\/p>\n<p>Det kan v\u00e6re at k\u00f8be noget i en webshop, modtage en faktura fra et \u00f8konomisystem, have foretaget en handling i noget egetudviklet software &#8211; eller noget helt fjerde der udl\u00f8ser behovet for at sende vedkommende en mail.<\/p>\n<p>Hos MarketingPlatform har vi en dedikeret l\u00f8sning til disse mails.<\/p>\n<p>En standard l\u00f8sning, der giver en garanteret levering af din virksomheds vigtige mails.<\/p>\n<p>[\/et_pb_text][\/et_pb_column][\/et_pb_row][et_pb_row column_structure=&#8221;1_5,1_5,1_5,1_5,1_5&#8243; module_class=&#8221;custom_row&#8221; _builder_version=&#8221;4.4.0&#8243; width_tablet=&#8221;80%&#8221; width_phone=&#8221;&#8221; width_last_edited=&#8221;on|phone&#8221; max_width_tablet=&#8221;1024px&#8221; max_width_phone=&#8221;&#8221; max_width_last_edited=&#8221;on|desktop&#8221; module_alignment=&#8221;center&#8221; custom_padding=&#8221;50px||50px||false|false&#8221;][et_pb_column type=&#8221;1_5&#8243; _builder_version=&#8221;4.4.0&#8243;][et_pb_image src=&#8221;https:\/\/marketingplatform.com\/wp-content\/uploads\/2019\/11\/verisure.png&#8221; align_tablet=&#8221;center&#8221; align_phone=&#8221;&#8221; align_last_edited=&#8221;on|phone&#8221; _builder_version=&#8221;4.4.0&#8243; max_width=&#8221;92%&#8221; max_width_tablet=&#8221;65%&#8221; max_width_phone=&#8221;50%&#8221; max_width_last_edited=&#8221;on|desktop&#8221; module_alignment=&#8221;center&#8221; custom_padding=&#8221;6px||||false|false&#8221;][\/et_pb_image][\/et_pb_column][et_pb_column type=&#8221;1_5&#8243; _builder_version=&#8221;4.4.0&#8243;][et_pb_image src=&#8221;https:\/\/marketingplatform.com\/wp-content\/uploads\/2019\/03\/med24-logo.png&#8221; align_tablet=&#8221;center&#8221; align_phone=&#8221;&#8221; align_last_edited=&#8221;on|phone&#8221; _builder_version=&#8221;4.4.0&#8243; max_width=&#8221;72%&#8221; max_width_tablet=&#8221;65%&#8221; max_width_phone=&#8221;50%&#8221; max_width_last_edited=&#8221;on|tablet&#8221; module_alignment=&#8221;center&#8221;][\/et_pb_image][\/et_pb_column][et_pb_column type=&#8221;1_5&#8243; _builder_version=&#8221;4.4.0&#8243;][et_pb_image src=&#8221;https:\/\/marketingplatform.com\/wp-content\/uploads\/2020\/03\/danishcrown.png&#8221; align=&#8221;center&#8221; align_tablet=&#8221;&#8221; align_phone=&#8221;&#8221; align_last_edited=&#8221;on|phone&#8221; _builder_version=&#8221;4.4.0&#8243; max_width=&#8221;68%&#8221; max_width_tablet=&#8221;62%&#8221; max_width_phone=&#8221;46%&#8221; max_width_last_edited=&#8221;on|tablet&#8221; module_alignment=&#8221;center&#8221; custom_margin=&#8221;-7px||||false|false&#8221;][\/et_pb_image][\/et_pb_column][et_pb_column type=&#8221;1_5&#8243; _builder_version=&#8221;4.4.0&#8243;][et_pb_image src=&#8221;https:\/\/marketingplatform.com\/wp-content\/uploads\/2019\/08\/cykelpartner.png&#8221; align_tablet=&#8221;center&#8221; align_phone=&#8221;&#8221; align_last_edited=&#8221;on|phone&#8221; _builder_version=&#8221;4.4.0&#8243; max_width=&#8221;100%&#8221; max_width_tablet=&#8221;60%&#8221; max_width_phone=&#8221;45%&#8221; max_width_last_edited=&#8221;on|desktop&#8221; module_alignment=&#8221;center&#8221; custom_padding=&#8221;15px||||false|false&#8221;][\/et_pb_image][\/et_pb_column][et_pb_column type=&#8221;1_5&#8243; _builder_version=&#8221;4.4.0&#8243; custom_padding=&#8221;||||false|false&#8221;][et_pb_image src=&#8221;https:\/\/marketingplatform.com\/wp-content\/uploads\/2019\/10\/olivers-dk.png&#8221; align_tablet=&#8221;center&#8221; align_phone=&#8221;&#8221; align_last_edited=&#8221;on|phone&#8221; _builder_version=&#8221;4.4.0&#8243; width=&#8221;75%&#8221; max_width=&#8221;100%&#8221; max_width_tablet=&#8221;65%&#8221; max_width_phone=&#8221;50%&#8221; max_width_last_edited=&#8221;on|desktop&#8221; module_alignment=&#8221;center&#8221; custom_padding=&#8221;3px||||false|false&#8221;][\/et_pb_image][\/et_pb_column][\/et_pb_row][et_pb_row admin_label=&#8221;row&#8221; _builder_version=&#8221;3.25&#8243; background_size=&#8221;initial&#8221; background_position=&#8221;top_left&#8221; background_repeat=&#8221;repeat&#8221;][et_pb_column type=&#8221;4_4&#8243; _builder_version=&#8221;3.25&#8243; custom_padding=&#8221;|||&#8221; custom_padding__hover=&#8221;|||&#8221;][et_pb_text admin_label=&#8221;Text&#8221; _builder_version=&#8221;3.27.4&#8243; background_size=&#8221;initial&#8221; background_position=&#8221;top_left&#8221; background_repeat=&#8221;repeat&#8221; use_border_color=&#8221;off&#8221; border_style=&#8221;solid&#8221;]<\/p>\n<h4><img decoding=\"async\" loading=\"lazy\" class=\"scale-with-grid alignleft image-border\" title=\"\" src=\"..\/..\/wp-content\/uploads\/2017\/04\/transactional-mailplatform-someips.png\" alt=\"\" width=\"213\" height=\"179\" \/>Hvilke typer af mails sendes som transaktionelle mails<\/h4>\n<p>Alle mails, der ikke har karakter af en masseudsendelse, har lov til at betr\u00e6de det hellige omr\u00e5de vi kalder for udsendelse af transaktionelle mails. Omr\u00e5det er omfattet af specielle certificeringer, der fort\u00e6ller de modtagne mailservere, at mails udsendt herfra skal behandles som en h\u00e5ndskreven besked.<\/p>\n<p>Som du kan l\u00e6se, v\u00e6rner vi ogs\u00e5 enormt meget om leveringssikkerheden for disse mails. Faktisk har vi aldrig h\u00f8rt fra en kunde, at disse mails har landet andre steder end i modtagerens indbakke. Og det er vigtigt for dine fakturaer, ordrebekr\u00e6ftelser og lignende transaktionelle dokumenter.<\/p>\n<p>[\/et_pb_text][\/et_pb_column][\/et_pb_row][et_pb_row admin_label=&#8221;row&#8221; _builder_version=&#8221;3.25&#8243; background_size=&#8221;initial&#8221; background_position=&#8221;top_left&#8221; background_repeat=&#8221;repeat&#8221;][et_pb_column type=&#8221;4_4&#8243; _builder_version=&#8221;3.25&#8243; custom_padding=&#8221;|||&#8221; custom_padding__hover=&#8221;|||&#8221;][et_pb_text admin_label=&#8221;Text&#8221; _builder_version=&#8221;3.27.4&#8243; background_size=&#8221;initial&#8221; background_position=&#8221;top_left&#8221; background_repeat=&#8221;repeat&#8221; use_border_color=&#8221;off&#8221; border_style=&#8221;solid&#8221;]<\/p>\n<h4>Hvordan virker funktionen<\/h4>\n<p>Transaktionelle mails kan udsendes med MarketingPlatform systemet, eller direkte fra din virksomheds eget system, s\u00e5dan som beskrevet tidligere i denne artikel. Det er enkelt at aflevere mails til MarketingPlatform, fra egne systemer. Det sker ved at udskifte den udg\u00e5ende mailserver med vores SMTP. Typisk en operation der tager 5-10 minutter for kunden.<\/p>\n<p>MarketingPlatform kan ogs\u00e5 modtage informationerne til den transaktionelle mail gennem vores API. Og automatisk flette oplysningerne med en grafisk skabelon. For blot at n\u00e6vne nogle forskellige muligheder. Gennem SMTP er der ogs\u00e5 flere, omend lidt mere begr\u00e6nsede muligheder, for at tilf\u00f8je grafiske elementer og styling gennem HTML. Vores tekniske team h\u00e5ndterer alt det tekniske. Din virksomhed skal blot fort\u00e6lle hvad I \u00f8nsker, s\u00e5 klarer vi eller en af vore dygtige partnere det.<\/p>\n<h4>Rapportering<\/h4>\n<p>Det er naturligvis muligt at se, hvordan de udsendte mails har klaret sig. Statistikken kan fort\u00e6lle om \u00e5bningsrater, klikrater og hvilke adresser der ikke er gyldige. De ikke gyldige adresser kaldes ogs\u00e5 for bounces i email marketing termer. Man skelner mellem soft bounce og hard bounce. Den bl\u00f8de variant er feks en mailadresse der er fyldt, ikke svarer og lignende forventelige midlertidige tilstande. Et hard bounce er en ugyldig adresse, hvor dom\u00e6net enten er oph\u00f8rt eller selve adressen f\u00f8r @ er slettet.<\/p>\n<p>Rapporteringen kan hentes ud af systemet, og anvendes i interne v\u00e6rkt\u00f8jer, feks et intranet til vidensdeling og intern rapportering. Ugyldige adresser kan ligeledes hentes, og dermed anvendes til at opdatere interne kundekartoteker. Virksomheder der sender til andre virksomheder (B2B), vil ofte kontakte de ugyldige adresser, for at f\u00e5 opdateret kontaktpersonen og dermed sikre samhandlen.<\/p>\n<p>[\/et_pb_text][\/et_pb_column][\/et_pb_row][et_pb_row admin_label=&#8221;row&#8221; _builder_version=&#8221;3.25&#8243; background_size=&#8221;initial&#8221; background_position=&#8221;top_left&#8221; background_repeat=&#8221;repeat&#8221;][et_pb_column type=&#8221;4_4&#8243; _builder_version=&#8221;3.25&#8243; custom_padding=&#8221;|||&#8221; custom_padding__hover=&#8221;|||&#8221;][et_pb_text admin_label=&#8221;Text&#8221; _builder_version=&#8221;3.27.4&#8243; background_size=&#8221;initial&#8221; background_position=&#8221;top_left&#8221; background_repeat=&#8221;repeat&#8221; use_border_color=&#8221;off&#8221; border_style=&#8221;solid&#8221;]<\/p>\n<p><img decoding=\"async\" class=\"full-width aligncenter image-border\" src=\"..\/..\/wp-content\/uploads\/2017\/04\/transactionalmails-mailplatform-deliveryreport.png\" alt=\"\" border=\"0\" \/><\/p>\n<h4><\/h4>\n<h4>Kom i gang med transaktionelle mails<\/h4>\n<p>Kontakt os telefonisk p\u00e5 72 44 44 44 eller p\u00e5 support@mailplatform.dk for at h\u00f8re mere. L\u00f8sningen koster 450 kr pr m\u00e5ned, udover den mailvolumen der udsendes. Volumen kan blandes med <a href=\"https:\/\/marketingplatform.com\/da\/priser\/\">abonnementerne<\/a> til udsendelse af nyhedsbreve.<\/p>\n<p>Der medf\u00f8lger sparring og hj\u00e6lp til ops\u00e6tning. Derudover vil en leveringsekspert hj\u00e6lpe med en analyse af jeres data, for at sikre den optimale leveringssikkerhed. Dette koster ikke ekstra.<\/p>\n<p>[\/et_pb_text][\/et_pb_column][\/et_pb_row][\/et_pb_section][et_pb_section fb_built=&#8221;1&#8243; custom_padding_last_edited=&#8221;on|phone&#8221; module_class=&#8221;ressourcer-signup&#8221; _builder_version=&#8221;4.0.2&#8243; background_color=&#8221;#dee7f1&#8243; custom_padding=&#8221;7%||&#8221; custom_padding_tablet=&#8221;12%||||false|false&#8221; custom_padding_phone=&#8221;17%||||false|false&#8221; top_divider_style=&#8221;asymmetric2&#8243; top_divider_color=&#8221;#ffffff&#8221; top_divider_height=&#8221;60px&#8221; global_module=&#8221;19033&#8243;][et_pb_row _builder_version=&#8221;3.25&#8243; background_size=&#8221;initial&#8221; background_position=&#8221;top_left&#8221; background_repeat=&#8221;repeat&#8221; custom_margin=&#8221;||10px&#8221; custom_padding=&#8221;||10px&#8221;][et_pb_column type=&#8221;4_4&#8243; _builder_version=&#8221;3.25&#8243; custom_padding=&#8221;|||&#8221; custom_padding__hover=&#8221;|||&#8221;][et_pb_text _builder_version=&#8221;4.0.2&#8243; text_orientation=&#8221;center&#8221;]<\/p>\n<h2 style=\"font-style: normal;\">Pr\u00f8v MarketingPlatform gratis i 14 dage<\/h2>\n<p style=\"font-style: normal;\">Pr\u00f8veperioden er gratis, helt uforpligtende og udl\u00f8ber efter 14 dage, hvis du ikke \u00f8nsker at forts\u00e6tte.<br \/> Ved tilmelding modtager du samtidig vores uddannelsesflow p\u00e5 en serie af mails \u2013 og vores nyhedsbrev.<\/p>\n<p>[\/et_pb_text][\/et_pb_column][\/et_pb_row][et_pb_row _builder_version=&#8221;4.0.2&#8243;][et_pb_column type=&#8221;4_4&#8243; _builder_version=&#8221;4.0.2&#8243;][et_pb_code _builder_version=&#8221;4.0.2&#8243; text_orientation=&#8221;center&#8221;]<a href=\"https:\/\/marketingplatform.com\/da\/gratis-proeveversion\/\" class=\"green-btn2\" style=\"background:#09cd6f; padding:18px 60px; margin-bottom:10px!important;\">Pr\u00f8v os gratis nu<\/a> <a href=\"https:\/\/marketingplatform.com\/da\/book-emailplatform-demo\/\" class=\"green-btn2\" style=\"background:#0daae2; padding:18px 70px;\">Book demo<\/a>[\/et_pb_code][\/et_pb_column][\/et_pb_row][et_pb_row _builder_version=&#8221;4.0.2&#8243; max_width=&#8221;768px&#8221; custom_margin=&#8221;15px||0px||false|false&#8221; custom_padding=&#8221;0px||0px&#8221; use_custom_width=&#8221;on&#8221; custom_width_px=&#8221;768px&#8221;][et_pb_column type=&#8221;4_4&#8243; _builder_version=&#8221;3.25&#8243; custom_padding=&#8221;|||&#8221; custom_padding__hover=&#8221;|||&#8221;][et_pb_code _builder_version=&#8221;4.0.2&#8243;]<\/p>\n<div class=\"awards-align\" ><!-- [et_pb_line_break_holder] --><\/p>\n<div style=\"float:left; width:14%; text-align:right;   margin-right: 2%;\"><!-- [et_pb_line_break_holder] --><img decoding=\"async\" src=\"https:\/\/marketingplatform.com\/wp-content\/uploads\/2020\/01\/primotours.png\" width=\"56\" style=\"margin:10px 20px 20px 0px;\"><!-- [et_pb_line_break_holder] --><\/div>\n<p><!-- [et_pb_line_break_holder] --><\/p>\n<div style=\"float:left; width:20%; text-align:center;    margin-right: 4%;\"><!-- [et_pb_line_break_holder] --><img decoding=\"async\" src=\"https:\/\/marketingplatform.com\/wp-content\/uploads\/2019\/11\/med24-gray.png\" width=\"100\" style=\"margin:20px 0px 20px 10px;\"><!-- [et_pb_line_break_holder] --><\/div>\n<p><!-- [et_pb_line_break_holder] --><\/p>\n<div style=\"float:left; width:18%;    margin-right: 1%;\"><!-- [et_pb_line_break_holder] --><img decoding=\"async\" src=\"https:\/\/marketingplatform.com\/wp-content\/uploads\/2019\/08\/cykelpartner-logo.png\" width=\"180\" style=\"margin:29px 20px 20px 0px;\"><!-- [et_pb_line_break_holder] --><\/div>\n<p><!-- [et_pb_line_break_holder] --><\/p>\n<div style=\"float:left; width:20%; text-align:center;     margin-right: 1%;\"><!-- [et_pb_line_break_holder] --><img decoding=\"async\" src=\"https:\/\/marketingplatform.com\/wp-content\/uploads\/2019\/04\/aldi-grey.png\" width=\"50\" style=\"margin:10px 0px 20px 0px;\"><!-- [et_pb_line_break_holder] --><\/div>\n<p><!-- [et_pb_line_break_holder] --><\/p>\n<div style=\"float:left; width:18%;      margin-right: 2%;  text-align: center;\"><!-- [et_pb_line_break_holder] --><img decoding=\"async\" src=\"https:\/\/marketingplatform.com\/wp-content\/uploads\/2019\/02\/verisure-logo.png\" width=\"120\" style=\"margin:18px 0px 20px 0px;\"><!-- [et_pb_line_break_holder] --><\/div>\n<p><!-- [et_pb_line_break_holder] --><\/div>\n<p>[\/et_pb_code][\/et_pb_column][\/et_pb_row][\/et_pb_section]<\/p>\n","protected":false},"excerpt":{"rendered":"<p>Transactional Mails \u2013 Udvidet SMTP Transaktionelle mails er mails baseret p\u00e5 h\u00e6ndelser. Ofte skal h\u00e6ndelserne v\u00e6re betinget af en interaktion fra modtageren. Med andre ord, modtageren har lige foretaget en handling overfor din virksomhed. Det kan v\u00e6re at k\u00f8be noget i en webshop, modtage en faktura fra et \u00f8konomisystem, have foretaget en handling i noget [&hellip;]<\/p>\n","protected":false},"author":50,"featured_media":0,"parent":0,"menu_order":0,"comment_status":"closed","ping_status":"closed","template":"","meta":{"_et_pb_use_builder":"on","_et_pb_old_content":"<img class=\"scale-with-grid alignright\" title=\"\" src=\"https:\/\/marketingplatform.com\/wp-content\/uploads\/2017\/04\/transactionalmails-mailplatform.png\" alt=\"\" width=\"483\" height=\"350\" \/>Transaktionelle mails er mails baseret p\u00e5 h\u00e6ndelser.\r\n\r\nOfte skal h\u00e6ndelserne v\u00e6re betinget af en interaktion fra modtageren. Med andre ord, modtageren har lige foretaget en handling overfor din virksomhed. Det kan v\u00e6re at k\u00f8be noget i en webshop, modtage en faktura fra et \u00f8konomisystem, have foretaget en handling i noget egetudviklet software - eller noget helt fjerde der udl\u00f8ser behovet for at sende vedkommende en mail.\r\n\r\nHos MailPlatform har vi en dedikeret l\u00f8sning til disse mails. En standard l\u00f8sning, der giver en garanteret levering af din virksomheds vigtige mails.\r\n\r\n<br><\/br>\r\n<img class=\"full-width\" src=\"https:\/\/marketingplatform.com\/wp-content\/uploads\/2017\/04\/mailplatform-white-reference-650px-2.png\" alt=\"\" border=\"0\" \/>\r\n<br><\/br>\r\n\r\n<img class=\"scale-with-grid alignleft\" title=\"\" src=\"https:\/\/marketingplatform.com\/wp-content\/uploads\/2017\/04\/transactional-mailplatform-someips.png\" alt=\"\" width=\"213\" height=\"179\" \/><strong>Hvilke typer af mails sendes som transaktionelle mails<\/strong>\r\nAlle mails, der ikke har karakter af en masseudsendelse, har lov til at betr\u00e6de det hellige omr\u00e5de vi kalder for udsendelse af transaktionelle mails. Omr\u00e5det er omfattet af specielle certificeringer, der fort\u00e6ller de modtagne mailservere, at mails udsendt herfra skal behandles som en h\u00e5ndskreven besked.\r\n\r\nSom du kan l\u00e6se, v\u00e6rner vi ogs\u00e5 enormt meget om <a href=\"https:\/\/mailplatform.dk\/certificeret-emailmarketing-udbyder\/\">leveringssikkerheden<\/a> for disse mails. Faktisk har vi aldrig h\u00f8rt fra en kunde, at disse mails har landet andre steder end i modtagerens indbakke. Og det er vigtigt for dine fakturaer, ordrebekr\u00e6ftelser og lignende transaktionelle dokumenter.\r\n<h2>Pr\u00f8v MailPlatform gratis -\u00a0og f\u00e5 succes med dine nyhedsbreve<\/h2>\r\n<h3>Du tilmelder dig p\u00e5 10\u00a0sekunder - uden brug af kreditkort - skriv trygt din email i feltet herunder<\/h3>\r\nBlandt kunderne, der anvender MailPlatform til at forbedre deres kommunikation, er Applus, Bauhaus, Billetlugen, CBS, \u00a0EGMONT, Gallup, Jensens B\u00f8fhus, Kop & Kande, LEGO, Leo Pharma, Lions, Merck, Mr., Sampension, UNICEF og \u00c6ldresagen.\r\n\r\n<br><\/br>\r\n[widget id=\"text-183\"]\r\n<br><\/br>\r\n\r\n<strong>Hvordan virker funktionen<\/strong>\r\nTransaktionelle mails kan udsendes med MailPlatform systemet, eller direkte fra din virksomheds eget system, s\u00e5dan som beskrevet tidligere i denne artikel. Det er enkelt at aflevere mails til MailPlatform, fra egne systemer. Det sker ved at udskifte den udg\u00e5ende mailserver med vores SMTP. Typisk en operation der tager 5-10 minutter for kunden.\r\n\r\nMailPlatform kan ogs\u00e5 modtage informationerne til den transaktionelle mail gennem vores API. Og automatisk flette oplysningerne med en grafisk skabelon. For blot at n\u00e6vne nogle forskellige muligheder. Gennem SMTP er der ogs\u00e5 flere, omend lidt mere begr\u00e6nsede muligheder, for at tilf\u00f8je grafiske elementer og styling gennem HTML. Vores tekniske team h\u00e5ndterer alt det tekniske. Din virksomhed skal blot fort\u00e6lle hvad I \u00f8nsker, s\u00e5 klarer vi eller en af vore dygtige partnere det.\r\n\r\n<strong>Rapportering<\/strong>\r\nDet er naturligvis muligt at se, hvordan de udsendte mails har klaret sig. Statistikken kan fort\u00e6lle om \u00e5bningsrater, klikrater og hvilke adresser der ikke er gyldige. De ikke gyldige adresser kaldes ogs\u00e5 for bounces i email marketing termer. Man skelner mellem soft bounce og hard bounce. Den bl\u00f8de variant er feks en mailadresse der er fyldt, ikke svarer og lignende forventelige midlertidige tilstande. Et hard bounce er en ugyldig adresse, hvor dom\u00e6net enten er oph\u00f8rt eller selve adressen f\u00f8r @ er slettet.\r\n\r\nRapporteringen kan hentes ud af systemet, og anvendes i interne v\u00e6rkt\u00f8jer, feks et intranet til vidensdeling og intern rapportering. Ugyldige adresser kan ligeledes hentes, og dermed anvendes til at opdatere interne kundekartoteker. Virksomheder der sender til andre virksomheder (B2B), vil ofte kontakte de ugyldige adresser, for at f\u00e5 opdateret kontaktpersonen og dermed sikre samhandlen.\r\n\r\n<br><\/br>\r\n<img class=\"full-width aligncenter\" src=\"https:\/\/marketingplatform.com\/wp-content\/uploads\/2017\/04\/transactionalmails-mailplatform-deliveryreport.png\" alt=\"\" border=\"0\" \/>\r\n\r\n<br><\/br>\r\n<strong>Kom i gang med transaktionelle mails<\/strong>\r\nKontakt os telefonisk p\u00e5 72 44 44 44 eller p\u00e5 support@mailplatform.dk for at h\u00f8re mere. L\u00f8sningen koster 350 kr pr m\u00e5ned, udover den mailvolumen der udsendes. Volumen kan blandes med <a href=\"https:\/\/mailplatform.dk\/priser-mailplatform\/\">abonnementerne<\/a> til udsendelse af nyhedsbreve.\r\n\r\nDer medf\u00f8lger sparring og hj\u00e6lp til ops\u00e6tning. Derudover vil en leveringsekspert hj\u00e6lpe med en analyse af jeres data, for at sikre den optimale leveringssikkerhed. Dette koster ikke ekstra.","_et_gb_content_width":"","footnotes":""},"categories":[],"tags":[],"yst_prominent_words":[451,477,211,473,4878,4905,77,81,2206,4872,2205,4928,4871,214,206,934,4881,2192,448,224],"_links":{"self":[{"href":"https:\/\/marketingplatform.com\/da\/wp-json\/wp\/v2\/pages\/5918"}],"collection":[{"href":"https:\/\/marketingplatform.com\/da\/wp-json\/wp\/v2\/pages"}],"about":[{"href":"https:\/\/marketingplatform.com\/da\/wp-json\/wp\/v2\/types\/page"}],"author":[{"embeddable":true,"href":"https:\/\/marketingplatform.com\/da\/wp-json\/wp\/v2\/users\/50"}],"replies":[{"embeddable":true,"href":"https:\/\/marketingplatform.com\/da\/wp-json\/wp\/v2\/comments?post=5918"}],"version-history":[{"count":5,"href":"https:\/\/marketingplatform.com\/da\/wp-json\/wp\/v2\/pages\/5918\/revisions"}],"predecessor-version":[{"id":56182,"href":"https:\/\/marketingplatform.com\/da\/wp-json\/wp\/v2\/pages\/5918\/revisions\/56182"}],"wp:attachment":[{"href":"https:\/\/marketingplatform.com\/da\/wp-json\/wp\/v2\/media?parent=5918"}],"wp:term":[{"taxonomy":"category","embeddable":true,"href":"https:\/\/marketingplatform.com\/da\/wp-json\/wp\/v2\/categories?post=5918"},{"taxonomy":"post_tag","embeddable":true,"href":"https:\/\/marketingplatform.com\/da\/wp-json\/wp\/v2\/tags?post=5918"},{"taxonomy":"yst_prominent_words","embeddable":true,"href":"https:\/\/marketingplatform.com\/da\/wp-json\/wp\/v2\/yst_prominent_words?post=5918"}],"curies":[{"name":"wp","href":"https:\/\/api.w.org\/{rel}","templated":true}]}}