{"id":58980,"date":"2020-06-26T12:27:41","date_gmt":"2020-06-26T10:27:41","guid":{"rendered":"https:\/\/marketingplatform.com\/?page_id=58980"},"modified":"2020-07-31T08:30:00","modified_gmt":"2020-07-31T06:30:00","slug":"mobilen-har-mistet-terraen","status":"publish","type":"page","link":"https:\/\/marketingplatform.com\/da\/artikler-presse\/mobilen-har-mistet-terraen\/","title":{"rendered":"Mobilen har mistet terr\u00e6n &#8211; flere tilv\u00e6lger igen computeren"},"content":{"rendered":"<p>[et_pb_section fb_built=&#8221;1&#8243; _builder_version=&#8221;4.4.0&#8243;][et_pb_row _builder_version=&#8221;4.4.0&#8243;][et_pb_column type=&#8221;4_4&#8243; _builder_version=&#8221;4.4.0&#8243;][et_pb_text _builder_version=&#8221;4.4.0&#8243;]<\/p>\n<h4><strong>PRESS RELEASE<\/strong><\/h4>\n<p><strong style=\"font-size: 18px;\"><\/strong><\/p>\n<p><strong style=\"font-size: 18px;\">MarketingPlatform<\/strong><\/p>\n<p><strong style=\"font-size: 18px;\">Vejen, Danmark &#8211; 31st July 2020<\/strong><\/p>\n<p>&nbsp;<\/p>\n<p><b><\/b><\/p>\n<p><b><\/b><\/p>\n<p><span style=\"font-size: xx-large;\"><b>Mobilen har mistet terr\u00e6n &#8211; flere tilv\u00e6lger igen computeren<\/b><\/span><\/p>\n<p>&nbsp;<\/p>\n<p><b>I en tid hvor Verden bliver mere og mere mobil, viser en dansk unders\u00f8gelse, at mobilen mister terr\u00e6n indenfor email markedsf\u00f8ring<\/b><\/p>\n<p><span style=\"font-weight: 400;\">Den danske virksomhed MarketingPlatform, der servicerer flere af de st\u00f8rste danske afsendere af nyhedsbreve, har netop offentliggjort en unders\u00f8gelse baseret p\u00e5 et par milliarder udsendelser. Unders\u00f8gelsen er den eneste af sin art med danske tal.\u00a0<\/span><\/p>\n<p><span style=\"font-weight: 400;\">MarketingPlatform har udviklet en s\u00e5kaldt marketing automation l\u00f8sning, der kan orkestrere virksomhedernes digitale markedsf\u00f8ring p\u00e5 mange kanaler. Herunder email markedsf\u00f8ring &#8211; ogs\u00e5 kendt som nyhedsbreve.<\/span><\/p>\n<p>&nbsp;<\/p>\n<p><b>Mobilen har mistet terr\u00e6n det seneste \u00e5r<\/b><\/p>\n<p><span style=\"font-weight: 400;\">Tilbage i 2018 peakede antallet af danske forbrugere, der \u00e5bnede nyhedsbreve p\u00e5 deres smartphone. Faktisk var gennemsnittet helt oppe og kysse 70%. Et tal der siden er faldet til maksimalt 55% for virksomheder med fysiske butikker.<\/span><\/p>\n<p><span style=\"font-weight: 400;\">Faktisk viser unders\u00f8gelsen, at netop virksomheder med fysiske butikker, det kan v\u00e6re t\u00f8jbutikker, dagligvarebutikker og restauranter, holder langt bedre p\u00e5 deres abonnementer, end virksomheder der alene findes p\u00e5 Internettet. Tre ganske s\u00e5 mange forbrugere afmelder sig hver m\u00e5ned kommunikation fra virksomheder, der alene findes online, som fra virksomheder der ogs\u00e5 har fysiske butikker.<\/span><\/p>\n<p>&nbsp;<\/p>\n<p><b>Mobilen er ogs\u00e5 der hvor modtagerne er mest trol\u00f8se<\/b><\/p>\n<p><span style=\"font-weight: 400;\">En anden interessant betragtning er, hvor mange modtagere der afmelder sig de modtagne nyhedsbreve. Vi har lige beskrevet, hvordan der er store forskelle mellem fysiske virksomheder og rene netbutikker. Men ogs\u00e5 mellem de forskellige enheder en forbruger anvender til at l\u00e6se deres nyhedsbreve p\u00e5, er der store forskelle.<\/span><\/p>\n<p><span style=\"font-weight: 400;\">Faktisk afmelder en tredjedel flere et nyhedsbrev, i forhold til andel der \u00e5bner, n\u00e5r nyhedsbrevet l\u00e6ses p\u00e5 mobilen.<\/span><\/p>\n<p><span style=\"font-weight: 400;\">\u201cDet undrede os enormt meget, at s\u00e5 mange flere afmelder sig, n\u00e5r de l\u00e6ser nyhedsbreve p\u00e5 mobilen, frem for hvis det l\u00e6ses p\u00e5 en computer eller en tablet\u201d, fort\u00e6ller grundl\u00e6gger af MarketingPlatform, Kim \u00d8stergaard.<\/span><\/p>\n<p><span style=\"font-weight: 400;\">Modsat er forbrugere med en tablet de mest trofaste. Her afmelder kun halvt s\u00e5 mange sig, i forhold til andelen der \u00e5bner, som hvis de havde \u00e5bnet nyhedsbrevet p\u00e5 en mobiltelefon. Modtagere der l\u00e6ser deres mails p\u00e5 en computer placerer sig lige midt imellem, n\u00e5r det g\u00e6lder lysten til at afmelde.<\/span><\/p>\n<p>&nbsp;<\/p>\n<p><i><span style=\"font-weight: 400;\">For mere information<\/span><\/i><\/p>\n<p><span style=\"font-weight: 400;\">Kim \u00d8stergaard, <\/span><a href=\"mailto:kim@marketingplatform.com\"><span style=\"font-weight: 400;\">kim@marketingplatform.com<\/span><\/a><span style=\"font-weight: 400;\"> eller mobil +45 42 55 55 55<\/span><\/p>\n<p>&nbsp;<\/p>\n<p><span style=\"font-weight: 400;\">Tallene baserer sig p\u00e5 en unders\u00f8gelse af mere end 2 milliarder udsendelser til danske modtagere. Tallene n\u00e6vnt i % i denne artikel refererer alle til maj m\u00e5ned 2020. Tallene er renset for udsendelser mellem virksomheder, og er alene s\u00e5kaldte B2C udsendelser hvor en virksomheder sender til privat personer.<\/span><\/p>\n<p>&nbsp;<\/p>\n<p><span style=\"font-weight: 400;\">Link til slides og et optaget webinar med pr\u00e6sentation af unders\u00f8gelsen:<\/span><\/p>\n<p><a href=\"https:\/\/marketingplatform.com\/da\/webinars\/temperaturen-paa-email-marketing-2020-i-danmark\/\"><span style=\"font-weight: 400;\">https:\/\/marketingplatform.com\/da\/webinars\/temperaturen-paa-email-marketing-2020-i-danmark\/<\/span><\/a><\/p>\n<p>&nbsp;<\/p>\n<p><a href=\"mailto:support@marketingplatform.com\"><span style=\"font-weight: 400;\"><\/span><\/a><\/p>\n<p><span style=\"font-size: 14px;\"><strong>Presse henvendelser:<\/strong><\/span><\/p>\n<p>&nbsp;<\/p>\n<p><span style=\"font-weight: 400;\"><\/span><span style=\"font-weight: 400;\">Matthew Ogden<\/span><br \/> <span style=\"font-weight: 400;\">Director of Marketing &amp; Communications<\/span><br \/> <span style=\"font-weight: 400;\">+45 25 94 44 48<\/span><br \/> <a href=\"mailto:matthew@marketingplatform.com\"><span style=\"font-weight: 400;\">matthew@marketingplatform.com<\/span><\/a><\/p>\n<p>&nbsp;<\/p>\n<p>[\/et_pb_text][\/et_pb_column][\/et_pb_row][\/et_pb_section]<\/p>\n","protected":false},"excerpt":{"rendered":"<p>PRESS RELEASE MarketingPlatform Vejen, Danmark &#8211; 31st July 2020 &nbsp; Mobilen har mistet terr\u00e6n &#8211; flere tilv\u00e6lger igen computeren &nbsp; I en tid hvor Verden bliver mere og mere mobil, viser en dansk unders\u00f8gelse, at mobilen mister terr\u00e6n indenfor email markedsf\u00f8ring Den danske virksomhed MarketingPlatform, der servicerer flere af de st\u00f8rste danske afsendere af nyhedsbreve, [&hellip;]<\/p>\n","protected":false},"author":50,"featured_media":0,"parent":4520,"menu_order":0,"comment_status":"closed","ping_status":"closed","template":"","meta":{"_et_pb_use_builder":"on","_et_pb_old_content":"","_et_gb_content_width":"","footnotes":""},"categories":[11954],"tags":[16110,16104,16100,16101,16112,16105,16102,16107,16099,16108,16106,16111,16103],"yst_prominent_words":[16098,16093,4872,16094,2280,16089,16091,16088,16085,16096,4873,93,16095,16097,4881,387,16092,16087,16090,16086],"_links":{"self":[{"href":"https:\/\/marketingplatform.com\/da\/wp-json\/wp\/v2\/pages\/58980"}],"collection":[{"href":"https:\/\/marketingplatform.com\/da\/wp-json\/wp\/v2\/pages"}],"about":[{"href":"https:\/\/marketingplatform.com\/da\/wp-json\/wp\/v2\/types\/page"}],"author":[{"embeddable":true,"href":"https:\/\/marketingplatform.com\/da\/wp-json\/wp\/v2\/users\/50"}],"replies":[{"embeddable":true,"href":"https:\/\/marketingplatform.com\/da\/wp-json\/wp\/v2\/comments?post=58980"}],"version-history":[{"count":5,"href":"https:\/\/marketingplatform.com\/da\/wp-json\/wp\/v2\/pages\/58980\/revisions"}],"predecessor-version":[{"id":61221,"href":"https:\/\/marketingplatform.com\/da\/wp-json\/wp\/v2\/pages\/58980\/revisions\/61221"}],"up":[{"embeddable":true,"href":"https:\/\/marketingplatform.com\/da\/wp-json\/wp\/v2\/pages\/4520"}],"wp:attachment":[{"href":"https:\/\/marketingplatform.com\/da\/wp-json\/wp\/v2\/media?parent=58980"}],"wp:term":[{"taxonomy":"category","embeddable":true,"href":"https:\/\/marketingplatform.com\/da\/wp-json\/wp\/v2\/categories?post=58980"},{"taxonomy":"post_tag","embeddable":true,"href":"https:\/\/marketingplatform.com\/da\/wp-json\/wp\/v2\/tags?post=58980"},{"taxonomy":"yst_prominent_words","embeddable":true,"href":"https:\/\/marketingplatform.com\/da\/wp-json\/wp\/v2\/yst_prominent_words?post=58980"}],"curies":[{"name":"wp","href":"https:\/\/api.w.org\/{rel}","templated":true}]}}