{"id":5894,"date":"2017-04-13T08:54:49","date_gmt":"2017-04-13T06:54:49","guid":{"rendered":"https:\/\/marketingplatform.com\/?page_id=5894\/"},"modified":"2020-04-08T15:36:15","modified_gmt":"2020-04-08T13:36:15","slug":"repeatsending-automatiske-kampagner","status":"publish","type":"page","link":"https:\/\/marketingplatform.com\/da\/repeatsending-automatiske-kampagner\/","title":{"rendered":"Repeat Sending &#8211; automatiske kampagner"},"content":{"rendered":"<p>[et_pb_section fb_built=&#8221;1&#8243; admin_label=&#8221;section&#8221; _builder_version=&#8221;3.22&#8243; transparent_background=&#8221;off&#8221;][et_pb_row admin_label=&#8221;row&#8221; _builder_version=&#8221;3.25&#8243; background_size=&#8221;initial&#8221; background_position=&#8221;top_left&#8221; background_repeat=&#8221;repeat&#8221;][et_pb_column type=&#8221;4_4&#8243; _builder_version=&#8221;3.25&#8243; custom_padding=&#8221;|||&#8221; custom_padding__hover=&#8221;|||&#8221;][et_pb_text _builder_version=&#8221;3.27.4&#8243; background_size=&#8221;initial&#8221; background_position=&#8221;top_left&#8221; background_repeat=&#8221;repeat&#8221; use_border_color=&#8221;off&#8221; border_color=&#8221;#ffffff&#8221; border_style=&#8221;solid&#8221;]<\/p>\n<h1>Repeat Sending \u2013 Automatiske Kampagner<\/h1>\n<h4>Repeat Sending&nbsp;&#8211; Funktionen Forklaret<\/h4>\n<p>Repeat Sending&nbsp;er en automatisering i udsendelsen af kampagner. Funktionen muligg\u00f8r at en kampagne hver dag p\u00e5 et bestemt tidspunkt, en eller flere ugedage, med ugers mellemrum eller med m\u00e5nedsintervaller.<\/p>\n<p>Udover at kunne definere starttidspunktet, kan antal repetitioner ogs\u00e5 kalder stoptidspunktet defineres p\u00e5 forh\u00e5nd. Indholdet i kampagnen kan v\u00e6re statisk, dynamisk, relevant, f\u00f8dt fra vores API eller indeholde eksternt indhold.<\/p>\n<p>Repeat Sending&nbsp;funktionen er inkluderet&nbsp;i alle abonnementer.<\/p>\n<h4>Kampagner med External Content<\/h4>\n<p>Indeholder kampagnen eksternt indhold, vi kalder det for External Content, kan Repeat Sending&nbsp;kigge efter fornyelse i det indhold, der kommer fra feedet eller de feeds bag det eksterne indhold.<\/p>\n<p>Et s\u00e5dan indhold kan stamme fra et RSS, XML, Facebook eller Instagram format.<\/p>\n<p>RSS anvendes ofte af CMS og webshop systemer til at dele artikler eller produkter og produktkategorier. Dermed kan MarketingPlatform, med resend, automatisk udsende nyhedsbreve n\u00e5r din webshop f\u00e5r nye produkter.<br \/>\n[\/et_pb_text][\/et_pb_column][\/et_pb_row][et_pb_row column_structure=&#8221;1_5,1_5,1_5,1_5,1_5&#8243; module_class=&#8221;custom_row&#8221; _builder_version=&#8221;4.4.0&#8243; width_tablet=&#8221;80%&#8221; width_phone=&#8221;&#8221; width_last_edited=&#8221;on|phone&#8221; max_width_tablet=&#8221;1024px&#8221; max_width_phone=&#8221;&#8221; max_width_last_edited=&#8221;on|desktop&#8221; module_alignment=&#8221;center&#8221; custom_padding=&#8221;50px||50px||false|false&#8221;][et_pb_column type=&#8221;1_5&#8243; _builder_version=&#8221;4.4.0&#8243;][et_pb_image src=&#8221;https:\/\/marketingplatform.com\/wp-content\/uploads\/2019\/11\/verisure.png&#8221; align_tablet=&#8221;center&#8221; align_phone=&#8221;&#8221; align_last_edited=&#8221;on|phone&#8221; _builder_version=&#8221;4.4.0&#8243; max_width=&#8221;92%&#8221; max_width_tablet=&#8221;65%&#8221; max_width_phone=&#8221;50%&#8221; max_width_last_edited=&#8221;on|desktop&#8221; module_alignment=&#8221;center&#8221; custom_padding=&#8221;6px||||false|false&#8221;][\/et_pb_image][\/et_pb_column][et_pb_column type=&#8221;1_5&#8243; _builder_version=&#8221;4.4.0&#8243;][et_pb_image src=&#8221;https:\/\/marketingplatform.com\/wp-content\/uploads\/2019\/03\/med24-logo.png&#8221; align_tablet=&#8221;center&#8221; align_phone=&#8221;&#8221; align_last_edited=&#8221;on|phone&#8221; _builder_version=&#8221;4.4.0&#8243; max_width=&#8221;72%&#8221; max_width_tablet=&#8221;65%&#8221; max_width_phone=&#8221;50%&#8221; max_width_last_edited=&#8221;on|phone&#8221; module_alignment=&#8221;center&#8221; hover_enabled=&#8221;0&#8243; custom_padding_last_edited=&#8221;on|tablet&#8221; custom_padding_tablet=&#8221;|25px|||false|false&#8221; custom_padding_phone=&#8221;|||15px|false|false&#8221;][\/et_pb_image][\/et_pb_column][et_pb_column type=&#8221;1_5&#8243; _builder_version=&#8221;4.4.0&#8243;][et_pb_image src=&#8221;https:\/\/marketingplatform.com\/wp-content\/uploads\/2020\/03\/danishcrown.png&#8221; align=&#8221;center&#8221; align_tablet=&#8221;&#8221; align_phone=&#8221;&#8221; align_last_edited=&#8221;on|phone&#8221; _builder_version=&#8221;4.4.0&#8243; max_width=&#8221;68%&#8221; max_width_tablet=&#8221;62%&#8221; max_width_phone=&#8221;46%&#8221; max_width_last_edited=&#8221;on|tablet&#8221; module_alignment=&#8221;center&#8221; custom_margin=&#8221;-7px||||false|false&#8221;][\/et_pb_image][\/et_pb_column][et_pb_column type=&#8221;1_5&#8243; _builder_version=&#8221;4.4.0&#8243;][et_pb_image src=&#8221;https:\/\/marketingplatform.com\/wp-content\/uploads\/2019\/08\/cykelpartner.png&#8221; align_tablet=&#8221;center&#8221; align_phone=&#8221;&#8221; align_last_edited=&#8221;on|phone&#8221; _builder_version=&#8221;4.4.0&#8243; max_width=&#8221;100%&#8221; max_width_tablet=&#8221;60%&#8221; max_width_phone=&#8221;45%&#8221; max_width_last_edited=&#8221;on|desktop&#8221; module_alignment=&#8221;center&#8221; custom_padding=&#8221;15px||||false|false&#8221;][\/et_pb_image][\/et_pb_column][et_pb_column type=&#8221;1_5&#8243; _builder_version=&#8221;4.4.0&#8243; custom_padding=&#8221;||||false|false&#8221;][et_pb_image src=&#8221;https:\/\/marketingplatform.com\/wp-content\/uploads\/2019\/10\/olivers-dk.png&#8221; align_tablet=&#8221;center&#8221; align_phone=&#8221;&#8221; align_last_edited=&#8221;on|phone&#8221; _builder_version=&#8221;4.4.0&#8243; width=&#8221;75%&#8221; max_width=&#8221;100%&#8221; max_width_tablet=&#8221;80%&#8221; max_width_phone=&#8221;50%&#8221; max_width_last_edited=&#8221;on|phone&#8221; module_alignment=&#8221;center&#8221; custom_padding=&#8221;3px||||false|false&#8221; hover_enabled=&#8221;0&#8243; custom_padding_last_edited=&#8221;on|phone&#8221; custom_padding_tablet=&#8221;|||30px|false|false&#8221; custom_padding_phone=&#8221;|||5px|false|false&#8221;][\/et_pb_image][\/et_pb_column][\/et_pb_row][et_pb_row admin_label=&#8221;row&#8221; _builder_version=&#8221;3.25&#8243; background_size=&#8221;initial&#8221; background_position=&#8221;top_left&#8221; background_repeat=&#8221;repeat&#8221; custom_padding=&#8221;0px|0px|27px|0px&#8221;][et_pb_column type=&#8221;4_4&#8243; _builder_version=&#8221;3.25&#8243; custom_padding=&#8221;|||&#8221; custom_padding__hover=&#8221;|||&#8221;][et_pb_text _builder_version=&#8221;3.27.4&#8243; background_size=&#8221;initial&#8221; background_position=&#8221;top_left&#8221; background_repeat=&#8221;repeat&#8221; use_border_color=&#8221;off&#8221; border_style=&#8221;solid&#8221;]<\/p>\n<h2><\/h2>\n<h3>Repeat Sending Webinar og Beskrivelse<\/h3>\n<h2><iframe loading=\"lazy\" src=\"\/\/player.vimeo.com\/video\/109678925\" width=\"800\" height=\"500\" frameborder=\"0\" allowfullscreen=\"allowfullscreen\"><\/iframe><\/h2>\n<p>Funktionen External Content, indhold fra andre systemer, lader dig designe det fuldst\u00e6ndigt frit s\u00e5 det matcher stilen i dine nyhedsbrevsskabeloner, udv\u00e6lge indholdet og s\u00f8rger for det er dugfriskt n\u00e5r kampagnen udsendes.<\/p>\n<p>Kombineres funktionerne til at hente indhold og g\u00f8re det dynamisk, med Repeat Sending\u00a0automatikken, vil MarketingPlatform kunne sende automatiske kampagner, vel og m\u00e6rke p\u00e5 bestemte tidspunkter, men kun hvis der er nyt indhold i dine feeds.<\/p>\n<p>Det forklarer vi mere i detaljer i spalten til h\u00f8jre.<\/p>\n<p>V\u00e6lg Yes, use Repeat Sending, og funktionerne herover bliver synlige. Bem\u00e6rk ogs\u00e5, at fluebenet fjernes i den normale funktion for straks-afsendelse. Den har nu \u00e6ndret sig til, send ogs\u00e5 Repeat Sending kampagnen ud med det samme. I kombination med informationen om repeterende udsendelsestidspunkter.<\/p>\n<p>Detekterer MarketingPlatform External Content i den n\u00e6rv\u00e6rende kampagne, vil en ekstra filtermulighed komme frem. Her kigger systemet p\u00e5 \u00e6ndringer i de feeds, der er inkluderet i kampagnen. Filtret s\u00f8rger for, at der IKKE g\u00f8r en kampagne ud, hvis ikke X items i et eller flere feeds er \u00e6ndret.<\/p>\n<p><img decoding=\"async\" loading=\"lazy\" class=\"full-width image-border aligncenter wp-image-7100 size-large\" src=\"https:\/\/marketingplatform.com\/wp-content\/uploads\/2017\/04\/repeat-sending-1024x608.png\" alt=\"\" width=\"1024\" height=\"608\" srcset=\"https:\/\/marketingplatform.com\/wp-content\/uploads\/2017\/04\/repeat-sending-1024x608.png 1024w, https:\/\/marketingplatform.com\/wp-content\/uploads\/2017\/04\/repeat-sending-300x178.png 300w, https:\/\/marketingplatform.com\/wp-content\/uploads\/2017\/04\/repeat-sending-768x456.png 768w, https:\/\/marketingplatform.com\/wp-content\/uploads\/2017\/04\/repeat-sending-1080x641.png 1080w, https:\/\/marketingplatform.com\/wp-content\/uploads\/2017\/04\/repeat-sending.png 1948w\" sizes=\"(max-width: 1024px) 100vw, 1024px\" \/><\/p>\n<p>V\u00e6lges Dag under Resend this Campaign every, vil en liste med ugedagene blive vist. Ved at holde CTRL nede, kan der v\u00e6lges flere ugedage. \u00d8nsker du f.eks. din kampagne udsendt tirsdag og torsdag v\u00e6lges disse.<\/p>\n<p>V\u00e6lges Uge vil en liste med hver hver uge, hver anden uge eller hver tredje uge blive vist. Dermed vil MarketingPlatform udsende kampagne med de n\u00e6vnte intervaller.<\/p>\n<p>V\u00e6lges M\u00e5ned, vil en liste med hver m\u00e5ned, hver anden, hver tredje eller hver fjerde m\u00e5ned blive vist. Vi har valgt ikke at muligg\u00f8re en lavere frekvens.<\/p>\n<p>I s\u00e5danne tilf\u00e6lde vil &#8220;triggeren&#8221; ofte v\u00e6re bestemt af en manuel handling, eller en kontaktperson bestemt handling &#8211; og dermed v\u00e6re en del af automated flows.<br \/>\n[\/et_pb_text][\/et_pb_column][\/et_pb_row][et_pb_row column_structure=&#8221;1_6,1_6,1_6,1_6,1_6,1_6&#8243; _builder_version=&#8221;4.4.0&#8243;][et_pb_column type=&#8221;1_6&#8243; _builder_version=&#8221;4.4.0&#8243;][et_pb_image src=&#8221;https:\/\/marketingplatform.com\/wp-content\/uploads\/2019\/03\/med24dk-logo.png&#8221; _builder_version=&#8221;4.4.0&#8243; max_width_tablet=&#8221;&#8221; max_width_phone=&#8221;70%&#8221; max_width_last_edited=&#8221;on|phone&#8221; module_alignment=&#8221;center&#8221; custom_margin_tablet=&#8221;&#8221; custom_margin_phone=&#8221;||-60px||false|false&#8221; custom_margin_last_edited=&#8221;on|phone&#8221; custom_padding_tablet=&#8221;&#8221; custom_padding_phone=&#8221;&#8221; custom_padding_last_edited=&#8221;on|phone&#8221;][\/et_pb_image][\/et_pb_column][et_pb_column type=&#8221;1_6&#8243; _builder_version=&#8221;4.4.0&#8243;][et_pb_image src=&#8221;https:\/\/marketingplatform.com\/wp-content\/uploads\/2020\/01\/cykelpartner.png&#8221; _builder_version=&#8221;4.4.0&#8243; max_width_tablet=&#8221;&#8221; max_width_phone=&#8221;64%&#8221; max_width_last_edited=&#8221;on|phone&#8221; module_alignment=&#8221;center&#8221; custom_margin_tablet=&#8221;&#8221; custom_margin_phone=&#8221;||-30px||false|false&#8221; custom_margin_last_edited=&#8221;on|tablet&#8221;][\/et_pb_image][\/et_pb_column][et_pb_column type=&#8221;1_6&#8243; _builder_version=&#8221;4.4.0&#8243;][et_pb_image src=&#8221;https:\/\/marketingplatform.com\/wp-content\/uploads\/2017\/11\/plindberg.png&#8221; _builder_version=&#8221;4.4.0&#8243; max_width_tablet=&#8221;85%&#8221; max_width_phone=&#8221;50%&#8221; max_width_last_edited=&#8221;on|phone&#8221; module_alignment=&#8221;center&#8221; custom_margin=&#8221;0px||||false|false&#8221; custom_margin_tablet=&#8221;0px||||false|false&#8221; custom_margin_phone=&#8221;-30px||-20px||false|false&#8221; custom_margin_last_edited=&#8221;on|phone&#8221; custom_padding_tablet=&#8221;&#8221; custom_padding_phone=&#8221;||||false|false&#8221; custom_padding_last_edited=&#8221;on|phone&#8221;][\/et_pb_image][\/et_pb_column][et_pb_column type=&#8221;1_6&#8243; _builder_version=&#8221;4.4.0&#8243;][et_pb_image src=&#8221;https:\/\/marketingplatform.com\/wp-content\/uploads\/2018\/10\/inoplay-logo.png&#8221; align=&#8221;right&#8221; _builder_version=&#8221;4.4.0&#8243; max_width=&#8221;93%&#8221; max_width_tablet=&#8221;75%&#8221; max_width_phone=&#8221;50%&#8221; max_width_last_edited=&#8221;on|phone&#8221; module_alignment=&#8221;center&#8221; custom_margin_tablet=&#8221;&#8221; custom_margin_phone=&#8221;||||false|false&#8221; custom_margin_last_edited=&#8221;on|phone&#8221; custom_padding=&#8221;10px||||false|false&#8221; custom_padding_tablet=&#8221;|||10px|false|false&#8221; custom_padding_phone=&#8221;10px|||20px|false|false&#8221; custom_padding_last_edited=&#8221;on|phone&#8221;][\/et_pb_image][\/et_pb_column][et_pb_column type=&#8221;1_6&#8243; _builder_version=&#8221;4.4.0&#8243;][et_pb_image src=&#8221;https:\/\/marketingplatform.com\/wp-content\/uploads\/2018\/10\/hokram-logo.png&#8221; _builder_version=&#8221;4.4.0&#8243; max_width_tablet=&#8221;75%&#8221; max_width_phone=&#8221;50%&#8221; max_width_last_edited=&#8221;on|phone&#8221; module_alignment=&#8221;center&#8221; custom_padding=&#8221;15px||||false|false&#8221; custom_padding_tablet=&#8221;&#8221; custom_padding_phone=&#8221;15px||||false|false&#8221; custom_padding_last_edited=&#8221;on|phone&#8221;][\/et_pb_image][\/et_pb_column][et_pb_column type=&#8221;1_6&#8243; _builder_version=&#8221;4.4.0&#8243;][et_pb_image src=&#8221;https:\/\/marketingplatform.com\/wp-content\/uploads\/2017\/11\/ftz.png&#8221; _builder_version=&#8221;4.4.0&#8243; max_width=&#8221;83%&#8221; max_width_tablet=&#8221;65%&#8221; max_width_phone=&#8221;42%&#8221; max_width_last_edited=&#8221;on|phone&#8221; module_alignment=&#8221;center&#8221;][\/et_pb_image][\/et_pb_column][\/et_pb_row][\/et_pb_section][et_pb_section fb_built=&#8221;1&#8243; custom_padding_last_edited=&#8221;on|phone&#8221; module_class=&#8221;ressourcer-signup&#8221; _builder_version=&#8221;4.0.2&#8243; background_color=&#8221;#dee7f1&#8243; custom_padding=&#8221;7%||&#8221; custom_padding_tablet=&#8221;12%||||false|false&#8221; custom_padding_phone=&#8221;17%||||false|false&#8221; top_divider_style=&#8221;asymmetric2&#8243; top_divider_color=&#8221;#ffffff&#8221; top_divider_height=&#8221;60px&#8221; global_module=&#8221;19033&#8243;][et_pb_row _builder_version=&#8221;3.25&#8243; background_size=&#8221;initial&#8221; background_position=&#8221;top_left&#8221; background_repeat=&#8221;repeat&#8221; custom_margin=&#8221;||10px&#8221; custom_padding=&#8221;||10px&#8221;][et_pb_column type=&#8221;4_4&#8243; _builder_version=&#8221;3.25&#8243; custom_padding=&#8221;|||&#8221; custom_padding__hover=&#8221;|||&#8221;][et_pb_text _builder_version=&#8221;4.0.2&#8243; text_orientation=&#8221;center&#8221;]<\/p>\n<h2 style=\"font-style: normal;\">Pr\u00f8v MarketingPlatform gratis i 14 dage<\/h2>\n<p style=\"font-style: normal;\">Pr\u00f8veperioden er gratis, helt uforpligtende og udl\u00f8ber efter 14 dage, hvis du ikke \u00f8nsker at forts\u00e6tte.<br \/> Ved tilmelding modtager du samtidig vores uddannelsesflow p\u00e5 en serie af mails \u2013 og vores nyhedsbrev.<\/p>\n<p>[\/et_pb_text][\/et_pb_column][\/et_pb_row][et_pb_row _builder_version=&#8221;4.0.2&#8243;][et_pb_column type=&#8221;4_4&#8243; _builder_version=&#8221;4.0.2&#8243;][et_pb_code _builder_version=&#8221;4.0.2&#8243; text_orientation=&#8221;center&#8221;]<a href=\"https:\/\/marketingplatform.com\/da\/gratis-proeveversion\/\" class=\"green-btn2\" style=\"background:#09cd6f; padding:18px 60px; margin-bottom:10px!important;\">Pr\u00f8v os gratis nu<\/a> <a href=\"https:\/\/marketingplatform.com\/da\/book-emailplatform-demo\/\" class=\"green-btn2\" style=\"background:#0daae2; padding:18px 70px;\">Book demo<\/a>[\/et_pb_code][\/et_pb_column][\/et_pb_row][et_pb_row _builder_version=&#8221;4.0.2&#8243; max_width=&#8221;768px&#8221; custom_margin=&#8221;15px||0px||false|false&#8221; custom_padding=&#8221;0px||0px&#8221; use_custom_width=&#8221;on&#8221; custom_width_px=&#8221;768px&#8221;][et_pb_column type=&#8221;4_4&#8243; _builder_version=&#8221;3.25&#8243; custom_padding=&#8221;|||&#8221; custom_padding__hover=&#8221;|||&#8221;][et_pb_code _builder_version=&#8221;4.0.2&#8243;]<\/p>\n<div class=\"awards-align\" ><!-- [et_pb_line_break_holder] --><\/p>\n<div style=\"float:left; width:14%; text-align:right;   margin-right: 2%;\"><!-- [et_pb_line_break_holder] --><img decoding=\"async\" src=\"https:\/\/marketingplatform.com\/wp-content\/uploads\/2020\/01\/primotours.png\" width=\"56\" style=\"margin:10px 20px 20px 0px;\"><!-- [et_pb_line_break_holder] --><\/div>\n<p><!-- [et_pb_line_break_holder] --><\/p>\n<div style=\"float:left; width:20%; text-align:center;    margin-right: 4%;\"><!-- [et_pb_line_break_holder] --><img decoding=\"async\" src=\"https:\/\/marketingplatform.com\/wp-content\/uploads\/2019\/11\/med24-gray.png\" width=\"100\" style=\"margin:20px 0px 20px 10px;\"><!-- [et_pb_line_break_holder] --><\/div>\n<p><!-- [et_pb_line_break_holder] --><\/p>\n<div style=\"float:left; width:18%;    margin-right: 1%;\"><!-- [et_pb_line_break_holder] --><img decoding=\"async\" src=\"https:\/\/marketingplatform.com\/wp-content\/uploads\/2019\/08\/cykelpartner-logo.png\" width=\"180\" style=\"margin:29px 20px 20px 0px;\"><!-- [et_pb_line_break_holder] --><\/div>\n<p><!-- [et_pb_line_break_holder] --><\/p>\n<div style=\"float:left; width:20%; text-align:center;     margin-right: 1%;\"><!-- [et_pb_line_break_holder] --><img decoding=\"async\" src=\"https:\/\/marketingplatform.com\/wp-content\/uploads\/2019\/04\/aldi-grey.png\" width=\"50\" style=\"margin:10px 0px 20px 0px;\"><!-- [et_pb_line_break_holder] --><\/div>\n<p><!-- [et_pb_line_break_holder] --><\/p>\n<div style=\"float:left; width:18%;      margin-right: 2%;  text-align: center;\"><!-- [et_pb_line_break_holder] --><img decoding=\"async\" src=\"https:\/\/marketingplatform.com\/wp-content\/uploads\/2019\/02\/verisure-logo.png\" width=\"120\" style=\"margin:18px 0px 20px 0px;\"><!-- [et_pb_line_break_holder] --><\/div>\n<p><!-- [et_pb_line_break_holder] --><\/div>\n<p>[\/et_pb_code][\/et_pb_column][\/et_pb_row][\/et_pb_section]<\/p>\n","protected":false},"excerpt":{"rendered":"<p>Repeat Sending \u2013 Automatiske Kampagner Repeat Sending&nbsp;&#8211; Funktionen Forklaret Repeat Sending&nbsp;er en automatisering i udsendelsen af kampagner. Funktionen muligg\u00f8r at en kampagne hver dag p\u00e5 et bestemt tidspunkt, en eller flere ugedage, med ugers mellemrum eller med m\u00e5nedsintervaller. Udover at kunne definere starttidspunktet, kan antal repetitioner ogs\u00e5 kalder stoptidspunktet defineres p\u00e5 forh\u00e5nd. Indholdet i kampagnen [&hellip;]<\/p>\n","protected":false},"author":50,"featured_media":0,"parent":0,"menu_order":0,"comment_status":"closed","ping_status":"closed","template":"","meta":{"_et_pb_use_builder":"on","_et_pb_old_content":"<h4>Repeat Sending\u00a0-\u00a0funktionen forklaret<\/h4>\r\nRepeat Sending\u00a0er en automatisering i udsendelsen af kampagner. Funktionen muligg\u00f8r at en kampagne hver dag p\u00e5 et bestemt tidspunkt, en eller flere ugedage, med ugers mellemrum eller med m\u00e5nedsintervaller.\r\n\r\nUdover at kunne definere starttidspunktet, kan antal repetitioner ogs\u00e5 kalder stoptidspunktet defineres p\u00e5 forh\u00e5nd. Indholdet i kampagnen kan v\u00e6re statisk, dynamisk, relevant, f\u00f8dt fra vores API eller indeholde eksternt indhold.\r\n\r\nRepeat Sending\u00a0funktionen er inkluderet\u00a0i alle abonnementer.\r\n<h4>Kampagner med External Content<\/h4>\r\nIndeholder kampagnen eksternt indhold, vi kalder det for External Content, kan Repeat Sending\u00a0kigge efter fornyelse i det indhold, der kommer fra feedet eller de feeds bag det eksterne indhold.\r\n\r\nEt s\u00e5dan indhold kan stamme fra et RSS, XML, Facebook eller Instagram format.\r\n\r\nRSS anvendes ofte af CMS og webshop systemer til at dele artikler eller produkter og produktkategorier. Dermed kan MailPlatform, med resend, automatisk udsende nyhedsbreve n\u00e5r din webshop f\u00e5r nye produkter.\r\n\r\n<img class=\"full-width\" src=\"https:\/\/marketingplatform.com\/wp-content\/uploads\/2017\/04\/mailplatform-white-reference-900px-9b.png\" alt=\"\" border=\"0\" \/>\r\n\r\n<img class=\"full-width\" src=\"https:\/\/marketingplatform.com\/wp-content\/uploads\/2017\/04\/mailplatform-white-reference-650px-2.png\" alt=\"\" border=\"0\" \/>\r\n<br><\/br>\r\n<h2>Pr\u00f8v MailPlatform gratis -\u00a0og f\u00e5 succes med dine nyhedsbreve<\/h2>\r\n<h3>Du tilmelder dig p\u00e5 10\u00a0sekunder - uden brug af kreditkort - skriv trygt din email i feltet herunder<\/h3>\r\nBlandt kunderne, der anvender MailPlatform til at forbedre deres kommunikation, er Applus, Bauhaus, Billetlugen, CBS, \u00a0EGMONT, Gallup, Jensens B\u00f8fhus, Kop & Kande, LEGO, Leo Pharma, Lions, Merck, Mr., Sampension, UNICEF og \u00c6ldresagen.\r\n<br><\/br>\r\n[widget id=\"text-183\"]\r\n<br><\/br>\r\n<h2>Repeat Sending webinar og beskrivelse<\/h2>\r\n<br><\/br>\r\n<h2><iframe src=\"\/\/player.vimeo.com\/video\/109678925\" width=\"800\" height=\"500\" frameborder=\"0\" allowfullscreen=\"allowfullscreen\"><\/iframe><\/h2>\r\n<br><\/br>\r\nFunktionen External Content, indhold fra andre systemer, lader dig designe det fuldst\u00e6ndigt frit s\u00e5 det matcher stilen i dine nyhedsbrevsskabeloner, udv\u00e6lge indholdet og s\u00f8rger for det er dugfriskt n\u00e5r kampagnen udsendes.\r\n\r\nKombineres funktionerne til at hente indhold og g\u00f8re det dynamisk, med Repeat Sending\u00a0automatikken, vil MailPlatform kunne sende automatiske kampagner, vel og m\u00e6rke p\u00e5 bestemte tidspunkter, men kun hvis der er nyt indhold i dine feeds.\r\n\r\nDet forklarer vi mere i detaljer i spalten til h\u00f8jre.\r\n\r\nV\u00e6lg Yes, use Repeat Sending, og funktionerne herover bliver synlige. Bem\u00e6rk ogs\u00e5, at fluebenet fjernes i den normale funktion for straks-afsendelse. Den har nu \u00e6ndret sig til, send ogs\u00e5 Repeat Sending kampagnen ud med det samme. I kombination med informationen om repeterende udsendelsestidspunkter.\r\n\r\nDetekterer MailPlatform External Content i den n\u00e6rv\u00e6rende kampagne, vil en ekstra filtermulighed komme frem. Her kigger systemet p\u00e5 \u00e6ndringer i de feeds, der er inkluderet i kampagnen. Filtret s\u00f8rger for, at der IKKE g\u00f8r en kampagne ud, hvis ikke X items i et eller flere feeds er \u00e6ndret.\r\n\r\n<img class=\"full-width aligncenter\" src=\"https:\/\/marketingplatform.com\/wp-content\/uploads\/2017\/04\/resend4-mailplatform.png\" alt=\"\" border=\"0\" \/>\r\n\r\nV\u00e6lges Dag under Resend this Campaign every, vil en liste med ugedagene blive vist. Ved at holde CTRL nede, kan der v\u00e6lges flere ugedage. \u00d8nsker du f.eks. din kampagne udsendt tirsdag og torsdag v\u00e6lges disse.\r\n\r\nV\u00e6lges Uge vil en liste med hver hver uge, hver anden uge eller hver tredje uge blive vist. Dermed vil MailPlatform udsende kampagne med de n\u00e6vnte intervaller.\r\n\r\n\u00a0\r\n\r\nV\u00e6lges M\u00e5ned, vil en liste med hver m\u00e5ned, hver anden, hver tredje eller hver fjerde m\u00e5ned blive vist. Vi har valgt ikke at muligg\u00f8re en lavere frekvens.\r\n\r\nI s\u00e5danne tilf\u00e6lde vil \"triggeren\" ofte v\u00e6re bestemt af en manuel handling, eller en kontaktperson bestemt handling - og dermed v\u00e6re en del af automated flows.","_et_gb_content_width":"","footnotes":""},"categories":[],"tags":[],"yst_prominent_words":[3235,4883,83,4907,3237,3230,3229,603,3236,3232,4874,4871,3238,1194,3233,3239,3234,3231,3227,3228],"_links":{"self":[{"href":"https:\/\/marketingplatform.com\/da\/wp-json\/wp\/v2\/pages\/5894"}],"collection":[{"href":"https:\/\/marketingplatform.com\/da\/wp-json\/wp\/v2\/pages"}],"about":[{"href":"https:\/\/marketingplatform.com\/da\/wp-json\/wp\/v2\/types\/page"}],"author":[{"embeddable":true,"href":"https:\/\/marketingplatform.com\/da\/wp-json\/wp\/v2\/users\/50"}],"replies":[{"embeddable":true,"href":"https:\/\/marketingplatform.com\/da\/wp-json\/wp\/v2\/comments?post=5894"}],"version-history":[{"count":11,"href":"https:\/\/marketingplatform.com\/da\/wp-json\/wp\/v2\/pages\/5894\/revisions"}],"predecessor-version":[{"id":55586,"href":"https:\/\/marketingplatform.com\/da\/wp-json\/wp\/v2\/pages\/5894\/revisions\/55586"}],"wp:attachment":[{"href":"https:\/\/marketingplatform.com\/da\/wp-json\/wp\/v2\/media?parent=5894"}],"wp:term":[{"taxonomy":"category","embeddable":true,"href":"https:\/\/marketingplatform.com\/da\/wp-json\/wp\/v2\/categories?post=5894"},{"taxonomy":"post_tag","embeddable":true,"href":"https:\/\/marketingplatform.com\/da\/wp-json\/wp\/v2\/tags?post=5894"},{"taxonomy":"yst_prominent_words","embeddable":true,"href":"https:\/\/marketingplatform.com\/da\/wp-json\/wp\/v2\/yst_prominent_words?post=5894"}],"curies":[{"name":"wp","href":"https:\/\/api.w.org\/{rel}","templated":true}]}}