{"id":5885,"date":"2017-04-13T08:41:04","date_gmt":"2017-04-13T06:41:04","guid":{"rendered":"https:\/\/marketingplatform.com\/?page_id=5885\/"},"modified":"2020-08-05T14:52:13","modified_gmt":"2020-08-05T12:52:13","slug":"rapportering-statistik","status":"publish","type":"page","link":"https:\/\/marketingplatform.com\/da\/rapportering-statistik\/","title":{"rendered":"Rapporteringsv\u00e6rkt\u00f8jer og statistik"},"content":{"rendered":"<p>[et_pb_section fb_built=&#8221;1&#8243; admin_label=&#8221;section&#8221; _builder_version=&#8221;3.22&#8243; transparent_background=&#8221;off&#8221;][et_pb_row admin_label=&#8221;row&#8221; _builder_version=&#8221;3.25&#8243; background_size=&#8221;initial&#8221; background_position=&#8221;top_left&#8221; background_repeat=&#8221;repeat&#8221;][et_pb_column type=&#8221;4_4&#8243; _builder_version=&#8221;3.25&#8243; custom_padding=&#8221;|||&#8221; custom_padding__hover=&#8221;|||&#8221;][et_pb_text _builder_version=&#8221;4.5.3&#8243; _module_preset=&#8221;default&#8221; hover_enabled=&#8221;0&#8243; module_id=&#8221;long-title&#8221;]<\/p>\n<h1>Rapporteringsv\u00e6rkt\u00f8jer og Statistik<\/h1>\n<p>[\/et_pb_text][et_pb_text _builder_version=&#8221;4.5.3&#8243; background_size=&#8221;initial&#8221; background_position=&#8221;top_left&#8221; background_repeat=&#8221;repeat&#8221; header_font_size_tablet=&#8221;&#8221; header_font_size_phone=&#8221;18px&#8221; header_font_size_last_edited=&#8221;on|phone&#8221; use_border_color=&#8221;off&#8221; border_color=&#8221;#ffffff&#8221; border_style=&#8221;solid&#8221;]<img decoding=\"async\" loading=\"lazy\" class=\"scale-with-grid alignright image-border\" title=\"\" src=\"https:\/\/marketingplatform.com\/wp-content\/uploads\/2017\/04\/builder-update-profile-table.png\" alt=\"\" width=\"332\" height=\"194\" \/><\/p>\n<p>Rapporteringsv\u00e6rkt\u00f8jerne rundt om statistikken, er din virksomheds vigtigste v\u00e6rkt\u00f8jer, for at kunne optimere fremtidige kampagner. I MarketingPlatform har vi optimeret rapporterne, s\u00e5 du kan l\u00e6re bedst muligt af allerede sendte kampagner.<\/p>\n<p>MarketingPlatform kan ogs\u00e5 automatisk berige modtagernes profiler ud fra deres adf\u00e6rd. Den berigede adf\u00e6rd kan v\u00e6re genstand for nye segmenter, nye automatiske kampagner eller en kombinationen af manuelle handlinger og automatiserede eksekveringer.[\/et_pb_text][\/et_pb_column][\/et_pb_row][et_pb_row column_structure=&#8221;1_5,1_5,1_5,1_5,1_5&#8243; module_class=&#8221;custom_row&#8221; _builder_version=&#8221;3.25&#8243; background_size=&#8221;initial&#8221; background_position=&#8221;top_left&#8221; background_repeat=&#8221;repeat&#8221; width_tablet=&#8221;80%&#8221; width_phone=&#8221;&#8221; width_last_edited=&#8221;on|desktop&#8221; max_width_tablet=&#8221;1024px&#8221; max_width_phone=&#8221;&#8221; max_width_last_edited=&#8221;on|tablet&#8221; module_alignment=&#8221;center&#8221;][et_pb_column type=&#8221;1_5&#8243; _builder_version=&#8221;3.25&#8243; custom_padding=&#8221;|||&#8221; custom_padding__hover=&#8221;|||&#8221;][et_pb_image src=&#8221;https:\/\/marketingplatform.com\/wp-content\/uploads\/2019\/11\/verisure.png&#8221; align_tablet=&#8221;center&#8221; align_phone=&#8221;&#8221; align_last_edited=&#8221;on|desktop&#8221; _builder_version=&#8221;4.0.2&#8243; max_width=&#8221;92%&#8221; max_width_tablet=&#8221;65%&#8221; max_width_phone=&#8221;50%&#8221; max_width_last_edited=&#8221;on|desktop&#8221; module_alignment=&#8221;center&#8221; custom_padding=&#8221;6px||||false|false&#8221;]<\/p>\n<p>[\/et_pb_image][\/et_pb_column][et_pb_column type=&#8221;1_5&#8243; _builder_version=&#8221;3.25&#8243; custom_padding=&#8221;|||&#8221; custom_padding__hover=&#8221;|||&#8221;][et_pb_image src=&#8221;https:\/\/marketingplatform.com\/wp-content\/uploads\/2019\/03\/med24-logo.png&#8221; align_tablet=&#8221;center&#8221; align_phone=&#8221;&#8221; align_last_edited=&#8221;on|desktop&#8221; _builder_version=&#8221;3.23.3&#8243; max_width=&#8221;72%&#8221; max_width_tablet=&#8221;65%&#8221; max_width_phone=&#8221;50%&#8221; max_width_last_edited=&#8221;on|phone&#8221; module_alignment=&#8221;center&#8221;]<\/p>\n<p>[\/et_pb_image][\/et_pb_column][et_pb_column type=&#8221;1_5&#8243; _builder_version=&#8221;3.25&#8243; custom_padding=&#8221;|||&#8221; custom_padding__hover=&#8221;|||&#8221;][et_pb_image src=&#8221;https:\/\/marketingplatform.com\/wp-content\/uploads\/2020\/03\/danishcrown.png&#8221; align=&#8221;center&#8221; align_tablet=&#8221;center&#8221; align_phone=&#8221;&#8221; align_last_edited=&#8221;on|desktop&#8221; _builder_version=&#8221;4.4.0&#8243; max_width=&#8221;68%&#8221; max_width_tablet=&#8221;62%&#8221; max_width_phone=&#8221;46%&#8221; max_width_last_edited=&#8221;on|phone&#8221; module_alignment=&#8221;center&#8221; custom_margin=&#8221;-7px||||false|false&#8221; custom_padding=&#8221;||||false|false&#8221;]<\/p>\n<p>[\/et_pb_image][\/et_pb_column][et_pb_column type=&#8221;1_5&#8243; _builder_version=&#8221;3.25&#8243; custom_padding=&#8221;|||&#8221; custom_padding__hover=&#8221;|||&#8221;][et_pb_image src=&#8221;https:\/\/marketingplatform.com\/wp-content\/uploads\/2019\/08\/cykelpartner.png&#8221; align_tablet=&#8221;center&#8221; align_phone=&#8221;&#8221; align_last_edited=&#8221;on|desktop&#8221; _builder_version=&#8221;4.4.0&#8243; max_width=&#8221;100%&#8221; max_width_tablet=&#8221;60%&#8221; max_width_phone=&#8221;45%&#8221; max_width_last_edited=&#8221;on|phone&#8221; module_alignment=&#8221;center&#8221; custom_padding=&#8221;15px||||false|false&#8221;]<\/p>\n<p>[\/et_pb_image][\/et_pb_column][et_pb_column type=&#8221;1_5&#8243; _builder_version=&#8221;3.25&#8243; custom_padding=&#8221;3px|||&#8221; custom_padding__hover=&#8221;|||&#8221;][et_pb_image src=&#8221;https:\/\/marketingplatform.com\/wp-content\/uploads\/2019\/10\/olivers-dk.png&#8221; align_tablet=&#8221;center&#8221; align_phone=&#8221;&#8221; align_last_edited=&#8221;on|desktop&#8221; _builder_version=&#8221;4.4.0&#8243; width=&#8221;75%&#8221; max_width=&#8221;100%&#8221; max_width_tablet=&#8221;65%&#8221; max_width_phone=&#8221;50%&#8221; max_width_last_edited=&#8221;on|phone&#8221; module_alignment=&#8221;center&#8221;]<\/p>\n<p>[\/et_pb_image][\/et_pb_column][\/et_pb_row][et_pb_row admin_label=&#8221;row&#8221; _builder_version=&#8221;3.25&#8243; background_size=&#8221;initial&#8221; background_position=&#8221;top_left&#8221; background_repeat=&#8221;repeat&#8221;][et_pb_column type=&#8221;4_4&#8243; _builder_version=&#8221;3.25&#8243; custom_padding=&#8221;|||&#8221; custom_padding__hover=&#8221;|||&#8221;][et_pb_text _builder_version=&#8221;3.27.4&#8243; background_size=&#8221;initial&#8221; background_position=&#8221;top_left&#8221; background_repeat=&#8221;repeat&#8221; use_border_color=&#8221;off&#8221; border_style=&#8221;solid&#8221;]<\/p>\n<h4><img decoding=\"async\" loading=\"lazy\" class=\"scale-with-grid alignleft image-border\" title=\"\" src=\"https:\/\/marketingplatform.com\/wp-content\/uploads\/2017\/04\/statistics.png\" alt=\"\" width=\"401\" height=\"184\" \/>Det viser statistikken af data<\/h4>\n<p>Statistikken fort\u00e6ller noget om den enkelte kampagne. Den giver et detaljeret billede af hvordan kampagnen har klaret sig. Hvor mange der har \u00e5bnet den, hvem det er og hvorn\u00e5r det er sket. Den fort\u00e6ller ogs\u00e5, hvad hver enkelt modtager har klikket p\u00e5, og hvorn\u00e5r det er sket.<\/p>\n<p>Derudover rapporteres modtagerens anvendte enhed, og mailen er set p\u00e5 en smartphone, tablet eller en computer.<\/p>\n<p>Dataene nedbrydes ogs\u00e5 til termer som \u00e5bningsprocent, klikprocent og klik til \u00e5bningsprocent. Samt en r\u00e6kke unikke v\u00e6rdier, der er renset for multiple handlinger fra samme person &#8211; feks hvis mailen er \u00e5bnet flere gange af samme modtager.<br \/>\n[\/et_pb_text][\/et_pb_column][\/et_pb_row][et_pb_row admin_label=&#8221;row&#8221; _builder_version=&#8221;3.25&#8243; background_size=&#8221;initial&#8221; background_position=&#8221;top_left&#8221; background_repeat=&#8221;repeat&#8221;][et_pb_column type=&#8221;4_4&#8243; _builder_version=&#8221;3.25&#8243; custom_padding=&#8221;|||&#8221; custom_padding__hover=&#8221;|||&#8221;][et_pb_text _builder_version=&#8221;3.27.4&#8243; background_size=&#8221;initial&#8221; background_position=&#8221;top_left&#8221; background_repeat=&#8221;repeat&#8221; use_border_color=&#8221;off&#8221; border_style=&#8221;solid&#8221;]<\/p>\n<h4><img decoding=\"async\" loading=\"lazy\" class=\"scale-with-grid alignright image-border\" title=\"\" src=\"..\/..\/wp-content\/uploads\/2017\/04\/rapportering-mailplatform-enhedopen.png\" alt=\"\" width=\"294\" height=\"437\" \/>Indsigt i modtagernes vaner<\/h4>\n<p>Modtagerne er din virksomheds vigtigste aktiv. Der er ofte lighedstegn mellem dine kunder og modtagere. Derfor er indsigt i modtagernes vaner yderst v\u00e6rdifuld.<\/p>\n<p>MarketingPlatform opsamler den komplette adf\u00e6rd, n\u00e5r en modtager \u00e5bner og klikker i dine nyhedsbreve. Derudover detekterer systemet ogs\u00e5 den enhed modtageren anvender, er det en smartphone (og hvilket operativsystem, feks Android eller iOS), en tablet eller en computer. For alle enhederne opsamles operativsystemet og versionsnummeret.<\/p>\n<p>Derudover l\u00e6ser vi geografien p\u00e5 dine modtagere. Hver eneste gang modtageren klikker p\u00e5 er link i en kampagne, opdaterer vi geografien. I de fleste lande er n\u00f8jagtigheden fremragende og helt ned p\u00e5 byniveau. MarketingPlatform gemmer landet, regionen og byen p\u00e5 90% af verdens lande (og alle europ\u00e6iske lande).<\/p>\n<p>Det er muligt at sammens\u00e6tte modtagerne af fremtidige kampagner, alene ud fra deres adf\u00e6rd i tidligere kampagner. Eksempel kunne v\u00e6re alle der klikkede p\u00e5 jeans i sidste uge skal modtage tilbud p\u00e5 b\u00e6lter i denne uge.<br \/>\n[\/et_pb_text][\/et_pb_column][\/et_pb_row][et_pb_row admin_label=&#8221;row&#8221; _builder_version=&#8221;3.25&#8243; background_size=&#8221;initial&#8221; background_position=&#8221;top_left&#8221; background_repeat=&#8221;repeat&#8221;][et_pb_column type=&#8221;4_4&#8243; _builder_version=&#8221;3.25&#8243; custom_padding=&#8221;|||&#8221; custom_padding__hover=&#8221;|||&#8221;][et_pb_text _builder_version=&#8221;3.27.4&#8243; background_size=&#8221;initial&#8221; background_position=&#8221;top_left&#8221; background_repeat=&#8221;repeat&#8221; use_border_color=&#8221;off&#8221; border_color=&#8221;#ffffff&#8221; border_style=&#8221;solid&#8221;]<\/p>\n<h4>Update Profile g\u00f8r statistikken til brugbar rapportering<\/h4>\n<p>Selve statistikken i MarketingPlatform binder sig til den enkelte kampagne. Men ved at berige alle, eller et udsnit af links i en kampagne, med funktionen Update Profile, skifter statistikken karakter til en berigende rapportering.<\/p>\n<p>Konkret opdateres modtagerens kontaktkort ud fra deres handling. Den viden kan anvendes til fremtidige udsendelser. Der opbygges ogs\u00e5 en rating, der kan anvendes til sortering af indhold med Relevant Content.<\/p>\n<p>Udover Update Profile kan Triggere og Autorespondere reagere p\u00e5 modtagernes adf\u00e6rd i en kampagne, og anvende denne til automatiserede flows.<\/p>\n<p>Et flow kan feks tage udgangspunkt i, at en modtager \u00e5bner en bestemt kampagne.<\/p>\n<p>L\u00e6s beskrivelserne af <a href=\"..\/opdater-profil\/\">Update Profile<\/a>, <a href=\"..\/email-marketing\/funktioner\/#PersonaliseringogSegmentering\">Segmenter<\/a>, <a href=\"https:\/\/marketingplatform.com\/da\/relevantcontent\">Relevant Content<\/a>, <a href=\"..\/autoresponder\/\">Autorespondere<\/a> og <a href=\"..\/triggermails\/\">Triggere<\/a> for yderligere information.[\/et_pb_text][\/et_pb_column][\/et_pb_row][\/et_pb_section][et_pb_section fb_built=&#8221;1&#8243; custom_padding_last_edited=&#8221;on|phone&#8221; module_class=&#8221;ressourcer-signup&#8221; _builder_version=&#8221;4.0.2&#8243; background_color=&#8221;#dee7f1&#8243; custom_padding=&#8221;7%||&#8221; custom_padding_tablet=&#8221;12%||||false|false&#8221; custom_padding_phone=&#8221;17%||||false|false&#8221; top_divider_style=&#8221;asymmetric2&#8243; top_divider_color=&#8221;#ffffff&#8221; top_divider_height=&#8221;60px&#8221; global_module=&#8221;19033&#8243;][et_pb_row _builder_version=&#8221;3.25&#8243; background_size=&#8221;initial&#8221; background_position=&#8221;top_left&#8221; background_repeat=&#8221;repeat&#8221; custom_margin=&#8221;||10px&#8221; custom_padding=&#8221;||10px&#8221;][et_pb_column type=&#8221;4_4&#8243; _builder_version=&#8221;3.25&#8243; custom_padding=&#8221;|||&#8221; custom_padding__hover=&#8221;|||&#8221;][et_pb_text _builder_version=&#8221;4.0.2&#8243; text_orientation=&#8221;center&#8221;]<\/p>\n<h2 style=\"font-style: normal;\">Pr\u00f8v MarketingPlatform gratis i 14 dage<\/h2>\n<p style=\"font-style: normal;\">Pr\u00f8veperioden er gratis, helt uforpligtende og udl\u00f8ber efter 14 dage, hvis du ikke \u00f8nsker at forts\u00e6tte.<br \/> Ved tilmelding modtager du samtidig vores uddannelsesflow p\u00e5 en serie af mails \u2013 og vores nyhedsbrev.<\/p>\n<p>[\/et_pb_text][\/et_pb_column][\/et_pb_row][et_pb_row _builder_version=&#8221;4.4.0&#8243;][et_pb_column type=&#8221;4_4&#8243; _builder_version=&#8221;4.0.2&#8243;][et_pb_code _builder_version=&#8221;4.4.0&#8243; max_width=&#8221;50%&#8221; max_width_tablet=&#8221;100%&#8221; max_width_phone=&#8221;&#8221; max_width_last_edited=&#8221;on|phone&#8221; module_alignment=&#8221;center&#8221;]<a href=\"https:\/\/marketingplatform.com\/da\/book-emailplatform-demo\/\"><\/p>\n<div class=\"bookdemobtn\">Book demo<\/div>\n<p><\/a><!-- [et_pb_line_break_holder] --><a href=\"https:\/\/marketingplatform.com\/da\/gratis-proeveversion\/\"><\/p>\n<div class=\"signupbtn\">Pr\u00f8v os gratis<\/div>\n<p><\/a><!-- [et_pb_line_break_holder] --><\/p>\n<div class=\"clearfix\"><\/div>\n<p>[\/et_pb_code][\/et_pb_column][\/et_pb_row][et_pb_row _builder_version=&#8221;4.0.2&#8243; max_width=&#8221;768px&#8221; custom_margin=&#8221;15px||0px||false|false&#8221; custom_padding=&#8221;0px||0px&#8221; use_custom_width=&#8221;on&#8221; custom_width_px=&#8221;768px&#8221;][et_pb_column type=&#8221;4_4&#8243; _builder_version=&#8221;3.25&#8243; custom_padding=&#8221;|||&#8221; custom_padding__hover=&#8221;|||&#8221;][et_pb_code _builder_version=&#8221;4.0.2&#8243;]<\/p>\n<div class=\"awards-align\" ><!-- [et_pb_line_break_holder] --><\/p>\n<div style=\"float:left; width:14%; text-align:right;   margin-right: 2%;\"><!-- [et_pb_line_break_holder] --><img decoding=\"async\" src=\"https:\/\/marketingplatform.com\/wp-content\/uploads\/2020\/01\/primotours.png\" width=\"56\" style=\"margin:10px 20px 20px 0px;\"><!-- [et_pb_line_break_holder] --><\/div>\n<p><!-- [et_pb_line_break_holder] --><\/p>\n<div style=\"float:left; width:20%; text-align:center;    margin-right: 4%;\"><!-- [et_pb_line_break_holder] --><img decoding=\"async\" src=\"https:\/\/marketingplatform.com\/wp-content\/uploads\/2019\/11\/med24-gray.png\" width=\"100\" style=\"margin:20px 0px 20px 10px;\"><!-- [et_pb_line_break_holder] --><\/div>\n<p><!-- [et_pb_line_break_holder] --><\/p>\n<div style=\"float:left; width:18%;    margin-right: 1%;\"><!-- [et_pb_line_break_holder] --><img decoding=\"async\" src=\"https:\/\/marketingplatform.com\/wp-content\/uploads\/2019\/08\/cykelpartner-logo.png\" width=\"180\" style=\"margin:29px 20px 20px 0px;\"><!-- [et_pb_line_break_holder] --><\/div>\n<p><!-- [et_pb_line_break_holder] --><\/p>\n<div style=\"float:left; width:20%; text-align:center;     margin-right: 1%;\"><!-- [et_pb_line_break_holder] --><img decoding=\"async\" src=\"https:\/\/marketingplatform.com\/wp-content\/uploads\/2019\/04\/aldi-grey.png\" width=\"50\" style=\"margin:10px 0px 20px 0px;\"><!-- [et_pb_line_break_holder] --><\/div>\n<p><!-- [et_pb_line_break_holder] --><\/p>\n<div style=\"float:left; width:18%;      margin-right: 2%;  text-align: center;\"><!-- [et_pb_line_break_holder] --><img decoding=\"async\" src=\"https:\/\/marketingplatform.com\/wp-content\/uploads\/2019\/02\/verisure-logo.png\" width=\"120\" style=\"margin:18px 0px 20px 0px;\"><!-- [et_pb_line_break_holder] --><\/div>\n<p><!-- [et_pb_line_break_holder] --><\/div>\n<p>[\/et_pb_code][\/et_pb_column][\/et_pb_row][\/et_pb_section]<\/p>\n","protected":false},"excerpt":{"rendered":"<p>Rapporteringsv\u00e6rkt\u00f8jer og Statistik Rapporteringsv\u00e6rkt\u00f8jerne rundt om statistikken, er din virksomheds vigtigste v\u00e6rkt\u00f8jer, for at kunne optimere fremtidige kampagner. I MarketingPlatform har vi optimeret rapporterne, s\u00e5 du kan l\u00e6re bedst muligt af allerede sendte kampagner. MarketingPlatform kan ogs\u00e5 automatisk berige modtagernes profiler ud fra deres adf\u00e6rd. Den berigede adf\u00e6rd kan v\u00e6re genstand for nye segmenter, nye [&hellip;]<\/p>\n","protected":false},"author":50,"featured_media":0,"parent":0,"menu_order":0,"comment_status":"closed","ping_status":"closed","template":"","meta":{"_et_pb_use_builder":"on","_et_pb_old_content":"<p><img class=\"scale-with-grid alignright\" title=\"\" src=\"https:\/\/marketingplatform.com\/wp-content\/uploads\/2017\/04\/rapportering-mailplatform-updateprofile.png\" alt=\"\" width=\"332\" height=\"194\" \/><\/p><p>Rapporteringsv\u00e6rkt\u00f8jerne rundt om statistikken, er din virksomheds vigtigste v\u00e6rkt\u00f8jer, for at kunne optimere fremtidige kampagner. I MailPlatform har vi optimeret rapporterne, s\u00e5 du kan l\u00e6re bedst muligt af allerede sendte kampagner.<\/p><p>MailPlatform kan ogs\u00e5 automatisk berige modtagernes profiler ud fra deres adf\u00e6rd. Den berigede adf\u00e6rd kan v\u00e6re genstand for nye segmenter, nye automatiske kampagner eller en kombinationen af manuelle handlinger og automatiserede eksekveringer.<br \/> <br \/><br \/> <img class=\"full-width\" src=\"https:\/\/marketingplatform.com\/wp-content\/uploads\/2017\/04\/mailplatform-referencer-small.png\" alt=\"\" border=\"0\" \/><br \/> <br \/><br \/> <img class=\"scale-with-grid alignleft\" title=\"\" src=\"https:\/\/marketingplatform.com\/wp-content\/uploads\/2017\/04\/statistik-mailplatform-enheder-1024x469.png\" alt=\"\" width=\"401\" height=\"184\" \/><strong>Det viser statistikken af data<\/strong><\/p><p>Statistikken fort\u00e6ller noget om den enkelte kampagne. Den giver et detaljeret billede af hvordan kampagnen har klaret sig. Hvor mange der har \u00e5bnet den, hvem det er og hvorn\u00e5r det er sket. Den fort\u00e6ller ogs\u00e5, hvad hver enkelt modtager har klikket p\u00e5, og hvorn\u00e5r det er sket.<\/p><p>Derudover rapporteres modtagerens anvendte enhed, og mailen er set p\u00e5 en smartphone, tablet eller en computer.<\/p><p>Dataene nedbrydes ogs\u00e5 til termer som \u00e5bningsprocent, klikprocent og klik til \u00e5bningsprocent. Samt en r\u00e6kke unikke v\u00e6rdier, der er renset for multiple handlinger fra samme person - feks hvis mailen er \u00e5bnet flere gange af samme modtager.<\/p><p>\u00a0<\/p><p><img class=\"scale-with-grid alignright\" title=\"\" src=\"https:\/\/marketingplatform.com\/wp-content\/uploads\/2017\/04\/rapportering-mailplatform-enhedopen.png\" alt=\"\" width=\"294\" height=\"437\" \/><strong>Indsigt i modtagernes vaner<\/strong><\/p><p>Modtagerne er din virksomheds vigtigste aktiv. Der er ofte lighedstegn mellem dine kunder og modtagere. Derfor er indsigt i modtagernes vaner yderst v\u00e6rdifuld.<\/p><p>MailPlatform opsamler den komplette adf\u00e6rd, n\u00e5r en modtager \u00e5bner og klikker i dine nyhedsbreve. Derudover detekterer systemet ogs\u00e5 den enhed modtageren anvender, er det en smartphone (og hvilket operativsystem, feks Android eller iOS), en tablet eller en computer. For alle enhederne opsamles operativsystemet og versionsnummeret.<\/p><p>Derudover l\u00e6ser vi geografien p\u00e5 dine modtagere. Hver eneste gang modtageren klikker p\u00e5 er link i en kampagne, opdaterer vi geografien. I de fleste lande er n\u00f8jagtigheden fremragende og helt ned p\u00e5 byniveau. MailPlatform gemmer landet, regionen og byen p\u00e5 90% af verdens lande (og alle europ\u00e6iske lande).<\/p><p>Det er muligt at sammens\u00e6tte modtagerne af fremtidige kampagner, alene ud fra deres adf\u00e6rd i tidligere kampagner. Eksempel kunne v\u00e6re alle der klikkede p\u00e5 jeans i sidste uge skal modtage tilbud p\u00e5 b\u00e6lter i denne uge.<br \/> <\/p><h2>Pr\u00f8v MailPlatform gratis -\u00a0og f\u00e5 succes med dine nyhedsbreve<\/h2><h3>Du tilmelder dig p\u00e5 10\u00a0sekunder - uden brug af kreditkort - skriv trygt din email i feltet herunder<\/h3><p>Blandt kunderne, der anvender MailPlatform til at forbedre deres kommunikation, er Applus, Bauhaus, Billetlugen, CBS, \u00a0EGMONT, Gallup, Jensens B\u00f8fhus, Kop & Kande, LEGO, Leo Pharma, Lions, Merck, Mr., Sampension, UNICEF og \u00c6ldresagen.<br \/> <br \/><br \/> [widget id=\"text-183\"]<br \/> <\/p><p><strong>Update Profile g\u00f8r statistikken til brugbar rapportering<\/strong><\/p><p>Selve statistikken i MailPlatform binder sig til den enkelte kampagne. Men ved at berige alle, eller et udsnit af links i en kampagne, med funktionen Update Profile, skifter statistikken karakter til en berigende rapportering.<\/p><p>Konkret opdateres modtagerens kontaktkort ud fra deres handling. Den viden kan anvendes til fremtidige udsendelser. Der opbygges ogs\u00e5 en rating, der kan anvendes til sortering af indhold med Relevant Content.<\/p><p>Udover Update Profile kan triggere og autorespondere reagere p\u00e5 modtagernes adf\u00e6rd i en kampagne, og anvende denne til automatiserede flows.<\/p><p>Et flow kan feks tage udgangspunkt i, at en modtager \u00e5bner en bestemt kampagne.<\/p><p>L\u00e6s beskrivelserne af <a href=\"https:\/\/mailplatform.dk\/updateprofile\/\">Update Profile<\/a>, <a href=\"https:\/\/mailplatform.dk\/segmenter\/\">segmenter<\/a>, <a href=\"https:\/\/mailplatform.dk\/artikler-presse\/big-data-og-mailplatform\/\">Relevant Content<\/a>, <a href=\"https:\/\/mailplatform.dk\/autoresponder\/\">autorespondere<\/a> og <a href=\"https:\/\/mailplatform.dk\/triggermails\/\">triggere<\/a> for yderligere information.<\/p>","_et_gb_content_width":"","footnotes":""},"categories":[],"tags":[],"yst_prominent_words":[1079,77,1076,1081,1074,1072,1073,1069,1080,1077,1066,962,1078,1067,1064,1075,1065,1070,1068,201],"_links":{"self":[{"href":"https:\/\/marketingplatform.com\/da\/wp-json\/wp\/v2\/pages\/5885"}],"collection":[{"href":"https:\/\/marketingplatform.com\/da\/wp-json\/wp\/v2\/pages"}],"about":[{"href":"https:\/\/marketingplatform.com\/da\/wp-json\/wp\/v2\/types\/page"}],"author":[{"embeddable":true,"href":"https:\/\/marketingplatform.com\/da\/wp-json\/wp\/v2\/users\/50"}],"replies":[{"embeddable":true,"href":"https:\/\/marketingplatform.com\/da\/wp-json\/wp\/v2\/comments?post=5885"}],"version-history":[{"count":7,"href":"https:\/\/marketingplatform.com\/da\/wp-json\/wp\/v2\/pages\/5885\/revisions"}],"predecessor-version":[{"id":61343,"href":"https:\/\/marketingplatform.com\/da\/wp-json\/wp\/v2\/pages\/5885\/revisions\/61343"}],"wp:attachment":[{"href":"https:\/\/marketingplatform.com\/da\/wp-json\/wp\/v2\/media?parent=5885"}],"wp:term":[{"taxonomy":"category","embeddable":true,"href":"https:\/\/marketingplatform.com\/da\/wp-json\/wp\/v2\/categories?post=5885"},{"taxonomy":"post_tag","embeddable":true,"href":"https:\/\/marketingplatform.com\/da\/wp-json\/wp\/v2\/tags?post=5885"},{"taxonomy":"yst_prominent_words","embeddable":true,"href":"https:\/\/marketingplatform.com\/da\/wp-json\/wp\/v2\/yst_prominent_words?post=5885"}],"curies":[{"name":"wp","href":"https:\/\/api.w.org\/{rel}","templated":true}]}}