{"id":5877,"date":"2017-04-13T08:17:30","date_gmt":"2017-04-13T06:17:30","guid":{"rendered":"https:\/\/marketingplatform.com\/?page_id=5877\/"},"modified":"2020-03-27T13:27:09","modified_gmt":"2020-03-27T12:27:09","slug":"opdater-profil","status":"publish","type":"page","link":"https:\/\/marketingplatform.com\/da\/opdater-profil\/","title":{"rendered":"Opdater profil"},"content":{"rendered":"<p>[et_pb_section fb_built=&#8221;1&#8243; admin_label=&#8221;section&#8221; _builder_version=&#8221;3.22&#8243; transparent_background=&#8221;off&#8221;][et_pb_row admin_label=&#8221;row&#8221; _builder_version=&#8221;3.25&#8243; background_size=&#8221;initial&#8221; background_position=&#8221;top_left&#8221; background_repeat=&#8221;repeat&#8221;][et_pb_column type=&#8221;4_4&#8243; _builder_version=&#8221;3.25&#8243; custom_padding=&#8221;|||&#8221; custom_padding__hover=&#8221;|||&#8221;][et_pb_text admin_label=&#8221;Text&#8221; _builder_version=&#8221;3.27.4&#8243; background_size=&#8221;initial&#8221; background_position=&#8221;top_left&#8221; background_repeat=&#8221;repeat&#8221; use_border_color=&#8221;off&#8221; border_style=&#8221;solid&#8221;]<\/p>\n<h1>Opdater Profil<\/h1>\n<p><img decoding=\"async\" loading=\"lazy\" class=\"scale-with-grid alignright image-border\" title=\"\" src=\"https:\/\/marketingplatform.com\/wp-content\/uploads\/2017\/04\/web-form.png\" alt=\"\" width=\"342\" height=\"319\" \/>Med opdater profil funktionen, kan modtagerne selv opdatere deres kontaktkort i MarketingPlatform.<br \/>\nFunktionen er en del af webforms, som vi forklarer i sin helhed p\u00e5 denne side.<\/p>\n<p>Modsat de \u00f8vrige funktioner i MarketingPlatform, der sigter mod at sende mailkampagner og SMS kampagner, er opdater profil en landingpage som MarketingPlatform hoster. Landingpagen, der teknisk er en webside, er en dynamisk side, hvor hver enkelt modtager ser en individuel version.<\/p>\n<p>Siden kaldes fra en udsendt kampagne, og leder modtageren direkte ind p\u00e5 en formular, der allerede indeholder de oplysninger MarketingPlatform kender. Du kan selv v\u00e6lge de felter, der skal v\u00e6re tilg\u00e6ngelige i den enkelte formular, samt hvilke der ikke skal kunne \u00e6ndres af modtageren.[\/et_pb_text][\/et_pb_column][\/et_pb_row][et_pb_row column_structure=&#8221;1_5,1_5,1_5,1_5,1_5&#8243; module_class=&#8221;custom_row&#8221; _builder_version=&#8221;3.25&#8243; background_size=&#8221;initial&#8221; background_position=&#8221;top_left&#8221; background_repeat=&#8221;repeat&#8221; width_tablet=&#8221;80%&#8221; width_phone=&#8221;&#8221; width_last_edited=&#8221;on|desktop&#8221; max_width_tablet=&#8221;1024px&#8221; max_width_phone=&#8221;&#8221; max_width_last_edited=&#8221;on|tablet&#8221; module_alignment=&#8221;center&#8221;][et_pb_column type=&#8221;1_5&#8243; _builder_version=&#8221;3.25&#8243; custom_padding=&#8221;|||&#8221; custom_padding__hover=&#8221;|||&#8221;][et_pb_image src=&#8221;https:\/\/marketingplatform.com\/wp-content\/uploads\/2019\/11\/verisure.png&#8221; align_tablet=&#8221;center&#8221; align_phone=&#8221;&#8221; align_last_edited=&#8221;on|desktop&#8221; _builder_version=&#8221;4.0.2&#8243; max_width=&#8221;92%&#8221; max_width_tablet=&#8221;65%&#8221; max_width_phone=&#8221;50%&#8221; max_width_last_edited=&#8221;on|desktop&#8221; module_alignment=&#8221;center&#8221; custom_padding=&#8221;6px||||false|false&#8221;]<\/p>\n<p>[\/et_pb_image][\/et_pb_column][et_pb_column type=&#8221;1_5&#8243; _builder_version=&#8221;3.25&#8243; custom_padding=&#8221;|||&#8221; custom_padding__hover=&#8221;|||&#8221;][et_pb_image src=&#8221;https:\/\/marketingplatform.com\/wp-content\/uploads\/2019\/03\/med24-logo.png&#8221; align_tablet=&#8221;center&#8221; align_phone=&#8221;&#8221; align_last_edited=&#8221;on|desktop&#8221; _builder_version=&#8221;3.23.3&#8243; max_width=&#8221;72%&#8221; max_width_tablet=&#8221;65%&#8221; max_width_phone=&#8221;50%&#8221; max_width_last_edited=&#8221;on|phone&#8221; module_alignment=&#8221;center&#8221;]<\/p>\n<p>[\/et_pb_image][\/et_pb_column][et_pb_column type=&#8221;1_5&#8243; _builder_version=&#8221;3.25&#8243; custom_padding=&#8221;|||&#8221; custom_padding__hover=&#8221;|||&#8221;][et_pb_image src=&#8221;https:\/\/marketingplatform.com\/wp-content\/uploads\/2020\/03\/danishcrown.png&#8221; align=&#8221;center&#8221; align_tablet=&#8221;center&#8221; align_phone=&#8221;&#8221; align_last_edited=&#8221;on|desktop&#8221; _builder_version=&#8221;4.4.0&#8243; max_width=&#8221;68%&#8221; max_width_tablet=&#8221;62%&#8221; max_width_phone=&#8221;46%&#8221; max_width_last_edited=&#8221;on|phone&#8221; module_alignment=&#8221;center&#8221; custom_margin=&#8221;-7px||||false|false&#8221; custom_padding=&#8221;||||false|false&#8221;]<\/p>\n<p>[\/et_pb_image][\/et_pb_column][et_pb_column type=&#8221;1_5&#8243; _builder_version=&#8221;3.25&#8243; custom_padding=&#8221;|||&#8221; custom_padding__hover=&#8221;|||&#8221;][et_pb_image src=&#8221;https:\/\/marketingplatform.com\/wp-content\/uploads\/2019\/08\/cykelpartner.png&#8221; align_tablet=&#8221;center&#8221; align_phone=&#8221;&#8221; align_last_edited=&#8221;on|desktop&#8221; _builder_version=&#8221;3.23.3&#8243; max_width=&#8221;100%&#8221; max_width_tablet=&#8221;60%&#8221; max_width_phone=&#8221;45%&#8221; max_width_last_edited=&#8221;on|phone&#8221; module_alignment=&#8221;center&#8221; custom_padding=&#8221;8px||&#8221;]<\/p>\n<p>[\/et_pb_image][\/et_pb_column][et_pb_column type=&#8221;1_5&#8243; _builder_version=&#8221;3.25&#8243; custom_padding=&#8221;3px|||&#8221; custom_padding__hover=&#8221;|||&#8221;][et_pb_image src=&#8221;https:\/\/marketingplatform.com\/wp-content\/uploads\/2019\/10\/olivers-dk.png&#8221; align_tablet=&#8221;center&#8221; align_phone=&#8221;&#8221; align_last_edited=&#8221;on|desktop&#8221; _builder_version=&#8221;4.0.2&#8243; width=&#8221;75%&#8221; max_width=&#8221;100%&#8221; max_width_tablet=&#8221;65%&#8221; max_width_phone=&#8221;50%&#8221; max_width_last_edited=&#8221;on|phone&#8221; module_alignment=&#8221;center&#8221;]<\/p>\n<p>[\/et_pb_image][\/et_pb_column][\/et_pb_row][et_pb_row admin_label=&#8221;row&#8221; _builder_version=&#8221;3.25&#8243; background_size=&#8221;initial&#8221; background_position=&#8221;top_left&#8221; background_repeat=&#8221;repeat&#8221;][et_pb_column type=&#8221;4_4&#8243; _builder_version=&#8221;3.25&#8243; custom_padding=&#8221;|||&#8221; custom_padding__hover=&#8221;|||&#8221;][et_pb_text admin_label=&#8221;Text&#8221; _builder_version=&#8221;4.0.2&#8243; background_size=&#8221;initial&#8221; background_position=&#8221;top_left&#8221; background_repeat=&#8221;repeat&#8221; use_border_color=&#8221;off&#8221; border_style=&#8221;solid&#8221;]<\/p>\n<h4>Sikkerheden for modtagerne<\/h4>\n<p>Det link modtagerne klikker p\u00e5, for at kunne \u00e6ndre deres data, er et langt krypteret link. Det best\u00e5r af en 32 karakters checksum, information omkring kontaktlisten og et id for opdater profil formularen. Det er med andre ord et meget langt link, og i praksis umuligt for andre end den enkelte modtager, at f\u00e5 adgang til formularen.<\/p>\n<p>Udover selve checksummen skal de \u00f8vrige id&#8217;er matche rettighederne for liste, kunde og formular.<\/p>\n<h4>Sammenh\u00e6ngen med en kontaktliste<\/h4>\n<p>Modtagerens profil i MarketingPlatform er de felter, du har valgt at tilknytte en kontaktliste. Disse felter kan modtagerne selv vedligeholde (\u00e6ndre), med et klik fra en tilsendt kampagne. Med vores wizard funktion kan du sammens\u00e6tte formularen, og tilf\u00f8je et design der matcher din virksomheds profil.<\/p>\n<p>Det er muligt at tilknytte en opdater profil formular til en eller flere kontaktlister. Her er det vigtigt at bem\u00e6rke, at de tilknyttede felter skal matche p\u00e5 tv\u00e6rs af kontaktlisterne. Du kan l\u00e6se mere om Custom Fields &#8211; egne felter &#8211;<a href=\"https:\/\/marketingplatform.com\/da\/egnefelter-til-nyhedsbreve\/\"> her<\/a>.<\/p>\n<p>[\/et_pb_text][\/et_pb_column][\/et_pb_row][et_pb_row admin_label=&#8221;row&#8221; _builder_version=&#8221;3.25&#8243; background_size=&#8221;initial&#8221; background_position=&#8221;top_left&#8221; background_repeat=&#8221;repeat&#8221;][et_pb_column type=&#8221;4_4&#8243; _builder_version=&#8221;3.25&#8243; custom_padding=&#8221;|||&#8221; custom_padding__hover=&#8221;|||&#8221;][et_pb_text disabled_on=&#8221;on|off|off&#8221; admin_label=&#8221;Text&#8221; _builder_version=&#8221;3.27.4&#8243; background_size=&#8221;initial&#8221; background_position=&#8221;top_left&#8221; background_repeat=&#8221;repeat&#8221; use_border_color=&#8221;off&#8221; border_style=&#8221;solid&#8221;]<img decoding=\"async\" loading=\"lazy\" class=\"scale-with-grid alignleft image-border\" title=\"\" src=\"..\/..\/wp-content\/uploads\/2017\/04\/webforms-mailplatform-opdaterprofil1.png\" alt=\"\" width=\"440\" height=\"1124\" \/><\/p>\n<h4>Istedet for et sp\u00f8rgeskema<\/h4>\n<p>Mange kunder anvender adskillige varianter af formularen, og bruger dem istedet for sp\u00f8rgeskema modulet, binder dem sammen med feks en konkurrence, og f\u00e5r modtagerne til at fort\u00e6lle mere om bestemte interesser, emner eller give feedback.<\/p>\n<p>P\u00e5 den m\u00e5de vil dine data om modtagerne, dine kunder eller kommende kunder og interessenter, blive beriget og meget mere v\u00e6rdifulde.<\/p>\n<p>Berigede data kan anvendes til bedre m\u00e5lretning, ved at bruge de mange indbyggede v\u00e6rkt\u00f8jer til form\u00e5let.<\/p>\n<h4>At bruge den opsamlede viden<\/h4>\n<p>Den viden der opsamles i opdater profil formularerne, kan direkte anvendes til segmenter og automatiske flows.<\/p>\n<p>Der er ingen forskel p\u00e5 en information p\u00e5 en modtager, der stammer fra en tilmelding gennem en webform, data importeret ind, data der kommer via API&#8217;et eller oplysninger fra opdater profil formularer.<\/p>\n<p>Vi har skrevet en side, der forklarer om <a href=\"https:\/\/marketingplatform.com\/da\/email-marketing\/funktioner\/#PersonaliseringogSegmentering\">Segmenter<\/a> og <a href=\"https:\/\/marketingplatform.com\/da\/dynamisk-indhold\/\">Dynamisk Indhold<\/a>. To v\u00e6sentlige omr\u00e5der i MarketingPlatform for anvendelse af berigede informationer.<\/p>\n<p>Se ogs\u00e5 siderne om automatiske flows med <a href=\"https:\/\/marketingplatform.com\/da\/autoresponder\/\">Autoresponder<\/a> og <a href=\"https:\/\/marketingplatform.com\/da\/triggermails\/\">Trigger Mails<\/a>.<\/p>\n<p>I tilgift til den viden der opsamles, vil en kundes aktivitet med en opdater profil formular, give mange point til brug for MailRating. MailRating optimerer blandt andet leveringen af udsendelserne.<\/p>\n<p>L\u00e6s mere om <a href=\"https:\/\/marketingplatform.com\/da\/mailrating-by-mailplatform\/\">MailRating<\/a> p\u00e5 denne side.<br \/>\n[\/et_pb_text][\/et_pb_column][\/et_pb_row][\/et_pb_section][et_pb_section fb_built=&#8221;1&#8243; custom_padding_last_edited=&#8221;on|phone&#8221; module_class=&#8221;ressourcer-signup&#8221; _builder_version=&#8221;4.0.2&#8243; background_color=&#8221;#dee7f1&#8243; custom_padding=&#8221;7%||&#8221; custom_padding_tablet=&#8221;12%||||false|false&#8221; custom_padding_phone=&#8221;17%||||false|false&#8221; top_divider_style=&#8221;asymmetric2&#8243; top_divider_color=&#8221;#ffffff&#8221; top_divider_height=&#8221;60px&#8221; global_module=&#8221;19033&#8243;][et_pb_row _builder_version=&#8221;3.25&#8243; background_size=&#8221;initial&#8221; background_position=&#8221;top_left&#8221; background_repeat=&#8221;repeat&#8221; custom_margin=&#8221;||10px&#8221; custom_padding=&#8221;||10px&#8221;][et_pb_column type=&#8221;4_4&#8243; _builder_version=&#8221;3.25&#8243; custom_padding=&#8221;|||&#8221; custom_padding__hover=&#8221;|||&#8221;][et_pb_text _builder_version=&#8221;4.0.2&#8243; text_orientation=&#8221;center&#8221;]<\/p>\n<h2 style=\"font-style: normal;\">Pr\u00f8v MarketingPlatform gratis i 14 dage<\/h2>\n<p style=\"font-style: normal;\">Pr\u00f8veperioden er gratis, helt uforpligtende og udl\u00f8ber efter 14 dage, hvis du ikke \u00f8nsker at forts\u00e6tte.<br \/> Ved tilmelding modtager du samtidig vores uddannelsesflow p\u00e5 en serie af mails \u2013 og vores nyhedsbrev.<\/p>\n<p>[\/et_pb_text][\/et_pb_column][\/et_pb_row][et_pb_row _builder_version=&#8221;4.0.2&#8243;][et_pb_column type=&#8221;4_4&#8243; _builder_version=&#8221;4.0.2&#8243;][et_pb_code _builder_version=&#8221;4.0.2&#8243; text_orientation=&#8221;center&#8221;]<a href=\"https:\/\/marketingplatform.com\/da\/gratis-proeveversion\/\" class=\"green-btn2\" style=\"background:#09cd6f; padding:18px 60px; margin-bottom:10px!important;\">Pr\u00f8v os gratis nu<\/a> <a href=\"https:\/\/marketingplatform.com\/da\/book-emailplatform-demo\/\" class=\"green-btn2\" style=\"background:#0daae2; padding:18px 70px;\">Book demo<\/a>[\/et_pb_code][\/et_pb_column][\/et_pb_row][et_pb_row _builder_version=&#8221;4.0.2&#8243; max_width=&#8221;768px&#8221; custom_margin=&#8221;15px||0px||false|false&#8221; custom_padding=&#8221;0px||0px&#8221; use_custom_width=&#8221;on&#8221; custom_width_px=&#8221;768px&#8221;][et_pb_column type=&#8221;4_4&#8243; _builder_version=&#8221;3.25&#8243; custom_padding=&#8221;|||&#8221; custom_padding__hover=&#8221;|||&#8221;][et_pb_code _builder_version=&#8221;4.0.2&#8243;]<\/p>\n<div class=\"awards-align\" ><!-- [et_pb_line_break_holder] --><\/p>\n<div style=\"float:left; width:14%; text-align:right;   margin-right: 2%;\"><!-- [et_pb_line_break_holder] --><img decoding=\"async\" src=\"https:\/\/marketingplatform.com\/wp-content\/uploads\/2020\/01\/primotours.png\" width=\"56\" style=\"margin:10px 20px 20px 0px;\"><!-- [et_pb_line_break_holder] --><\/div>\n<p><!-- [et_pb_line_break_holder] --><\/p>\n<div style=\"float:left; width:20%; text-align:center;    margin-right: 4%;\"><!-- [et_pb_line_break_holder] --><img decoding=\"async\" src=\"https:\/\/marketingplatform.com\/wp-content\/uploads\/2019\/11\/med24-gray.png\" width=\"100\" style=\"margin:20px 0px 20px 10px;\"><!-- [et_pb_line_break_holder] --><\/div>\n<p><!-- [et_pb_line_break_holder] --><\/p>\n<div style=\"float:left; width:18%;    margin-right: 1%;\"><!-- [et_pb_line_break_holder] --><img decoding=\"async\" src=\"https:\/\/marketingplatform.com\/wp-content\/uploads\/2019\/08\/cykelpartner-logo.png\" width=\"180\" style=\"margin:29px 20px 20px 0px;\"><!-- [et_pb_line_break_holder] --><\/div>\n<p><!-- [et_pb_line_break_holder] --><\/p>\n<div style=\"float:left; width:20%; text-align:center;     margin-right: 1%;\"><!-- [et_pb_line_break_holder] --><img decoding=\"async\" src=\"https:\/\/marketingplatform.com\/wp-content\/uploads\/2019\/04\/aldi-grey.png\" width=\"50\" style=\"margin:10px 0px 20px 0px;\"><!-- [et_pb_line_break_holder] --><\/div>\n<p><!-- [et_pb_line_break_holder] --><\/p>\n<div style=\"float:left; width:18%;      margin-right: 2%;  text-align: center;\"><!-- [et_pb_line_break_holder] --><img decoding=\"async\" src=\"https:\/\/marketingplatform.com\/wp-content\/uploads\/2019\/02\/verisure-logo.png\" width=\"120\" style=\"margin:18px 0px 20px 0px;\"><!-- [et_pb_line_break_holder] --><\/div>\n<p><!-- [et_pb_line_break_holder] --><\/div>\n<p>[\/et_pb_code][\/et_pb_column][\/et_pb_row][\/et_pb_section]<\/p>\n","protected":false},"excerpt":{"rendered":"<p>Opdater Profil Med opdater profil funktionen, kan modtagerne selv opdatere deres kontaktkort i MarketingPlatform. Funktionen er en del af webforms, som vi forklarer i sin helhed p\u00e5 denne side. Modsat de \u00f8vrige funktioner i MarketingPlatform, der sigter mod at sende mailkampagner og SMS kampagner, er opdater profil en landingpage som MarketingPlatform hoster. Landingpagen, der teknisk [&hellip;]<\/p>\n","protected":false},"author":50,"featured_media":0,"parent":0,"menu_order":0,"comment_status":"closed","ping_status":"closed","template":"","meta":{"_et_pb_use_builder":"on","_et_pb_old_content":"<p><img class=\"scale-with-grid alignright\" title=\"\" src=\"https:\/\/marketingplatform.com\/wp-content\/uploads\/2017\/04\/opdaterprofil-mailplatform-wizard.png\" alt=\"\" width=\"342\" height=\"319\" \/>Med opdater profil funktionen, kan modtagerne selv opdatere deres kontaktkort i MailPlatform.<br \/> Funktionen er en del af webforms, som vi forklarer i sin helhed p\u00e5 denne side.<\/p><p>Modsat de \u00f8vrige funktioner i MailPlatform, der sigter mod at sende mailkampagner og SMS kampagner, er opdater profil en landingpage som MailPlatform hoster. Landingpagen, der teknisk er en webside, er en dynamisk side, hvor hver enkelt modtager ser en individuel version.<\/p><p>Siden kaldes fra en udsendt kampagne, og leder modtageren direkte ind p\u00e5 en formular, der allerede indeholder de oplysninger MailPlatform kender. Du kan selv v\u00e6lge de felter, der skal v\u00e6re tilg\u00e6ngelige i den enkelte formular, samt hvilke der ikke skal kunne \u00e6ndres af modtageren.<br \/> <br \/><br \/> <img class=\"full-width\" src=\"https:\/\/marketingplatform.com\/wp-content\/uploads\/2017\/04\/mailplatform-white-reference-900px-15a-1.png\" alt=\"\" border=\"0\" \/><br \/> <br \/><br \/> <strong>Sikkerheden for modtagerne<\/strong><\/p><p>Det link modtagerne klikker p\u00e5, for at kunne \u00e6ndre deres data, er et langt krypteret link. Det best\u00e5r af en 32 karakters checksum, information omkring kontaktlisten og et id for opdater profil formularen. Det er med andre ord et meget langt link, og i praksis umuligt for andre end den enkelte modtager, at f\u00e5 adgang til formularen.<\/p><p>Udover selve checksummen skal de \u00f8vrige id'er matche rettighederne for liste, kunde og formular.<\/p><p><strong>Sammenh\u00e6ngen med en kontaktliste<\/strong><\/p><p>Modtagerens profil i MailPlatform er de felter, du har valgt at tilknytte en kontaktliste. Disse felter kan modtagerne selv vedligeholde (\u00e6ndre), med et klik fra en tilsendt kampagne. Med vores wizard funktion kan du sammens\u00e6tte formularen, og tilf\u00f8je et design der matcher din virksomheds profil.<\/p><p>Det er muligt at tilknytte en opdater profil formular til en eller flere kontaktlister. Her er det vigtigt at bem\u00e6rke, at de tilknyttede felter skal matche p\u00e5 tv\u00e6rs af kontaktlisterne. Du kan l\u00e6se mere om Custom Fields - egne felter - her.<br \/> <br \/><br \/> <img class=\"scale-with-grid alignleft\" title=\"\" src=\"https:\/\/marketingplatform.com\/wp-content\/uploads\/2017\/04\/webforms-mailplatform-opdaterprofil1.png\" alt=\"\" width=\"211\" height=\"539\" \/><\/p><p><strong>Istedet for et sp\u00f8rgeskema<\/strong><\/p><p>Mange kunder anvender adskillige varianter af formularen, og bruger dem istedet for sp\u00f8rgeskema modulet, binder dem sammen med feks en konkurrence, og f\u00e5r modtagerne til at fort\u00e6lle mere om bestemte interesser, emner eller give feedback.<\/p><p>P\u00e5 den m\u00e5de vil dine data om modtagerne, dine kunder eller kommende kunder og interessenter, blive beriget og meget mere v\u00e6rdifulde.<\/p><p>Berigede data kan anvendes til bedre m\u00e5lretning, ved at bruge de mange indbyggede v\u00e6rkt\u00f8jer til form\u00e5let.<\/p><p><strong>At bruge den opsamlede viden<\/strong><\/p><p>Den viden der opsamles i opdater profil formularerne, kan direkte anvendes til segmenter og automatiske flows.<\/p><p>Der er ingen forskel p\u00e5 en information p\u00e5 en modtager, der stammer fra en tilmelding gennem en webform, data importeret ind, data der kommer via API'et eller oplysninger fra opdater profil formularer.<\/p><p>Vi har skrevet en side, der forklarer om <a href=\"https:\/\/mailplatform.dk\/segmenter\/\">segmenter<\/a> og <a href=\"https:\/\/mailplatform.dk\/dynamisk-indhold\/\">dynamisk indhold<\/a>. To v\u00e6sentlige omr\u00e5der i MailPlatform for anvendelse af berigede informationer.<\/p><p>Se ogs\u00e5 siderne om automatiske flows med <a href=\"https:\/\/marketingplatform.com\/da\/autoresponder\/\">autoresponder<\/a> og <a href=\"https:\/\/mailplatform.dk\/triggermails\/\">trigger mails<\/a>.<\/p><p>I tilgift til den viden der opsamles, vil en kundes aktivitet med en opdater profil formular, give mange point til brug for MailRating. MailRating optimerer blandt andet leveringen af udsendelserne.<\/p><p>L\u00e6s mere om <a href=\"https:\/\/mailplatform.dk\/mailrating\/\">MailRating<\/a> p\u00e5 denne side.<br \/> <\/p><h2>Pr\u00f8v MailPlatform gratis -\u00a0og f\u00e5 succes med dine nyhedsbreve<\/h2><h3>Du tilmelder dig p\u00e5 10\u00a0sekunder - uden brug af kreditkort - skriv trygt din email i feltet herunder<\/h3><p>Blandt kunderne, der anvender MailPlatform til at forbedre deres kommunikation, er Applus, Bauhaus, Billetlugen, CBS, \u00a0EGMONT, Gallup, Jensens B\u00f8fhus, Kop & Kande, LEGO, Leo Pharma, Lions, Merck, Mr., Sampension, UNICEF og \u00c6ldresagen.<br \/> <br \/><br \/> [widget id=\"text-183\"]<\/p>","_et_gb_content_width":"","footnotes":""},"categories":[],"tags":[],"yst_prominent_words":[1053,1051,77,1060,1063,1055,1052,123,1059,1057,124,263,1061,1050,1054,1058,93,455,1062,1056],"_links":{"self":[{"href":"https:\/\/marketingplatform.com\/da\/wp-json\/wp\/v2\/pages\/5877"}],"collection":[{"href":"https:\/\/marketingplatform.com\/da\/wp-json\/wp\/v2\/pages"}],"about":[{"href":"https:\/\/marketingplatform.com\/da\/wp-json\/wp\/v2\/types\/page"}],"author":[{"embeddable":true,"href":"https:\/\/marketingplatform.com\/da\/wp-json\/wp\/v2\/users\/50"}],"replies":[{"embeddable":true,"href":"https:\/\/marketingplatform.com\/da\/wp-json\/wp\/v2\/comments?post=5877"}],"version-history":[{"count":5,"href":"https:\/\/marketingplatform.com\/da\/wp-json\/wp\/v2\/pages\/5877\/revisions"}],"predecessor-version":[{"id":54773,"href":"https:\/\/marketingplatform.com\/da\/wp-json\/wp\/v2\/pages\/5877\/revisions\/54773"}],"wp:attachment":[{"href":"https:\/\/marketingplatform.com\/da\/wp-json\/wp\/v2\/media?parent=5877"}],"wp:term":[{"taxonomy":"category","embeddable":true,"href":"https:\/\/marketingplatform.com\/da\/wp-json\/wp\/v2\/categories?post=5877"},{"taxonomy":"post_tag","embeddable":true,"href":"https:\/\/marketingplatform.com\/da\/wp-json\/wp\/v2\/tags?post=5877"},{"taxonomy":"yst_prominent_words","embeddable":true,"href":"https:\/\/marketingplatform.com\/da\/wp-json\/wp\/v2\/yst_prominent_words?post=5877"}],"curies":[{"name":"wp","href":"https:\/\/api.w.org\/{rel}","templated":true}]}}