{"id":5861,"date":"2017-04-13T07:43:50","date_gmt":"2017-04-13T05:43:50","guid":{"rendered":"https:\/\/marketingplatform.com\/?page_id=5861\/"},"modified":"2018-12-18T12:32:53","modified_gmt":"2018-12-18T11:32:53","slug":"modtager-profiler","status":"publish","type":"page","link":"https:\/\/marketingplatform.com\/da\/modtager-profiler\/","title":{"rendered":"Modtager profiler"},"content":{"rendered":"<p>[et_pb_section fb_built=&#8221;1&#8243; admin_label=&#8221;section&#8221; _builder_version=&#8221;3.0.74&#8243; transparent_background=&#8221;off&#8221;][et_pb_row admin_label=&#8221;row&#8221; _builder_version=&#8221;3.0.47&#8243; background_size=&#8221;initial&#8221; background_position=&#8221;top_left&#8221; background_repeat=&#8221;repeat&#8221;][et_pb_column type=&#8221;4_4&#8243; _builder_version=&#8221;3.0.47&#8243; parallax=&#8221;off&#8221; parallax_method=&#8221;on&#8221;][et_pb_text admin_label=&#8221;Text&#8221; _builder_version=&#8221;3.0.106&#8243; background_size=&#8221;initial&#8221; background_position=&#8221;top_left&#8221; background_repeat=&#8221;repeat&#8221; use_border_color=&#8221;off&#8221; border_style=&#8221;solid&#8221;]<\/p>\n<h1>Modtager Profiler<\/h1>\n<p><img decoding=\"async\" loading=\"lazy\" class=\"scale-with-grid alignright image-border\" title=\"\" src=\"https:\/\/marketingplatform.com\/wp-content\/uploads\/2017\/04\/edit-contact-details.png\" alt=\"\" width=\"357\" height=\"254\" \/>Modtagernes profil er omdrejningspunktet for kommunikationen fra MarketingPlatform. Modtageren har kun een profil, uanset om kommunikationen foreg\u00e5r som email nyhedsbreve eller SMS beskeder.<\/p>\n<p>Profilen beriges automatisk med en r\u00e6kke oplysninger, i takt med at du sender kampagner, og modtagerne interagerer med disse. F\u00f8rste gang modtageren bekr\u00e6fter sin tilmelding til din virksomheds kontaktliste, eller f\u00f8rste gang et link klikkes p\u00e5, vil MarketingPlatform automatisk bestemme modtagerens geografi. Det sker helt ned p\u00e5 byniveau. En oplysning der kan anvendes efterf\u00f8lgende til m\u00e5lretning.[\/et_pb_text][\/et_pb_column][\/et_pb_row][et_pb_row admin_label=&#8221;row&#8221; _builder_version=&#8221;3.0.47&#8243; background_size=&#8221;initial&#8221; background_position=&#8221;top_left&#8221; background_repeat=&#8221;repeat&#8221;][et_pb_column type=&#8221;4_4&#8243; _builder_version=&#8221;3.0.47&#8243; parallax=&#8221;off&#8221; parallax_method=&#8221;on&#8221;][et_pb_image src=&#8221;https:\/\/marketingplatform.com\/wp-content\/uploads\/2017\/04\/mailplatform-white-reference-900px-10ba.png&#8221; alt=&#8221;mailplatform-referencer-small&#8221; align=&#8221;center&#8221; admin_label=&#8221;Image&#8221; _builder_version=&#8221;3.0.87&#8243; animation_style=&#8221;slide&#8221; animation_direction=&#8221;left&#8221; animation_duration=&#8221;500ms&#8221; animation_intensity_slide=&#8221;10%&#8221; use_border_color=&#8221;off&#8221; border_color=&#8221;#ffffff&#8221; border_style=&#8221;solid&#8221; animation=&#8221;left&#8221; sticky=&#8221;off&#8221;][\/et_pb_image][\/et_pb_column][\/et_pb_row][et_pb_row admin_label=&#8221;row&#8221; _builder_version=&#8221;3.0.47&#8243; background_size=&#8221;initial&#8221; background_position=&#8221;top_left&#8221; background_repeat=&#8221;repeat&#8221;][et_pb_column type=&#8221;4_4&#8243; _builder_version=&#8221;3.0.47&#8243; parallax=&#8221;off&#8221; parallax_method=&#8221;on&#8221;][et_pb_text admin_label=&#8221;Text&#8221; _builder_version=&#8221;3.0.87&#8243; background_size=&#8221;initial&#8221; background_position=&#8221;top_left&#8221; background_repeat=&#8221;repeat&#8221; use_border_color=&#8221;off&#8221; border_style=&#8221;solid&#8221;]<\/p>\n<h4><img decoding=\"async\" loading=\"lazy\" class=\"scale-with-grid alignleft image-border\" title=\"\" src=\"..\/..\/wp-content\/uploads\/2017\/04\/geographical.png\" alt=\"\" width=\"270\" height=\"207\" \/>Geografisk profilering<\/h4>\n<p>Modtagerens geografi er selv i sm\u00e5 lande interessant. I mange brancher er der stor forskel p\u00e5, hvad indbyggere i forskellige landsdele k\u00f8ber. Ved at anvende Geo-IP profilen til at differentiere indholdet i en kampagne, vil effekten kunne v\u00e6re 4-5 gange s\u00e5 h\u00f8j som en usegmenteret kampagne.<\/p>\n<p>Mange kunder anvender en kombination af Geo-IP og postnummer, hvis et s\u00e5dant er kendt. Postnummeret vil som udgangspunkt altid v\u00e6re mere pr\u00e6cist, og det kan prioriteres fremfor Geo-IP feltet i m\u00e5lretningen af indholdet.<br \/>\n[\/et_pb_text][\/et_pb_column][\/et_pb_row][et_pb_row admin_label=&#8221;row&#8221; _builder_version=&#8221;3.0.47&#8243; background_size=&#8221;initial&#8221; background_position=&#8221;top_left&#8221; background_repeat=&#8221;repeat&#8221;][et_pb_column type=&#8221;4_4&#8243; _builder_version=&#8221;3.0.47&#8243; parallax=&#8221;off&#8221; parallax_method=&#8221;on&#8221;][et_pb_text admin_label=&#8221;Text&#8221; _builder_version=&#8221;3.0.87&#8243; background_size=&#8221;initial&#8221; background_position=&#8221;top_left&#8221; background_repeat=&#8221;repeat&#8221; use_border_color=&#8221;off&#8221; border_style=&#8221;solid&#8221;]<\/p>\n<h4><img decoding=\"async\" loading=\"lazy\" class=\"scale-with-grid alignright image-border\" title=\"\" src=\"..\/..\/wp-content\/uploads\/2017\/04\/mailrating-segment-creation.png\" alt=\"\" width=\"515\" height=\"166\" \/>MailRating<\/h4>\n<p>MailRating hj\u00e6lper din virksomhed med at have gode modtagere. P\u00e5 modtagerens kontaktkort vil en individuel rating blive vist. Hver gang en modtager har en positiv adf\u00e6rd p\u00e5 din, eller andre kunders lister, vil vedkommende f\u00e5 pluspoint i det interne MailRating regnskab. N\u00e5r modtageren er passiv, ikke \u00e5bner eller klikker i tilsendte kampagner, vil modtageren f\u00e5 minus point.<\/p>\n<p>For hver modtager fremg\u00e5r MailRating som en r\u00e6kke stjerne, samt en label med VIP, Good, Average eller Poor. Vi anvender scoren til at optimere leveringen. Du kan som kunde anvende den i et segment, og alene sende din kampagne til feks alle VIP modtagere.<br \/>\n[\/et_pb_text][\/et_pb_column][\/et_pb_row][et_pb_row admin_label=&#8221;row&#8221; _builder_version=&#8221;3.0.47&#8243; background_size=&#8221;initial&#8221; background_position=&#8221;top_left&#8221; background_repeat=&#8221;repeat&#8221;][et_pb_column type=&#8221;4_4&#8243; _builder_version=&#8221;3.0.47&#8243; parallax=&#8221;off&#8221; parallax_method=&#8221;on&#8221;][et_pb_text admin_label=&#8221;Text&#8221; _builder_version=&#8221;3.0.87&#8243; background_size=&#8221;initial&#8221; background_position=&#8221;top_left&#8221; background_repeat=&#8221;repeat&#8221; use_border_color=&#8221;off&#8221; border_style=&#8221;solid&#8221;]<\/p>\n<h4><img decoding=\"async\" loading=\"lazy\" class=\"scale-with-grid alignleft image-border\" title=\"\" src=\"..\/..\/wp-content\/uploads\/2017\/04\/modtagerprofiler-mailplatform-historik.png\" alt=\"\" width=\"300\" height=\"320\" \/>Historien om modtagerens aktivitet<\/h4>\n<p>MarketingPlatform gemmer modtagerne historie over modtagne kampagner. Det er muligt at se om en modtager har \u00e5bnet, ikke \u00e5bnet en kampagne, og hvilket link eller links vedkommende har klikket p\u00e5.<\/p>\n<p>Historikken kan g\u00f8res aktiv med mange forskellige funktioner. Den anvendes til opbygning af segmenter, som fundamentet for dynamisk og relevant content, styrer autorespondere og trigger kampagner. Og fremg\u00e5r naturligvis ogs\u00e5 for hver kampagne under fanen statistik.<\/p>\n<p>Mange kunder anvender historikken, hvis en modtager henvender sig, og vil dr\u00f8fte hvorfor de modtager din virksomheds nyhedsbrev. Nogle gange glemmer modtagerne, hvorn\u00e5r de har tilmeldt sig, eller er der tale om f\u00f8lsomme mails, p\u00e5st\u00e5r de m\u00e5ske aldrig at have set et bestemt budskab. Historikken i MarketingPlatform fort\u00e6ller hele historien for hver enkelt modtager.<br \/>\n[\/et_pb_text][\/et_pb_column][\/et_pb_row][et_pb_row admin_label=&#8221;row&#8221; _builder_version=&#8221;3.0.47&#8243; background_size=&#8221;initial&#8221; background_position=&#8221;top_left&#8221; background_repeat=&#8221;repeat&#8221;][et_pb_column type=&#8221;4_4&#8243; _builder_version=&#8221;3.0.47&#8243; parallax=&#8221;off&#8221; parallax_method=&#8221;on&#8221;][et_pb_text admin_label=&#8221;Text&#8221; _builder_version=&#8221;3.0.87&#8243; background_size=&#8221;initial&#8221; background_position=&#8221;top_left&#8221; background_repeat=&#8221;repeat&#8221; use_border_color=&#8221;off&#8221; border_style=&#8221;solid&#8221;]<\/p>\n<h4>Autoresponder flow<\/h4>\n<p>Hver enkelt modtager, kan tilmeldes et eller flere autoresponder flows. En autoresponder er en automatisk kampagne, der kan sendes baseret p\u00e5 tid, handlinger eller adf\u00e6rd.<\/p>\n<p>P\u00e5 kontaktkortet kan du f\u00f8lge med i, hvor langt modtageren er kommet i flowet. Og modtageren kan afmeldes fremtidige autorespondere.<\/p>\n<p>Autorespondere kan v\u00e6re indbyrdes afh\u00e6ngige. Det betyder at f.eks. et velkomstflow, der best\u00e5r af 3 forskellige mails, kan vente p\u00e5 modtagerens reaktion, f\u00f8r n\u00e6ste mail sendes ud. Eller en anden mail kan sendes, hvis ikke modtageren reagerer indenfor X tid.<\/p>\n<h4>Profilen kan formes efter din virksomhed<\/h4>\n<p>Modtagernes profil kan formes efter din virksomhed. Det kalder vi for Custom Fields eller egne felter. Det er muligt at oprette lige netop de felter, som matcher netop din virksomhed.<\/p>\n<p>\u00c6ndringerne g\u00f8res for hver kontaktliste, og den enkelte modtagers profil udvides automatisk ved hvert ekstra felt.<\/p>\n<p>Opretter du er felt til feks Firmanavn, vil det v\u00e6re synligt sekundets efter p\u00e5 modtagernes profil, og v\u00e6re muligt at tilf\u00f8je data til feltet. Vi begr\u00e6nser ikke antallet af mulige felter.<br \/>\n[\/et_pb_text][\/et_pb_column][\/et_pb_row][\/et_pb_section][et_pb_section fb_built=&#8221;1&#8243; _builder_version=&#8221;3.16.1&#8243; background_color=&#8221;#dee7f1&#8243; global_module=&#8221;19033&#8243;][et_pb_row _builder_version=&#8221;3.0.48&#8243; background_size=&#8221;initial&#8221; background_position=&#8221;top_left&#8221; background_repeat=&#8221;repeat&#8221;][et_pb_column type=&#8221;4_4&#8243; _builder_version=&#8221;3.0.47&#8243; parallax=&#8221;off&#8221; parallax_method=&#8221;on&#8221;][et_pb_text _builder_version=&#8221;3.16.1&#8243; text_orientation=&#8221;center&#8221;]<\/p>\n<h1>Pr\u00f8v MarketingPlatform gratis i 14 dage<\/h1>\n<p>Pr\u00f8veperioden er gratis, helt uforpligtende og udl\u00f8ber efter 14 dage, hvis du ikke \u00f8nsker at forts\u00e6tte.<br \/>\nVed tilmelding modtager du samtidig vores uddannelsesflow p\u00e5 en serie af mails \u2013 og vores nyhedsbrev.<br \/>\n[\/et_pb_text][et_pb_code _builder_version=&#8221;3.16.1&#8243;]&lt;script src=&quot;https:\/\/ajax.googleapis.com\/ajax\/libs\/jquery\/1.11.3\/jquery.min.js&quot;&gt;&lt;\/script&gt;&lt;!&#8211; [et_pb_line_break_holder] &#8211;&gt;&lt;script src=&quot;https:\/\/marketingplatform.com\/js\/sign-up-dk-home-top-updated.js&quot;&gt;&lt;\/script&gt;&lt;!&#8211; [et_pb_line_break_holder] &#8211;&gt;&lt;script src=&quot;https:\/\/marketingplatform.com\/js\/trafficSourceTracker.js&quot;&gt;&lt;\/script&gt;&lt;!&#8211; [et_pb_line_break_holder] &#8211;&gt;&lt;script&gt;&lt;!&#8211; [et_pb_line_break_holder] &#8211;&gt;trafficSrcCookie.setCookie();&lt;!&#8211; [et_pb_line_break_holder] &#8211;&gt;&lt;\/script&gt;&lt;!&#8211; [et_pb_line_break_holder] &#8211;&gt;&lt;!&#8211; [et_pb_line_break_holder] &#8211;&gt;&lt;div class=&quot;myForm&quot;&gt;&lt;!&#8211; [et_pb_line_break_holder] &#8211;&gt; &lt;div class=&quot;sign_up&quot;&gt;&lt;!&#8211; [et_pb_line_break_holder] &#8211;&gt; &lt;div class=&quot;step1 text-box step_fir&quot;&gt;&lt;!&#8211; [et_pb_line_break_holder] &#8211;&gt; &lt;div class=&quot;displayblock&quot;&gt;&lt;!&#8211; [et_pb_line_break_holder] &#8211;&gt; &lt;input type=&quot;text&quot; name=&quot;email&quot; class=&quot;emailvalue&quot; placeholder=&quot;Indtast din e-mailadresse&quot; style=&quot;margin-right:5px; border-radius:2px; border:none!important;&quot;&gt;&lt;!&#8211; [et_pb_line_break_holder] &#8211;&gt; &lt;\/div&gt;&lt;!&#8211; [et_pb_line_break_holder] &#8211;&gt; &lt;div class=&quot;displayblock&quot;&gt;&lt;!&#8211; [et_pb_line_break_holder] &#8211;&gt; &lt;input type=&quot;button&quot; value=&quot;Ja tak &#8211; lad mig pr\u00f8ve!&quot; class=&quot;button trial-btn-blue step1btn&quot; style=&quot;background:#09cd6f!important; border:none!important; border-radius:2px; &quot;&gt;&lt;!&#8211; [et_pb_line_break_holder] &#8211;&gt; &lt;\/div&gt;&lt;!&#8211; [et_pb_line_break_holder] &#8211;&gt; &lt;\/div&gt;&lt;!&#8211; [et_pb_line_break_holder] &#8211;&gt; &lt;div class=&quot;step2 text-box&quot; style=&quot;display: none;&quot;&gt;&lt;\/div&gt;&lt;!&#8211; [et_pb_line_break_holder] &#8211;&gt; &lt;div class=&quot;step2 text-box &quot; style=&quot;display: none;&quot;&gt;&lt;!&#8211; [et_pb_line_break_holder] &#8211;&gt; &lt;div class=&quot;displayblock&quot; style=&quot;width: 400px;&quot;&gt;&lt;!&#8211; [et_pb_line_break_holder] &#8211;&gt; &lt;input type=&quot;text&quot; name=&quot;CustomFields[496]&quot; class=&quot;CustomFields_496_51&quot; value=&quot;&quot; size=&quot;50&quot; placeholder=&quot;Firmanavn&quot;&gt;&lt;!&#8211; [et_pb_line_break_holder] &#8211;&gt; &lt;\/div&gt;&lt;!&#8211; [et_pb_line_break_holder] &#8211;&gt; &lt;div class=&quot;displayblock&quot; style=&quot;width: 400px;&quot;&gt;&lt;!&#8211; [et_pb_line_break_holder] &#8211;&gt; &lt;input type=&quot;text&quot; name=&quot;CustomFields[2]&quot; class=&quot;CustomFields_2_51&quot; value=&quot;&quot; size=&quot;50&quot; placeholder=&quot;Dit Navn&quot;&gt;&lt;!&#8211; [et_pb_line_break_holder] &#8211;&gt; &lt;\/div&gt;&lt;!&#8211; [et_pb_line_break_holder] &#8211;&gt; &lt;div class=&quot;displayblock&quot; style=&quot;width: 400px;&quot;&gt;&lt;!&#8211; [et_pb_line_break_holder] &#8211;&gt; &lt;input type=&quot;text&quot; name=&quot;CustomFields[497]&quot; class=&quot;CustomFields_497_51&quot; value=&quot;&quot; size=&quot;50&quot; placeholder=&quot;Mobil Nummer&quot;&gt;&lt;!&#8211; [et_pb_line_break_holder] &#8211;&gt; &lt;\/div&gt;&lt;!&#8211; [et_pb_line_break_holder] &#8211;&gt; &lt;div class=&quot;displayblock sec_step_but&quot;&gt;&lt;!&#8211; [et_pb_line_break_holder] &#8211;&gt; &lt;input id=&quot;step2&quot; type=&quot;button&quot; value=&quot;Ja tak &#8211; lad mig pr\u00f8ve!&quot; class=&quot;button1 &quot; style=&quot;background:#09cd6f!important;&quot;&gt;&lt;!&#8211; [et_pb_line_break_holder] &#8211;&gt; &lt;\/div&gt;&lt;!&#8211; [et_pb_line_break_holder] &#8211;&gt; &lt;div&gt;&lt;!&#8211; [et_pb_line_break_holder] &#8211;&gt; &lt;div style=&quot;display: none;&quot; id=&quot;alertSpan&quot;&gt;&lt;!&#8211; [et_pb_line_break_holder] &#8211;&gt; &lt;span style=&quot;color: red;&quot;&gt;Du skal udfylde alle felter&lt;\/span&gt;&lt;!&#8211; [et_pb_line_break_holder] &#8211;&gt; &lt;\/div&gt;&lt;!&#8211; [et_pb_line_break_holder] &#8211;&gt; &lt;\/div&gt;&lt;!&#8211; [et_pb_line_break_holder] &#8211;&gt; &lt;div&gt;&lt;!&#8211; [et_pb_line_break_holder] &#8211;&gt; &lt;div style=&quot;display: none;&quot; id=&quot;alertEmailSpan&quot;&gt;&lt;!&#8211; [et_pb_line_break_holder] &#8211;&gt; &lt;span style=&quot;color: red;&quot;&gt;Indtast din e-mailadresse&lt;\/span&gt;&lt;!&#8211; [et_pb_line_break_holder] &#8211;&gt; &lt;\/div&gt;&lt;!&#8211; [et_pb_line_break_holder] &#8211;&gt; &lt;\/div&gt;&lt;!&#8211; [et_pb_line_break_holder] &#8211;&gt; &lt;\/div&gt;&lt;!&#8211; [et_pb_line_break_holder] &#8211;&gt; &lt;\/div&gt;&lt;!&#8211; [et_pb_line_break_holder] &#8211;&gt;&lt;\/div&gt;[\/et_pb_code][\/et_pb_column][\/et_pb_row][\/et_pb_section]<\/p>\n","protected":false},"excerpt":{"rendered":"<p>Modtager Profiler Modtagernes profil er omdrejningspunktet for kommunikationen fra MarketingPlatform. Modtageren har kun een profil, uanset om kommunikationen foreg\u00e5r som email nyhedsbreve eller SMS beskeder. Profilen beriges automatisk med en r\u00e6kke oplysninger, i takt med at du sender kampagner, og modtagerne interagerer med disse. F\u00f8rste gang modtageren bekr\u00e6fter sin tilmelding til din virksomheds kontaktliste, eller [&hellip;]<\/p>\n","protected":false},"author":50,"featured_media":0,"parent":0,"menu_order":0,"comment_status":"closed","ping_status":"closed","template":"","meta":{"_et_pb_use_builder":"on","_et_pb_old_content":"<img class=\"scale-with-grid alignright\" title=\"\" src=\"https:\/\/marketingplatform.com\/wp-content\/uploads\/2017\/04\/modtagerprofil-mailplatform-mailrating.png\" alt=\"\" width=\"357\" height=\"254\" \/>Modtagernes profil er omdrejningspunktet for kommunikationen fra MailPlatform. Modtageren har kun een profil, uanset om kommunikationen foreg\u00e5r som email nyhedsbreve eller SMS beskeder.\r\n\r\nProfilen beriges automatisk med en r\u00e6kke oplysninger, i takt med at du sender kampagner, og modtagerne interagerer med disse. F\u00f8rste gang modtageren bekr\u00e6fter sin tilmelding til din virksomheds kontaktliste, eller f\u00f8rste gang et link klikkes p\u00e5, vil MailPlatform automatisk bestemme modtagerens geografi. Det sker helt ned p\u00e5 byniveau. En oplysning der kan anvendes efterf\u00f8lgende til m\u00e5lretning.\r\n\r\n<br><\/br>\r\n<img class=\"full-width\" src=\"https:\/\/marketingplatform.com\/wp-content\/uploads\/2017\/04\/mailplatform-referencer-small.png\" alt=\"\" border=\"0\" \/>\r\n\r\n<br><\/br>\r\n<img class=\"scale-with-grid alignleft\" title=\"\" src=\"https:\/\/marketingplatform.com\/wp-content\/uploads\/2017\/04\/modtagerprofiler-mailplatform-geografiskprofilering.jpg\" alt=\"\" width=\"270\" height=\"207\" \/><strong>Geografisk profilering<\/strong>\r\n\r\nModtagerens geografi er selv i sm\u00e5 lande interessant. I mange brancher er der stor forskel p\u00e5, hvad indbyggere i forskellige landsdele k\u00f8ber. Ved at anvende Geo-IP profilen til at differentiere indholdet i en kampagne, vil effekten kunne v\u00e6re 4-5 gange s\u00e5 h\u00f8j som en usegmenteret kampagne.\r\n\r\nMange kunder anvender en kombination af Geo-IP og postnummer, hvis et s\u00e5dant er kendt. Postnummeret vil som udgangspunkt altid v\u00e6re mere pr\u00e6cist, og det kan prioriteres fremfor Geo-IP feltet i m\u00e5lretningen af indholdet.\r\n\r\n<br><\/br>\r\n<img class=\"scale-with-grid alignright\" title=\"\" src=\"https:\/\/marketingplatform.com\/wp-content\/uploads\/2017\/04\/mailrating-segment-creation.png\" alt=\"\" width=\"515\" height=\"166\" \/><strong>MailRating<\/strong>\r\n\r\nMailRating hj\u00e6lper din virksomhed med at have gode modtagere. P\u00e5 modtagerens kontaktkort vil en individuel rating blive vist. Hver gang en modtager har en positiv adf\u00e6rd p\u00e5 din, eller andre kunders lister, vil vedkommende f\u00e5 pluspoint i det interne MailRating regnskab. N\u00e5r modtageren er passiv, ikke \u00e5bner eller klikker i tilsendte kampagner, vil modtageren f\u00e5 minus point.\r\n\r\nFor hver modtager fremg\u00e5r MailRating som en r\u00e6kke stjerne, samt en label med VIP, Good, Average eller Poor. Vi anvender scoren til at optimere leveringen. Du kan som kunde anvende den i et segment, og alene sende din kampagne til feks alle VIP modtagere.\r\n<br><\/br>\r\n\r\n<img class=\"scale-with-grid alignleft\" title=\"\" src=\"https:\/\/marketingplatform.com\/wp-content\/uploads\/2017\/04\/modtagerprofiler-mailplatform-historik.png\" alt=\"\" width=\"300\" height=\"320\" \/><strong>Historien om modtagerens aktivitet<\/strong>\r\n\r\nMailPlatform gemmer modtagerne historie over modtagne kampagner. Det er muligt at se om en modtager har \u00e5bnet, ikke \u00e5bnet en kampagne, og hvilket link eller links vedkommende har klikket p\u00e5.\r\n\r\nHistorikken kan g\u00f8res aktiv med mange forskellige funktioner. Den anvendes til opbygning af segmenter, som fundamentet for dynamisk og relevant content, styrer autorespondere og trigger kampagner. Og fremg\u00e5r naturligvis ogs\u00e5 for hver kampagne under fanen statistik.\r\n\r\nMange kunder anvender historikken, hvis en modtager henvender sig, og vil dr\u00f8fte hvorfor de modtager din virksomheds nyhedsbrev. Nogle gange glemmer modtagerne, hvorn\u00e5r de har tilmeldt sig, eller er der tale om f\u00f8lsomme mails, p\u00e5st\u00e5r de m\u00e5ske aldrig at have set et bestemt budskab. Historikken i MailPlatform fort\u00e6ller hele historien for hver enkelt modtager.\r\n<br><\/br>\r\n<h2>Pr\u00f8v MailPlatform gratis -\u00a0og f\u00e5 succes med dine nyhedsbreve<\/h2>\r\n<h3>Du tilmelder dig p\u00e5 10\u00a0sekunder - uden brug af kreditkort - skriv trygt din email i feltet herunder<\/h3>\r\nBlandt kunderne, der anvender MailPlatform til at forbedre deres kommunikation, er Applus, Bauhaus, Billetlugen, CBS, \u00a0EGMONT, Gallup, Jensens B\u00f8fhus, Kop & Kande, LEGO, Leo Pharma, Lions, Merck, Mr., Sampension, UNICEF og \u00c6ldresagen.\r\n\r\n<br><\/br>\r\n[widget id=\"text-183\"]\r\n\r\n<strong>Autoresponder flow <\/strong>\r\n\r\nHver enkelt modtager, kan tilmeldes et eller flere autoresponder flows. En autoresponder er en automatisk kampagne, der kan sendes baseret p\u00e5 tid, handlinger eller adf\u00e6rd.\r\n\r\nP\u00e5 kontaktkortet kan du f\u00f8lge med i, hvor langt modtageren er kommet i flowet. Og modtageren kan afmeldes fremtidige autorespondere.\r\n\r\nAutorespondere kan v\u00e6re indbyrdes afh\u00e6ngige. Det betyder at f.eks. et velkomstflow, der best\u00e5r af 3 forskellige mails, kan vente p\u00e5 modtagerens reaktion, f\u00f8r n\u00e6ste mail sendes ud. Eller en anden mail kan sendes, hvis ikke modtageren reagerer indenfor X tid.\r\n\r\n<strong>Profilen kan formes efter din virksomhed<\/strong>\r\n\r\nModtagernes profil kan formes efter din virksomhed. Det kalder vi for Custom Fields eller egne felter. Det er muligt at oprette lige netop de felter, som matcher netop din virksomhed.\r\n\r\n\u00c6ndringerne g\u00f8res for hver kontaktliste, og den enkelte modtagers profil udvides automatisk ved hvert ekstra felt.\r\n\r\nOpretter du er felt til feks Firmanavn, vil det v\u00e6re synligt sekundets efter p\u00e5 modtagernes profil, og v\u00e6re muligt at tilf\u00f8je data til feltet. Vi begr\u00e6nser ikke antallet af mulige felter.","_et_gb_content_width":"","footnotes":""},"categories":[],"tags":[],"yst_prominent_words":[77,1039,81,1042,83,1043,1040,1045,1036,1035,1038,1037,1034,1033,1041,1049,1048,1046,1044,1047],"_links":{"self":[{"href":"https:\/\/marketingplatform.com\/da\/wp-json\/wp\/v2\/pages\/5861"}],"collection":[{"href":"https:\/\/marketingplatform.com\/da\/wp-json\/wp\/v2\/pages"}],"about":[{"href":"https:\/\/marketingplatform.com\/da\/wp-json\/wp\/v2\/types\/page"}],"author":[{"embeddable":true,"href":"https:\/\/marketingplatform.com\/da\/wp-json\/wp\/v2\/users\/50"}],"replies":[{"embeddable":true,"href":"https:\/\/marketingplatform.com\/da\/wp-json\/wp\/v2\/comments?post=5861"}],"version-history":[{"count":0,"href":"https:\/\/marketingplatform.com\/da\/wp-json\/wp\/v2\/pages\/5861\/revisions"}],"wp:attachment":[{"href":"https:\/\/marketingplatform.com\/da\/wp-json\/wp\/v2\/media?parent=5861"}],"wp:term":[{"taxonomy":"category","embeddable":true,"href":"https:\/\/marketingplatform.com\/da\/wp-json\/wp\/v2\/categories?post=5861"},{"taxonomy":"post_tag","embeddable":true,"href":"https:\/\/marketingplatform.com\/da\/wp-json\/wp\/v2\/tags?post=5861"},{"taxonomy":"yst_prominent_words","embeddable":true,"href":"https:\/\/marketingplatform.com\/da\/wp-json\/wp\/v2\/yst_prominent_words?post=5861"}],"curies":[{"name":"wp","href":"https:\/\/api.w.org\/{rel}","templated":true}]}}