{"id":58550,"date":"2020-06-17T14:30:06","date_gmt":"2020-06-17T12:30:06","guid":{"rendered":"https:\/\/marketingplatform.com\/?page_id=58550"},"modified":"2020-06-26T14:17:01","modified_gmt":"2020-06-26T12:17:01","slug":"vi-forbedrer-og-udvikler-vores-marketingplatform-kundesupport-setup","status":"publish","type":"page","link":"https:\/\/marketingplatform.com\/da\/vi-forbedrer-og-udvikler-vores-marketingplatform-kundesupport-setup\/","title":{"rendered":"Vi forbedrer og udvikler vores MarketingPlatform kundesupport setup"},"content":{"rendered":"<p>[et_pb_section fb_built=&#8221;1&#8243; _builder_version=&#8221;4.4.0&#8243;][et_pb_row _builder_version=&#8221;4.4.0&#8243;][et_pb_column type=&#8221;4_4&#8243; _builder_version=&#8221;4.4.0&#8243;][et_pb_text _builder_version=&#8221;4.4.0&#8243;]<\/p>\n<h4><strong>PRESS RELEASE<\/strong><\/h4>\n<h4><strong>MarketingPlatform<\/strong><\/h4>\n<h4><strong>Vejen, 17th June 2020<\/strong><\/h4>\n<p>&nbsp;<\/p>\n<p>&nbsp;<\/p>\n<p>&nbsp;<\/p>\n<h2><b>Vi forbedrer og udvikler vores MarketingPlatform kundeservice setup<\/b><\/h2>\n<p>&nbsp;<\/p>\n<p><span style=\"font-weight: 400;\">Hos MarketingPlatform siger vi \u2018People are the heart of our software\u2019, og det g\u00e6lder uanset om det er dig som den fantastiske kunde, eller om det er vores hold af utroligt engagerede medarbejdere her hos MarketingPlatform. Det er lige s\u00e5 sandt nu, som det var, da virksomheden blev grundlagt i 2011.<\/span><\/p>\n<p><span style=\"font-weight: 400;\">Som MarketingPlatform kunde ved du, at vi er forpligtet til at hj\u00e6lpe dig med at skabe den mest engagerende, relevante og l\u00f8bende dialog med dine kontakter. Vi g\u00f8r dette ved at hj\u00e6lpe dig med at f\u00e5 det bedste ud af vores platform.<\/span><\/p>\n<p><span style=\"font-weight: 400;\">Siden virksomhedens opstart har vi opbygget vores fokus omkring dig, brugeren, og hvordan vores kundesupportteam som en \u00e6gte partner kan v\u00e6re ved din side p\u00e5 din rejse.<\/span><\/p>\n<p><span style=\"font-weight: 400;\">Derfor er vi konstant p\u00e5 udkig efter nyskabelser og forbedringer, ikke kun p\u00e5 vores platform, men ogs\u00e5 i forhold til hvordan vi hj\u00e6lper dig med at f\u00e5 det bedste ud af den. Efterh\u00e5nden som vores platform er vokset, er vores kundebase samtidig ogs\u00e5 hvad ang\u00e5r kompleksitet, viden <\/span><i><span style=\"font-weight: 400;\">og<\/span><\/i><span style=\"font-weight: 400;\"> geografisk placering.<\/span><\/p>\n<p><span style=\"font-weight: 400;\">Som et resultat deraf har vi kigget meget grundigt p\u00e5, hvordan vi kan tage de tjenester, vi leverer til dig som en v\u00e6rdsat kunde til det n\u00e6ste niveau, og vi har besluttet at foretage nogle forbedringer i vores kundesupport-ops\u00e6tning og -processer.<\/span><\/p>\n<p><span style=\"font-weight: 400;\">Vores supportteam er vokset og vil blive opdelt i tre specifikke omr\u00e5der under den overordnede paraply af kundeservice. Dette sker fordi flere h\u00e6nder ved roret betyder b\u00e5de kortere responstid og st\u00f8rre effektivitet hele vejen rundt. Disse omr\u00e5der er:<\/span><\/p>\n<p><b>Onboarding<\/b><span style=\"font-weight: 400;\"> omhandler alt der sker \u201cefter salget\u201d, n\u00e5r du har tilmeldt dig som kunde. Her handler det om at f\u00e5 dig igang, l\u00e6re platformen og blive komfortabel med den.<\/span><\/p>\n<p><b>Kundeservice<\/b><span style=\"font-weight: 400;\"> vil v\u00e6re tilg\u00e6ngelig for dig i alle kanaler &#8211; chat, e-mail, telefon &#8211; ligesom det er nu, og vi vil v\u00e6re klar til at hj\u00e6lpe dig med eventuelle sp\u00f8rgsm\u00e5l, problemer eller foresp\u00f8rgsler, du m\u00e5tte have.<\/span><\/p>\n<p><b>Kundesucces<\/b><span style=\"font-weight: 400;\"> bygger p\u00e5 en mere proaktiv tilgang. Denne funktion er tilt\u00e6nkt n\u00f8glekunder, s\u00e5 vi sammen sikrer at presse hver en dr\u00e5be af potentiale ud af alt, hvad MarketingPlatform har at tilbyde.<\/span><\/p>\n<p><span style=\"font-weight: 400;\"><\/span><\/p>\n<p><b>Kundeservice vil kun v\u00e6re tilg\u00e6ngelig p\u00e5 engelsk fra august 2020 og vil v\u00e6re \u00e5bent indtil kl. 20.00 alle ugens hverdage.<\/b><\/p>\n<p><span style=\"font-weight: 400;\">For at kunne tilbyde alle disse tjenester og forbedringer til alle vores kunder, uanset hvor de er i verden, vil al kundeservice fra begyndelsen af \u200b\u200baugust 2020 foreg\u00e5 p\u00e5 engelsk.<\/span><\/p>\n<p><span style=\"font-weight: 400;\">Der vil ikke ske nogen forringelse af niveauet eller kvaliteten af \u200b\u200bvores support, du i \u00f8jeblikket nyder. Faktisk vil du opleve det modsatte. Vi vil v\u00e6re i stand til at tilbyde dig en markant forbedret support som et resultat af de \u00e6ndringer, vi foretager.<\/span><\/p>\n<p><span style=\"font-weight: 400;\">Vores Onboarding- og Kundesucces-teams vil fortsat v\u00e6re tilg\u00e6ngelige p\u00e5 b\u00e5de dansk og engelsk.<\/span><\/p>\n<p><span style=\"font-weight: 400;\">Vi ser virkelig frem til at forts\u00e6tte vores f\u00e6lles rejse med fremragende og engagerende kommunikation, og, mest af alt, hj\u00e6lpe dig med at f\u00e5 det bedste ud af vores platform.<\/span><\/p>\n<p><span style=\"font-weight: 400;\">Hvis du er kunde hos MarketingPlatform og har sp\u00f8rgsm\u00e5l, er du meget velkommen til at kontakte Kundeservice.<\/span><\/p>\n<p><span style=\"font-weight: 400;\">Tlf: +45 72 44 44 44\u00a0<\/span><\/p>\n<p><span style=\"font-weight: 400;\">Email: <\/span><a href=\"mailto:support@marketingplatform.com\"><span style=\"font-weight: 400;\">support@marketingplatform.com<\/span><\/a><\/p>\n<p>&nbsp;<\/p>\n<p>&nbsp;<\/p>\n<p><span style=\"font-size: 14px;\"><strong>Presse henvendelser:<\/strong><\/span><\/p>\n<p><span style=\"font-weight: 400;\"><\/span><span style=\"font-weight: 400;\">Matthew Ogden<\/span><br \/> <span style=\"font-weight: 400;\">Director of Marketing &amp; Communications<\/span><br \/> <span style=\"font-weight: 400;\">+45 25 94 44 48<\/span><br \/> <a href=\"mailto:matthew@marketingplatform.com\"><span style=\"font-weight: 400;\">matthew@marketingplatform.com<\/span><\/a><\/p>\n<p>[\/et_pb_text][\/et_pb_column][\/et_pb_row][\/et_pb_section]<\/p>\n","protected":false},"excerpt":{"rendered":"<p>PRESS RELEASE MarketingPlatform Vejen, 17th June 2020 &nbsp; &nbsp; &nbsp; Vi forbedrer og udvikler vores MarketingPlatform kundeservice setup &nbsp; Hos MarketingPlatform siger vi \u2018People are the heart of our software\u2019, og det g\u00e6lder uanset om det er dig som den fantastiske kunde, eller om det er vores hold af utroligt engagerede medarbejdere her hos MarketingPlatform. [&hellip;]<\/p>\n","protected":false},"author":50,"featured_media":0,"parent":0,"menu_order":0,"comment_status":"closed","ping_status":"closed","template":"","meta":{"_et_pb_use_builder":"on","_et_pb_old_content":"","_et_gb_content_width":"","footnotes":""},"categories":[],"tags":[],"yst_prominent_words":[16055,16051,16046,16054,16044,16045,6475,16049,16041,16053,16043,16040,6731,16048,16056,16050,16042,5577,16047,16052],"_links":{"self":[{"href":"https:\/\/marketingplatform.com\/da\/wp-json\/wp\/v2\/pages\/58550"}],"collection":[{"href":"https:\/\/marketingplatform.com\/da\/wp-json\/wp\/v2\/pages"}],"about":[{"href":"https:\/\/marketingplatform.com\/da\/wp-json\/wp\/v2\/types\/page"}],"author":[{"embeddable":true,"href":"https:\/\/marketingplatform.com\/da\/wp-json\/wp\/v2\/users\/50"}],"replies":[{"embeddable":true,"href":"https:\/\/marketingplatform.com\/da\/wp-json\/wp\/v2\/comments?post=58550"}],"version-history":[{"count":8,"href":"https:\/\/marketingplatform.com\/da\/wp-json\/wp\/v2\/pages\/58550\/revisions"}],"predecessor-version":[{"id":58995,"href":"https:\/\/marketingplatform.com\/da\/wp-json\/wp\/v2\/pages\/58550\/revisions\/58995"}],"wp:attachment":[{"href":"https:\/\/marketingplatform.com\/da\/wp-json\/wp\/v2\/media?parent=58550"}],"wp:term":[{"taxonomy":"category","embeddable":true,"href":"https:\/\/marketingplatform.com\/da\/wp-json\/wp\/v2\/categories?post=58550"},{"taxonomy":"post_tag","embeddable":true,"href":"https:\/\/marketingplatform.com\/da\/wp-json\/wp\/v2\/tags?post=58550"},{"taxonomy":"yst_prominent_words","embeddable":true,"href":"https:\/\/marketingplatform.com\/da\/wp-json\/wp\/v2\/yst_prominent_words?post=58550"}],"curies":[{"name":"wp","href":"https:\/\/api.w.org\/{rel}","templated":true}]}}