{"id":5747,"date":"2017-04-12T13:06:15","date_gmt":"2017-04-12T11:06:15","guid":{"rendered":"https:\/\/marketingplatform.com\/?page_id=5747\/"},"modified":"2020-03-27T13:24:35","modified_gmt":"2020-03-27T12:24:35","slug":"egnefelter-til-nyhedsbreve","status":"publish","type":"page","link":"https:\/\/marketingplatform.com\/da\/egnefelter-til-nyhedsbreve\/","title":{"rendered":"Custom Fields &#8211; egne felter"},"content":{"rendered":"<p>[et_pb_section fb_built=&#8221;1&#8243; admin_label=&#8221;section&#8221; _builder_version=&#8221;3.22&#8243; transparent_background=&#8221;off&#8221;][et_pb_row admin_label=&#8221;row&#8221; _builder_version=&#8221;3.25&#8243; background_size=&#8221;initial&#8221; background_position=&#8221;top_left&#8221; background_repeat=&#8221;repeat&#8221;][et_pb_column type=&#8221;4_4&#8243; _builder_version=&#8221;3.25&#8243; custom_padding=&#8221;|||&#8221; custom_padding__hover=&#8221;|||&#8221;][et_pb_text admin_label=&#8221;Text&#8221; _builder_version=&#8221;3.27.4&#8243; background_size=&#8221;initial&#8221; background_position=&#8221;top_left&#8221; background_repeat=&#8221;repeat&#8221; use_border_color=&#8221;off&#8221; border_color=&#8221;#ffffff&#8221; border_style=&#8221;solid&#8221;]<\/p>\n<h1>Contact Fields \u2013 Egne Felter<\/h1>\n<p><img decoding=\"async\" loading=\"lazy\" class=\"scale-with-grid image-border alignright\" src=\"https:\/\/marketingplatform.com\/wp-content\/uploads\/2017\/04\/contact-field-1.png\" alt=\"contactfields-mailplatform-overview\" width=\"429\" height=\"175\">Egne felter (Contact Fields) g\u00f8r det muligt at tilpasse MarketingPlatform til din virksomhed. Vi kan afspejle den datamodel, som passer med de felter du har behov for, helt uden noget behov for tekniske ressourcer eller kendskab til programmering.<\/p>\n<p>Der er med andre ord ingen begr\u00e6nsninger i antal Contact Fields og et Contact Field kan anvendes p\u00e5 flere kontaktlister.<br \/>\n[\/et_pb_text][\/et_pb_column][\/et_pb_row][et_pb_row column_structure=&#8221;1_5,1_5,1_5,1_5,1_5&#8243; module_class=&#8221;custom_row&#8221; _builder_version=&#8221;3.25&#8243; background_size=&#8221;initial&#8221; background_position=&#8221;top_left&#8221; background_repeat=&#8221;repeat&#8221; width_tablet=&#8221;80%&#8221; width_phone=&#8221;&#8221; width_last_edited=&#8221;on|desktop&#8221; max_width_tablet=&#8221;1024px&#8221; max_width_phone=&#8221;&#8221; max_width_last_edited=&#8221;on|tablet&#8221; module_alignment=&#8221;center&#8221;][et_pb_column type=&#8221;1_5&#8243; _builder_version=&#8221;3.25&#8243; custom_padding=&#8221;|||&#8221; custom_padding__hover=&#8221;|||&#8221;][et_pb_image src=&#8221;https:\/\/marketingplatform.com\/wp-content\/uploads\/2019\/11\/verisure.png&#8221; align_tablet=&#8221;center&#8221; align_phone=&#8221;&#8221; align_last_edited=&#8221;on|desktop&#8221; _builder_version=&#8221;4.0.2&#8243; max_width=&#8221;92%&#8221; max_width_tablet=&#8221;65%&#8221; max_width_phone=&#8221;50%&#8221; max_width_last_edited=&#8221;on|desktop&#8221; module_alignment=&#8221;center&#8221; custom_padding=&#8221;6px||||false|false&#8221;]<\/p>\n<p>[\/et_pb_image][\/et_pb_column][et_pb_column type=&#8221;1_5&#8243; _builder_version=&#8221;3.25&#8243; custom_padding=&#8221;|||&#8221; custom_padding__hover=&#8221;|||&#8221;][et_pb_image src=&#8221;https:\/\/marketingplatform.com\/wp-content\/uploads\/2019\/03\/med24-logo.png&#8221; align_tablet=&#8221;center&#8221; align_phone=&#8221;&#8221; align_last_edited=&#8221;on|desktop&#8221; _builder_version=&#8221;3.23.3&#8243; max_width=&#8221;72%&#8221; max_width_tablet=&#8221;65%&#8221; max_width_phone=&#8221;50%&#8221; max_width_last_edited=&#8221;on|phone&#8221; module_alignment=&#8221;center&#8221;]<\/p>\n<p>[\/et_pb_image][\/et_pb_column][et_pb_column type=&#8221;1_5&#8243; _builder_version=&#8221;3.25&#8243; custom_padding=&#8221;|||&#8221; custom_padding__hover=&#8221;|||&#8221;][et_pb_image src=&#8221;https:\/\/marketingplatform.com\/wp-content\/uploads\/2020\/03\/danishcrown.png&#8221; align=&#8221;center&#8221; align_tablet=&#8221;center&#8221; align_phone=&#8221;&#8221; align_last_edited=&#8221;on|desktop&#8221; _builder_version=&#8221;4.4.0&#8243; max_width=&#8221;68%&#8221; max_width_tablet=&#8221;62%&#8221; max_width_phone=&#8221;46%&#8221; max_width_last_edited=&#8221;on|phone&#8221; module_alignment=&#8221;center&#8221; custom_margin=&#8221;-7px||||false|false&#8221; custom_padding=&#8221;||||false|false&#8221;]<\/p>\n<p>[\/et_pb_image][\/et_pb_column][et_pb_column type=&#8221;1_5&#8243; _builder_version=&#8221;3.25&#8243; custom_padding=&#8221;|||&#8221; custom_padding__hover=&#8221;|||&#8221;][et_pb_image src=&#8221;https:\/\/marketingplatform.com\/wp-content\/uploads\/2019\/08\/cykelpartner.png&#8221; align_tablet=&#8221;center&#8221; align_phone=&#8221;&#8221; align_last_edited=&#8221;on|desktop&#8221; _builder_version=&#8221;3.23.3&#8243; max_width=&#8221;100%&#8221; max_width_tablet=&#8221;60%&#8221; max_width_phone=&#8221;45%&#8221; max_width_last_edited=&#8221;on|phone&#8221; module_alignment=&#8221;center&#8221; custom_padding=&#8221;8px||&#8221;]<\/p>\n<p>[\/et_pb_image][\/et_pb_column][et_pb_column type=&#8221;1_5&#8243; _builder_version=&#8221;3.25&#8243; custom_padding=&#8221;3px|||&#8221; custom_padding__hover=&#8221;|||&#8221;][et_pb_image src=&#8221;https:\/\/marketingplatform.com\/wp-content\/uploads\/2019\/10\/olivers-dk.png&#8221; align_tablet=&#8221;center&#8221; align_phone=&#8221;&#8221; align_last_edited=&#8221;on|desktop&#8221; _builder_version=&#8221;4.0.2&#8243; width=&#8221;75%&#8221; max_width=&#8221;100%&#8221; max_width_tablet=&#8221;65%&#8221; max_width_phone=&#8221;50%&#8221; max_width_last_edited=&#8221;on|phone&#8221; module_alignment=&#8221;center&#8221;]<\/p>\n<p>[\/et_pb_image][\/et_pb_column][\/et_pb_row][et_pb_row admin_label=&#8221;row&#8221; _builder_version=&#8221;3.25&#8243; background_size=&#8221;initial&#8221; background_position=&#8221;top_left&#8221; background_repeat=&#8221;repeat&#8221;][et_pb_column type=&#8221;4_4&#8243; _builder_version=&#8221;3.25&#8243; custom_padding=&#8221;|||&#8221; custom_padding__hover=&#8221;|||&#8221;][et_pb_text admin_label=&#8221;Text&#8221; _builder_version=&#8221;3.27.4&#8243; background_size=&#8221;initial&#8221; background_position=&#8221;top_left&#8221; background_repeat=&#8221;repeat&#8221; use_border_color=&#8221;off&#8221; border_color=&#8221;#ffffff&#8221; border_style=&#8221;solid&#8221;]<img decoding=\"async\" loading=\"lazy\" class=\"scale-with-grid image-border alignleft\" src=\"https:\/\/marketingplatform.com\/wp-content\/uploads\/2017\/04\/contact-field-2.png\" alt=\"contact fields 02\" width=\"402\" height=\"166\" \/>Et Contact Field kan feks v\u00e6re et tekstfelt, hvor dine modtagere kan indtaste navnet p\u00e5 deres virksomhed.<br \/>\nDet kan ogs\u00e5 v\u00e6re et numerisk felt (der kun tillader tal), hvor mulighederne for at arbejde med indholdet i feks segmenter ikke er s\u00e5 begr\u00e6nset som i tekstfelter. Numeriske felter kan anvendes til blandt andet postnumre, der som bekendt i Danmark kun indeholder tal, hvor det er nemt at skabe et segment eller intelligent indhold, der kun sendes til modtagere med postnumre mellem feks 5000 og 5999 for at m\u00e5lrette kommunikation til fynboer.<br \/>\n[\/et_pb_text][\/et_pb_column][\/et_pb_row][et_pb_row admin_label=&#8221;row&#8221; _builder_version=&#8221;3.25&#8243; background_size=&#8221;initial&#8221; background_position=&#8221;top_left&#8221; background_repeat=&#8221;repeat&#8221;][et_pb_column type=&#8221;4_4&#8243; _builder_version=&#8221;3.25&#8243; custom_padding=&#8221;|||&#8221; custom_padding__hover=&#8221;|||&#8221;][et_pb_text admin_label=&#8221;Text&#8221; _builder_version=&#8221;3.27.4&#8243; background_size=&#8221;initial&#8221; background_position=&#8221;top_left&#8221; background_repeat=&#8221;repeat&#8221; use_border_color=&#8221;off&#8221; border_color=&#8221;#ffffff&#8221; border_style=&#8221;solid&#8221;]<img decoding=\"async\" loading=\"lazy\" class=\"scale-with-grid image-border alignright\" src=\"https:\/\/marketingplatform.com\/wp-content\/uploads\/2017\/04\/contact-field-3.png\" alt=\"contact fields 03\" width=\"475\" height=\"195\" \/>Der findes ogs\u00e5 et Multiline Textfield der er sammenligneligt med tekstfeltet, men rummer mulighed for meget indhold. Flere kunder bruger feltet til direkte at inds\u00e6tte HTML kode fra interne systemer.<\/p>\n<p>Multiline feltet har ingen begr\u00e6nsninger i indhold, hvis disse ikke s\u00e6ttes under Advanced.<br \/>\n[\/et_pb_text][\/et_pb_column][\/et_pb_row][et_pb_row admin_label=&#8221;row&#8221; _builder_version=&#8221;3.25&#8243; background_size=&#8221;initial&#8221; background_position=&#8221;top_left&#8221; background_repeat=&#8221;repeat&#8221;][et_pb_column type=&#8221;4_4&#8243; _builder_version=&#8221;3.25&#8243; custom_padding=&#8221;|||&#8221; custom_padding__hover=&#8221;|||&#8221;][et_pb_text admin_label=&#8221;Text&#8221; _builder_version=&#8221;3.27.4&#8243; background_size=&#8221;initial&#8221; background_position=&#8221;top_left&#8221; background_repeat=&#8221;repeat&#8221; use_border_color=&#8221;off&#8221; border_color=&#8221;#ffffff&#8221; border_style=&#8221;solid&#8221;]<\/p>\n<h2><img decoding=\"async\" loading=\"lazy\" class=\"scale-with-grid image-border alignleft\" src=\"https:\/\/marketingplatform.com\/wp-content\/uploads\/2017\/04\/contact-field-4.png\" alt=\"contact fields 04\" width=\"402\" height=\"232\" \/>Foruddefinerede muligheder for indhold<\/h2>\n<p>Et Contact Field kan ogs\u00e5 v\u00e6re en type, hvor indholdet er foruddefineret. Forst\u00e5et s\u00e5ledes at valgmulighederne ligger fast for modtagerne, men de kan naturligvis \u00e6ndres af dig som kunde hos MarketingPlatform. Ligesom det altid er muligt at tilf\u00f8je flere valg til et oprettet felt.<\/p>\n<p>Der findes en r\u00e6kke forskellige typer af Contact Fields med foruddefinerede valg. Den f\u00f8rste vi vil beskrive er dropdown feltet, der giver mulighed for at v\u00e6lge en svarmulighed eller simpelthen et valg for modtagerne p\u00e5 din kontaktliste. Feltet anvendes ofte til bylister, lister over butikker eller ved valg af land.<\/p>\n<p>Feltet Radio Buttons ligner meget dropdown varianten. Eneste forskel er den visuelle pr\u00e6sentation med synlige valg. Feltet anvendes oftest med f\u00e5 mulige valg. Det kunne v\u00e6re til JA\/NEJ muligheder eller valg af k\u00f8n.<\/p>\n<p>Checkbox felttypen indeholder ogs\u00e5 predefinerede valg, men tillader flere svarmuligheder. Felttypen er fundamentet for funktionen Relevant Content. Mange kunder bruger Checkbox typen til valg af produktinteresser, kategorier og andre lignende typer af indhold. Lad os tage et eksempel fra en virksomhed der handler med t\u00f8j. Der er kategorierne t-shirts, jeans, kjoler og undert\u00f8j &#8211; blot for at holde eksemplet overskueligt. Modtagerne kan nu v\u00e6lge deres interesser, enten ved et klik i de kampagner de modtager eller ved at opdatere deres profil med den funktion MarketingPlatform rummer til form\u00e5let. Den viden opsamles og kan anvendes til b\u00e5de segmenter, forskellige typer af intelligent indhold og s\u00e6rligt i forhold til Relevant Content.[\/et_pb_text][\/et_pb_column][\/et_pb_row][et_pb_row admin_label=&#8221;row&#8221; _builder_version=&#8221;3.25&#8243; background_size=&#8221;initial&#8221; background_position=&#8221;top_left&#8221; background_repeat=&#8221;repeat&#8221;][et_pb_column type=&#8221;4_4&#8243; _builder_version=&#8221;3.25&#8243; custom_padding=&#8221;|||&#8221; custom_padding__hover=&#8221;|||&#8221;][et_pb_text admin_label=&#8221;Text&#8221; _builder_version=&#8221;3.27.4&#8243; background_size=&#8221;initial&#8221; background_position=&#8221;top_left&#8221; background_repeat=&#8221;repeat&#8221; use_border_color=&#8221;off&#8221; border_color=&#8221;#ffffff&#8221; border_style=&#8221;solid&#8221;]<\/p>\n<h2><img decoding=\"async\" loading=\"lazy\" class=\"scale-with-grid image-border alignright\" src=\"https:\/\/marketingplatform.com\/wp-content\/uploads\/2017\/04\/contact-field-5.png\" alt=\"contact fields 05\" width=\"430\" height=\"230\" \/>Datofelter med store muligheder<\/h2>\n<p>Datofelter eller Date Fields er til angivelse af en dato. Den typiske anvendelse kan v\u00e6re til modtagerens f\u00f8dselsdag, hvor feltet anvendes sammen med en Trigger kampagne, der sender en hilsen f\u00f8r, p\u00e5 eller efter modtagerens f\u00f8dselsdag.<\/p>\n<p>Andre brugte datofelter kan v\u00e6re sidste dato for et k\u00f8b, hvor forretningen \u00f8nsker at f\u00f8lge op p\u00e5 om kunden er tilfreds, m\u00e5ske lave en egentlig tilfredshedsunders\u00f8gelse eller huske kunden p\u00e5 det er lang tid siden vedkommende sidst har handlet.<\/p>\n<p>Mulighederne er mange for at opbygge automatiske flows, der krydser datofelter med interesse- og geografiske oplysninger. Det beskriver vi meget mere om under de relevante funktioner.<br \/>\n[\/et_pb_text][\/et_pb_column][\/et_pb_row][\/et_pb_section][et_pb_section fb_built=&#8221;1&#8243; custom_padding_last_edited=&#8221;on|phone&#8221; module_class=&#8221;ressourcer-signup&#8221; _builder_version=&#8221;4.0.2&#8243; background_color=&#8221;#dee7f1&#8243; custom_padding=&#8221;7%||&#8221; custom_padding_tablet=&#8221;12%||||false|false&#8221; custom_padding_phone=&#8221;17%||||false|false&#8221; top_divider_style=&#8221;asymmetric2&#8243; top_divider_color=&#8221;#ffffff&#8221; top_divider_height=&#8221;60px&#8221; global_module=&#8221;19033&#8243;][et_pb_row _builder_version=&#8221;3.25&#8243; background_size=&#8221;initial&#8221; background_position=&#8221;top_left&#8221; background_repeat=&#8221;repeat&#8221; custom_margin=&#8221;||10px&#8221; custom_padding=&#8221;||10px&#8221;][et_pb_column type=&#8221;4_4&#8243; _builder_version=&#8221;3.25&#8243; custom_padding=&#8221;|||&#8221; custom_padding__hover=&#8221;|||&#8221;][et_pb_text _builder_version=&#8221;4.0.2&#8243; text_orientation=&#8221;center&#8221;]<\/p>\n<h2 style=\"font-style: normal;\">Pr\u00f8v MarketingPlatform gratis i 14 dage<\/h2>\n<p style=\"font-style: normal;\">Pr\u00f8veperioden er gratis, helt uforpligtende og udl\u00f8ber efter 14 dage, hvis du ikke \u00f8nsker at forts\u00e6tte.<br \/> Ved tilmelding modtager du samtidig vores uddannelsesflow p\u00e5 en serie af mails \u2013 og vores nyhedsbrev.<\/p>\n<p>[\/et_pb_text][\/et_pb_column][\/et_pb_row][et_pb_row _builder_version=&#8221;4.0.2&#8243;][et_pb_column type=&#8221;4_4&#8243; _builder_version=&#8221;4.0.2&#8243;][et_pb_code _builder_version=&#8221;4.0.2&#8243; text_orientation=&#8221;center&#8221;]<a href=\"https:\/\/marketingplatform.com\/da\/gratis-proeveversion\/\" class=\"green-btn2\" style=\"background:#09cd6f; padding:18px 60px; margin-bottom:10px!important;\">Pr\u00f8v os gratis nu<\/a> <a href=\"https:\/\/marketingplatform.com\/da\/book-emailplatform-demo\/\" class=\"green-btn2\" style=\"background:#0daae2; padding:18px 70px;\">Book demo<\/a>[\/et_pb_code][\/et_pb_column][\/et_pb_row][et_pb_row _builder_version=&#8221;4.0.2&#8243; max_width=&#8221;768px&#8221; custom_margin=&#8221;15px||0px||false|false&#8221; custom_padding=&#8221;0px||0px&#8221; use_custom_width=&#8221;on&#8221; custom_width_px=&#8221;768px&#8221;][et_pb_column type=&#8221;4_4&#8243; _builder_version=&#8221;3.25&#8243; custom_padding=&#8221;|||&#8221; custom_padding__hover=&#8221;|||&#8221;][et_pb_code _builder_version=&#8221;4.0.2&#8243;]<\/p>\n<div class=\"awards-align\" ><!-- [et_pb_line_break_holder] --><\/p>\n<div style=\"float:left; width:14%; text-align:right;   margin-right: 2%;\"><!-- [et_pb_line_break_holder] --><img decoding=\"async\" src=\"https:\/\/marketingplatform.com\/wp-content\/uploads\/2020\/01\/primotours.png\" width=\"56\" style=\"margin:10px 20px 20px 0px;\"><!-- [et_pb_line_break_holder] --><\/div>\n<p><!-- [et_pb_line_break_holder] --><\/p>\n<div style=\"float:left; width:20%; text-align:center;    margin-right: 4%;\"><!-- [et_pb_line_break_holder] --><img decoding=\"async\" src=\"https:\/\/marketingplatform.com\/wp-content\/uploads\/2019\/11\/med24-gray.png\" width=\"100\" style=\"margin:20px 0px 20px 10px;\"><!-- [et_pb_line_break_holder] --><\/div>\n<p><!-- [et_pb_line_break_holder] --><\/p>\n<div style=\"float:left; width:18%;    margin-right: 1%;\"><!-- [et_pb_line_break_holder] --><img decoding=\"async\" src=\"https:\/\/marketingplatform.com\/wp-content\/uploads\/2019\/08\/cykelpartner-logo.png\" width=\"180\" style=\"margin:29px 20px 20px 0px;\"><!-- [et_pb_line_break_holder] --><\/div>\n<p><!-- [et_pb_line_break_holder] --><\/p>\n<div style=\"float:left; width:20%; text-align:center;     margin-right: 1%;\"><!-- [et_pb_line_break_holder] --><img decoding=\"async\" src=\"https:\/\/marketingplatform.com\/wp-content\/uploads\/2019\/04\/aldi-grey.png\" width=\"50\" style=\"margin:10px 0px 20px 0px;\"><!-- [et_pb_line_break_holder] --><\/div>\n<p><!-- [et_pb_line_break_holder] --><\/p>\n<div style=\"float:left; width:18%;      margin-right: 2%;  text-align: center;\"><!-- [et_pb_line_break_holder] --><img decoding=\"async\" src=\"https:\/\/marketingplatform.com\/wp-content\/uploads\/2019\/02\/verisure-logo.png\" width=\"120\" style=\"margin:18px 0px 20px 0px;\"><!-- [et_pb_line_break_holder] --><\/div>\n<p><!-- [et_pb_line_break_holder] --><\/div>\n<p>[\/et_pb_code][\/et_pb_column][\/et_pb_row][\/et_pb_section]<\/p>\n","protected":false},"excerpt":{"rendered":"<p>Contact Fields \u2013 Egne Felter Egne felter (Contact Fields) g\u00f8r det muligt at tilpasse MarketingPlatform til din virksomhed. Vi kan afspejle den datamodel, som passer med de felter du har behov for, helt uden noget behov for tekniske ressourcer eller kendskab til programmering. Der er med andre ord ingen begr\u00e6nsninger i antal Contact Fields og [&hellip;]<\/p>\n","protected":false},"author":50,"featured_media":0,"parent":0,"menu_order":0,"comment_status":"closed","ping_status":"closed","template":"","meta":{"_et_pb_use_builder":"on","_et_pb_old_content":"<img class=\"scale-with-grid alignright\" title=\"\" src=\"https:\/\/marketingplatform.com\/wp-content\/uploads\/2017\/04\/customfields-mailplatform-overview-1024x417.png\" alt=\"customfields-mailplatform-overview\" width=\"429\" height=\"175\" \/>Egne felter g\u00f8r det muligt at tilpasse MailPlatform til din virksomhed. Vi kan afspejle den datamodel, som passer med de felter du har behov for, helt uden noget behov for tekniske ressourcer eller kendskab til programmering.\r\n\r\nDer er med andre ord ingen begr\u00e6nsninger i antal Custom Fields og et Custom Field kan anvendes p\u00e5 flere kontaktlister.\r\n\r\n<img class=\"full-width\" src=\"https:\/\/marketingplatform.com\/wp-content\/uploads\/2017\/04\/mailplatform-referencer-small.png\" alt=\"\" border=\"0\" \/>\r\n<br><\/br>\r\n<img class=\"scale-with-grid alignleft\" title=\"\" src=\"https:\/\/mpdk.wpengine.netdna-cdn.com\/wp-content\/uploads\/2015\/01\/customfields-mailplatform-advanced-1024x423.png\" alt=\"\" width=\"402\" height=\"166\" \/>Et Custom Field kan feks v\u00e6re et tekstfelt, hvor dine modtagere kan indtaste navnet p\u00e5 deres virksomhed.\r\nDet kan ogs\u00e5 v\u00e6re et numerisk felt (der kun tillader tal), hvor mulighederne for at arbejde med indholdet i feks segmenter ikke er s\u00e5 begr\u00e6nset som i tekstfelter. Numeriske felter kan anvendes til blandt andet postnumre, der som bekendt i Danmark kun indeholder tal, hvor det er nemt at skabe et segment eller intelligent indhold, der kun sendes til modtagere med postnumre mellem feks 5000 og 5999 for at m\u00e5lrette kommunikation til fynboer.\r\n<br><\/br>\r\n<img class=\"scale-with-grid alignright\" title=\"\" src=\"https:\/\/marketingplatform.com\/wp-content\/uploads\/2017\/04\/customfields-mailplatform-multilinetextfield.png\" alt=\"\" width=\"475\" height=\"195\" \/>Der findes ogs\u00e5 et Multiline Textfield der er sammenligneligt med tekstfeltet, men rummer mulighed for meget indhold. Flere kunder bruger feltet til direkte at inds\u00e6tte HTML kode fra interne systemer.\r\n\r\nMultiline feltet har ingen begr\u00e6nsninger i indhold, hvis disse ikke s\u00e6ttes under Advanced.\r\n<br><\/br>\r\n<br><\/br>\r\n<img class=\"scale-with-grid alignleft\" title=\"\" src=\"https:\/\/marketingplatform.com\/wp-content\/uploads\/2017\/04\/customfields-mailplatform-checkboxadvanced.png\" alt=\"\" width=\"402\" height=\"232\" \/><strong>Foruddefinerede muligheder for indhold<\/strong>\r\nEt Custom Field kan ogs\u00e5 v\u00e6re en type, hvor indholdet er foruddefineret. Forst\u00e5et s\u00e5ledes at valgmulighederne ligger fast for modtagerne, men de kan naturligvis \u00e6ndres af dig som kunde hos MailPlatform. Ligesom det altid er muligt at tilf\u00f8je flere valg til et oprettet felt.\r\n\r\nDer findes en r\u00e6kke forskellige typer af Custom Fields med foruddefinerede valg. Den f\u00f8rste vi vil beskrive er dropdown feltet, der giver mulighed for at v\u00e6lge en svarmulighed eller simpelthen et valg for modtagerne p\u00e5 din kontaktliste. Feltet anvendes ofre til bylister, lister over butikker eller ved valg af land.\r\n\r\nFeltet Ratio Buttons ligner meget dropdown varianten. Eneste forskel er den visuelle pr\u00e6sentation med synlige valg. Feltet anvendes oftest med f\u00e5 mulige valg. Det kunne v\u00e6re til JA\/NEJ muligheder eller valg af k\u00f8n.\r\n\r\nCheckbox felttypen indeholder ogs\u00e5 predefinerede valg, men tillader flere svarmuligheder. Felttypen er fundamentet for funktionen Relevant Content. Mange kunder bruger Checkbox typen til valg af produktinteresser, kategorier og andre lignende typer af indhold. Lad os tage et eksempel fra en virksomhed der handler med t\u00f8j. Der er kategorierne t-shirts, jeans, kjoler og undert\u00f8j - blot for at holde eksemplet overskueligt. Modtagerne kan nu v\u00e6lge deres interesser, enten ved et klik i de kampagner de modtager eller ved at opdatere deres profil med den funktion MailPlatform rummer til form\u00e5let. Den viden opsamles og kan anvendes til b\u00e5de segmenter, forskellige typer af intelligent indhold og s\u00e6rligt i forhold til Relevant Content.\r\n\r\n<br><\/br>\r\n\r\n<img class=\"scale-with-grid alignright\" title=\"\" src=\"https:\/\/marketingplatform.com\/wp-content\/uploads\/2017\/04\/customfields-mailplatform-datefield-advanced-1024x547.png\" alt=\"\" width=\"430\" height=\"230\" \/><strong>Datofelter med store muligheder<\/strong>\r\nDatofelter eller Date Fields er til angivelse af en dato. Den typiske anvendelse kan v\u00e6re til modtagerens f\u00f8dselsdag, hvor feltet anvendes sammen med en Trigger kampagne, der sender en hilsen f\u00f8r, p\u00e5 eller efter modtagerens f\u00f8dselsdag.\r\n\r\nAndre brugte datofelter kan v\u00e6re sidste dato for et k\u00f8b, hvor forretningen \u00f8nsker at f\u00f8lge op p\u00e5 om kunden er tilfreds, m\u00e5ske lave en egentlig tilfredshedsunders\u00f8gelse eller huske kunden p\u00e5 det er lang tid siden vedkommende sidst har handlet.\r\n\r\nMulighederne er mange for at opbygge automatiske flows, der krydser datofelter med interesse- og geografiske oplysninger. Det beskriver vi meget mere om under de relevante funktioner.\r\n\r\n<h2>Pr\u00f8v MailPlatform gratis -\u00a0og f\u00e5 succes med dine nyhedsbreve<\/h2>\r\n\r\n<h3>Du tilmelder dig p\u00e5 10\u00a0sekunder - uden brug af kreditkort - skriv trygt din email i feltet herunder<\/h3>\r\n\r\n\r\nBlandt kunderne, der anvender MailPlatform til at forbedre deres kommunikation, er Applus, Bauhaus, Billetlugen, CBS, \u00a0EGMONT, Gallup, Jensens B\u00f8fhus, Kop & Kande, LEGO, Leo Pharma, Lions, Merck, Mr., Sampension, UNICEF og \u00c6ldresagen.\r\n<br><\/br>\r\n[widget id=\"text-183\"]","_et_gb_content_width":"","footnotes":""},"categories":[],"tags":[],"yst_prominent_words":[970,960,967,4905,174,81,4872,4920,971,961,959,966,969,964,962,963,4874,4881,972,965],"_links":{"self":[{"href":"https:\/\/marketingplatform.com\/da\/wp-json\/wp\/v2\/pages\/5747"}],"collection":[{"href":"https:\/\/marketingplatform.com\/da\/wp-json\/wp\/v2\/pages"}],"about":[{"href":"https:\/\/marketingplatform.com\/da\/wp-json\/wp\/v2\/types\/page"}],"author":[{"embeddable":true,"href":"https:\/\/marketingplatform.com\/da\/wp-json\/wp\/v2\/users\/50"}],"replies":[{"embeddable":true,"href":"https:\/\/marketingplatform.com\/da\/wp-json\/wp\/v2\/comments?post=5747"}],"version-history":[{"count":3,"href":"https:\/\/marketingplatform.com\/da\/wp-json\/wp\/v2\/pages\/5747\/revisions"}],"predecessor-version":[{"id":54770,"href":"https:\/\/marketingplatform.com\/da\/wp-json\/wp\/v2\/pages\/5747\/revisions\/54770"}],"wp:attachment":[{"href":"https:\/\/marketingplatform.com\/da\/wp-json\/wp\/v2\/media?parent=5747"}],"wp:term":[{"taxonomy":"category","embeddable":true,"href":"https:\/\/marketingplatform.com\/da\/wp-json\/wp\/v2\/categories?post=5747"},{"taxonomy":"post_tag","embeddable":true,"href":"https:\/\/marketingplatform.com\/da\/wp-json\/wp\/v2\/tags?post=5747"},{"taxonomy":"yst_prominent_words","embeddable":true,"href":"https:\/\/marketingplatform.com\/da\/wp-json\/wp\/v2\/yst_prominent_words?post=5747"}],"curies":[{"name":"wp","href":"https:\/\/api.w.org\/{rel}","templated":true}]}}