{"id":5699,"date":"2017-04-12T11:27:52","date_gmt":"2017-04-12T09:27:52","guid":{"rendered":"https:\/\/marketingplatform.com\/?page_id=5699\/"},"modified":"2020-03-27T13:29:50","modified_gmt":"2020-03-27T12:29:50","slug":"autoresponder","status":"publish","type":"page","link":"https:\/\/marketingplatform.com\/da\/autoresponder\/","title":{"rendered":"Autoresponder 3.0 &#8211; automatiske flows"},"content":{"rendered":"<p>[et_pb_section fb_built=&#8221;1&#8243; admin_label=&#8221;section&#8221; _builder_version=&#8221;3.22&#8243; transparent_background=&#8221;off&#8221; make_fullwidth=&#8221;off&#8221; use_custom_width=&#8221;off&#8221; width_unit=&#8221;off&#8221; custom_width_px=&#8221;1080px&#8221; custom_width_percent=&#8221;80%&#8221;][et_pb_row admin_label=&#8221;row&#8221; _builder_version=&#8221;3.25&#8243; background_size=&#8221;initial&#8221; background_position=&#8221;top_left&#8221; background_repeat=&#8221;repeat&#8221; make_fullwidth=&#8221;off&#8221; use_custom_width=&#8221;off&#8221; width_unit=&#8221;off&#8221; custom_width_px=&#8221;1080px&#8221; custom_width_percent=&#8221;80%&#8221;][et_pb_column type=&#8221;4_4&#8243; _builder_version=&#8221;3.25&#8243; custom_padding=&#8221;|||&#8221; custom_padding__hover=&#8221;|||&#8221;][et_pb_text _builder_version=&#8221;3.27.4&#8243; background_size=&#8221;initial&#8221; background_position=&#8221;top_left&#8221; background_repeat=&#8221;repeat&#8221; use_border_color=&#8221;off&#8221; border_style=&#8221;solid&#8221;]<\/p>\n<h1>Autoresponder 3.0 \u2013 Automatiske Flows<\/h1>\n<p><img decoding=\"async\" loading=\"lazy\" class=\"scale-with-grid alignright image-border\" title=\"\" src=\"https:\/\/marketingplatform.com\/wp-content\/uploads\/2017\/04\/autoresponder-1.png\" alt=\"autoresponder-mailplatform-draganddrop.png\" width=\"341\" height=\"150\" \/>En autoresponder tager udgangspunkt i det tidspunkt modtageren er blevet tilmeldt.<\/p>\n<p>Med funktionen Autoresponder kan en eller flere kampagner udsendes automatisk i et flow af email eller SMS beskeder.<\/p>\n<p>Overblikket bevares nemt med den indbyggede kalender, der viser tidspunktet for udsendelse, giver mulighed for at aktivere og deaktivere en given Autoresponder, samt med drag-and-drop flytte rundt p\u00e5 r\u00e6kkef\u00f8lgen.<br \/>\n[\/et_pb_text][\/et_pb_column][\/et_pb_row][et_pb_row column_structure=&#8221;1_5,1_5,1_5,1_5,1_5&#8243; module_class=&#8221;custom_row&#8221; _builder_version=&#8221;4.4.0&#8243; background_size=&#8221;initial&#8221; background_position=&#8221;top_left&#8221; background_repeat=&#8221;repeat&#8221; width_tablet=&#8221;80%&#8221; width_phone=&#8221;&#8221; width_last_edited=&#8221;on|desktop&#8221; max_width_tablet=&#8221;1024px&#8221; max_width_phone=&#8221;&#8221; max_width_last_edited=&#8221;on|tablet&#8221; module_alignment=&#8221;center&#8221; hover_enabled=&#8221;0&#8243; custom_padding=&#8221;50px||50px||false|false&#8221;][et_pb_column type=&#8221;1_5&#8243; _builder_version=&#8221;3.25&#8243; custom_padding=&#8221;|||&#8221; custom_padding__hover=&#8221;|||&#8221;][et_pb_image src=&#8221;https:\/\/marketingplatform.com\/wp-content\/uploads\/2019\/11\/verisure.png&#8221; align_tablet=&#8221;center&#8221; align_phone=&#8221;&#8221; align_last_edited=&#8221;on|desktop&#8221; _builder_version=&#8221;4.0.2&#8243; max_width=&#8221;92%&#8221; max_width_tablet=&#8221;65%&#8221; max_width_phone=&#8221;50%&#8221; max_width_last_edited=&#8221;on|desktop&#8221; module_alignment=&#8221;center&#8221; custom_padding=&#8221;6px||||false|false&#8221;]<\/p>\n<p>[\/et_pb_image][\/et_pb_column][et_pb_column type=&#8221;1_5&#8243; _builder_version=&#8221;3.25&#8243; custom_padding=&#8221;|||&#8221; custom_padding__hover=&#8221;|||&#8221;][et_pb_image src=&#8221;https:\/\/marketingplatform.com\/wp-content\/uploads\/2019\/03\/med24-logo.png&#8221; align_tablet=&#8221;center&#8221; align_phone=&#8221;&#8221; align_last_edited=&#8221;on|desktop&#8221; _builder_version=&#8221;3.23.3&#8243; max_width=&#8221;72%&#8221; max_width_tablet=&#8221;65%&#8221; max_width_phone=&#8221;50%&#8221; max_width_last_edited=&#8221;on|phone&#8221; module_alignment=&#8221;center&#8221;]<\/p>\n<p>[\/et_pb_image][\/et_pb_column][et_pb_column type=&#8221;1_5&#8243; _builder_version=&#8221;3.25&#8243; custom_padding=&#8221;|||&#8221; custom_padding__hover=&#8221;|||&#8221;][et_pb_image src=&#8221;https:\/\/marketingplatform.com\/wp-content\/uploads\/2020\/03\/danishcrown.png&#8221; align=&#8221;center&#8221; align_tablet=&#8221;center&#8221; align_phone=&#8221;&#8221; align_last_edited=&#8221;on|desktop&#8221; _builder_version=&#8221;4.4.0&#8243; max_width=&#8221;68%&#8221; max_width_tablet=&#8221;62%&#8221; max_width_phone=&#8221;46%&#8221; max_width_last_edited=&#8221;on|phone&#8221; module_alignment=&#8221;center&#8221; custom_margin=&#8221;-7px||||false|false&#8221; custom_padding=&#8221;||||false|false&#8221;]<\/p>\n<p>[\/et_pb_image][\/et_pb_column][et_pb_column type=&#8221;1_5&#8243; _builder_version=&#8221;3.25&#8243; custom_padding=&#8221;|||&#8221; custom_padding__hover=&#8221;|||&#8221;][et_pb_image src=&#8221;https:\/\/marketingplatform.com\/wp-content\/uploads\/2019\/08\/cykelpartner.png&#8221; align_tablet=&#8221;center&#8221; align_phone=&#8221;&#8221; align_last_edited=&#8221;on|desktop&#8221; _builder_version=&#8221;3.23.3&#8243; max_width=&#8221;100%&#8221; max_width_tablet=&#8221;60%&#8221; max_width_phone=&#8221;45%&#8221; max_width_last_edited=&#8221;on|phone&#8221; module_alignment=&#8221;center&#8221; custom_padding=&#8221;8px||&#8221;]<\/p>\n<p>[\/et_pb_image][\/et_pb_column][et_pb_column type=&#8221;1_5&#8243; _builder_version=&#8221;3.25&#8243; custom_padding=&#8221;3px|||&#8221; custom_padding__hover=&#8221;|||&#8221;][et_pb_image src=&#8221;https:\/\/marketingplatform.com\/wp-content\/uploads\/2019\/10\/olivers-dk.png&#8221; align_tablet=&#8221;center&#8221; align_phone=&#8221;&#8221; align_last_edited=&#8221;on|desktop&#8221; _builder_version=&#8221;4.0.2&#8243; width=&#8221;75%&#8221; max_width=&#8221;100%&#8221; max_width_tablet=&#8221;65%&#8221; max_width_phone=&#8221;50%&#8221; max_width_last_edited=&#8221;on|phone&#8221; module_alignment=&#8221;center&#8221;]<\/p>\n<p>[\/et_pb_image][\/et_pb_column][\/et_pb_row][et_pb_row admin_label=&#8221;row&#8221; _builder_version=&#8221;3.25&#8243; background_size=&#8221;initial&#8221; background_position=&#8221;top_left&#8221; background_repeat=&#8221;repeat&#8221; make_fullwidth=&#8221;off&#8221; use_custom_width=&#8221;off&#8221; width_unit=&#8221;off&#8221; custom_width_px=&#8221;1080px&#8221; custom_width_percent=&#8221;80%&#8221;][et_pb_column type=&#8221;4_4&#8243; _builder_version=&#8221;3.25&#8243; custom_padding=&#8221;|||&#8221; custom_padding__hover=&#8221;|||&#8221;][et_pb_text _builder_version=&#8221;3.27.4&#8243; background_size=&#8221;initial&#8221; background_position=&#8221;top_left&#8221; background_repeat=&#8221;repeat&#8221; use_border_color=&#8221;off&#8221; border_style=&#8221;solid&#8221;]<\/p>\n<h4><img decoding=\"async\" loading=\"lazy\" class=\"scale-with-grid image-border alignleft wp-image-6981 size-full\" src=\"https:\/\/marketingplatform.com\/wp-content\/uploads\/2017\/04\/autoresponder.png\" alt=\"\" width=\"500\" height=\"334\" srcset=\"https:\/\/marketingplatform.com\/wp-content\/uploads\/2017\/04\/autoresponder.png 500w, https:\/\/marketingplatform.com\/wp-content\/uploads\/2017\/04\/autoresponder-300x200.png 300w\" sizes=\"(max-width: 500px) 100vw, 500px\" \/>Byd dine modtagere velkommen<\/h4>\n<p>Mange anvender autorespondere til et velkomstflow, hvor den nye modtager f\u00e5r tilsendt typisk 3 kampagner indenfor en kortere tidshorisont.<\/p>\n<p>Et typisk forl\u00f8b kunne se s\u00e5ledes ud:<\/p>\n<p>Dag 0, umiddelbart efter tilmelding sendes en kampagne p\u00e5 email, der fort\u00e6ller om fordelene ved at modtage din virksomheds nyhedsbrev. Mailen indeholder m\u00e5ske en s\u00e6rlig fordel.<\/p>\n<p>Dag 2, om formiddagen, sendes en opf\u00f8lgende email, der fort\u00e6ller mere om din virksomhed, hvem, hvorfor og hvad der driver folkene bag. Den opbygger tillid og tryghed.<\/p>\n<p>Dag 5, om aftenen mellem 19-21, sendes en tredje mail, men kun til dem der har \u00e5bnet mail nr 2. De \u00f8vrige vil ikke modtage flere mails. Mailen indeholder et s\u00e6rligt loyalitets budskab, som tak fordi modtageren har vist interesse er her noget specielt.<br \/>\n[\/et_pb_text][\/et_pb_column][\/et_pb_row][et_pb_row admin_label=&#8221;row&#8221; _builder_version=&#8221;3.25&#8243; background_size=&#8221;initial&#8221; background_position=&#8221;top_left&#8221; background_repeat=&#8221;repeat&#8221; make_fullwidth=&#8221;off&#8221; use_custom_width=&#8221;off&#8221; width_unit=&#8221;off&#8221; custom_width_px=&#8221;1080px&#8221; custom_width_percent=&#8221;80%&#8221;][et_pb_column type=&#8221;4_4&#8243; _builder_version=&#8221;3.25&#8243; custom_padding=&#8221;|||&#8221; custom_padding__hover=&#8221;|||&#8221;][et_pb_text _builder_version=&#8221;3.27.4&#8243; background_size=&#8221;initial&#8221; background_position=&#8221;top_left&#8221; background_repeat=&#8221;repeat&#8221; use_border_color=&#8221;off&#8221; border_style=&#8221;solid&#8221;]<\/p>\n<h4>Budskabet kan differentieres<\/h4>\n<p>Der er flere m\u00e5der at differentiere budskaberne p\u00e5. Dels kan en autoresponder blive udsendt p\u00e5 et v\u00e6ld af kriterier. Overordnet set kan det ske efter tid &#8211; antal timer, dage eller uger efter tilmelding &#8211; eller i forhold til en bestemt adf\u00e6rd &#8211; adf\u00e6rd i en mailkampagne eller i en anden autoresponder.<\/p>\n<p>Oveni disse grundl\u00e6ggende kriterier kommer et v\u00e6ld af filtre og muligheder for at kombinere tid og adf\u00e6rd. Lad os give et eksempel p\u00e5 en autoresponder efter k\u00f8b:<\/p>\n<p>En kunde har netop k\u00f8bt en vare hos din virksomhed. Samtidigt tilmelder vedkommende sig jeres nyhedsbrev. Modtageren oprettes via en integration mellem webshoppen \/ kassel\u00f8sningen hvor k\u00f8bet foretages og MarketingPlatform. Udover kundens email adresse og andre stamoplysninger sendes ogs\u00e5 nogle detaljer om varerne der er k\u00f8bt. Og der s\u00e6ttes et JA i et felt der oprettes og kaldes &#8220;Er kunde&#8221;<br \/>\n[\/et_pb_text][\/et_pb_column][\/et_pb_row][\/et_pb_section][et_pb_section fb_built=&#8221;1&#8243; custom_padding_last_edited=&#8221;on|phone&#8221; module_class=&#8221;ressourcer-signup&#8221; _builder_version=&#8221;4.0.2&#8243; background_color=&#8221;#dee7f1&#8243; custom_padding=&#8221;7%||&#8221; custom_padding_tablet=&#8221;12%||||false|false&#8221; custom_padding_phone=&#8221;17%||||false|false&#8221; top_divider_style=&#8221;asymmetric2&#8243; top_divider_color=&#8221;#ffffff&#8221; top_divider_height=&#8221;60px&#8221; global_module=&#8221;19033&#8243;][et_pb_row _builder_version=&#8221;3.25&#8243; background_size=&#8221;initial&#8221; background_position=&#8221;top_left&#8221; background_repeat=&#8221;repeat&#8221; custom_margin=&#8221;||10px&#8221; custom_padding=&#8221;||10px&#8221;][et_pb_column type=&#8221;4_4&#8243; _builder_version=&#8221;3.25&#8243; custom_padding=&#8221;|||&#8221; custom_padding__hover=&#8221;|||&#8221;][et_pb_text _builder_version=&#8221;4.0.2&#8243; text_orientation=&#8221;center&#8221;]<\/p>\n<h2 style=\"font-style: normal;\">Pr\u00f8v MarketingPlatform gratis i 14 dage<\/h2>\n<p style=\"font-style: normal;\">Pr\u00f8veperioden er gratis, helt uforpligtende og udl\u00f8ber efter 14 dage, hvis du ikke \u00f8nsker at forts\u00e6tte.<br \/> Ved tilmelding modtager du samtidig vores uddannelsesflow p\u00e5 en serie af mails \u2013 og vores nyhedsbrev.<\/p>\n<p>[\/et_pb_text][\/et_pb_column][\/et_pb_row][et_pb_row _builder_version=&#8221;4.0.2&#8243;][et_pb_column type=&#8221;4_4&#8243; _builder_version=&#8221;4.0.2&#8243;][et_pb_code _builder_version=&#8221;4.0.2&#8243; text_orientation=&#8221;center&#8221;]<a href=\"https:\/\/marketingplatform.com\/da\/gratis-proeveversion\/\" class=\"green-btn2\" style=\"background:#09cd6f; padding:18px 60px; margin-bottom:10px!important;\">Pr\u00f8v os gratis nu<\/a> <a href=\"https:\/\/marketingplatform.com\/da\/book-emailplatform-demo\/\" class=\"green-btn2\" style=\"background:#0daae2; padding:18px 70px;\">Book demo<\/a>[\/et_pb_code][\/et_pb_column][\/et_pb_row][et_pb_row _builder_version=&#8221;4.0.2&#8243; max_width=&#8221;768px&#8221; custom_margin=&#8221;15px||0px||false|false&#8221; custom_padding=&#8221;0px||0px&#8221; use_custom_width=&#8221;on&#8221; custom_width_px=&#8221;768px&#8221;][et_pb_column type=&#8221;4_4&#8243; _builder_version=&#8221;3.25&#8243; custom_padding=&#8221;|||&#8221; custom_padding__hover=&#8221;|||&#8221;][et_pb_code _builder_version=&#8221;4.0.2&#8243;]<\/p>\n<div class=\"awards-align\" ><!-- [et_pb_line_break_holder] --><\/p>\n<div style=\"float:left; width:14%; text-align:right;   margin-right: 2%;\"><!-- [et_pb_line_break_holder] --><img decoding=\"async\" src=\"https:\/\/marketingplatform.com\/wp-content\/uploads\/2020\/01\/primotours.png\" width=\"56\" style=\"margin:10px 20px 20px 0px;\"><!-- [et_pb_line_break_holder] --><\/div>\n<p><!-- [et_pb_line_break_holder] --><\/p>\n<div style=\"float:left; width:20%; text-align:center;    margin-right: 4%;\"><!-- [et_pb_line_break_holder] --><img decoding=\"async\" src=\"https:\/\/marketingplatform.com\/wp-content\/uploads\/2019\/11\/med24-gray.png\" width=\"100\" style=\"margin:20px 0px 20px 10px;\"><!-- [et_pb_line_break_holder] --><\/div>\n<p><!-- [et_pb_line_break_holder] --><\/p>\n<div style=\"float:left; width:18%;    margin-right: 1%;\"><!-- [et_pb_line_break_holder] --><img decoding=\"async\" src=\"https:\/\/marketingplatform.com\/wp-content\/uploads\/2019\/08\/cykelpartner-logo.png\" width=\"180\" style=\"margin:29px 20px 20px 0px;\"><!-- [et_pb_line_break_holder] --><\/div>\n<p><!-- [et_pb_line_break_holder] --><\/p>\n<div style=\"float:left; width:20%; text-align:center;     margin-right: 1%;\"><!-- [et_pb_line_break_holder] --><img decoding=\"async\" src=\"https:\/\/marketingplatform.com\/wp-content\/uploads\/2019\/04\/aldi-grey.png\" width=\"50\" style=\"margin:10px 0px 20px 0px;\"><!-- [et_pb_line_break_holder] --><\/div>\n<p><!-- [et_pb_line_break_holder] --><\/p>\n<div style=\"float:left; width:18%;      margin-right: 2%;  text-align: center;\"><!-- [et_pb_line_break_holder] --><img decoding=\"async\" src=\"https:\/\/marketingplatform.com\/wp-content\/uploads\/2019\/02\/verisure-logo.png\" width=\"120\" style=\"margin:18px 0px 20px 0px;\"><!-- [et_pb_line_break_holder] --><\/div>\n<p><!-- [et_pb_line_break_holder] --><\/div>\n<p>[\/et_pb_code][\/et_pb_column][\/et_pb_row][\/et_pb_section]<\/p>\n","protected":false},"excerpt":{"rendered":"<p>Autoresponder 3.0 \u2013 Automatiske Flows En autoresponder tager udgangspunkt i det tidspunkt modtageren er blevet tilmeldt. Med funktionen Autoresponder kan en eller flere kampagner udsendes automatisk i et flow af email eller SMS beskeder. Overblikket bevares nemt med den indbyggede kalender, der viser tidspunktet for udsendelse, giver mulighed for at aktivere og deaktivere en given [&hellip;]<\/p>\n","protected":false},"author":50,"featured_media":0,"parent":0,"menu_order":0,"comment_status":"closed","ping_status":"closed","template":"","meta":{"_et_pb_use_builder":"on","_et_pb_old_content":"<img class=\"alignleft wp-image-5608\" src=\"https:\/\/marketingplatform.com\/wp-content\/uploads\/2017\/04\/mailplatform-white-reference-650px-3-300x27.png\" alt=\"\" width=\"755\" height=\"68\" \/>\r\n<img class=\"scale-with-grid alignright\" title=\"\" src=\"https:\/\/marketingplatform.com\/wp-content\/uploads\/2017\/04\/autoresponder-mailplatform-draganddrop.png\" alt=\"autoresponder-mailplatform-draganddrop.png\" width=\"341\" height=\"150\" \/>En autoresponder tager udgangspunkt i det tidspunkt modtageren er blevet tilmeldt.\r\n\r\nMed funktionen Autoresponder kan en eller flere kampagner udsendes automatisk i et flow af email eller SMS beskeder.\r\n\r\nOverblikket bevares nemt med den indbyggede kalender, der viser tidspunktet for udsendelse, giver mulighed for at aktivere og deaktivere en given Autoresponder, samt med drag-and-drop flytte rundt p\u00e5 r\u00e6kkef\u00f8lgen.\r\n\r\n<img class=\"full-width\" src=\"https:\/\/marketingplatform.com\/wp-content\/uploads\/2017\/04\/mailplatform-white-reference-900px-9b.png\" alt=\"mailplatform-white-reference\" border=\"0\" \/>\r\n\r\n<img class=\"scale-with-grid alignleft\" title=\"\" src=\"https:\/\/marketingplatform.com\/wp-content\/uploads\/2017\/04\/filter-opened-autoresponder-mailplatform.png\" alt=\"filter-opened-autoresponder-mailplatform\" width=\"468\" height=\"316\" \/><strong>Byd dine modtagere velkommen<\/strong>\r\nMange anvender autorespondere til et velkomstflow, hvor den nye modtager f\u00e5r tilsendt typisk 3 kampagner indenfor en kortere tidshorisont.\r\n\r\nEt typisk forl\u00f8b kunne se s\u00e5ledes ud:\r\nDag 0, umiddelbart efter tilmelding sendes en kampagne p\u00e5 email, der fort\u00e6ller om fordelene ved at modtage din virksomheds nyhedsbrev. Mailen indeholder m\u00e5ske en s\u00e6rlig fordel.\r\n\r\nDag 2, om formiddagen, sendes en opf\u00f8lgende email, der fort\u00e6ller mere om din virksomhed, hvem, hvorfor og hvad der driver folkene bag. Den opbygger tillid og tryghed.\r\n\r\nDag 5, om aftenen mellem 19-21, sendes en tredje mail, men kun til dem der har \u00e5bnet mail nr 2. De \u00f8vrige vil ikke modtage flere mails. Mailen indeholder et s\u00e6rligt loyalitets budskab, som tak fordi modtageren har vist interesse er her noget specielt.\r\n<br><\/br>\r\n<h2>Pr\u00f8v MailPlatform gratis -\u00a0og f\u00e5 succes med dine nyhedsbreve<\/h2>\r\n<h3>Du tilmelder dig p\u00e5 10\u00a0sekunder - uden brug af kreditkort - skriv trygt din email i feltet herunder<\/h3>\r\nBlandt kunderne, der anvender MailPlatform til at forbedre deres kommunikation, er Applus, Bauhaus, Billetlugen, CBS, \u00a0EGMONT, Gallup, Jensens B\u00f8fhus, Kop & Kande, LEGO, Leo Pharma, Lions, Merck, Mr., Sampension, UNICEF og \u00c6ldresagen.\r\n\r\n[widget id=\"text-183\"]\r\n<br><\/br>\r\n\r\n<strong>Budskabet kan differentieres<\/strong>\r\nDer er flere m\u00e5der at differentiere budskaberne p\u00e5. Dels kan en autoresponder blive udsendt p\u00e5 et v\u00e6ld af kriterier. Overordnet set kan det ske efter tid - antal timer, dage eller uger efter tilmelding - eller i forhold til en bestemt adf\u00e6rd - adf\u00e6rd i en mailkampagne eller i en anden autoresponder.\r\n\r\nOveni disse grundl\u00e6ggende kriterier kommer et v\u00e6ld af filtre og muligheder for at kombinere tid og adf\u00e6rd. Lad os give et eksempel p\u00e5 en autoresponder efter k\u00f8b:\r\n\r\nEn kunde har netop k\u00f8bt en vare hos din virksomhed. Samtidigt tilmelder vedkommende sig jeres nyhedsbrev. Modtageren oprettes via en integration mellem webshoppen \/ kassel\u00f8sningen hvor k\u00f8bet foretages og MailPlatform. Udover kundens email adresse og andre stamoplysninger sendes ogs\u00e5 nogle detaljer om varerne der er k\u00f8bt. Og der s\u00e6ttes et JA i et felt der oprettes og kaldes \"Er kunde\".\r\n\r\n<\/div>\r\n<div class=\"col-right\">\r\n\r\n<strong>Autorespondere kan kombineres med Trigger Mails<\/strong>\r\nP\u00e5 den m\u00e5de kan virksomheden m\u00e5lrette budskaber til k\u00f8bende kunder - og differentiere meddelelserne til endnu ikke kunder.\r\n\r\nMed den nye viden ops\u00e6tter marketingafdelingen 3 autorespondere, der differentierer budskaberne til kunder og ikke kunder, inds\u00e6tter information om det seneste k\u00f8b i en opf\u00f8lgende mail ti dage efter k\u00f8bet og laver en winback mail\r\n\r\nUdover disse oplysninger skrives datoen for k\u00f8bet i et datofelt. Dette anvendes specielt ifht <a href=\"https:\/\/mailplatform.dk\/udvalgte-funktioner\/trigger-mails\/\">Trigger Mails, som du kan l\u00e6se meget mere om her<\/a>. Hvor en autoresponder tager udgangspunkt i tidspunktet for tilmeldingen, kan en Trigger reagere p\u00e5 en lang r\u00e6kke andre prim\u00e6re parametre.\r\n\r\n<img class=\"size-full wp-image-5702 aligncenter\" src=\"https:\/\/marketingplatform.com\/wp-content\/uploads\/2017\/04\/joined-autoresponders-mailplatform.png\" alt=\"\" width=\"1009\" height=\"336\" \/>\r\n\r\n<strong>Webinar om Autorespondere<\/strong>\r\n\r\nLive Webinar fra torsdag den 26. marts 2015, hvor Autoresponder 3.0 blev gennemg\u00e5et af Kim \u00d8stergaard. Kim \u00d8stergaard er grundl\u00e6gger og CEO for MailPlatform.\r\n\r\n<iframe src=\"https:\/\/player.vimeo.com\/video\/123286499?title=0&byline=0&portrait=0\" width=\"640\" height=\"350\" frameborder=\"0\" allowfullscreen=\"allowfullscreen\"><\/iframe>\r\n\r\n<\/div>\r\n<\/div>\r\n<\/div>\r\n<\/div>","_et_gb_content_width":"","footnotes":""},"categories":[],"tags":[],"yst_prominent_words":[],"_links":{"self":[{"href":"https:\/\/marketingplatform.com\/da\/wp-json\/wp\/v2\/pages\/5699"}],"collection":[{"href":"https:\/\/marketingplatform.com\/da\/wp-json\/wp\/v2\/pages"}],"about":[{"href":"https:\/\/marketingplatform.com\/da\/wp-json\/wp\/v2\/types\/page"}],"author":[{"embeddable":true,"href":"https:\/\/marketingplatform.com\/da\/wp-json\/wp\/v2\/users\/50"}],"replies":[{"embeddable":true,"href":"https:\/\/marketingplatform.com\/da\/wp-json\/wp\/v2\/comments?post=5699"}],"version-history":[{"count":3,"href":"https:\/\/marketingplatform.com\/da\/wp-json\/wp\/v2\/pages\/5699\/revisions"}],"predecessor-version":[{"id":54777,"href":"https:\/\/marketingplatform.com\/da\/wp-json\/wp\/v2\/pages\/5699\/revisions\/54777"}],"wp:attachment":[{"href":"https:\/\/marketingplatform.com\/da\/wp-json\/wp\/v2\/media?parent=5699"}],"wp:term":[{"taxonomy":"category","embeddable":true,"href":"https:\/\/marketingplatform.com\/da\/wp-json\/wp\/v2\/categories?post=5699"},{"taxonomy":"post_tag","embeddable":true,"href":"https:\/\/marketingplatform.com\/da\/wp-json\/wp\/v2\/tags?post=5699"},{"taxonomy":"yst_prominent_words","embeddable":true,"href":"https:\/\/marketingplatform.com\/da\/wp-json\/wp\/v2\/yst_prominent_words?post=5699"}],"curies":[{"name":"wp","href":"https:\/\/api.w.org\/{rel}","templated":true}]}}