{"id":5685,"date":"2017-04-12T10:59:03","date_gmt":"2017-04-12T08:59:03","guid":{"rendered":"https:\/\/marketingplatform.com\/?page_id=5685\/"},"modified":"2023-11-23T09:28:34","modified_gmt":"2023-11-23T08:28:34","slug":"api-til-marketingplatform","status":"publish","type":"page","link":"https:\/\/marketingplatform.com\/da\/api-til-marketingplatform\/","title":{"rendered":"API til MarketingPlatform"},"content":{"rendered":"<p>[et_pb_section fb_built=&#8221;1&#8243; admin_label=&#8221;section&#8221; _builder_version=&#8221;4.16&#8243; transparent_background=&#8221;off&#8221; global_colors_info=&#8221;{}&#8221;][et_pb_row column_structure=&#8221;1_2,1_2&#8243; admin_label=&#8221;row&#8221; _builder_version=&#8221;4.16&#8243; background_size=&#8221;initial&#8221; background_position=&#8221;top_left&#8221; background_repeat=&#8221;repeat&#8221; global_colors_info=&#8221;{}&#8221;][et_pb_column type=&#8221;1_2&#8243; _builder_version=&#8221;4.16&#8243; custom_padding=&#8221;|||&#8221; global_colors_info=&#8221;{}&#8221; custom_padding__hover=&#8221;|||&#8221;][et_pb_text admin_label=&#8221;Text&#8221; _builder_version=&#8221;4.22.1&#8243; header_font=&#8221;|800|||||||&#8221; header_font_size=&#8221;38px&#8221; background_size=&#8221;initial&#8221; background_position=&#8221;top_left&#8221; background_repeat=&#8221;repeat&#8221; use_border_color=&#8221;off&#8221; border_color=&#8221;#ffffff&#8221; border_style=&#8221;solid&#8221; global_colors_info=&#8221;{}&#8221;]<\/p>\n<h1>API\u00a0 til MarketingPlatform<\/h1>\n<p>API&#8217;et til MarketingPlatform g\u00f8r det muligt at integrere dine \u00f8vrige IT-systemer med MarketingPlatform. Foruden muligheden for at lave egne integrationer med vores API, har vi en lang r\u00e6kke f\u00e6rdige integrationer med f\u00f8rende CMS, Webshop, CRM og POS l\u00f8sninger.<\/p>\n<p>Vores interaktive online guide, hj\u00e6lper udviklerne med at forst\u00e5 mulighederne med API&#8217;et. Guiden er en tr\u00e6-struktur, der er sorteret efter de forskellige typer af kald.<\/p>\n<p>&#8211; <a href=\"https:\/\/api.mailmailmail.net\/v2.0\/\" target=\"_blank\" rel=\"noopener\">API dokumentation<\/a><br \/>&#8211; <a href=\"https:\/\/marketingplatform.com\/api\/php\/\">API documentation til PHP (deprecated)<\/a><br \/>&#8211;\u00a0<a href=\"https:\/\/marketingplatform.com\/api\/csharp\/\">API documentation til C# (deprecated)<\/a><\/p>\n<p>[\/et_pb_text][\/et_pb_column][et_pb_column type=&#8221;1_2&#8243; _builder_version=&#8221;4.16&#8243; custom_padding=&#8221;|||&#8221; global_colors_info=&#8221;{}&#8221; custom_padding__hover=&#8221;|||&#8221;][et_pb_image src=&#8221;https:\/\/marketingplatform.com\/wp-content\/uploads\/2019\/07\/api-scene.png&#8221; align=&#8221;center&#8221; _builder_version=&#8221;4.22.1&#8243; max_width=&#8221;70%&#8221; hover_enabled=&#8221;0&#8243; global_colors_info=&#8221;{}&#8221; alt=&#8221;A man working on a laptop with a big screen displaying %22API%22, representing MarketingPlatform&#8217;s API integration opportunities.&#8221; sticky_enabled=&#8221;0&#8243;][\/et_pb_image][\/et_pb_column][\/et_pb_row][et_pb_row admin_label=&#8221;row&#8221; _builder_version=&#8221;4.16&#8243; background_size=&#8221;initial&#8221; background_position=&#8221;top_left&#8221; background_repeat=&#8221;repeat&#8221; global_colors_info=&#8221;{}&#8221;][et_pb_column type=&#8221;4_4&#8243; _builder_version=&#8221;4.16&#8243; custom_padding=&#8221;|||&#8221; global_colors_info=&#8221;{}&#8221; custom_padding__hover=&#8221;|||&#8221;][et_pb_text admin_label=&#8221;Text&#8221; _builder_version=&#8221;4.16&#8243; background_size=&#8221;initial&#8221; background_position=&#8221;top_left&#8221; background_repeat=&#8221;repeat&#8221; use_border_color=&#8221;off&#8221; border_color=&#8221;#ffffff&#8221; border_style=&#8221;solid&#8221; global_colors_info=&#8221;{}&#8221;]<\/p>\n<p>Med API&#8217;et er det muligt at inds\u00e6tte og opdatere modtagere, hente statistik for udsendte kampagner, oprette nye kontaktlister og vedligeholde eksisterende, placere indhold i nyhedsbreve (b\u00e5de statistisk og dynamisk), kopiere og sende kampagner og meget mere.<\/p>\n<p>Du kan <a href=\"https:\/\/github.com\/emailplatform?tab=repositories\">finde dokumentation til vores Software Development Kit (SDK) til PHP og C# her (deprecated)<\/a>\u00a0(\u00e5bner eksternt).<\/p>\n<p>[\/et_pb_text][\/et_pb_column][\/et_pb_row][et_pb_row admin_label=&#8221;row&#8221; _builder_version=&#8221;4.16&#8243; background_size=&#8221;initial&#8221; background_position=&#8221;top_left&#8221; background_repeat=&#8221;repeat&#8221; custom_padding=&#8221;22px||22px||false|false&#8221; global_colors_info=&#8221;{}&#8221;][et_pb_column type=&#8221;4_4&#8243; _builder_version=&#8221;4.16&#8243; custom_padding=&#8221;|||&#8221; global_colors_info=&#8221;{}&#8221; custom_padding__hover=&#8221;|||&#8221;][et_pb_text admin_label=&#8221;Text&#8221; _builder_version=&#8221;4.16&#8243; background_color=&#8221;#dee7f1&#8243; background_size=&#8221;initial&#8221; background_position=&#8221;top_left&#8221; background_repeat=&#8221;repeat&#8221; text_orientation=&#8221;center&#8221; custom_padding=&#8221;22px||22px||false|false&#8221; border_radii=&#8221;on|90px|90px|90px|90px&#8221; use_border_color=&#8221;off&#8221; border_color=&#8221;#ffffff&#8221; border_style=&#8221;solid&#8221; global_colors_info=&#8221;{}&#8221;]<\/p>\n<p>Vi udvikler l\u00f8bende tilg\u00e6ngelige funktioner i vores API &#8211; mange p\u00e5 basis af forslag fra kunder. Vi gl\u00e6der os til at h\u00f8re fra dig.<\/p>\n<p><b>Udviklerteamet, <span class=\"op-testimonial-company\">hos MarketingPlatform<\/span><\/b><\/p>\n<p>[\/et_pb_text][\/et_pb_column][\/et_pb_row][et_pb_row admin_label=&#8221;row&#8221; _builder_version=&#8221;4.16&#8243; background_size=&#8221;initial&#8221; background_position=&#8221;top_left&#8221; background_repeat=&#8221;repeat&#8221; global_colors_info=&#8221;{}&#8221;][et_pb_column type=&#8221;4_4&#8243; _builder_version=&#8221;4.16&#8243; custom_padding=&#8221;|||&#8221; global_colors_info=&#8221;{}&#8221; custom_padding__hover=&#8221;|||&#8221;][et_pb_text admin_label=&#8221;Text&#8221; _builder_version=&#8221;4.16&#8243; header_3_font=&#8221;|800|||||||&#8221; background_size=&#8221;initial&#8221; background_position=&#8221;top_left&#8221; background_repeat=&#8221;repeat&#8221; use_border_color=&#8221;off&#8221; border_color=&#8221;#ffffff&#8221; border_style=&#8221;solid&#8221; global_colors_info=&#8221;{}&#8221;]<\/p>\n<h3>Vil I udvikle en integration til MarketingPlatform?<\/h3>\n<p>Vi p\u00e5sk\u00f8nner alle der \u00f8nsker at integrere deres l\u00f8sning med MarketingPlatform. En integration giver nye muligheder for dine kunder, og g\u00f8r dit produkt mere attraktivt overfor kommende kunder.<\/p>\n<p>MarketingPlatform hj\u00e6lper meget gerne med integrationen, i form af en hotline til vores API udvikler. Derudover vil vi naturligvis ogs\u00e5 promovere integrationen, hvis den har relevans for andre, p\u00e5 vore forskellige hjemmesider.<\/p>\n<p>Kontakt os meget gerne p\u00e5 <a href=\"mailto:support@linkmobility.dk\" class=\"underline text-blue\">support@linkmobility.dk<\/a><a href=\"mailto:support@marketingplatform.com\"><\/a>, hvis din virksomhed \u00f8nsker at lave en standardintegration til gl\u00e6de for de mange.<\/p>\n<p>[\/et_pb_text][\/et_pb_column][\/et_pb_row][\/et_pb_section][et_pb_section fb_built=&#8221;1&#8243; custom_padding_last_edited=&#8221;on|phone&#8221; module_class=&#8221;ressourcer-signup&#8221; _builder_version=&#8221;4.11.2&#8243; background_color=&#8221;#dee7f1&#8243; background_enable_color=&#8221;off&#8221; custom_margin=&#8221;0px||0px||false|false&#8221; custom_padding=&#8221;0px||0px||false|false&#8221; custom_padding_tablet=&#8221;||||false|false&#8221; custom_padding_phone=&#8221;||||false|false&#8221; top_divider_style=&#8221;asymmetric2&#8243; top_divider_color=&#8221;#ffffff&#8221; top_divider_height=&#8221;60px&#8221; global_module=&#8221;19033&#8243; saved_tabs=&#8221;all&#8221; global_colors_info=&#8221;{}&#8221;][et_pb_row custom_padding_last_edited=&#8221;on|phone&#8221; _builder_version=&#8221;4.16&#8243; background_color=&#8221;#152872&#8243; background_size=&#8221;initial&#8221; background_position=&#8221;top_left&#8221; background_repeat=&#8221;repeat&#8221; custom_margin=&#8221;||||false|false&#8221; custom_padding=&#8221;100px||100px||false|false&#8221; custom_padding_tablet=&#8221;50px|20px|50px|20px|false|false&#8221; custom_padding_phone=&#8221;40px||||false|false&#8221; border_radii=&#8221;on|22px|22px|22px|22px&#8221; global_colors_info=&#8221;{}&#8221;][et_pb_column type=&#8221;4_4&#8243; _builder_version=&#8221;4.16&#8243; custom_padding=&#8221;|||&#8221; global_colors_info=&#8221;{}&#8221; custom_padding__hover=&#8221;|||&#8221;][et_pb_text _builder_version=&#8221;4.16&#8243; text_text_color=&#8221;#ffffff&#8221; header_2_font=&#8221;|800|||||||&#8221; header_2_text_color=&#8221;#ffffff&#8221; text_orientation=&#8221;center&#8221; global_colors_info=&#8221;{}&#8221;]<\/p>\n<h2>Pr\u00f8v MarketingPlatform gratis i 14 dage<\/h2>\n<p><span style=\"color:#fff;\">Pr\u00f8veperioden er gratis, helt uforpligtende og udl\u00f8ber efter 14 dage, hvis du ikke \u00f8nsker at forts\u00e6tte.<br \/>\nVed tilmelding modtager du samtidig vores uddannelsesflow p\u00e5 en serie af mails \u2013 og vores nyhedsbrev.<\/span><\/p>\n<p>[\/et_pb_text][et_pb_code _builder_version=&#8221;4.16&#8243; _module_preset=&#8221;default&#8221; width=&#8221;40%&#8221; width_tablet=&#8221;100%&#8221; width_phone=&#8221;95%&#8221; width_last_edited=&#8221;on|tablet&#8221; module_alignment=&#8221;center&#8221; global_colors_info=&#8221;{}&#8221;]<a href=\"https:\/\/marketingplatform.com\/da\/book-emailplatform-demo\/\"><\/p>\n<div class=\"bookdemobtn\" id=\"bookdemodkbox\">Book demo<\/div>\n<p><\/a><!-- [et_pb_line_break_holder] --><a href=\"https:\/\/marketingplatform.com\/da\/gratis-proeveversion\/\"><\/p>\n<div class=\"signupbtn\" id=\"tryusdkbox\">Pr\u00f8v os gratis<\/div>\n<p><\/a><!-- [et_pb_line_break_holder] --><\/p>\n<div class=\"clearfix\"><\/div>\n<p>[\/et_pb_code][\/et_pb_column][\/et_pb_row][\/et_pb_section]<\/p>\n","protected":false},"excerpt":{"rendered":"<p>API\u00a0 til MarketingPlatform API&#8217;et til MarketingPlatform g\u00f8r det muligt at integrere dine \u00f8vrige IT-systemer med MarketingPlatform. Foruden muligheden for at lave egne integrationer med vores API, har vi en lang r\u00e6kke f\u00e6rdige integrationer med f\u00f8rende CMS, Webshop, CRM og POS l\u00f8sninger. Vores interaktive online guide, hj\u00e6lper udviklerne med at forst\u00e5 mulighederne med API&#8217;et. Guiden er [&hellip;]<\/p>\n","protected":false},"author":50,"featured_media":0,"parent":0,"menu_order":0,"comment_status":"closed","ping_status":"closed","template":"","meta":{"_et_pb_use_builder":"on","_et_pb_old_content":"<img class=\"scale-with-grid alignleft\" title=\"\" src=\"https:\/\/marketingplatform.com\/wp-content\/uploads\/2017\/04\/xmlapi-webservice-mailplatform.jpg\" alt=\"xmlapi-webservice-mailplatform\" width=\"253\" height=\"243\" \/>API'et til MailPlatform g\u00f8r det muligt at integrere dine \u00f8vrige IT-systemer med MailPlatform. Foruden muligheden for at lave egne integrationer med vores XML API, har vi en lang r\u00e6kke f\u00e6rdige integrationer med f\u00f8rende CMS, Webshop, CRM og POS l\u00f8sninger.\r\n\r\nVores interaktive online guide, hj\u00e6lper udviklerne med at forst\u00e5 mulighederne med API'et. Guiden er en tr\u00e6-struktur, der er sorteret efter de forskellige typer af kald. <a href=\"https:\/\/mailmailmail.net\/xmlguide\/\" target=\"_blank\">Link til API guide for MailPlatform<\/a> (\u00e5bner i et nyt vindue).\r\n\r\nMed API'et er det muligt at inds\u00e6tte og opdatere modtagere, hente statistik for udsendte kampagner, oprette nye kontaktlister og vedligeholde eksisterende, placere indhold i nyhedsbreve (b\u00e5de statistisk og dynamisk), kopiere og sende kampagner og meget mere.\r\n<blockquote id=\"testimonial-799362f1d14a7d94f2034429400c4a3a\" class=\"testimonial testimonial-style-1\">Vi udvikler l\u00f8bende tilg\u00e6ngelige funktioner i vores API - mange p\u00e5 basis af forslag fra kunder. Vi gl\u00e6der os til at h\u00f8re fra dig.\r\n\r\n<cite>Udviklerteamet, <span class=\"op-testimonial-company\">hos MailPlatform<\/span>\r\n<\/cite><\/blockquote>\r\n<h2 class=\"headline-style-2\" style=\"font-size: 25px; font-family: 'Source Sans Pro', sans-serif; font-weight: bold; text-align: left; margin-bottom: 20px;\">Vil I udvikle en integration til MailPlatform?<\/h2>\r\n<img class=\"scale-with-grid alignright\" title=\"\" src=\"https:\/\/marketingplatform.com\/wp-content\/uploads\/2017\/04\/partnerskab-mailplatform-integrationer.jpg\" alt=\"\" width=\"300\" height=\"187\" \/>\r\n\r\nVi p\u00e5sk\u00f8nner alle der \u00f8nsker at integrere deres l\u00f8sning med MailPlatform. En integration giver nye muligheder for dine kunder, og g\u00f8r dit produkt mere attraktivt overfor kommende kunder.\r\n\r\nMailPlatform hj\u00e6lper meget gerne med integrationen, i form af en hotline til vores API udvikler. Derudover vil vi naturligvis ogs\u00e5 promovere integrationen, hvis den har relevans for andre, p\u00e5 vore forskellige hjemmesider.\r\n\r\nKontakt os meget gerne p\u00e5 support@mailplatform.dk, hvis din virksomhed \u00f8nsker at lave en standardintegration til gl\u00e6de for de mange.\r\n<h2>Pr\u00f8v MailPlatform gratis -\u00a0og f\u00e5 succes med dine nyhedsbreve<\/h2>\r\n<h3>Du tilmelder dig p\u00e5 10\u00a0sekunder - uden brug af kreditkort - skriv trygt din email i feltet herunder<\/h3>\r\nBlandt kunderne, der anvender MailPlatform til at forbedre deres kommunikation, er Applus, Bauhaus, Billetlugen, CBS, \u00a0EGMONT, Gallup, Jensens B\u00f8fhus, Kop & Kande, LEGO, Leo Pharma, Lions, Merck, Mr., Sampension, UNICEF og \u00c6ldresagen.\r\n\r\n[widget id=\"text-183\"]","_et_gb_content_width":"","footnotes":""},"categories":[],"tags":[],"yst_prominent_words":[8959,3371,10423,10421,3453,10422,4907,3455,3278,13988,4874,3452,14801,3454,15014,10424,860,4884,4889,3458],"_links":{"self":[{"href":"https:\/\/marketingplatform.com\/da\/wp-json\/wp\/v2\/pages\/5685"}],"collection":[{"href":"https:\/\/marketingplatform.com\/da\/wp-json\/wp\/v2\/pages"}],"about":[{"href":"https:\/\/marketingplatform.com\/da\/wp-json\/wp\/v2\/types\/page"}],"author":[{"embeddable":true,"href":"https:\/\/marketingplatform.com\/da\/wp-json\/wp\/v2\/users\/50"}],"replies":[{"embeddable":true,"href":"https:\/\/marketingplatform.com\/da\/wp-json\/wp\/v2\/comments?post=5685"}],"version-history":[{"count":11,"href":"https:\/\/marketingplatform.com\/da\/wp-json\/wp\/v2\/pages\/5685\/revisions"}],"predecessor-version":[{"id":237088,"href":"https:\/\/marketingplatform.com\/da\/wp-json\/wp\/v2\/pages\/5685\/revisions\/237088"}],"wp:attachment":[{"href":"https:\/\/marketingplatform.com\/da\/wp-json\/wp\/v2\/media?parent=5685"}],"wp:term":[{"taxonomy":"category","embeddable":true,"href":"https:\/\/marketingplatform.com\/da\/wp-json\/wp\/v2\/categories?post=5685"},{"taxonomy":"post_tag","embeddable":true,"href":"https:\/\/marketingplatform.com\/da\/wp-json\/wp\/v2\/tags?post=5685"},{"taxonomy":"yst_prominent_words","embeddable":true,"href":"https:\/\/marketingplatform.com\/da\/wp-json\/wp\/v2\/yst_prominent_words?post=5685"}],"curies":[{"name":"wp","href":"https:\/\/api.w.org\/{rel}","templated":true}]}}