{"id":5666,"date":"2017-04-12T10:01:22","date_gmt":"2017-04-12T08:01:22","guid":{"rendered":"https:\/\/marketingplatform.com\/?page_id=5666\/"},"modified":"2024-05-17T11:19:54","modified_gmt":"2024-05-17T09:19:54","slug":"integration-magento","status":"publish","type":"page","link":"https:\/\/marketingplatform.com\/da\/udvalgte-funktioner\/integration-magento\/","title":{"rendered":"S\u00e5dan integreres Magento med MarketingPlatform"},"content":{"rendered":"<p>[et_pb_section fb_built=&#8221;1&#8243; admin_label=&#8221;section&#8221; _builder_version=&#8221;4.16&#8243; transparent_background=&#8221;off&#8221; global_colors_info=&#8221;{}&#8221;][et_pb_row admin_label=&#8221;row&#8221; _builder_version=&#8221;4.16&#8243; background_size=&#8221;initial&#8221; background_position=&#8221;top_left&#8221; background_repeat=&#8221;repeat&#8221; custom_padding=&#8221;27px|0px|0px|0px&#8221; global_colors_info=&#8221;{}&#8221;][et_pb_column type=&#8221;4_4&#8243; _builder_version=&#8221;4.16&#8243; custom_padding=&#8221;|||&#8221; global_colors_info=&#8221;{}&#8221; custom_padding__hover=&#8221;|||&#8221;][et_pb_text admin_label=&#8221;Text&#8221; _builder_version=&#8221;4.16&#8243; background_size=&#8221;initial&#8221; background_position=&#8221;top_left&#8221; background_repeat=&#8221;repeat&#8221; use_border_color=&#8221;off&#8221; border_color=&#8221;#ffffff&#8221; border_style=&#8221;solid&#8221; global_colors_info=&#8221;{}&#8221;]<\/p>\n<h1>S\u00e5dan integreres Magento med MarketingPlatform<\/h1>\n<p>MarketingPlatform er integreret med Magento &#8211; Vi har udviklet en standard integration til Magento, hvor du Magento Connectoren kan hente data fra Magento til MarketingPlatform.<\/p>\n<p>Integrationen binder Magento og MarketingPlatform t\u00e6t sammen. Det betyder at kunder der tilmelder sig i forbindelse med et k\u00f8b, automatisk vil blive overf\u00f8rt til MarketingPlatform ved kundens accept af f.eks. nyhedsbrev. Og d<span>et betyder, at dataene altid vil v\u00e6re synkroniserede mellem din webshop og dit email marketing program, MarketingPlatform.<\/span><\/p>\n<ul>\n<li><em>Connectoren<\/em><span> lader dig synkronisere dine kontaktdata mellem din webshop, dit CRM system, ERP etc. og din kontaktliste i MarketingPlatform.<\/span><\/li>\n<\/ul>\n<p>&nbsp;<\/p>\n<p>[\/et_pb_text][et_pb_text _builder_version=&#8221;4.16&#8243; global_colors_info=&#8221;{}&#8221;]<\/p>\n<h3><\/h3>\n<h3>S\u00e5dan forbindes Magento med MarketingPlatform via Connectoren<\/h3>\n<p>[\/et_pb_text][et_pb_image src=&#8221;https:\/\/marketingplatform.com\/wp-content\/uploads\/2019\/06\/image1.png&#8221; _builder_version=&#8221;4.16&#8243; global_colors_info=&#8221;{}&#8221;][\/et_pb_image][et_pb_text _builder_version=&#8221;4.16&#8243; global_colors_info=&#8221;{}&#8221;]<\/p>\n<p><span style=\"font-weight: 400;\">Vores Connector lader dig synkronisere dine kontaktdata mellem din webshop, dit CRM system, ERP etc. og din kontaktliste i MarketingPlatform. <\/span><\/p>\n<p><span style=\"font-weight: 400;\">Egentlig kan du integrere mod et hvilket som helst system, men vi har lavet en r\u00e6kke standardops\u00e6tninger til de st\u00f8rre systemer, hvor du blot skal indtaste din API-n\u00f8gle til det p\u00e5g\u00e6ldende system for at v\u00e6re klar til at synkronisere kontakterne.<\/span><\/p>\n<p><span style=\"font-weight: 400;\">Du finder Magento i listen over Authentication &amp; Standard Connections, hvor du kan v\u00e6lge mellem Magento 1.9 og Magento 2.0\/2.1.<\/span><\/p>\n<p>[\/et_pb_text][et_pb_image src=&#8221;https:\/\/marketingplatform.com\/wp-content\/uploads\/2019\/06\/image4.png&#8221; _builder_version=&#8221;4.16&#8243; width=&#8221;60%&#8221; global_colors_info=&#8221;{}&#8221;][\/et_pb_image][et_pb_text _builder_version=&#8221;4.16&#8243; global_colors_info=&#8221;{}&#8221;]<\/p>\n<p><span style=\"font-weight: 400;\">Indtast dit dom\u00e6ne og v\u00e6lg s\u00e5, om du vil synkronisere kundedata eller kunde- og adressedata. <\/span><\/p>\n<p><span style=\"font-weight: 400;\">Det kan ogs\u00e5 v\u00e6re du har anvendt et plugin, eller har f\u00e5et specialudviklet en oversigt over kundedata i Magento. Hvis det er tilf\u00e6ldet v\u00e6lger du \u2018add custom endpoint\u2019 og skriver den URL, hvor vi skal finde den tilg\u00e6ngelige data.<\/span><\/p>\n<p><span style=\"font-weight: 400;\"><\/span><\/p>\n<p><strong>Magento integration med dybe data til One-to-Many funktionen<\/strong><\/p>\n<p>[\/et_pb_text][et_pb_image src=&#8221;https:\/\/marketingplatform.com\/wp-content\/uploads\/2019\/06\/image2.png&#8221; _builder_version=&#8221;4.16&#8243; width=&#8221;60%&#8221; global_colors_info=&#8221;{}&#8221;][\/et_pb_image][et_pb_text _builder_version=&#8221;4.16&#8243; global_colors_info=&#8221;{}&#8221;]<\/p>\n<p><span style=\"font-weight: 400;\">Har I et abonnement med One-to-Many funktionen, der giver muligheden for at arbejde med de dybe data, vil du ved at v\u00e6lge \u2018Add second endpoint\u2019 have muligheden for at kombinere de oven valgte kundedata med f.eks. ordredata. <\/span><\/p>\n<p><span style=\"font-weight: 400;\">De dybe data du v\u00e6lger at tilf\u00f8je kan v\u00e6re forskellige og ligge forskellige steder alt efter hvilken ops\u00e6tning, der er valgt i Magento. I de fleste tilf\u00e6lde ved B2C vil det v\u00e6re ordredata man er interesseret i, og her udfylder du blot felterne med vore foreslag.<\/span><\/p>\n<p><span style=\"font-weight: 400;\">Indtast din \u2018key\u2019 og \u2018secret\u2019 fra din Magento shop, og du er klar til at g\u00e5 til n\u00e6ste side for at opm\u00e6rke felterne fra din Magento-shop med felterne p\u00e5 din kontaktliste i MarketingPlatform.<\/span><\/p>\n<p>[\/et_pb_text][et_pb_image src=&#8221;https:\/\/marketingplatform.com\/wp-content\/uploads\/2019\/06\/image3.png&#8221; _builder_version=&#8221;4.16&#8243; global_colors_info=&#8221;{}&#8221;][\/et_pb_image][et_pb_text _builder_version=&#8221;4.16&#8243; global_colors_info=&#8221;{}&#8221;]<\/p>\n<p><span style=\"font-weight: 400;\">Du kan \u2018mappe\u2019, alts\u00e5 opm\u00e6rke, b\u00e5de de flade og dybe felter vi kan l\u00e6se fra Magento. Dem v\u00e6lger du i h\u00f8jre side (se screenshot). <\/span><\/p>\n<p><span style=\"font-weight: 400;\">I venstre side v\u00e6lger du det tilsvarende felt i MarketingPlatform. <\/span><\/p>\n<p><span style=\"font-weight: 400;\">Har du ikke oprettet felterne p\u00e5 forh\u00e5nd, kan du v\u00e6lge at f\u00e5 MarketingPlatform til at oprette et felt for dig. Vi registrerer navnet p\u00e5 feltet samt, om der er tale om et tekstfelt, nummerfelt, datofelt osv. og opretter det automatisk for dig.<\/span><\/p>\n<p><span style=\"font-weight: 400;\">V\u00e6lg \u2018Create One-to-Many field\u2019 i venstre side og du kan dykke ned i de dybe data, du valgte p\u00e5 f\u00f8rste side. <\/span><\/p>\n<p><span style=\"font-weight: 400;\">N\u00e5r du g\u00f8r det, vil et vindue komme til syne, hvor du kan bygge din unikke data-model ud fra lige pr\u00e6cis de felter, der eksisterer i din Magentoshop.<\/span><\/p>\n<p>[\/et_pb_text][et_pb_image src=&#8221;https:\/\/marketingplatform.com\/wp-content\/uploads\/2019\/06\/image5.png&#8221; _builder_version=&#8221;4.16&#8243; global_colors_info=&#8221;{}&#8221;][\/et_pb_image][et_pb_text _builder_version=&#8221;4.16&#8243; custom_padding=&#8221;||1px|||&#8221; global_colors_info=&#8221;{}&#8221;]<\/p>\n<p><span style=\"font-weight: 400;\">Du skal blot tr\u00e6kke de felter du \u00f8nsker over i data-modellen. <\/span><\/p>\n<p><span style=\"font-weight: 400;\">Du beh\u00f8ver ikke n\u00f8dvendigvis at tr\u00e6kke alle felter over &#8211; du kan med fordel n\u00f8jes med at v\u00e6lge pr\u00e6cis de felter, der giver mening for dig at arbejde med for at holde data-modellen simpel og overskuelig.<\/span><\/p>\n<p><span style=\"font-weight: 400;\">Til slut skal du blot gemme Connectoren, og den vil \u00e9n gang i timen synkronisere kontakter med flade og eventuelt dybe data mellem Magento og MarketingPlatform.<\/span><\/p>\n<p><span style=\"font-weight: 400;\">Det er muligt at v\u00e6lge, om du kun vil synkronisere nye kontakter, udelukkende opdatere eksisterende kontakter eller filtrere p\u00e5 de kontakter der hentes fra Magento. <\/span><\/p>\n<p><span style=\"font-weight: 400;\">Det kan v\u00e6re du kun vil hente kontakter med et given permission felt.\u00a0<\/span><\/p>\n<p><span style=\"font-weight: 400;\"><\/span><\/p>\n<p>Har du problemer med integrationen, er du altid velkommen til at kontakte os p\u00e5 <a href=\"mailto:support@linkmobility.dk\" class=\"underline text-blue\">support@linkmobility.dk<\/a> eller ringe til os p\u00e5 +45 70 26 12 72.\u00a0<span style=\"font-weight: 400;\"><\/span><\/p>\n<p><span style=\"font-weight: 400;\"><\/span><\/p>\n<p>[\/et_pb_text][\/et_pb_column][\/et_pb_row][\/et_pb_section][et_pb_section fb_built=&#8221;1&#8243; custom_padding_last_edited=&#8221;on|phone&#8221; module_class=&#8221;ressourcer-signup&#8221; _builder_version=&#8221;4.11.2&#8243; background_color=&#8221;#dee7f1&#8243; background_enable_color=&#8221;off&#8221; custom_margin=&#8221;0px||0px||false|false&#8221; custom_padding=&#8221;0px||0px||false|false&#8221; custom_padding_tablet=&#8221;||||false|false&#8221; custom_padding_phone=&#8221;||||false|false&#8221; top_divider_style=&#8221;asymmetric2&#8243; top_divider_color=&#8221;#ffffff&#8221; top_divider_height=&#8221;60px&#8221; global_module=&#8221;19033&#8243; saved_tabs=&#8221;all&#8221; global_colors_info=&#8221;{}&#8221;][et_pb_row custom_padding_last_edited=&#8221;on|phone&#8221; _builder_version=&#8221;4.22.1&#8243; background_color=&#8221;#152872&#8243; background_size=&#8221;initial&#8221; background_position=&#8221;top_left&#8221; background_repeat=&#8221;repeat&#8221; custom_margin=&#8221;||||false|false&#8221; custom_padding=&#8221;100px||100px||false|false&#8221; custom_padding_tablet=&#8221;50px|20px|50px|20px|false|false&#8221; custom_padding_phone=&#8221;40px||||false|false&#8221; hover_enabled=&#8221;0&#8243; border_radii=&#8221;on|22px|22px|22px|22px&#8221; global_colors_info=&#8221;{}&#8221; sticky_enabled=&#8221;0&#8243;][et_pb_column type=&#8221;4_4&#8243; _builder_version=&#8221;4.16&#8243; custom_padding=&#8221;|||&#8221; global_colors_info=&#8221;{}&#8221; custom_padding__hover=&#8221;|||&#8221;][et_pb_text _builder_version=&#8221;4.16&#8243; text_text_color=&#8221;#ffffff&#8221; header_2_font=&#8221;|800|||||||&#8221; header_2_text_color=&#8221;#ffffff&#8221; text_orientation=&#8221;center&#8221; global_colors_info=&#8221;{}&#8221;]<\/p>\n<h2>Pr\u00f8v MarketingPlatform gratis i 14 dage<\/h2>\n<p><span style=\"color:#fff;\">Pr\u00f8veperioden er gratis, helt uforpligtende og udl\u00f8ber efter 14 dage, hvis du ikke \u00f8nsker at forts\u00e6tte.<br \/>\nVed tilmelding modtager du samtidig vores uddannelsesflow p\u00e5 en serie af mails \u2013 og vores nyhedsbrev.<\/span><\/p>\n<p>[\/et_pb_text][et_pb_code _builder_version=&#8221;4.16&#8243; _module_preset=&#8221;default&#8221; width=&#8221;40%&#8221; width_tablet=&#8221;100%&#8221; width_phone=&#8221;95%&#8221; width_last_edited=&#8221;on|tablet&#8221; module_alignment=&#8221;center&#8221; global_colors_info=&#8221;{}&#8221;]<a href=\"https:\/\/marketingplatform.com\/da\/book-emailplatform-demo\/\"><\/p>\n<div class=\"bookdemobtn\" id=\"bookdemodkbox\">Book demo<\/div>\n<p><\/a><!-- [et_pb_line_break_holder] --><a href=\"https:\/\/marketingplatform.com\/da\/gratis-proeveversion\/\"><\/p>\n<div class=\"signupbtn\" id=\"tryusdkbox\">Pr\u00f8v os gratis<\/div>\n<p><\/a><!-- [et_pb_line_break_holder] --><\/p>\n<div class=\"clearfix\"><\/div>\n<p>[\/et_pb_code][\/et_pb_column][\/et_pb_row][\/et_pb_section]<\/p>\n","protected":false},"excerpt":{"rendered":"<p>S\u00e5dan integreres Magento med MarketingPlatform MarketingPlatform er integreret med Magento &#8211; Vi har udviklet en standard integration til Magento, hvor du Magento Connectoren kan hente data fra Magento til MarketingPlatform. Integrationen binder Magento og MarketingPlatform t\u00e6t sammen. Det betyder at kunder der tilmelder sig i forbindelse med et k\u00f8b, automatisk vil blive overf\u00f8rt til MarketingPlatform [&hellip;]<\/p>\n","protected":false},"author":50,"featured_media":0,"parent":4545,"menu_order":0,"comment_status":"closed","ping_status":"closed","template":"","meta":{"_et_pb_use_builder":"on","_et_pb_old_content":"<h1>MailPlatform.dk er integreret med Magento<\/h1>\r\n<h3>Vi har udviklet en standard integration til Magento<\/h3>\r\nIntegrationen binder Magento og MailPlatform.dk t\u00e6t sammen. Det betyder at kunder der tilmelder sig i forbindelse med et k\u00f8b, automatisk vil blive overf\u00f8rt til MailPlatform.dk ved kundens accept af f.eks. nyhedsbrev.\r\n\r\n<a href=\"https:\/\/mpdk.wpengine.netdna-cdn.com\/wp-content\/uploads\/2012\/10\/mailplatform-magentoconnect-1.png\"><img class=\"alignleft size-medium wp-image-1719\" src=\"https:\/\/marketingplatform.com\/wp-content\/uploads\/2017\/04\/mailplatform-magentoconnect-1-300x210.png\" alt=\"mailplatform-magentoconnect-1\" width=\"300\" height=\"210\" \/><\/a>\r\n\r\nDet betyder at dataene altid vil v\u00e6re synkroniserede mellem din webshop og dit email marketing program, MailPlatform.\r\n\r\nSelve modulet leverer vi kvit og frit til dit Magento udviklingshus. Din udviklingspartner skal derefter implementere det p\u00e5 din Magento webshop, en opgave der typisk tager under 1 time.\r\n\r\nHer til venstre kan du se hvor nem selve ops\u00e6tningen er. Alt hvad det kr\u00e6ver er en API n\u00f8gle, som vi giver dig hos MailPlatform. Resten klarer modulet helt automatisk.\r\n\r\n\u00a0\r\n<h4><\/h4>\r\n<h4>Pr\u00f8v MailPlatform gratis i 30 dage<\/h4>\r\n<div id=\"58eb549b10152\" class=\"optin-box optin-box-7\" style=\"margin-right: auto; margin-left: auto; float: left;\">\r\n<div class=\"optin-box-content\"><form class=\"cf op-optin-validation\" action=\"https:\/\/www.mailmailmail.net\/form.php?form=65\" method=\"post\">\r\n<div style=\"display: none;\"><input name=\"redirect_url\" type=\"hidden\" value=\"https:\/\/www.mailmailmail.net\/form.php?form=65\" \/><input name=\"email_field\" type=\"hidden\" value=\"email\" \/><\/div>\r\n<div class=\"text-boxes\">\r\n<div class=\"text-box email\"><input name=\"email\" required=\"required\" type=\"email\" value=\"\" placeholder=\"Din arbejds e-mail\" \/><\/div>\r\n<div class=\"text-box name\"><input name=\"CustomFields[2]\" type=\"text\" value=\"\" placeholder=\"Dit navn\" \/><\/div>\r\n<div class=\"text-box\"><input name=\"CustomFields[110]\" type=\"text\" value=\"\" placeholder=\"Firmanavn\" \/><\/div>\r\n<div class=\"text-box\"><input name=\"CustomFields[5]\" type=\"text\" value=\"\" placeholder=\"Telefon\" \/><\/div>\r\n<\/div>\r\n<input id=\"op_optin_nonce\" name=\"op_optin_nonce\" type=\"hidden\" value=\"5f8919ffb4\" \/><input name=\"_wp_http_referer\" type=\"hidden\" value=\"\/udvalgte-funktioner\/nyhedsbrev-skabeloner\/\" \/> <button class=\"default-button\" type=\"submit\">Pr\u00f8v MailPlatform gratis<\/button>\r\n\r\n<\/form>\r\n<p class=\"privacy\"><img src=\"https:\/\/mpdk.wpengine.netdna-cdn.com\/wp-content\/themes\/optimizePressTheme\/lib\/assets\/images\/optin_box\/privacy.png\" alt=\"privacy\" width=\"16\" height=\"15\" \/> Vi passer godt p\u00e5 dine oplysninger og deler dem ikke med andre.\r\nVi optager kun seri\u00f8se virksomheder, der ikke spammer, som kunder.<\/p>\r\n\r\n<\/div>\r\n<\/div>","_et_gb_content_width":"","footnotes":""},"categories":[],"tags":[],"yst_prominent_words":[8959,12105,12101,595,2617,691,926,4872,12100,4882,670,12104,12312,12103,4874,364,12106,4871,4881,12102],"_links":{"self":[{"href":"https:\/\/marketingplatform.com\/da\/wp-json\/wp\/v2\/pages\/5666"}],"collection":[{"href":"https:\/\/marketingplatform.com\/da\/wp-json\/wp\/v2\/pages"}],"about":[{"href":"https:\/\/marketingplatform.com\/da\/wp-json\/wp\/v2\/types\/page"}],"author":[{"embeddable":true,"href":"https:\/\/marketingplatform.com\/da\/wp-json\/wp\/v2\/users\/50"}],"replies":[{"embeddable":true,"href":"https:\/\/marketingplatform.com\/da\/wp-json\/wp\/v2\/comments?post=5666"}],"version-history":[{"count":6,"href":"https:\/\/marketingplatform.com\/da\/wp-json\/wp\/v2\/pages\/5666\/revisions"}],"predecessor-version":[{"id":237850,"href":"https:\/\/marketingplatform.com\/da\/wp-json\/wp\/v2\/pages\/5666\/revisions\/237850"}],"up":[{"embeddable":true,"href":"https:\/\/marketingplatform.com\/da\/wp-json\/wp\/v2\/pages\/4545"}],"wp:attachment":[{"href":"https:\/\/marketingplatform.com\/da\/wp-json\/wp\/v2\/media?parent=5666"}],"wp:term":[{"taxonomy":"category","embeddable":true,"href":"https:\/\/marketingplatform.com\/da\/wp-json\/wp\/v2\/categories?post=5666"},{"taxonomy":"post_tag","embeddable":true,"href":"https:\/\/marketingplatform.com\/da\/wp-json\/wp\/v2\/tags?post=5666"},{"taxonomy":"yst_prominent_words","embeddable":true,"href":"https:\/\/marketingplatform.com\/da\/wp-json\/wp\/v2\/yst_prominent_words?post=5666"}],"curies":[{"name":"wp","href":"https:\/\/api.w.org\/{rel}","templated":true}]}}