{"id":5663,"date":"2017-04-12T09:57:35","date_gmt":"2017-04-12T07:57:35","guid":{"rendered":"https:\/\/marketingplatform.com\/?page_id=5663\/"},"modified":"2023-06-14T15:22:14","modified_gmt":"2023-06-14T13:22:14","slug":"e-conomic-integration","status":"publish","type":"page","link":"https:\/\/marketingplatform.com\/da\/marketingplatform-partnere\/e-conomic-integration\/","title":{"rendered":"e-conomic integration"},"content":{"rendered":"<p>[et_pb_section fb_built=&#8221;1&#8243; admin_label=&#8221;section&#8221; _builder_version=&#8221;4.16&#8243; transparent_background=&#8221;off&#8221; global_colors_info=&#8221;{}&#8221;][et_pb_row admin_label=&#8221;row&#8221; _builder_version=&#8221;4.16&#8243; background_size=&#8221;initial&#8221; background_position=&#8221;top_left&#8221; background_repeat=&#8221;repeat&#8221; global_colors_info=&#8221;{}&#8221;][et_pb_column type=&#8221;4_4&#8243; _builder_version=&#8221;4.16&#8243; custom_padding=&#8221;|||&#8221; global_colors_info=&#8221;{}&#8221; custom_padding__hover=&#8221;|||&#8221;][et_pb_text admin_label=&#8221;Text&#8221; _builder_version=&#8221;4.19.5&#8243; background_size=&#8221;initial&#8221; background_position=&#8221;top_left&#8221; background_repeat=&#8221;repeat&#8221; hover_enabled=&#8221;0&#8243; use_border_color=&#8221;off&#8221; border_color=&#8221;#ffffff&#8221; border_style=&#8221;solid&#8221; global_colors_info=&#8221;{}&#8221; sticky_enabled=&#8221;0&#8243;]<\/p>\n<h1>Integration: e-conomic<\/h1>\n<h4>Standardintegration mellem e-conomic og MarketingPlatform<\/h4>\n<p>e-conomic er en af Danmarks mest anvendte regnskabsprogrammer. Alene i Danmark anvendes l\u00f8sningen af mere end 70.000 kunder.<\/p>\n<p>L\u00f8sningen k\u00f8rer ligesom MarketingPlatform i skyen, dvs. intet behov for at installere noget lokalt p\u00e5 din computer.<\/p>\n<p><img decoding=\"async\" loading=\"lazy\" class=\"alignleft size-medium wp-image-1711 image-border\" src=\"..\/..\/..\/wp-content\/uploads\/2017\/04\/mailplatform-economic-integration2-300x243.png\" alt=\"mailplatform-economic-integration2\" width=\"300\" height=\"243\" \/><\/p>\n<p>Vi har sammen med e-conomic skabt en standard integration mellem l\u00f8sningerne, der henter dine debitorer og kontakter direkte i regnskabsprogrammet.<\/p>\n<p>Integrationen kr\u00e6ver det gratis API-modul i e-conomic.<\/p>\n<p>I MarketingPlatform er integrationen en del af vores import funktion, der er indeholdt i alle abonnementer (kr\u00e6ver ikke API i MarketingPlatform).<\/p>\n<p>Sk\u00e6rmbilledet til venstre viser ops\u00e6tningen af integrationen mod e-conomic.<\/p>\n<p>Indtast dit e-cononic aftalenummer, brugernavn og password, tryk p\u00e5 Grant Access og dine debitorer og kontakter i e-conomic hentes automatisk over i MarketingPlatform.<\/p>\n<p><a title=\"L\u00e6s mere om integrationen mellem e-conomic og MarketingPlatform hos e-conomic\" href=\"https:\/\/www.e-conomic.dk\/apps\/mailplatform\" target=\"_blank\" rel=\"noopener noreferrer\">Du kan l\u00e6se mere om integrationen hos e-conomic<\/a>.<\/p>\n<p>Der opkr\u00e6ves ikke nogen ekstrabetaling for integrationen hos MarketingPlatform.<\/p>\n<p>Kontakt <a href=\"mailto:support@linkmobility.dk\">support@linkmobility.dk<\/a> hvis du \u00f8nsker at f\u00e5 aktiveret e-conomic integrationen i MarketingPlatform.<\/p>\n<div id=\"gtx-trans\" style=\"position: absolute; left: 235px; top: 470.333px;\">\n<div class=\"gtx-trans-icon\"><\/div>\n<\/div>\n<p>[\/et_pb_text][\/et_pb_column][\/et_pb_row][\/et_pb_section][et_pb_section fb_built=&#8221;1&#8243; custom_padding_last_edited=&#8221;on|phone&#8221; module_class=&#8221;ressourcer-signup&#8221; _builder_version=&#8221;4.11.2&#8243; background_color=&#8221;#dee7f1&#8243; background_enable_color=&#8221;off&#8221; custom_margin=&#8221;0px||0px||false|false&#8221; custom_padding=&#8221;0px||0px||false|false&#8221; custom_padding_tablet=&#8221;||||false|false&#8221; custom_padding_phone=&#8221;||||false|false&#8221; top_divider_style=&#8221;asymmetric2&#8243; top_divider_color=&#8221;#ffffff&#8221; top_divider_height=&#8221;60px&#8221; global_module=&#8221;19033&#8243; saved_tabs=&#8221;all&#8221; global_colors_info=&#8221;{}&#8221;][et_pb_row custom_padding_last_edited=&#8221;on|phone&#8221; _builder_version=&#8221;4.16&#8243; background_color=&#8221;#152872&#8243; background_size=&#8221;initial&#8221; background_position=&#8221;top_left&#8221; background_repeat=&#8221;repeat&#8221; custom_margin=&#8221;||||false|false&#8221; custom_padding=&#8221;100px||100px||false|false&#8221; custom_padding_tablet=&#8221;50px|20px|50px|20px|false|false&#8221; custom_padding_phone=&#8221;40px||||false|false&#8221; border_radii=&#8221;on|22px|22px|22px|22px&#8221; global_colors_info=&#8221;{}&#8221;][et_pb_column type=&#8221;4_4&#8243; _builder_version=&#8221;4.16&#8243; custom_padding=&#8221;|||&#8221; global_colors_info=&#8221;{}&#8221; custom_padding__hover=&#8221;|||&#8221;][et_pb_text _builder_version=&#8221;4.16&#8243; text_text_color=&#8221;#ffffff&#8221; header_2_font=&#8221;|800|||||||&#8221; header_2_text_color=&#8221;#ffffff&#8221; text_orientation=&#8221;center&#8221; global_colors_info=&#8221;{}&#8221;]<\/p>\n<h2>Pr\u00f8v MarketingPlatform gratis i 14 dage<\/h2>\n<p><span style=\"color:#fff;\">Pr\u00f8veperioden er gratis, helt uforpligtende og udl\u00f8ber efter 14 dage, hvis du ikke \u00f8nsker at forts\u00e6tte.<br \/>\nVed tilmelding modtager du samtidig vores uddannelsesflow p\u00e5 en serie af mails \u2013 og vores nyhedsbrev.<\/span><\/p>\n<p>[\/et_pb_text][et_pb_code _builder_version=&#8221;4.16&#8243; _module_preset=&#8221;default&#8221; width=&#8221;40%&#8221; width_tablet=&#8221;100%&#8221; width_phone=&#8221;95%&#8221; width_last_edited=&#8221;on|tablet&#8221; module_alignment=&#8221;center&#8221; global_colors_info=&#8221;{}&#8221;]<a href=\"https:\/\/marketingplatform.com\/da\/book-emailplatform-demo\/\"><\/p>\n<div class=\"bookdemobtn\" id=\"bookdemodkbox\">Book demo<\/div>\n<p><\/a><!-- [et_pb_line_break_holder] --><a href=\"https:\/\/marketingplatform.com\/da\/gratis-proeveversion\/\"><\/p>\n<div class=\"signupbtn\" id=\"tryusdkbox\">Pr\u00f8v os gratis<\/div>\n<p><\/a><!-- [et_pb_line_break_holder] --><\/p>\n<div class=\"clearfix\"><\/div>\n<p>[\/et_pb_code][\/et_pb_column][\/et_pb_row][\/et_pb_section]<\/p>\n","protected":false},"excerpt":{"rendered":"<p>Integration: e-conomic Standardintegration mellem e-conomic og MarketingPlatform e-conomic er en af Danmarks mest anvendte regnskabsprogrammer. Alene i Danmark anvendes l\u00f8sningen af mere end 70.000 kunder. L\u00f8sningen k\u00f8rer ligesom MarketingPlatform i skyen, dvs. intet behov for at installere noget lokalt p\u00e5 din computer. Vi har sammen med e-conomic skabt en standard integration mellem l\u00f8sningerne, der henter [&hellip;]<\/p>\n","protected":false},"author":50,"featured_media":0,"parent":5612,"menu_order":0,"comment_status":"closed","ping_status":"closed","template":"","meta":{"_et_pb_use_builder":"on","_et_pb_old_content":"<h2>Standardintegration mellem e-conomic og MailPlatform<\/h2>\r\ne-conomic er en af Danmarks mest anvendte regnskabsprogrammer. Alene i Danmark anvendes l\u00f8sningen af mere end 70.000 kunder.\r\n\r\nL\u00f8sningen k\u00f8rer ligesom MailPlatform i skyen, dvs. intet behov for at installere noget lokalt p\u00e5 din computer.\r\n\r\n<img class=\"alignleft size-medium wp-image-1711\" src=\"https:\/\/marketingplatform.com\/wp-content\/uploads\/2017\/04\/mailplatform-economic-integration2-300x243.png\" alt=\"mailplatform-economic-integration2\" width=\"300\" height=\"243\" \/>\r\n\r\nVi har sammen med e-conomic skabt en standard integration mellem l\u00f8sningerne, der henter dine debitorer og kontakter direkte i regnskabsprogrammet.\r\n\r\nIntegrationen kr\u00e6ver det gratis API-modul i e-conomic.\r\n\r\nI MailPlatform er integrationen en del af vores import funktion, der er indeholdt i alle abonnementer (kr\u00e6ver ikke API i MailPlatform).\r\n\r\nSk\u00e6rmbilledet til venstre viser ops\u00e6tningen af integrationen mod e-conomic.\r\n\r\nIndtast dit e-cononic aftalenummer, brugernavn og password, tryk p\u00e5 Grant Access og dine debitorer og kontakter i e-conomic hentes automatisk over i MailPlatform.\r\n\r\n<a title=\"L\u00e6s mere om integrationen mellem e-conomic og MailPlatform hos e-conomic\" href=\"https:\/\/www.e-conomic.dk\/apps\/mailplatform\" target=\"_blank\">Du kan l\u00e6se mere om integrationen hos e-conomic<\/a>.\r\n\r\n<strong>Udfyld formularen herunder og pr\u00f8v MailPlatform gratis i 30 dage<\/strong>\r\n\u2013\u00a0pr\u00f8veperioden er uden omkostninger for jer, og den udl\u00f8ber automatisk.\r\n<div id=\"58eb9296e734f\" class=\"optin-box optin-box-6\" style=\"margin-right: auto; margin-left: auto; float: left;\">\r\n<div class=\"optin-box-content\"><form class=\"cf op-optin-validation\" action=\"https:\/\/www.mailmailmail.net\/form.php?form=65\" method=\"post\">\r\n<div style=\"display: none;\"><input name=\"format\" type=\"hidden\" value=\"h\" \/><input name=\"CustomFields[2]\" type=\"hidden\" value=\"\" \/><input name=\"redirect_url\" type=\"hidden\" value=\"https:\/\/www.mailmailmail.net\/form.php?form=65\" \/><input name=\"email_field\" type=\"hidden\" value=\"email\" \/><\/div>\r\n<div class=\"text-boxes\">\r\n<div class=\"text-box email\"><input name=\"email\" required=\"required\" type=\"email\" value=\"\" placeholder=\"Din arbejds e-mail\" \/><\/div>\r\n<div class=\"text-box name\"><input name=\"CustomFields[2]\" type=\"text\" value=\"\" placeholder=\"Dit navn\" \/><\/div>\r\n<div class=\"text-box\"><input name=\"CustomFields[110]\" type=\"text\" value=\"\" placeholder=\"Firmanavn\" \/><\/div>\r\n<div class=\"text-box\"><input name=\"CustomFields[5]\" type=\"text\" value=\"\" placeholder=\"Telefon\" \/><\/div>\r\n<\/div>\r\n<input id=\"op_optin_nonce\" name=\"op_optin_nonce\" type=\"hidden\" value=\"9ce543515b\" \/><input name=\"_wp_http_referer\" type=\"hidden\" value=\"\/om-mailplatform\/mailplatform-partnere\/e-conomic-okonomisystem\/\" \/> <button class=\"default-button\" type=\"submit\">Pr\u00f8v MailPlatform gratis<\/button>\r\n\r\n<\/form>\r\n<p class=\"privacy\"><img src=\"https:\/\/mpdk.wpengine.netdna-cdn.com\/wp-content\/themes\/optimizePressTheme\/lib\/assets\/images\/optin_box\/privacy.png\" alt=\"privacy\" width=\"16\" height=\"15\" \/> \u00a0Pr\u00f8veperioden udl\u00f8ber automatisk efter 30 dage\r\nVi kontakter dig efter tilmelding for, at verificere dine oplysninger\r\nog aftale et tidspunkt for den personlige gratis opstartsr\u00e5dgivning<\/p>\r\n\r\n<\/div>\r\n<\/div>\r\n\u00a0\r\n\r\n\u00a0\r\n\r\n\u00a0\r\n\r\n\u00a0\r\n\r\n\u00a0\r\n\r\n\u00a0\r\n\r\n\u00a0\r\n\r\n\u00a0\r\n\r\n\u00a0\r\n\r\n\u00a0\r\n\r\n\u00a0\r\n\r\n\u00a0\r\n\r\nDer opkr\u00e6ves ikke nogen ekstrabetaling for integrationen hos MailPlatform.\r\n\r\nKontakt support@mailplatform.dk hvis du \u00f8nsker at f\u00e5 aktiveret e-conomic integrationen i MailPlatform\r\n<h4><\/h4>\r\n\u00a0\r\n\r\n\u00a0\r\n\r\n\u00a0\r\n\r\n\u00a0\r\n\r\n\u00a0","_et_gb_content_width":"","footnotes":""},"categories":[],"tags":[],"yst_prominent_words":[8959,4878,2306,2303,4905,2305,2304,2302,4875,15156,4907,4872,457,2377,2309,2308,13988,4871,2307,4873],"_links":{"self":[{"href":"https:\/\/marketingplatform.com\/da\/wp-json\/wp\/v2\/pages\/5663"}],"collection":[{"href":"https:\/\/marketingplatform.com\/da\/wp-json\/wp\/v2\/pages"}],"about":[{"href":"https:\/\/marketingplatform.com\/da\/wp-json\/wp\/v2\/types\/page"}],"author":[{"embeddable":true,"href":"https:\/\/marketingplatform.com\/da\/wp-json\/wp\/v2\/users\/50"}],"replies":[{"embeddable":true,"href":"https:\/\/marketingplatform.com\/da\/wp-json\/wp\/v2\/comments?post=5663"}],"version-history":[{"count":2,"href":"https:\/\/marketingplatform.com\/da\/wp-json\/wp\/v2\/pages\/5663\/revisions"}],"predecessor-version":[{"id":236349,"href":"https:\/\/marketingplatform.com\/da\/wp-json\/wp\/v2\/pages\/5663\/revisions\/236349"}],"up":[{"embeddable":true,"href":"https:\/\/marketingplatform.com\/da\/wp-json\/wp\/v2\/pages\/5612"}],"wp:attachment":[{"href":"https:\/\/marketingplatform.com\/da\/wp-json\/wp\/v2\/media?parent=5663"}],"wp:term":[{"taxonomy":"category","embeddable":true,"href":"https:\/\/marketingplatform.com\/da\/wp-json\/wp\/v2\/categories?post=5663"},{"taxonomy":"post_tag","embeddable":true,"href":"https:\/\/marketingplatform.com\/da\/wp-json\/wp\/v2\/tags?post=5663"},{"taxonomy":"yst_prominent_words","embeddable":true,"href":"https:\/\/marketingplatform.com\/da\/wp-json\/wp\/v2\/yst_prominent_words?post=5663"}],"curies":[{"name":"wp","href":"https:\/\/api.w.org\/{rel}","templated":true}]}}