{"id":5652,"date":"2017-04-12T09:42:45","date_gmt":"2017-04-12T07:42:45","guid":{"rendered":"https:\/\/marketingplatform.com\/?page_id=5652\/"},"modified":"2024-11-22T14:50:41","modified_gmt":"2024-11-22T13:50:41","slug":"zapier","status":"publish","type":"page","link":"https:\/\/marketingplatform.com\/da\/zapier\/","title":{"rendered":"Integration: Zapier"},"content":{"rendered":"<p>[et_pb_section fb_built=&#8221;1&#8243; admin_label=&#8221;Section&#8221; _builder_version=&#8221;4.16&#8243; transparent_background=&#8221;off&#8221; global_colors_info=&#8221;{}&#8221;][et_pb_row admin_label=&#8221;Row&#8221; _builder_version=&#8221;4.16&#8243; background_size=&#8221;initial&#8221; background_position=&#8221;top_left&#8221; background_repeat=&#8221;repeat&#8221; global_colors_info=&#8221;{}&#8221;][et_pb_column type=&#8221;4_4&#8243; _builder_version=&#8221;4.16&#8243; custom_padding=&#8221;|||&#8221; global_colors_info=&#8221;{}&#8221; custom_padding__hover=&#8221;|||&#8221;][et_pb_text admin_label=&#8221;Text&#8221; _builder_version=&#8221;4.16&#8243; background_size=&#8221;initial&#8221; background_position=&#8221;top_left&#8221; background_repeat=&#8221;repeat&#8221; use_border_color=&#8221;off&#8221; border_color=&#8221;#ffffff&#8221; border_style=&#8221;solid&#8221; global_colors_info=&#8221;{}&#8221;]<\/p>\n<h1>Integration: Zapier<\/h1>\n<h4>MarketingPlatform integrerer med Zapier, der er en integrationstjeneste, som forbinder MarketingPlatform med over 600 andre systemer.<\/h4>\n<p>[\/et_pb_text][\/et_pb_column][\/et_pb_row][et_pb_row column_structure=&#8221;2_3,1_3&#8243; admin_label=&#8221;row&#8221; _builder_version=&#8221;4.16&#8243; background_size=&#8221;initial&#8221; background_position=&#8221;top_left&#8221; background_repeat=&#8221;repeat&#8221; global_colors_info=&#8221;{}&#8221;][et_pb_column type=&#8221;2_3&#8243; _builder_version=&#8221;4.16&#8243; custom_padding=&#8221;|||&#8221; global_colors_info=&#8221;{}&#8221; custom_padding__hover=&#8221;|||&#8221;][et_pb_text admin_label=&#8221;Text&#8221; _builder_version=&#8221;4.16&#8243; background_size=&#8221;initial&#8221; background_position=&#8221;top_left&#8221; background_repeat=&#8221;repeat&#8221; use_border_color=&#8221;off&#8221; border_style=&#8221;solid&#8221; global_colors_info=&#8221;{}&#8221;]Et godt supplement til at integrere selv.<\/p>\n<p>Til de st\u00f8rste systemer, som feks WordPress, WooCommerce, Magento, Drupal og lignende, har MarketingPlatform udviklet egne plug-ins.<\/p>\n<p>Det er et stort arbejde at udvikle og vedligeholde integrationer. Derfor har vi skabt en meget omfattende integration med Zapier.<\/p>\n<p>Zapier bygger popul\u00e6rt sagt bro mellem mange forskellige systemer. Og giver mulighed for kontinuerlig synkronisering af data.<\/p>\n<p>Zapier koster et lavt m\u00e5nedligt abonnement, men har ogs\u00e5 en gratis l\u00f8sning med lavere synkroniseringsfrekvens.<br \/>\n[\/et_pb_text][\/et_pb_column][et_pb_column type=&#8221;1_3&#8243; _builder_version=&#8221;4.16&#8243; custom_padding=&#8221;|||&#8221; global_colors_info=&#8221;{}&#8221; custom_padding__hover=&#8221;|||&#8221;][et_pb_image src=&#8221;https:\/\/marketingplatform.com\/wp-content\/uploads\/2017\/04\/mailplatform-zapier.png&#8221; alt=&#8221;MarketingPlatform Zapier&#8221; url_new_window=&#8221;on&#8221; align_tablet=&#8221;center&#8221; align_phone=&#8221;&#8221; align_last_edited=&#8221;on|desktop&#8221; admin_label=&#8221;Image&#8221; module_class=&#8221;image-border&#8221; _builder_version=&#8221;4.16&#8243; animation_style=&#8221;slide&#8221; animation_direction=&#8221;left&#8221; animation_duration=&#8221;500ms&#8221; animation_intensity_slide=&#8221;10%&#8221; use_border_color=&#8221;off&#8221; border_color=&#8221;#ffffff&#8221; border_style=&#8221;solid&#8221; animation=&#8221;left&#8221; sticky=&#8221;off&#8221; global_colors_info=&#8221;{}&#8221;][\/et_pb_image][\/et_pb_column][\/et_pb_row][\/et_pb_section][et_pb_section fb_built=&#8221;1&#8243; admin_label=&#8221;Section&#8221; _builder_version=&#8221;4.16&#8243; background_color=&#8221;#eef6ff&#8221; transparent_background=&#8221;off&#8221; global_colors_info=&#8221;{}&#8221;][et_pb_row column_structure=&#8221;1_5,1_5,1_5,1_5,1_5&#8243; module_class=&#8221;custom_row&#8221; _builder_version=&#8221;4.16&#8243; width_tablet=&#8221;80%&#8221; width_phone=&#8221;&#8221; width_last_edited=&#8221;on|phone&#8221; max_width_tablet=&#8221;1024px&#8221; max_width_phone=&#8221;&#8221; max_width_last_edited=&#8221;on|desktop&#8221; module_alignment=&#8221;center&#8221; custom_padding=&#8221;50px||50px||false|false&#8221; global_colors_info=&#8221;{}&#8221;][et_pb_column type=&#8221;1_5&#8243; _builder_version=&#8221;4.16&#8243; global_colors_info=&#8221;{}&#8221;][et_pb_image src=&#8221;https:\/\/marketingplatform.com\/wp-content\/uploads\/2019\/11\/verisure.png&#8221; align_tablet=&#8221;center&#8221; align_phone=&#8221;&#8221; align_last_edited=&#8221;on|phone&#8221; _builder_version=&#8221;4.16&#8243; max_width=&#8221;92%&#8221; max_width_tablet=&#8221;65%&#8221; max_width_phone=&#8221;50%&#8221; max_width_last_edited=&#8221;on|desktop&#8221; module_alignment=&#8221;center&#8221; custom_padding=&#8221;6px||||false|false&#8221; global_colors_info=&#8221;{}&#8221;][\/et_pb_image][\/et_pb_column][et_pb_column type=&#8221;1_5&#8243; _builder_version=&#8221;4.16&#8243; global_colors_info=&#8221;{}&#8221;][et_pb_image src=&#8221;https:\/\/marketingplatform.com\/wp-content\/uploads\/2019\/03\/med24-logo.png&#8221; align_tablet=&#8221;center&#8221; align_phone=&#8221;&#8221; align_last_edited=&#8221;on|phone&#8221; _builder_version=&#8221;4.16&#8243; max_width=&#8221;72%&#8221; max_width_tablet=&#8221;65%&#8221; max_width_phone=&#8221;50%&#8221; max_width_last_edited=&#8221;on|tablet&#8221; module_alignment=&#8221;center&#8221; global_colors_info=&#8221;{}&#8221;][\/et_pb_image][\/et_pb_column][et_pb_column type=&#8221;1_5&#8243; _builder_version=&#8221;4.16&#8243; global_colors_info=&#8221;{}&#8221;][et_pb_image src=&#8221;https:\/\/marketingplatform.com\/wp-content\/uploads\/2020\/03\/danishcrown.png&#8221; align=&#8221;center&#8221; align_tablet=&#8221;&#8221; align_phone=&#8221;&#8221; align_last_edited=&#8221;on|phone&#8221; _builder_version=&#8221;4.16&#8243; max_width=&#8221;68%&#8221; max_width_tablet=&#8221;62%&#8221; max_width_phone=&#8221;46%&#8221; max_width_last_edited=&#8221;on|tablet&#8221; module_alignment=&#8221;center&#8221; custom_margin=&#8221;-7px||||false|false&#8221; global_colors_info=&#8221;{}&#8221;][\/et_pb_image][\/et_pb_column][et_pb_column type=&#8221;1_5&#8243; _builder_version=&#8221;4.16&#8243; global_colors_info=&#8221;{}&#8221;][et_pb_image src=&#8221;https:\/\/marketingplatform.com\/wp-content\/uploads\/2021\/03\/novonordisk.png&#8221; title_text=&#8221;novonordisk&#8221; align_tablet=&#8221;center&#8221; align_phone=&#8221;&#8221; align_last_edited=&#8221;on|phone&#8221; _builder_version=&#8221;4.16&#8243; max_width=&#8221;95%&#8221; max_width_tablet=&#8221;60%&#8221; max_width_phone=&#8221;45%&#8221; max_width_last_edited=&#8221;on|desktop&#8221; module_alignment=&#8221;center&#8221; custom_padding=&#8221;||||false|false&#8221; global_colors_info=&#8221;{}&#8221;][\/et_pb_image][\/et_pb_column][et_pb_column type=&#8221;1_5&#8243; _builder_version=&#8221;4.16&#8243; custom_padding=&#8221;||||false|false&#8221; global_colors_info=&#8221;{}&#8221;][et_pb_image src=&#8221;https:\/\/marketingplatform.com\/wp-content\/uploads\/2019\/10\/olivers-dk.png&#8221; align_tablet=&#8221;center&#8221; align_phone=&#8221;&#8221; align_last_edited=&#8221;on|phone&#8221; _builder_version=&#8221;4.16&#8243; width=&#8221;75%&#8221; max_width=&#8221;100%&#8221; max_width_tablet=&#8221;65%&#8221; max_width_phone=&#8221;50%&#8221; max_width_last_edited=&#8221;on|desktop&#8221; module_alignment=&#8221;center&#8221; custom_padding=&#8221;3px||||false|false&#8221; global_colors_info=&#8221;{}&#8221;][\/et_pb_image][\/et_pb_column][\/et_pb_row][\/et_pb_section][et_pb_section fb_built=&#8221;1&#8243; admin_label=&#8221;Section&#8221; _builder_version=&#8221;4.16&#8243; transparent_background=&#8221;off&#8221; global_colors_info=&#8221;{}&#8221;][et_pb_row column_structure=&#8221;1_2,1_2&#8243; admin_label=&#8221;row&#8221; _builder_version=&#8221;4.16&#8243; background_size=&#8221;initial&#8221; background_position=&#8221;top_left&#8221; background_repeat=&#8221;repeat&#8221; custom_padding=&#8221;27px|0px|0px|0px&#8221; global_colors_info=&#8221;{}&#8221;][et_pb_column type=&#8221;1_2&#8243; _builder_version=&#8221;4.16&#8243; custom_padding=&#8221;|||&#8221; global_colors_info=&#8221;{}&#8221; custom_padding__hover=&#8221;|||&#8221;][et_pb_image src=&#8221;https:\/\/marketingplatform.com\/wp-content\/uploads\/2017\/04\/zapier-zap2.png&#8221; alt=&#8221;MarketingPlatform zapier-zap2&#8243; align_tablet=&#8221;center&#8221; align_phone=&#8221;&#8221; align_last_edited=&#8221;on|desktop&#8221; admin_label=&#8221;Image&#8221; module_class=&#8221;image-border&#8221; _builder_version=&#8221;4.16&#8243; animation_style=&#8221;slide&#8221; animation_direction=&#8221;left&#8221; animation_duration=&#8221;500ms&#8221; animation_intensity_slide=&#8221;10%&#8221; use_border_color=&#8221;off&#8221; border_color=&#8221;#ffffff&#8221; border_width=&#8221;1px&#8221; border_style=&#8221;solid&#8221; sticky=&#8221;off&#8221; global_colors_info=&#8221;{}&#8221;][\/et_pb_image][\/et_pb_column][et_pb_column type=&#8221;1_2&#8243; _builder_version=&#8221;4.16&#8243; custom_padding=&#8221;|||&#8221; global_colors_info=&#8221;{}&#8221; custom_padding__hover=&#8221;|||&#8221;][et_pb_text admin_label=&#8221;Text&#8221; _builder_version=&#8221;4.16&#8243; background_size=&#8221;initial&#8221; background_position=&#8221;top_left&#8221; background_repeat=&#8221;repeat&#8221; use_border_color=&#8221;off&#8221; border_style=&#8221;solid&#8221; global_colors_info=&#8221;{}&#8221;]<\/p>\n<h4>Zaps er de sm\u00e5 brobyggere<\/h4>\n<p>I Zapiers verden hedder en lille integration, der feks kan oprette kontakter i MarketingPlatform automatisk, hver gang der tilf\u00f8jes en linie i et Google Docs regneark, for en Zap eller Zaps p\u00e5 engelsk. Et Zap kan n\u00e6rmest g\u00f8re hvad som helst.<\/p>\n<p>Vi har bygget en r\u00e6kke Zaps der ligger klar, lige til at s\u00e6tte i drift for din virksomhed. Du v\u00e6lger ganske enkelt kilden, til b\u00e5de kontakter, automatisk eller indhold, og forbinder MarketingPlatform med den anden l\u00f8sning.<\/p>\n<p>Det kunne v\u00e6re en webshop, hvor en informationer om k\u00f8b overf\u00f8res til MarketingPlatform. De trigger et automatisk flow, der sender en takkemail afsted, der indeholder nye inspirerende produkter &#8211; sammen med en kopi af ordren. Blot for at give et eksempel.<br \/>\n[\/et_pb_text][\/et_pb_column][\/et_pb_row][\/et_pb_section][et_pb_section fb_built=&#8221;1&#8243; admin_label=&#8221;Section&#8221; _builder_version=&#8221;4.16&#8243; background_color=&#8221;#eef6ff&#8221; transparent_background=&#8221;off&#8221; global_colors_info=&#8221;{}&#8221;][et_pb_row admin_label=&#8221;row&#8221; _builder_version=&#8221;4.16&#8243; background_size=&#8221;initial&#8221; background_position=&#8221;top_left&#8221; background_repeat=&#8221;repeat&#8221; custom_padding=&#8221;27px|0px|10px|0px&#8221; global_colors_info=&#8221;{}&#8221;][et_pb_column type=&#8221;4_4&#8243; _builder_version=&#8221;4.16&#8243; custom_padding=&#8221;|||&#8221; global_colors_info=&#8221;{}&#8221; custom_padding__hover=&#8221;|||&#8221;][et_pb_text admin_label=&#8221;Text&#8221; _builder_version=&#8221;4.16&#8243; background_size=&#8221;initial&#8221; background_position=&#8221;top_left&#8221; background_repeat=&#8221;repeat&#8221; use_border_color=&#8221;off&#8221; border_style=&#8221;solid&#8221; global_colors_info=&#8221;{}&#8221;]<\/p>\n<h4>Automatisering og personlig tilpasning<\/h4>\n<p>M\u00e5lretning eller personlig tilpasning er n\u00f8gleordene for mere succes med e-mail markedsf\u00f8ring. Her kan automatisering og integrationer spille en stor rolle.<\/p>\n<p>N\u00e5r noget sker et sted, kan det aff\u00f8de en handling et andet sted, og denne handling kan igen oms\u00e6ttes til noget tredje &#8211; i et helt andet system.<\/p>\n<p>Forestil dig at du s\u00e6lger str\u00f8mper. De har str\u00f8mper til b\u00e5de b\u00f8rn, kvinder og m\u00e6nd. Og str\u00f8mperne er ogs\u00e5 tilpasset forskellige \u00e5rstider og form\u00e5l.<br \/>\n[\/et_pb_text][\/et_pb_column][\/et_pb_row][et_pb_row column_structure=&#8221;1_2,1_2&#8243; admin_label=&#8221;row&#8221; _builder_version=&#8221;4.16&#8243; background_size=&#8221;initial&#8221; background_position=&#8221;top_left&#8221; background_repeat=&#8221;repeat&#8221; custom_padding=&#8221;0px|0px|7px|0px&#8221; global_colors_info=&#8221;{}&#8221;][et_pb_column type=&#8221;1_2&#8243; _builder_version=&#8221;4.16&#8243; custom_padding=&#8221;|||&#8221; global_colors_info=&#8221;{}&#8221; custom_padding__hover=&#8221;|||&#8221;][et_pb_text admin_label=&#8221;Text&#8221; _builder_version=&#8221;4.16&#8243; background_size=&#8221;initial&#8221; background_position=&#8221;top_left&#8221; background_repeat=&#8221;repeat&#8221; use_border_color=&#8221;off&#8221; border_style=&#8221;solid&#8221; global_colors_info=&#8221;{}&#8221;]En modtager af nyhedsbrevet klikker p\u00e5 et par str\u00f8mper.<\/p>\n<p>Hun kigger p\u00e5 dem i webshoppen, tilf\u00f8jer dem til indk\u00f8bskurven, men k\u00f8ber dem ikke. Et Zap sender information tilbage til MarketingPlatform om hvad hun lagde i kurven.<\/p>\n<p>En trigger mail samler den viden op, henter indholdet af kurven gennem et feed fra shoppen, og fletter nogle af de bedst solgte kvinde- og b\u00f8rnestr\u00f8mper ind i mailen.<\/p>\n<p>B\u00f8rne produkter naturligvis fordi kvinderne k\u00f8ber til b\u00f8rnene.<br \/>\n[\/et_pb_text][\/et_pb_column][et_pb_column type=&#8221;1_2&#8243; _builder_version=&#8221;4.16&#8243; custom_padding=&#8221;|||&#8221; global_colors_info=&#8221;{}&#8221; custom_padding__hover=&#8221;|||&#8221;][et_pb_image src=&#8221;https:\/\/marketingplatform.com\/wp-content\/uploads\/2017\/04\/zapier-zap1.png&#8221; alt=&#8221;MarketingPlatform zapier-zap1&#8243; align_tablet=&#8221;center&#8221; align_phone=&#8221;&#8221; align_last_edited=&#8221;on|desktop&#8221; admin_label=&#8221;Image&#8221; module_class=&#8221;image-border&#8221; _builder_version=&#8221;4.16&#8243; animation_style=&#8221;slide&#8221; animation_direction=&#8221;left&#8221; animation_duration=&#8221;500ms&#8221; animation_intensity_slide=&#8221;10%&#8221; use_border_color=&#8221;off&#8221; border_color=&#8221;#ffffff&#8221; border_width=&#8221;1px&#8221; border_style=&#8221;solid&#8221; sticky=&#8221;off&#8221; global_colors_info=&#8221;{}&#8221;][\/et_pb_image][\/et_pb_column][\/et_pb_row][et_pb_row admin_label=&#8221;row&#8221; _builder_version=&#8221;4.16&#8243; background_size=&#8221;initial&#8221; background_position=&#8221;top_left&#8221; background_repeat=&#8221;repeat&#8221; custom_padding=&#8221;0px|0px|27px|0px&#8221; global_colors_info=&#8221;{}&#8221;][et_pb_column type=&#8221;4_4&#8243; _builder_version=&#8221;4.16&#8243; custom_padding=&#8221;|||&#8221; global_colors_info=&#8221;{}&#8221; custom_padding__hover=&#8221;|||&#8221;][et_pb_text admin_label=&#8221;Text&#8221; _builder_version=&#8221;4.16&#8243; background_size=&#8221;initial&#8221; background_position=&#8221;top_left&#8221; background_repeat=&#8221;repeat&#8221; use_border_color=&#8221;off&#8221; border_style=&#8221;solid&#8221; global_colors_info=&#8221;{}&#8221;]Mailen g\u00e5r afsted. Endog med et link til at forts\u00e6tte k\u00f8bet. Kvinden forts\u00e6tter med at shoppe og k\u00f8ber denne gang varerne. Igen sender et Zap denne info til MarketingPlatform. Og afsted g\u00e5r en tak for din ordre mail. Og ti dage efter k\u00f8bet en opf\u00f8lgende tilfredshedsmail.<\/p>\n<p>Den samme information sender gennem Zapier ogs\u00e5 til virksomhedens \u00f8konomisystem, der dermed kender informationen om interesse men ikke k\u00f8b. Dermed kan dataene anvendes til statistiske form\u00e5l.<br \/>\n[\/et_pb_text][\/et_pb_column][\/et_pb_row][\/et_pb_section][et_pb_section fb_built=&#8221;1&#8243; admin_label=&#8221;Section&#8221; _builder_version=&#8221;4.16&#8243; global_colors_info=&#8221;{}&#8221;][et_pb_row admin_label=&#8221;row&#8221; _builder_version=&#8221;4.16&#8243; background_size=&#8221;initial&#8221; background_position=&#8221;top_left&#8221; background_repeat=&#8221;repeat&#8221; global_colors_info=&#8221;{}&#8221;][et_pb_column type=&#8221;4_4&#8243; _builder_version=&#8221;4.16&#8243; custom_padding=&#8221;|||&#8221; global_colors_info=&#8221;{}&#8221; custom_padding__hover=&#8221;|||&#8221;][et_pb_text admin_label=&#8221;Text&#8221; _builder_version=&#8221;4.19.5&#8243; background_size=&#8221;initial&#8221; background_position=&#8221;top_left&#8221; background_repeat=&#8221;repeat&#8221; use_border_color=&#8221;off&#8221; border_color=&#8221;#ffffff&#8221; border_style=&#8221;solid&#8221; global_colors_info=&#8221;{}&#8221;]<\/p>\n<p>Som altid hj\u00e6lper MarketingPlatform support meget gerne med l\u00f8sningen. Kontakt os p\u00e5 +45 70 26 12 72 eller <a href=\"mailto:support@linkmobility.dk\">support@linkmobility.dk<\/a><\/p>\n<p>[\/et_pb_text][\/et_pb_column][\/et_pb_row][\/et_pb_section][et_pb_section fb_built=&#8221;1&#8243; custom_padding_last_edited=&#8221;on|phone&#8221; module_class=&#8221;ressourcer-signup&#8221; _builder_version=&#8221;4.11.2&#8243; background_color=&#8221;#dee7f1&#8243; background_enable_color=&#8221;off&#8221; custom_margin=&#8221;0px||0px||false|false&#8221; custom_padding=&#8221;0px||0px||false|false&#8221; custom_padding_tablet=&#8221;||||false|false&#8221; custom_padding_phone=&#8221;||||false|false&#8221; top_divider_style=&#8221;asymmetric2&#8243; top_divider_color=&#8221;#ffffff&#8221; top_divider_height=&#8221;60px&#8221; global_module=&#8221;19033&#8243; saved_tabs=&#8221;all&#8221; global_colors_info=&#8221;{}&#8221;][et_pb_row custom_padding_last_edited=&#8221;on|phone&#8221; _builder_version=&#8221;4.22.1&#8243; background_color=&#8221;#152872&#8243; background_size=&#8221;initial&#8221; background_position=&#8221;top_left&#8221; background_repeat=&#8221;repeat&#8221; custom_margin=&#8221;||||false|false&#8221; custom_padding=&#8221;100px||100px||false|false&#8221; custom_padding_tablet=&#8221;50px|20px|50px|20px|false|false&#8221; custom_padding_phone=&#8221;40px||||false|false&#8221; border_radii=&#8221;on|22px|22px|22px|22px&#8221; global_colors_info=&#8221;{}&#8221;][et_pb_column type=&#8221;4_4&#8243; _builder_version=&#8221;4.16&#8243; custom_padding=&#8221;|||&#8221; global_colors_info=&#8221;{}&#8221; custom_padding__hover=&#8221;|||&#8221;][et_pb_text _builder_version=&#8221;4.16&#8243; text_text_color=&#8221;#ffffff&#8221; header_2_font=&#8221;|800|||||||&#8221; header_2_text_color=&#8221;#ffffff&#8221; text_orientation=&#8221;center&#8221; global_colors_info=&#8221;{}&#8221;]<\/p>\n<h2>Pr\u00f8v MarketingPlatform gratis i 14 dage<\/h2>\n<p><span style=\"color:#fff;\">Pr\u00f8veperioden er gratis, helt uforpligtende og udl\u00f8ber efter 14 dage, hvis du ikke \u00f8nsker at forts\u00e6tte.<br \/>\nVed tilmelding modtager du samtidig vores uddannelsesflow p\u00e5 en serie af mails \u2013 og vores nyhedsbrev.<\/span><\/p>\n<p>[\/et_pb_text][et_pb_code _builder_version=&#8221;4.16&#8243; _module_preset=&#8221;default&#8221; width=&#8221;40%&#8221; width_tablet=&#8221;100%&#8221; width_phone=&#8221;95%&#8221; width_last_edited=&#8221;on|tablet&#8221; module_alignment=&#8221;center&#8221; global_colors_info=&#8221;{}&#8221;]<a href=\"https:\/\/marketingplatform.com\/da\/book-emailplatform-demo\/\"><\/p>\n<div class=\"bookdemobtn\" id=\"bookdemodkbox\">Book demo<\/div>\n<p><\/a><!-- [et_pb_line_break_holder] --><a href=\"https:\/\/marketingplatform.com\/da\/gratis-proeveversion\/\"><\/p>\n<div class=\"signupbtn\" id=\"tryusdkbox\">Pr\u00f8v os gratis<\/div>\n<p><\/a><!-- [et_pb_line_break_holder] --><\/p>\n<div class=\"clearfix\"><\/div>\n<p>[\/et_pb_code][\/et_pb_column][\/et_pb_row][\/et_pb_section]<\/p>\n","protected":false},"excerpt":{"rendered":"<p>Integration: Zapier MarketingPlatform integrerer med Zapier, der er en integrationstjeneste, som forbinder MarketingPlatform med over 600 andre systemer. Et godt supplement til at integrere selv. Til de st\u00f8rste systemer, som feks WordPress, WooCommerce, Magento, Drupal og lignende, har MarketingPlatform udviklet egne plug-ins. Det er et stort arbejde at udvikle og vedligeholde integrationer. Derfor har vi [&hellip;]<\/p>\n","protected":false},"author":50,"featured_media":0,"parent":0,"menu_order":0,"comment_status":"closed","ping_status":"closed","template":"","meta":{"_et_pb_use_builder":"on","_et_pb_old_content":"<strong>MailPlatform integrerer med Zapier, der er en integrationstjeneste, som forbinder MailPlatform med over 600 andre systemer. Et godt supplement til at integrere selv.\r\n<\/strong>\r\n<img class=\"scale-with-grid alignright\" title=\"\" src=\"https:\/\/marketingplatform.com\/wp-content\/uploads\/2017\/04\/mailplatform-zapier.png\" alt=\"mailplatform-zapier\" width=\"435\" height=\"328\" \/>\r\n\r\nTil de st\u00f8rste systemer, som feks WordPress, WooCommerce, Magento, Drupal og lignende, har MailPlatform udviklet egne plug-ins. Det er et stort arbejde at udvikle og vedligeholde integrationer. Derfor har vi skabt en meget omfattende integration med Zapier.\r\n\r\nZapier bygger popul\u00e6rt sagt bro mellem mange forskellige systemer. Og giver mulighed for kontinuerlig synkronisering af data. Zapier koster et lavt m\u00e5nedligt abonnement, men har ogs\u00e5 en gratis l\u00f8sning med lavere synkroniseringsfrekvens.\r\n\r\n<img class=\"full-width\" src=\"https:\/\/marketingplatform.com\/wp-content\/uploads\/2017\/04\/mailplatform-white-reference-900px-9b.png\" alt=\"mailplatform-white-reference\" border=\"0\" \/>\r\n\r\n<img class=\"scale-with-grid alignleft\" title=\"\" src=\"https:\/\/marketingplatform.com\/wp-content\/uploads\/2017\/04\/zapier-zap2.png\" alt=\"zapier-zap2\" width=\"475\" height=\"263\" \/>\r\n\r\n<strong>Zaps er de sm\u00e5 brobyggere<\/strong>\r\nI Zapiers verden hedder en lille integration, der feks kan oprette kontakter i MailPlatform automatisk, hver gang der tilf\u00f8jes en linie i et Google Docs regneark, for en Zap eller Zaps p\u00e5 engelsk. Et Zap kan n\u00e6rmest g\u00f8re hvad som helst.\r\n\r\nVi har bygget en r\u00e6kke Zaps der ligger klar, lige til at s\u00e6tte i drift for din virksomhed. Du v\u00e6lger ganske enkelt kilden, til b\u00e5de kontakter, automatisk eller indhold, og forbinder MailPlatform med den anden l\u00f8sning.\r\n\r\nDet kunne v\u00e6re en webshop, hvor en informationer om k\u00f8b overf\u00f8res til MailPlatform. De trigger et automatisk flow, der sender en takkemail afsted, der indeholder nye inspirerende produkter - sammen med en kopi af ordren. Blot for at give et eksempel.\r\n\r\n\u00a0\r\n\r\n\u00a0\r\n\r\n<strong>Automatisering og personlig tilpasning<\/strong>\r\nM\u00e5lretning eller personlig tilpasning er n\u00f8gleordene for mere succes med e-mail markedsf\u00f8ring. Her kan automatisering og integrationer spille en stor rolle.\r\n\r\nN\u00e5r noget sker et sted, kan det aff\u00f8de en handling et andet sted, og denne handling kan igen oms\u00e6ttes til noget tredje - i et helt andet system.\r\n\r\nForestil dig at du s\u00e6lger str\u00f8mper. De har str\u00f8mper til b\u00e5de b\u00f8rn, kvinder og m\u00e6nd. Og str\u00f8mperne er ogs\u00e5 tilpasset forskellige \u00e5rstider og form\u00e5l.\r\n\r\n<img class=\"scale-with-grid alignright\" title=\"\" src=\"https:\/\/marketingplatform.com\/wp-content\/uploads\/2017\/04\/zapier-zap1.png\" alt=\"zapier-zap1\" width=\"515\" height=\"236\" \/>\r\n\r\nEn modtager af nyhedsbrevet klikker p\u00e5 et par str\u00f8mper. Hun kigger p\u00e5 dem i webshoppen, tilf\u00f8jer dem til indk\u00f8bskurven, men k\u00f8ber dem ikke. Et Zap sender information tilbage til MailPlatform om hvad hun lagde i kurven. En trigger mail samler den viden op, henter indholdet af kurven gennem et feed fra shoppen, og fletter nogle af de bedst solgte kvinde- og b\u00f8rnestr\u00f8mper ind i mailen. B\u00f8rne produkter naturligvis fordi kvinderne k\u00f8ber til b\u00f8rnene.\r\n\r\nMailen g\u00e5r afsted. Endog med et link til at forts\u00e6tte k\u00f8bet. Kvinden forts\u00e6tter med at shoppe og k\u00f8ber denne gang varerne. Igen sender et Zap denne info til MailPlatform. Og afsted g\u00e5r en tak for din ordre mail. Og ti dage efter k\u00f8bet en opf\u00f8lgende tilfredshedsmail.\r\n\r\nDen samme information sender gennem Zapier ogs\u00e5 til virksomhedens \u00f8konomisystem, der dermed kender informationen om interesse men ikke k\u00f8b. Dermed kan dataene anvendes til statistiske form\u00e5l.\r\n\r\n<strong>Ops\u00e6tning af Zapier og MailPlatform<\/strong>\r\nForbindelserne skabes med brug af API til MailPlatform. Denne adgang koster en lille smule ekstra hver m\u00e5ned. N\u00e5r adgangen er etableret indtastes koderne i Zapier. Og magien kan begynde.\r\n\r\nSom altid hj\u00e6lper MailPlatform support meget gerne med l\u00f8sningen. Kontakt os p\u00e5 72 44 44 44 eller <a href=\"mailto:support@mailplatform.dk\">support@mailplatform.dk<\/a>\r\n<h2>Pr\u00f8v MailPlatform gratis -\u00a0og f\u00e5 succes med dine nyhedsbreve<\/h2>\r\n<h3>Du tilmelder dig p\u00e5 10\u00a0sekunder - uden brug af kreditkort - skriv trygt din email i feltet herunder<\/h3>\r\nBlandt kunderne, der anvender MailPlatform til at forbedre deres kommunikation, er Applus, Bauhaus, Billetlugen, CBS, \u00a0EGMONT, Gallup, Jensens B\u00f8fhus, Kop & Kande, LEGO, Leo Pharma, Lions, Merck, Mr., Sampension, UNICEF og \u00c6ldresagen.\r\n<br><\/br>\r\n[widget id=\"text-183\"]","_et_gb_content_width":"","footnotes":""},"categories":[],"tags":[],"yst_prominent_words":[451,477,211,473,4878,81,180,4872,4920,940,938,4874,937,936,935,214,206,934,4881,939],"_links":{"self":[{"href":"https:\/\/marketingplatform.com\/da\/wp-json\/wp\/v2\/pages\/5652"}],"collection":[{"href":"https:\/\/marketingplatform.com\/da\/wp-json\/wp\/v2\/pages"}],"about":[{"href":"https:\/\/marketingplatform.com\/da\/wp-json\/wp\/v2\/types\/page"}],"author":[{"embeddable":true,"href":"https:\/\/marketingplatform.com\/da\/wp-json\/wp\/v2\/users\/50"}],"replies":[{"embeddable":true,"href":"https:\/\/marketingplatform.com\/da\/wp-json\/wp\/v2\/comments?post=5652"}],"version-history":[{"count":9,"href":"https:\/\/marketingplatform.com\/da\/wp-json\/wp\/v2\/pages\/5652\/revisions"}],"predecessor-version":[{"id":238248,"href":"https:\/\/marketingplatform.com\/da\/wp-json\/wp\/v2\/pages\/5652\/revisions\/238248"}],"wp:attachment":[{"href":"https:\/\/marketingplatform.com\/da\/wp-json\/wp\/v2\/media?parent=5652"}],"wp:term":[{"taxonomy":"category","embeddable":true,"href":"https:\/\/marketingplatform.com\/da\/wp-json\/wp\/v2\/categories?post=5652"},{"taxonomy":"post_tag","embeddable":true,"href":"https:\/\/marketingplatform.com\/da\/wp-json\/wp\/v2\/tags?post=5652"},{"taxonomy":"yst_prominent_words","embeddable":true,"href":"https:\/\/marketingplatform.com\/da\/wp-json\/wp\/v2\/yst_prominent_words?post=5652"}],"curies":[{"name":"wp","href":"https:\/\/api.w.org\/{rel}","templated":true}]}}