{"id":5646,"date":"2017-04-12T09:29:23","date_gmt":"2017-04-12T07:29:23","guid":{"rendered":"https:\/\/marketingplatform.com\/?page_id=5646\/"},"modified":"2024-08-15T12:48:32","modified_gmt":"2024-08-15T10:48:32","slug":"integration-med-cms-og-webshop","status":"publish","type":"page","link":"https:\/\/marketingplatform.com\/da\/udvalgte-funktioner\/integration-med-cms-og-webshop\/","title":{"rendered":"Integration med CMS og Webshop"},"content":{"rendered":"<p>[et_pb_section fb_built=&#8221;1&#8243; admin_label=&#8221;section&#8221; _builder_version=&#8221;4.16&#8243; transparent_background=&#8221;off&#8221; global_colors_info=&#8221;{}&#8221;][et_pb_row admin_label=&#8221;row&#8221; _builder_version=&#8221;4.16&#8243; background_size=&#8221;initial&#8221; background_position=&#8221;top_left&#8221; background_repeat=&#8221;repeat&#8221; custom_padding=&#8221;27px|0px|23px|0px&#8221; global_colors_info=&#8221;{}&#8221;][et_pb_column type=&#8221;4_4&#8243; _builder_version=&#8221;4.16&#8243; custom_padding=&#8221;|||&#8221; global_colors_info=&#8221;{}&#8221; custom_padding__hover=&#8221;|||&#8221;][et_pb_text admin_label=&#8221;Text&#8221; _builder_version=&#8221;4.16&#8243; background_size=&#8221;initial&#8221; background_position=&#8221;top_left&#8221; background_repeat=&#8221;repeat&#8221; use_border_color=&#8221;off&#8221; border_style=&#8221;solid&#8221; global_colors_info=&#8221;{}&#8221;]<\/p>\n<h1>Integration med CMS og Webshop<\/h1>\n<h3>Plug-n-Play Integrationer<\/h3>\n<p>MarketingPlatform integreres nemt med dine \u00f8vrige l\u00f8sninger gennem en r\u00e6kke standardintegrationer eller vores webservice. Standardintegrationerne er vidt forskellige, nogle er to-vejs integrationer, andre overf\u00f8rer alene data til MarketingPlatform.[\/et_pb_text][\/et_pb_column][\/et_pb_row][et_pb_row column_structure=&#8221;1_3,2_3&#8243; admin_label=&#8221;row&#8221; _builder_version=&#8221;4.16&#8243; background_size=&#8221;initial&#8221; background_position=&#8221;top_left&#8221; background_repeat=&#8221;repeat&#8221; custom_padding=&#8221;0px|0px|0px|0px&#8221; global_colors_info=&#8221;{}&#8221;][et_pb_column type=&#8221;1_3&#8243; _builder_version=&#8221;4.16&#8243; custom_padding=&#8221;|||&#8221; global_colors_info=&#8221;{}&#8221; custom_padding__hover=&#8221;|||&#8221;][et_pb_image src=&#8221;https:\/\/marketingplatform.com\/wp-content\/uploads\/2017\/04\/HiRes-300&#215;276.jpg&#8221; align_tablet=&#8221;center&#8221; align_phone=&#8221;&#8221; align_last_edited=&#8221;on|desktop&#8221; admin_label=&#8221;Image&#8221; module_class=&#8221;image-border&#8221; _builder_version=&#8221;4.16&#8243; animation_style=&#8221;slide&#8221; animation_direction=&#8221;left&#8221; animation_duration=&#8221;500ms&#8221; animation_intensity_slide=&#8221;10%&#8221; use_border_color=&#8221;off&#8221; border_color=&#8221;#ffffff&#8221; border_width=&#8221;1px&#8221; border_style=&#8221;solid&#8221; sticky=&#8221;off&#8221; global_colors_info=&#8221;{}&#8221;][\/et_pb_image][\/et_pb_column][et_pb_column type=&#8221;2_3&#8243; _builder_version=&#8221;4.16&#8243; custom_padding=&#8221;|||&#8221; global_colors_info=&#8221;{}&#8221; custom_padding__hover=&#8221;|||&#8221;][et_pb_text admin_label=&#8221;Text&#8221; _builder_version=&#8221;4.16&#8243; background_size=&#8221;initial&#8221; background_position=&#8221;top_left&#8221; background_repeat=&#8221;repeat&#8221; use_border_color=&#8221;off&#8221; border_color=&#8221;#ffffff&#8221; border_style=&#8221;solid&#8221; global_colors_info=&#8221;{}&#8221;]<\/p>\n<p>Vi har lavet standardintegrationer til de mest anvendte CMS og Webshop l\u00f8sninger, samt flere CRM og ERP platforme.<\/p>\n<p>En standardintegrationer er en sammenkobling af MarketingPlatform og en anden l\u00f8sning, hvor integrationen vedligeholdes af MarketingPlatform, den anden part eller en tredjepart.<\/p>\n<p>Enten er l\u00f8sningen gratis og udbydes af MarketingPlatform eller integrationspartneren.<\/p>\n<p>Er den lavet af en tredjepart koster l\u00f8sningen typisk 995 kr. som en engangsomkostning og et mindre \u00e5rligt bel\u00f8b (i st\u00f8rrelsesordenen et par hundrede eller mindre).<\/p>\n<p>Vi integrerer til bl.a.:\u00a0<a href=\"..\/integration-dandomain-webshop\/\">Dandomain<\/a>, Drupal, DynamicWeb,\u00a0<a href=\"..\/..\/emailplatform-partnere\/e-conomic-integration\/\">e-conomic<\/a>, Joomla, <a href=\"..\/integration-magento\/\">Adobe Commerce<\/a>, Microsoft CRM, Navision, PrestaShop,\u00a0<a href=\"..\/emailplatform-integrerer-med-salesforce-crm\/\">SalesForce<\/a>, ScanCommerce,\u00a0<a href=\"..\/integration-med-scannet-webshop2\/\">ScanNet<\/a>,\u00a0<a href=\"..\/..\/artikler-presse\/smartweb-og-mailplatform-indgar-samarbejde\/\">SmartWeb<\/a>, Wannafind,\u00a0<a href=\"https:\/\/marketingplatform.com\/da\/udvalgte-funktioner\/integration-wordpress\/\">WordPress<\/a>\u00a0og <a href=\"https:\/\/marketingplatform.com\/da\/zapier\/\">Zapier<\/a>.<\/p>\n<p>[\/et_pb_text][\/et_pb_column][\/et_pb_row][et_pb_row admin_label=&#8221;row&#8221; _builder_version=&#8221;4.16&#8243; background_size=&#8221;initial&#8221; background_position=&#8221;top_left&#8221; background_repeat=&#8221;repeat&#8221; global_colors_info=&#8221;{}&#8221;][et_pb_column type=&#8221;4_4&#8243; _builder_version=&#8221;4.16&#8243; custom_padding=&#8221;|||&#8221; global_colors_info=&#8221;{}&#8221; custom_padding__hover=&#8221;|||&#8221;][et_pb_text admin_label=&#8221;Text&#8221; _builder_version=&#8221;4.16&#8243; background_size=&#8221;initial&#8221; background_position=&#8221;top_left&#8221; background_repeat=&#8221;repeat&#8221; use_border_color=&#8221;off&#8221; border_color=&#8221;#ffffff&#8221; border_style=&#8221;solid&#8221; global_colors_info=&#8221;{}&#8221;]<\/p>\n<h4>XML API med eksempelfiler<\/h4>\n<p>Mange digitalebureauer eller IT-afdelinger \u00f8nsker at lave deres egne integrationer til MarketingPlatform. Derfor har vi udviklet et standard API, en webservice, hvor modtagere, egne felter og kontaktlister kan tilf\u00f8jes, vedligeholdes, slettes og foresp\u00f8rges p\u00e5.<\/p>\n<p>Statistik p\u00e5 kampagner kan hentes, dynamisk indhold til kampagner oploades til enten Dynamic Content eller Relevant Content \u2013 og meget andet.<\/p>\n<p>Se vores <a href=\"https:\/\/marketingplatform.com\/da\/api-til-emailplatform\/\">API og SDK dokumentation<\/a>\u00a0eller skriv til <a href=\"mailto:support@marketingplatform.com\">support@marketingplatform.com<\/a> for at f\u00e5 en kopi af vores eksempelfiler og dokumentation for API\u2019et.<\/p>\n<p>[\/et_pb_text][\/et_pb_column][\/et_pb_row][\/et_pb_section][et_pb_section fb_built=&#8221;1&#8243; custom_padding_last_edited=&#8221;on|phone&#8221; module_class=&#8221;ressourcer-signup&#8221; _builder_version=&#8221;4.11.2&#8243; background_color=&#8221;#dee7f1&#8243; background_enable_color=&#8221;off&#8221; custom_margin=&#8221;0px||0px||false|false&#8221; custom_padding=&#8221;0px||0px||false|false&#8221; custom_padding_tablet=&#8221;||||false|false&#8221; custom_padding_phone=&#8221;||||false|false&#8221; top_divider_style=&#8221;asymmetric2&#8243; top_divider_color=&#8221;#ffffff&#8221; top_divider_height=&#8221;60px&#8221; global_module=&#8221;19033&#8243; saved_tabs=&#8221;all&#8221; global_colors_info=&#8221;{}&#8221;][et_pb_row custom_padding_last_edited=&#8221;on|phone&#8221; _builder_version=&#8221;4.22.1&#8243; background_color=&#8221;#152872&#8243; background_size=&#8221;initial&#8221; background_position=&#8221;top_left&#8221; background_repeat=&#8221;repeat&#8221; custom_margin=&#8221;||||false|false&#8221; custom_padding=&#8221;100px||100px||false|false&#8221; custom_padding_tablet=&#8221;50px|20px|50px|20px|false|false&#8221; custom_padding_phone=&#8221;40px||||false|false&#8221; border_radii=&#8221;on|22px|22px|22px|22px&#8221; global_colors_info=&#8221;{}&#8221;][et_pb_column type=&#8221;4_4&#8243; _builder_version=&#8221;4.16&#8243; custom_padding=&#8221;|||&#8221; global_colors_info=&#8221;{}&#8221; custom_padding__hover=&#8221;|||&#8221;][et_pb_text _builder_version=&#8221;4.16&#8243; text_text_color=&#8221;#ffffff&#8221; header_2_font=&#8221;|800|||||||&#8221; header_2_text_color=&#8221;#ffffff&#8221; text_orientation=&#8221;center&#8221; global_colors_info=&#8221;{}&#8221;]<\/p>\n<h2>Pr\u00f8v MarketingPlatform gratis i 14 dage<\/h2>\n<p><span style=\"color:#fff;\">Pr\u00f8veperioden er gratis, helt uforpligtende og udl\u00f8ber efter 14 dage, hvis du ikke \u00f8nsker at forts\u00e6tte.<br \/>\nVed tilmelding modtager du samtidig vores uddannelsesflow p\u00e5 en serie af mails \u2013 og vores nyhedsbrev.<\/span><\/p>\n<p>[\/et_pb_text][et_pb_code _builder_version=&#8221;4.16&#8243; _module_preset=&#8221;default&#8221; width=&#8221;40%&#8221; width_tablet=&#8221;100%&#8221; width_phone=&#8221;95%&#8221; width_last_edited=&#8221;on|tablet&#8221; module_alignment=&#8221;center&#8221; global_colors_info=&#8221;{}&#8221;]<a href=\"https:\/\/marketingplatform.com\/da\/book-emailplatform-demo\/\"><\/p>\n<div class=\"bookdemobtn\" id=\"bookdemodkbox\">Book demo<\/div>\n<p><\/a><!-- [et_pb_line_break_holder] --><a href=\"https:\/\/marketingplatform.com\/da\/gratis-proeveversion\/\"><\/p>\n<div class=\"signupbtn\" id=\"tryusdkbox\">Pr\u00f8v os gratis<\/div>\n<p><\/a><!-- [et_pb_line_break_holder] --><\/p>\n<div class=\"clearfix\"><\/div>\n<p>[\/et_pb_code][\/et_pb_column][\/et_pb_row][\/et_pb_section]<\/p>\n","protected":false},"excerpt":{"rendered":"<p>Integration med CMS og Webshop Plug-n-Play Integrationer MarketingPlatform integreres nemt med dine \u00f8vrige l\u00f8sninger gennem en r\u00e6kke standardintegrationer eller vores webservice. Standardintegrationerne er vidt forskellige, nogle er to-vejs integrationer, andre overf\u00f8rer alene data til MarketingPlatform.Vi har lavet standardintegrationer til de mest anvendte CMS og Webshop l\u00f8sninger, samt flere CRM og ERP platforme. En standardintegrationer er [&hellip;]<\/p>\n","protected":false},"author":50,"featured_media":0,"parent":4545,"menu_order":0,"comment_status":"closed","ping_status":"closed","template":"","meta":{"_et_pb_use_builder":"on","_et_pb_old_content":"<h2>Plug-n-Play integrationer<\/h2>\r\nMarketingPlatform integreres nemt med dine \u00f8vrige l\u00f8sninger gennem en r\u00e6kke standardintegrationer eller vores webservice. Standardintegrationerne er vidt forskellige, nogle er to-vejs integrationer, andre overf\u00f8rer alene data til MarketingPlatform.\r\n\r\n<a href=\"https:\/\/mpdk.wpengine.netdna-cdn.com\/wp-content\/uploads\/2014\/02\/HiRes.jpg\"><img class=\"alignleft size-medium wp-image-1818\" src=\"https:\/\/marketingplatform.com\/wp-content\/uploads\/2017\/04\/HiRes-300x276.jpg\" alt=\"mailplatform standard integrationer\" width=\"300\" height=\"276\" \/><\/a>\r\n\r\nVi har lavet standardintegrationer til de mest anvendte CMS og Webshop l\u00f8sninger, samt flere CRM og ERP platforme. En standardintegrationer er en sammenkobling af MarketingPlatform og en anden l\u00f8sning, hvor integrationen vedligeholdes af MarketingPlatform, den anden part eller en tredjepart. Enten er l\u00f8sningen gratis og udbydes af MarketingPlatform eller integrationspartneren. Er den lavet af en tredjepart koster l\u00f8sningen typisk 995 kr. som en engangsomkostning og et mindre \u00e5rligt bel\u00f8b (i st\u00f8rrelsesordenen et par hundrede eller mindre).\r\n\r\nVi integrerer til bl.a.:\u00a0<a href=\"https:\/\/mailplatform.dk\/udvalgte-funktioner\/integration-dandomain-webshop\/\">Dandomain<\/a>, Drupal, DynamicWeb,\u00a0<a href=\"https:\/\/mailplatform.dk\/om-mailplatform\/mailplatform-partnere\/e-conomic-okonomisystem\/\">e-conomic<\/a>, Joomla,\u00a0<a href=\"https:\/\/mailplatform.dk\/udvalgte-funktioner\/integration-magento\/\">Magento<\/a>, Microsoft CRM, Navision, PrestaShop,\u00a0<a href=\"https:\/\/mailplatform.dk\/udvalgte-funktioner\/mailplatform-integrerer-med-salesforce-crm\/\">SalesForce<\/a>, ScanCommerce,\u00a0<a href=\"https:\/\/mailplatform.dk\/udvalgte-funktioner\/integration-med-scannet-webshop2\/\">ScanNet<\/a>,\u00a0<a href=\"https:\/\/mailplatform.dk\/artikler-presse\/smartweb-og-mailplatform-indgar-samarbejde\/\">SmartWeb<\/a>, Wannafind\u00a0og\u00a0<a href=\"https:\/\/mailplatform.dk\/udvalgte-funktioner\/integration-wordpress\/\">WordPress<\/a>.\r\n<h4>XML API med eksempelfiler<\/h4>\r\nMange digitalebureauer eller IT-afdelinger \u00f8nsker at lave deres egne integrationer til MarketingPlatform. Derfor har vi udviklet et standard API, en webservice, hvor modtagere, egne felter og kontaktlister kan tilf\u00f8jes, vedligeholdes, slettes og foresp\u00f8rges p\u00e5. Statistik p\u00e5 kampagner kan hentes, dynamisk indhold til kampagner oploades til enten Dynamic Content eller Relevant Content \u2013 og meget andet.\r\n\r\nSkriv meget gerne til support@mailplatform.dk for at f\u00e5 en kopi af vores eksempelfiler og dokumentation for API\u2019et.\r\n\r\n\u00a0\r\n\r\n<\/div>","_et_gb_content_width":"","footnotes":""},"categories":[],"tags":[],"yst_prominent_words":[4916,451,4878,226,3375,3374,4879,81,83,446,3377,4872,4920,457,3279,3376,2741,3378,939,4884],"_links":{"self":[{"href":"https:\/\/marketingplatform.com\/da\/wp-json\/wp\/v2\/pages\/5646"}],"collection":[{"href":"https:\/\/marketingplatform.com\/da\/wp-json\/wp\/v2\/pages"}],"about":[{"href":"https:\/\/marketingplatform.com\/da\/wp-json\/wp\/v2\/types\/page"}],"author":[{"embeddable":true,"href":"https:\/\/marketingplatform.com\/da\/wp-json\/wp\/v2\/users\/50"}],"replies":[{"embeddable":true,"href":"https:\/\/marketingplatform.com\/da\/wp-json\/wp\/v2\/comments?post=5646"}],"version-history":[{"count":4,"href":"https:\/\/marketingplatform.com\/da\/wp-json\/wp\/v2\/pages\/5646\/revisions"}],"predecessor-version":[{"id":238142,"href":"https:\/\/marketingplatform.com\/da\/wp-json\/wp\/v2\/pages\/5646\/revisions\/238142"}],"up":[{"embeddable":true,"href":"https:\/\/marketingplatform.com\/da\/wp-json\/wp\/v2\/pages\/4545"}],"wp:attachment":[{"href":"https:\/\/marketingplatform.com\/da\/wp-json\/wp\/v2\/media?parent=5646"}],"wp:term":[{"taxonomy":"category","embeddable":true,"href":"https:\/\/marketingplatform.com\/da\/wp-json\/wp\/v2\/categories?post=5646"},{"taxonomy":"post_tag","embeddable":true,"href":"https:\/\/marketingplatform.com\/da\/wp-json\/wp\/v2\/tags?post=5646"},{"taxonomy":"yst_prominent_words","embeddable":true,"href":"https:\/\/marketingplatform.com\/da\/wp-json\/wp\/v2\/yst_prominent_words?post=5646"}],"curies":[{"name":"wp","href":"https:\/\/api.w.org\/{rel}","templated":true}]}}