{"id":5613,"date":"2017-04-12T08:31:17","date_gmt":"2017-04-12T06:31:17","guid":{"rendered":"https:\/\/marketingplatform.com\/?page_id=5613\/"},"modified":"2018-12-18T11:20:22","modified_gmt":"2018-12-18T10:20:22","slug":"automatiske-flows","status":"publish","type":"page","link":"https:\/\/marketingplatform.com\/da\/marketing-automation\/flow-builder\/automatiske-flows\/","title":{"rendered":"Automatiske flows"},"content":{"rendered":"<p>[et_pb_section fb_built=&#8221;1&#8243; admin_label=&#8221;section&#8221; _builder_version=&#8221;3.0.74&#8243; transparent_background=&#8221;off&#8221;][et_pb_row custom_padding=&#8221;27px|0px|13px|0px&#8221; admin_label=&#8221;row&#8221; _builder_version=&#8221;3.0.47&#8243; background_size=&#8221;initial&#8221; background_position=&#8221;top_left&#8221; background_repeat=&#8221;repeat&#8221;][et_pb_column type=&#8221;4_4&#8243; _builder_version=&#8221;3.0.47&#8243; parallax=&#8221;off&#8221; parallax_method=&#8221;on&#8221;][et_pb_text admin_label=&#8221;Text&#8221; _builder_version=&#8221;3.0.106&#8243; background_size=&#8221;initial&#8221; background_position=&#8221;top_left&#8221; background_repeat=&#8221;repeat&#8221; use_border_color=&#8221;off&#8221; border_color=&#8221;#ffffff&#8221; border_style=&#8221;solid&#8221;]<\/p>\n<h1>FlowBuilder og Automatiske Email Marketing Flows i Serier<\/h1>\n<h3>Automatiske Flows i MarketingPlatform<\/h3>\n<p>MarketingPlatform har udviklet automatiske flows i serier, dvs. at de automatiske flows reagerer p\u00e5 tidligere automatiske flows. Du finder normalt kun disse funktioner i langt dyrere l\u00f8sninger.<\/p>\n<p>Vi har udviklet en ny type af automatiske flows, der er i familie med autorespondere og triggers. Med de nye flows i serier kan du skabe automatiske flows p\u00e5 baggrund af andre automatiske udsendelser.<br \/>\n[\/et_pb_text][\/et_pb_column][\/et_pb_row][et_pb_row custom_padding=&#8221;0px|0px|7px|0px&#8221; admin_label=&#8221;row&#8221; _builder_version=&#8221;3.0.47&#8243; background_size=&#8221;initial&#8221; background_position=&#8221;top_left&#8221; background_repeat=&#8221;repeat&#8221;][et_pb_column type=&#8221;1_2&#8243; _builder_version=&#8221;3.0.47&#8243; parallax=&#8221;off&#8221; parallax_method=&#8221;on&#8221;][et_pb_image src=&#8221;https:\/\/marketingplatform.com\/wp-content\/uploads\/2017\/04\/emailplatform-automatiskeflows.png&#8221; alt=&#8221;MarketingPlatform Automatiske Flows&#8221; admin_label=&#8221;Image&#8221; _builder_version=&#8221;3.0.87&#8243; animation_style=&#8221;slide&#8221; animation_direction=&#8221;left&#8221; animation_duration=&#8221;500ms&#8221; animation_intensity_slide=&#8221;10%&#8221; use_border_color=&#8221;off&#8221; border_color=&#8221;#ffffff&#8221; border_width=&#8221;1px&#8221; border_style=&#8221;solid&#8221; sticky=&#8221;off&#8221;][\/et_pb_image][\/et_pb_column][et_pb_column type=&#8221;1_2&#8243; _builder_version=&#8221;3.0.47&#8243; parallax=&#8221;off&#8221; parallax_method=&#8221;on&#8221;][et_pb_text admin_label=&#8221;Text&#8221; _builder_version=&#8221;3.0.87&#8243; background_size=&#8221;initial&#8221; background_position=&#8221;top_left&#8221; background_repeat=&#8221;repeat&#8221; use_border_color=&#8221;off&#8221; border_style=&#8221;solid&#8221;]Forestil et scenarie hvor din kunde v\u00e6lger interesser i en opdater profil funktion. Opdater profil funktionen er en standard funktion i MarketingPlatform, der kan tilf\u00f8jes til alle mails og automatiske mails. Kunden v\u00e6lger f.eks. &#8220;Bagning&#8221; som interesse.<\/p>\n<p>Med automatiske flows i serier vil MarketingPlatform lytte p\u00e5 nye profiler med &#8220;Bagning&#8221; som interesse (interesse feltet er blot et eksempel, du kan tilf\u00f8je ubegr\u00e6nsede Contact Fields og lade disse indg\u00e5 i dine flows). N\u00e5r den specifikke kunde v\u00e6lger &#8220;Bagning&#8221; vil en forberedt mail blive sendt.<br \/>\n[\/et_pb_text][\/et_pb_column][\/et_pb_row][et_pb_row custom_padding=&#8221;0px|0px|27px|0px&#8221; admin_label=&#8221;row&#8221; _builder_version=&#8221;3.0.47&#8243; background_size=&#8221;initial&#8221; background_position=&#8221;top_left&#8221; background_repeat=&#8221;repeat&#8221;][et_pb_column type=&#8221;4_4&#8243; _builder_version=&#8221;3.0.47&#8243; parallax=&#8221;off&#8221; parallax_method=&#8221;on&#8221;][et_pb_text admin_label=&#8221;Text&#8221; _builder_version=&#8221;3.0.87&#8243; background_size=&#8221;initial&#8221; background_position=&#8221;top_left&#8221; background_repeat=&#8221;repeat&#8221; use_border_color=&#8221;off&#8221; border_style=&#8221;solid&#8221;]\u00c5bner kunden mailen kan dette udl\u00f8se en ny mail &#8211; \u00e5bner kunden ikke mailen kan der igen udsendes en anden mail. Eller personen kan tilf\u00f8jes til et helt andet flow. Flowet kan ogs\u00e5 kombineres med andre flows, segmenter eller flette felter og dynamisk indhold.<\/p>\n<p>Kontakt os for sparring og hj\u00e6lp til, hvordan vi sammen kan lave automatiske flows i serier, der vil \u00f8ge oms\u00e6tningen i din forretning.<br \/>\n[\/et_pb_text][\/et_pb_column][\/et_pb_row][\/et_pb_section][et_pb_section fb_built=&#8221;1&#8243; _builder_version=&#8221;3.16.1&#8243; background_color=&#8221;#dee7f1&#8243; global_module=&#8221;19033&#8243;][et_pb_row _builder_version=&#8221;3.0.48&#8243; background_size=&#8221;initial&#8221; background_position=&#8221;top_left&#8221; background_repeat=&#8221;repeat&#8221;][et_pb_column type=&#8221;4_4&#8243; _builder_version=&#8221;3.0.47&#8243; parallax=&#8221;off&#8221; parallax_method=&#8221;on&#8221;][et_pb_text _builder_version=&#8221;3.16.1&#8243; text_orientation=&#8221;center&#8221;]<\/p>\n<h1>Pr\u00f8v MarketingPlatform gratis i 14 dage<\/h1>\n<p>Pr\u00f8veperioden er gratis, helt uforpligtende og udl\u00f8ber efter 14 dage, hvis du ikke \u00f8nsker at forts\u00e6tte.<br \/>\nVed tilmelding modtager du samtidig vores uddannelsesflow p\u00e5 en serie af mails \u2013 og vores nyhedsbrev.<br \/>\n[\/et_pb_text][et_pb_code _builder_version=&#8221;3.16.1&#8243;]&lt;script src=&quot;https:\/\/ajax.googleapis.com\/ajax\/libs\/jquery\/1.11.3\/jquery.min.js&quot;&gt;&lt;\/script&gt;&lt;!&#8211; [et_pb_line_break_holder] &#8211;&gt;&lt;script src=&quot;https:\/\/marketingplatform.com\/js\/sign-up-dk-home-top-updated.js&quot;&gt;&lt;\/script&gt;&lt;!&#8211; [et_pb_line_break_holder] &#8211;&gt;&lt;script src=&quot;https:\/\/marketingplatform.com\/js\/trafficSourceTracker.js&quot;&gt;&lt;\/script&gt;&lt;!&#8211; [et_pb_line_break_holder] &#8211;&gt;&lt;script&gt;&lt;!&#8211; [et_pb_line_break_holder] &#8211;&gt;trafficSrcCookie.setCookie();&lt;!&#8211; [et_pb_line_break_holder] &#8211;&gt;&lt;\/script&gt;&lt;!&#8211; [et_pb_line_break_holder] &#8211;&gt;&lt;!&#8211; [et_pb_line_break_holder] &#8211;&gt;&lt;div class=&quot;myForm&quot;&gt;&lt;!&#8211; [et_pb_line_break_holder] &#8211;&gt; &lt;div class=&quot;sign_up&quot;&gt;&lt;!&#8211; [et_pb_line_break_holder] &#8211;&gt; &lt;div class=&quot;step1 text-box step_fir&quot;&gt;&lt;!&#8211; [et_pb_line_break_holder] &#8211;&gt; &lt;div class=&quot;displayblock&quot;&gt;&lt;!&#8211; [et_pb_line_break_holder] &#8211;&gt; &lt;input type=&quot;text&quot; name=&quot;email&quot; class=&quot;emailvalue&quot; placeholder=&quot;Indtast din e-mailadresse&quot; style=&quot;margin-right:5px; border-radius:2px; border:none!important;&quot;&gt;&lt;!&#8211; [et_pb_line_break_holder] &#8211;&gt; &lt;\/div&gt;&lt;!&#8211; [et_pb_line_break_holder] &#8211;&gt; &lt;div class=&quot;displayblock&quot;&gt;&lt;!&#8211; [et_pb_line_break_holder] &#8211;&gt; &lt;input type=&quot;button&quot; value=&quot;Ja tak &#8211; lad mig pr\u00f8ve!&quot; class=&quot;button trial-btn-blue step1btn&quot; style=&quot;background:#09cd6f!important; border:none!important; border-radius:2px; &quot;&gt;&lt;!&#8211; [et_pb_line_break_holder] &#8211;&gt; &lt;\/div&gt;&lt;!&#8211; [et_pb_line_break_holder] &#8211;&gt; &lt;\/div&gt;&lt;!&#8211; [et_pb_line_break_holder] &#8211;&gt; &lt;div class=&quot;step2 text-box&quot; style=&quot;display: none;&quot;&gt;&lt;\/div&gt;&lt;!&#8211; [et_pb_line_break_holder] &#8211;&gt; &lt;div class=&quot;step2 text-box &quot; style=&quot;display: none;&quot;&gt;&lt;!&#8211; [et_pb_line_break_holder] &#8211;&gt; &lt;div class=&quot;displayblock&quot; style=&quot;width: 400px;&quot;&gt;&lt;!&#8211; [et_pb_line_break_holder] &#8211;&gt; &lt;input type=&quot;text&quot; name=&quot;CustomFields[496]&quot; class=&quot;CustomFields_496_51&quot; value=&quot;&quot; size=&quot;50&quot; placeholder=&quot;Firmanavn&quot;&gt;&lt;!&#8211; [et_pb_line_break_holder] &#8211;&gt; &lt;\/div&gt;&lt;!&#8211; [et_pb_line_break_holder] &#8211;&gt; &lt;div class=&quot;displayblock&quot; style=&quot;width: 400px;&quot;&gt;&lt;!&#8211; [et_pb_line_break_holder] &#8211;&gt; &lt;input type=&quot;text&quot; name=&quot;CustomFields[2]&quot; class=&quot;CustomFields_2_51&quot; value=&quot;&quot; size=&quot;50&quot; placeholder=&quot;Dit Navn&quot;&gt;&lt;!&#8211; [et_pb_line_break_holder] &#8211;&gt; &lt;\/div&gt;&lt;!&#8211; [et_pb_line_break_holder] &#8211;&gt; &lt;div class=&quot;displayblock&quot; style=&quot;width: 400px;&quot;&gt;&lt;!&#8211; [et_pb_line_break_holder] &#8211;&gt; &lt;input type=&quot;text&quot; name=&quot;CustomFields[497]&quot; class=&quot;CustomFields_497_51&quot; value=&quot;&quot; size=&quot;50&quot; placeholder=&quot;Mobil Nummer&quot;&gt;&lt;!&#8211; [et_pb_line_break_holder] &#8211;&gt; &lt;\/div&gt;&lt;!&#8211; [et_pb_line_break_holder] &#8211;&gt; &lt;div class=&quot;displayblock sec_step_but&quot;&gt;&lt;!&#8211; [et_pb_line_break_holder] &#8211;&gt; &lt;input id=&quot;step2&quot; type=&quot;button&quot; value=&quot;Ja tak &#8211; lad mig pr\u00f8ve!&quot; class=&quot;button1 &quot; style=&quot;background:#09cd6f!important;&quot;&gt;&lt;!&#8211; [et_pb_line_break_holder] &#8211;&gt; &lt;\/div&gt;&lt;!&#8211; [et_pb_line_break_holder] &#8211;&gt; &lt;div&gt;&lt;!&#8211; [et_pb_line_break_holder] &#8211;&gt; &lt;div style=&quot;display: none;&quot; id=&quot;alertSpan&quot;&gt;&lt;!&#8211; [et_pb_line_break_holder] &#8211;&gt; &lt;span style=&quot;color: red;&quot;&gt;Du skal udfylde alle felter&lt;\/span&gt;&lt;!&#8211; [et_pb_line_break_holder] &#8211;&gt; &lt;\/div&gt;&lt;!&#8211; [et_pb_line_break_holder] &#8211;&gt; &lt;\/div&gt;&lt;!&#8211; [et_pb_line_break_holder] &#8211;&gt; &lt;div&gt;&lt;!&#8211; [et_pb_line_break_holder] &#8211;&gt; &lt;div style=&quot;display: none;&quot; id=&quot;alertEmailSpan&quot;&gt;&lt;!&#8211; [et_pb_line_break_holder] &#8211;&gt; &lt;span style=&quot;color: red;&quot;&gt;Indtast din e-mailadresse&lt;\/span&gt;&lt;!&#8211; [et_pb_line_break_holder] &#8211;&gt; &lt;\/div&gt;&lt;!&#8211; [et_pb_line_break_holder] &#8211;&gt; &lt;\/div&gt;&lt;!&#8211; [et_pb_line_break_holder] &#8211;&gt; &lt;\/div&gt;&lt;!&#8211; [et_pb_line_break_holder] &#8211;&gt; &lt;\/div&gt;&lt;!&#8211; [et_pb_line_break_holder] &#8211;&gt;&lt;\/div&gt;[\/et_pb_code][\/et_pb_column][\/et_pb_row][\/et_pb_section]<\/p>\n","protected":false},"excerpt":{"rendered":"<p>FlowBuilder og Automatiske Email Marketing Flows i Serier Automatiske Flows i MarketingPlatform MarketingPlatform har udviklet automatiske flows i serier, dvs. at de automatiske flows reagerer p\u00e5 tidligere automatiske flows. Du finder normalt kun disse funktioner i langt dyrere l\u00f8sninger. Vi har udviklet en ny type af automatiske flows, der er i familie med autorespondere og [&hellip;]<\/p>\n","protected":false},"author":50,"featured_media":0,"parent":410,"menu_order":0,"comment_status":"closed","ping_status":"closed","template":"","meta":{"_et_pb_use_builder":"on","_et_pb_old_content":"<h1>Automatiske email marketing flows i serier<\/h1>\r\n<h3>Du finder normalt kun disse funktioner i langt dyrere l\u00f8sninger. MailPlatform.dk har udviklet automatiske flows i serier, dvs. at de automatiske flows reagerer p\u00e5 tidligere automatiske flows.<\/h3>\r\nVi har udviklet en ny type af automatiske flows, der er i familie med autorespondere og triggers. Med de nye flows i serier kan du skabe automatiske flows p\u00e5 baggrund af andre automatiske udsendelser.\r\n\r\n<a href=\"https:\/\/mailplatform.dk\/wp-content\/uploads\/2012\/10\/mailplatform_dk-automatiskeflows.png\"><img class=\"alignnone size-full wp-image-950\" title=\"mailplatform_dk-automatiskeflows\" src=\"https:\/\/mailplatform.dk\/wp-content\/uploads\/2012\/10\/mailplatform_dk-automatiskeflows.png\" alt=\"\" width=\"381\" height=\"204\" \/><\/a>\r\n\r\nForestil et scenarie hvor din kunde v\u00e6lger interesser i en opdater profil funktion. Opdater profil funktionen er en standard funktion i MailPlatform.dk, der kan tilf\u00f8jes til alle mails og automatiske mails. Kunden v\u00e6lger f.eks. \"Bagning\" som interesse.\r\n\r\nMed automatiske flows i serier vil MailPlatform.dk lytte p\u00e5 nye profiler med \"Bagning\" som interesse (interesse feltet er blot et eksempel, du kan tilf\u00f8je ubegr\u00e6nsede Custom Fields og lade disse indg\u00e5 i dine flows). N\u00e5r den specifikke kunde v\u00e6lger \"Bagning\" vil en forberedt mail blive sendt.\r\n\r\n\u00c5bner kunden mailen kan dette udl\u00f8se en ny mail - \u00e5bner kunden ikke mailen kan der igen udsendes en anden mail. Eller personen kan tilf\u00f8jes til et helt andet flow. Flowet kan ogs\u00e5 kombineres med andre flows, segmenter eller flette felter og dynamisk indhold.\r\n\r\nKontakt os for sparring og hj\u00e6lp til, hvordan vi sammen kan lave automatiske flows i serier, der vil \u00f8ge oms\u00e6tningen i din forretning.\r\n<h4>Pr\u00f8v MailPlatform gratis i 30 dage<\/h4>\r\n[optin_box style=\"8\" alignment=\"left\" action=\"https:\/\/www.mailmailmail.net\/form.php?form=65\" method=\"post\" email_field=\"email\" email_default=\"Din arbejds e-mail\" integration_type=\"custom\" double_optin=\"Y\" name_field=\"CustomFields%5B2%5D\" name_default=\"Dit navn\" extra_field_1_name=\"CustomFields%5B110%5D\" extra_field_1_title=\"Firmanavn\" extra_field_2_name=\"CustomFields%5B5%5D\" extra_field_2_title=\"Telefon\"][optin_box_hidden][\/optin_box_hidden][optin_box_code]\r\n\r\n[\/optin_box_code][optin_box_field name=\"headline\"][\/optin_box_field][optin_box_field name=\"paragraph\"][\/optin_box_field][optin_box_field name=\"privacy\"]Vi passer godt p\u00e5 dine oplysninger og deler dem ikke med andre.\r\nVi optager kun seri\u00f8se virksomheder, der ikke spammer, som kunder.[\/optin_box_field][optin_box_field name=\"top_color\"]undefined[\/optin_box_field][optin_box_button type=\"0\" button_below=\"Y\"]Pr\u00f8v MailPlatform gratis[\/optin_box_button] [\/optin_box]","_et_gb_content_width":"","footnotes":""},"categories":[],"tags":[],"yst_prominent_words":[8959,1258,607,1260,1253,4875,4907,1255,366,4882,1262,1254,1263,1257,2742,4871,1256,1050,1259,1261],"_links":{"self":[{"href":"https:\/\/marketingplatform.com\/da\/wp-json\/wp\/v2\/pages\/5613"}],"collection":[{"href":"https:\/\/marketingplatform.com\/da\/wp-json\/wp\/v2\/pages"}],"about":[{"href":"https:\/\/marketingplatform.com\/da\/wp-json\/wp\/v2\/types\/page"}],"author":[{"embeddable":true,"href":"https:\/\/marketingplatform.com\/da\/wp-json\/wp\/v2\/users\/50"}],"replies":[{"embeddable":true,"href":"https:\/\/marketingplatform.com\/da\/wp-json\/wp\/v2\/comments?post=5613"}],"version-history":[{"count":0,"href":"https:\/\/marketingplatform.com\/da\/wp-json\/wp\/v2\/pages\/5613\/revisions"}],"up":[{"embeddable":true,"href":"https:\/\/marketingplatform.com\/da\/wp-json\/wp\/v2\/pages\/410"}],"wp:attachment":[{"href":"https:\/\/marketingplatform.com\/da\/wp-json\/wp\/v2\/media?parent=5613"}],"wp:term":[{"taxonomy":"category","embeddable":true,"href":"https:\/\/marketingplatform.com\/da\/wp-json\/wp\/v2\/categories?post=5613"},{"taxonomy":"post_tag","embeddable":true,"href":"https:\/\/marketingplatform.com\/da\/wp-json\/wp\/v2\/tags?post=5613"},{"taxonomy":"yst_prominent_words","embeddable":true,"href":"https:\/\/marketingplatform.com\/da\/wp-json\/wp\/v2\/yst_prominent_words?post=5613"}],"curies":[{"name":"wp","href":"https:\/\/api.w.org\/{rel}","templated":true}]}}