{"id":5581,"date":"2017-04-12T07:32:04","date_gmt":"2017-04-12T05:32:04","guid":{"rendered":"https:\/\/marketingplatform.com\/?page_id=5581\/"},"modified":"2017-06-22T11:12:25","modified_gmt":"2017-06-22T09:12:25","slug":"ledelsesberetning-2015-regnskab","status":"publish","type":"page","link":"https:\/\/marketingplatform.com\/da\/ledelsesberetning-2015-regnskab\/","title":{"rendered":"Ledelsesberetning 2015 regnskab"},"content":{"rendered":"<p>[et_pb_section admin_label=&#8221;section&#8221; background_image=&#8221;https:\/\/marketingplatform.com\/wp-content\/uploads\/2017\/04\/top-backcolor.png&#8221; transparent_background=&#8221;off&#8221; allow_player_pause=&#8221;off&#8221; inner_shadow=&#8221;off&#8221; parallax=&#8221;off&#8221; parallax_method=&#8221;off&#8221; custom_padding=&#8221;0px||0px|&#8221; make_fullwidth=&#8221;off&#8221; use_custom_width=&#8221;off&#8221; width_unit=&#8221;on&#8221; make_equal=&#8221;off&#8221; use_custom_gutter=&#8221;off&#8221;][et_pb_row admin_label=&#8221;row&#8221;][et_pb_column type=&#8221;4_4&#8243;][et_pb_text admin_label=&#8221;Text&#8221; background_layout=&#8221;light&#8221; text_orientation=&#8221;center&#8221; header_font=&#8221;opan-sans||||&#8221; header_text_color=&#8221;#ffffff&#8221; text_font=&#8221;opan-sans||||&#8221; text_font_size=&#8221;16&#8243; text_text_color=&#8221;#ffffff&#8221; use_border_color=&#8221;off&#8221; border_color=&#8221;#ffffff&#8221; border_style=&#8221;solid&#8221;]<\/p>\n<h1>Ledelsesberetning 2015 regnskab<\/h1>\n<p>[\/et_pb_text][\/et_pb_column][\/et_pb_row][\/et_pb_section][et_pb_section admin_label=&#8221;Sektion&#8221; fullwidth=&#8221;off&#8221; specialty=&#8221;off&#8221;][et_pb_row admin_label=&#8221;R\u00e6kke&#8221;][et_pb_column type=&#8221;3_4&#8243;][et_pb_text admin_label=&#8221;Tekst&#8221; background_layout=&#8221;light&#8221; text_orientation=&#8221;left&#8221; use_border_color=&#8221;off&#8221; border_color=&#8221;#ffffff&#8221; border_style=&#8221;solid&#8221;]<\/p>\n<h4>Introduktion til ledelsesberetningen 2015<\/h4>\n<p>Vi har brugt 4,5 \u00e5r p\u00e5 opvarmning, p\u00e5 at udvikle den ultimative kommunikationsl\u00f8sning, p\u00e5 at drage erfaringer og opbygge grundlaget for en l\u00f8nsom forretning. Vi har udviklet titusindvis af timer, uden at hente ekstern kapital eller g\u00e6lds\u00e6tte vores virksomhed.<\/p>\n<p>Nu er vi klar til at h\u00f8ste frugterne, nu er vi klar til at g\u00e5 i kamp, til at tr\u00e6de i karakter og rulle vores brand strategi og forretningsmodel ud.<\/p>\n<p>Jeg er stolt over vores team. Stolt over de dygtige udviklere, der utr\u00e6tteligt har arbejdet ud fra scrum modellen, og byggesten efter byggesten har formet og skabt en l\u00f8sning fra erfaringer, men alligevel startet helt forfra med et blankt stykke papir.<\/p>\n<p>[\/et_pb_text][\/et_pb_column][et_pb_column type=&#8221;1_4&#8243;][et_pb_image admin_label=&#8221;Billede&#8221; src=&#8221;https:\/\/marketingplatform.com\/wp-content\/uploads\/2017\/04\/kim_ansigt-300&#215;266-1.jpg&#8221; alt=&#8221;Kim MarketingPlatform&#8221; show_in_lightbox=&#8221;off&#8221; url_new_window=&#8221;off&#8221; use_overlay=&#8221;off&#8221; animation=&#8221;left&#8221; sticky=&#8221;off&#8221; align=&#8221;left&#8221; force_fullwidth=&#8221;off&#8221; always_center_on_mobile=&#8221;on&#8221; use_border_color=&#8221;off&#8221; border_color=&#8221;#ffffff&#8221; border_style=&#8221;solid&#8221; module_class=&#8221;image-border&#8221;]<\/p>\n<p>[\/et_pb_image][\/et_pb_column][\/et_pb_row][et_pb_row admin_label=&#8221;R\u00e6kke&#8221;][et_pb_column type=&#8221;4_4&#8243;][et_pb_text admin_label=&#8221;Tekst&#8221; background_layout=&#8221;light&#8221; text_orientation=&#8221;left&#8221; use_border_color=&#8221;off&#8221; border_color=&#8221;#ffffff&#8221; border_style=&#8221;solid&#8221;]<\/p>\n<p>Vi har netop aflagt vores fjerde regnskab. Jeg har udtrykt mig i ledelsesberetningen, den vil jeg gerne dele med dig her.<\/p>\n<p>God forn\u00f8jelse, og\u00a0<a href=\"https:\/\/mailplatform.dk\/mailplatform-gratis-proveadgang\/\" target=\"_blank\" rel=\"nofollow noopener noreferrer\">velkommen som kunde hos MarketingPlatform<\/a><\/p>\n<p>Kim \u00d8stergaard, juni 2016, <a href=\"mailto:kim@marketingplatform.com\">kim@marketingplatform.com<\/a>, direkte 42 555 555<\/p>\n<p>[\/et_pb_text][\/et_pb_column][\/et_pb_row][et_pb_row admin_label=&#8221;R\u00e6kke&#8221;][et_pb_column type=&#8221;4_4&#8243;][et_pb_divider admin_label=&#8221;Skillelinje&#8221; color=&#8221;#e8e8e8&#8243; show_divider=&#8221;on&#8221; divider_style=&#8221;solid&#8221; divider_position=&#8221;top&#8221; hide_on_mobile=&#8221;on&#8221; \/][\/et_pb_column][\/et_pb_row][et_pb_row admin_label=&#8221;R\u00e6kke&#8221;][et_pb_column type=&#8221;3_4&#8243;][et_pb_text admin_label=&#8221;Tekst&#8221; background_layout=&#8221;light&#8221; text_orientation=&#8221;left&#8221; use_border_color=&#8221;off&#8221; border_color=&#8221;#ffffff&#8221; border_style=&#8221;solid&#8221;]<\/p>\n<h4 class=\"p1\">Selskabets v\u00e6sentligste aktiviteter<\/h4>\n<p class=\"p3\"><span class=\"s1\">Selskabets form\u00e5l er at drive virksomhed indenfor e-mail marketing og SMS marketing. Virksomheden s\u00e6lger licenser til MarketingPlatform l\u00f8sningen til danske- og udenlandske virksomheder.<\/span><\/p>\n<p class=\"p3\"><span class=\"s1\">Blandt kunderne, der anvender MarketingPlatform til at forbedre deres kommunikation, er Applus, Bauhaus, Billetlugen, BoConcept, CBS,<span class=\"Apple-converted-space\">\u00a0\u00a0<\/span>Danske Regioner, EGMONT, TNS Gallup, Handelsbanken, Jensens B\u00f8fhus, Kop &amp; Kande, LEGO, Leo Pharma, Lions, Merck, Mr., Sampension og Turkish Airlines<\/span><\/p>\n<p>[\/et_pb_text][\/et_pb_column][et_pb_column type=&#8221;1_4&#8243;][et_pb_image admin_label=&#8221;Billede&#8221; src=&#8221;https:\/\/marketingplatform.com\/wp-content\/uploads\/2017\/04\/egenkapital-2015-mp-300&#215;153-1.png&#8221; alt=&#8221;MarketingPlatform egenkapital 2015&#8243; show_in_lightbox=&#8221;off&#8221; url_new_window=&#8221;off&#8221; use_overlay=&#8221;off&#8221; animation=&#8221;left&#8221; sticky=&#8221;off&#8221; align=&#8221;left&#8221; force_fullwidth=&#8221;off&#8221; always_center_on_mobile=&#8221;on&#8221; use_border_color=&#8221;off&#8221; border_color=&#8221;#ffffff&#8221; border_style=&#8221;solid&#8221; module_class=&#8221;image-border&#8221;]<\/p>\n<p>[\/et_pb_image][\/et_pb_column][\/et_pb_row][et_pb_row admin_label=&#8221;R\u00e6kke&#8221;][et_pb_column type=&#8221;4_4&#8243;][et_pb_text admin_label=&#8221;Tekst&#8221; background_layout=&#8221;light&#8221; text_orientation=&#8221;left&#8221; use_border_color=&#8221;off&#8221; border_color=&#8221;#ffffff&#8221; border_style=&#8221;solid&#8221;]<\/p>\n<h4 class=\"p3\"><span class=\"s1\">Udvikling i aktiviteter og \u00f8konomiske forhold<\/span><\/h4>\n<p class=\"p3\"><span class=\"s1\">\u00c5rets bruttofortjeneste udg\u00f8r 3.779 t.kr. mod 2.186 t.kr. sidste \u00e5r. Det ordin\u00e6re resultat efter skat<\/span><\/p>\n<p class=\"p3\"><span class=\"s1\">udg\u00f8r 840 t.kr. mod 624 t.kr. sidste \u00e5r. Ledelsen anser \u00e5rets resultat for tilfredsstillende.<\/span><\/p>\n<p class=\"p3\"><span class=\"s1\">Der er aktiveret sammenlagt 2.559 t.kr. vedr\u00f8rende afholdte omkostninger for udvikling af produktet, hvilket vurderes som en yderst konservativ v\u00e6rdis\u00e6ttelse.<\/span><\/p>\n<p class=\"p3\"><span class=\"s1\">Selskabet har gennem hele 2015 og 2016 arbejdet p\u00e5 n\u00e6ste generation af MarketingPlatform l\u00f8sningen. Der samlet set udviklet mere end 45.000 mandetimer p\u00e5 l\u00f8sningen, heraf alene 30.000 timer i 2015. Udviklingen foreg\u00e5r ved anvendelse af scrum metoden, der kontinuerligt udvider og udbygger standardl\u00f8sningen mod at blive markedsledende p\u00e5 verdensplan.<\/span><\/p>\n<p>&nbsp;<\/p>\n<h4 class=\"p3\"><span class=\"s1\">Social\u00f8konomisk model<\/span><\/h4>\n<p class=\"p3\"><span class=\"s1\">MarketingPlatform tager et social\u00f8konomisk ansvar, og for\u00e6rer hvert \u00e5r MarketingPlatform l\u00f8sningen til NGO\u2019er og andre non-profit organisationer. Blandt de st\u00f8rre organisationer, der k\u00f8rer p\u00e5 selskabets non-profit initiativ er Dansk Institut mod Tortur, Danmarks Lungeforening, Lions, UNICEF og \u00c6ldresagen<\/span><\/p>\n<p>[\/et_pb_text][\/et_pb_column][\/et_pb_row][et_pb_row admin_label=&#8221;R\u00e6kke&#8221;][et_pb_column type=&#8221;3_4&#8243;][et_pb_text admin_label=&#8221;Tekst&#8221; background_layout=&#8221;light&#8221; text_orientation=&#8221;left&#8221; use_border_color=&#8221;off&#8221; border_color=&#8221;#ffffff&#8221; border_style=&#8221;solid&#8221;]<\/p>\n<h4 class=\"p3\"><span class=\"s1\">Den forventede udvikling<\/span><\/h4>\n<p class=\"p3\"><span class=\"s1\">For 2016 forventes en v\u00e6sentlig for\u00f8gelse af aktiviteterne i forhold til 2015. Selskabets udvikling er\u00a0<\/span><span class=\"s1\">yderst tilfredsstillende, og der investeres l\u00f8bende i produktudvikling af virksomhedens standard licenserede hostede l\u00f8sning.<\/span><\/p>\n<p class=\"p3\"><span class=\"s1\">Selskabet forventer efter lancering af n\u00e6ste generation MarketingPlatform en eksplosiv v\u00e6kst, drevet af innovation og en kraftig geografisk ekspansion gennem aftaler med nationale partnere.<\/span><\/p>\n<p>[\/et_pb_text][\/et_pb_column][et_pb_column type=&#8221;1_4&#8243;][et_pb_image admin_label=&#8221;Billede&#8221; src=&#8221;https:\/\/marketingplatform.com\/wp-content\/uploads\/2017\/04\/bruttoresultat-2015-mp-300&#215;150-1.png&#8221; alt=&#8221;bruttoresultat 2015 MarketingPlatform&#8221; show_in_lightbox=&#8221;off&#8221; url_new_window=&#8221;off&#8221; use_overlay=&#8221;off&#8221; animation=&#8221;left&#8221; sticky=&#8221;off&#8221; align=&#8221;left&#8221; force_fullwidth=&#8221;off&#8221; always_center_on_mobile=&#8221;on&#8221; use_border_color=&#8221;off&#8221; border_color=&#8221;#ffffff&#8221; border_style=&#8221;solid&#8221; module_class=&#8221;image-border&#8221;]<\/p>\n<p>[\/et_pb_image][\/et_pb_column][\/et_pb_row][et_pb_row admin_label=&#8221;R\u00e6kke&#8221;][et_pb_column type=&#8221;4_4&#8243;][et_pb_text admin_label=&#8221;Tekst&#8221; background_layout=&#8221;light&#8221; text_orientation=&#8221;left&#8221; use_border_color=&#8221;off&#8221; border_color=&#8221;#ffffff&#8221; border_style=&#8221;solid&#8221;]<\/p>\n<h4 class=\"p3\"><span class=\"s1\">Begivenheder efter regnskabs\u00e5rets udl\u00f8b<\/span><\/h4>\n<p class=\"p3\"><span class=\"s1\">Efter regnskabs\u00e5rets afslutning er der ikke indtruffet begivenheder, som vil kunne forrykke selskabets finansielle stilling v\u00e6sentligt.<\/span><\/p>\n<p>[\/et_pb_text][\/et_pb_column][\/et_pb_row][\/et_pb_section]<\/p>\n","protected":false},"excerpt":{"rendered":"<p>Ledelsesberetning 2015 regnskab Introduktion til ledelsesberetningen 2015 Vi har brugt 4,5 \u00e5r p\u00e5 opvarmning, p\u00e5 at udvikle den ultimative kommunikationsl\u00f8sning, p\u00e5 at drage erfaringer og opbygge grundlaget for en l\u00f8nsom forretning. Vi har udviklet titusindvis af timer, uden at hente ekstern kapital eller g\u00e6lds\u00e6tte vores virksomhed. Nu er vi klar til at h\u00f8ste frugterne, nu [&hellip;]<\/p>\n","protected":false},"author":50,"featured_media":0,"parent":0,"menu_order":0,"comment_status":"closed","ping_status":"closed","template":"","meta":{"_et_pb_use_builder":"on","_et_pb_old_content":"\u00a0\r\n<h3>Introduktion til ledelsesberetningen 2015<\/h3>\r\nVi har brugt 4,5 \u00e5r p\u00e5 opvarmning, p\u00e5 at udvikle den ultimative kommunikationsl\u00f8sning, p\u00e5 at drage erfaringer og opbygge grundlaget for en l\u00f8nsom forretning. Vi har udviklet titusindvis af timer, uden at hente ekstern kapital eller g\u00e6lds\u00e6tte vores virksomhed.<a href=\"https:\/\/mpdk.wpengine.netdna-cdn.com\/wp-content\/uploads\/2015\/03\/kim_ansigt.jpg\"><img class=\"alignright size-medium wp-image-2227\" src=\"https:\/\/marketingplatform.com\/wp-content\/uploads\/2017\/04\/kim_ansigt-300x266.jpg\" alt=\"kim_ansigt\" width=\"300\" height=\"266\" \/><\/a>\r\n\r\nNu er vi klar til at h\u00f8ste frugterne, nu er vi klar til at g\u00e5 i kamp, til at tr\u00e6de i karakter og rulle vores brand strategi og forretningsmodel ud.\r\n\r\nJeg er stolt over vores team. Stolt over de dygtige udviklere, der utr\u00e6tteligt har arbejdet ud fra scrum modellen, og byggesten efter byggesten har formet og skabt en l\u00f8sning fra erfaringer, men alligevel startet helt forfra med et blankt stykke papir.\r\n\r\nJeg er ogs\u00e5 stolt over vores st\u00e6rke onboarding og support hold, der g\u00f8r en forskel hver dag, for vore mange danske og nordiske kunder. S\u00e6rlig stolt er jeg over vores social\u00f8konomiske model, den kan du l\u00e6se mere om herunder.\r\n\r\nVi har netop aflagt vores fjerde regnskab. Jeg har udtrykt mig i ledelsesberetningen, den vil jeg gerne dele med dig her.\r\n\r\nGod forn\u00f8jelse, og <a href=\"https:\/\/mailplatform.dk\/mailplatform-gratis-proveadgang\/\" target=\"_blank\" rel=\"nofollow\">velkommen som kunde hos MailPlatform<\/a>\r\n\r\nKim \u00d8stergaard, juni 2016, kim@mailplatform.dk, direkte 42 555 555\r\n\r\n<hr \/>\r\n\r\n\u00a0\r\n<h3 class=\"p1\"><b>Selskabets v\u00e6sentligste aktiviteter<\/b><\/h3>\r\n<p class=\"p3\"><span class=\"s1\">Selskabets form\u00e5l er at drive virksomhed indenfor e-mail marketing og SMS marketing. Virksomheden s\u00e6lger licenser til MailPlatform l\u00f8sningen til danske- og udenlandske virksomheder.<\/span><\/p>\r\n<p class=\"p3\"><span class=\"s1\"><a href=\"https:\/\/mpdk.wpengine.netdna-cdn.com\/wp-content\/uploads\/2016\/06\/egenkapital-2015-mp.png\"><img class=\"alignright size-medium wp-image-2583\" src=\"https:\/\/marketingplatform.com\/wp-content\/uploads\/2017\/04\/egenkapital-2015-mp-300x153.png\" alt=\"egenkapital-2015-mp\" width=\"300\" height=\"153\" \/><\/a><\/span><span class=\"s1\">Blandt kunderne, der anvender MailPlatform til at forbedre deres kommunikation, er Applus, Bauhaus, Billetlugen, BoConcept, CBS,<span class=\"Apple-converted-space\">\u00a0 <\/span>Danske Regioner, EGMONT, TNS Gallup, Handelsbanken, Jensens B\u00f8fhus, Kop & Kande, LEGO, Leo Pharma, Lions, Merck, Mr., Sampension og Turkish Airlines.<\/span><\/p>\r\n\r\n<h3 class=\"p3\"><span class=\"s1\"><b>Udvikling i aktiviteter og \u00f8konomiske forhold<\/b><\/span><\/h3>\r\n<p class=\"p3\"><span class=\"s1\">\u00c5rets bruttofortjeneste udg\u00f8r 3.779 t.kr. mod 2.186 t.kr. sidste \u00e5r. Det ordin\u00e6re resultat efter skat<\/span><\/p>\r\n<p class=\"p3\"><span class=\"s1\">udg\u00f8r 840 t.kr. mod 624 t.kr. sidste \u00e5r. Ledelsen anser \u00e5rets resultat for tilfredsstillende.<\/span><\/p>\r\n<p class=\"p3\"><span class=\"s1\">Der er aktiveret sammenlagt 2.559 t.kr. vedr\u00f8rende afholdte omkostninger for udvikling af produktet, hvilket vurderes som en yderst konservativ v\u00e6rdis\u00e6ttelse.<\/span><\/p>\r\n<p class=\"p3\"><span class=\"s1\">Selskabet har gennem hele 2015 og 2016 arbejdet p\u00e5 n\u00e6ste generation af MailPlatform l\u00f8sningen. Der samlet set udviklet mere end 45.000 mandetimer p\u00e5 l\u00f8sningen, heraf alene 30.000 timer i 2015. Udviklingen foreg\u00e5r ved anvendelse af scrum metoden, der kontinuerligt udvider og udbygger standardl\u00f8sningen mod at blive markedsledende p\u00e5 verdensplan.<\/span><\/p>\r\n\r\n<h3 class=\"p3\"><span class=\"s1\"><b>Social\u00f8konomisk model<\/b><\/span><\/h3>\r\n<p class=\"p3\"><span class=\"s1\">MailPlatform tager et social\u00f8konomisk ansvar, og for\u00e6rer hvert \u00e5r MailPlatform l\u00f8sningen til NGO\u2019er og andre non-profit organisationer. Blandt de st\u00f8rre organisationer, der k\u00f8rer p\u00e5 selskabets non-profit initiativ er Dansk Institut mod Tortur, Danmarks Lungeforening, Lions, UNICEF og \u00c6ldresagen<img class=\"alignright size-medium wp-image-2584\" src=\"https:\/\/marketingplatform.com\/wp-content\/uploads\/2017\/04\/bruttoresultat-2015-mp-300x150.png\" alt=\"bruttoresultat-2015-mp\" width=\"300\" height=\"150\" \/><\/span><\/p>\r\n\r\n<h3 class=\"p3\"><span class=\"s1\"><b>Den forventede udvikling<\/b><\/span><\/h3>\r\n<p class=\"p3\"><span class=\"s1\">For 2016 forventes en v\u00e6sentlig for\u00f8gelse af aktiviteterne i forhold til 2015. Selskabets udvikling er\u00a0<\/span><span class=\"s1\">yderst tilfredsstillende, og der investeres l\u00f8bende i produktudvikling af virksomhedens standard licenserede hostede l\u00f8sning.<\/span><\/p>\r\n<p class=\"p3\"><span class=\"s1\">Selskabet forventer efter lancering af n\u00e6ste generation MailPlatform en eksplosiv v\u00e6kst, drevet af innovation og en kraftig geografisk ekspansion gennem aftaler med nationale partnere.<\/span><\/p>\r\n\r\n<h3 class=\"p3\"><span class=\"s1\"><b>Begivenheder efter regnskabs\u00e5rets udl\u00f8b<\/b><\/span><\/h3>\r\n<p class=\"p3\"><span class=\"s1\">Efter regnskabs\u00e5rets afslutning er der ikke indtruffet begivenheder, som vil kunne forrykke selskabets finansielle stilling v\u00e6sentligt.<\/span><\/p>","_et_gb_content_width":"","footnotes":""},"categories":[],"tags":[],"yst_prominent_words":[2479,180,2472,2468,2481,2470,2466,2268,2476,2477,3579,2471,2465,2464,3578,2475,2467,238,2480,2469],"_links":{"self":[{"href":"https:\/\/marketingplatform.com\/da\/wp-json\/wp\/v2\/pages\/5581"}],"collection":[{"href":"https:\/\/marketingplatform.com\/da\/wp-json\/wp\/v2\/pages"}],"about":[{"href":"https:\/\/marketingplatform.com\/da\/wp-json\/wp\/v2\/types\/page"}],"author":[{"embeddable":true,"href":"https:\/\/marketingplatform.com\/da\/wp-json\/wp\/v2\/users\/50"}],"replies":[{"embeddable":true,"href":"https:\/\/marketingplatform.com\/da\/wp-json\/wp\/v2\/comments?post=5581"}],"version-history":[{"count":0,"href":"https:\/\/marketingplatform.com\/da\/wp-json\/wp\/v2\/pages\/5581\/revisions"}],"wp:attachment":[{"href":"https:\/\/marketingplatform.com\/da\/wp-json\/wp\/v2\/media?parent=5581"}],"wp:term":[{"taxonomy":"category","embeddable":true,"href":"https:\/\/marketingplatform.com\/da\/wp-json\/wp\/v2\/categories?post=5581"},{"taxonomy":"post_tag","embeddable":true,"href":"https:\/\/marketingplatform.com\/da\/wp-json\/wp\/v2\/tags?post=5581"},{"taxonomy":"yst_prominent_words","embeddable":true,"href":"https:\/\/marketingplatform.com\/da\/wp-json\/wp\/v2\/yst_prominent_words?post=5581"}],"curies":[{"name":"wp","href":"https:\/\/api.w.org\/{rel}","templated":true}]}}