{"id":5554,"date":"2017-04-11T16:23:08","date_gmt":"2017-04-11T14:23:08","guid":{"rendered":"https:\/\/marketingplatform.com\/?page_id=5554\/"},"modified":"2021-02-23T09:22:03","modified_gmt":"2021-02-23T08:22:03","slug":"astro-dk-dagligt-nyhedsbrev","status":"publish","type":"page","link":"https:\/\/marketingplatform.com\/da\/referencer\/astro-dk-dagligt-nyhedsbrev\/","title":{"rendered":"Astro.dk &#8211; dagligt nyhedsbrev"},"content":{"rendered":"<p>[et_pb_section fb_built=&#8221;1&#8243; admin_label=&#8221;section&#8221; _builder_version=&#8221;3.22&#8243; transparent_background=&#8221;off&#8221;][et_pb_row admin_label=&#8221;row&#8221; _builder_version=&#8221;3.25&#8243; background_size=&#8221;initial&#8221; background_position=&#8221;top_left&#8221; background_repeat=&#8221;repeat&#8221; custom_padding=&#8221;27px|0px|12px|0px&#8221;][et_pb_column type=&#8221;4_4&#8243; _builder_version=&#8221;3.25&#8243; custom_padding=&#8221;|||&#8221; custom_padding__hover=&#8221;|||&#8221;][et_pb_text admin_label=&#8221;Text&#8221; _builder_version=&#8221;3.27.4&#8243; background_size=&#8221;initial&#8221; background_position=&#8221;top_left&#8221; background_repeat=&#8221;repeat&#8221; use_border_color=&#8221;off&#8221; border_color=&#8221;#ffffff&#8221; border_style=&#8221;solid&#8221;]<\/p>\n<h1>Astro A\/S \u2013 dagligt nyhedsbrev<\/h1>\n<h4\">Opstartsr\u00e5dgivning, hj\u00e6lp til vask af data og import, sparring og integration<\/h4>\n<p>Hvor morgen modtager flere hundredetusinde danskere deres personlige horoskop fra Astro.dk. Astro.dk har I mere end 10 \u00e5r leveret daglige horoskoper og individuelle horoskoper til Danmark og resten af Norden.<\/p>\n<p>Astro.dk er Danmarks st\u00f8rste udbyder af personlige horoskoper og astrologi-services. Virksomheden har eksisteret i mere end 10 \u00e5r, og alle \u00e5rene er det Morten Dam, der har ejet og ledet virksomheden.<br \/>\n[\/et_pb_text][\/et_pb_column][\/et_pb_row][et_pb_row column_structure=&#8221;1_2,1_2&#8243; admin_label=&#8221;row&#8221; _builder_version=&#8221;3.25&#8243; background_size=&#8221;initial&#8221; background_position=&#8221;top_left&#8221; background_repeat=&#8221;repeat&#8221; custom_padding=&#8221;0px|0px|27px|0px&#8221;][et_pb_column type=&#8221;1_2&#8243; _builder_version=&#8221;3.25&#8243; custom_padding=&#8221;|||&#8221; custom_padding__hover=&#8221;|||&#8221;][et_pb_image src=&#8221;https:\/\/marketingplatform.com\/wp-content\/uploads\/2017\/04\/astro-reference-mailplatform1.png&#8221; alt=&#8221;astro-reference-mailplatform1&#8243; url=&#8221;https:\/\/marketingplatform.com\/wp-content\/uploads\/2017\/04\/astro-reference-mailplatform1.png&#8221; url_new_window=&#8221;on&#8221; align_tablet=&#8221;center&#8221; align_phone=&#8221;&#8221; align_last_edited=&#8221;on|desktop&#8221; admin_label=&#8221;Image&#8221; module_class=&#8221;image-border&#8221; _builder_version=&#8221;3.23&#8243; animation_style=&#8221;slide&#8221; animation_direction=&#8221;left&#8221; animation_duration=&#8221;500ms&#8221; animation_intensity_slide=&#8221;10%&#8221; use_border_color=&#8221;off&#8221; border_color=&#8221;#ffffff&#8221; border_width=&#8221;1px&#8221; border_style=&#8221;solid&#8221; sticky=&#8221;off&#8221;][\/et_pb_image][\/et_pb_column][et_pb_column type=&#8221;1_2&#8243; _builder_version=&#8221;3.25&#8243; custom_padding=&#8221;|||&#8221; custom_padding__hover=&#8221;|||&#8221;][et_pb_text admin_label=&#8221;Text&#8221; _builder_version=&#8221;4.0.2&#8243; background_size=&#8221;initial&#8221; background_position=&#8221;top_left&#8221; background_repeat=&#8221;repeat&#8221; use_border_color=&#8221;off&#8221; border_style=&#8221;solid&#8221;]<\/p>\n<p>Morten havde l\u00e6nge udsendt fra et internt system, men m\u00e5tte sande at det rummer store udfordringer at drive sit eget system til udsendelse af nyhedsbreve.<\/p>\n<p>&#8220;Vi oplevede at vores mails ikke n\u00e5ede frem&#8221;, fort\u00e6ller Morten. Hvilket er en helt klassisk problemstilling, som ofte skyldes at de interne systemer ikke lytter p\u00e5 responsen fra de mailservere, der modtager mails p\u00e5 vegne af modtagerne.<\/p>\n<p>Motoren bag MarketingPlatform lytter aktivt til den respons som f.eks. Hotmail sender, hvis en mailadresse ikke findes, ikke har v\u00e6ret i brug over en l\u00e6ngere periode, ikke har plads til flere mails &#8211; og 45 andre forskellige former for &#8220;bounces&#8221;.<\/p>\n<p>&#8220;Udover hj\u00e6lpen til de systemm\u00e6ssige udfordringer, blev jeg meget positivt overrasket over den sparring og r\u00e5dgivning som folkene hos MarketingPlatform ydede os&#8221;, forts\u00e6tter Morten Dam fra Astro.dk.<\/p>\n<p>Den anden halvdel af en god leveringsevne er den rigtige r\u00e5dgivning. Den rigtige r\u00e5dgivning, g\u00e5r oftest imod vores \u00f8konomiske interesser p\u00e5 kort sigt, men det kalder vi en investering i et langt og godt kundeforhold. Ved at hj\u00e6lpe kunderne godt i gang med vask af deres mailinglister og opdeling i segmenter &#8211; oplever langt de fleste kunder kraftigt forbedrede resultater, konkluderer Kim \u00d8stergaard der har grundlagt MarketingPlatform.<\/p>\n<p>Kontakt os p\u00e5 tlf. 72 44 44 44, hvis du ligesom Astro.dk A\/S, <a title=\"Ans\u00f8g om 14 dage gratis\" href=\"https:\/\/marketingplatform.com\/da\/sign-up-danish\/\">vil v\u00e6re kunde hos MarketingPlatform<\/a>.<\/p>\n<p>Vil du gerne tale med vores grundl\u00e6gger og adm. direkt\u00f8r Kim \u00d8stergaard, kan du ringe direkte p\u00e5 mobil 42 555 555 eller skrive p\u00e5 <a href=\"mailto:kim@marketingplatform.com\">kim@marketingplatform.com<\/a><\/p>\n<p>[\/et_pb_text][\/et_pb_column][\/et_pb_row][\/et_pb_section][et_pb_section fb_built=&#8221;1&#8243; custom_padding_last_edited=&#8221;on|phone&#8221; module_class=&#8221;ressourcer-signup&#8221; _builder_version=&#8221;4.5.3&#8243; background_color=&#8221;#dee7f1&#8243; custom_padding=&#8221;7%||4%||false|false&#8221; custom_padding_tablet=&#8221;12%||||false|false&#8221; custom_padding_phone=&#8221;17%||||false|false&#8221; top_divider_style=&#8221;asymmetric2&#8243; top_divider_color=&#8221;#ffffff&#8221; top_divider_height=&#8221;60px&#8221; global_module=&#8221;19033&#8243;][et_pb_row _builder_version=&#8221;3.25&#8243; background_size=&#8221;initial&#8221; background_position=&#8221;top_left&#8221; background_repeat=&#8221;repeat&#8221; custom_margin=&#8221;||10px&#8221; custom_padding=&#8221;||10px&#8221;][et_pb_column type=&#8221;4_4&#8243; _builder_version=&#8221;3.25&#8243; custom_padding=&#8221;|||&#8221; custom_padding__hover=&#8221;|||&#8221;][et_pb_text _builder_version=&#8221;4.5.3&#8243; text_orientation=&#8221;center&#8221;]<\/p>\n<h2 style=\"font-style: normal;\">Pr\u00f8v MarketingPlatform gratis i 14 dage<\/h2>\n<p style=\"font-style: normal;\">Pr\u00f8veperioden er gratis, helt uforpligtende og udl\u00f8ber efter 14 dage, hvis du ikke \u00f8nsker at forts\u00e6tte.<br \/> Ved tilmelding modtager du samtidig vores uddannelsesflow p\u00e5 en serie af mails \u2013 og vores nyhedsbrev.<\/p>\n<p>[\/et_pb_text][\/et_pb_column][\/et_pb_row][et_pb_row _builder_version=&#8221;4.4.0&#8243;][et_pb_column type=&#8221;4_4&#8243; _builder_version=&#8221;4.0.2&#8243;][et_pb_code _builder_version=&#8221;4.5.3&#8243; max_width=&#8221;50%&#8221; max_width_tablet=&#8221;100%&#8221; max_width_phone=&#8221;&#8221; max_width_last_edited=&#8221;on|phone&#8221; module_alignment=&#8221;center&#8221;]<a href=\"https:\/\/marketingplatform.com\/da\/book-emailplatform-demo\/\"><\/p>\n<div class=\"bookdemobtn\">Book demo<\/div>\n<p><\/a><!-- [et_pb_line_break_holder] --><a href=\"https:\/\/marketingplatform.com\/da\/gratis-proeveversion\/\"><\/p>\n<div class=\"signupbtn\" style=\"background: #fd9a1b;\">Pr\u00f8v os gratis<\/div>\n<p><\/a><!-- [et_pb_line_break_holder] --><\/p>\n<div class=\"clearfix\"><\/div>\n<p>[\/et_pb_code][\/et_pb_column][\/et_pb_row][et_pb_row _builder_version=&#8221;4.0.2&#8243; max_width=&#8221;768px&#8221; custom_margin=&#8221;15px||0px||false|false&#8221; custom_padding=&#8221;0px||0px&#8221; use_custom_width=&#8221;on&#8221; custom_width_px=&#8221;768px&#8221;][et_pb_column type=&#8221;4_4&#8243; _builder_version=&#8221;3.25&#8243; custom_padding=&#8221;|||&#8221; custom_padding__hover=&#8221;|||&#8221;][et_pb_code _builder_version=&#8221;4.5.3&#8243;]<\/p>\n<div class=\"awards-align\" ><!-- [et_pb_line_break_holder] --><\/p>\n<div style=\"float:left; width:14%; text-align:right;   margin-right: 2%;\"><!-- [et_pb_line_break_holder] --><img decoding=\"async\" src=\"https:\/\/marketingplatform.com\/wp-content\/uploads\/2020\/01\/primotours.png\" width=\"56\" style=\"margin:10px 20px 20px 0px;\"><!-- [et_pb_line_break_holder] --><\/div>\n<p><!-- [et_pb_line_break_holder] --><\/p>\n<div style=\"float:left; width:20%; text-align:center;    margin-right: 4%;\"><!-- [et_pb_line_break_holder] --><img decoding=\"async\" src=\"https:\/\/marketingplatform.com\/wp-content\/uploads\/2019\/11\/med24-gray.png\" width=\"100\" style=\"margin:20px 0px 20px 10px;\"><!-- [et_pb_line_break_holder] --><\/div>\n<p><!-- [et_pb_line_break_holder] --><\/p>\n<div style=\"float:left; width:8%;    margin-right: 1%;\"><!-- [et_pb_line_break_holder] --><img decoding=\"async\" src=\"https:\/\/marketingplatform.com\/wp-content\/uploads\/2021\/02\/dao-logo.png\" width=\"180\" style=\"margin:20px 20px 20px 0px;\"><!-- [et_pb_line_break_holder] --><\/div>\n<p><!-- [et_pb_line_break_holder] --><\/p>\n<div style=\"float:left; width:20%; text-align:center;     margin-right: 1%;\"><!-- [et_pb_line_break_holder] --><img decoding=\"async\" src=\"https:\/\/marketingplatform.com\/wp-content\/uploads\/2019\/04\/aldi-grey.png\" width=\"50\" style=\"margin:10px 0px 20px 0px;\"><!-- [et_pb_line_break_holder] --><\/div>\n<p><!-- [et_pb_line_break_holder] --><\/p>\n<div style=\"float:left; width:18%;      margin-right: 2%;  text-align: center;\"><!-- [et_pb_line_break_holder] --><img decoding=\"async\" src=\"https:\/\/marketingplatform.com\/wp-content\/uploads\/2019\/02\/verisure-logo.png\" width=\"120\" style=\"margin:18px 0px 20px 0px;\"><!-- [et_pb_line_break_holder] --><\/div>\n<p><!-- [et_pb_line_break_holder] --><\/div>\n<p>[\/et_pb_code][\/et_pb_column][\/et_pb_row][\/et_pb_section]<\/p>\n","protected":false},"excerpt":{"rendered":"<p>Astro A\/S \u2013 dagligt nyhedsbrev<\/p>\n","protected":false},"author":50,"featured_media":0,"parent":432,"menu_order":0,"comment_status":"closed","ping_status":"closed","template":"","meta":{"_et_pb_use_builder":"on","_et_pb_old_content":"<h1>Astro A\/S - dagligt nyhedsbrev<\/h1>\r\n<h3>Opstartsr\u00e5dgivning, hj\u00e6lp til vask af data og import, sparring og integration<\/h3>\r\n\u00a0\r\n\r\nHvor morgen modtager flere hundredetusinde danskere deres personlige horoskop fra Astro.dk. Astro.dk har I mere end 10 \u00e5r leveret daglige horoskoper og individuelle horoskoper til Danmark og resten af Norden.\r\n\r\n<a href=\"https:\/\/mailplatform.dk\/wp-content\/uploads\/2012\/07\/astro-reference-mailplatform1.png\"><img class=\" wp-image-1202 alignnone\" src=\"https:\/\/mailplatform.dk\/wp-content\/uploads\/2012\/07\/astro-reference-mailplatform1-773x1024.png\" alt=\"astro-reference-mailplatform\" width=\"618\" height=\"819\" \/><\/a>\r\n\r\n\u00a0\r\n\r\nAstro.dk er Danmarks st\u00f8rste udbyder af personlige horoskoper og astrologi-services.\r\nVirksomheden har eksisteret i mere end 10 \u00e5r, og alle \u00e5rene er det Morten Dam, der har ejet og ledet virksomheden.\r\n\r\nMorten havde l\u00e6nge udsendt fra et internt system, men m\u00e5tte sande at det rummer store udfordringer at drive sit eget system til udsendelse af nyhedsbreve.\r\n\r\n\"Vi oplevede at vores mails ikke n\u00e5ede frem\", fort\u00e6ller Morten. Hvilket er en helt klassisk problemstilling, som ofte skyldes at de interne systemer ikke lytter p\u00e5 responsen fra de mailservere, der modtager mails p\u00e5 vegne af modtagerne.\r\n\r\nMotoren bag MailPlatform.dk lytter aktivt til den respons som f.eks. Hotmail sender, hvis en mailadresse ikke findes, ikke har v\u00e6ret i brug over en l\u00e6ngere periode, ikke har plads til flere mails - og 45 andre forskellige former for \"bounces\".\r\n\r\n\"Udover hj\u00e6lpen til de systemm\u00e6ssige udfordringer, blev jeg meget positivt overrasket over den sparring og r\u00e5dgivning som folkene hos MailPlatform.dk ydede os\", forts\u00e6tter Morten Dam fra Astro.dk.\r\n\r\nDen anden halvdel af en god leveringsevne er den rigtige r\u00e5dgivning. Den rigtige r\u00e5dgivning, g\u00e5r oftest imod vores \u00f8konomiske interesser p\u00e5 kort sigt, men det kalder vi en investering i et langt og godt kundeforhold. Ved at hj\u00e6lpe kunderne godt i gang med vask af deres mailinglister og opdeling i segmenter - oplever langt de fleste kunder kraftigt forbedrede resultater, konkluderer Kim \u00d8stergaard der har grundlagt MailPlatform.dk.\r\n\r\n<a title=\"Opstartsr\u00e5dgivning\" href=\"https:\/\/mailplatform.dk\/gratis-test-konto\/opstartsradgivning\/\">Alle kunder modtager op til 2 timers gratis r\u00e5dgivning<\/a>.\r\n\r\n\u00a0\r\n\r\nKontakt os p\u00e5 tlf. 72 444 444, hvis du ligesom Astro.dk A\/S, <a title=\"Ans\u00f8g om 1. m\u00e5ned gratis\" href=\"https:\/\/mailplatform.dk\/gratis-test-konto\/ansog-om-1-maned-gratis\/\">vil v\u00e6re kunde hos MailPlatform.dk<\/a>.\r\n\r\nVil du gerne tale med vores grundl\u00e6gger og adm. direkt\u00f8r Kim \u00d8stergaard, kan du ringe direkte p\u00e5 mobil 42 555 555 eller skrive p\u00e5 <a href=\"mailto:kim@mailplatform.dk\">kim@mailplatform.dk<\/a>\r\n<h4>Pr\u00f8v MailPlatform gratis i 30 dage<\/h4>\r\n[optin_box style=\"8\" alignment=\"left\" action=\"https:\/\/www.mailmailmail.net\/form.php?form=65\" method=\"post\" email_field=\"email\" email_default=\"Din arbejds e-mail\" integration_type=\"custom\" double_optin=\"Y\" name_field=\"CustomFields%5B2%5D\" name_default=\"Dit navn\" extra_field_1_name=\"CustomFields%5B110%5D\" extra_field_1_title=\"Firmanavn\" extra_field_2_name=\"CustomFields%5B5%5D\" extra_field_2_title=\"Telefon\"][optin_box_hidden][\/optin_box_hidden][optin_box_code]\r\n\r\n[\/optin_box_code][optin_box_field name=\"headline\"][\/optin_box_field][optin_box_field name=\"paragraph\"][\/optin_box_field][optin_box_field name=\"privacy\"]Vi passer godt p\u00e5 dine oplysninger og deler dem ikke med andre.\r\nVi optager kun seri\u00f8se virksomheder, der ikke spammer, som kunder.[\/optin_box_field][optin_box_field name=\"top_color\"]undefined[\/optin_box_field][optin_box_button type=\"0\" button_below=\"Y\"]Pr\u00f8v MailPlatform gratis[\/optin_box_button] [\/optin_box]","_et_gb_content_width":"","footnotes":""},"categories":[],"tags":[],"yst_prominent_words":[451,477,493,211,473,4878,442,3129,81,446,3130,452,628,87,3131,3128,945,3133,4881,224],"_links":{"self":[{"href":"https:\/\/marketingplatform.com\/da\/wp-json\/wp\/v2\/pages\/5554"}],"collection":[{"href":"https:\/\/marketingplatform.com\/da\/wp-json\/wp\/v2\/pages"}],"about":[{"href":"https:\/\/marketingplatform.com\/da\/wp-json\/wp\/v2\/types\/page"}],"author":[{"embeddable":true,"href":"https:\/\/marketingplatform.com\/da\/wp-json\/wp\/v2\/users\/50"}],"replies":[{"embeddable":true,"href":"https:\/\/marketingplatform.com\/da\/wp-json\/wp\/v2\/comments?post=5554"}],"version-history":[{"count":2,"href":"https:\/\/marketingplatform.com\/da\/wp-json\/wp\/v2\/pages\/5554\/revisions"}],"predecessor-version":[{"id":65535,"href":"https:\/\/marketingplatform.com\/da\/wp-json\/wp\/v2\/pages\/5554\/revisions\/65535"}],"up":[{"embeddable":true,"href":"https:\/\/marketingplatform.com\/da\/wp-json\/wp\/v2\/pages\/432"}],"wp:attachment":[{"href":"https:\/\/marketingplatform.com\/da\/wp-json\/wp\/v2\/media?parent=5554"}],"wp:term":[{"taxonomy":"category","embeddable":true,"href":"https:\/\/marketingplatform.com\/da\/wp-json\/wp\/v2\/categories?post=5554"},{"taxonomy":"post_tag","embeddable":true,"href":"https:\/\/marketingplatform.com\/da\/wp-json\/wp\/v2\/tags?post=5554"},{"taxonomy":"yst_prominent_words","embeddable":true,"href":"https:\/\/marketingplatform.com\/da\/wp-json\/wp\/v2\/yst_prominent_words?post=5554"}],"curies":[{"name":"wp","href":"https:\/\/api.w.org\/{rel}","templated":true}]}}