{"id":54231,"date":"2020-03-16T15:50:13","date_gmt":"2020-03-16T14:50:13","guid":{"rendered":"https:\/\/marketingplatform.com\/?page_id=54231"},"modified":"2021-07-09T13:49:44","modified_gmt":"2021-07-09T11:49:44","slug":"sportscenter-danmark-integrerer-viden-om-medlemmerne","status":"publish","type":"page","link":"https:\/\/marketingplatform.com\/da\/sportscenter-danmark-integrerer-viden-om-medlemmerne\/","title":{"rendered":"Sportscenter Danmark integrerer viden om medlemmerne i MarketingPlatform"},"content":{"rendered":"<p>[et_pb_section fb_built=&#8221;1&#8243; _builder_version=&#8221;4.0.2&#8243;][et_pb_row _builder_version=&#8221;4.0.2&#8243;][et_pb_column type=&#8221;4_4&#8243; _builder_version=&#8221;4.0.2&#8243;][et_pb_image src=&#8221;https:\/\/marketingplatform.com\/wp-content\/uploads\/2020\/03\/sportscenter-danmark.png&#8221; align=&#8221;center&#8221; _builder_version=&#8221;4.4.0&#8243; width=&#8221;39%&#8221;][\/et_pb_image][\/et_pb_column][\/et_pb_row][et_pb_row _builder_version=&#8221;4.0.2&#8243;][et_pb_column type=&#8221;4_4&#8243; _builder_version=&#8221;4.0.2&#8243;][et_pb_text _builder_version=&#8221;4.4.0&#8243;]<\/p>\n<h1><\/h1>\n<h1><\/h1>\n<h1>Sportscenter Danmark integrerer viden om medlemmerne i MarketingPlatform<\/h1>\n<p><em>Danmarks 3. st\u00f8rste Idr\u00e6tscenter ligger i Vejen og hedder Vejen Idr\u00e6tscenter lokalt eller Sportcenter Danmark n\u00e5r nationale begivenheder skal afvikles.<\/em><\/p>\n<p>5 idr\u00e6tshaller, springgrav og faciliteter, talrige idr\u00e6tssale, m\u00f8delokaler, motionscenter, paddle baner, squashbaner, atletikstadion, fodboldbaner, sv\u00f8mmehaller med wellness og meget meget mere &#8211; alt det rummer Sportscenter Danmark. Med mere end 30.000 kvm under tag er idr\u00e6tscentret blandt Danmarks st\u00f8rste.<\/p>\n<p>Foruden alle de ovenn\u00e6vnte faciliteter drives der ogs\u00e5 hotel, kultur- og konferencesale, professionelt fodboldstadion med loungeomr\u00e5de, campingplads og motel lignende overnatningsmuligheder.<\/p>\n<p>\u201cKan I ikke hj\u00e6lpe os med at samle oplysninger fra bookingsystemet og andre systemer, s\u00e5 vi har \u00e9t billede p\u00e5 alle medlemmer og interessenter,\u201d foresp\u00f8rger direkt\u00f8ren Jakob Sander en dag. S\u00e5dan som en indskudt bem\u00e6rkning midt under en samtale om den nyeste udbygning &#8211; det store wellness omr\u00e5de i forbindelse med sv\u00f8mmehallen. For idr\u00e6tscentret ligger i samme by som MarketingPlatforms danske hovedkontor. \u201cIdr\u00e6tscentrets betydning for byen, for Vejen, er enorm og helt uden sidestykke,\u201d fort\u00e6ller grundl\u00e6gger af MarketingPlatform, Kim \u00d8stergaard. \u201cDet er samlingsstedet for byen, der hvor lyset aldrig er slukket og den langsigtede v\u00e6rdi for befolkningens fysiske- og mentale sundhed ikke kan p\u00e5sk\u00f8nnes nok.\u201d<\/p>\n<p>[\/et_pb_text][\/et_pb_column][\/et_pb_row][\/et_pb_section][et_pb_section fb_built=&#8221;1&#8243; prev_background_color=&#8221;#ffffff&#8221; next_background_color=&#8221;#ffffff&#8221; _builder_version=&#8221;3.23.3&#8243; background_color=&#8221;#dee7f1&#8243; custom_padding=&#8221;50px||50px&#8221; top_divider_style=&#8221;asymmetric2&#8243; top_divider_height=&#8221;61px&#8221; bottom_divider_style=&#8221;asymmetric2&#8243; bottom_divider_height=&#8221;57px&#8221; bottom_divider_flip=&#8221;vertical|horizontal&#8221;][et_pb_row use_custom_gutter=&#8221;on&#8221; make_equal=&#8221;on&#8221; _builder_version=&#8221;3.25&#8243; background_color=&#8221;rgba(0,0,0,0)&#8221;][et_pb_column type=&#8221;4_4&#8243; _builder_version=&#8221;3.25&#8243; custom_padding=&#8221;|||&#8221; custom_padding__hover=&#8221;|||&#8221;][et_pb_image src=&#8221;https:\/\/marketingplatform.com\/wp-content\/uploads\/2020\/03\/sander.png&#8221; _builder_version=&#8221;4.4.0&#8243; width=&#8221;16%&#8221; max_width=&#8221;100%&#8221; module_alignment=&#8221;center&#8221; custom_margin=&#8221;||10px&#8221; custom_padding=&#8221;||0px&#8221;][\/et_pb_image][et_pb_text _builder_version=&#8221;4.4.0&#8243; text_font=&#8221;||||||||&#8221; text_font_size=&#8221;18px&#8221; header_font=&#8221;||||||||&#8221; header_text_align=&#8221;center&#8221; text_orientation=&#8221;center&#8221; width=&#8221;70%&#8221; module_alignment=&#8221;center&#8221; custom_padding=&#8221;0px|33px|33px|33px&#8221; text_text_align=&#8221;center&#8221;]<\/p>\n<h4>Jakob Sander, direkt\u00f8r, Sportscenter Danmark<\/h4>\n<p>&#8220;<span>Dataene fra vores bookingsystem overf\u00f8res via en integration eller manuel import til MarketingPlatform. Derfra har vi en r\u00e6kke flows, der f\u00f8lger op p\u00e5 forskellige adf\u00e6rd.<\/span>&#8220;<\/p>\n<p>[\/et_pb_text][\/et_pb_column][\/et_pb_row][\/et_pb_section][et_pb_section fb_built=&#8221;1&#8243; _builder_version=&#8221;3.23.3&#8243;][et_pb_row _builder_version=&#8221;3.25&#8243; custom_padding=&#8221;||0px|||&#8221;][et_pb_column type=&#8221;4_4&#8243; _builder_version=&#8221;3.25&#8243; custom_padding=&#8221;|||&#8221; custom_padding__hover=&#8221;|||&#8221;][et_pb_text _builder_version=&#8221;4.4.0&#8243; module_alignment=&#8221;center&#8221;]<\/p>\n<h3>Flows baseret p\u00e5 adf\u00e6rd<\/h3>\n<p>Ogs\u00e5 for Sportcenter Danmark er automatiske flows enormt vigtige for at fastholde kundeloyalitet for at minde kunderne om deres muligheder, hvis dataene viser en afvigende anvendelse af centrets tilbud.<\/p>\n<p>\u201cDataene fra vores bookingsystem overf\u00f8res via en integration eller manuel import til MarketingPlatform. Derfra har vi en r\u00e6kke flows, der f\u00f8lger op p\u00e5 forskellige adf\u00e6rd,\u201d fort\u00e6ller Jakob Sander.<\/p>\n<p>\u201cFremtiden for markedsf\u00f8ring er &#8216;just-in-time&#8217; kommunikation. Det er flows der baseret p\u00e5 en \u00f8nskv\u00e6rdig adf\u00e6rd, eller det modsatte, der afstedkommer en reaktion p\u00e5 den rigtige kanal. Det er netop hele essensen i MarketingPlatform\u201d, konkluderer Kim \u00d8stergaard.<\/p>\n<p>&nbsp;<\/p>\n<h3>Alle de andre beskeder<\/h3>\n<p>Foruden de automatiske flows udsender Sportscenter Danmark ogs\u00e5 et v\u00e6ld af kampagner, til deres normale kontakter og til s\u00e6rlige lejligheder og events der afholdes i hobetal p\u00e5 centret.<\/p>\n<p>Med en placering nogenlunde midt i Danmark, et stort antal indend\u00f8rs- og udend\u00f8rs faciliteter, bliver centret anvendt til mange store nationale- og internationale sportsbegivenheder. Flest i breddeidr\u00e6tten men ogs\u00e5 en del elitearrangementer finder vej til Vejen.<\/p>\n<p>&nbsp;<\/p>\n<p>Vil du se hvordan ogs\u00e5 <em>du<\/em> kan f\u00e5 forbedrede resultater med MarketingPlatform? <a href=\"https:\/\/marketingplatform.com\/da\/book-marketingplatform-demo\/\">Book en gratis demo<\/a> eller <a href=\"https:\/\/marketingplatform.com\/da\/gratis-proeveversion\/\">pr\u00f8v platformen i 14 dage<\/a> uden forpligtelse.<\/p>\n<p>[\/et_pb_text][\/et_pb_column][\/et_pb_row][\/et_pb_section][et_pb_section fb_built=&#8221;1&#8243; custom_padding_last_edited=&#8221;on|phone&#8221; module_class=&#8221;ressourcer-signup&#8221; _builder_version=&#8221;4.9.3&#8243; background_color=&#8221;#dee7f1&#8243; background_enable_color=&#8221;off&#8221; custom_padding=&#8221;||||false|false&#8221; custom_padding_tablet=&#8221;||||false|false&#8221; custom_padding_phone=&#8221;||||false|false&#8221; top_divider_style=&#8221;asymmetric2&#8243; top_divider_color=&#8221;#ffffff&#8221; top_divider_height=&#8221;60px&#8221; global_module=&#8221;19033&#8243; saved_tabs=&#8221;all&#8221;][et_pb_row custom_padding_last_edited=&#8221;on|phone&#8221; _builder_version=&#8221;4.5.3&#8243; background_color=&#8221;#152872&#8243; background_size=&#8221;initial&#8221; background_position=&#8221;top_left&#8221; background_repeat=&#8221;repeat&#8221; custom_margin=&#8221;||||false|false&#8221; custom_padding=&#8221;100px||100px||false|false&#8221; custom_padding_tablet=&#8221;50px|20px|50px|20px|false|false&#8221; custom_padding_phone=&#8221;40px||||false|false&#8221; border_radii=&#8221;on|22px|22px|22px|22px&#8221;][et_pb_column type=&#8221;4_4&#8243; _builder_version=&#8221;3.25&#8243; custom_padding=&#8221;|||&#8221; custom_padding__hover=&#8221;|||&#8221;][et_pb_text _builder_version=&#8221;4.5.3&#8243; text_text_color=&#8221;#ffffff&#8221; header_2_font=&#8221;|800|||||||&#8221; header_2_text_color=&#8221;#ffffff&#8221; text_orientation=&#8221;center&#8221;]<\/p>\n<h2>Pr\u00f8v MarketingPlatform gratis i 14 dage<\/h2>\n<p><span style=\"color:#fff;\">Pr\u00f8veperioden er gratis, helt uforpligtende og udl\u00f8ber efter 14 dage, hvis du ikke \u00f8nsker at forts\u00e6tte.<br \/>\nVed tilmelding modtager du samtidig vores uddannelsesflow p\u00e5 en serie af mails \u2013 og vores nyhedsbrev.<\/span>[\/et_pb_text][et_pb_code _builder_version=&#8221;4.5.3&#8243; _module_preset=&#8221;default&#8221; width=&#8221;40%&#8221; width_tablet=&#8221;100%&#8221; width_phone=&#8221;95%&#8221; width_last_edited=&#8221;on|tablet&#8221; module_alignment=&#8221;center&#8221;]<a href=\"https:\/\/marketingplatform.com\/da\/book-emailplatform-demo\/\"><\/p>\n<div class=\"bookdemobtn\">Book demo<\/div>\n<p><\/a><!-- [et_pb_line_break_holder] --><a href=\"https:\/\/marketingplatform.com\/da\/gratis-proeveversion\/\"><\/p>\n<div class=\"signupbtn\">Pr\u00f8v os gratis<\/div>\n<p><\/a><!-- [et_pb_line_break_holder] --><\/p>\n<div class=\"clearfix\"><\/div>\n<p>[\/et_pb_code][\/et_pb_column][\/et_pb_row][\/et_pb_section]<\/p>\n","protected":false},"excerpt":{"rendered":"<p>Sportscenter Danmark integrerer viden om medlemmerne i MarketingPlatform Danmarks 3. st\u00f8rste Idr\u00e6tscenter ligger i Vejen og hedder Vejen Idr\u00e6tscenter lokalt eller Sportcenter Danmark n\u00e5r nationale begivenheder skal afvikles. 5 idr\u00e6tshaller, springgrav og faciliteter, talrige idr\u00e6tssale, m\u00f8delokaler, motionscenter, paddle baner, squashbaner, atletikstadion, fodboldbaner, sv\u00f8mmehaller med wellness og meget meget mere &#8211; alt det rummer Sportscenter Danmark. [&hellip;]<\/p>\n","protected":false},"author":50,"featured_media":0,"parent":0,"menu_order":0,"comment_status":"closed","ping_status":"closed","template":"","meta":{"_et_pb_use_builder":"on","_et_pb_old_content":"","_et_gb_content_width":"","footnotes":""},"categories":[],"tags":[],"yst_prominent_words":[15569,15571,15556,15566,15560,15575,15559,15573,15557,15563,15565,15567,15572,15561,15574,15558,15570,15564,15562,15568],"_links":{"self":[{"href":"https:\/\/marketingplatform.com\/da\/wp-json\/wp\/v2\/pages\/54231"}],"collection":[{"href":"https:\/\/marketingplatform.com\/da\/wp-json\/wp\/v2\/pages"}],"about":[{"href":"https:\/\/marketingplatform.com\/da\/wp-json\/wp\/v2\/types\/page"}],"author":[{"embeddable":true,"href":"https:\/\/marketingplatform.com\/da\/wp-json\/wp\/v2\/users\/50"}],"replies":[{"embeddable":true,"href":"https:\/\/marketingplatform.com\/da\/wp-json\/wp\/v2\/comments?post=54231"}],"version-history":[{"count":7,"href":"https:\/\/marketingplatform.com\/da\/wp-json\/wp\/v2\/pages\/54231\/revisions"}],"predecessor-version":[{"id":69431,"href":"https:\/\/marketingplatform.com\/da\/wp-json\/wp\/v2\/pages\/54231\/revisions\/69431"}],"wp:attachment":[{"href":"https:\/\/marketingplatform.com\/da\/wp-json\/wp\/v2\/media?parent=54231"}],"wp:term":[{"taxonomy":"category","embeddable":true,"href":"https:\/\/marketingplatform.com\/da\/wp-json\/wp\/v2\/categories?post=54231"},{"taxonomy":"post_tag","embeddable":true,"href":"https:\/\/marketingplatform.com\/da\/wp-json\/wp\/v2\/tags?post=54231"},{"taxonomy":"yst_prominent_words","embeddable":true,"href":"https:\/\/marketingplatform.com\/da\/wp-json\/wp\/v2\/yst_prominent_words?post=54231"}],"curies":[{"name":"wp","href":"https:\/\/api.w.org\/{rel}","templated":true}]}}