{"id":5398,"date":"2017-04-11T09:50:58","date_gmt":"2017-04-11T07:50:58","guid":{"rendered":"https:\/\/marketingplatform.com\/?page_id=5398\/"},"modified":"2020-02-28T11:55:22","modified_gmt":"2020-02-28T10:55:22","slug":"mypresswire-udsender-mails-med-marketingplatform","status":"publish","type":"page","link":"https:\/\/marketingplatform.com\/da\/referencer\/mypresswire-udsender-mails-med-marketingplatform\/","title":{"rendered":"MyPressWire Udsender Essentielle Mails Med MarketingPlatform"},"content":{"rendered":"\n[et_pb_section fb_built=&#8221;1&#8243; admin_label=&#8221;section&#8221; _builder_version=&#8221;3.22&#8243; transparent_background=&#8221;off&#8221;][et_pb_row admin_label=&#8221;row&#8221; _builder_version=&#8221;3.25&#8243; background_size=&#8221;initial&#8221; background_position=&#8221;top_left&#8221; background_repeat=&#8221;repeat&#8221;][et_pb_column type=&#8221;4_4&#8243; _builder_version=&#8221;3.25&#8243; custom_padding=&#8221;|||&#8221; custom_padding__hover=&#8221;|||&#8221;][et_pb_text admin_label=&#8221;Text&#8221; _builder_version=&#8221;3.27.4&#8243; background_size=&#8221;initial&#8221; background_position=&#8221;top_left&#8221; background_repeat=&#8221;repeat&#8221; use_border_color=&#8221;off&#8221; border_style=&#8221;solid&#8221;]<h1>MyPressWire Udsender Essentielle Mails Med MarketingPlatform<\/h1>\r\n&#8220;Hos MyPressWire har vi valgt at bruge MarketingPlatform til at udsende vores vigtige journalist mails. Det er essentielt for os, at netop disse mails ankommer til modtagernes indbakker &#8211; de er s\u00e5 og sige grundlaget for vores forretning&#8221;, fort\u00e6ller Ren\u00e9 Hjetting grundl\u00e6gger af MyPressWire.\r\n\r\nMyPressWire er en af Danmarks \u00e6ldste formidlere af pressemeddelelser for virksomheder. Hver dag sender de en stor m\u00e6ngde\u00a0pressemeddelelser m\u00e5lrettet til udvalgte journalister og medier i Danmark og resten af Norden. Det er disse emails der bliver udsendt med MarketingPlatform, og af virksomheden bliver omtalt som grundlaget for MyPressWire.\r[\/et_pb_text][\/et_pb_column][\/et_pb_row][\/et_pb_section][et_pb_section fb_built=&#8221;1&#8243; admin_label=&#8221;Section&#8221; _builder_version=&#8221;3.22&#8243; background_color=&#8221;#f5f8fb&#8221; transparent_background=&#8221;off&#8221;][et_pb_row admin_label=&#8221;row&#8221; _builder_version=&#8221;3.25&#8243; background_size=&#8221;initial&#8221; background_position=&#8221;top_left&#8221; background_repeat=&#8221;repeat&#8221; custom_padding=&#8221;0px|0px|27px|0px&#8221; column_structure=&#8221;1_2,1_2&#8243;][et_pb_column type=&#8221;1_2&#8243; _builder_version=&#8221;3.25&#8243; custom_padding=&#8221;|||&#8221; custom_padding__hover=&#8221;|||&#8221;][et_pb_image src=&#8221;https:\/\/marketingplatform.com\/wp-content\/uploads\/2017\/04\/presswire-reference-mailplatform.png&#8221; alt=&#8221;mypresswire-reference-mailplatform&#8221; url=&#8221;https:\/\/marketingplatform.com\/wp-content\/uploads\/2017\/04\/presswire-reference-mailplatform.png&#8221; url_new_window=&#8221;on&#8221; align_tablet=&#8221;center&#8221; align_last_edited=&#8221;on|desktop&#8221; admin_label=&#8221;Image&#8221; module_class=&#8221;image-border&#8221; _builder_version=&#8221;3.23&#8243; animation_style=&#8221;slide&#8221; animation_direction=&#8221;left&#8221; animation_duration=&#8221;500ms&#8221; animation_intensity_slide=&#8221;10%&#8221; use_border_color=&#8221;off&#8221; border_color=&#8221;#ffffff&#8221; border_width=&#8221;1px&#8221; border_style=&#8221;solid&#8221; sticky=&#8221;off&#8221;][\/et_pb_image][\/et_pb_column][et_pb_column type=&#8221;1_2&#8243; _builder_version=&#8221;3.25&#8243; custom_padding=&#8221;|||&#8221; custom_padding__hover=&#8221;|||&#8221;][et_pb_text admin_label=&#8221;Text&#8221; _builder_version=&#8221;4.0.2&#8243; background_size=&#8221;initial&#8221; background_position=&#8221;top_left&#8221; background_repeat=&#8221;repeat&#8221; hover_enabled=&#8221;0&#8243; use_border_color=&#8221;off&#8221; border_style=&#8221;solid&#8221;]<p>Pressemeddelelserne fra MyPressWire udsendes gennem flere transaktionelle IP-adresser hos MarketingPlatform. Det transaktionelle betyder at IP-adresserne er certificeret til alene at udsende individuelle beskeder. &#8220;P\u00e5 disse s\u00e6rlige IP-adresser har vi endnu ikke h\u00f8rt om meddelelser der er landet i SPAM-containeren&#8221;, fort\u00e6ller Kim \u00d8stergaard fra MarketingPlatform. Derfor anvender mange virksomheder netop dette produkt til udsendelse af v\u00e6rdibeviser, ordrebekr\u00e6ftelser og andre vigtige systembeskeder.<\/p>\n<p>MarketingPlatform tager ikke ekstra for denne type udsendelser, der ofte udsendes i kombination med andre udsendelser som f.eks. nyhedsbreve, ordrebekr\u00e6ftelser og lignende. MyPressWire anvender MarketingPlatform som en slags intelligent SMTP-server. &#8220;Det har taget kunden f\u00e5 minutter at tilrette udsendelserne til vores SMTP-servere&#8221;, fort\u00e6ller Kim \u00d8stergaard. Det eneste vi kr\u00e6ver fra kundens side er, at de \u00e6ndrer navnet p\u00e5 den SMTP de \u00f8nsker at anvende. Det sker serverm\u00e6ssigt p\u00e5 n\u00e6sten samme m\u00e5de, som hvis man \u00e6ndrer det i Outlook.<\/p>\n<p>Kontakt os p\u00e5 <a href=\"mailto:support@marketingplatform.com\">support@marketingplatform.com<\/a>, hvis du vil h\u00f8re mere om vores produkt til udsendelse af vigtige mails fra egne systemer. Eller ring p\u00e5 tlf. 72 44 44 44 indenfor normal kontor tid.<\/p>\n[\/et_pb_text][\/et_pb_column][\/et_pb_row][\/et_pb_section][et_pb_section fb_built=&#8221;1&#8243; custom_padding_last_edited=&#8221;on|phone&#8221; module_class=&#8221;ressourcer-signup&#8221; _builder_version=&#8221;4.0.2&#8243; background_color=&#8221;#dee7f1&#8243; custom_padding=&#8221;7%||&#8221; custom_padding_tablet=&#8221;12%||||false|false&#8221; custom_padding_phone=&#8221;17%||||false|false&#8221; top_divider_style=&#8221;asymmetric2&#8243; top_divider_color=&#8221;#ffffff&#8221; top_divider_height=&#8221;60px&#8221; global_module=&#8221;19033&#8243;][et_pb_row _builder_version=&#8221;3.25&#8243; background_size=&#8221;initial&#8221; background_position=&#8221;top_left&#8221; background_repeat=&#8221;repeat&#8221; custom_margin=&#8221;||10px&#8221; custom_padding=&#8221;||10px&#8221;][et_pb_column type=&#8221;4_4&#8243; _builder_version=&#8221;3.25&#8243; custom_padding=&#8221;|||&#8221; custom_padding__hover=&#8221;|||&#8221;][et_pb_text _builder_version=&#8221;4.0.2&#8243; text_orientation=&#8221;center&#8221;]<h2 style=\"font-style: normal;\">Pr\u00f8v MarketingPlatform gratis i 14 dage<\/h2>\n<p style=\"font-style: normal;\">Pr\u00f8veperioden er gratis, helt uforpligtende og udl\u00f8ber efter 14 dage, hvis du ikke \u00f8nsker at forts\u00e6tte.<br \/> Ved tilmelding modtager du samtidig vores uddannelsesflow p\u00e5 en serie af mails \u2013 og vores nyhedsbrev.<\/p>[\/et_pb_text][\/et_pb_column][\/et_pb_row][et_pb_row _builder_version=&#8221;4.0.2&#8243;][et_pb_column type=&#8221;4_4&#8243; _builder_version=&#8221;4.0.2&#8243;][et_pb_code _builder_version=&#8221;4.0.2&#8243; text_orientation=&#8221;center&#8221;]<a href=\"https:\/\/marketingplatform.com\/da\/gratis-proeveversion\/\" class=\"green-btn2\" style=\"background:#09cd6f; padding:18px 60px; margin-bottom:10px!important;\">Pr\u00f8v os gratis nu<\/a> <a href=\"https:\/\/marketingplatform.com\/da\/book-emailplatform-demo\/\" class=\"green-btn2\" style=\"background:#0daae2; padding:18px 70px;\">Book demo<\/a>[\/et_pb_code][\/et_pb_column][\/et_pb_row][et_pb_row _builder_version=&#8221;4.0.2&#8243; max_width=&#8221;768px&#8221; custom_margin=&#8221;15px||0px||false|false&#8221; custom_padding=&#8221;0px||0px&#8221; use_custom_width=&#8221;on&#8221; custom_width_px=&#8221;768px&#8221;][et_pb_column type=&#8221;4_4&#8243; _builder_version=&#8221;3.25&#8243; custom_padding=&#8221;|||&#8221; custom_padding__hover=&#8221;|||&#8221;][et_pb_code _builder_version=&#8221;4.0.2&#8243;]<div class=\"awards-align\" ><!-- [et_pb_line_break_holder] --><div style=\"float:left; width:14%; text-align:right;   margin-right: 2%;\"><!-- [et_pb_line_break_holder] --><img decoding=\"async\" src=\"https:\/\/marketingplatform.com\/wp-content\/uploads\/2020\/01\/primotours.png\" width=\"56\" style=\"margin:10px 20px 20px 0px;\"><!-- [et_pb_line_break_holder] --><\/div><!-- [et_pb_line_break_holder] --><div style=\"float:left; width:20%; text-align:center;    margin-right: 4%;\"><!-- [et_pb_line_break_holder] --><img decoding=\"async\" src=\"https:\/\/marketingplatform.com\/wp-content\/uploads\/2019\/11\/med24-gray.png\" width=\"100\" style=\"margin:20px 0px 20px 10px;\"><!-- [et_pb_line_break_holder] --><\/div><!-- [et_pb_line_break_holder] --><div style=\"float:left; width:18%;    margin-right: 1%;\"><!-- [et_pb_line_break_holder] --><img decoding=\"async\" src=\"https:\/\/marketingplatform.com\/wp-content\/uploads\/2019\/08\/cykelpartner-logo.png\" width=\"180\" style=\"margin:29px 20px 20px 0px;\"><!-- [et_pb_line_break_holder] --><\/div><!-- [et_pb_line_break_holder] --><div style=\"float:left; width:20%; text-align:center;     margin-right: 1%;\"><!-- [et_pb_line_break_holder] --><img decoding=\"async\" src=\"https:\/\/marketingplatform.com\/wp-content\/uploads\/2019\/04\/aldi-grey.png\" width=\"50\" style=\"margin:10px 0px 20px 0px;\"><!-- [et_pb_line_break_holder] --><\/div><!-- [et_pb_line_break_holder] --><div style=\"float:left; width:18%;      margin-right: 2%;  text-align: center;\"><!-- [et_pb_line_break_holder] --><img decoding=\"async\" src=\"https:\/\/marketingplatform.com\/wp-content\/uploads\/2019\/02\/verisure-logo.png\" width=\"120\" style=\"margin:18px 0px 20px 0px;\"><!-- [et_pb_line_break_holder] --><\/div><!-- [et_pb_line_break_holder] --><\/div>[\/et_pb_code][\/et_pb_column][\/et_pb_row][\/et_pb_section]\n","protected":false},"excerpt":{"rendered":"<p>MyPressWire Udsender Essentielle Mails Med MarketingPlatform &#8220;Hos MyPressWire har vi valgt at bruge MarketingPlatform til at udsende vores vigtige journalist mails. Det er essentielt for os, at netop disse mails ankommer til modtagernes indbakker &#8211; de er s\u00e5 og sige grundlaget for vores forretning&#8221;, fort\u00e6ller Ren\u00e9 Hjetting grundl\u00e6gger af MyPressWire. MyPressWire er en af Danmarks [&hellip;]<\/p>\n","protected":false},"author":50,"featured_media":0,"parent":432,"menu_order":0,"comment_status":"closed","ping_status":"closed","template":"","meta":{"_et_pb_use_builder":"on","_et_pb_old_content":"<h1>MyPressWire udsender essentielle mails med MarketingPlatform<\/h1>\r\n\"Hos MyPressWire har vi valgt at bruge MarketingPlatform til at udsende vores vigtige journalist mails. Det er essentielt for os, at netop disse mails ankommer til modtagernes indbakker - de er s\u00e5 og sige grundlaget for vores forretning\", fort\u00e6ller Ren\u00e9 Hjetting grundl\u00e6gger af MyPressWire.\r\n\r\nMyPressWire er en af Danmarks \u00e6ldste formidlere af pressemeddelelser for virksomheder. Hver dag sender de en stor m\u00e6ngde\u00a0pressemeddelelser m\u00e5lrettet til udvalgte journalister og medier i Danmark og resten af Norden. Det er disse emails der bliver udsendt med MarketingPlatform, og af virksomheden bliver omtalt som grundlaget for MyPressWire.\r\n\r\n<a href=\"https:\/\/mailplatform.dk\/wp-content\/uploads\/2013\/06\/presswire-reference-mailplatform.png\"><img class=\"wp-image-1247 alignnone\" src=\"https:\/\/mailplatform.dk\/wp-content\/uploads\/2013\/06\/presswire-reference-mailplatform-1024x857.png\" alt=\"presswire-reference-mailplatform\" width=\"614\" height=\"514\" \/><\/a>\r\n\r\nPressemeddelelserne fra MyPressWire udsendes gennem flere transaktionelle IP-adresser hos MarketingPlatform. Det transaktionelle betyder at IP-adresserne er certificeret til alene at udsende individuelle beskeder. \"P\u00e5 disse s\u00e6rlige IP-adresser har vi endnu ikke h\u00f8rt om meddelelser der er landet i SPAM-containeren\", fort\u00e6ller Kim \u00d8stergaard fra MarketingPlatform. Derfor anvender mange virksomheder netop dette produkt til udsendelse af v\u00e6rdibeviser, ordrebekr\u00e6ftelser og andre vigtige systembeskeder.\r\n\r\nMarketingPlatform tager ikke ekstra for denne type udsendelser, der ofte udsendes i kombination med andre udsendelser som f.eks. nyhedsbreve, ordrebekr\u00e6ftelser og lignende. MyPressWire anvender MarketingPlatform som en slags intelligent SMTP-server. \"Det har taget kunden f\u00e5 minutter at tilrette udsendelserne til vores SMTP-servere\", fort\u00e6ller Kim \u00d8stergaard. Det eneste vi kr\u00e6ver fra kundens side er, at de \u00e6ndrer navnet p\u00e5 den SMTP de \u00f8nsker at anvende. Det sker serverm\u00e6ssigt p\u00e5 n\u00e6sten samme m\u00e5de, som hvis man \u00e6ndrer det i Outlook.\r\n\r\n\u00a0\r\n\r\nKontakt os p\u00e5 info.dk@marketingplatform.com, hvis du vil h\u00f8re mere om vores produkt til udsendelse af vigtige mails fra egne systemer. Eller ring p\u00e5 tlf. 72 44 44 44 indenfor normal kontor tid.\r\n<h4>Pr\u00f8v MarketingPlatform gratis i 14 dage<\/h4>\r\n[optin_box style=\"8\" alignment=\"left\" action=\"https:\/\/www.mailmailmail.net\/form.php?form=65\" method=\"post\" email_field=\"email\" email_default=\"Din arbejds e-mail\" integration_type=\"custom\" double_optin=\"Y\" name_field=\"CustomFields%5B2%5D\" name_default=\"Dit navn\" extra_field_1_name=\"CustomFields%5B110%5D\" extra_field_1_title=\"Firmanavn\" extra_field_2_name=\"CustomFields%5B5%5D\" extra_field_2_title=\"Telefon\"][optin_box_hidden][\/optin_box_hidden][optin_box_code]\r\n\r\n[\/optin_box_code][optin_box_field name=\"headline\"][\/optin_box_field][optin_box_field name=\"paragraph\"][\/optin_box_field][optin_box_field name=\"privacy\"]Vi passer godt p\u00e5 dine oplysninger og deler dem ikke med andre.\r\nVi optager kun seri\u00f8se virksomheder, der ikke spammer, som kunder.[\/optin_box_field][optin_box_field name=\"top_color\"]undefined[\/optin_box_field][optin_box_button type=\"0\" button_below=\"Y\"]Pr\u00f8v MarketingPlatform gratis[\/optin_box_button] [\/optin_box]\r\n\r\n\u00a0","_et_gb_content_width":"","footnotes":""},"categories":[],"tags":[],"yst_prominent_words":[8959,451,4878,77,4872,131,117,677,2377,87,13988,14801,4871,3189,15075,3187,3186,486,223,448],"_links":{"self":[{"href":"https:\/\/marketingplatform.com\/da\/wp-json\/wp\/v2\/pages\/5398"}],"collection":[{"href":"https:\/\/marketingplatform.com\/da\/wp-json\/wp\/v2\/pages"}],"about":[{"href":"https:\/\/marketingplatform.com\/da\/wp-json\/wp\/v2\/types\/page"}],"author":[{"embeddable":true,"href":"https:\/\/marketingplatform.com\/da\/wp-json\/wp\/v2\/users\/50"}],"replies":[{"embeddable":true,"href":"https:\/\/marketingplatform.com\/da\/wp-json\/wp\/v2\/comments?post=5398"}],"version-history":[{"count":2,"href":"https:\/\/marketingplatform.com\/da\/wp-json\/wp\/v2\/pages\/5398\/revisions"}],"predecessor-version":[{"id":52652,"href":"https:\/\/marketingplatform.com\/da\/wp-json\/wp\/v2\/pages\/5398\/revisions\/52652"}],"up":[{"embeddable":true,"href":"https:\/\/marketingplatform.com\/da\/wp-json\/wp\/v2\/pages\/432"}],"wp:attachment":[{"href":"https:\/\/marketingplatform.com\/da\/wp-json\/wp\/v2\/media?parent=5398"}],"wp:term":[{"taxonomy":"category","embeddable":true,"href":"https:\/\/marketingplatform.com\/da\/wp-json\/wp\/v2\/categories?post=5398"},{"taxonomy":"post_tag","embeddable":true,"href":"https:\/\/marketingplatform.com\/da\/wp-json\/wp\/v2\/tags?post=5398"},{"taxonomy":"yst_prominent_words","embeddable":true,"href":"https:\/\/marketingplatform.com\/da\/wp-json\/wp\/v2\/yst_prominent_words?post=5398"}],"curies":[{"name":"wp","href":"https:\/\/api.w.org\/{rel}","templated":true}]}}