{"id":5393,"date":"2017-04-11T09:19:01","date_gmt":"2017-04-11T07:19:01","guid":{"rendered":"https:\/\/marketingplatform.com\/?page_id=5393\/"},"modified":"2020-02-20T14:47:51","modified_gmt":"2020-02-20T13:47:51","slug":"boconcept-55-lande","status":"publish","type":"page","link":"https:\/\/marketingplatform.com\/da\/referencer\/boconcept-55-lande\/","title":{"rendered":"BoConcept &#8211; 55 lande"},"content":{"rendered":"<p>[et_pb_section fb_built=&#8221;1&#8243; admin_label=&#8221;section&#8221; _builder_version=&#8221;3.22&#8243; transparent_background=&#8221;off&#8221;][et_pb_row admin_label=&#8221;row&#8221; _builder_version=&#8221;3.25&#8243; background_size=&#8221;initial&#8221; background_position=&#8221;top_left&#8221; background_repeat=&#8221;repeat&#8221; custom_padding=&#8221;0px|0px|27px|0px&#8221;][et_pb_column type=&#8221;4_4&#8243; _builder_version=&#8221;3.25&#8243; custom_padding=&#8221;|||&#8221; custom_padding__hover=&#8221;|||&#8221;][et_pb_text admin_label=&#8221;Text&#8221; _builder_version=&#8221;3.27.4&#8243; background_size=&#8221;initial&#8221; background_position=&#8221;top_left&#8221; background_repeat=&#8221;repeat&#8221; use_border_color=&#8221;off&#8221; border_color=&#8221;#ffffff&#8221; border_style=&#8221;solid&#8221;]<\/p>\n<h1>BoConcept A\/S \u2013 email marketing med MarketingPlatform<\/h1>\n<p>[\/et_pb_text][\/et_pb_column][\/et_pb_row][et_pb_row admin_label=&#8221;row&#8221; _builder_version=&#8221;3.25&#8243; background_size=&#8221;initial&#8221; background_position=&#8221;top_left&#8221; background_repeat=&#8221;repeat&#8221; custom_padding=&#8221;14px|0px|0px|0px&#8221; column_structure=&#8221;1_2,1_2&#8243;][et_pb_column type=&#8221;1_2&#8243; _builder_version=&#8221;3.25&#8243; custom_padding=&#8221;|||&#8221; custom_padding__hover=&#8221;|||&#8221;][et_pb_text admin_label=&#8221;Text&#8221; module_class=&#8221;image-border&#8221; _builder_version=&#8221;3.27.4&#8243; background_size=&#8221;initial&#8221; background_position=&#8221;top_left&#8221; background_repeat=&#8221;repeat&#8221; text_orientation=&#8221;center&#8221; module_alignment=&#8221;center&#8221; use_border_color=&#8221;off&#8221; border_color=&#8221;#000000&#8243; border_width=&#8221;2px&#8221; border_style=&#8221;solid&#8221;]<img decoding=\"async\" loading=\"lazy\" class=\"wp-image-5419 alignnone size-full\" src=\"https:\/\/marketingplatform.com\/wp-content\/uploads\/2017\/04\/boconcept_karim_rashid.png\" alt=\"boconcept_karim_rashid\" width=\"534\" height=\"344\" srcset=\"https:\/\/marketingplatform.com\/wp-content\/uploads\/2017\/04\/boconcept_karim_rashid.png 534w, https:\/\/marketingplatform.com\/wp-content\/uploads\/2017\/04\/boconcept_karim_rashid-300x193.png 300w\" sizes=\"(max-width: 534px) 100vw, 534px\" \/><br \/>\n[\/et_pb_text][\/et_pb_column][et_pb_column type=&#8221;1_2&#8243; _builder_version=&#8221;3.25&#8243; custom_padding=&#8221;|||&#8221; custom_padding__hover=&#8221;|||&#8221;][et_pb_text admin_label=&#8221;Text&#8221; _builder_version=&#8221;3.27.4&#8243; background_size=&#8221;initial&#8221; background_position=&#8221;top_left&#8221; background_repeat=&#8221;repeat&#8221; use_border_color=&#8221;off&#8221; border_style=&#8221;solid&#8221;]\u201cI BoConcept anvender vi danske MarketingPlatform, som platform til vores elektroniske nyhedsbreve og dialogmarkedsf\u00f8ring. L\u00f8sningen integrerer ogs\u00e5 med MyBoConcept og vores CRM system.<\/p>\n<p>MarketingPlatform anvendes af ca. 45 medarbejdere i BoConcept, og vi oplever et godt samarbejde med holdet hos MarketingPlatform.<\/p>\n<p>Vi har i BoConcept ikke kunnet finde noget mere brugervenligt og avanceret\u201d, fort\u00e6ller Torben Paulin der er koncerndirekt\u00f8r i BoConcept.<\/p>\n<p>Opgaven var sammen med marketingdirekt\u00f8ren, den online ansvarlige og den email marketing ansvarlige, at lave et totalkoncept med strategi, synergier til CRM (med bl.a. udsendelse gennem vores mailmotor af MyBoConcept og CRM mails) og et st\u00f8rre list-hygiejne projekt.<\/p>\n<p>Samt naturligvis at sikre den bedst mulige leveringsevne p\u00e5 tv\u00e6rs af over 50 lande.<br \/>\n[\/et_pb_text][\/et_pb_column][\/et_pb_row][et_pb_row admin_label=&#8221;row&#8221; _builder_version=&#8221;3.25&#8243; background_size=&#8221;initial&#8221; background_position=&#8221;top_left&#8221; background_repeat=&#8221;repeat&#8221; custom_padding=&#8221;27px|0px|33px|0px&#8221; column_structure=&#8221;1_2,1_2&#8243;][et_pb_column type=&#8221;1_2&#8243; _builder_version=&#8221;3.25&#8243; custom_padding=&#8221;|||&#8221; custom_padding__hover=&#8221;|||&#8221;][et_pb_text admin_label=&#8221;Text&#8221; _builder_version=&#8221;3.27.4&#8243; background_size=&#8221;initial&#8221; background_position=&#8221;top_left&#8221; background_repeat=&#8221;repeat&#8221; use_border_color=&#8221;off&#8221; border_style=&#8221;solid&#8221;]Hos b\u00f8rsnoterede BoConcept A\/S, er marketingdirekt\u00f8r Palle Larsen bevidst omkring styrkerne ved email marketing. \u201dVi har flere fuldtidsressourcer, der arbejder med vores online kommunikation. Og ser en klar cross-channel effekt (her online kanalens evne til at tr\u00e6kke kunder til butikkerne, red.) &#8211; ved at udsende nyhedsbreve p\u00e5 vore mere end 50 markeder\u201d.<\/p>\n<p>Forl\u00f8bet med BoConcept er under konstant udvikling, og underst\u00f8tter de \u00f8vrige planer som resten af forretningen har p\u00e5 omr\u00e5det.<\/p>\n<p>Til h\u00f8jre\u00a0er vist et eksempel p\u00e5 integrationen af standard tilmeldingsformular fra marketingplatform.com.<\/p>\n<p>Kunden har selv skabt formularen ved simpel &#8220;klik-og-v\u00e6lg&#8221; funktionalitet &#8211; og indsat koden i deres CMS l\u00f8sning.<br \/>\n[\/et_pb_text][\/et_pb_column][et_pb_column type=&#8221;1_2&#8243; _builder_version=&#8221;3.25&#8243; custom_padding=&#8221;|||&#8221; custom_padding__hover=&#8221;|||&#8221;][et_pb_text admin_label=&#8221;Text&#8221; module_class=&#8221;image-border&#8221; _builder_version=&#8221;3.27.4&#8243; background_size=&#8221;initial&#8221; background_position=&#8221;top_left&#8221; background_repeat=&#8221;repeat&#8221; use_border_color=&#8221;off&#8221; border_style=&#8221;solid&#8221;]<img decoding=\"async\" loading=\"lazy\" class=\"wp-image-5420 alignnone size-full\" src=\"https:\/\/marketingplatform.com\/wp-content\/uploads\/2017\/04\/tilmeld_nyhedsbrev_boconcept_dk.png\" alt=\"tilmeld_nyhedsbrev_boconcept_dk\" width=\"508\" height=\"275\" srcset=\"https:\/\/marketingplatform.com\/wp-content\/uploads\/2017\/04\/tilmeld_nyhedsbrev_boconcept_dk.png 508w, https:\/\/marketingplatform.com\/wp-content\/uploads\/2017\/04\/tilmeld_nyhedsbrev_boconcept_dk-300x162.png 300w\" sizes=\"(max-width: 508px) 100vw, 508px\" \/><br \/>\n[\/et_pb_text][\/et_pb_column][\/et_pb_row][et_pb_row admin_label=&#8221;row&#8221; _builder_version=&#8221;3.25&#8243; background_size=&#8221;initial&#8221; background_position=&#8221;top_left&#8221; background_repeat=&#8221;repeat&#8221; custom_padding=&#8221;0px|0px|27px|0px&#8221;][et_pb_column type=&#8221;4_4&#8243; _builder_version=&#8221;3.25&#8243; custom_padding=&#8221;|||&#8221; custom_padding__hover=&#8221;|||&#8221;][et_pb_text admin_label=&#8221;Text&#8221; _builder_version=&#8221;4.0.2&#8243; background_size=&#8221;initial&#8221; background_position=&#8221;top_left&#8221; background_repeat=&#8221;repeat&#8221; hover_enabled=&#8221;0&#8243; use_border_color=&#8221;off&#8221; border_color=&#8221;#ffffff&#8221; border_style=&#8221;solid&#8221;]<\/p>\n<p>Kontakt os p\u00e5 tlf. 72 444 444, hvis du ligesom BoConcept A\/S, <a title=\"Ans\u00f8g om 1. m\u00e5ned gratis\" href=\"https:\/\/marketingplatform.com\/da\/sign-up-danish\/\">vil v\u00e6re kunde hos MarketingPlatform.<\/a><\/p>\n<p>Vil du gerne tale med vores grundl\u00e6gger og adm. direkt\u00f8r Kim \u00d8stergaard, kan du ringe direkte p\u00e5 mobil 42 555 555 eller skrive p\u00e5 <a href=\"mailto:kim@marketingplatform.com\">kim@marketingplatform.com<\/a><\/p>\n<p>[\/et_pb_text][\/et_pb_column][\/et_pb_row][\/et_pb_section][et_pb_section fb_built=&#8221;1&#8243; custom_padding_last_edited=&#8221;on|phone&#8221; module_class=&#8221;ressourcer-signup&#8221; _builder_version=&#8221;4.0.2&#8243; background_color=&#8221;#dee7f1&#8243; custom_padding=&#8221;7%||&#8221; custom_padding_tablet=&#8221;12%||||false|false&#8221; custom_padding_phone=&#8221;17%||||false|false&#8221; top_divider_style=&#8221;asymmetric2&#8243; top_divider_color=&#8221;#ffffff&#8221; top_divider_height=&#8221;60px&#8221; global_module=&#8221;19033&#8243;][et_pb_row _builder_version=&#8221;3.25&#8243; background_size=&#8221;initial&#8221; background_position=&#8221;top_left&#8221; background_repeat=&#8221;repeat&#8221; custom_margin=&#8221;||10px&#8221; custom_padding=&#8221;||10px&#8221;][et_pb_column type=&#8221;4_4&#8243; _builder_version=&#8221;3.25&#8243; custom_padding=&#8221;|||&#8221; custom_padding__hover=&#8221;|||&#8221;][et_pb_text _builder_version=&#8221;4.0.2&#8243; text_orientation=&#8221;center&#8221;]<\/p>\n<h2 style=\"font-style: normal;\">Pr\u00f8v MarketingPlatform gratis i 14 dage<\/h2>\n<p style=\"font-style: normal;\">Pr\u00f8veperioden er gratis, helt uforpligtende og udl\u00f8ber efter 14 dage, hvis du ikke \u00f8nsker at forts\u00e6tte.<br \/> Ved tilmelding modtager du samtidig vores uddannelsesflow p\u00e5 en serie af mails \u2013 og vores nyhedsbrev.<\/p>\n<p>[\/et_pb_text][\/et_pb_column][\/et_pb_row][et_pb_row _builder_version=&#8221;4.0.2&#8243;][et_pb_column type=&#8221;4_4&#8243; _builder_version=&#8221;4.0.2&#8243;][et_pb_code _builder_version=&#8221;4.0.2&#8243; text_orientation=&#8221;center&#8221;]<a href=\"https:\/\/marketingplatform.com\/da\/gratis-proeveversion\/\" class=\"green-btn2\" style=\"background:#09cd6f; padding:18px 60px; margin-bottom:10px!important;\">Pr\u00f8v os gratis nu<\/a> <a href=\"https:\/\/marketingplatform.com\/da\/book-emailplatform-demo\/\" class=\"green-btn2\" style=\"background:#0daae2; padding:18px 70px;\">Book demo<\/a>[\/et_pb_code][\/et_pb_column][\/et_pb_row][et_pb_row _builder_version=&#8221;4.0.2&#8243; max_width=&#8221;768px&#8221; custom_margin=&#8221;15px||0px||false|false&#8221; custom_padding=&#8221;0px||0px&#8221; use_custom_width=&#8221;on&#8221; custom_width_px=&#8221;768px&#8221;][et_pb_column type=&#8221;4_4&#8243; _builder_version=&#8221;3.25&#8243; custom_padding=&#8221;|||&#8221; custom_padding__hover=&#8221;|||&#8221;][et_pb_code _builder_version=&#8221;4.0.2&#8243;]<\/p>\n<div class=\"awards-align\" ><!-- [et_pb_line_break_holder] --><\/p>\n<div style=\"float:left; width:14%; text-align:right;   margin-right: 2%;\"><!-- [et_pb_line_break_holder] --><img decoding=\"async\" src=\"https:\/\/marketingplatform.com\/wp-content\/uploads\/2020\/01\/primotours.png\" width=\"56\" style=\"margin:10px 20px 20px 0px;\"><!-- [et_pb_line_break_holder] --><\/div>\n<p><!-- [et_pb_line_break_holder] --><\/p>\n<div style=\"float:left; width:20%; text-align:center;    margin-right: 4%;\"><!-- [et_pb_line_break_holder] --><img decoding=\"async\" src=\"https:\/\/marketingplatform.com\/wp-content\/uploads\/2019\/11\/med24-gray.png\" width=\"100\" style=\"margin:20px 0px 20px 10px;\"><!-- [et_pb_line_break_holder] --><\/div>\n<p><!-- [et_pb_line_break_holder] --><\/p>\n<div style=\"float:left; width:18%;    margin-right: 1%;\"><!-- [et_pb_line_break_holder] --><img decoding=\"async\" src=\"https:\/\/marketingplatform.com\/wp-content\/uploads\/2019\/08\/cykelpartner-logo.png\" width=\"180\" style=\"margin:29px 20px 20px 0px;\"><!-- [et_pb_line_break_holder] --><\/div>\n<p><!-- [et_pb_line_break_holder] --><\/p>\n<div style=\"float:left; width:20%; text-align:center;     margin-right: 1%;\"><!-- [et_pb_line_break_holder] --><img decoding=\"async\" src=\"https:\/\/marketingplatform.com\/wp-content\/uploads\/2019\/04\/aldi-grey.png\" width=\"50\" style=\"margin:10px 0px 20px 0px;\"><!-- [et_pb_line_break_holder] --><\/div>\n<p><!-- [et_pb_line_break_holder] --><\/p>\n<div style=\"float:left; width:18%;      margin-right: 2%;  text-align: center;\"><!-- [et_pb_line_break_holder] --><img decoding=\"async\" src=\"https:\/\/marketingplatform.com\/wp-content\/uploads\/2019\/02\/verisure-logo.png\" width=\"120\" style=\"margin:18px 0px 20px 0px;\"><!-- [et_pb_line_break_holder] --><\/div>\n<p><!-- [et_pb_line_break_holder] --><\/div>\n<p>[\/et_pb_code][\/et_pb_column][\/et_pb_row][\/et_pb_section]<\/p>\n","protected":false},"excerpt":{"rendered":"<p>BoConcept A\/S \u2013 email marketing med MarketingPlatform \u201cI BoConcept anvender vi danske MarketingPlatform, som platform til vores elektroniske nyhedsbreve og dialogmarkedsf\u00f8ring. L\u00f8sningen integrerer ogs\u00e5 med MyBoConcept og vores CRM system. MarketingPlatform anvendes af ca. 45 medarbejdere i BoConcept, og vi oplever et godt samarbejde med holdet hos MarketingPlatform. Vi har i BoConcept ikke kunnet finde [&hellip;]<\/p>\n","protected":false},"author":50,"featured_media":0,"parent":432,"menu_order":0,"comment_status":"closed","ping_status":"closed","template":"","meta":{"_et_pb_use_builder":"on","_et_pb_old_content":"<h1>BoConcept A\/S - email marketing<\/h1>\r\n<h3>Email marketing strategi, sparring af organisation, design af template, leveringssikkerhed mm.<\/h3>\r\n\u00a0\r\n\r\nBoConcept har en historie der g\u00e5r helt tilbage til 1952, hvor familien \u00c6rth\u00f8j Jensen og M\u00f8lholm \u00e5bnede en m\u00f8belfabrik i Herning.\r\n\r\nHovedkontoret ligger stadigv\u00e6k i Herning, hvor vi har haft forn\u00f8jelsen af at v\u00e6re hyppig g\u00e6st gennem de seneste par \u00e5r. BoConcept er i dag en international m\u00f8belkoncern med repr\u00e6sentation i over 60 lande. MailPlatform.dk er med ude i de fleste af landene, med lokale brugerkonti, lokale skabeloner og omfattende rettighedsstyring overfor de landene.\r\n\r\n\u201cI BoConcept anvender vi danske MailPlatform, som platform til vores elektroniske nyhedsbreve og dialogmarkedsf\u00f8ring. L\u00f8sningen integrerer ogs\u00e5 med MyBoConcept og vores CRM system. MailPlatform anvendes af ca. 45 medarbejdere i BoConcept, og vi oplever et godt samarbejde med holdet hos MailPlatform. Vi har i BoConcept ikke kunnet finde noget mere brugervenligt og avanceret\u201d, fort\u00e6ller Torben Paulin der er koncerndirekt\u00f8r i BoConcept.\r\n\r\n<a href=\"https:\/\/mailplatform.dk\/wp-content\/uploads\/2012\/05\/boconcept_karim_rashid.png\"><img class=\"alignnone size-full wp-image-559\" title=\"boconcept_karim_rashid\" src=\"https:\/\/mailplatform.dk\/wp-content\/uploads\/2012\/05\/boconcept_karim_rashid.png\" alt=\"BoConcept anvender MailPlatform til udsendelse af nyhedsbreve\" width=\"534\" height=\"344\" \/><\/a>\r\n\r\n\u00a0\r\n\r\nOpgaven var sammen med marketingdirekt\u00f8ren, den online ansvarlige og den email marketing ansvarlige, at lave et totalkoncept med strategi, synergier til CRM (med bl.a. udsendelse gennem vores mailmotor af MyBoConcept og CRM mails) og et st\u00f8rre list-hygiejne projekt. Samt naturligvis at sikre den bedst mulige leveringsevne p\u00e5 tv\u00e6rs af over 50 lande.\r\n\r\nHos b\u00f8rsnoterede BoConcept A\/S, er marketingdirekt\u00f8r Palle Larsen bevidst omkring styrkerne ved email marketing. \u201dVi har flere fuldtidsressourcer, der arbejder med vores online kommunikation. Og ser en klar cross-channel effekt (her online kanalens evne til at tr\u00e6kke kunder til butikkerne, red.) - ved at udsende nyhedsbreve p\u00e5 vore mere end 50 markeder\u201d.\r\n\r\nForl\u00f8bet med BoConcept er under konstant udvikling, og underst\u00f8tter de \u00f8vrige planer som resten af forretningen har p\u00e5 omr\u00e5det.\r\n\r\nHerunder er vist et eksempel p\u00e5 integrationen af standard tilmeldingsformular fra MailPlatform.dk. Kunden har selv skabt formularen ved simpel \"klik-og-v\u00e6lg\" funktionalitet - og indsat koden i deres CMS l\u00f8sning.\r\n\r\n<a href=\"https:\/\/mailplatform.dk\/wp-content\/uploads\/2012\/05\/tilmeld_nyhedsbrev_boconcept_dk.png\"><img class=\"alignnone size-full wp-image-562\" title=\"tilmeld_nyhedsbrev_boconcept_dk\" src=\"https:\/\/mailplatform.dk\/wp-content\/uploads\/2012\/05\/tilmeld_nyhedsbrev_boconcept_dk.png\" alt=\"Tilmeldsformular p\u00e5 boconcept.dk til nyhedsbrev gennem MailPlatform.dk\" width=\"508\" height=\"275\" \/><\/a>\r\n\r\nKontakt os p\u00e5 tlf. 72 444 444, hvis du ligesom BoConcept A\/S, <a title=\"Ans\u00f8g om 1. m\u00e5ned gratis\" href=\"https:\/\/mailplatform.dk\/gratis-test-konto\/ansog-om-1-maned-gratis\/\">vil v\u00e6re kunde hos MailPlatform.dk<\/a>.\r\nVil du gerne tale med vores grundl\u00e6gger og adm. direkt\u00f8r Kim \u00d8stergaard, kan du ringe direkte p\u00e5 mobil 42 555 555 eller skrive p\u00e5 <a href=\"mailto:kim@mailplatform.dk\">kim@mailplatform.dk<\/a>\r\n<h4>Pr\u00f8v MailPlatform gratis i 30 dage<\/h4>\r\n[optin_box style=\"8\" alignment=\"left\" action=\"https:\/\/www.mailmailmail.net\/form.php?form=65\" method=\"post\" email_field=\"email\" email_default=\"Din arbejds e-mail\" integration_type=\"custom\" double_optin=\"Y\" name_field=\"CustomFields%5B2%5D\" name_default=\"Dit navn\" extra_field_1_name=\"CustomFields%5B110%5D\" extra_field_1_title=\"Firmanavn\" extra_field_2_name=\"CustomFields%5B5%5D\" extra_field_2_title=\"Telefon\"][optin_box_hidden][\/optin_box_hidden][optin_box_code]\r\n\r\n[\/optin_box_code][optin_box_field name=\"headline\"][\/optin_box_field][optin_box_field name=\"paragraph\"][\/optin_box_field][optin_box_field name=\"privacy\"]Vi passer godt p\u00e5 dine oplysninger og deler dem ikke med andre.\r\nVi optager kun seri\u00f8se virksomheder, der ikke spammer, som kunder.[\/optin_box_field][optin_box_field name=\"top_color\"]undefined[\/optin_box_field][optin_box_button type=\"0\" button_below=\"Y\"]Pr\u00f8v MailPlatform gratis[\/optin_box_button] [\/optin_box]","_et_gb_content_width":"","footnotes":""},"categories":[],"tags":[],"yst_prominent_words":[451,4878,3136,3134,81,175,180,446,4872,452,4874,696,3135,445,945,4873,4881,4884,238,4889],"_links":{"self":[{"href":"https:\/\/marketingplatform.com\/da\/wp-json\/wp\/v2\/pages\/5393"}],"collection":[{"href":"https:\/\/marketingplatform.com\/da\/wp-json\/wp\/v2\/pages"}],"about":[{"href":"https:\/\/marketingplatform.com\/da\/wp-json\/wp\/v2\/types\/page"}],"author":[{"embeddable":true,"href":"https:\/\/marketingplatform.com\/da\/wp-json\/wp\/v2\/users\/50"}],"replies":[{"embeddable":true,"href":"https:\/\/marketingplatform.com\/da\/wp-json\/wp\/v2\/comments?post=5393"}],"version-history":[{"count":1,"href":"https:\/\/marketingplatform.com\/da\/wp-json\/wp\/v2\/pages\/5393\/revisions"}],"predecessor-version":[{"id":51706,"href":"https:\/\/marketingplatform.com\/da\/wp-json\/wp\/v2\/pages\/5393\/revisions\/51706"}],"up":[{"embeddable":true,"href":"https:\/\/marketingplatform.com\/da\/wp-json\/wp\/v2\/pages\/432"}],"wp:attachment":[{"href":"https:\/\/marketingplatform.com\/da\/wp-json\/wp\/v2\/media?parent=5393"}],"wp:term":[{"taxonomy":"category","embeddable":true,"href":"https:\/\/marketingplatform.com\/da\/wp-json\/wp\/v2\/categories?post=5393"},{"taxonomy":"post_tag","embeddable":true,"href":"https:\/\/marketingplatform.com\/da\/wp-json\/wp\/v2\/tags?post=5393"},{"taxonomy":"yst_prominent_words","embeddable":true,"href":"https:\/\/marketingplatform.com\/da\/wp-json\/wp\/v2\/yst_prominent_words?post=5393"}],"curies":[{"name":"wp","href":"https:\/\/api.w.org\/{rel}","templated":true}]}}