{"id":5289,"date":"2017-04-11T10:31:53","date_gmt":"2017-04-11T08:31:53","guid":{"rendered":"https:\/\/marketingplatform.com\/?page_id=5289\/"},"modified":"2017-06-15T15:13:58","modified_gmt":"2017-06-15T13:13:58","slug":"nyhedsbrevet-der-selv-finder-ud-af-hvor-du-bor","status":"publish","type":"page","link":"https:\/\/marketingplatform.com\/da\/nyhedsbrevet-der-selv-finder-ud-af-hvor-du-bor\/","title":{"rendered":"Nyhedsbrevet der selv finder ud af hvor du bor"},"content":{"rendered":"<p>[et_pb_section background_image=&#8221;https:\/\/marketingplatform.com\/wp-content\/uploads\/2017\/03\/top-backcolor-132.png&#8221; transparent_background=&#8221;off&#8221; allow_player_pause=&#8221;off&#8221; inner_shadow=&#8221;off&#8221; parallax=&#8221;off&#8221; parallax_method=&#8221;off&#8221; custom_padding=&#8221;0px||0px|&#8221; make_fullwidth=&#8221;off&#8221; use_custom_width=&#8221;off&#8221; width_unit=&#8221;on&#8221; custom_width_px=&#8221;1080px&#8221; custom_width_percent=&#8221;80%&#8221; make_equal=&#8221;off&#8221; use_custom_gutter=&#8221;off&#8221; fullwidth=&#8221;off&#8221; specialty=&#8221;off&#8221; admin_label=&#8221;section&#8221; disabled=&#8221;off&#8221;][et_pb_row make_fullwidth=&#8221;off&#8221; use_custom_width=&#8221;off&#8221; width_unit=&#8221;off&#8221; custom_width_px=&#8221;1080px&#8221; custom_width_percent=&#8221;80%&#8221; use_custom_gutter=&#8221;off&#8221; gutter_width=&#8221;3&#8243; allow_player_pause=&#8221;off&#8221; parallax=&#8221;off&#8221; parallax_method=&#8221;on&#8221; make_equal=&#8221;off&#8221; parallax_1=&#8221;off&#8221; parallax_method_1=&#8221;on&#8221; parallax_2=&#8221;off&#8221; parallax_method_2=&#8221;on&#8221; parallax_3=&#8221;off&#8221; parallax_method_3=&#8221;on&#8221; parallax_4=&#8221;off&#8221; parallax_method_4=&#8221;on&#8221; admin_label=&#8221;row&#8221; disabled=&#8221;off&#8221;][et_pb_column type=&#8221;4_4&#8243; disabled=&#8221;off&#8221; parallax=&#8221;off&#8221; parallax_method=&#8221;on&#8221;][et_pb_text background_layout=&#8221;light&#8221; text_orientation=&#8221;center&#8221; admin_label=&#8221;Text&#8221; header_font=&#8221;Open Sans||||&#8221; header_text_color=&#8221;#ffffff&#8221; text_font=&#8221;Open Sans||||&#8221; text_font_size=&#8221;16&#8243; text_text_color=&#8221;#ffffff&#8221; use_border_color=&#8221;off&#8221; border_style=&#8221;solid&#8221; disabled=&#8221;off&#8221;]<\/p>\n<h1>Nyhedsbrevet der selv finder ud af hvor du bor<\/h1>\n<p>[\/et_pb_text][\/et_pb_column][\/et_pb_row][\/et_pb_section][et_pb_section transparent_background=&#8221;off&#8221; allow_player_pause=&#8221;off&#8221; inner_shadow=&#8221;off&#8221; parallax=&#8221;off&#8221; parallax_method=&#8221;on&#8221; make_fullwidth=&#8221;off&#8221; use_custom_width=&#8221;off&#8221; width_unit=&#8221;off&#8221; custom_width_px=&#8221;1080px&#8221; custom_width_percent=&#8221;80%&#8221; make_equal=&#8221;off&#8221; use_custom_gutter=&#8221;off&#8221; fullwidth=&#8221;off&#8221; specialty=&#8221;off&#8221; admin_label=&#8221;section&#8221; disabled=&#8221;off&#8221;][et_pb_row make_fullwidth=&#8221;off&#8221; use_custom_width=&#8221;off&#8221; width_unit=&#8221;off&#8221; custom_width_px=&#8221;1080px&#8221; custom_width_percent=&#8221;80%&#8221; use_custom_gutter=&#8221;off&#8221; gutter_width=&#8221;3&#8243; allow_player_pause=&#8221;off&#8221; parallax=&#8221;off&#8221; parallax_method=&#8221;on&#8221; make_equal=&#8221;off&#8221; parallax_1=&#8221;off&#8221; parallax_method_1=&#8221;on&#8221; parallax_2=&#8221;off&#8221; parallax_method_2=&#8221;on&#8221; parallax_3=&#8221;off&#8221; parallax_method_3=&#8221;on&#8221; parallax_4=&#8221;off&#8221; parallax_method_4=&#8221;on&#8221; admin_label=&#8221;row&#8221; disabled=&#8221;off&#8221;][et_pb_column type=&#8221;4_4&#8243; disabled=&#8221;off&#8221; parallax=&#8221;off&#8221; parallax_method=&#8221;on&#8221;][et_pb_text background_layout=&#8221;light&#8221; text_orientation=&#8221;left&#8221; admin_label=&#8221;Text&#8221; use_border_color=&#8221;off&#8221; border_style=&#8221;solid&#8221; disabled=&#8221;off&#8221;]<\/p>\n<h4>Du tager en liste med flere hundrede danske byer, og kombinerer den med 53.000 s\u00e6t af danske IP-adresser.<\/h4>\n<p>Det giver et komplet geografisk billede af alle danske Internetforbindelser.<\/p>\n<p>L\u00f8sningen rummer store muligheder for f.eks. rejsebranchen, detailk\u00e6der, restaurantk\u00e6der og andre med flere geografiske placeringer. Ogs\u00e5 B2B akt\u00f8rer, med behov for at binde forhandlere geografisk til deres modtagere, kan opn\u00e5 store gevinster med Geo-IP l\u00f8sningen fra danske MarketingPlatform.<\/p>\n<h4>P\u00e5 Internettet efterlader du digitale spor<\/h4>\n<p>N\u00e5r du forbinder til internettet efterlader du bl.a. geografiske spor. Sporene er bundet til den IP-adresse din internetudbyder tildeler dig. I praksis betyder det, at hver gang du bruger nettet, vil din internetforbindelse fort\u00e6lle hvor du nogenlunde befinder dig.<\/p>\n<p><a href=\"..\/..\/wp-content\/uploads\/2017\/04\/geolocation-mailplatform-1.jpg\"><img decoding=\"async\" loading=\"lazy\" class=\"alignleft size-full wp-image-1760\" src=\"..\/..\/wp-content\/uploads\/2017\/04\/geolocation-mailplatform-1.jpg\" alt=\"geolocation-mailplatform\" width=\"405\" height=\"296\" \/><\/a><\/p>\n<p>Disse spor anvender danske MarketingPlatform. Det er kun internetudbyderen, og naturligvis myndighederne, der kan binde et elektronisk fodaftryk direkte sammen med en bestemt person. Men kender man personen, er den modsatte anskuelse meget interessant i markedsf\u00f8ringm\u00e6ssig sammenh\u00e6ng. Som minimum kender et email marketing system modtagernes mailadresse.<\/p>\n<p>&#8220;Ved at sammenligne grupper af IP-adresser med modtagerens unikke IP-adresse, n\u00e5r de f.eks klikker i et nyhedsbrev, kan vi rimeligt pr\u00e6cist fastsl\u00e5 deres geografiske placering&#8221;, fort\u00e6ller Kim \u00d8stergaard, der har grundlagt MarketingPlatform. Firmaet har identificeret mere end 53.000 s\u00e6t danske IP-adresser i deres l\u00f8sning.<\/p>\n<p>&#8220;I praksis kan en kampagne m\u00e5lrettes modtagere i en eller flere byer, og eller regioner ganske automatisk&#8221;, forts\u00e6tter Jesper Munkholm der er partner i virksomheden.<\/p>\n<p>&nbsp;<\/p>\n<h4>Hvem kan bruge den geografiske viden<\/h4>\n<p>Butiksk\u00e6der med forskellige geografiske placeringer, kan m\u00e5lrette deres tilbud til de enkelte butikker og omr\u00e5der. Dealsites, der ofte har tilbud m\u00e5lrettet de enkelte byer, har ogs\u00e5 et stort \u00f8konomisk incitament i den geografiske segmentering.<\/p>\n<p>Adskillige unders\u00f8gelser viser, at segmenterede nyhedsbreve virker 4-10 gange bedre end &#8220;en til mange&#8221; udsendelser.<\/p>\n<p>&#8220;Det er allerede muligt, med vores l\u00f8sning, at l\u00e6re af modtagerne aktive adf\u00e6rd, opsamle viden p\u00e5 tv\u00e6rs af modtagerne, og naturligvis lade den enkelte modtager opdatere sine oplysninger. Nu tilf\u00f8jer vi en passiv l\u00e6ring, hvor modtagernes stamkort automatisk opdateres med en geografisk profil&#8221;, forts\u00e6tter Kim \u00d8stergaard.<\/p>\n<p>Rejsebranchen ved der er stor forskel p\u00e5, hvor kunder fra forskellige omr\u00e5der af Danmark v\u00e6lger at holde ferie. Kunder p\u00e5 Amager har flere ting til f\u00e6lles med personer fra Trekantsomr\u00e5det, end de har med kunder i indre K\u00f8benhavn. Med Geo-IP targeting kan denne oplysning anvendes i MarketingPlatform til simple segmenter, avancerede segmenter, Dynamic Content eller Relevant Content.<\/p>\n<p>&nbsp;<\/p>\n<h4>Perspektiverne med Big Data og Geo-IP<\/h4>\n<p>&#8220;Vi arbejder lige nu p\u00e5 at udbygge vores anvendelse af Big Data, s\u00e5 det virker sammen med Geo-IP. P\u00e5 den m\u00e5de kan flokadf\u00e6rden fra Big Data g\u00f8res afh\u00e6ngig af Geo-IP oplysninger&#8221;, perspektiverer Kim \u00d8stergaard.<\/p>\n<p>Et eksempel kunne v\u00e6re en isenkrammerk\u00e6de, der har butikker fordelt over hele Danmark. Ud fra Relevant Content kan de udskifte produkter i nyhedsbrevet, der baserer sig p\u00e5 den enkelte modtagers profil. Ved at tils\u00e6tte Big Data udvides datas\u00e6ttet til at g\u00e5 p\u00e5 tv\u00e6rs af alle k\u00e6dens modtagere i nyhedsbrevsl\u00f8sningen.<\/p>\n<p>Kombineres ovenn\u00e6vnte, med de geografiske informationer fra Geo-IP, kan Big Data l\u00e6re af andre modtagere, fra samme omr\u00e5de, og dermed \u00f8ge relevansen af indholdet. Alts\u00e5 en naturlig overbygning p\u00e5 Relevant Content konkluderer holdet bag MarketingPlatform.<\/p>\n<p>&nbsp;<\/p>\n<h4>Fakta om MarketingPlatform<\/h4>\n<p>Firmaet er grundlagt i slutningen af 2011 af Kim \u00d8stergaard, der har arbejdet med email marketing og eCommerce i over 15 \u00e5r. Han har bl.a. v\u00e6ret online ansvarlig for opbygningen af t\u00f8jvirksomheden Bestseller&#8217;s Multi-Channel aktiviteter, v\u00e6ret medstifter af TrendyBaby og en af de f\u00f8rste betydende online resellere af computer hardware tilbage i 1998.<\/p>\n<p>MarketingPlatform besk\u00e6ftiger 8 medarbejdere i Danmark, med base fra firmaets kontorer i Vejen, 12 udviklere p\u00e5 Balkan og landechefer i en r\u00e6kke lande.<\/p>\n<p>MarketingPlatform har mere end 1.000 danske kunder, der alle er startet med en gratis pr\u00f8veperiode. Blandt kunderne er Egmont, Trollbeads, Billetlugen, Blockbuster, SOS Dansk Autohj\u00e6lp, BoConcept, CBS, Guldbageren, Kop &amp; Kande, Sampenskon, Skoringen, Mr., Kvik, NEYE og Toyota.<\/p>\n<p><a title=\"Medarbejdere hos MarketingPlatform\" href=\"..\/om-os\/\">L\u00e6s mere om medarbejderne i MarketingPlatform<\/a>.<\/p>\n<p>[\/et_pb_text][\/et_pb_column][\/et_pb_row][\/et_pb_section]<\/p>\n","protected":false},"excerpt":{"rendered":"<p>Nyhedsbrevet der selv finder ud af hvor du bor Du tager en liste med flere hundrede danske byer, og kombinerer den med 53.000 s\u00e6t af danske IP-adresser. Det giver et komplet geografisk billede af alle danske Internetforbindelser. L\u00f8sningen rummer store muligheder for f.eks. rejsebranchen, detailk\u00e6der, restaurantk\u00e6der og andre med flere geografiske placeringer. Ogs\u00e5 B2B akt\u00f8rer, [&hellip;]<\/p>\n","protected":false},"author":50,"featured_media":0,"parent":0,"menu_order":0,"comment_status":"closed","ping_status":"closed","template":"","meta":{"_et_pb_use_builder":"on","_et_pb_old_content":"<h3><b>Du tager en liste med flere hundrede danske byer, og kombinerer den med 53.000 s\u00e6t af danske IP-adresser. Det giver et komplet geografisk billede af alle danske Internetforbindelser.\u00a0<\/b><\/h3><p>\u00a0<\/p><p>L\u00f8sningen rummer store muligheder for f.eks. rejsebranchen, detailk\u00e6der, restaurantk\u00e6der og andre med flere geografiske placeringer. Ogs\u00e5 B2B akt\u00f8rer, med behov for at binde forhandlere geografisk til deres modtagere, kan opn\u00e5 store gevinster med Geo-IP l\u00f8sningen fra danske MarketingPlatform.<\/p><p>\u00a0<\/p><h4><b>P\u00e5 Internettet efterlader du digitale spor<\/b><\/h4><p>N\u00e5r du forbinder til internettet efterlader du bl.a. geografiske spor. Sporene er bundet til den IP-adresse din internetudbyder tildeler dig. I praksis betyder det, at hver gang du bruger nettet, vil din internetforbindelse fort\u00e6lle hvor du nogenlunde befinder dig.<\/p><p><a href=\"https:\/\/mailplatform.dk\/wp-content\/uploads\/2013\/12\/geolocation-mailplatform.jpg\"><img class=\"alignleft size-full wp-image-1760\" src=\"https:\/\/mailplatform.dk\/wp-content\/uploads\/2013\/12\/geolocation-mailplatform.jpg\" alt=\"geolocation-mailplatform\" width=\"405\" height=\"296\" \/><\/a><\/p><p>Disse spor anvender danske MarketingPlatform. Det er kun internetudbyderen, og naturligvis myndighederne, der kan binde et elektronisk fodaftryk direkte sammen med en bestemt person. Men kender man personen, er den modsatte anskuelse meget interessant i markedsf\u00f8ringm\u00e6ssig sammenh\u00e6ng. Som minimum kender et email marketing system modtagernes mailadresse.<\/p><p>\"Ved at sammenligne grupper af IP-adresser med modtagerens unikke IP-adresse, n\u00e5r de f.eks klikker i et nyhedsbrev, kan vi rimeligt pr\u00e6cist fastsl\u00e5 deres geografiske placering\", fort\u00e6ller Kim \u00d8stergaard, der har grundlagt MarketingPlatform. Firmaet har identificeret mere end 53.000 s\u00e6t danske IP-adresser i deres l\u00f8sning.<\/p><p>\"I praksis kan en kampagne m\u00e5lrettes modtagere i en eller flere byer, og eller regioner ganske automatisk\", forts\u00e6tter Jesper Munkholm der er partner i virksomheden.<\/p><p>\u00a0<\/p><h4><b>Hvem kan bruge den geografiske viden<\/b><\/h4><p>Butiksk\u00e6der med forskellige geografiske placeringer, kan m\u00e5lrette deres tilbud til de enkelte butikker og omr\u00e5der. Dealsites, der ofte har tilbud m\u00e5lrettet de enkelte byer, har ogs\u00e5 et stort \u00f8konomisk incitament i den geografiske segmentering.<\/p><p>Adskillige unders\u00f8gelser viser, at segmenterede nyhedsbreve virker 4-10 gange bedre end \"en til mange\" udsendelser.<\/p><p>\"Det er allerede muligt, med vores l\u00f8sning, at l\u00e6re af modtagerne aktive adf\u00e6rd, opsamle viden p\u00e5 tv\u00e6rs af modtagerne, og naturligvis lade den enkelte modtager opdatere sine oplysninger. Nu tilf\u00f8jer vi en passiv l\u00e6ring, hvor modtagernes stamkort automatisk opdateres med en geografisk profil\", forts\u00e6tter Kim \u00d8stergaard.<\/p><p>Rejsebranchen ved der er stor forskel p\u00e5, hvor kunder fra forskellige omr\u00e5der af Danmark v\u00e6lger at holde ferie. Kunder p\u00e5 Amager har flere ting til f\u00e6lles med personer fra Trekantsomr\u00e5det, end de har med kunder i indre K\u00f8benhavn. Med Geo-IP targeting kan denne oplysning anvendes i MarketingPlatform til simple segmenter, avancerede segmenter, Dynamic Content eller Relevant Content.<\/p><p>\u00a0<\/p><h4><b>Perspektiverne med Big Data og Geo-IP<\/b><\/h4><p>\"Vi arbejder lige nu p\u00e5 at udbygge vores anvendelse af Big Data, s\u00e5 det virker sammen med Geo-IP. P\u00e5 den m\u00e5de kan flokadf\u00e6rden fra Big Data g\u00f8res afh\u00e6ngig af Geo-IP oplysninger\", perspektiverer Kim \u00d8stergaard.<\/p><p>Et eksempel kunne v\u00e6re en isenkrammerk\u00e6de, der har butikker fordelt over hele Danmark. Ud fra Relevant Content kan de udskifte produkter i nyhedsbrevet, der baserer sig p\u00e5 den enkelte modtagers profil. Ved at tils\u00e6tte Big Data udvides datas\u00e6ttet til at g\u00e5 p\u00e5 tv\u00e6rs af alle k\u00e6dens modtagere i nyhedsbrevsl\u00f8sningen.<\/p><p>Kombineres ovenn\u00e6vnte, med de geografiske informationer fra Geo-IP, kan Big Data l\u00e6re af andre modtagere, fra samme omr\u00e5de, og dermed \u00f8ge relevansen af indholdet. Alts\u00e5 en naturlig overbygning p\u00e5 Relevant Content konkluderer holdet bag MarketingPlatform.<\/p><p>\u00a0<\/p><h4><b>Fakta om MarketingPlatform<\/b><\/h4><p>Firmaet er grundlagt i slutningen af 2011 af Kim \u00d8stergaard, der har arbejdet med email marketing og eCommerce i over 15 \u00e5r. Han har bl.a. v\u00e6ret online ansvarlig for opbygningen af t\u00f8jvirksomheden Bestseller's Multi-Channel aktiviteter, v\u00e6ret medstifter af TrendyBaby og en af de f\u00f8rste betydende online resellere af computer hardware tilbage i 1998.<\/p><p>MarketingPlatform besk\u00e6ftiger 6 medarbejdere i Danmark, med base fra firmaets kontorer i Vejen, 4 udviklere p\u00e5 Balkan og landechefer i en r\u00e6kke lande.<\/p><p>MarketingPlatform har mere end 1.000 danske kunder, der alle er startet med en 30 dages gratis pr\u00f8veperiode. Blandt kunderne er Billetlugen, Blockbuster, SOS Dansk Autohj\u00e6lp, BoConcept, CBS, Guldbageren, Kop & Kande, Sampenskon, Skoringen, Mr., Kvik, NEYE og Toyota.<\/p><p><a title=\"Medarbejdere hos MarketingPlatform\" href=\"https:\/\/marketingplatform.com\/da\/om-os\/\">L\u00e6s mere om medarbejderne i MarketingPlatform<\/a>.<\/p>","_et_gb_content_width":"","footnotes":""},"categories":[],"tags":[],"yst_prominent_words":[1994,257,1989,1995,1993,212,180,1992,1996,1988,87,282,375,124,1991,1990,380,629,1201,782],"_links":{"self":[{"href":"https:\/\/marketingplatform.com\/da\/wp-json\/wp\/v2\/pages\/5289"}],"collection":[{"href":"https:\/\/marketingplatform.com\/da\/wp-json\/wp\/v2\/pages"}],"about":[{"href":"https:\/\/marketingplatform.com\/da\/wp-json\/wp\/v2\/types\/page"}],"author":[{"embeddable":true,"href":"https:\/\/marketingplatform.com\/da\/wp-json\/wp\/v2\/users\/50"}],"replies":[{"embeddable":true,"href":"https:\/\/marketingplatform.com\/da\/wp-json\/wp\/v2\/comments?post=5289"}],"version-history":[{"count":0,"href":"https:\/\/marketingplatform.com\/da\/wp-json\/wp\/v2\/pages\/5289\/revisions"}],"wp:attachment":[{"href":"https:\/\/marketingplatform.com\/da\/wp-json\/wp\/v2\/media?parent=5289"}],"wp:term":[{"taxonomy":"category","embeddable":true,"href":"https:\/\/marketingplatform.com\/da\/wp-json\/wp\/v2\/categories?post=5289"},{"taxonomy":"post_tag","embeddable":true,"href":"https:\/\/marketingplatform.com\/da\/wp-json\/wp\/v2\/tags?post=5289"},{"taxonomy":"yst_prominent_words","embeddable":true,"href":"https:\/\/marketingplatform.com\/da\/wp-json\/wp\/v2\/yst_prominent_words?post=5289"}],"curies":[{"name":"wp","href":"https:\/\/api.w.org\/{rel}","templated":true}]}}