{"id":52715,"date":"2020-03-03T15:26:03","date_gmt":"2020-03-03T14:26:03","guid":{"rendered":"https:\/\/marketingplatform.com\/?page_id=52715"},"modified":"2021-07-09T13:51:16","modified_gmt":"2021-07-09T11:51:16","slug":"med24-bruger-marketingplatform","status":"publish","type":"page","link":"https:\/\/marketingplatform.com\/da\/med24-bruger-marketingplatform\/","title":{"rendered":"Med24 bruger MarketingPlatform"},"content":{"rendered":"<p>[et_pb_section fb_built=&#8221;1&#8243; _builder_version=&#8221;3.23.3&#8243;][et_pb_row _builder_version=&#8221;3.25&#8243;][et_pb_column type=&#8221;4_4&#8243; _builder_version=&#8221;3.25&#8243; custom_padding=&#8221;|||&#8221; custom_padding__hover=&#8221;|||&#8221;][et_pb_image src=&#8221;https:\/\/marketingplatform.com\/wp-content\/uploads\/2020\/03\/med24-logo-2.png&#8221; align=&#8221;center&#8221; _builder_version=&#8221;4.0.2&#8243; width=&#8221;34%&#8221; custom_padding=&#8221;||&#8221;][\/et_pb_image][et_pb_text _builder_version=&#8221;3.27.4&#8243; module_alignment=&#8221;center&#8221;]<\/p>\n<h1><\/h1>\n<h1><\/h1>\n<h1>Med24 bruger MarketingPlatform<\/h1>\n<p><em>Med24 er en af Danmarks f\u00f8rende leverand\u00f8rer af kosttilskud med flere end 18.000 produkter i sortiment. Virksomheden der ligger i feriebyen L\u00f8kken, er blandt de absolut mest professionelle online retailere i Danmark.<\/em><\/p>\n<p>Med24 er delvist ejet af stifterne Nils Tr\u00e6holt og Kristian Brinkmann samt af Egmont. Med MarketingPlatform sender de hver eneste uge talrige kampagner til deres fire markeder. Faktisk bliver det til s\u00e5 mange kampagner, at der hvert eneste \u00e5r generes flere tusinde af slagsen.<\/p>\n<p>\u201cHos Med24 arbejder i gennemsnit 2.5 fuldtidsmedarbejder konstant i MarketingPlatform. Det stiller krav til hastighed og robusthed af platformen. Bare f\u00e5 sekunders ventetid betyder stor irritation hos medarbejderne. Holdet bag MarketingPlatform er gode til at lytte til os, de vil gerne l\u00e6re af vores erfaringer med platformen, \u00f8nsker til forbedringer &#8211; kort sagt har vi en god og konstruktiv dialog,&#8221; fort\u00e6ller Nils Tr\u00e6holt.<\/p>\n<p>[\/et_pb_text][\/et_pb_column][\/et_pb_row][\/et_pb_section][et_pb_section fb_built=&#8221;1&#8243; prev_background_color=&#8221;#ffffff&#8221; next_background_color=&#8221;#ffffff&#8221; _builder_version=&#8221;3.23.3&#8243; background_color=&#8221;#dee7f1&#8243; custom_padding=&#8221;50px||50px&#8221; top_divider_style=&#8221;asymmetric2&#8243; top_divider_height=&#8221;61px&#8221; bottom_divider_style=&#8221;asymmetric2&#8243; bottom_divider_height=&#8221;57px&#8221; bottom_divider_flip=&#8221;vertical|horizontal&#8221;][et_pb_row use_custom_gutter=&#8221;on&#8221; make_equal=&#8221;on&#8221; _builder_version=&#8221;3.25&#8243; background_color=&#8221;rgba(0,0,0,0)&#8221;][et_pb_column type=&#8221;4_4&#8243; _builder_version=&#8221;3.25&#8243; custom_padding=&#8221;|||&#8221; custom_padding__hover=&#8221;|||&#8221;][et_pb_image src=&#8221;https:\/\/marketingplatform.com\/wp-content\/uploads\/2020\/03\/2020-03-03.png&#8221; _builder_version=&#8221;4.0.2&#8243; width=&#8221;9%&#8221; max_width=&#8221;100%&#8221; module_alignment=&#8221;center&#8221; custom_margin=&#8221;||10px&#8221; custom_padding=&#8221;||0px&#8221;][\/et_pb_image][et_pb_text _builder_version=&#8221;3.27.4&#8243; text_font=&#8221;||||||||&#8221; text_font_size=&#8221;18px&#8221; header_font=&#8221;||||||||&#8221; header_text_align=&#8221;center&#8221; text_orientation=&#8221;center&#8221; width=&#8221;70%&#8221; module_alignment=&#8221;center&#8221; custom_padding=&#8221;0px|33px|33px|33px&#8221; text_text_align=&#8221;center&#8221;]<\/p>\n<h4>Nils Tr\u00e6holt, medstifter, Med24<\/h4>\n<p>&#8220;<span style=\"font-weight: 400;\">Holdet bag MarketingPlatform er gode til at lytte til os, de vil gerne l\u00e6re af vores erfaringer med platformen, \u00f8nsker til forbedringer &#8211; kort sagt har vi en god og konstruktiv dialog.<\/span>&#8220;<\/p>\n<p>[\/et_pb_text][\/et_pb_column][\/et_pb_row][\/et_pb_section][et_pb_section fb_built=&#8221;1&#8243; _builder_version=&#8221;3.23.3&#8243;][et_pb_row _builder_version=&#8221;3.25&#8243; custom_padding=&#8221;||0px|||&#8221;][et_pb_column type=&#8221;4_4&#8243; _builder_version=&#8221;3.25&#8243; custom_padding=&#8221;|||&#8221; custom_padding__hover=&#8221;|||&#8221;][et_pb_text _builder_version=&#8221;4.0.2&#8243; module_alignment=&#8221;center&#8221;]<\/p>\n<p>&#8220;Det er selvklart, at en kunde som Med24 betyder meget for vores virksomhed,&#8221; fort\u00e6ller grundl\u00e6gger og adm. direkt\u00f8r i MarketingPlatform, Kim \u00d8stergaard. Uden loyale kunder, hvor netop dialogen er i h\u00f8js\u00e6de, kan vi ikke levere en optimal l\u00f8sning.<\/p>\n<p>Med24 producerer hver eneste m\u00e5ned 8 kampagner til 4 lande i MarketingPlatform. De har flere tusinde kampagner i platformen og oplever en fantastisk respons p\u00e5 de udsendte kampagner.<\/p>\n<p>Med24 kom til os fra en af de store amerikanske l\u00f8sninger. De anvender alle facetter af eCommerce l\u00f8sningen, der giver mulighed for CDP p\u00e5 ordredata fra webshoppen.<\/p>\n<p>&nbsp;<\/p>\n<p><span>Vil du se hvordan ogs\u00e5\u00a0<\/span><em>du<\/em><span>\u00a0kan f\u00e5 forbedrede resultater med MarketingPlatform?\u00a0<\/span><a href=\"https:\/\/marketingplatform.com\/da\/book-marketingplatform-demo\/\">Book en gratis demo<\/a><span>\u00a0eller\u00a0<\/span><a href=\"https:\/\/marketingplatform.com\/da\/gratis-proeveversion\/\">pr\u00f8v platformen i 14 dage<\/a><span>\u00a0uden forpligtelse.<\/span><\/p>\n<p>[\/et_pb_text][\/et_pb_column][\/et_pb_row][\/et_pb_section][et_pb_section fb_built=&#8221;1&#8243; custom_padding_last_edited=&#8221;on|phone&#8221; module_class=&#8221;ressourcer-signup&#8221; _builder_version=&#8221;4.9.3&#8243; background_color=&#8221;#dee7f1&#8243; background_enable_color=&#8221;off&#8221; custom_padding=&#8221;||||false|false&#8221; custom_padding_tablet=&#8221;||||false|false&#8221; custom_padding_phone=&#8221;||||false|false&#8221; top_divider_style=&#8221;asymmetric2&#8243; top_divider_color=&#8221;#ffffff&#8221; top_divider_height=&#8221;60px&#8221; global_module=&#8221;19033&#8243; saved_tabs=&#8221;all&#8221;][et_pb_row custom_padding_last_edited=&#8221;on|phone&#8221; _builder_version=&#8221;4.5.3&#8243; background_color=&#8221;#152872&#8243; background_size=&#8221;initial&#8221; background_position=&#8221;top_left&#8221; background_repeat=&#8221;repeat&#8221; custom_margin=&#8221;||||false|false&#8221; custom_padding=&#8221;100px||100px||false|false&#8221; custom_padding_tablet=&#8221;50px|20px|50px|20px|false|false&#8221; custom_padding_phone=&#8221;40px||||false|false&#8221; border_radii=&#8221;on|22px|22px|22px|22px&#8221;][et_pb_column type=&#8221;4_4&#8243; _builder_version=&#8221;3.25&#8243; custom_padding=&#8221;|||&#8221; custom_padding__hover=&#8221;|||&#8221;][et_pb_text _builder_version=&#8221;4.5.3&#8243; text_text_color=&#8221;#ffffff&#8221; header_2_font=&#8221;|800|||||||&#8221; header_2_text_color=&#8221;#ffffff&#8221; text_orientation=&#8221;center&#8221;]<\/p>\n<h2>Pr\u00f8v MarketingPlatform gratis i 14 dage<\/h2>\n<p><span style=\"color:#fff;\">Pr\u00f8veperioden er gratis, helt uforpligtende og udl\u00f8ber efter 14 dage, hvis du ikke \u00f8nsker at forts\u00e6tte.<br \/>\nVed tilmelding modtager du samtidig vores uddannelsesflow p\u00e5 en serie af mails \u2013 og vores nyhedsbrev.<\/span>[\/et_pb_text][et_pb_code _builder_version=&#8221;4.5.3&#8243; _module_preset=&#8221;default&#8221; width=&#8221;40%&#8221; width_tablet=&#8221;100%&#8221; width_phone=&#8221;95%&#8221; width_last_edited=&#8221;on|tablet&#8221; module_alignment=&#8221;center&#8221;]<a href=\"https:\/\/marketingplatform.com\/da\/book-emailplatform-demo\/\"><\/p>\n<div class=\"bookdemobtn\">Book demo<\/div>\n<p><\/a><!-- [et_pb_line_break_holder] --><a href=\"https:\/\/marketingplatform.com\/da\/gratis-proeveversion\/\"><\/p>\n<div class=\"signupbtn\">Pr\u00f8v os gratis<\/div>\n<p><\/a><!-- [et_pb_line_break_holder] --><\/p>\n<div class=\"clearfix\"><\/div>\n<p>[\/et_pb_code][\/et_pb_column][\/et_pb_row][\/et_pb_section]<\/p>\n","protected":false},"excerpt":{"rendered":"<p>Med24 bruger MarketingPlatform Med24 er en af Danmarks f\u00f8rende leverand\u00f8rer af kosttilskud med flere end 18.000 produkter i sortiment. Virksomheden der ligger i feriebyen L\u00f8kken, er blandt de absolut mest professionelle online retailere i Danmark. Med24 er delvist ejet af stifterne Nils Tr\u00e6holt og Kristian Brinkmann samt af Egmont. Med MarketingPlatform sender de hver eneste [&hellip;]<\/p>\n","protected":false},"author":50,"featured_media":0,"parent":0,"menu_order":0,"comment_status":"closed","ping_status":"closed","template":"","meta":{"_et_pb_use_builder":"on","_et_pb_old_content":"","_et_gb_content_width":"","footnotes":""},"categories":[],"tags":[],"yst_prominent_words":[15232,15224,15228,15234,15239,15230,15242,15223,15240,15231,15225,15235,15227,15237,15236,15241,15238,15226,15229,15233],"_links":{"self":[{"href":"https:\/\/marketingplatform.com\/da\/wp-json\/wp\/v2\/pages\/52715"}],"collection":[{"href":"https:\/\/marketingplatform.com\/da\/wp-json\/wp\/v2\/pages"}],"about":[{"href":"https:\/\/marketingplatform.com\/da\/wp-json\/wp\/v2\/types\/page"}],"author":[{"embeddable":true,"href":"https:\/\/marketingplatform.com\/da\/wp-json\/wp\/v2\/users\/50"}],"replies":[{"embeddable":true,"href":"https:\/\/marketingplatform.com\/da\/wp-json\/wp\/v2\/comments?post=52715"}],"version-history":[{"count":8,"href":"https:\/\/marketingplatform.com\/da\/wp-json\/wp\/v2\/pages\/52715\/revisions"}],"predecessor-version":[{"id":69432,"href":"https:\/\/marketingplatform.com\/da\/wp-json\/wp\/v2\/pages\/52715\/revisions\/69432"}],"wp:attachment":[{"href":"https:\/\/marketingplatform.com\/da\/wp-json\/wp\/v2\/media?parent=52715"}],"wp:term":[{"taxonomy":"category","embeddable":true,"href":"https:\/\/marketingplatform.com\/da\/wp-json\/wp\/v2\/categories?post=52715"},{"taxonomy":"post_tag","embeddable":true,"href":"https:\/\/marketingplatform.com\/da\/wp-json\/wp\/v2\/tags?post=52715"},{"taxonomy":"yst_prominent_words","embeddable":true,"href":"https:\/\/marketingplatform.com\/da\/wp-json\/wp\/v2\/yst_prominent_words?post=52715"}],"curies":[{"name":"wp","href":"https:\/\/api.w.org\/{rel}","templated":true}]}}