{"id":5237,"date":"2017-04-07T11:37:32","date_gmt":"2017-04-07T09:37:32","guid":{"rendered":"https:\/\/marketingplatform.com\/?page_id=5237\/"},"modified":"2021-03-17T20:46:52","modified_gmt":"2021-03-17T19:46:52","slug":"artikler","status":"publish","type":"page","link":"https:\/\/marketingplatform.com\/da\/artikler\/","title":{"rendered":"Artikler"},"content":{"rendered":"<p>[et_pb_section fb_built=&#8221;1&#8243; admin_label=&#8221;Section&#8221; _builder_version=&#8221;3.22&#8243; transparent_background=&#8221;off&#8221;][et_pb_row admin_label=&#8221;Row&#8221; _builder_version=&#8221;3.25&#8243; background_size=&#8221;initial&#8221; background_position=&#8221;top_left&#8221; background_repeat=&#8221;repeat&#8221;][et_pb_column type=&#8221;4_4&#8243; _builder_version=&#8221;3.25&#8243; custom_padding=&#8221;|||&#8221; custom_padding__hover=&#8221;|||&#8221;][et_pb_text admin_label=&#8221;Text&#8221; _builder_version=&#8221;4.5.3&#8243; background_size=&#8221;initial&#8221; background_position=&#8221;top_left&#8221; background_repeat=&#8221;repeat&#8221; hover_enabled=&#8221;0&#8243; use_border_color=&#8221;off&#8221; border_style=&#8221;solid&#8221; header_font=&#8221;|800|||||||&#8221;]<\/p>\n<h1>Artikler<\/h1>\n<p><\/p>\n<div class=\"artikler-1\">\n<p><a href=\"https:\/\/marketingplatform.com\/da\/artikler-presse\/one-to-many-genopfinder-emailplatform\/\">One-to-Many genopfinder MarketingPlatform<\/a><\/p>\n<p><a href=\"https:\/\/marketingplatform.com\/da\/artikler-presse\/udviklet-under-inspiration-fra-rejsebranchen\/\">Udviklet under inspiration fra rejsebranchen<\/a><\/p>\n<p><a href=\"https:\/\/marketingplatform.com\/da\/artikler-presse\/emailplatform-er-nu-ogsa-for-ivaerksaettere\/\">MarketingPlatform er nu ogs\u00e5 for iv\u00e6rks\u00e6ttere<\/a><\/p>\n<p><a href=\"https:\/\/marketingplatform.com\/da\/artikler-presse\/fa-mere-ud-af-facebook-med-nyhedsbreve\/\">F\u00e5 mere ud af Facebook med nyhedsbreve<\/a><\/p>\n<p><a href=\"https:\/\/marketingplatform.com\/da\/artikler-presse\/fa-flere-der-abner-dit-nyhedsbrev\/\">F\u00e5 flere der \u00e5bner dit nyhedsbrev<\/a><\/p>\n<p><a href=\"https:\/\/marketingplatform.com\/da\/artikler-presse\/et-gratis-tilbud-til-alle-non-profit-og-velgoerende-organisationer\/\">Et gratis tilbud til alle non-profit og velg\u00f8rende organisationer<\/a><\/p>\n<p><a href=\"https:\/\/marketingplatform.com\/da\/artikler-presse\/multi-channel-markedsforing-er-33-mere-effektivt\/\">Multi-channel markedsf\u00f8ring er 33 % mere effektivt<\/a><\/p>\n<p><a href=\"https:\/\/marketingplatform.com\/da\/artikler-presse\/emailplatform-anvender-deres-1-1-1-model-for-velgorenhed\/\">MarketingPlatform anvender deres 1-1-1 model for velg\u00f8renhed i arbejdet med, at hj\u00e6lpe ofrene for vandmasserne p\u00e5 Balkan<\/a><\/p>\n<p><a href=\"https:\/\/marketingplatform.com\/da\/udvalgte-funktioner\/integration-wordpress\/\">WordPress<\/a><\/p>\n<p><a href=\"https:\/\/marketingplatform.com\/da\/artikler-presse\/godt-2013-danske-mailplatform\/\">Godt 2013 for danske MarketingPlatform<\/a><\/p>\n<p><a href=\"https:\/\/marketingplatform.com\/da\/artikler-presse\/skab-rigtige-1-til-1-nyhedsbreve-med-ny-funktion-i-mailplatform\/\">Skab rigtige 1-til-1 nyhedsbreve med ny funktion i MarketingPlatform<\/a><\/p>\n<p><a href=\"https:\/\/marketingplatform.com\/da\/artikler-presse\/marketingchef-ryd-nu-op\/\">Marketingchef: Ryd nu op<\/a><\/p>\n<p><a href=\"https:\/\/marketingplatform.com\/da\/artikler-presse\/mailrating-fra-mailplatform\/\">MailRating fra MarketingPlatform \u2013 levering til indbakken med regler og algoritmer<\/a><\/p>\n<p><a href=\"https:\/\/marketingplatform.com\/da\/artikler-presse\/danske-virksomheder-mister-salg\/\">Danske virksomheder mister salg med sl\u00f8rede billeder p\u00e5 de nye smartphones og h\u00f8jtopl\u00f8ste sk\u00e6rme<\/a><\/p>\n<p><a href=\"https:\/\/marketingplatform.com\/da\/artikler-presse\/eksisterende-kunder-fastholder-du-bedst-med-intelligente-nyhedsbreve\/\">Eksisterende kunder fastholder du bedst med intelligente nyhedsbreve<\/a><\/p>\n<p><a href=\"https:\/\/marketingplatform.com\/da\/email-design-i-en-mobil-verden\/\">Email design i en mobil verden<\/a><\/p>\n<p><a href=\"https:\/\/marketingplatform.com\/da\/artikler-presse\/email-marketing-bliver-mere-malrettet\/\">Email Marketing bliver mere m\u00e5lrettet<\/a><\/p>\n<p><a href=\"https:\/\/marketingplatform.com\/da\/artikler-presse\/nar-kunderne-involverer-sig-i-dit-brand-med-email-marketing\/\">N\u00e5r kunderne involverer sig i dit brand med email marketing<\/a><\/p>\n<p><a href=\"https:\/\/marketingplatform.com\/da\/artikler-presse\/dansk-virksomhed-lancerer-nyhedsbrevet-der-kan-taenke\/\">Dansk virksomhed lancerer nyhedsbrevet der kan t\u00e6nke<\/a><\/p>\n<p><a href=\"https:\/\/marketingplatform.com\/da\/artikler-presse\/mobilvenlig-drag-and-drop-nyhedsbrev\/\">Verdens f\u00f8rste mobilvenlige drag-and-drop nyhedsbrev<\/a><\/p>\n<p><a href=\"https:\/\/marketingplatform.com\/da\/artikler-presse\/marketing-automation-med-email-marketing\/\">Marketing automation med email marketing<\/a><\/p>\n<p><a href=\"https:\/\/marketingplatform.com\/da\/artikler-presse\/udviklingen-af-spam-og-spam-filtre\/\">Udviklingen af SPAM og SPAM-filtre<\/a><\/p>\n<p><a href=\"https:\/\/marketingplatform.com\/da\/artikler-presse\/nyhedsbrevet-der-selv-finder-ud-af-hvor-du-bor\/\">Nyhedsbrevet der selv finder ud af hvor du bor<\/a><\/p>\n<p><a href=\"https:\/\/marketingplatform.com\/da\/artikler-presse\/smartphones-dominerer-ogsa-pa-email-laesning\/\">Ny dansk unders\u00f8gelse: Smartphones dominerer ogs\u00e5 p\u00e5 email l\u00e6sning<\/a><\/p>\n<p><a href=\"https:\/\/marketingplatform.com\/da\/artikler-presse\/menneskelige-nyhedsbrev\/\">Det menneskelige nyhedsbrev<\/a><\/p>\n<p><a href=\"https:\/\/marketingplatform.com\/da\/artikler-presse\/emailplatform-er-blevet-til-en-cross-channel-marketing-platform\/\">MarketingPlatform er blevet til en cross-channel marketing platform med b\u00e5de SMS og email nyhedsbreve<\/a><\/p>\n<p><a href=\"https:\/\/marketingplatform.com\/da\/artikler-presse\/damixa-ruller-mailplatform-ud-pa-6-markeder\/\">Damixa ruller MarketingPlatform ud p\u00e5 6 markeder<\/a><\/p>\n<p><a href=\"https:\/\/marketingplatform.com\/da\/artikler-presse\/boconcept-anvender-mailplatform-i-55-lande\/\">BoConcept anvender MarketingPlatform i 55 lande<\/a><\/p>\n<p><a href=\"https:\/\/marketingplatform.com\/da\/artikler-presse\/smartweb-og-mailplatform-indgar-samarbejde\/\">SmartWeb og MarketingPlatform indg\u00e5r samarbejde<\/a><\/p>\n<p><a href=\"https:\/\/marketingplatform.com\/da\/artikler-presse\/det-perfekte-nyhedsbrev-pa-5-minutter\/\">Det perfekte nyhedsbrev p\u00e5 5 minutter<\/a><\/p>\n<p><a href=\"https:\/\/marketingplatform.com\/da\/artikler-presse\/50-darlige-emnelinier-til-dit-naeste-nyhedsbrev\/\">50 d\u00e5rlige emnelinier til dit n\u00e6ste nyhedsbrev<\/a><\/p>\n<p><a href=\"https:\/\/marketingplatform.com\/da\/artikler-presse\/hvad-betyder-det-at-hotmail-com-lukker\/\">Hvad betyder det at hotmail.com lukker<\/a><\/p>\n<p><a href=\"https:\/\/marketingplatform.com\/da\/artikler-presse\/kommuniker-malrettet-med-dine-kunder-for-200-kr-pr-maned\/\">Kommuniker m\u00e5lrettet med dine kunder for 149 kr. pr. m\u00e5ned<\/a><\/p>\n<p><a href=\"https:\/\/marketingplatform.com\/da\/artikler-presse\/hvad-koster-et-nyhedsbrev\/\">Hvad koster et nyhedsbrev<\/a><\/p>\n<p><a href=\"https:\/\/marketingplatform.com\/da\/artikler-presse\/en-god-email-skabelon-gor-stor-forskel-pa-bundlinjen\/\">En god email skabelon g\u00f8r stor forskel p\u00e5 bundlinjen<\/a><\/p>\n<p><a href=\"https:\/\/marketingplatform.com\/da\/artikler-presse\/hvorfor-lytter-du-ikke-til-din-kunde\/\">Hvorfor lytter du ikke til din kunde?<\/a><\/p>\n<p><a href=\"https:\/\/marketingplatform.com\/da\/artikler-presse\/virksomheder-mangler-at-tage-email-marketing-seriost\/\">Sm\u00e5 og mellemstore virksomheder mangler at tage email marketing seri\u00f8st<\/a><\/p>\n<p><a href=\"https:\/\/marketingplatform.com\/da\/artikler-presse\/nyhedsbreve-den-mest-effektive-kommunikationsform\/\">St\u00f8rstedelen af alle danske virksomheder mangler den mest effektive kommunikationsform \u2013 et konkurrenceproblem mener ekspert<\/a><\/p>\n<p><a href=\"https:\/\/marketingplatform.com\/da\/hvem-bestemmer-over-din-online-markedsforing\/\">Hvem bestemmer over din online markedsf\u00f8ring<\/a><\/p>\n<p><a href=\"https:\/\/marketingplatform.com\/da\/artikler-presse\/mobilen-tordner-frem-viser-ny-dansk-undersogelse\/\">Mobilen tordner frem viser ny dansk unders\u00f8gelse<\/a><\/p>\n<p><a href=\"https:\/\/marketingplatform.com\/da\/artikler-presse\/sms-beskeder-er-ogsa-til-markedsforing\/\">SMS beskeder er ogs\u00e5 til markedsf\u00f8ring<\/a><\/p>\n<p><a href=\"https:\/\/marketingplatform.com\/da\/artikler-presse\/hvorfor-bygge-en-mail-der-ligner-spam\/\">Hvorfor bygge en mail der ligner SPAM<\/a><\/p>\n<p><a href=\"https:\/\/marketingplatform.com\/da\/artikler-presse\/det-bedste-nyhedsbrev\/\">At lave det bedste nyhedsbrev<\/a><\/p>\n<p><a href=\"https:\/\/marketingplatform.com\/da\/artikler-presse\/sadan-sender-du-intelligente-nyhedsbreve-med-mailplatform-uden-at-rore-en-finger\/\">S\u00e5dan sender du intelligente nyhedsbreve med MailPlatform \u2013 uden at r\u00f8re en finger<\/a><\/p>\n<p><a href=\"https:\/\/marketingplatform.com\/da\/relevantcontent\/\">Relevant Content<\/a><\/p>\n<p><a href=\"https:\/\/marketingplatform.com\/da\/artikler-presse\/undga-at-fa-boder-for-spam\/\">Undg\u00e5 at f\u00e5 b\u00f8der for SPAM \u2013 en lille guide<\/a><\/p>\n<p><a href=\"https:\/\/marketingplatform.com\/da\/artikler-presse\/engagement-emailmarketing\/\">Engagement \u2013 i dialog<\/a><\/p>\n<p><a href=\"https:\/\/marketingplatform.com\/da\/artikler-presse\/10-gode-rad\/\">10+5 gode r\u00e5d om nyhedsbreve<\/a><\/p>\n<p><a href=\"https:\/\/marketingplatform.com\/da\/artikler-presse\/10-gode-rad-sadan-opbygger-du-en-god-mailingliste-og-faar-succes-med-dine-nyhedsbreve\/\">10 gode r\u00e5d: S\u00e5dan opbygger du en god mailingliste \u2013 og f\u00e5r succes med dine nyhedsbreve<\/a><\/p>\n<p><a href=\"https:\/\/marketingplatform.com\/da\/artikler-presse\/afmelding-i-toppen-af-dit-nyhedsbrev\/\">Vigtigheden af afmelding i toppen af dit nyhedsbrev<\/a><\/p>\n<p><a href=\"https:\/\/marketingplatform.com\/da\/artikler-presse\/sadan-undgar-du-din-email-ender-som-spam\/\">S\u00e5dan undg\u00e5r du din email ender som SPAM<\/a><\/p>\n<p><a href=\"https:\/\/marketingplatform.com\/da\/artikler-presse\/email-marketing-giver-pengene-40-gange-igen\/\">Email marketing er universal brikken der giver pengene 40 gange igen<\/a><\/p>\n<p><a href=\"https:\/\/marketingplatform.com\/da\/artikler-presse\/sadan-far-du-flere-gode-tilmeldinger-til-dit-nyhedsbrev\/\">S\u00e5dan f\u00e5r du flere gode tilmeldinger til dit nyhedsbrev<\/a><\/p>\n<p><a href=\"https:\/\/marketingplatform.com\/da\/artikler-presse\/bekraeftede-modtagere-giver-storst-respons-og-indtjening\/\">Bekr\u00e6ftede modtagere giver st\u00f8rst respons og indtjening<\/a><\/p>\n<p><a href=\"https:\/\/marketingplatform.com\/da\/artikler-presse\/nyhedsbreve-og-sociale-medier-horer-naturligt-sammen\/\">Nyhedsbreve og sociale medier h\u00f8rer naturligt sammen<\/a><\/p>\n<p><a href=\"https:\/\/marketingplatform.com\/da\/artikler-presse\/big-data-og-emailplatform\/\">Big Data og MarketingPlatform<\/a><\/p>\n<p><a href=\"https:\/\/marketingplatform.com\/da\/artikler-presse\/send-mig-dog-en-mail-jeg-gider-at-laese\/\">Send mig dog en mail jeg gider at l\u00e6se \u2026<\/a><\/p>\n<p><a href=\"https:\/\/marketingplatform.com\/da\/artikler-presse\/statistik-og-nyhedsbreve\/\">Statistik er vejen til bedre indtjening for bl.a. rejsebranchen<\/a><\/p>\n<p><a href=\"https:\/\/marketingplatform.com\/da\/artikler-presse\/udsend-mails-fra-dit-eget-system\/\">Udsend mails fra dit eget system \u2013 og undg\u00e5 SPAM f\u00e6lden<\/a><\/p>\n<p><a href=\"https:\/\/marketingplatform.com\/da\/artikler-presse\/fik-du-nogensinde-succes-med-dit-crm-projekt\/\">Fik du nogensinde succes med dit CRM projekt?<\/a><\/p>\n<p><a href=\"https:\/\/marketingplatform.com\/da\/artikler-presse\/facebook-emailmarketing\/\">Facebook og email marketing<\/a><\/p>\n<\/div>\n<p>[\/et_pb_text][\/et_pb_column][\/et_pb_row][\/et_pb_section]<\/p>\n","protected":false},"excerpt":{"rendered":"<p>Artikler One-to-Many genopfinder MarketingPlatform Udviklet under inspiration fra rejsebranchen MarketingPlatform er nu ogs\u00e5 for iv\u00e6rks\u00e6ttere F\u00e5 mere ud af Facebook med nyhedsbreve F\u00e5 flere der \u00e5bner dit nyhedsbrev Et gratis tilbud til alle non-profit og velg\u00f8rende organisationer Multi-channel markedsf\u00f8ring er 33 % mere effektivt MarketingPlatform anvender deres 1-1-1 model for velg\u00f8renhed i arbejdet med, at [&hellip;]<\/p>\n","protected":false},"author":50,"featured_media":0,"parent":0,"menu_order":0,"comment_status":"closed","ping_status":"closed","template":"","meta":{"_et_pb_use_builder":"on","_et_pb_old_content":"","_et_gb_content_width":"","footnotes":""},"categories":[],"tags":[],"yst_prominent_words":[2627,897,895,175,6233,6229,6234,6228,5967,430,6231,4871,6230,898,6232,5966,5965,896,894,893],"_links":{"self":[{"href":"https:\/\/marketingplatform.com\/da\/wp-json\/wp\/v2\/pages\/5237"}],"collection":[{"href":"https:\/\/marketingplatform.com\/da\/wp-json\/wp\/v2\/pages"}],"about":[{"href":"https:\/\/marketingplatform.com\/da\/wp-json\/wp\/v2\/types\/page"}],"author":[{"embeddable":true,"href":"https:\/\/marketingplatform.com\/da\/wp-json\/wp\/v2\/users\/50"}],"replies":[{"embeddable":true,"href":"https:\/\/marketingplatform.com\/da\/wp-json\/wp\/v2\/comments?post=5237"}],"version-history":[{"count":1,"href":"https:\/\/marketingplatform.com\/da\/wp-json\/wp\/v2\/pages\/5237\/revisions"}],"predecessor-version":[{"id":66745,"href":"https:\/\/marketingplatform.com\/da\/wp-json\/wp\/v2\/pages\/5237\/revisions\/66745"}],"wp:attachment":[{"href":"https:\/\/marketingplatform.com\/da\/wp-json\/wp\/v2\/media?parent=5237"}],"wp:term":[{"taxonomy":"category","embeddable":true,"href":"https:\/\/marketingplatform.com\/da\/wp-json\/wp\/v2\/categories?post=5237"},{"taxonomy":"post_tag","embeddable":true,"href":"https:\/\/marketingplatform.com\/da\/wp-json\/wp\/v2\/tags?post=5237"},{"taxonomy":"yst_prominent_words","embeddable":true,"href":"https:\/\/marketingplatform.com\/da\/wp-json\/wp\/v2\/yst_prominent_words?post=5237"}],"curies":[{"name":"wp","href":"https:\/\/api.w.org\/{rel}","templated":true}]}}