{"id":5230,"date":"2017-04-07T13:06:12","date_gmt":"2017-04-07T11:06:12","guid":{"rendered":"https:\/\/marketingplatform.com\/?page_id=5230\/"},"modified":"2018-05-15T10:29:47","modified_gmt":"2018-05-15T08:29:47","slug":"sign-up-danish","status":"publish","type":"page","link":"https:\/\/marketingplatform.com\/da\/sign-up-danish\/","title":{"rendered":"Sign Up Danish"},"content":{"rendered":"<p>[et_pb_section fb_built=&#8221;1&#8243; background_color=&#8221;#fafafa&#8221; admin_label=&#8221;section&#8221; _builder_version=&#8221;3.0.47&#8243; custom_padding=&#8221;60px||80px|&#8221; transparent_background=&#8221;off&#8221;][et_pb_row admin_label=&#8221;row&#8221; _builder_version=&#8221;3.0.47&#8243; background_size=&#8221;initial&#8221; background_position=&#8221;top_left&#8221; background_repeat=&#8221;repeat&#8221;][et_pb_column type=&#8221;4_4&#8243; _builder_version=&#8221;3.0.47&#8243; parallax=&#8221;off&#8221; parallax_method=&#8221;on&#8221;][et_pb_text admin_label=&#8221;Text&#8221; _builder_version=&#8221;3.0.106&#8243; background_size=&#8221;initial&#8221; background_position=&#8221;top_left&#8221; background_repeat=&#8221;repeat&#8221; text_orientation=&#8221;center&#8221; module_alignment=&#8221;center&#8221; custom_margin=&#8221;||0px|&#8221; custom_padding=&#8221;||0px|&#8221; use_border_color=&#8221;off&#8221; border_style=&#8221;solid&#8221;]<\/p>\n<h1>Pr\u00f8v MarketingPlatform gratis &#8211; tilmeldingen tager kun 10 sekunder<\/h1>\n<p>Vi hj\u00e6lper ogs\u00e5 gerne din virksomhed gratis godt i gang. Sp\u00f8rgsm\u00e5l? Ring til os p\u00e5 72 44 44 44<br \/>\nMarketingPlatform er godkendt som databehandler af det offentlige. Vi er ogs\u00e5 Danmarks eneste afsender certificerede virksomhed.<br \/>\nDine data opbevares sikkert i Danmark i et Tier III+ certificeret datacenter. Vi gl\u00e6der os til at hj\u00e6lpe din virksomhed.<\/p>\n<p>[\/et_pb_text][et_pb_code admin_label=&#8221;Code&#8221; _builder_version=&#8221;3.0.47&#8243; custom_css_main_element=&#8221;padding-top:0;||margin-top:0;&#8221;]&lt;script src=&quot;https:\/\/ajax.googleapis.com\/ajax\/libs\/jquery\/1.11.3\/jquery.min.js&quot;&gt;&lt;\/script&gt;&lt;!&#8211; [et_pb_line_break_holder] &#8211;&gt;&lt;script src=&quot;https:\/\/marketingplatform.com\/js\/sign-up-dk.js&quot;&gt;&lt;\/script&gt;&lt;!&#8211; [et_pb_line_break_holder] &#8211;&gt;&lt;div class=&quot;myForm_free-trial_top&quot;&gt;&lt;!&#8211; [et_pb_line_break_holder] &#8211;&gt;&lt;div class=&quot;sign_up_free-trial_top&quot;&gt;&lt;!&#8211; [et_pb_line_break_holder] &#8211;&gt;&lt;div class=&quot;step1_free-trial_top text-box&quot; style=&quot;width: 63%;&quot;&gt;&lt;!&#8211; [et_pb_line_break_holder] &#8211;&gt;&lt;div class=&quot;displayblock&quot;&gt;&lt;input class=&quot;emailvalue_free-trial_top&quot; name=&quot;email&quot; type=&quot;text&quot; placeholder=&quot;Indtast din e-mailadresse&quot; \/&gt;&lt;\/div&gt;&lt;!&#8211; [et_pb_line_break_holder] &#8211;&gt;&lt;div class=&quot;displayblock&quot;&gt;&lt;input class=&quot;trial-btn-blue step1btn_free-trial_top&quot; type=&quot;button&quot; value=&quot;Pr\u00f8v os gratis i 14 dage&quot; \/&gt;&lt;\/div&gt;&lt;!&#8211; [et_pb_line_break_holder] &#8211;&gt;&lt;\/div&gt;&lt;!&#8211; [et_pb_line_break_holder] &#8211;&gt;&lt;div class=&quot;step2_free-trial_top text-box&quot; style=&quot;display: none;&quot;&gt;&lt;\/div&gt;&lt;!&#8211; [et_pb_line_break_holder] &#8211;&gt;&lt;div class=&quot;step2_free-trial_top text-box&quot; style=&quot;display: none;&quot;&gt;&lt;!&#8211; [et_pb_line_break_holder] &#8211;&gt;&lt;div class=&quot;displayblock&quot; style=&quot;width: 400px;&quot;&gt;&lt;input class=&quot;CustomFields_496_51_free-trial_top&quot; name=&quot;CustomFields[496]&quot; size=&quot;50&quot; type=&quot;text&quot; value=&quot;&quot; placeholder=&quot;Firmanavn&quot; \/&gt;&lt;\/div&gt;&lt;!&#8211; [et_pb_line_break_holder] &#8211;&gt;&lt;div class=&quot;displayblock&quot; style=&quot;width: 400px;&quot;&gt;&lt;input class=&quot;CustomFields_2_51_free-trial_top&quot; name=&quot;CustomFields[2]&quot; size=&quot;50&quot; type=&quot;text&quot; value=&quot;&quot; placeholder=&quot;Dit Navn&quot; \/&gt;&lt;\/div&gt;&lt;!&#8211; [et_pb_line_break_holder] &#8211;&gt;&lt;div class=&quot;displayblock&quot; style=&quot;width: 400px;&quot;&gt;&lt;input class=&quot;CustomFields_497_51_free-trial_top&quot; name=&quot;CustomFields[497]&quot; size=&quot;50&quot; type=&quot;text&quot; value=&quot;&quot; placeholder=&quot;Mobil Nummer&quot; \/&gt;&lt;\/div&gt;&lt;!&#8211; [et_pb_line_break_holder] &#8211;&gt;&lt;div class=&quot;displayblock sec_step_but&quot;&gt;&lt;input id=&quot;step2_free-trial_top&quot; class=&quot;trial-btn-blue&quot; type=&quot;button&quot; value=&quot;Pr\u00f8v os gratis i 14 dage&quot; \/&gt;&lt;\/div&gt;&lt;!&#8211; [et_pb_line_break_holder] &#8211;&gt;&lt;div&gt;&lt;!&#8211; [et_pb_line_break_holder] &#8211;&gt;&lt;div id=&quot;alertSpan_free-trial_top&quot; style=&quot;display: none;&quot;&gt;&lt;span style=&quot;color: red;&quot;&gt;Du skal udfylde alle felter&lt;\/span&gt;&lt;\/div&gt;&lt;!&#8211; [et_pb_line_break_holder] &#8211;&gt;&lt;\/div&gt;&lt;!&#8211; [et_pb_line_break_holder] &#8211;&gt;&lt;div&gt;&lt;!&#8211; [et_pb_line_break_holder] &#8211;&gt;&lt;div id=&quot;alertEmailSpan_free-trial_top&quot; style=&quot;display: none;&quot;&gt;&lt;span style=&quot;color: red;&quot;&gt;Indtast din e-mailadresse&lt;\/span&gt;&lt;\/div&gt;&lt;!&#8211; [et_pb_line_break_holder] &#8211;&gt;&lt;\/div&gt;&lt;!&#8211; [et_pb_line_break_holder] &#8211;&gt;&lt;\/div&gt;&lt;!&#8211; [et_pb_line_break_holder] &#8211;&gt;&lt;\/div&gt;&lt;!&#8211; [et_pb_line_break_holder] &#8211;&gt;&lt;\/div&gt;[\/et_pb_code][et_pb_text admin_label=&#8221;Text&#8221; _builder_version=&#8221;3.0.47&#8243; text_font_size=&#8221;12px&#8221; text_text_color=&#8221;#a6a6a6&#8243; background_size=&#8221;initial&#8221; background_position=&#8221;top_left&#8221; background_repeat=&#8221;repeat&#8221; text_orientation=&#8221;center&#8221; max_width=&#8221;60%&#8221; module_alignment=&#8221;center&#8221; custom_margin=&#8221;0px|||&#8221; custom_padding=&#8221;0px|||&#8221; use_border_color=&#8221;off&#8221; border_style=&#8221;solid&#8221;]<\/p>\n<p><img decoding=\"async\" src=\"https:\/\/marketingplatform.com\/wp-content\/uploads\/2018\/02\/lock.png\" width=\"10\"  alt=\"\" class=\"wp-image-10217\" \/> Pr\u00f8veperioden er gratis, helt uforpligtende og udl\u00f8ber efter 14 dage, hvis du ikke \u00f8nsker at forts\u00e6tte.<br \/>\nVed tilmelding modtager du vores uddannelsesflow p\u00e5 en serie af mails &#8211; og vores nyhedsbrev.<\/p>\n<p>[\/et_pb_text][\/et_pb_column][\/et_pb_row][et_pb_row custom_padding=&#8221;0px||0px|&#8221; admin_label=&#8221;row&#8221; _builder_version=&#8221;3.0.47&#8243; background_size=&#8221;initial&#8221; background_position=&#8221;top_left&#8221; background_repeat=&#8221;repeat&#8221;][et_pb_column type=&#8221;4_4&#8243; _builder_version=&#8221;3.0.47&#8243; parallax=&#8221;off&#8221; parallax_method=&#8221;on&#8221;][et_pb_code admin_label=&#8221;Code&#8221; _builder_version=&#8221;3.0.47&#8243;]&lt;div align=&quot;center&quot;&gt;&lt;img src=&quot;https:\/\/marketingplatform.com\/wp-content\/uploads\/2017\/10\/gazelle.png&quot; width=&quot;138&quot;&gt;&lt;!&#8211; [et_pb_line_break_holder] &#8211;&gt;&lt;a href=&quot;https:\/\/marketingplatform.com\/wp-content\/uploads\/2017\/11\/digital-gazelle.png&quot; target=&quot;_blank&quot;&gt;&lt;img src=&quot;https:\/\/marketingplatform.com\/wp-content\/uploads\/2018\/03\/digital-gazelle-small.min_.png&quot; width=&quot;110&quot; style=&quot;padding:0 30px;&quot;&gt;&lt;\/a&gt;&lt;!&#8211; [et_pb_line_break_holder] &#8211;&gt;&lt;img src=&quot;https:\/\/marketingplatform.com\/wp-content\/uploads\/2017\/09\/trustpilotlogo-1.png&quot; width=&quot;173&quot; style=&quot;padding:0 30px 0 0;&quot;&gt;&lt;!&#8211; [et_pb_line_break_holder] &#8211;&gt;&lt;img src=&quot;https:\/\/marketingplatform.com\/wp-content\/uploads\/2018\/01\/iver-award.png&quot; width=&quot;90&quot;&gt;&lt;!&#8211; [et_pb_line_break_holder] &#8211;&gt;&lt;\/div&gt;&lt;!&#8211; [et_pb_line_break_holder] &#8211;&gt;[\/et_pb_code][\/et_pb_column][\/et_pb_row][\/et_pb_section]<\/p>\n","protected":false},"excerpt":{"rendered":"<p>Pr\u00f8v MarketingPlatform gratis &#8211; tilmeldingen tager kun 10 sekunder Vi hj\u00e6lper ogs\u00e5 gerne din virksomhed gratis godt i gang. Sp\u00f8rgsm\u00e5l? Ring til os p\u00e5 72 44 44 44 MarketingPlatform er godkendt som databehandler af det offentlige. Vi er ogs\u00e5 Danmarks eneste afsender certificerede virksomhed. Dine data opbevares sikkert i Danmark i et Tier III+ certificeret [&hellip;]<\/p>\n","protected":false},"author":50,"featured_media":0,"parent":0,"menu_order":0,"comment_status":"closed","ping_status":"closed","template":"","meta":{"_et_pb_use_builder":"on","_et_pb_old_content":"","_et_gb_content_width":"","footnotes":""},"categories":[],"tags":[],"yst_prominent_words":[4916,451,1761,4879,81,899,180,446,4872,539,532,87,552,1760,538,4986,4887,1438,4884,454],"_links":{"self":[{"href":"https:\/\/marketingplatform.com\/da\/wp-json\/wp\/v2\/pages\/5230"}],"collection":[{"href":"https:\/\/marketingplatform.com\/da\/wp-json\/wp\/v2\/pages"}],"about":[{"href":"https:\/\/marketingplatform.com\/da\/wp-json\/wp\/v2\/types\/page"}],"author":[{"embeddable":true,"href":"https:\/\/marketingplatform.com\/da\/wp-json\/wp\/v2\/users\/50"}],"replies":[{"embeddable":true,"href":"https:\/\/marketingplatform.com\/da\/wp-json\/wp\/v2\/comments?post=5230"}],"version-history":[{"count":0,"href":"https:\/\/marketingplatform.com\/da\/wp-json\/wp\/v2\/pages\/5230\/revisions"}],"wp:attachment":[{"href":"https:\/\/marketingplatform.com\/da\/wp-json\/wp\/v2\/media?parent=5230"}],"wp:term":[{"taxonomy":"category","embeddable":true,"href":"https:\/\/marketingplatform.com\/da\/wp-json\/wp\/v2\/categories?post=5230"},{"taxonomy":"post_tag","embeddable":true,"href":"https:\/\/marketingplatform.com\/da\/wp-json\/wp\/v2\/tags?post=5230"},{"taxonomy":"yst_prominent_words","embeddable":true,"href":"https:\/\/marketingplatform.com\/da\/wp-json\/wp\/v2\/yst_prominent_words?post=5230"}],"curies":[{"name":"wp","href":"https:\/\/api.w.org\/{rel}","templated":true}]}}