{"id":49491,"date":"2020-01-10T13:24:38","date_gmt":"2020-01-10T12:24:38","guid":{"rendered":"https:\/\/marketingplatform.com\/?page_id=49491"},"modified":"2024-05-22T08:02:58","modified_gmt":"2024-05-22T06:02:58","slug":"integrer-smartweb-med-marketingplatform","status":"publish","type":"page","link":"https:\/\/marketingplatform.com\/da\/integrer-smartweb-med-marketingplatform\/","title":{"rendered":"Integr\u00e9r SmartWeb med MarketingPlatform"},"content":{"rendered":"<p>[et_pb_section fb_built=&#8221;1&#8243; _builder_version=&#8221;4.16&#8243; global_colors_info=&#8221;{}&#8221;][et_pb_row _builder_version=&#8221;4.16&#8243; custom_padding=&#8221;||2px|||&#8221; global_colors_info=&#8221;{}&#8221;][et_pb_column type=&#8221;4_4&#8243; _builder_version=&#8221;4.16&#8243; custom_padding=&#8221;|||&#8221; global_colors_info=&#8221;{}&#8221; custom_padding__hover=&#8221;|||&#8221;][et_pb_text _builder_version=&#8221;4.16&#8243; global_colors_info=&#8221;{}&#8221;]<\/p>\n<h1><span style=\"font-weight: 400;\">Integr\u00e9r SmartWeb med MarketingPlatform\u00a0<\/span><\/h1>\n<p><b>Smartweb er en popul\u00e6r, dansk webshopl\u00f8sning som hoster tusindvis af danske webshops. Med over 14 \u00e5r p\u00e5 bagen er SmartWeb et af Danmarks \u00e6ldste og mest veludviklede webshopsystemer, der hoster webshops i s\u00e5vel Danmark som \u00f8vrige udland. I 2018 blev SmartWeb en del af den europ\u00e6iske tech-gigant team.blue, som skal v\u00e6re med til at sikre udvikling og fremdrift i fremtiden for SmartWeb.<\/b><\/p>\n<p><span style=\"font-weight: 400;\"><\/span><\/p>\n<p>[\/et_pb_text][\/et_pb_column][\/et_pb_row][et_pb_row column_structure=&#8221;2_3,1_3&#8243; _builder_version=&#8221;4.16&#8243; custom_padding=&#8221;||16px|||&#8221; global_colors_info=&#8221;{}&#8221;][et_pb_column type=&#8221;2_3&#8243; _builder_version=&#8221;4.16&#8243; custom_padding=&#8221;|||&#8221; global_colors_info=&#8221;{}&#8221; custom_padding__hover=&#8221;|||&#8221;][et_pb_text _builder_version=&#8221;4.16&#8243; global_colors_info=&#8221;{}&#8221;]<\/p>\n<p><span>Det er vigtigt med en effektiv og stabil udveksling af data mellem din webshop og den email marketing platform, du har valgt, n\u00e5r skal du kunne sende information frem og tilbage mellem systemerne. Det kan f.eks. v\u00e6re vigtig data som ordredata og kundeinformationer. Jo mere information der er tilg\u00e6ngelig i din email marketing platform, desto st\u00f8rre er chancen for succes i dine efterf\u00f8lgende email marketing kampagner.<\/span><\/p>\n<p><span>Ved at bruge MarketingPlatforms Connector er det dog nemt at sende data mellem SmartWeb og MarketingPlatform. Selve ops\u00e6tningen er meget simpel. P\u00e5 godt 10 minutter kan integrationen v\u00e6re opsat, s\u00e5 udveksling af data kan begynde. En meget stor fordel ved denne meget simple procedure er, at det kan g\u00f8res uden at skulle g\u00f8re brug af eksterne konsulenter, der ofte kan l\u00f8be op i h\u00f8je bel\u00f8b.<\/span><\/p>\n<p><span>Hvis en kunde tilmelder sig dit nyhedsbrev eksempelvis via dit check-out flow, s\u00f8rger Connectoren for at kontaktdetaljer bliver synkroniseret mellem din SmartWeb installation og MarketingPlatform. <\/span><\/p>\n<p>[\/et_pb_text][\/et_pb_column][et_pb_column type=&#8221;1_3&#8243; _builder_version=&#8221;4.16&#8243; custom_padding=&#8221;|||&#8221; global_colors_info=&#8221;{}&#8221; custom_padding__hover=&#8221;|||&#8221;][et_pb_image src=&#8221;https:\/\/marketingplatform.com\/wp-content\/uploads\/2020\/01\/SMARTWEB_LOGO.jpg&#8221; align=&#8221;center&#8221; _builder_version=&#8221;4.16&#8243; custom_margin=&#8221;110px||&#8221; global_colors_info=&#8221;{}&#8221;][\/et_pb_image][\/et_pb_column][\/et_pb_row][et_pb_row _builder_version=&#8221;4.16&#8243; custom_padding=&#8221;0px|||||&#8221; global_colors_info=&#8221;{}&#8221;][et_pb_column type=&#8221;4_4&#8243; _builder_version=&#8221;4.16&#8243; custom_padding=&#8221;|||&#8221; global_colors_info=&#8221;{}&#8221; custom_padding__hover=&#8221;|||&#8221;][et_pb_text _builder_version=&#8221;4.16&#8243; min_height=&#8221;504px&#8221; global_colors_info=&#8221;{}&#8221;]<\/p>\n<p><span>Det er muligt via vores One-to-Many funktion,\u00a0at integrere dybe data i samspil med vores Connector. Dybe data kan i dette tilf\u00e6lde v\u00e6re eksempelvis ordredata som produkter k\u00f8bt, antal produkter k\u00f8bt, tidspunkt for k\u00f8b blandt meget mere.\u00a0 Brug herefter dataen til at sende m\u00e5lrettede og meget effektive email marketing kampagner til dine kunder.\u00a0<\/span><\/p>\n<p><span>Vil du p\u00e5 en nem og overskuelig m\u00e5de opbygge dine egne flows, simple som avancerede, kan du bruge vores FlowBuilder. O<\/span><span>ps\u00e6t med FlowBuilderen velkomstflow, win-back, tabt kurv, VIP worksflows og meget mere.<\/span><\/p>\n<p><span>MarketingPlatform Connector er naturligvis gratis som en integreret del af alle vore abonnementer.<\/span><\/p>\n<p><span>Fordele ved integration mellem SmartWeb og MarketingPlatform:<\/span><\/p>\n<ul>\n<li><span>Integration tager kun omkring 10 minutter<\/span><\/li>\n<li><span>Integrationen kan ops\u00e6ttes uden hj\u00e6lp fra dyre, eksterne konsulenter<\/span><\/li>\n<li><span>Synkronis\u00e9r eksempelvis kontaktdata\u00a0<\/span><\/li>\n<li><span>Giver st\u00e6rkere grundlag for effektive email marketing kampagner<\/span><\/li>\n<\/ul>\n<p><span><a href=\"https:\/\/marketingplatform.com\/da\/integrationer\/\">L\u00e6s mere<\/a> om vores integrationer.<\/span><\/p>\n<p><span><a href=\"https:\/\/marketingplatform.com\/da\/priser\/\">L\u00e6s mere<\/a> om vores abonnementer.<\/span><\/p>\n<p><span><a href=\"mailto:support@marketingplatform.com\">Kontakt os<\/a> for at h\u00f8re n\u00e6rmere om muligheder.<\/span><\/p>\n<p>[\/et_pb_text][\/et_pb_column][\/et_pb_row][\/et_pb_section]<\/p>\n","protected":false},"excerpt":{"rendered":"<p>Integr\u00e9r SmartWeb med MarketingPlatform\u00a0 Smartweb er en popul\u00e6r, dansk webshopl\u00f8sning som hoster tusindvis af danske webshops. Med over 14 \u00e5r p\u00e5 bagen er SmartWeb et af Danmarks \u00e6ldste og mest veludviklede webshopsystemer, der hoster webshops i s\u00e5vel Danmark som \u00f8vrige udland. I 2018 blev SmartWeb en del af den europ\u00e6iske tech-gigant team.blue, som skal v\u00e6re [&hellip;]<\/p>\n","protected":false},"author":50,"featured_media":0,"parent":0,"menu_order":0,"comment_status":"closed","ping_status":"closed","template":"","meta":{"_et_pb_use_builder":"on","_et_pb_old_content":"","_et_gb_content_width":"","footnotes":""},"categories":[],"tags":[],"yst_prominent_words":[987,77,13468,13464,175,7046,7593,988,979,4872,123,261,13465,7569,14390,15444,3339,15066,15445,14387],"_links":{"self":[{"href":"https:\/\/marketingplatform.com\/da\/wp-json\/wp\/v2\/pages\/49491"}],"collection":[{"href":"https:\/\/marketingplatform.com\/da\/wp-json\/wp\/v2\/pages"}],"about":[{"href":"https:\/\/marketingplatform.com\/da\/wp-json\/wp\/v2\/types\/page"}],"author":[{"embeddable":true,"href":"https:\/\/marketingplatform.com\/da\/wp-json\/wp\/v2\/users\/50"}],"replies":[{"embeddable":true,"href":"https:\/\/marketingplatform.com\/da\/wp-json\/wp\/v2\/comments?post=49491"}],"version-history":[{"count":4,"href":"https:\/\/marketingplatform.com\/da\/wp-json\/wp\/v2\/pages\/49491\/revisions"}],"predecessor-version":[{"id":237859,"href":"https:\/\/marketingplatform.com\/da\/wp-json\/wp\/v2\/pages\/49491\/revisions\/237859"}],"wp:attachment":[{"href":"https:\/\/marketingplatform.com\/da\/wp-json\/wp\/v2\/media?parent=49491"}],"wp:term":[{"taxonomy":"category","embeddable":true,"href":"https:\/\/marketingplatform.com\/da\/wp-json\/wp\/v2\/categories?post=49491"},{"taxonomy":"post_tag","embeddable":true,"href":"https:\/\/marketingplatform.com\/da\/wp-json\/wp\/v2\/tags?post=49491"},{"taxonomy":"yst_prominent_words","embeddable":true,"href":"https:\/\/marketingplatform.com\/da\/wp-json\/wp\/v2\/yst_prominent_words?post=49491"}],"curies":[{"name":"wp","href":"https:\/\/api.w.org\/{rel}","templated":true}]}}