{"id":4817,"date":"2017-04-05T14:46:44","date_gmt":"2017-04-05T12:46:44","guid":{"rendered":"https:\/\/marketingplatform.com\/?page_id=4817\/"},"modified":"2020-02-18T10:04:20","modified_gmt":"2020-02-18T09:04:20","slug":"nyhedsbrev","status":"publish","type":"page","link":"https:\/\/marketingplatform.com\/da\/artikler-presse\/nyhedsbrev\/","title":{"rendered":"Nyhedsbrev"},"content":{"rendered":"<p>[et_pb_section fb_built=&#8221;1&#8243; admin_label=&#8221;section&#8221; _builder_version=&#8221;3.22&#8243;][et_pb_row admin_label=&#8221;row&#8221; _builder_version=&#8221;3.25&#8243; background_size=&#8221;initial&#8221; background_position=&#8221;top_left&#8221; background_repeat=&#8221;repeat&#8221;][et_pb_column type=&#8221;4_4&#8243; _builder_version=&#8221;3.25&#8243; custom_padding=&#8221;|||&#8221; custom_padding__hover=&#8221;|||&#8221;][et_pb_text admin_label=&#8221;Text&#8221; _builder_version=&#8221;3.27.4&#8243; background_size=&#8221;initial&#8221; background_position=&#8221;top_left&#8221; background_repeat=&#8221;repeat&#8221; use_border_color=&#8221;off&#8221; border_color=&#8221;#ffffff&#8221; border_style=&#8221;solid&#8221;]<\/p>\n<h1>Nyhedsbrev<\/h1>\n<h4 style=\"text-align: left;\">Nyhedsbrev, hvad er et nyhedsbrev<\/h4>\n<p><strong>Set fra modtagerens synspunkt er den modtagne marketing mail ofte blot et nyhedsbrev.<br \/> <\/strong><strong>Som afsender er du n\u00f8d til at forholde dig meget mere nuanceret til begrebet, hvis dine nyhedsbreve skal have en fremtid.<\/strong><\/p>\n<p>Set fra modtagerens synspunkt er den modtagne marketing mail ofte blot et nyhedsbrev. Som afsender er du n\u00f8d til at forholde dig meget mere nuanceret til begrebet, hvis dine nyhedsbreve skal have en fremtid.<\/p>\n<p>Mange eftersp\u00f8rger en l\u00f8sning til nyhedsbreve, men leder i virkeligheden efter langt mere. I Danmark er ordet \u201cnyhedsbrev\u201d blevet en f\u00e6lles betegnelse for en kategori der d\u00e6kker over meget forskelligt. I virkeligheden med rette, for vi er alle forbrugere n\u00e5r vi holder fri. Dagsordenen for den professionelle online marketingmedarbejdere og forbrugerne, g\u00e5r heldigvis h\u00e5nd i h\u00e5nd, ogs\u00e5 selvom de fleste endnu ikke ved det.<\/p>\n<p>&nbsp;<\/p>\n<h4>Fra stenalderen til fremtiden<\/h4>\n<p>Stenalderen var for e-mailens vedkommende i 1993, hvor den f\u00f8rste rigtige e-mail blev sendt. Dengang eksisterede der ingen systemer til udsendelse af nyhedsbreve, der var ingen som efterspurgte massekommunikation p\u00e5 e-mail. De eneste elektroniske beskeder var h\u00e5ndskrevne tekst mails, ingen grafik eller formatering af skrifttyper, kun helt almindelige plain tekst.<\/p>\n<p>Siden er det g\u00e5et st\u00e6rkt med udviklingen af f\u00f8rst computere, dern\u00e6st smartphones og sidenhen ogs\u00e5 tablets. E-mailen har f\u00e5et konkurrence fra de sociale medier, de interne postsystemer i f.eks. Facebook, Google+ og Twitter der i sig selv er et postsystem til de korte beskeder. Men e-mailen som disciplin har ikke udviklet sig n\u00e6vnev\u00e6rdigt. Sproget er blevet mere uformelt, i mange kulturer er beskederne blevet kortere og sprogligt ogs\u00e5 d\u00e5rligere. Man accepterer ganske enkelt at det m\u00e5 og skal g\u00e5 st\u00e6rkt, at tiden g\u00e5r forud for kvaliteten.<\/p>\n<p>Massekommunikationen, nyhedsbreve, email marketing eller ganske enkelt reklamemails er ogs\u00e5 lidt af en tidslomme. Formen har \u00e6ndret sig fra tekst mails til grafiske nyhedsbreve. Men intelligensen i udsendelsen har for hovedparten af alle afsendte beskeder ikke \u00e6ndret sig. Langt de fleste virksomheder, sm\u00e5 som store, sender den samme mail til alle modtagere. Potentialet ved segmenterede og mere intelligente nyhedsbreve er 4-10 gange h\u00f8jere end one-size-fits-all.<\/p>\n<p>&nbsp;<\/p>\n<h4>Fra simple nyhedsbreve til et intelligent markedsf\u00f8ringsv\u00e6rkt\u00f8j<\/h4>\n<p>MarketingPlatform underst\u00f8tter de intelligente nyhedsbreve, der g\u00f8r en email til et markedsf\u00f8ringsv\u00e6rkt\u00f8j. Det er ikke den simple variant, hvor navn, firmanavn og andre simple flettefelter inds\u00e6ttes i et nyhedsbrev, men de intelligente afsendte nyhedsbreve, der tager udgangspunkt i modtagerens situation.<\/p>\n<p>Modtageren er en kompleks st\u00f8rrelse. Det kan v\u00e6re en forbruger, hvor modtageren beriger sin egen profil gennem forskellige kanaler. Eller en virksomheds modtager, en s\u00e5kaldt professionel modtager, hvor profilen beriges dels gennem modtagerens handlinger og afsender virksomhedens manuelle berigelse af modtagerens profil.<\/p>\n<p>&nbsp;<\/p>\n<h4>Forskellige former for berigelse af profiler<\/h4>\n<p>Profilen p\u00e5 en modtager, ogs\u00e5 kaldet modtagerens stamkort, kan best\u00e5 af mere element\u00e6re felter, som f.eks. navn, adresse, postnr., by og s\u00e5 videre. Disse oplysninger fremkommer ofte som et input fra enten modtageren eller virksomheden. Eller afledt heraf gennem en integration med f.eks. en web-shop, et \u00f8konomisystem eller et CRM system. Men i alle tilf\u00e6lde fremkommer oplysningerne gennem indtastning.<\/p>\n<p>Adf\u00e6rdsinformationen er helt- eller delvist selvl\u00e6rende information. Der findes mange forskellige former for selvl\u00e6rende typer af information. I MarketingPlatform registrerer vi brugernes \u201copen\u201d og \u201cclick\u201d, dvs. hvem \u00e5bner en tilsendt mail og hvem der klikker i den tilsendte mail. Vi registrerer ogs\u00e5 hvor og hvorn\u00e5r mailen \u00e5bnes og hvilke links der klikkes p\u00e5 hvorn\u00e5r.<\/p>\n<p>Adf\u00e6rdsinformationen kan ogs\u00e5 beriges fra andre systemer. Det er lidt forskelligt hvordan dette kan implementeres, men den helt simple variant er gennem 1-click Google Analytics sporing. \u201cVi underst\u00f8tter en m\u00e6ngde forkskellige click-tracking muligheder, hvor data kan opsamles p\u00e5 tv\u00e6rs af MarketingPlatform og en r\u00e6kke andre systemer\u201d, fort\u00e6ller Kim \u00d8stergaard der har grundlagt MarketingPlatform. De mere avancerede tracking former inkluderer brugeroplysninger indsat i URL\u2019en ved viderestilling til f.eks. web-shop, hvor shoppen dern\u00e6st tager informationen og behandler disse i en samlet profil, for senere at returnere oplysningerne igen til email marketing platformen.<\/p>\n<p>&nbsp;<\/p>\n<h4>Anvendelsen af de opsamlede data<\/h4>\n<p>Selve opsamlingen af intelligente data kan v\u00e6re vanskelig at definere. Derfor samarbejder MarketingPlatform ogs\u00e5 med en r\u00e6kke f\u00f8rende digitale bureauer, der kan v\u00e6re behj\u00e6lpelig med den opgave. N\u00e5r det kommer til anvendelsen har vi samlet en r\u00e6kke best-practices, der er frit tilg\u00e6ngelige i selve systemet. I forbindelse med opsamlingen af information, vil en intelligent anvendelse og opf\u00f8lgning ofte ske gennem en autoresponder. En autoresponder er at sidestille med automatiske mails eller automatiske flows. Autoresponderen reagerer ud fra hvorn\u00e5r modtageren er oprettet i email marketing systemet.<\/p>\n<p>Autoresponderen giver mulighed for at filtrere p\u00e5 alle tilg\u00e6ngelige felter i MarketingPlatform \u2013 ogs\u00e5 de felter som kunden opretter som egne felter (eller custom fields). Det kan f.eks. v\u00e6re et felt som: \u201cHvilke interesser har du indenfor \u2026.\u201d og en r\u00e6kke forskellige valgmuligheder. Autoresponderen kigger p\u00e5 filtret, f.eks. alle med interesse for fodbold, og kan eksekvere en mail p\u00e5 et givent tidspunkt, som et flow fra tidspunktet hvor modtageren tilmeldte sig din mailliste.<\/p>\n<p>Triggere eller \u201ctrigger mails\u201d er en anden form for automatisering. Triggere er langt mere avancerede end autorespondere. I MarketingPlatform kan triggere kigge p\u00e5 alle handlinger internt i systemet \u2013 og automatisk sende en mail til en modtager f.eks. hvert \u00e5r p\u00e5 vedkommendes f\u00f8dselsdag. Du kan l\u00e6se en referencehistorie omkring NEYE, hvordan de anvender trigger til udsendelse af f\u00f8dselsdagsmails.<\/p>\n<p>F\u00f8dselsdagsfeltet er et standard felt i systemet, men ogs\u00e5 egne datorelaterede felter kan anvendes p\u00e5 lignende m\u00e5de. Flere kunder har et \u201cLastPurchaseDate\u201d felt oprettet, der automatisk udfyldes gennem en API integration med kundens web-shop eller \u00f8konomisystem. En best-practice regel er at udsende 2 tilfredsheds mail efter et k\u00f8b. Den f\u00f8rste har karakter af: \u201cVi h\u00e5ber alt var tilfredsstillende i forbindelse med dit k\u00f8b hos \u2026\u201d, den n\u00e6ste er mere salgsorienteret, en slags win-back mail: \u201cSom tak fordi du er en loyal kunde er her en \u2026\u201d. Integrationen og standard ops\u00e6tningen i MarketingPlatform vil s\u00f8rge for, at opdateres \u201cLastPurchaseDate\u201d med en ny dato, vil kunden naturligvis ikke modtage mail nr. 2, f\u00f8r den seneste ordre datom\u00e6ssigt forfalder for reglen.<\/p>\n<p>En krydskombination af en r\u00e6kke forskellige felter giver naturligvis en langt mere segmenteret kundeoplevelse. Kombineres det med dynamisk indhold, dvs. gruppe eller individuelt indhold, som automatisk kan \u201cbrevflettes\u201d med afh\u00e6ngig af de opsatte regler, bliver der for den enkelte modtager tale om en meget individuel mail. Kim \u00d8stergaard fra MarketingPlatform giver et eksempel: \u201cEn modtager der har interesse for fodbold har k\u00f8bt i en af vore kunders web-shop for 10 dage siden. Han har ogs\u00e5 fortalt gennem en konkurrence, der i virkeligheden var en opdater profil funktion, at han udelukkende spiller indend\u00f8rs fodbold. Der vil MarketingPlatform automatisk kunne generere en mail, der trigges 10 dage efter \u201cLast PurchaseDate\u201d fra web-shoppen, som et filter bestemmer udelukkende sendes til modtagere med fodbold som interesse. Det dynamiske indhold vil dern\u00e6st styre mellem to forskellige blokke med bestsellere indenfor fodbold udstyr \u2013 til udend\u00f8rs og til indend\u00f8rs\u201d.<\/p>\n<p>[\/et_pb_text][\/et_pb_column][\/et_pb_row][\/et_pb_section][et_pb_section fb_built=&#8221;1&#8243; custom_padding_last_edited=&#8221;on|phone&#8221; module_class=&#8221;ressourcer-signup&#8221; _builder_version=&#8221;4.0.2&#8243; background_color=&#8221;#dee7f1&#8243; custom_padding=&#8221;7%||&#8221; custom_padding_tablet=&#8221;12%||||false|false&#8221; custom_padding_phone=&#8221;17%||||false|false&#8221; top_divider_style=&#8221;asymmetric2&#8243; top_divider_color=&#8221;#ffffff&#8221; top_divider_height=&#8221;60px&#8221; global_module=&#8221;19033&#8243;][et_pb_row _builder_version=&#8221;3.25&#8243; background_size=&#8221;initial&#8221; background_position=&#8221;top_left&#8221; background_repeat=&#8221;repeat&#8221; custom_margin=&#8221;||10px&#8221; custom_padding=&#8221;||10px&#8221;][et_pb_column type=&#8221;4_4&#8243; _builder_version=&#8221;3.25&#8243; custom_padding=&#8221;|||&#8221; custom_padding__hover=&#8221;|||&#8221;][et_pb_text _builder_version=&#8221;3.27.4&#8243; text_orientation=&#8221;center&#8221;]<\/p>\n<h2 style=\"font-style: normal;\">Pr\u00f8v MarketingPlatform gratis i 14 dage<\/h2>\n<p style=\"font-style: normal;\">Pr\u00f8veperioden er gratis, helt uforpligtende og udl\u00f8ber efter 14 dage, hvis du ikke \u00f8nsker at forts\u00e6tte.<br \/>Ved tilmelding modtager du samtidig vores uddannelsesflow p\u00e5 en serie af mails \u2013 og vores nyhedsbrev.<\/p>\n<p>[\/et_pb_text][\/et_pb_column][\/et_pb_row][et_pb_row _builder_version=&#8221;4.0.2&#8243;][et_pb_column type=&#8221;4_4&#8243; _builder_version=&#8221;4.0.2&#8243;][et_pb_code _builder_version=&#8221;4.0.2&#8243; text_orientation=&#8221;center&#8221;]<a href=\"https:\/\/marketingplatform.com\/da\/gratis-proeveversion\/\" class=\"green-btn2\" style=\"background:#09cd6f; padding:18px 60px; margin-bottom:10px!important;\">Pr\u00f8v os gratis nu<\/a> <a href=\"https:\/\/marketingplatform.com\/da\/book-emailplatform-demo\/\" class=\"green-btn2\" style=\"background:#0daae2; padding:18px 70px;\">Book demo<\/a>[\/et_pb_code][\/et_pb_column][\/et_pb_row][et_pb_row _builder_version=&#8221;4.0.2&#8243; max_width=&#8221;768px&#8221; custom_margin=&#8221;15px||0px||false|false&#8221; custom_padding=&#8221;0px||0px&#8221; use_custom_width=&#8221;on&#8221; custom_width_px=&#8221;768px&#8221;][et_pb_column type=&#8221;4_4&#8243; _builder_version=&#8221;3.25&#8243; custom_padding=&#8221;|||&#8221; custom_padding__hover=&#8221;|||&#8221;][et_pb_code _builder_version=&#8221;4.0.2&#8243;]<\/p>\n<div class=\"awards-align\" ><!-- [et_pb_line_break_holder] --><\/p>\n<div style=\"float:left; width:14%; text-align:right;   margin-right: 2%;\"><!-- [et_pb_line_break_holder] --><img decoding=\"async\" src=\"https:\/\/marketingplatform.com\/wp-content\/uploads\/2020\/01\/primotours.png\" width=\"56\" style=\"margin:10px 20px 20px 0px;\"><!-- [et_pb_line_break_holder] --><\/div>\n<p><!-- [et_pb_line_break_holder] --><\/p>\n<div style=\"float:left; width:20%; text-align:center;    margin-right: 4%;\"><!-- [et_pb_line_break_holder] --><img decoding=\"async\" src=\"https:\/\/marketingplatform.com\/wp-content\/uploads\/2019\/11\/med24-gray.png\" width=\"100\" style=\"margin:20px 0px 20px 10px;\"><!-- [et_pb_line_break_holder] --><\/div>\n<p><!-- [et_pb_line_break_holder] --><\/p>\n<div style=\"float:left; width:18%;    margin-right: 1%;\"><!-- [et_pb_line_break_holder] --><img decoding=\"async\" src=\"https:\/\/marketingplatform.com\/wp-content\/uploads\/2019\/08\/cykelpartner-logo.png\" width=\"180\" style=\"margin:29px 20px 20px 0px;\"><!-- [et_pb_line_break_holder] --><\/div>\n<p><!-- [et_pb_line_break_holder] --><\/p>\n<div style=\"float:left; width:20%; text-align:center;     margin-right: 1%;\"><!-- [et_pb_line_break_holder] --><img decoding=\"async\" src=\"https:\/\/marketingplatform.com\/wp-content\/uploads\/2019\/04\/aldi-grey.png\" width=\"50\" style=\"margin:10px 0px 20px 0px;\"><!-- [et_pb_line_break_holder] --><\/div>\n<p><!-- [et_pb_line_break_holder] --><\/p>\n<div style=\"float:left; width:18%;      margin-right: 2%;  text-align: center;\"><!-- [et_pb_line_break_holder] --><img decoding=\"async\" src=\"https:\/\/marketingplatform.com\/wp-content\/uploads\/2019\/02\/verisure-logo.png\" width=\"120\" style=\"margin:18px 0px 20px 0px;\"><!-- [et_pb_line_break_holder] --><\/div>\n<p><!-- [et_pb_line_break_holder] --><\/div>\n<p>[\/et_pb_code][\/et_pb_column][\/et_pb_row][\/et_pb_section]<\/p>\n","protected":false},"excerpt":{"rendered":"<p>Nyhedsbrev Nyhedsbrev, hvad er et nyhedsbrev Set fra modtagerens synspunkt er den modtagne marketing mail ofte blot et nyhedsbrev. Som afsender er du n\u00f8d til at forholde dig meget mere nuanceret til begrebet, hvis dine nyhedsbreve skal have en fremtid. Set fra modtagerens synspunkt er den modtagne marketing mail ofte blot et nyhedsbrev. Som afsender [&hellip;]<\/p>\n","protected":false},"author":50,"featured_media":0,"parent":4520,"menu_order":0,"comment_status":"closed","ping_status":"closed","template":"","meta":{"_et_pb_use_builder":"on","_et_pb_old_content":"<h2 style=\"text-align: left;\">Nyhedsbrev, hvad er et nyhedsbrev<\/h2>\r\n<strong>Set fra modtagerens synspunkt er den modtagne marketing mail ofte blot et nyhedsbrev.\r\n<\/strong><strong>Som afsender er du n\u00f8d til at forholde dig meget mere nuanceret til begrebet, hvis dine nyhedsbreve skal have en fremtid.<\/strong>\r\n\r\nSet fra modtagerens synspunkt er den modtagne marketing mail ofte blot et nyhedsbrev. Som afsender er du n\u00f8d til at forholde dig meget mere nuanceret til begrebet, hvis dine nyhedsbreve skal have en fremtid.\r\n\r\nMange eftersp\u00f8rger en l\u00f8sning til nyhedsbreve, men leder i virkeligheden efter langt mere. I Danmark er ordet \u201cnyhedsbrev\u201d blevet en f\u00e6lles betegnelse for en kategori der d\u00e6kker over meget forskelligt. I virkeligheden med rette, for vi er alle forbrugere n\u00e5r vi holder fri. Dagsordenen for den professionelle online marketingmedarbejdere og forbrugerne, g\u00e5r heldigvis h\u00e5nd i h\u00e5nd, ogs\u00e5 selvom de fleste endnu ikke ved det.\r\n\r\n\u00a0\r\n\r\n<strong>Fra stenalderen til fremtiden<\/strong>\r\n\r\nStenalderen var for e-mailens vedkommende i 1993, hvor den f\u00f8rste rigtige e-mail blev sendt. Dengang eksisterede der ingen systemer til udsendelse af nyhedsbreve, der var ingen som efterspurgte massekommunikation p\u00e5 e-mail. De eneste elektroniske beskeder var h\u00e5ndskrevne tekst mails, ingen grafik eller formatering af skrifttyper, kun helt almindelige plain tekst.\r\n\r\nSiden er det g\u00e5et st\u00e6rkt med udviklingen af f\u00f8rst computere, dern\u00e6st smartphones og sidenhen ogs\u00e5 tablets. E-mailen har f\u00e5et konkurrence fra de sociale medier, de interne postsystemer i f.eks. Facebook, Google+ og Twitter der i sig selv er et postsystem til de korte beskeder. Men e-mailen som disciplin har ikke udviklet sig n\u00e6vnev\u00e6rdigt. Sproget er blevet mere uformelt, i mange kulturer er beskederne blevet kortere og sprogligt ogs\u00e5 d\u00e5rligere. Man accepterer ganske enkelt at det m\u00e5 og skal g\u00e5 st\u00e6rkt, at tiden g\u00e5r forud for kvaliteten.\r\n\r\nMassekommunikationen, nyhedsbreve, email marketing eller ganske enkelt reklamemails er ogs\u00e5 lidt af en tidslomme. Formen har \u00e6ndret sig fra tekst mails til grafiske nyhedsbreve. Men intelligensen i udsendelsen har for hovedparten af alle afsendte beskeder ikke \u00e6ndret sig. Langt de fleste virksomheder, sm\u00e5 som store, sender den samme mail til alle modtagere. Potentialet ved segmenterede og mere intelligente nyhedsbreve er 4-10 gange h\u00f8jere end one-size-fits-all.\r\n\r\n\u00a0\r\n\r\n<strong>Fra simple nyhedsbreve til et intelligent markedsf\u00f8ringsv\u00e6rkt\u00f8j<\/strong>\r\n\r\nMarketingPlatform underst\u00f8tter de intelligente nyhedsbreve, der g\u00f8r en email til et markedsf\u00f8ringsv\u00e6rkt\u00f8j. Det er ikke den simple variant, hvor navn, firmanavn og andre simple flettefelter inds\u00e6ttes i et nyhedsbrev, men de intelligente afsendte nyhedsbreve, der tager udgangspunkt i modtagerens situation.\r\n\r\nModtageren er en kompleks st\u00f8rrelse. Det kan v\u00e6re en forbruger, hvor modtageren beriger sin egen profil gennem forskellige kanaler. Eller en virksomheds modtager, en s\u00e5kaldt professionel modtager, hvor profilen beriges dels gennem modtagerens handlinger og afsender virksomhedens manuelle berigelse af modtagerens profil.\r\n\r\n\u00a0\r\n\r\n<strong>Forskellige former for berigelse af profiler<\/strong>\r\n\r\nProfilen p\u00e5 en modtager, ogs\u00e5 kaldet modtagerens stamkort, kan best\u00e5 af mere element\u00e6re felter, som f.eks. navn, adresse, postnr., by og s\u00e5 videre. Disse oplysninger fremkommer ofte som et input fra enten modtageren eller virksomheden. Eller afledt heraf gennem en integration med f.eks. en web-shop, et \u00f8konomisystem eller et CRM system. Men i alle tilf\u00e6lde fremkommer oplysningerne gennem indtastning.\r\n\r\nAdf\u00e6rdsinformationen er helt- eller delvist selvl\u00e6rende information. Der findes mange forskellige former for selvl\u00e6rende typer af information. I MarketingPlatform registrerer vi brugernes \u201copen\u201d og \u201cclick\u201d, dvs. hvem \u00e5bner en tilsendt mail og hvem der klikker i den tilsendte mail. Vi registrerer ogs\u00e5 hvor og hvorn\u00e5r mailen \u00e5bnes og hvilke links der klikkes p\u00e5 hvorn\u00e5r.\r\n\r\nAdf\u00e6rdsinformationen kan ogs\u00e5 beriges fra andre systemer. Det er lidt forskelligt hvordan dette kan implementeres, men den helt simple variant er gennem 1-click Google Analytics sporing. \u201cVi underst\u00f8tter en m\u00e6ngde forkskellige click-tracking muligheder, hvor data kan opsamles p\u00e5 tv\u00e6rs af MarketingPlatform og en r\u00e6kke andre systemer\u201d, fort\u00e6ller Kim \u00d8stergaard der har grundlagt MarketingPlatform. De mere avancerede tracking former inkluderer brugeroplysninger indsat i URL\u2019en ved viderestilling til f.eks. web-shop, hvor shoppen dern\u00e6st tager informationen og behandler disse i en samlet profil, for senere at returnere oplysningerne igen til email marketing platformen.\r\n\r\n\u00a0\r\n\r\n<strong>Anvendelsen af de opsamlede data<\/strong>\r\n\r\nSelve opsamlingen af intelligente data kan v\u00e6re vanskelig at definere. Derfor samarbejder MarketingPlatform ogs\u00e5 med en r\u00e6kke f\u00f8rende digitale bureauer, der kan v\u00e6re behj\u00e6lpelig med den opgave. N\u00e5r det kommer til anvendelsen har vi samlet en r\u00e6kke best-practices, der er frit tilg\u00e6ngelige i selve systemet. I forbindelse med opsamlingen af information, vil en intelligent anvendelse og opf\u00f8lgning ofte ske gennem en autoresponder. En autoresponder er at sidestille med automatiske mails eller automatiske flows. Autoresponderen reagerer ud fra hvorn\u00e5r modtageren er oprettet i email marketing systemet.\r\n\r\nAutoresponderen giver mulighed for at filtrere p\u00e5 alle tilg\u00e6ngelige felter i MarketingPlatform \u2013 ogs\u00e5 de felter som kunden opretter som egne felter (eller custom fields). Det kan f.eks. v\u00e6re et felt som: \u201cHvilke interesser har du indenfor \u2026.\u201d og en r\u00e6kke forskellige valgmuligheder. Autoresponderen kigger p\u00e5 filtret, f.eks. alle med interesse for fodbold, og kan eksekvere en mail p\u00e5 et givent tidspunkt, som et flow fra tidspunktet hvor modtageren tilmeldte sig din mailliste.\r\n\r\nTriggere eller \u201ctrigger mails\u201d er en anden form for automatisering. Triggere er langt mere avancerede end autorespondere. I MarketingPlatform kan triggere kigge p\u00e5 alle handlinger internt i systemet \u2013 og automatisk sende en mail til en modtager f.eks. hvert \u00e5r p\u00e5 vedkommendes f\u00f8dselsdag. Du kan l\u00e6se en referencehistorie omkring NEYE, hvordan de anvender trigger til udsendelse af f\u00f8dselsdagsmails.\r\n\r\nF\u00f8dselsdagsfeltet er et standard felt i systemet, men ogs\u00e5 egne datorelaterede felter kan anvendes p\u00e5 lignende m\u00e5de. Flere kunder har et \u201cLastPurchaseDate\u201d felt oprettet, der automatisk udfyldes gennem en API integration med kundens web-shop eller \u00f8konomisystem. En best-practice regel er at udsende 2 tilfredsheds mail efter et k\u00f8b. Den f\u00f8rste har karakter af: \u201cVi h\u00e5ber alt var tilfredsstillende i forbindelse med dit k\u00f8b hos \u2026\u201d, den n\u00e6ste er mere salgsorienteret, en slags win-back mail: \u201cSom tak fordi du er en loyal kunde er her en \u2026\u201d. Integrationen og standard ops\u00e6tningen i MarketingPlatform vil s\u00f8rge for, at opdateres \u201cLastPurchaseDate\u201d med en ny dato, vil kunden naturligvis ikke modtage mail nr. 2, f\u00f8r den seneste ordre datom\u00e6ssigt forfalder for reglen.\r\n\r\nEn krydskombination af en r\u00e6kke forskellige felter giver naturligvis en langt mere segmenteret kundeoplevelse. Kombineres det med dynamisk indhold, dvs. gruppe eller individuelt indhold, som automatisk kan \u201cbrevflettes\u201d med afh\u00e6ngig af de opsatte regler, bliver der for den enkelte modtager tale om en meget individuel mail. Kim \u00d8stergaard fra MarketingPlatform giver et eksempel: \u201cEn modtager der har interesse for fodbold har k\u00f8bt i en af vore kunders web-shop for 10 dage siden. Han har ogs\u00e5 fortalt gennem en konkurrence, der i virkeligheden var en opdater profil funktion, at han udelukkende spiller indend\u00f8rs fodbold. Der vil MarketingPlatform automatisk kunne generere en mail, der trigges 10 dage efter \u201cLast PurchaseDate\u201d fra web-shoppen, som et filter bestemmer udelukkende sendes til modtagere med fodbold som interesse. Det dynamiske indhold vil dern\u00e6st styre mellem to forskellige blokke med bestsellere indenfor fodbold udstyr \u2013 til udend\u00f8rs og til indend\u00f8rs\u201d.\r\n\r\n\u00a0\r\n\r\n<strong>Nu tror du det er dyrt, at udsende automatiserede mails<\/strong>\r\n\r\nMarketingPlatform er den eneste danske certificerede udbyder at email marketing l\u00f8sninger. Virksomheden har valgt en prisstrategi hvor alle kan v\u00e6re med. Det betyder at alle de avancerede funktioner, der er n\u00e6vnt i denne artikel, er tilg\u00e6ngelig i en version til 800 kr. pr. m\u00e5ned \u2013 uden oprettelsesgebyrer.\r\n\r\n\u00a0\r\n\r\nMed de mange omfangsrige tr\u00e6ningsvideoer, vil det v\u00e6re muligt for den let \u00f8vede bruger, selv at ops\u00e6tte de i artiklen n\u00e6vnte eksempler.\r\n<h4>Pr\u00f8v MarketingPlatform gratis i 30 dage<\/h4>\r\n[optin_box style=\"8\" alignment=\"left\" action=\"https:\/\/www.mailmailmail.net\/form.php?form=65\" method=\"post\" email_field=\"email\" email_default=\"Din arbejds e-mail\" integration_type=\"custom\" double_optin=\"Y\" name_field=\"CustomFields%5B2%5D\" name_default=\"Dit navn\" extra_field_1_name=\"CustomFields%5B110%5D\" extra_field_1_title=\"Firmanavn\" extra_field_2_name=\"CustomFields%5B5%5D\" extra_field_2_title=\"Telefon\"][optin_box_hidden][\/optin_box_hidden][optin_box_code]\r\n\r\n[\/optin_box_code][optin_box_field name=\"headline\"][\/optin_box_field][optin_box_field name=\"paragraph\"][\/optin_box_field][optin_box_field name=\"privacy\"]Vi passer godt p\u00e5 dine oplysninger og deler dem ikke med andre.\r\nVi optager kun seri\u00f8se virksomheder, der ikke spammer, som kunder.[\/optin_box_field][optin_box_field name=\"top_color\"]undefined[\/optin_box_field][optin_box_button type=\"0\" button_below=\"Y\"]Pr\u00f8v MailPlatform gratis[\/optin_box_button] [\/optin_box]\r\n\r\n\u00a0","_et_gb_content_width":"","footnotes":""},"categories":[],"tags":[],"yst_prominent_words":[1963,1960,1955,2581,4872,1956,5526,1966,1959,1962,5524,2580,5525,2579,1957,1974,1969,1958,1964,1961],"_links":{"self":[{"href":"https:\/\/marketingplatform.com\/da\/wp-json\/wp\/v2\/pages\/4817"}],"collection":[{"href":"https:\/\/marketingplatform.com\/da\/wp-json\/wp\/v2\/pages"}],"about":[{"href":"https:\/\/marketingplatform.com\/da\/wp-json\/wp\/v2\/types\/page"}],"author":[{"embeddable":true,"href":"https:\/\/marketingplatform.com\/da\/wp-json\/wp\/v2\/users\/50"}],"replies":[{"embeddable":true,"href":"https:\/\/marketingplatform.com\/da\/wp-json\/wp\/v2\/comments?post=4817"}],"version-history":[{"count":1,"href":"https:\/\/marketingplatform.com\/da\/wp-json\/wp\/v2\/pages\/4817\/revisions"}],"predecessor-version":[{"id":51479,"href":"https:\/\/marketingplatform.com\/da\/wp-json\/wp\/v2\/pages\/4817\/revisions\/51479"}],"up":[{"embeddable":true,"href":"https:\/\/marketingplatform.com\/da\/wp-json\/wp\/v2\/pages\/4520"}],"wp:attachment":[{"href":"https:\/\/marketingplatform.com\/da\/wp-json\/wp\/v2\/media?parent=4817"}],"wp:term":[{"taxonomy":"category","embeddable":true,"href":"https:\/\/marketingplatform.com\/da\/wp-json\/wp\/v2\/categories?post=4817"},{"taxonomy":"post_tag","embeddable":true,"href":"https:\/\/marketingplatform.com\/da\/wp-json\/wp\/v2\/tags?post=4817"},{"taxonomy":"yst_prominent_words","embeddable":true,"href":"https:\/\/marketingplatform.com\/da\/wp-json\/wp\/v2\/yst_prominent_words?post=4817"}],"curies":[{"name":"wp","href":"https:\/\/api.w.org\/{rel}","templated":true}]}}