{"id":4809,"date":"2017-04-05T14:30:00","date_gmt":"2017-04-05T12:30:00","guid":{"rendered":"https:\/\/marketingplatform.com\/?page_id=4809\/"},"modified":"2021-10-26T14:15:43","modified_gmt":"2021-10-26T12:15:43","slug":"at-kaempe-for-oversete-born-og-unge-giver-mening","status":"publish","type":"page","link":"https:\/\/marketingplatform.com\/da\/artikler-presse\/at-kaempe-for-oversete-born-og-unge-giver-mening\/","title":{"rendered":"At k\u00e6mpe for oversete b\u00f8rn og unge giver mening"},"content":{"rendered":"<p>[et_pb_section fb_built=&#8221;1&#8243; admin_label=&#8221;section&#8221; _builder_version=&#8221;3.22&#8243; global_colors_info=&#8221;{}&#8221;][et_pb_row admin_label=&#8221;row&#8221; _builder_version=&#8221;3.25&#8243; background_size=&#8221;initial&#8221; background_position=&#8221;top_left&#8221; background_repeat=&#8221;repeat&#8221; global_colors_info=&#8221;{}&#8221;][et_pb_column type=&#8221;4_4&#8243; _builder_version=&#8221;3.25&#8243; custom_padding=&#8221;|||&#8221; global_colors_info=&#8221;{}&#8221; custom_padding__hover=&#8221;|||&#8221;][et_pb_text _builder_version=&#8221;4.11.2&#8243; background_size=&#8221;initial&#8221; background_position=&#8221;top_left&#8221; background_repeat=&#8221;repeat&#8221; hover_enabled=&#8221;0&#8243; use_border_color=&#8221;off&#8221; global_colors_info=&#8221;{}&#8221; sticky_enabled=&#8221;0&#8243;]<\/p>\n<h1>At k\u00e6mpe for oversete b\u00f8rn og unge giver mening<\/h1>\n<div class=\"pressrelease_teaser_pressroom\">Der er mange m\u00e5der at opbygge en virksomhed p\u00e5. Mange m\u00e5l og midler for at komme derhen, hvor dr\u00f8mmene bliver opfyldt. &#8220;Mit m\u00e5l er p\u00e5 sigt at opbygge en fond, der skal sikre en optimal indl\u00e6ring for b\u00f8rn og unge med s\u00e6rlige intelligenser&#8221;, fort\u00e6ller Kim \u00d8stergaard der er grundl\u00e6gger af MarketingPlatform.<\/div>\n<p><span class=\"pressrelease_text_pressroom\">MarketingPlatform leverer cloud l\u00f8sninger til <a href=\"\/da\/marketingautomation\/\">marketing automation<\/a>. Hvor virksomheder kan effektivere udsendelsen af nyhedsbreve &#8211; og h\u00e5ndtere deres <a href=\"https:\/\/marketingplatform.com\/da\/sms-marketing\/\">SMS markedsf\u00f8ring.<\/a><\/span><\/p>\n<p>[\/et_pb_text][\/et_pb_column][\/et_pb_row][\/et_pb_section][et_pb_section fb_built=&#8221;1&#8243; admin_label=&#8221;section&#8221; _builder_version=&#8221;3.22&#8243; background_color=&#8221;#f5f8fb&#8221; transparent_background=&#8221;off&#8221; global_colors_info=&#8221;{}&#8221;][et_pb_row admin_label=&#8221;row&#8221; _builder_version=&#8221;3.25&#8243; background_size=&#8221;initial&#8221; background_position=&#8221;top_left&#8221; background_repeat=&#8221;repeat&#8221; global_colors_info=&#8221;{}&#8221;][et_pb_column type=&#8221;4_4&#8243; _builder_version=&#8221;3.25&#8243; custom_padding=&#8221;|||&#8221; global_colors_info=&#8221;{}&#8221; custom_padding__hover=&#8221;|||&#8221;][et_pb_text _builder_version=&#8221;3.27.4&#8243; background_size=&#8221;initial&#8221; background_position=&#8221;top_left&#8221; background_repeat=&#8221;repeat&#8221; use_border_color=&#8221;off&#8221; border_color=&#8221;#ffffff&#8221; border_style=&#8221;solid&#8221; global_colors_info=&#8221;{}&#8221;]<\/p>\n<h4>Starter i de sm\u00e5 ved at hj\u00e6lpe etablerede NGOer<\/h4>\n<p>&#8220;Det er en stor opgave at opbygge en fond, det kr\u00e6ver en stor pose penge, og ligger nogle \u00e5r ude i fremtiden. Derfor er vi startet med at donere til de etablerede NGOer som feks UNICEF&#8221;, fort\u00e6ller Kim \u00d8stergaard. I \u00e5r forventer virksomheden, at donationerne alene i Danmark har en v\u00e6rdi p\u00e5 omkring 2 millioner kroner.<\/p>\n<p>&#8220;Vi donerer vores l\u00f8sning v\u00e6k til alle NGOer, der er godkendt af SKAT, eller hvor deres pengeinstitut kan garantere de opererer som non-profit&#8221;, siger grundl\u00e6ggeren. Det er blevet til mange foreninger, hj\u00e6lpeorganisationer, interesseorganisationer og idr\u00e6tsklubber.<\/p>\n<p>Organisationerne g\u00f8r if\u00f8lge virksomheden en forskel for rigtig mange mennesker. MarketingPlatform stiller krav om, at halvdelen af besparelsen skal anvendes direkte p\u00e5 organisationens aktiviteter.<br \/>\n[\/et_pb_text][\/et_pb_column][\/et_pb_row][\/et_pb_section][et_pb_section fb_built=&#8221;1&#8243; admin_label=&#8221;section&#8221; _builder_version=&#8221;3.22&#8243; global_colors_info=&#8221;{}&#8221;][et_pb_row admin_label=&#8221;row&#8221; _builder_version=&#8221;3.25&#8243; background_size=&#8221;initial&#8221; background_position=&#8221;top_left&#8221; background_repeat=&#8221;repeat&#8221; global_colors_info=&#8221;{}&#8221;][et_pb_column type=&#8221;4_4&#8243; _builder_version=&#8221;3.25&#8243; custom_padding=&#8221;|||&#8221; global_colors_info=&#8221;{}&#8221; custom_padding__hover=&#8221;|||&#8221;][et_pb_text _builder_version=&#8221;3.27.4&#8243; background_size=&#8221;initial&#8221; background_position=&#8221;top_left&#8221; background_repeat=&#8221;repeat&#8221; use_border_color=&#8221;off&#8221; border_color=&#8221;#ffffff&#8221; border_style=&#8221;solid&#8221; global_colors_info=&#8221;{}&#8221;]<\/p>\n<h4>At hj\u00e6lpe med at udvikle vores vigtigste r\u00e5stof<\/h4>\n<p>Alt for mange b\u00f8rn og unge med s\u00e6rlige intelligenser, bliver iflg virksomheden, ikke m\u00f8dt med de mest optimale tilbud. Og det kommer til at g\u00e5 ud over livskvaliteten for den enkelte, muligheden for at bidrage til samfundet &#8211; og for samfundet som helhed vores fremtidige konkurrencesituation.<\/p>\n<p>Dermed mener MarketingPlatform, at en stor ressourcefyldt gruppe overses. Fordi de ofte ikke l\u00e6rer optimalt p\u00e5 samme m\u00e5de som alle andre. Den f\u00f8rste gruppe virksomheden \u00f8nsker at hj\u00e6lpe, er de s\u00e6rligt sensitive b\u00f8rn, der rummer store muligheder for udvikling.<\/p>\n<p>&#8220;Vi vil gerne udvikle l\u00e6ringsmetoder og systemer til disse ofte lynintelligente b\u00f8rn og unge, der er s\u00e6rligt sensitive, og hj\u00e6lpe for\u00e6ldre og skoler mod en bedre forst\u00e5else og skabe grundlag for en optimal indl\u00e6ring&#8221;, fort\u00e6ller Kim \u00d8stergaard.<br \/>\n[\/et_pb_text][\/et_pb_column][\/et_pb_row][\/et_pb_section][et_pb_section fb_built=&#8221;1&#8243; admin_label=&#8221;section&#8221; _builder_version=&#8221;3.22&#8243; background_color=&#8221;#f5f8fb&#8221; transparent_background=&#8221;off&#8221; global_colors_info=&#8221;{}&#8221;][et_pb_row admin_label=&#8221;row&#8221; _builder_version=&#8221;3.25&#8243; background_size=&#8221;initial&#8221; background_position=&#8221;top_left&#8221; background_repeat=&#8221;repeat&#8221; global_colors_info=&#8221;{}&#8221;][et_pb_column type=&#8221;4_4&#8243; _builder_version=&#8221;3.25&#8243; custom_padding=&#8221;|||&#8221; global_colors_info=&#8221;{}&#8221; custom_padding__hover=&#8221;|||&#8221;][et_pb_text _builder_version=&#8221;3.27.4&#8243; background_size=&#8221;initial&#8221; background_position=&#8221;top_left&#8221; background_repeat=&#8221;repeat&#8221; use_border_color=&#8221;off&#8221; border_color=&#8221;#ffffff&#8221; border_style=&#8221;solid&#8221; global_colors_info=&#8221;{}&#8221;]<\/p>\n<h4>Fonden skal grundl\u00e6gges i 2020<\/h4>\n<p>MarketingPlatform vil grundl\u00e6gge deres fond i 2020, men inviterer allerede nu interesseorganisationer til dialog. Det tager tid at opbygge det rigtige knowhow, at skabe en f\u00e6lles forst\u00e5else ved at lytte, og endnu l\u00e6ngere tid at udm\u00f8nte det i resultatskabende aktiviteter.<\/p>\n<p>Meget snart vil virksomheden invitere interessenter til dialog, for at kunne forberede arbejdet med fonden. Interesserede er meget velkomne til at henvende sig.<\/p>\n<p>Inspirationen til fonden kommer fra det arbejde som Bill &amp; Melinda Gates ud\u00f8ver i deres fond.<br \/>\n[\/et_pb_text][\/et_pb_column][\/et_pb_row][\/et_pb_section][et_pb_section fb_built=&#8221;1&#8243; admin_label=&#8221;section&#8221; _builder_version=&#8221;3.22&#8243; global_colors_info=&#8221;{}&#8221;][et_pb_row admin_label=&#8221;row&#8221; _builder_version=&#8221;3.25&#8243; background_size=&#8221;initial&#8221; background_position=&#8221;top_left&#8221; background_repeat=&#8221;repeat&#8221; global_colors_info=&#8221;{}&#8221;][et_pb_column type=&#8221;4_4&#8243; _builder_version=&#8221;3.25&#8243; custom_padding=&#8221;|||&#8221; global_colors_info=&#8221;{}&#8221; custom_padding__hover=&#8221;|||&#8221;][et_pb_text _builder_version=&#8221;3.27.4&#8243; background_size=&#8221;initial&#8221; background_position=&#8221;top_left&#8221; background_repeat=&#8221;repeat&#8221; use_border_color=&#8221;off&#8221; border_color=&#8221;#ffffff&#8221; border_style=&#8221;solid&#8221; global_colors_info=&#8221;{}&#8221;]<\/p>\n<h4>Disse organisationer kan anvende MarketingPlatform gratis<\/h4>\n<p>Repr\u00e6senterer du en NGO eller non-profit organisation, kan du ans\u00f8ge om en software donation p\u00e5 www.mailplatform.dk\/non-profit\/ &#8211; indtil videre har alle f\u00e5et 100% gratis adgang til MarketingPlatform for udsendelse af nyhedsbreve.<\/p>\n<p>SMS beskeder kan organisationerne ligeledes sende med meget h\u00f8j rabat. \u201cVi skal ikke tjene p\u00e5 de mange organisationer, der g\u00f8r en forskel, men underst\u00f8tte deres arbejde med vores dialog platform\u201d, slutter Kim \u00d8stergaard.<br \/>\n[\/et_pb_text][\/et_pb_column][\/et_pb_row][\/et_pb_section][et_pb_section fb_built=&#8221;1&#8243; custom_padding_last_edited=&#8221;on|phone&#8221; module_class=&#8221;ressourcer-signup&#8221; _builder_version=&#8221;4.9.3&#8243; background_color=&#8221;#dee7f1&#8243; background_enable_color=&#8221;off&#8221; custom_padding=&#8221;||||false|false&#8221; custom_padding_tablet=&#8221;||||false|false&#8221; custom_padding_phone=&#8221;||||false|false&#8221; top_divider_color=&#8221;#ffffff&#8221; top_divider_height=&#8221;60px&#8221; global_module=&#8221;19033&#8243; saved_tabs=&#8221;all&#8221; global_colors_info=&#8221;{}&#8221;][et_pb_row custom_padding_last_edited=&#8221;on|phone&#8221; _builder_version=&#8221;4.5.3&#8243; background_color=&#8221;#152872&#8243; background_size=&#8221;initial&#8221; background_position=&#8221;top_left&#8221; background_repeat=&#8221;repeat&#8221; custom_margin=&#8221;||||false|false&#8221; custom_padding=&#8221;100px||100px||false|false&#8221; custom_padding_tablet=&#8221;50px|20px|50px|20px|false|false&#8221; custom_padding_phone=&#8221;40px||||false|false&#8221; border_radii=&#8221;on|22px|22px|22px|22px&#8221; global_colors_info=&#8221;{}&#8221;][et_pb_column type=&#8221;4_4&#8243; _builder_version=&#8221;3.25&#8243; custom_padding=&#8221;|||&#8221; global_colors_info=&#8221;{}&#8221; custom_padding__hover=&#8221;|||&#8221;][et_pb_text _builder_version=&#8221;4.5.3&#8243; text_text_color=&#8221;#ffffff&#8221; header_2_font=&#8221;|800|||||||&#8221; header_2_text_color=&#8221;#ffffff&#8221; text_orientation=&#8221;center&#8221; global_colors_info=&#8221;{}&#8221;]<\/p>\n<h2>Pr\u00f8v MarketingPlatform gratis i 14 dage<\/h2>\n<p><span style=\"color:#fff;\">Pr\u00f8veperioden er gratis, helt uforpligtende og udl\u00f8ber efter 14 dage, hvis du ikke \u00f8nsker at forts\u00e6tte.<br \/>\nVed tilmelding modtager du samtidig vores uddannelsesflow p\u00e5 en serie af mails \u2013 og vores nyhedsbrev.<\/span><\/p>\n<p>[\/et_pb_text][et_pb_code _builder_version=&#8221;4.5.3&#8243; _module_preset=&#8221;default&#8221; width=&#8221;40%&#8221; width_tablet=&#8221;100%&#8221; width_phone=&#8221;95%&#8221; width_last_edited=&#8221;on|tablet&#8221; module_alignment=&#8221;center&#8221; global_colors_info=&#8221;{}&#8221;]<a href=\"https:\/\/marketingplatform.com\/da\/book-emailplatform-demo\/\"><\/p>\n<div class=\"bookdemobtn\">Book demo<\/div>\n<p><\/a><!-- [et_pb_line_break_holder] --><a href=\"https:\/\/marketingplatform.com\/da\/gratis-proeveversion\/\"><\/p>\n<div class=\"signupbtn\">Pr\u00f8v os gratis<\/div>\n<p><\/a><!-- [et_pb_line_break_holder] --><\/p>\n<div class=\"clearfix\"><\/div>\n<p>[\/et_pb_code][\/et_pb_column][\/et_pb_row][\/et_pb_section]<\/p>\n","protected":false},"excerpt":{"rendered":"<p>At k\u00e6mpe for oversete b\u00f8rn og unge giver mening Der er mange m\u00e5der at opbygge en virksomhed p\u00e5. Mange m\u00e5l og midler for at komme derhen, hvor dr\u00f8mmene bliver opfyldt. &#8220;Mit m\u00e5l er p\u00e5 sigt at opbygge en fond, der skal sikre en optimal indl\u00e6ring for b\u00f8rn og unge med s\u00e6rlige intelligenser&#8221;, fort\u00e6ller Kim \u00d8stergaard [&hellip;]<\/p>\n","protected":false},"author":50,"featured_media":0,"parent":4520,"menu_order":0,"comment_status":"closed","ping_status":"closed","template":"","meta":{"_et_pb_use_builder":"on","_et_pb_old_content":"<div class=\"pressrelease_teaser_pressroom\">Der er mange m\u00e5der at opbygge en virksomhed p\u00e5. Mange m\u00e5l og midler for at komme derhen, hvor dr\u00f8mmene bliver opfyldt. \"Mit m\u00e5l er p\u00e5 sigt at opbygge en fond, der skal sikre en optimal indl\u00e6ring for b\u00f8rn og unge med s\u00e6rlige intelligenser\", fort\u00e6ller Kim \u00d8stergaard der er grundl\u00e6gger af MarketingPlatform.<\/div>\r\n<span class=\"pressrelease_text_pressroom\">MarketingPlatform leverer cloud l\u00f8sninger til marketing automation. Hvor virksomheder kan effektivere udsendelsen af nyhedsbreve - og h\u00e5ndtere deres SMS markedsf\u00f8ring.<\/span>\r\n\r\n<b>Starter i de sm\u00e5 ved at hj\u00e6lpe etablerede NGOer<\/b>\r\n\"Det er en stor opgave at opbygge en fond, det kr\u00e6ver en stor pose penge, og ligger nogle \u00e5r ude i fremtiden. Derfor er vi startet med at donere til de etablerede NGOer som feks UNICEF\", fort\u00e6ller Kim \u00d8stergaard. I \u00e5r forventer virksomheden, at donationerne alene i Danmark har en v\u00e6rdi p\u00e5 omkring 2 millioner kroner.\r\n\r\n\"Vi donerer vores l\u00f8sning v\u00e6k til alle NGOer, der er godkendt af SKAT, eller hvor deres pengeinstitut kan garantere de opererer som non-profit\", siger grundl\u00e6ggeren. Det er blevet til mange foreninger, hj\u00e6lpeorganisationer, interesseorganisationer og idr\u00e6tsklubber.\r\n\r\nOrganisationerne g\u00f8r if\u00f8lge virksomheden en forskel for rigtig mange mennesker. MarketingPlatform stiller krav om, at halvdelen af besparelsen skal anvendes direkte p\u00e5 organisationens aktiviteter.\r\n\r\n<b>At hj\u00e6lpe med at udvikle vores vigtigste r\u00e5stof<\/b>\r\nAlt for mange b\u00f8rn og unge med s\u00e6rlige intelligenser, bliver iflg virksomheden, ikke m\u00f8dt med de mest optimale tilbud. Og det kommer til at g\u00e5 ud over livskvaliteten for den enkelte, muligheden for at bidrage til samfundet - og for samfundet som helhed vores fremtidige konkurrencesituation.\r\n\r\nDermed mener MarketingPlatform, at en stor ressourcefyldt gruppe overses. Fordi de ofte ikke l\u00e6rer optimalt p\u00e5 samme m\u00e5de som alle andre. Den f\u00f8rste gruppe virksomheden \u00f8nsker at hj\u00e6lpe, er de s\u00e6rligt sensitive b\u00f8rn, der rummer store muligheder for udvikling.\r\n\r\n\"Vi vil gerne udvikle l\u00e6ringsmetoder og systemer til disse ofte lynintelligente b\u00f8rn og unge, der er s\u00e6rligt sensitive, og hj\u00e6lpe for\u00e6ldre og skoler mod en bedre forst\u00e5else og skabe grundlag for en optimal indl\u00e6ring\", fort\u00e6ller Kim \u00d8stergaard.\r\n\r\n<b>Fonden skal grundl\u00e6gges i 2020<\/b>\r\nMarketingPlatform vil grundl\u00e6gge deres fond i 2020, men inviterer allerede nu interesseorganisationer til dialog. Det tager tid at opbygge det rigtige knowhow, at skabe en f\u00e6lles forst\u00e5else ved at lytte, og endnu l\u00e6ngere tid at udm\u00f8nte det i resultatskabende aktiviteter.\r\n\r\nMeget snart vil virksomheden invitere interessenter til dialog, for at kunne forberede arbejdet med fonden. Interesserede er meget velkomne til at henvende sig.\r\n\r\nInspirationen til fonden kommer fra det arbejde som Bill & Melinda Gates ud\u00f8ver i deres fond.\r\n\r\n<b>Disse organisationer kan anvende MarketingPlatform gratis<\/b>\r\nRepr\u00e6senterer du en NGO eller non-profit organisation, kan du ans\u00f8ge om en software donation p\u00e5 www.mailplatform.dk\/non-profit\/ - indtil videre har alle f\u00e5et 100% gratis adgang til MarketingPlatform for udsendelse af nyhedsbreve.\r\n\r\nSMS beskeder kan organisationerne ligeledes sende med meget h\u00f8j rabat. \u201cVi skal ikke tjene p\u00e5 de mange organisationer, der g\u00f8r en forskel, men underst\u00f8tte deres arbejde med vores dialog platform\u201d, slutter Kim \u00d8stergaard.","_et_gb_content_width":"","footnotes":""},"categories":[],"tags":[],"yst_prominent_words":[2433,810,801,802,799,174,4907,806,117,87,809,4871,811,807,803,800,805,224,808,804],"_links":{"self":[{"href":"https:\/\/marketingplatform.com\/da\/wp-json\/wp\/v2\/pages\/4809"}],"collection":[{"href":"https:\/\/marketingplatform.com\/da\/wp-json\/wp\/v2\/pages"}],"about":[{"href":"https:\/\/marketingplatform.com\/da\/wp-json\/wp\/v2\/types\/page"}],"author":[{"embeddable":true,"href":"https:\/\/marketingplatform.com\/da\/wp-json\/wp\/v2\/users\/50"}],"replies":[{"embeddable":true,"href":"https:\/\/marketingplatform.com\/da\/wp-json\/wp\/v2\/comments?post=4809"}],"version-history":[{"count":1,"href":"https:\/\/marketingplatform.com\/da\/wp-json\/wp\/v2\/pages\/4809\/revisions"}],"predecessor-version":[{"id":70829,"href":"https:\/\/marketingplatform.com\/da\/wp-json\/wp\/v2\/pages\/4809\/revisions\/70829"}],"up":[{"embeddable":true,"href":"https:\/\/marketingplatform.com\/da\/wp-json\/wp\/v2\/pages\/4520"}],"wp:attachment":[{"href":"https:\/\/marketingplatform.com\/da\/wp-json\/wp\/v2\/media?parent=4809"}],"wp:term":[{"taxonomy":"category","embeddable":true,"href":"https:\/\/marketingplatform.com\/da\/wp-json\/wp\/v2\/categories?post=4809"},{"taxonomy":"post_tag","embeddable":true,"href":"https:\/\/marketingplatform.com\/da\/wp-json\/wp\/v2\/tags?post=4809"},{"taxonomy":"yst_prominent_words","embeddable":true,"href":"https:\/\/marketingplatform.com\/da\/wp-json\/wp\/v2\/yst_prominent_words?post=4809"}],"curies":[{"name":"wp","href":"https:\/\/api.w.org\/{rel}","templated":true}]}}