{"id":4789,"date":"2017-04-05T12:28:59","date_gmt":"2017-04-05T10:28:59","guid":{"rendered":"https:\/\/marketingplatform.com\/?page_id=4789\/"},"modified":"2019-03-29T15:12:58","modified_gmt":"2019-03-29T14:12:58","slug":"facebook-emailmarketing","status":"publish","type":"page","link":"https:\/\/marketingplatform.com\/da\/artikler-presse\/facebook-emailmarketing\/","title":{"rendered":"Facebook og email marketing"},"content":{"rendered":"<p>[et_pb_section fb_built=&#8221;1&#8243; admin_label=&#8221;section&#8221; _builder_version=&#8221;3.0.47&#8243;][et_pb_row admin_label=&#8221;row&#8221; _builder_version=&#8221;3.0.48&#8243; background_size=&#8221;initial&#8221; background_position=&#8221;top_left&#8221; background_repeat=&#8221;repeat&#8221;][et_pb_column type=&#8221;4_4&#8243; _builder_version=&#8221;3.0.47&#8243;][et_pb_text admin_label=&#8221;Text&#8221; _builder_version=&#8221;3.19.18&#8243; background_size=&#8221;initial&#8221; background_position=&#8221;top_left&#8221; background_repeat=&#8221;repeat&#8221; use_border_color=&#8221;off&#8221; border_color=&#8221;#ffffff&#8221; border_style=&#8221;solid&#8221;]<\/p>\n<h1>Facebook og email marketing<\/h1>\n<h4>Mange virksomheder anvender ikke Facebook til at opsamle tilmeldinger til deres nyhedsbrev. Et stort mistet potentiale mener en dansk ekspert.<\/h4>\n<p>Alle er p\u00e5 Facebook, eller i hvertfald n\u00e6sten alle. Kigger vi statistisk p\u00e5 forbrugerne der handler online, viser nye unders\u00f8gelser at langt hovedparten ogs\u00e5 er p\u00e5 Facebook.<\/p>\n<p>For de fleste virksomheder er der stor forskel p\u00e5, hvem der er Facebook &#8220;venner&#8221;, og hvilke forbrugere der modtager virksomhedens nyhedsbrev. Markedsf\u00f8ringskanalerne er meget forskellige, Facebook og email marketing. Facebook betegnes ofte som en pull kanal, hvor forbrugerne aktivt skal s\u00f8ge opdateringerne, mens email marketing eller udsendelse af nyhedsbreve er en push kanal, hvor virksomhedens budskab skubbes direkte til indbakken &#8211; for \u00f8jnene af forbrugeren.<\/p>\n<p>&#8220;Begge kanaler er loyalitetsskabende og skal betragtes som et dialog v\u00e6rkt\u00f8j&#8221;, fort\u00e6ller Kim \u00d8stergaard fra <a href=\"https:\/\/marketingplatform.com\/da\/\">MarketingPlatform<\/a> der er en f\u00f8rende leverand\u00f8r af systemer til udsendelse af nyhedsbreve. Ved at \u00f8ge loyaliteten opn\u00e5r de fleste virksomheder en \u00f8get afs\u00e6tning til den enkelte forbruger, det man p\u00e5 engelsk kalder share of wallet. Omvendt kan det v\u00e6re vanskeligt at \u00f8ge frekvensen med Facebook, alts\u00e5 hvor ofte kunden k\u00f8ber. Det kr\u00e6ver en push teknologi som email marketing eller andre lignende teknologier.<\/p>\n<p>&nbsp;<\/p>\n<h4>\nFind den rigtige frekvens for udsendelserne<\/h4>\n<p>N\u00e5r blot frekvensen af de udsendte mails er afstemt ved tilmelding, er der ikke noget \u00f8vre loft for antallet af mailkampagner. &#8220;Vi har flere af de store dealsites som kunder, de mailer deres kunder dagligt, uden det g\u00e5r ud over \u00e5bningsraterne&#8221;, konkluderer Kim \u00d8stergaard.<\/p>\n<p>Direkt\u00f8ren for et af de store dealsites, Jan Mejlkj\u00e6r, udtrykker det s\u00e5ledes: Efter skiftet til MailPlatform.dk oplevede vi en m\u00e6rkbar stigning i oms\u00e6tningen fra vores udsendelser. Samtidigt har vi f\u00e5et en personlig r\u00e5dgivning, og hj\u00e6lp til bl.a. at strukturere og organisere vores modtagere\u201d, fort\u00e6ller direkt\u00f8ren for dealsitet.<\/p>\n<p>&nbsp;<\/p>\n<h4>Tilmeldinger gennem Facebook<\/h4>\n<p>Facebook giver mulighed for at opsamle modtagere til din virksomheds nyhedsbrev. Ved at skabe egne sider p\u00e5 det sociale netv\u00e6rk, kan forbrugerne direkte indtaste deres navn og mailadresse p\u00e5 Facebook, og blive oprettet direkte i f.eks. <a href=\"https:\/\/marketingplatform.com\/da\/\">MarketingPlatform<\/a> eller andre systemer der ogs\u00e5 underst\u00f8tter denne form for tilmelding.<\/p>\n<p>Ofte forts\u00e6tter den h\u00f8je loyalitet hos de medlemmer der opsamles gennem Facebook, hvilket er af afg\u00f8rende betydning for bundlinien hos alle virksomheder der s\u00e6lger online.<\/p>\n<p>Popul\u00e6rt fortalt sker sammenk\u00e6dningen med Facebook gennem deres API, en s\u00e5kaldt integrationssnitflade, hvor mange email marketing leverand\u00f8rer, eller integrationspartnere, har udviklet standardiserede integrationer eller snitflader.<\/p>\n<p>Mange marketingdirekt\u00f8rer har gennem de senere \u00e5r jagtet &#8220;likes&#8221; p\u00e5 Facebook, hvilket ofte er en misforst\u00e5et jagt, der hos de f\u00e6rreste har haft nogen n\u00e6vnev\u00e6rdig indvirkning p\u00e5 top- eller bundlinien.<\/p>\n<p>Ved at fokusere p\u00e5 at konvertere de mange &#8220;likes&#8221; til ogs\u00e5 at modtage virksomhedens nyhedsbrev, vil ogs\u00e5 salgsafdelingen begynde at kunne se lyset. V\u00e6rdien af en nyhedsbrevsmodtager er gennemsnitbetragtet en 3-400 kroner, hvor man regner et Facebook like for langt under 100 kr i gennemsnitlig v\u00e6rdi.<br \/>\n[\/et_pb_text][\/et_pb_column][\/et_pb_row][\/et_pb_section][et_pb_section fb_built=&#8221;1&#8243; module_class=&#8221;ressourcer-signup&#8221; _builder_version=&#8221;3.19.9&#8243; background_color=&#8221;#dee7f1&#8243; global_module=&#8221;19033&#8243;][et_pb_row custom_padding=&#8221;||10px&#8221; custom_margin=&#8221;||10px&#8221; _builder_version=&#8221;3.19.9&#8243; background_size=&#8221;initial&#8221; background_position=&#8221;top_left&#8221; background_repeat=&#8221;repeat&#8221;][et_pb_column type=&#8221;4_4&#8243; _builder_version=&#8221;3.0.47&#8243;][et_pb_text _builder_version=&#8221;3.19.9&#8243; text_orientation=&#8221;center&#8221;]<\/p>\n<h2>Pr\u00f8v MarketingPlatform gratis i 14 dage<\/h2>\n<p>Pr\u00f8veperioden er gratis, helt uforpligtende og udl\u00f8ber efter 14 dage, hvis du ikke \u00f8nsker at forts\u00e6tte.<br \/>Ved tilmelding modtager du samtidig vores uddannelsesflow p\u00e5 en serie af mails \u2013 og vores nyhedsbrev.<\/p>\n<p>[\/et_pb_text][et_pb_code _builder_version=&#8221;3.19.9&#8243; text_orientation=&#8221;center&#8221; max_width=&#8221;98%&#8221; module_alignment=&#8221;center&#8221;]<!-- [et_pb_line_break_holder] --><\/p>\n<div class=\"myForm\"><!-- [et_pb_line_break_holder] --> <\/p>\n<div class=\"sign_up\"><!-- [et_pb_line_break_holder] --> <\/p>\n<div class=\"step1 text-box step_fir\"><!-- [et_pb_line_break_holder] --> <\/p>\n<div class=\"displayblock\"><input type=\"text\" name=\"email\" class=\"emailvalue\" placeholder=\"Indtast din e-mailadresse\" style=\"margin-right:5px; border-radius:2px; border:none!important;\"><\/div>\n<p><!-- [et_pb_line_break_holder] --> <\/p>\n<div class=\"displayblock\"><input type=\"button\" value=\"Ja tak - lad mig pr\u00f8ve!\" class=\"button trial-btn-blue step1btn\" style=\"background:#09cd6f!important; border:none!important; border-radius:2px;\"><\/div>\n<p><!-- [et_pb_line_break_holder] --> <\/div>\n<p><!-- [et_pb_line_break_holder] --> <\/p>\n<div class=\"step2 text-box\" style=\"display: none;\"><\/div>\n<p><!-- [et_pb_line_break_holder] --> <\/p>\n<div class=\"step2 text-box \" style=\"display: none;\"><!-- [et_pb_line_break_holder] --> <\/p>\n<div class=\"displayblock\" style=\"width: 400px;\"><input type=\"text\" name=\"CustomFields[496]\" class=\"CustomFields_496_51\" value=\"\" size=\"50\" placeholder=\"Firmanavn\" style=\"margin-right:5px; border-radius:2px; border:none!important;\"><\/div>\n<p><!-- [et_pb_line_break_holder] --> <\/p>\n<div class=\"displayblock\" style=\"width: 400px;\"><input type=\"text\" name=\"CustomFields[2]\" class=\"CustomFields_2_51\" value=\"\" size=\"50\" placeholder=\"Dit Navn\" style=\"margin-right:5px; border-radius:2px; border:none!important;\"><\/div>\n<p><!-- [et_pb_line_break_holder] --> <\/p>\n<div class=\"displayblock\" style=\"width: 400px;\"><input type=\"text\" name=\"CustomFields[497]\" class=\"CustomFields_497_51\" value=\"\" size=\"50\" placeholder=\"Mobil Nummer\" style=\"margin-right:5px; border-radius:2px; border:none!important;\"><\/div>\n<p><!-- [et_pb_line_break_holder] --> <\/p>\n<div class=\"displayblock sec_step_but\"><input id=\"step2\" type=\"button\" value=\"Ja tak - lad mig pr\u00f8ve!\" class=\"button trial-btn-blue step1btn\" style=\"background:#09cd6f!important; border:none!important; border-radius:2px;\"><\/div>\n<p><!-- [et_pb_line_break_holder] --> <\/p>\n<div><!-- [et_pb_line_break_holder] --> <\/p>\n<div style=\"display: none;\" id=\"alertSpan\"><!-- [et_pb_line_break_holder] --> <span style=\"color: red;\">Du skal udfylde alle felter<\/span><!-- [et_pb_line_break_holder] --> <\/div>\n<p><!-- [et_pb_line_break_holder] --> <\/div>\n<p><!-- [et_pb_line_break_holder] --> <\/p>\n<div><!-- [et_pb_line_break_holder] --> <\/p>\n<div style=\"display: none;\" id=\"alertEmailSpan\"><!-- [et_pb_line_break_holder] --> <span style=\"color: red;\">Indtast din e-mailadresse<\/span><!-- [et_pb_line_break_holder] --> <\/div>\n<p><!-- [et_pb_line_break_holder] --> <\/div>\n<p><!-- [et_pb_line_break_holder] --> <\/div>\n<p><!-- [et_pb_line_break_holder] --> <\/div>\n<p><!-- [et_pb_line_break_holder] --><\/div>\n<p>[\/et_pb_code][\/et_pb_column][\/et_pb_row][et_pb_row use_custom_width=&#8221;on&#8221; custom_width_px=&#8221;768px&#8221; custom_padding=&#8221;0px||0px&#8221; custom_margin=&#8221;0px||0px&#8221; _builder_version=&#8221;3.19.9&#8243;][et_pb_column type=&#8221;4_4&#8243; _builder_version=&#8221;3.19.9&#8243;][et_pb_code _builder_version=&#8221;3.19.9&#8243;]<\/p>\n<div class=\"awards-align\"><!-- [et_pb_line_break_holder] --><\/p>\n<div style=\"float:left; width:18%; text-align:center;   margin-right: 2%;\"><!-- [et_pb_line_break_holder] --><img decoding=\"async\" src=\"https:\/\/marketingplatform.com\/wp-content\/uploads\/2019\/02\/bauhaus-logo.png\" width=\"120\" style=\"margin:20px 0px 20px 0px;\"><!-- [et_pb_line_break_holder] --><\/div>\n<p><!-- [et_pb_line_break_holder] --><\/p>\n<div style=\"float:left; width:18%; text-align:center;    margin-right: 2%;\"><!-- [et_pb_line_break_holder] --><img decoding=\"async\" src=\"https:\/\/marketingplatform.com\/wp-content\/uploads\/2019\/02\/boconcept-logo.png\" width=\"120\" style=\"margin:25px 0px 20px 0px;\"><!-- [et_pb_line_break_holder] --><\/div>\n<p><!-- [et_pb_line_break_holder] --><\/p>\n<div style=\"float:left; width:18%;    margin-right: 2%;\"><!-- [et_pb_line_break_holder] --><img decoding=\"async\" src=\"https:\/\/marketingplatform.com\/wp-content\/uploads\/2019\/02\/avcables-logo.png\" width=\"130\" style=\"margin:26px 0px 20px 0px;\"><!-- [et_pb_line_break_holder] --><\/div>\n<p><!-- [et_pb_line_break_holder] --><\/p>\n<div style=\"float:left; width:18%; text-align:center;     margin-right: 1%;\"><!-- [et_pb_line_break_holder] --><img decoding=\"async\" src=\"https:\/\/marketingplatform.com\/wp-content\/uploads\/2019\/02\/kop-kande-logo.png\" width=\"120\" style=\"margin:24px 0px 20px 0px;\"><!-- [et_pb_line_break_holder] --><\/div>\n<p><!-- [et_pb_line_break_holder] --><\/p>\n<div style=\"float:left; width:18%;      margin-right: 2%;  text-align: center;\"><!-- [et_pb_line_break_holder] --><img decoding=\"async\" src=\"https:\/\/marketingplatform.com\/wp-content\/uploads\/2019\/02\/verisure-logo.png\" width=\"100\" style=\"margin:16px 0px 20px 0px;\"><!-- [et_pb_line_break_holder] --><\/div>\n<p><!-- [et_pb_line_break_holder] --><\/div>\n<p>[\/et_pb_code][\/et_pb_column][\/et_pb_row][\/et_pb_section]<\/p>\n","protected":false},"excerpt":{"rendered":"<p>Facebook og email marketing Mange virksomheder anvender ikke Facebook til at opsamle tilmeldinger til deres nyhedsbrev. Et stort mistet potentiale mener en dansk ekspert. Alle er p\u00e5 Facebook, eller i hvertfald n\u00e6sten alle. Kigger vi statistisk p\u00e5 forbrugerne der handler online, viser nye unders\u00f8gelser at langt hovedparten ogs\u00e5 er p\u00e5 Facebook. For de fleste virksomheder [&hellip;]<\/p>\n","protected":false},"author":50,"featured_media":0,"parent":4520,"menu_order":0,"comment_status":"closed","ping_status":"closed","template":"","meta":{"_et_pb_use_builder":"on","_et_pb_old_content":"<h1>Facebook og email marketing<\/h1>\r\n<strong>Mange virksomheder anvender ikke Facebook til at opsamle tilmeldinger til deres nyhedsbrev. Et stort mistet potentiale mener en dansk ekspert. <\/strong>\r\n\r\nAlle er p\u00e5 Facebook, eller i hvertfald n\u00e6sten alle. Kigger vi statistisk p\u00e5 forbrugerne der handler online, viser nye unders\u00f8gelser at langt hovedparten ogs\u00e5 er p\u00e5 Facebook.\r\n\r\nFor de fleste virksomheder er der stor forskel p\u00e5, hvem der er Facebook \"venner\", og hvilke forbrugere der modtager virksomhedens nyhedsbrev. Markedsf\u00f8ringskanalerne er meget forskellige, Facebook og email marketing. Facebook betegnes ofte som en pull kanal, hvor forbrugerne aktivt skal s\u00f8ge opdateringerne, mens email marketing eller udsendelse af nyhedsbreve er en push kanal, hvor virksomhedens budskab skubbes direkte til indbakken - for \u00f8jnene af forbrugeren.\r\n\r\n\"Begge kanaler er loyalitetsskabende og skal betragtes som et dialog v\u00e6rkt\u00f8j\", fort\u00e6ller Kim \u00d8stergaard fra <a href=\"https:\/\/marketingplatform.com\/da\/\">MailPlatform.dk<\/a> der er en f\u00f8rende leverand\u00f8r af systemer til udsendelse af nyhedsbreve. Ved at \u00f8ge loyaliteten opn\u00e5r de fleste virksomheder en \u00f8get afs\u00e6tning til den enkelte forbruger, det man p\u00e5 engelsk kalder share of vallet. Omvendt kan det v\u00e6re vanskeligt at \u00f8ge frekvensen med Facebook, alts\u00e5 hvor ofte kunden k\u00f8ber. Det kr\u00e6ver en push teknologi som email marketing eller andre lignende teknologier.\r\n\r\n<strong>\r\nFind den rigtige frekvens for udsendelserne<\/strong>\r\n\r\nN\u00e5r blot frekvensen af de udsendte mails er afstemt ved tilmelding, er der ikke noget \u00f8vre loft for antallet af mailkampagner. \"Vi har flere af de store dealsites som kunder, de mailer deres kunder dagligt, uden det g\u00e5r ud over \u00e5bningsraterne\", konkluderer Kim \u00d8stergaard.\r\n\r\nDirekt\u00f8ren for et af de store dealsites, Jan Mejlkj\u00e6r, udtrykker det s\u00e5ledes: Efter skiftet til MailPlatform.dk oplevede vi en m\u00e6rkbar stigning i oms\u00e6tningen fra vores udsendelser. Samtidigt har vi f\u00e5et en personlig r\u00e5dgivning, og hj\u00e6lp til bl.a. at strukturere og organisere vores modtagere\u201d, fort\u00e6ller direkt\u00f8ren for dealsitet.\r\n<strong>Tilmeldinger gennem Facebook<\/strong>\r\n\r\nFacebook giver mulighed for at opsamle modtagere til din virksomheds nyhedsbrev. Ved at skabe egne sider p\u00e5 det sociale netv\u00e6rk, kan forbrugerne direkte indtaste deres navn og mailadresse p\u00e5 Facebook, og blive oprettet direkte i f.eks. <a href=\"https:\/\/marketingplatform.com\/da\/\">MailPlatform.dk<\/a> eller andre systemer der ogs\u00e5 underst\u00f8tter denne form for tilmelding.\r\n\r\nOfte forts\u00e6tter den h\u00f8je loyalitet hos de medlemmer der opsamles gennem Facebook, hvilket er af afg\u00f8rende betydning for bundlinien hos alle virksomheder der s\u00e6lger online.\r\n\r\nPopul\u00e6rt fortalt sker sammenk\u00e6dningen med Facebook gennem deres API, en s\u00e5kaldt integrationssnitflade, hvor mange email marketing leverand\u00f8rer, eller integrationspartnere, har udviklet standardiserede integrationer eller snitflader.\r\n\r\nMange marketingdirekt\u00f8rer har gennem de senere \u00e5r jagtet \"likes\" p\u00e5 Facebook, hvilket ofte er en misforst\u00e5et jagt, der hos de f\u00e6rreste har haft nogen n\u00e6vnev\u00e6rdig indvirkning p\u00e5 top- eller bundlinien.\r\n\r\nVed at fokusere p\u00e5 at konvertere de mange \"likes\" til ogs\u00e5 at modtage virksomhedens nyhedsbrev, vil ogs\u00e5 salgsafdelingen begynde at kunne se lyset. V\u00e6rdien af en nyhedsbrevsmodtager er gennemsnitbetragtet en 3-400 kroner, hvor man regner et Facebook like for langt under 100 kr i gennemsnitlig v\u00e6rdi.\r\n<h4>Pr\u00f8v MailPlatform gratis i 30 dage<\/h4>\r\n[optin_box style=\"8\" alignment=\"left\" action=\"https:\/\/www.mailmailmail.net\/form.php?form=65\" method=\"post\" email_field=\"email\" email_default=\"Din arbejds e-mail\" integration_type=\"custom\" double_optin=\"Y\" name_field=\"CustomFields%5B2%5D\" name_default=\"Dit navn\" extra_field_1_name=\"CustomFields%5B110%5D\" extra_field_1_title=\"Firmanavn\" extra_field_2_name=\"CustomFields%5B5%5D\" extra_field_2_title=\"Telefon\"][optin_box_hidden][\/optin_box_hidden][optin_box_code]\r\n\r\n[\/optin_box_code][optin_box_field name=\"headline\"][\/optin_box_field][optin_box_field name=\"paragraph\"][\/optin_box_field][optin_box_field name=\"privacy\"]Vi passer godt p\u00e5 dine oplysninger og deler dem ikke med andre.\r\nVi optager kun seri\u00f8se virksomheder, der ikke spammer, som kunder.[\/optin_box_field][optin_box_field name=\"top_color\"]undefined[\/optin_box_field][optin_box_button type=\"0\" button_below=\"Y\"]Pr\u00f8v MailPlatform gratis[\/optin_box_button] [\/optin_box]","_et_gb_content_width":"","footnotes":""},"categories":[],"tags":[],"yst_prominent_words":[855,2758,2752,176,2755,2757,175,2754,4907,4872,123,2756,2762,556,2753,2751,652,989,448,224],"_links":{"self":[{"href":"https:\/\/marketingplatform.com\/da\/wp-json\/wp\/v2\/pages\/4789"}],"collection":[{"href":"https:\/\/marketingplatform.com\/da\/wp-json\/wp\/v2\/pages"}],"about":[{"href":"https:\/\/marketingplatform.com\/da\/wp-json\/wp\/v2\/types\/page"}],"author":[{"embeddable":true,"href":"https:\/\/marketingplatform.com\/da\/wp-json\/wp\/v2\/users\/50"}],"replies":[{"embeddable":true,"href":"https:\/\/marketingplatform.com\/da\/wp-json\/wp\/v2\/comments?post=4789"}],"version-history":[{"count":0,"href":"https:\/\/marketingplatform.com\/da\/wp-json\/wp\/v2\/pages\/4789\/revisions"}],"up":[{"embeddable":true,"href":"https:\/\/marketingplatform.com\/da\/wp-json\/wp\/v2\/pages\/4520"}],"wp:attachment":[{"href":"https:\/\/marketingplatform.com\/da\/wp-json\/wp\/v2\/media?parent=4789"}],"wp:term":[{"taxonomy":"category","embeddable":true,"href":"https:\/\/marketingplatform.com\/da\/wp-json\/wp\/v2\/categories?post=4789"},{"taxonomy":"post_tag","embeddable":true,"href":"https:\/\/marketingplatform.com\/da\/wp-json\/wp\/v2\/tags?post=4789"},{"taxonomy":"yst_prominent_words","embeddable":true,"href":"https:\/\/marketingplatform.com\/da\/wp-json\/wp\/v2\/yst_prominent_words?post=4789"}],"curies":[{"name":"wp","href":"https:\/\/api.w.org\/{rel}","templated":true}]}}