{"id":4785,"date":"2017-04-05T12:12:58","date_gmt":"2017-04-05T10:12:58","guid":{"rendered":"https:\/\/marketingplatform.com\/?page_id=4785\/"},"modified":"2018-12-17T13:23:25","modified_gmt":"2018-12-17T12:23:25","slug":"fik-du-nogensinde-succes-med-dit-crm-projekt","status":"publish","type":"page","link":"https:\/\/marketingplatform.com\/da\/artikler-presse\/fik-du-nogensinde-succes-med-dit-crm-projekt\/","title":{"rendered":"Fik du nogensinde succes med dit CRM projekt"},"content":{"rendered":"<p>[et_pb_section fb_built=&#8221;1&#8243; admin_label=&#8221;section&#8221; _builder_version=&#8221;3.0.74&#8243; transparent_background=&#8221;off&#8221;][et_pb_row admin_label=&#8221;row&#8221; _builder_version=&#8221;3.0.48&#8243; background_size=&#8221;initial&#8221; background_position=&#8221;top_left&#8221; background_repeat=&#8221;repeat&#8221;][et_pb_column type=&#8221;4_4&#8243; _builder_version=&#8221;3.0.47&#8243; parallax=&#8221;off&#8221; parallax_method=&#8221;on&#8221;][et_pb_text admin_label=&#8221;Text&#8221; _builder_version=&#8221;3.0.87&#8243; background_size=&#8221;initial&#8221; background_position=&#8221;top_left&#8221; background_repeat=&#8221;repeat&#8221; use_border_color=&#8221;off&#8221; border_style=&#8221;solid&#8221;]<\/p>\n<h1>Fik du nogensinde succes med dit CRM projekt<\/h1>\n<h4>Med MarketingPlatform kan du f\u00e5 integreret kundeintelligens. Perfekt til b\u00e5de B2C og B2B virksomheder<\/h4>\n<p>De fleste marketing ansvarlige har dr\u00f8mt om <a href=\"https:\/\/marketingplatform.com\/da\/email-marketing\/funktioner\/\" target=\"_blank\" rel=\"noopener noreferrer\">fuldtintegrerede CRM projekter<\/a>, projekter som ville kunne automatiserede og h\u00f8jne relevansen af kommunikationen med kunderne. Og hos langt de fleste er det blevet ved dr\u00f8mmen. Enten kostede projektet spidsen af en jetjager, eller projektet er blevet fors\u00f8gt gennemf\u00f8rt uden de store resultater.<\/p>\n<p>&nbsp;<\/p>\n<h4>For netbutikken<\/h4>\n<p>Forestil dig du driver en netbutik, hvor du s\u00e6lger modet\u00f8j til kvinder eller b\u00f8rn. M\u00e5lgruppen er den samme &#8211; de k\u00f8best\u00e6rke kvinder &#8211; men konkurrencen er ogs\u00e5 enorm i et lettere stagnerende marked.<\/p>\n<p>Tror du dine bes\u00f8gende, og dine kunder, ville k\u00f8be mere eller mindre, oftere eller sj\u00e6ldnere, hvis du var i stand til, at m\u00e5lrette dine emails med relevante produkter? Svaret er entydigt &#8211; de vil b\u00e5de k\u00f8be mere, alts\u00e5 en h\u00f8jere basket-size, men ogs\u00e5 oftere &#8211; alts\u00e5 en \u00f8get frekvens p\u00e5 kundernes indk\u00f8b.<\/p>\n<p>Den eneste m\u00e5de en online forretning kan tjene penge, er ved at fastholde de eksisterende kunder. Erfaringsm\u00e6ssigt ved vi, at <a href=\"https:\/\/marketingplatform.com\/da\/artikler-presse\/10-gode-rad\/\" target=\"_blank\" rel=\"noopener noreferrer\">segmenterede mails konverterer 4-10 gange bedre<\/a>, end ikke segmenterede emails. Derfor er v\u00e6rdien enorm for alle online k\u00f8bm\u00e6nd.<\/p>\n<p>&nbsp;<\/p>\n<h4>Segmenterede mails konverterer 4-10 gange bedre<\/h4>\n<p>M\u00e5ske har du en maildatabase med 20-30.000 modtagere. Det er ikke unormalt for de lidt st\u00f8rre netbutikker. Du sender sikkert en mail 1-2 gange i ugen til din database. Forestil dig en kampagneplan, hvor du sender alle kunder 1 mail hver uge. Men indholdet vil v\u00e6re forskelligt.<\/p>\n<p>Du vil anvende sm\u00e5 blokke af dynamisk indhold. Indhold der baserer sig p\u00e5 den viden vi har i f.eks. MarketingPlatform om kunden. Denne type segmentering h\u00f8rer til i den lettere ende. Du har m\u00e5ske ressourcer til at udarbejde 2 blokke, der hver har 3 forskellige budskaber. \u201cErfaringsm\u00e6ssigt ved vi, at det vil \u00f8ge udbyttet fra email marketing udsendelserne med 50-70%\u201d, forklarer Kim \u00d8stergaard der er grundl\u00e6gger af MarketingPlatform.<\/p>\n<p>Kim har mere end 15 \u00e5rs erfaring med online og multi-channel retail fra de st\u00f8rste danske- og udenlandske virksomheder. Og det beh\u00f8ver ikke v\u00e6re sv\u00e6rt, eller koste en formue for at lave disse simple segmenteringer. \u201cDe mest simple (eksemplet herover, red.) kr\u00e6ver endog ikke vores nye adf\u00e6rdsmodul, men baserer sig alene p\u00e5 standardfunktionalitet i systemet\u201d, fort\u00e6ller Kim \u00d8stergaard.<\/p>\n<p>&nbsp;<\/p>\n<h4>De mange efterladte indk\u00f8bskurve rummer et stort potentiale<\/h4>\n<p>Vi ved at alene efterladte indk\u00f8bskurve, dvs. kendte kunder der forlader en fyldt indk\u00f8bskurv, uden at gennemf\u00f8re k\u00f8bet, kan v\u00e6re hele 20% af din totale oms\u00e6tning fra email nyhedsbreve. Men langt de f\u00e6rreste sender disse reminder mails ud, fort\u00e6ller <a href=\"https:\/\/marketingplatform.com\/da\/\" target=\"_blank\" rel=\"noopener noreferrer\">email marketing ekspert Kim \u00d8stergaard fra MarketingPlatform<\/a>. Denne type emails andrager kun 0,3% af en netbutiks samlede email volumen p\u00e5 nyhedsbreve, men er uden sidestykke de bedst konverterende mails.<\/p>\n<p>Med modulet &#8220;eCommerce Intelligence&#8221; kan MarketingPlatform opsamle information fra din web-shop, og som en automatiseret handling udsende disse mails X timer eller dage efter, din potentielle kunde har forladt din online shop. Vi har prissat modulet til 600 kr. pr. m\u00e5ned, med et antal sidevisninger der matcher en gennemsnitlig netbutik&#8221;, fort\u00e6ller Kim \u00d8stergaard.<\/p>\n<p>Et hurtigt regneeksempel med en netbutik der har 100 afbrudte k\u00f8b pr. m\u00e5ned, hvor gennemsnitsordren er 500 kr. Det er 50.000 i tabt potentiel indtjening. Resultater fra andre kunder fort\u00e6ller, at ca. 20-40% af de tabte ordrer bliver til en gennemf\u00f8rt bestilling. Det giver 10.000 i ekstra oms\u00e6tning (pessimistisk udregnet med 20%). En t\u00f8jforretning skal gerne realisere en bruttoavance p\u00e5 mindst 45% &#8211; alts\u00e5 4.500 i ekstra indtjening.<\/p>\n<p>&nbsp;<\/p>\n<h4>Hvordan virker integrationen med intelligens modulet<\/h4>\n<p>Alt hvad du skal g\u00f8re er, at placere et script (dvs. en lille stump kode, der ikke konflikter med din shop), p\u00e5 alle dine sider. Dette kan de fleste online forretninger selv g\u00f8re. Skal din udvikler g\u00f8re det tager det typisk under 30 minutter at udf\u00f8re. Den lille stump kode vil ikke sl\u00f8ve dit site.<\/p>\n<p>Vi hoster systemet p\u00e5 et stort CLOUD milj\u00f8 hos Amazon, der er kendt for at kunne skalere n\u00e6sten uendeligt. Systemet vil opsamle en lang r\u00e6kke informationer omkring dine kunder og deres adf\u00e6rd. Dette skal du naturligvis huske at h\u00f8re opm\u00e6rksom p\u00e5 i dine vilk\u00e5r.<\/p>\n<p>Disse informationer sendes automatisk til MarketingPlatform, hvor du kan segmentere ud fra de opsamlede data. Enten manuelt og sende relevante kampagner til de forskellige segmenter, m\u00e5ske indlejre produkter din potentielle kunde netop har kigget p\u00e5, i den kampagne mail de modtager. Eller du kan ops\u00e6tte MarketingPlatform til automatisk at udsende forskellige skabeloner\/mails, n\u00e5r en kunde m\u00f8der nogle bestemte kriterier.<\/p>\n<p>Det kunne v\u00e6re, at hun har efterladt en fyldt indk\u00f8bskurv, hun har forladt siden men kigget p\u00e5 nogle bestemte kategorier, hun har k\u00f8bt for mere end XXX kroner &#8211; eller mere end X antal gange. Og mange andre lignende scenarier. \u201cDerudover udleder vi ogs\u00e5 nogle forskellige &#8220;scores og ratings&#8221;, som en del af vores algoritme. Ligesom vi ogs\u00e5 vil gemme oplysninger omkring den bes\u00f8gendes computer og operativ system &#8211; oplysninger mange brancher kunne anvende for at m\u00e5lrette deres tilbud p\u00e5 tilbeh\u00f8r, nye computere og lignende\u201d, slutter Kim \u00d8stergaard.<\/p>\n<p>[\/et_pb_text][\/et_pb_column][\/et_pb_row][\/et_pb_section][et_pb_section fb_built=&#8221;1&#8243; _builder_version=&#8221;3.16.1&#8243; background_color=&#8221;#dee7f1&#8243; global_module=&#8221;19033&#8243;][et_pb_row _builder_version=&#8221;3.0.48&#8243; background_size=&#8221;initial&#8221; background_position=&#8221;top_left&#8221; background_repeat=&#8221;repeat&#8221;][et_pb_column type=&#8221;4_4&#8243; _builder_version=&#8221;3.0.47&#8243; parallax=&#8221;off&#8221; parallax_method=&#8221;on&#8221;][et_pb_text _builder_version=&#8221;3.16.1&#8243; text_orientation=&#8221;center&#8221; custom_margin=&#8221;||15px|&#8221;]<\/p>\n<h2>Pr\u00f8v MarketingPlatform gratis i 14 dage<\/h2>\n<p>Pr\u00f8veperioden er gratis, helt uforpligtende og udl\u00f8ber efter 14 dage, hvis du ikke \u00f8nsker at forts\u00e6tte.<br \/>Ved tilmelding modtager du samtidig vores uddannelsesflow p\u00e5 en serie af mails \u2013 og vores nyhedsbrev.<\/p>\n<p>[\/et_pb_text][et_pb_code _builder_version=&#8221;3.16.1&#8243; custom_margin=&#8221;0px||10px|&#8221; custom_padding=&#8221;|||&#8221;]&lt;script src=&quot;https:\/\/ajax.googleapis.com\/ajax\/libs\/jquery\/1.11.3\/jquery.min.js&quot;&gt;&lt;\/script&gt;&lt;!&#8211; [et_pb_line_break_holder] &#8211;&gt;&lt;script src=&quot;https:\/\/marketingplatform.com\/js\/sign-up-dk-home-top-updated.js&quot;&gt;&lt;\/script&gt;&lt;!&#8211; [et_pb_line_break_holder] &#8211;&gt;&lt;!&#8211; [et_pb_line_break_holder] &#8211;&gt;&lt;script src=&quot;https:\/\/marketingplatform.com\/js\/trafficSourceTracker.js&quot;&gt;&lt;\/script&gt;&lt;!&#8211; [et_pb_line_break_holder] &#8211;&gt;&lt;script&gt;&lt;!&#8211; [et_pb_line_break_holder] &#8211;&gt;trafficSrcCookie.setCookie(); &lt;!&#8211; [et_pb_line_break_holder] &#8211;&gt;&lt;\/script&gt;&lt;!&#8211; [et_pb_line_break_holder] &#8211;&gt;&lt;div class=&quot;myForm&quot;&gt;&lt;!&#8211; [et_pb_line_break_holder] &#8211;&gt; &lt;div class=&quot;sign_up&quot;&gt;&lt;!&#8211; [et_pb_line_break_holder] &#8211;&gt; &lt;div class=&quot;step1 text-box step_fir&quot;&gt;&lt;!&#8211; [et_pb_line_break_holder] &#8211;&gt; &lt;div class=&quot;displayblock&quot;&gt;&lt;!&#8211; [et_pb_line_break_holder] &#8211;&gt; &lt;input type=&quot;text&quot; name=&quot;email&quot; class=&quot;emailvalue&quot; placeholder=&quot;Indtast din e-mailadresse&quot; style=&quot;margin-right:10px;&quot;&gt;&lt;!&#8211; [et_pb_line_break_holder] &#8211;&gt; &lt;\/div&gt;&lt;!&#8211; [et_pb_line_break_holder] &#8211;&gt; &lt;div class=&quot;displayblock&quot;&gt;&lt;!&#8211; [et_pb_line_break_holder] &#8211;&gt; &lt;input type=&quot;button&quot; value=&quot;Ja tak &#8211; lad mig pr\u00f8ve!&quot; class=&quot;button trial-btn-blue step1btn&quot; style=&quot;background:#09cd6f!important;&quot;&gt;&lt;!&#8211; [et_pb_line_break_holder] &#8211;&gt; &lt;\/div&gt;&lt;!&#8211; [et_pb_line_break_holder] &#8211;&gt; &lt;\/div&gt;&lt;!&#8211; [et_pb_line_break_holder] &#8211;&gt; &lt;div class=&quot;step2 text-box&quot; style=&quot;display: none;&quot;&gt;&lt;\/div&gt;&lt;!&#8211; [et_pb_line_break_holder] &#8211;&gt; &lt;div class=&quot;step2 text-box &quot; style=&quot;display: none;&quot;&gt;&lt;!&#8211; [et_pb_line_break_holder] &#8211;&gt; &lt;div class=&quot;displayblock&quot; style=&quot;width: 400px;&quot;&gt;&lt;!&#8211; [et_pb_line_break_holder] &#8211;&gt; &lt;input type=&quot;text&quot; name=&quot;CustomFields[496]&quot; class=&quot;CustomFields_496_51&quot; value=&quot;&quot; size=&quot;50&quot; placeholder=&quot;Firmanavn&quot;&gt;&lt;!&#8211; [et_pb_line_break_holder] &#8211;&gt; &lt;\/div&gt;&lt;!&#8211; [et_pb_line_break_holder] &#8211;&gt; &lt;div class=&quot;displayblock&quot; style=&quot;width: 400px;&quot;&gt;&lt;!&#8211; [et_pb_line_break_holder] &#8211;&gt; &lt;input type=&quot;text&quot; name=&quot;CustomFields[2]&quot; class=&quot;CustomFields_2_51&quot; value=&quot;&quot; size=&quot;50&quot; placeholder=&quot;Dit Navn&quot;&gt;&lt;!&#8211; [et_pb_line_break_holder] &#8211;&gt; &lt;\/div&gt;&lt;!&#8211; [et_pb_line_break_holder] &#8211;&gt; &lt;div class=&quot;displayblock&quot; style=&quot;width: 400px;&quot;&gt;&lt;!&#8211; [et_pb_line_break_holder] &#8211;&gt; &lt;input type=&quot;text&quot; name=&quot;CustomFields[497]&quot; class=&quot;CustomFields_497_51&quot; value=&quot;&quot; size=&quot;50&quot; placeholder=&quot;Mobil Nummer&quot;&gt;&lt;!&#8211; [et_pb_line_break_holder] &#8211;&gt; &lt;\/div&gt;&lt;!&#8211; [et_pb_line_break_holder] &#8211;&gt; &lt;div class=&quot;displayblock sec_step_but&quot;&gt;&lt;!&#8211; [et_pb_line_break_holder] &#8211;&gt; &lt;input id=&quot;step2&quot; type=&quot;button&quot; value=&quot;Ja tak &#8211; lad mig pr\u00f8ve!&quot; class=&quot;button1 trial-btn-blue&quot; style=&quot;background:#09cd6f!important;&quot;&gt;&lt;!&#8211; [et_pb_line_break_holder] &#8211;&gt; &lt;\/div&gt;&lt;!&#8211; [et_pb_line_break_holder] &#8211;&gt; &lt;div&gt;&lt;!&#8211; [et_pb_line_break_holder] &#8211;&gt; &lt;div style=&quot;display: none;&quot; id=&quot;alertSpan&quot;&gt;&lt;!&#8211; [et_pb_line_break_holder] &#8211;&gt; &lt;span style=&quot;color: red;&quot;&gt;Du skal udfylde alle felter&lt;\/span&gt;&lt;!&#8211; [et_pb_line_break_holder] &#8211;&gt; &lt;\/div&gt;&lt;!&#8211; [et_pb_line_break_holder] &#8211;&gt; &lt;\/div&gt;&lt;!&#8211; [et_pb_line_break_holder] &#8211;&gt; &lt;div&gt;&lt;!&#8211; [et_pb_line_break_holder] &#8211;&gt; &lt;div style=&quot;display: none;&quot; id=&quot;alertEmailSpan&quot;&gt;&lt;!&#8211; [et_pb_line_break_holder] &#8211;&gt; &lt;span style=&quot;color: red;&quot;&gt;Indtast din e-mailadresse&lt;\/span&gt;&lt;!&#8211; [et_pb_line_break_holder] &#8211;&gt; &lt;\/div&gt;&lt;!&#8211; [et_pb_line_break_holder] &#8211;&gt; &lt;\/div&gt;&lt;!&#8211; [et_pb_line_break_holder] &#8211;&gt; &lt;\/div&gt;&lt;!&#8211; [et_pb_line_break_holder] &#8211;&gt; &lt;\/div&gt;&lt;!&#8211; [et_pb_line_break_holder] &#8211;&gt;&lt;\/div&gt;[\/et_pb_code][\/et_pb_column][\/et_pb_row][\/et_pb_section]<\/p>\n","protected":false},"excerpt":{"rendered":"<p>Fik du nogensinde succes med dit CRM projekt Med MarketingPlatform kan du f\u00e5 integreret kundeintelligens. Perfekt til b\u00e5de B2C og B2B virksomheder De fleste marketing ansvarlige har dr\u00f8mt om fuldtintegrerede CRM projekter, projekter som ville kunne automatiserede og h\u00f8jne relevansen af kommunikationen med kunderne. Og hos langt de fleste er det blevet ved dr\u00f8mmen. Enten [&hellip;]<\/p>\n","protected":false},"author":50,"featured_media":0,"parent":4520,"menu_order":0,"comment_status":"closed","ping_status":"closed","template":"","meta":{"_et_pb_use_builder":"on","_et_pb_old_content":"<h2 style=\"line-height: 2em;\">Med MarketingPlatform.dk kan du f\u00e5 integreret kundeintelligens fra kun 600 kr. pr. m\u00e5ned. Perfekt til b\u00e5de B2C og B2B virksomheder<\/h2>\r\nDe fleste marketing ansvarlige har dr\u00f8mt om <a href=\"https:\/\/mailplatform.dk\/udvalgte-funktioner\/\" target=\"_blank\">fuldtintegrerede CRM projekter<\/a>, projekter som ville kunne automatiserede og h\u00f8jne relevansen af kommunikationen med kunderne. Og hos langt de fleste er det blevet ved dr\u00f8mmen. Enten kostede projektet spidsen af en jetjager, eller projektet er blevet fors\u00f8gt gennemf\u00f8rt uden de store resultater.\r\n\r\nFor netbutikken\r\nForestil dig du driver en netbutik, hvor du s\u00e6lger modet\u00f8j til kvinder eller b\u00f8rn. M\u00e5lgruppen er den samme - de k\u00f8best\u00e6rke kvinder - men konkurrencen er ogs\u00e5 enorm i et lettere stagnerende marked.\r\n\r\nTror du dine bes\u00f8gende, og dine kunder, ville k\u00f8be mere eller mindre, oftere eller sj\u00e6ldnere, hvis du var i stand til, at m\u00e5lrette dine emails med relevante produkter?\r\n\r\nSvaret er entydigt - de vil b\u00e5de k\u00f8be mere, alts\u00e5 en h\u00f8jere basket-size, men ogs\u00e5 oftere - alts\u00e5 en \u00f8get frekvens p\u00e5 kundernes indk\u00f8b. Den eneste m\u00e5de en online forretning kan tjene penge, er ved at fastholde de eksisterende kunder.\r\n\r\nErfaringsm\u00e6ssigt ved vi, at <a href=\"https:\/\/marketingplatform.com\/da\/artikler-presse\/10-gode-rad\/\" target=\"_blank\">segmenterede mails konverterer 4-10 gange bedre<\/a>, end ikke segmenterede emails. Derfor er v\u00e6rdien enorm for alle online k\u00f8bm\u00e6nd.\r\n\r\nSegmenterede mails konverterer 4-10 gange bedre\r\nM\u00e5ske har du en maildatabase med 20-30.000 modtagere. Det er ikke unormalt for de lidt st\u00f8rre netbutikker. Du sender sikkert en mail 1-2 gange i ugen til din database.\r\n\r\nForestil dig en kampagneplan, hvor du sender alle kunder 1 mail hver uge. Men indholdet vil v\u00e6re forskelligt. Du vil anvende sm\u00e5 blokke af dynamisk indhold. Indhold der baserer sig p\u00e5 den viden vi har i f.eks. MarketingPlatform.dk om kunden.\r\n\r\nDenne type segmentering h\u00f8rer til i den lettere ende. Du har m\u00e5ske ressourcer til at udarbejde 2 blokke, der hver har 3 forskellige budskaber. \u201cErfaringsm\u00e6ssigt ved vi, at det vil \u00f8ge udbyttet fra email marketing udsendelserne med 50-70%\u201d, forklarer Kim \u00d8stergaard der er grundl\u00e6gger af MarketingPlatform.dk. Kim har mere end 15 \u00e5rs erfaring med online og multi-channel retail fra de st\u00f8rste danske- og udenlandske virksomheder.\r\n\r\nOg det beh\u00f8ver ikke v\u00e6re sv\u00e6rt, eller koste en formue for at lave disse simple segmenteringer. \u201cDe mest simple (eksemplet herover, red.) kr\u00e6ver endog ikke vores nye adf\u00e6rdsmodul, men baserer sig alene p\u00e5 standardfunktionalitet i systemet\u201d, fort\u00e6ller Kim \u00d8stergaard.\r\n\r\nDe mange efterladte indk\u00f8bskurve rummer et stort potentiale\r\nVi ved at alene efterladte indk\u00f8bskurve, dvs. kendte kunder der forlader en fyldt indk\u00f8bskurv, uden at gennemf\u00f8re k\u00f8bet, kan v\u00e6re hele 20% af din totale oms\u00e6tning fra email nyhedsbreve. Men langt de f\u00e6rreste sender disse reminder mails ud, fort\u00e6ller <a href=\"https:\/\/marketingplatform.com\/da\/\" target=\"_blank\">email marketing ekspert Kim \u00d8stergaard fra MarketingPlatform.dk<\/a>. Denne type emails andrager kun 0,3% af en netbutiks samlede email volumen p\u00e5 nyhedsbreve, men er uden sidestykke de bedst konverterende mails.\r\n\r\nMed modulet \"eCommerce Intelligence\" kan MarketingPlatform.dk opsamle information fra din web-shop, og som en automatiseret handling udsende disse mails X timer eller dage efter, din potentielle kunde har forladt din online shop. Vi har prissat modulet til 600 kr. pr. m\u00e5ned, med et antal sidevisninger der matcher en gennemsnitlig netbutik\", fort\u00e6ller Kim \u00d8stergaard.\r\n\r\nEt hurtigt regneeksempel med en netbutik der har 100 afbrudte k\u00f8b pr. m\u00e5ned, hvor gennemsnitsordren er 500 kr. Det er 50.000 i tabt potentiel indtjening. Resultater fra andre kunder fort\u00e6ller, at ca. 20-40% af de tabte ordrer bliver til en gennemf\u00f8rt bestilling. Det giver 10.000 i ekstra oms\u00e6tning (pessimistisk udregnet med 20%). En t\u00f8jforretning skal gerne realisere en bruttoavance p\u00e5 mindst 45% - alts\u00e5 4.500 i ekstra indtjening.\r\n\r\nHvordan virker integrationen med intelligens modulet\r\nAlt hvad du skal g\u00f8re er, at placere et script (dvs. en lille stump kode, der ikke konflikter med din shop), p\u00e5 alle dine sider. Dette kan de fleste online forretninger selv g\u00f8re. Skal din udvikler g\u00f8re det tager det typisk under 30 minutter at udf\u00f8re.\r\n\r\nDen lille stump kode vil ikke sl\u00f8ve dit site. Vi hoster systemet p\u00e5 et stort CLOUD milj\u00f8 hos Amazon, der er kendt for at kunne skalere n\u00e6sten uendeligt.\r\n\r\nSystemet vil opsamle en lang r\u00e6kke informationer omkring dine kunder og deres adf\u00e6rd. Dette skal du naturligvis huske at h\u00f8re opm\u00e6rksom p\u00e5 i dine vilk\u00e5r.\r\n\r\nDisse informationer sendes automatisk til MarketingPlatform.dk, hvor du kan segmentere ud fra de opsamlede data. Enten manuelt og sende relevante kampagner til de forskellige segmenter, m\u00e5ske indlejre produkter din potentielle kunde netop har kigget p\u00e5, i den kampagne mail de modtager. Eller du kan ops\u00e6tte MarketingPlatform.dk til automatisk at udsende forskellige skabeloner\/mails, n\u00e5r en kunde m\u00f8der nogle bestemte kriterier. Det kunne v\u00e6re, at hun har efterladt en fyldt indk\u00f8bskurv, hun har forladt siden men kigget p\u00e5 nogle bestemte kategorier, hun har k\u00f8bt for mere end XXX kroner - eller mere end X antal gange. Og mange andre lignende scenarier.\r\n\r\n\u201cDerudover udleder vi ogs\u00e5 nogle forskellige \"scores og ratings\", som en del af vores algoritme. Ligesom vi ogs\u00e5 vil gemme oplysninger omkring den bes\u00f8gendes computer og operativ system - oplysninger mange brancher kunne anvende for at m\u00e5lrette deres tilbud p\u00e5 tilbeh\u00f8r, nye computere og lignende\u201d, slutter Kim \u00d8stergaard.\r\n<h4>Pr\u00f8v MarketingPlatform gratis i 30 dage<\/h4>\r\n[optin_box style=\"8\" alignment=\"left\" action=\"https:\/\/www.mailmailmail.net\/form.php?form=65\" method=\"post\" email_field=\"email\" email_default=\"Din arbejds e-mail\" integration_type=\"custom\" double_optin=\"Y\" name_field=\"CustomFields%5B2%5D\" name_default=\"Dit navn\" extra_field_1_name=\"CustomFields%5B110%5D\" extra_field_1_title=\"Firmanavn\" extra_field_2_name=\"CustomFields%5B5%5D\" extra_field_2_title=\"Telefon\"][optin_box_hidden][\/optin_box_hidden][optin_box_code]\r\n\r\n[\/optin_box_code][optin_box_field name=\"headline\"][\/optin_box_field][optin_box_field name=\"paragraph\"][\/optin_box_field][optin_box_field name=\"privacy\"]Vi passer godt p\u00e5 dine oplysninger og deler dem ikke med andre.\r\nVi optager kun seri\u00f8se virksomheder, der ikke spammer, som kunder.[\/optin_box_field][optin_box_field name=\"top_color\"]undefined[\/optin_box_field][optin_box_button type=\"0\" button_below=\"Y\"]Pr\u00f8v MailPlatform gratis[\/optin_box_button] [\/optin_box]","_et_gb_content_width":"","footnotes":""},"categories":[],"tags":[],"yst_prominent_words":[4910,4875,4907,4872,2739,117,4899,87,2735,2728,2732,2729,2726,4874,256,4871,2733,2730,2727,4881],"_links":{"self":[{"href":"https:\/\/marketingplatform.com\/da\/wp-json\/wp\/v2\/pages\/4785"}],"collection":[{"href":"https:\/\/marketingplatform.com\/da\/wp-json\/wp\/v2\/pages"}],"about":[{"href":"https:\/\/marketingplatform.com\/da\/wp-json\/wp\/v2\/types\/page"}],"author":[{"embeddable":true,"href":"https:\/\/marketingplatform.com\/da\/wp-json\/wp\/v2\/users\/50"}],"replies":[{"embeddable":true,"href":"https:\/\/marketingplatform.com\/da\/wp-json\/wp\/v2\/comments?post=4785"}],"version-history":[{"count":0,"href":"https:\/\/marketingplatform.com\/da\/wp-json\/wp\/v2\/pages\/4785\/revisions"}],"up":[{"embeddable":true,"href":"https:\/\/marketingplatform.com\/da\/wp-json\/wp\/v2\/pages\/4520"}],"wp:attachment":[{"href":"https:\/\/marketingplatform.com\/da\/wp-json\/wp\/v2\/media?parent=4785"}],"wp:term":[{"taxonomy":"category","embeddable":true,"href":"https:\/\/marketingplatform.com\/da\/wp-json\/wp\/v2\/categories?post=4785"},{"taxonomy":"post_tag","embeddable":true,"href":"https:\/\/marketingplatform.com\/da\/wp-json\/wp\/v2\/tags?post=4785"},{"taxonomy":"yst_prominent_words","embeddable":true,"href":"https:\/\/marketingplatform.com\/da\/wp-json\/wp\/v2\/yst_prominent_words?post=4785"}],"curies":[{"name":"wp","href":"https:\/\/api.w.org\/{rel}","templated":true}]}}