{"id":4778,"date":"2017-04-05T11:50:43","date_gmt":"2017-04-05T09:50:43","guid":{"rendered":"https:\/\/marketingplatform.com\/?page_id=4778\/"},"modified":"2020-02-21T14:51:50","modified_gmt":"2020-02-21T13:51:50","slug":"udsend-mails-fra-dit-eget-system","status":"publish","type":"page","link":"https:\/\/marketingplatform.com\/da\/artikler-presse\/udsend-mails-fra-dit-eget-system\/","title":{"rendered":"Udsend mails fra dit eget system \u2013 og undg\u00e5 SPAM f\u00e6lden"},"content":{"rendered":"<p>[et_pb_section fb_built=&#8221;1&#8243; admin_label=&#8221;section&#8221; _builder_version=&#8221;3.22&#8243;][et_pb_row admin_label=&#8221;row&#8221; _builder_version=&#8221;3.25&#8243; background_size=&#8221;initial&#8221; background_position=&#8221;top_left&#8221; background_repeat=&#8221;repeat&#8221;][et_pb_column type=&#8221;4_4&#8243; _builder_version=&#8221;3.25&#8243; custom_padding=&#8221;|||&#8221; custom_padding__hover=&#8221;|||&#8221;][et_pb_text admin_label=&#8221;Text&#8221; _builder_version=&#8221;4.0.2&#8243; background_size=&#8221;initial&#8221; background_position=&#8221;top_left&#8221; background_repeat=&#8221;repeat&#8221; hover_enabled=&#8221;0&#8243; use_border_color=&#8221;off&#8221; border_color=&#8221;#ffffff&#8221; border_style=&#8221;solid&#8221;]<\/p>\n<h1>Udsend mails fra dit eget system \u2013 og undg\u00e5 SPAM f\u00e6lden<\/h1>\n<p><strong>Rigtig mange virksomheder udsender <a href=\"https:\/\/marketingplatform.com\/da\/transactional-mails\/\" target=\"_blank\" rel=\"noopener noreferrer\">transaktionelle mails<\/a>. Og de fleste har pr\u00f8vet at disse mails ikke n\u00e5r frem til modtageren. Konsekvensen er ofte katastrofal. Transaktionelle mails er f.eks. glemt password, k\u00f8bsordrer og meget andet fra et CMS, eCommerce platform og lignende interne systemer<\/strong>.<\/p>\n<p>De fleste kender det. Kunden har efterspurgt et password p\u00e5 deres side, igennem et egenudviklet system eller lignende l\u00f8sning, og der sker absolut ingen ting hos kunden. Kunden modtager ikke det efterspurgte password eller sin ordrebekr\u00e6ftelse fra shoppen.<\/p>\n<p>Kommercielt kan det have ganske store konsekvenser. Lunten er efterh\u00e5nden temmelig kort hos de fleste Internet brugere, de forventer tingene sker meget hurtigt. Modtager de ikke det \u00f8nskede, giver det henvendelser til kundeservice, og i v\u00e6rste tilf\u00e6lde opgiver kunden simpelthen din l\u00f8sning \/ at handle hos din virksomhed.<\/p>\n<p>\u201dJeg har tidligere fra egne projekter oplevet, hvad det betyder, hvis kunden ikke modtager den \u00f8nskede mail \u2013 at den i bedste fald ender i SPAM eller i v\u00e6rste fald slet ikke leveres til modtageren\u201d, fort\u00e6ller Kim \u00d8stergaard fra konsulentvirksomheden Loyalitet.com, der st\u00e5r bag MarketingPlatform, et email marketing software as a service (SaaS produkt).<\/p>\n<p>Derfor har virksomheden valgt at udbyde <a href=\"https:\/\/marketingplatform.com\/da\/email-marketing\/funktioner\/\" target=\"_blank\" rel=\"noopener noreferrer\">adgang til selve mailmotoren i deres email marketing l\u00f8sning<\/a>, til alle seri\u00f8se virksomheder, der \u00f8nsker et l\u00f8ft i deres leveringsevne. En l\u00f8sningsmodel der ikke tidligere er set fra en dansk virksomhed, hvor leveringsevnen er optimeret mod de mailservere som danske modtagere anvender.<\/p>\n<p>Hvordan opn\u00e5r du optimal leveringsevne fra din egen l\u00f8sning<br \/> Virksomhederne skal v\u00e6re opm\u00e6rksom p\u00e5 f\u00f8lgende omr\u00e5der, n\u00e5r de vurderer deres egen leveringsevne af transaktionelle mails:<\/p>\n<ul>\n<li>Leverer vi b\u00e5de en HTML og TEXT version af mailen.<\/li>\n<li>H\u00e5ndterer vi bounce mails, b\u00e5de hard-bounce (dvs. ikke eksisterende mailadresser) eller en af de mange forskellige soft-bounce typer (ofte fyldte eller inaktive mailadresser).<\/li>\n<li>Sender vi gentagende gange til ikke eksisterende adresser, som potentielt kan v\u00e6re SPAM-traps. En SPAM-trap er typisk en tidligere aktiv mailadresse, som f.eks. Hotmail eller Gmail v\u00e6lger at g\u00f8re til en SPAM-trap, hvis der fortsat er aktivitet p\u00e5 den efter en given periode. Noget ethvert seri\u00f8st email system naturligvis skal fjerne straks mailadressen holder op med at v\u00e6re valid.<\/li>\n<li>Kan vi f\u00e5 statistik p\u00e5 \u00e5ben eller klik fra de p\u00e5g\u00e6ldende kampagner.<\/li>\n<li>H\u00e5ndterer vores back-end de forskellige modtagende mailservere korrekt, overholder vi reglerne for leveringshastighed, antal pr. time og antal forbindelser.<\/li>\n<li>Er vi preferred sender eller whitelisted hos de \u00f8nskede modtagere.<\/li>\n<li>Har vi opsat <a href=\"https:\/\/marketingplatform.com\/da\/sadan-anvendes-spf-og-dkim\/\">SPF og DKIM<\/a> korrekt \u2013 eller har de modtagende mailservere problemer med at validere hvem der afsender mailen.<\/li>\n<\/ul>\n<p>Og summen af alle disse omr\u00e5der vil give en SPAM-score, som er essentiel for leveringsevnen, og dermed sikkerheden for at modtagerne f\u00e5r den afsendte mail i indbakken.<\/p>\n<p><a href=\"https:\/\/marketingplatform.com\/da\/referencer\/\" target=\"_blank\" rel=\"noopener noreferrer\">V\u00e6lg en email marketing udbyder med andre seri\u00f8se kunder<\/a><br \/> En email marketing udbyder er ikke bedre end sine kunder. Det lyder m\u00e5ske lidt som en kliche, men ikke desto mindre er afsenderrenomme et udtryk for b\u00e5de kortsigtede og langsigtede handlinger. Om brugerne har modtaget relevante mails, som er blevet \u00e5bnet, og hvor vidt de kr\u00e6vede omr\u00e5der for leveringsevne er opfyldt.<\/p>\n<p>Dermed afh\u00e6nger email marketing virksomhedens seri\u00f8sitet i h\u00f8j grad af hvilke kunder de servicerer. \u201dMan kan f.eks. ikke blive kunde hos os, hvis man k\u00f8ber modtagere til sine lister, er affiliate mailudbyder \u2013 eller lignende type afsender\u201d, fort\u00e6ller grundl\u00e6gger Kim \u00d8stergaard fra marketingplatform.com.<\/p>\n<h4><\/h4>\n<p>[\/et_pb_text][\/et_pb_column][\/et_pb_row][\/et_pb_section][et_pb_section fb_built=&#8221;1&#8243; custom_padding_last_edited=&#8221;on|phone&#8221; module_class=&#8221;ressourcer-signup&#8221; _builder_version=&#8221;4.0.2&#8243; background_color=&#8221;#dee7f1&#8243; custom_padding=&#8221;7%||&#8221; custom_padding_tablet=&#8221;12%||||false|false&#8221; custom_padding_phone=&#8221;17%||||false|false&#8221; top_divider_style=&#8221;asymmetric2&#8243; top_divider_color=&#8221;#ffffff&#8221; top_divider_height=&#8221;60px&#8221; global_module=&#8221;19033&#8243;][et_pb_row _builder_version=&#8221;3.25&#8243; background_size=&#8221;initial&#8221; background_position=&#8221;top_left&#8221; background_repeat=&#8221;repeat&#8221; custom_margin=&#8221;||10px&#8221; custom_padding=&#8221;||10px&#8221;][et_pb_column type=&#8221;4_4&#8243; _builder_version=&#8221;3.25&#8243; custom_padding=&#8221;|||&#8221; custom_padding__hover=&#8221;|||&#8221;][et_pb_text _builder_version=&#8221;4.0.2&#8243; text_orientation=&#8221;center&#8221;]<\/p>\n<h2 style=\"font-style: normal;\">Pr\u00f8v MarketingPlatform gratis i 14 dage<\/h2>\n<p style=\"font-style: normal;\">Pr\u00f8veperioden er gratis, helt uforpligtende og udl\u00f8ber efter 14 dage, hvis du ikke \u00f8nsker at forts\u00e6tte.<br \/> Ved tilmelding modtager du samtidig vores uddannelsesflow p\u00e5 en serie af mails \u2013 og vores nyhedsbrev.<\/p>\n<p>[\/et_pb_text][\/et_pb_column][\/et_pb_row][et_pb_row _builder_version=&#8221;4.0.2&#8243;][et_pb_column type=&#8221;4_4&#8243; _builder_version=&#8221;4.0.2&#8243;][et_pb_code _builder_version=&#8221;4.0.2&#8243; text_orientation=&#8221;center&#8221;]<a href=\"https:\/\/marketingplatform.com\/da\/gratis-proeveversion\/\" class=\"green-btn2\" style=\"background:#09cd6f; padding:18px 60px; margin-bottom:10px!important;\">Pr\u00f8v os gratis nu<\/a> <a href=\"https:\/\/marketingplatform.com\/da\/book-emailplatform-demo\/\" class=\"green-btn2\" style=\"background:#0daae2; padding:18px 70px;\">Book demo<\/a>[\/et_pb_code][\/et_pb_column][\/et_pb_row][et_pb_row _builder_version=&#8221;4.0.2&#8243; max_width=&#8221;768px&#8221; custom_margin=&#8221;15px||0px||false|false&#8221; custom_padding=&#8221;0px||0px&#8221; use_custom_width=&#8221;on&#8221; custom_width_px=&#8221;768px&#8221;][et_pb_column type=&#8221;4_4&#8243; _builder_version=&#8221;3.25&#8243; custom_padding=&#8221;|||&#8221; custom_padding__hover=&#8221;|||&#8221;][et_pb_code _builder_version=&#8221;4.0.2&#8243;]<\/p>\n<div class=\"awards-align\" ><!-- [et_pb_line_break_holder] --><\/p>\n<div style=\"float:left; width:14%; text-align:right;   margin-right: 2%;\"><!-- [et_pb_line_break_holder] --><img decoding=\"async\" src=\"https:\/\/marketingplatform.com\/wp-content\/uploads\/2020\/01\/primotours.png\" width=\"56\" style=\"margin:10px 20px 20px 0px;\"><!-- [et_pb_line_break_holder] --><\/div>\n<p><!-- [et_pb_line_break_holder] --><\/p>\n<div style=\"float:left; width:20%; text-align:center;    margin-right: 4%;\"><!-- [et_pb_line_break_holder] --><img decoding=\"async\" src=\"https:\/\/marketingplatform.com\/wp-content\/uploads\/2019\/11\/med24-gray.png\" width=\"100\" style=\"margin:20px 0px 20px 10px;\"><!-- [et_pb_line_break_holder] --><\/div>\n<p><!-- [et_pb_line_break_holder] --><\/p>\n<div style=\"float:left; width:18%;    margin-right: 1%;\"><!-- [et_pb_line_break_holder] --><img decoding=\"async\" src=\"https:\/\/marketingplatform.com\/wp-content\/uploads\/2019\/08\/cykelpartner-logo.png\" width=\"180\" style=\"margin:29px 20px 20px 0px;\"><!-- [et_pb_line_break_holder] --><\/div>\n<p><!-- [et_pb_line_break_holder] --><\/p>\n<div style=\"float:left; width:20%; text-align:center;     margin-right: 1%;\"><!-- [et_pb_line_break_holder] --><img decoding=\"async\" src=\"https:\/\/marketingplatform.com\/wp-content\/uploads\/2019\/04\/aldi-grey.png\" width=\"50\" style=\"margin:10px 0px 20px 0px;\"><!-- [et_pb_line_break_holder] --><\/div>\n<p><!-- [et_pb_line_break_holder] --><\/p>\n<div style=\"float:left; width:18%;      margin-right: 2%;  text-align: center;\"><!-- [et_pb_line_break_holder] --><img decoding=\"async\" src=\"https:\/\/marketingplatform.com\/wp-content\/uploads\/2019\/02\/verisure-logo.png\" width=\"120\" style=\"margin:18px 0px 20px 0px;\"><!-- [et_pb_line_break_holder] --><\/div>\n<p><!-- [et_pb_line_break_holder] --><\/div>\n<p>[\/et_pb_code][\/et_pb_column][\/et_pb_row][\/et_pb_section]<\/p>\n","protected":false},"excerpt":{"rendered":"<p>Udsend mails fra dit eget system \u2013 og undg\u00e5 SPAM f\u00e6lden Rigtig mange virksomheder udsender transaktionelle mails. Og de fleste har pr\u00f8vet at disse mails ikke n\u00e5r frem til modtageren. Konsekvensen er ofte katastrofal. Transaktionelle mails er f.eks. glemt password, k\u00f8bsordrer og meget andet fra et CMS, eCommerce platform og lignende interne systemer. De fleste [&hellip;]<\/p>\n","protected":false},"author":50,"featured_media":0,"parent":4520,"menu_order":0,"comment_status":"closed","ping_status":"closed","template":"","meta":{"_et_pb_use_builder":"on","_et_pb_old_content":"<h1>Udsend mails fra dit eget system \u2013 og undg\u00e5 SPAM f\u00e6lden<\/h1>\r\n<h2 style=\"line-height: 2em;\">Rigtig mange virksomheder udsender <a href=\"https:\/\/mailplatform.dk\/udvalgte-funktioner\/\" target=\"_blank\">transaktionelle mails<\/a>. Og de fleste har pr\u00f8vet at disse mails ikke n\u00e5r frem til modtageren. Konsekvensen er ofte katastrofal. Transaktionelle mails er f.eks. glemt password, k\u00f8bsordrer og meget andet fra et CMS, eCommerce platform og lignende interne systemer.<\/h2>\r\nDe fleste kender det. Kunden har efterspurgt et password p\u00e5 deres side, igennem et egenudviklet system eller lignende l\u00f8sning, og der sker absolut ingen ting hos kunden. Kunden modtager ikke det efterspurgte password eller sin ordrebekr\u00e6ftelse fra shoppen.\r\n\r\nKommercielt kan det have ganske store konsekvenser. Lunten er efterh\u00e5nden temmelig kort hos de fleste Internet brugere, de forventer tingene sker meget hurtigt. Modtager de ikke det \u00f8nskede, giver det henvendelser til kundeservice, og i v\u00e6rste tilf\u00e6lde opgiver kunden simpelthen din l\u00f8sning \/ at handle hos din virksomhed.\r\n\r\n\u201dJeg har tidligere fra egne projekter oplevet, hvad det betyder, hvis kunden ikke modtager den \u00f8nskede mail \u2013 at den i bedste fald ender i SPAM eller i v\u00e6rste fald slet ikke leveres til modtageren\u201d, fort\u00e6ller Kim \u00d8stergaard fra konsulentvirksomheden Loyalitet.com, der st\u00e5r bag MarketingPlatform.dk, et email marketing software as a service (SaaS produkt).\r\n\r\nDerfor har virksomheden valgt at udbyde <a href=\"https:\/\/mailplatform.dk\/udvalgte-funktioner\/\" target=\"_blank\">adgang til selve mailmotoren i deres email marketing l\u00f8sning<\/a>, til alle seri\u00f8se virksomheder, der \u00f8nsker et l\u00f8ft i deres leveringsevne. En l\u00f8sningsmodel der ikke tidligere er set fra en dansk virksomhed, hvor leveringsevnen er optimeret mod de mailservere som danske modtagere anvender.\r\n\r\nHvordan opn\u00e5r du optimal leveringsevne fra din egen l\u00f8sning\r\nVirksomhederne skal v\u00e6re opm\u00e6rksom p\u00e5 f\u00f8lgende omr\u00e5der, n\u00e5r de vurderer deres egen leveringsevne af transaktionelle mails:\r\n\r\n\u2022 Leverer vi b\u00e5de en HTML og TEXT version af mailen.\r\n\u2022 H\u00e5ndterer vi bounce mails, b\u00e5de hard-bounce (dvs. ikke eksisterende mailadresser) eller en af de mange forskellige soft-bounce typer (ofte fyldte eller inaktive mailadresser).\r\n\u2022 Sender vi gentagende gange til ikke eksisterende adresser, som potentielt kan v\u00e6re SPAM-traps. En SPAM-trap er typisk en tidligere aktiv mailadresse, som f.eks. Hotmail eller Gmail v\u00e6lger at g\u00f8re til en SPAM-trap, hvis der fortsat er aktivitet p\u00e5 den efter en given periode. Noget ethvert seri\u00f8st email system naturligvis skal fjerne straks mailadressen holder op med at v\u00e6re valid.\r\n\u2022 Kan vi f\u00e5 statistik p\u00e5 \u00e5ben eller klik fra de p\u00e5g\u00e6ldende kampagner.\r\n\u2022 H\u00e5ndterer vores back-end de forskellige modtagende mailservere korrekt, overholder vi reglerne for leveringshastighed, antal pr. time og antal forbindelser.\r\n\u2022 Er vi preferred sender eller whitelisted hos de \u00f8nskede modtagere.\r\n\u2022 Har vi opsat SPF og DKIM korrekt \u2013 eller har de modtagende mailservere problemer med at validere hvem der afsender mailen.\r\n\r\nOg summen af alle disse omr\u00e5der vil give en SPAM-score, som er essentiel for leveringsevnen, og dermed sikkerheden for at modtagerne f\u00e5r den afsendte mail i indbakken.\r\n\r\n<a href=\"https:\/\/marketingplatform.com\/da\/referencer\/\" target=\"_blank\">V\u00e6lg en email marketing udbyder med andre seri\u00f8se kunder<\/a>\r\nEn email marketing udbyder er ikke bedre end sine kunder. Det lyder m\u00e5ske lidt som en kliche, men ikke desto mindre er afsenderrenomme et udtryk for b\u00e5de kortsigtede og langsigtede handlinger. Om brugerne har modtaget relevante mails, som er blevet \u00e5bnet, og hvor vidt de kr\u00e6vede omr\u00e5der for leveringsevne er opfyldt.\r\n\r\nDermed afh\u00e6nger email marketing virksomhedens seri\u00f8sitet i h\u00f8j grad af hvilke kunder de servicerer. \u201dMan kan f.eks. ikke blive kunde hos os, hvis man k\u00f8ber modtagere til sine lister, er affiliate mailudbyder \u2013 eller lignende type afsender\u201d, fort\u00e6ller grundl\u00e6gger Kim \u00d8stergaard fra MarketingPlatform.dk.\r\n\r\nTil redaktionen:\r\n\r\nMarketingPlatform.dk er en brugervenlig l\u00f8sning, som b\u00e5de henvender til sig marketingafdelingen og mere online vante personer. Flere end 60 danske virksomheder anvender l\u00f8sningen. MarketingPlatform.dk er en del af Loyalitet.com, der r\u00e5dgiver nogle af danmarks st\u00f8rste virksomheder.\r\n\r\nBlandt kunderne er Bon \u00e1 Parte, BoConcept, BabySam, Kop & Kande, Bazoom samt lignende virksomheder.\r\n\r\nPriserne starter ved 200 kr. pr. m\u00e5ned.\r\n\r\nVi har 6 standardpakker, der matcher de fleste st\u00f8rrelser danske retailere og e-retailere. Men vi tilpasser ogs\u00e5 gerne en st\u00f8rre l\u00f8sning.\r\n\r\n<a href=\"https:\/\/marketingplatform.com\/da\/\" target=\"_blank\"><strong>https:\/\/www.mailplatform.dk<\/strong><\/a>\r\n\r\n<hr align=\"left\" noshade=\"noshade\" size=\"1\" \/>\r\n\r\n<h4>Pr\u00f8v MarketingPlatform gratis i 30 dage<\/h4>\r\n[optin_box style=\"8\" alignment=\"left\" action=\"https:\/\/www.mailmailmail.net\/form.php?form=65\" method=\"post\" email_field=\"email\" email_default=\"Din arbejds e-mail\" integration_type=\"custom\" double_optin=\"Y\" name_field=\"CustomFields%5B2%5D\" name_default=\"Dit navn\" extra_field_1_name=\"CustomFields%5B110%5D\" extra_field_1_title=\"Firmanavn\" extra_field_2_name=\"CustomFields%5B5%5D\" extra_field_2_title=\"Telefon\"][optin_box_hidden][\/optin_box_hidden][optin_box_code]\r\n\r\n[\/optin_box_code][optin_box_field name=\"headline\"][\/optin_box_field][optin_box_field name=\"paragraph\"][\/optin_box_field][optin_box_field name=\"privacy\"]Vi passer godt p\u00e5 dine oplysninger og deler dem ikke med andre.\r\nVi optager kun seri\u00f8se virksomheder, der ikke spammer, som kunder.[\/optin_box_field][optin_box_field name=\"top_color\"]undefined[\/optin_box_field][optin_box_button type=\"0\" button_below=\"Y\"]Pr\u00f8v MailPlatform gratis[\/optin_box_button] [\/optin_box]","_et_gb_content_width":"","footnotes":""},"categories":[],"tags":[],"yst_prominent_words":[4910,284,81,83,175,2091,446,4907,2092,776,2193,4872,4877,4909,2093,4871,4881,2192,4884,2202],"_links":{"self":[{"href":"https:\/\/marketingplatform.com\/da\/wp-json\/wp\/v2\/pages\/4778"}],"collection":[{"href":"https:\/\/marketingplatform.com\/da\/wp-json\/wp\/v2\/pages"}],"about":[{"href":"https:\/\/marketingplatform.com\/da\/wp-json\/wp\/v2\/types\/page"}],"author":[{"embeddable":true,"href":"https:\/\/marketingplatform.com\/da\/wp-json\/wp\/v2\/users\/50"}],"replies":[{"embeddable":true,"href":"https:\/\/marketingplatform.com\/da\/wp-json\/wp\/v2\/comments?post=4778"}],"version-history":[{"count":2,"href":"https:\/\/marketingplatform.com\/da\/wp-json\/wp\/v2\/pages\/4778\/revisions"}],"predecessor-version":[{"id":51847,"href":"https:\/\/marketingplatform.com\/da\/wp-json\/wp\/v2\/pages\/4778\/revisions\/51847"}],"up":[{"embeddable":true,"href":"https:\/\/marketingplatform.com\/da\/wp-json\/wp\/v2\/pages\/4520"}],"wp:attachment":[{"href":"https:\/\/marketingplatform.com\/da\/wp-json\/wp\/v2\/media?parent=4778"}],"wp:term":[{"taxonomy":"category","embeddable":true,"href":"https:\/\/marketingplatform.com\/da\/wp-json\/wp\/v2\/categories?post=4778"},{"taxonomy":"post_tag","embeddable":true,"href":"https:\/\/marketingplatform.com\/da\/wp-json\/wp\/v2\/tags?post=4778"},{"taxonomy":"yst_prominent_words","embeddable":true,"href":"https:\/\/marketingplatform.com\/da\/wp-json\/wp\/v2\/yst_prominent_words?post=4778"}],"curies":[{"name":"wp","href":"https:\/\/api.w.org\/{rel}","templated":true}]}}