{"id":4774,"date":"2017-04-05T11:40:24","date_gmt":"2017-04-05T09:40:24","guid":{"rendered":"https:\/\/marketingplatform.com\/?page_id=4774\/"},"modified":"2018-12-17T13:29:18","modified_gmt":"2018-12-17T12:29:18","slug":"statistik-og-nyhedsbreve","status":"publish","type":"page","link":"https:\/\/marketingplatform.com\/da\/artikler-presse\/statistik-og-nyhedsbreve\/","title":{"rendered":"Statistik er vejen til bedre indtjening for bl.a. rejsebranchen"},"content":{"rendered":"<p>[et_pb_section fb_built=&#8221;1&#8243; admin_label=&#8221;section&#8221; _builder_version=&#8221;3.0.47&#8243;][et_pb_row admin_label=&#8221;row&#8221; _builder_version=&#8221;3.0.48&#8243; background_size=&#8221;initial&#8221; background_position=&#8221;top_left&#8221; background_repeat=&#8221;repeat&#8221;][et_pb_column type=&#8221;4_4&#8243; _builder_version=&#8221;3.0.47&#8243; parallax=&#8221;off&#8221; parallax_method=&#8221;on&#8221;][et_pb_text admin_label=&#8221;Text&#8221; _builder_version=&#8221;3.0.87&#8243; background_size=&#8221;initial&#8221; background_position=&#8221;top_left&#8221; background_repeat=&#8221;repeat&#8221; use_border_color=&#8221;off&#8221; border_color=&#8221;#ffffff&#8221; border_style=&#8221;solid&#8221;]<\/p>\n<h1>Statistik er vejen til bedre indtjening for bl.a. rejsebranchen<\/h1>\n<p><strong>Funktionen vis i browser er vigtig at have <\/strong><strong>\u00f8<\/strong><strong>verst i alle mailudsendelser. Men det er de f<\/strong><strong>\u00e6<\/strong><strong>rreste der t<\/strong><strong>\u00e6<\/strong><strong>nker p<\/strong><strong>\u00e5<\/strong><strong> den statistiske betydning af funktionen. I dette whitepaper ser vi p<\/strong><strong>\u00e5<\/strong><strong> hvordan rejsebranchen f<\/strong><strong>\u00e5<\/strong><strong>r 4-5 gange mere ud af sine mails.<\/strong><\/p>\n<p>Langt de fleste kender det lille diskrete, men alligevel prominent placerede link \u00f8verst i de nyhedsbreve de modtager. Form\u00e5let er at lave en virkningsfuld &#8220;call to action&#8221; der bringer modtageren t\u00e6ttere p\u00e5 dine KPI&#8217;er der ligger bag enhver marketing aktivitet &#8211; eller som b\u00f8r ligge bag enhver marketing aktivitet.<\/p>\n<p>Linket \u201dVis i browser\u201d eller \u201dKan du ikke se billederne \u2013 l\u00e6s mailen her\u201d eller \u2026 teksten har mange forskellige udformninger. F\u00e6lles for de forskellige udformninger er, at der gemmer sig en systemfunktion bag ved linket. En funktion i dit email marketing program, der automatisk linker til en dynamisk online version af netop den mail, uanset m\u00e6ngden af segmenteret eller individ tilpasset indhold, den p\u00e5g\u00e6ldende udsendelse indeholder.<\/p>\n<p>Mange Content Management Systemer, de s\u00e5kaldte CMS l\u00f8sninger, rummer ikke denne funktionalitet, men linker i bedste fald til en standard hjemmeside, der viser en web-udgave af den udsendte kampagne. Oftest uden den n\u00f8dvendige sporbarhed, der er v\u00e6rdifuld i den videre behandling af modtagerne p\u00e5 din mailingliste.<\/p>\n<p>&nbsp;<\/p>\n<h4>Statistik er viden og penge i kassen<\/h4>\n<p>Et email marketing program som MarketingPlatform, eller andre seri\u00f8se udbyderes l\u00f8sning, opsamler viden om modtagerne. Viden der kan anvendes til at berige modtagernes profil, kan anvendes til bedre at segmentere n\u00e6ste udsendelse, kan danne grundlag for helt nye mailinglister eller noget helt femte \u2013 m\u00e5ske en kombination af de n\u00e6vnte muligheder.<\/p>\n<p>\u201dEn segmenteret mail rummer ubegr\u00e6nsede muligheder, men vigtigst af alt konverterer den 4-10 gange bedre end en alle-skal-have-det-samme-budskab mail\u201d, fort\u00e6ller Kim \u00d8stergaard der har arbejdet med email marketing siden 1998. Han er ogs\u00e5 grundl\u00e6gger af MarketingPlatform der hj\u00e6lper kunder som BlockBuster, BoConcept, Kop &amp; Kande og TravelMarket med udsendelsen af deres nyhedsbreve.<\/p>\n<p>&nbsp;<\/p>\n<h4>S\u00e5dan kan rejsebranchen konvertere 4-5 gange bedre<\/h4>\n<p>Lad mig give et konkret eksempel forts\u00e6tter han. En virksomhed der s\u00e6lger rejser vil gerne geografien p\u00e5 deres modtagere, men det vil v\u00e6re for langsomligt at sp\u00f8rge hele databasen. Det vil tage for lang tid inden der er kritisk masse i antallet af respondenter. Men virksomhedens nyhedsbrev har en \u00e5bningsrate p\u00e5 ca. 40%, hvorfor en geografisk profilering alene p\u00e5 grund af deres aktive handling, at de har \u00e5bnet det tilsendte nyhedsbrev, vil v\u00e6re en v\u00e6sentlig hurtigere metode. Metoden rummer ogs\u00e5 usikkerheder, men til denne anvendelse vil v\u00e6rdien v\u00e6re meget h\u00f8j.<\/p>\n<p>Der er forskel p\u00e5 hvad folk p\u00e5 Amager og i Sydjylland k\u00f8ber af rejsedestinationer. Ved at anvende \u00e5bningsdataene fra det f\u00f8rste nyhedsbrev, vil den n\u00e6ste mail fra rejsearrang\u00f8ren kunne indeholde f.eks. 3 forskellige top-blokke af indhold. Indhold der vil versioneres efter modtagerens geografiske placering.<\/p>\n<p>Erfaringsm\u00e6ssigt vil en s\u00e5dan mail konvertere 4-5 gange bedre end den foreg\u00e5ende mail, hvor alle danske modtagere fik samme budskab, perspektiverer Kim \u00d8stergaard.<br \/>\n[\/et_pb_text][\/et_pb_column][\/et_pb_row][\/et_pb_section][et_pb_section fb_built=&#8221;1&#8243; _builder_version=&#8221;3.16.1&#8243; background_color=&#8221;#dee7f1&#8243; global_module=&#8221;19033&#8243;][et_pb_row _builder_version=&#8221;3.0.48&#8243; background_size=&#8221;initial&#8221; background_position=&#8221;top_left&#8221; background_repeat=&#8221;repeat&#8221;][et_pb_column type=&#8221;4_4&#8243; _builder_version=&#8221;3.0.47&#8243; parallax=&#8221;off&#8221; parallax_method=&#8221;on&#8221;][et_pb_text _builder_version=&#8221;3.16.1&#8243; text_orientation=&#8221;center&#8221; custom_margin=&#8221;||15px|&#8221;]<\/p>\n<h2>Pr\u00f8v MarketingPlatform gratis i 14 dage<\/h2>\n<p>Pr\u00f8veperioden er gratis, helt uforpligtende og udl\u00f8ber efter 14 dage, hvis du ikke \u00f8nsker at forts\u00e6tte.<br \/>Ved tilmelding modtager du samtidig vores uddannelsesflow p\u00e5 en serie af mails \u2013 og vores nyhedsbrev.<\/p>\n<p>[\/et_pb_text][et_pb_code _builder_version=&#8221;3.16.1&#8243; custom_margin=&#8221;0px||10px|&#8221; custom_padding=&#8221;|||&#8221;]&lt;script src=&quot;https:\/\/ajax.googleapis.com\/ajax\/libs\/jquery\/1.11.3\/jquery.min.js&quot;&gt;&lt;\/script&gt;&lt;!&#8211; [et_pb_line_break_holder] &#8211;&gt;&lt;script src=&quot;https:\/\/marketingplatform.com\/js\/sign-up-dk-home-top-updated.js&quot;&gt;&lt;\/script&gt;&lt;!&#8211; [et_pb_line_break_holder] &#8211;&gt;&lt;!&#8211; [et_pb_line_break_holder] &#8211;&gt;&lt;script src=&quot;https:\/\/marketingplatform.com\/js\/trafficSourceTracker.js&quot;&gt;&lt;\/script&gt;&lt;!&#8211; [et_pb_line_break_holder] &#8211;&gt;&lt;script&gt;&lt;!&#8211; [et_pb_line_break_holder] &#8211;&gt;trafficSrcCookie.setCookie(); &lt;!&#8211; [et_pb_line_break_holder] &#8211;&gt;&lt;\/script&gt;&lt;!&#8211; [et_pb_line_break_holder] &#8211;&gt;&lt;div class=&quot;myForm&quot;&gt;&lt;!&#8211; [et_pb_line_break_holder] &#8211;&gt; &lt;div class=&quot;sign_up&quot;&gt;&lt;!&#8211; [et_pb_line_break_holder] &#8211;&gt; &lt;div class=&quot;step1 text-box step_fir&quot;&gt;&lt;!&#8211; [et_pb_line_break_holder] &#8211;&gt; &lt;div class=&quot;displayblock&quot;&gt;&lt;!&#8211; [et_pb_line_break_holder] &#8211;&gt; &lt;input type=&quot;text&quot; name=&quot;email&quot; class=&quot;emailvalue&quot; placeholder=&quot;Indtast din e-mailadresse&quot; style=&quot;margin-right:10px;&quot;&gt;&lt;!&#8211; [et_pb_line_break_holder] &#8211;&gt; &lt;\/div&gt;&lt;!&#8211; [et_pb_line_break_holder] &#8211;&gt; &lt;div class=&quot;displayblock&quot;&gt;&lt;!&#8211; [et_pb_line_break_holder] &#8211;&gt; &lt;input type=&quot;button&quot; value=&quot;Ja tak &#8211; lad mig pr\u00f8ve!&quot; class=&quot;button trial-btn-blue step1btn&quot; style=&quot;background:#09cd6f!important;&quot;&gt;&lt;!&#8211; [et_pb_line_break_holder] &#8211;&gt; &lt;\/div&gt;&lt;!&#8211; [et_pb_line_break_holder] &#8211;&gt; &lt;\/div&gt;&lt;!&#8211; [et_pb_line_break_holder] &#8211;&gt; &lt;div class=&quot;step2 text-box&quot; style=&quot;display: none;&quot;&gt;&lt;\/div&gt;&lt;!&#8211; [et_pb_line_break_holder] &#8211;&gt; &lt;div class=&quot;step2 text-box &quot; style=&quot;display: none;&quot;&gt;&lt;!&#8211; [et_pb_line_break_holder] &#8211;&gt; &lt;div class=&quot;displayblock&quot; style=&quot;width: 400px;&quot;&gt;&lt;!&#8211; [et_pb_line_break_holder] &#8211;&gt; &lt;input type=&quot;text&quot; name=&quot;CustomFields[496]&quot; class=&quot;CustomFields_496_51&quot; value=&quot;&quot; size=&quot;50&quot; placeholder=&quot;Firmanavn&quot;&gt;&lt;!&#8211; [et_pb_line_break_holder] &#8211;&gt; &lt;\/div&gt;&lt;!&#8211; [et_pb_line_break_holder] &#8211;&gt; &lt;div class=&quot;displayblock&quot; style=&quot;width: 400px;&quot;&gt;&lt;!&#8211; [et_pb_line_break_holder] &#8211;&gt; &lt;input type=&quot;text&quot; name=&quot;CustomFields[2]&quot; class=&quot;CustomFields_2_51&quot; value=&quot;&quot; size=&quot;50&quot; placeholder=&quot;Dit Navn&quot;&gt;&lt;!&#8211; [et_pb_line_break_holder] &#8211;&gt; &lt;\/div&gt;&lt;!&#8211; [et_pb_line_break_holder] &#8211;&gt; &lt;div class=&quot;displayblock&quot; style=&quot;width: 400px;&quot;&gt;&lt;!&#8211; [et_pb_line_break_holder] &#8211;&gt; &lt;input type=&quot;text&quot; name=&quot;CustomFields[497]&quot; class=&quot;CustomFields_497_51&quot; value=&quot;&quot; size=&quot;50&quot; placeholder=&quot;Mobil Nummer&quot;&gt;&lt;!&#8211; [et_pb_line_break_holder] &#8211;&gt; &lt;\/div&gt;&lt;!&#8211; [et_pb_line_break_holder] &#8211;&gt; &lt;div class=&quot;displayblock sec_step_but&quot;&gt;&lt;!&#8211; [et_pb_line_break_holder] &#8211;&gt; &lt;input id=&quot;step2&quot; type=&quot;button&quot; value=&quot;Ja tak &#8211; lad mig pr\u00f8ve!&quot; class=&quot;button1 trial-btn-blue&quot; style=&quot;background:#09cd6f!important;&quot;&gt;&lt;!&#8211; [et_pb_line_break_holder] &#8211;&gt; &lt;\/div&gt;&lt;!&#8211; [et_pb_line_break_holder] &#8211;&gt; &lt;div&gt;&lt;!&#8211; [et_pb_line_break_holder] &#8211;&gt; &lt;div style=&quot;display: none;&quot; id=&quot;alertSpan&quot;&gt;&lt;!&#8211; [et_pb_line_break_holder] &#8211;&gt; &lt;span style=&quot;color: red;&quot;&gt;Du skal udfylde alle felter&lt;\/span&gt;&lt;!&#8211; [et_pb_line_break_holder] &#8211;&gt; &lt;\/div&gt;&lt;!&#8211; [et_pb_line_break_holder] &#8211;&gt; &lt;\/div&gt;&lt;!&#8211; [et_pb_line_break_holder] &#8211;&gt; &lt;div&gt;&lt;!&#8211; [et_pb_line_break_holder] &#8211;&gt; &lt;div style=&quot;display: none;&quot; id=&quot;alertEmailSpan&quot;&gt;&lt;!&#8211; [et_pb_line_break_holder] &#8211;&gt; &lt;span style=&quot;color: red;&quot;&gt;Indtast din e-mailadresse&lt;\/span&gt;&lt;!&#8211; [et_pb_line_break_holder] &#8211;&gt; &lt;\/div&gt;&lt;!&#8211; [et_pb_line_break_holder] &#8211;&gt; &lt;\/div&gt;&lt;!&#8211; [et_pb_line_break_holder] &#8211;&gt; &lt;\/div&gt;&lt;!&#8211; [et_pb_line_break_holder] &#8211;&gt; &lt;\/div&gt;&lt;!&#8211; [et_pb_line_break_holder] &#8211;&gt;&lt;\/div&gt;[\/et_pb_code][\/et_pb_column][\/et_pb_row][\/et_pb_section]<\/p>\n","protected":false},"excerpt":{"rendered":"<p>Statistik er vejen til bedre indtjening for bl.a. rejsebranchen Funktionen vis i browser er vigtig at have \u00f8verst i alle mailudsendelser. Men det er de f\u00e6rreste der t\u00e6nker p\u00e5 den statistiske betydning af funktionen. I dette whitepaper ser vi p\u00e5 hvordan rejsebranchen f\u00e5r 4-5 gange mere ud af sine mails. Langt de fleste kender det [&hellip;]<\/p>\n","protected":false},"author":50,"featured_media":0,"parent":4520,"menu_order":0,"comment_status":"closed","ping_status":"closed","template":"","meta":{"_et_pb_use_builder":"on","_et_pb_old_content":"<h1>Statistik er vejen til bedre indtjening for bl.a. rejsebranchen<\/h1>\r\n<br><\/br>\r\n<strong>Funktionen vis i browser er vigtig at have <\/strong><strong>\u00f8<\/strong><strong>verst i alle mailudsendelser. Men det er de f<\/strong><strong>\u00e6<\/strong><strong>rreste der t<\/strong><strong>\u00e6<\/strong><strong>nker p<\/strong><strong>\u00e5<\/strong><strong> den statistiske betydning af funktionen. I dette whitepaper ser vi p<\/strong><strong>\u00e5<\/strong><strong> hvordan rejsebranchen f<\/strong><strong>\u00e5<\/strong><strong>r 4-5 gange mere ud af sine mails.<\/strong>\r\n\r\nLangt de fleste kender det lille diskrete, men alligevel prominent placerede link \u00f8verst i de nyhedsbreve de modtager. Form\u00e5let er at lave en virkningsfuld \"call to action\" der bringer modtageren t\u00e6ttere p\u00e5 dine KPI'er der ligger bag enhver marketing aktivitet - eller som b\u00f8r ligge bag enhver marketing aktivitet.\r\n\r\nLinket \u201dVis i browser\u201d eller \u201dKan du ikke se billederne \u2013 l\u00e6s mailen her\u201d eller \u2026 teksten har mange forskellige udformninger. F\u00e6lles for de forskellige udformninger er, at der gemmer sig en systemfunktion bag ved linket. En funktion i dit email marketing program, der automatisk linker til en dynamisk online version af netop den mail, uanset m\u00e6ngden af segmenteret eller individ tilpasset indhold, den p\u00e5g\u00e6ldende udsendelse indeholder.\r\n\r\nMange Content Management Systemer, de s\u00e5kaldte CMS l\u00f8sninger, rummer ikke denne funktionalitet, men linker i bedste fald til en standard hjemmeside, der viser en web-udgave af den udsendte kampagne. Oftest uden den n\u00f8dvendige sporbarhed, der er v\u00e6rdifuld i den videre behandling af modtagerne p\u00e5 din mailingliste.\r\n\r\n\u00a0\r\n\r\n<strong>Statistik er viden og penge i kassen<\/strong>\r\nEt email marketing program som MarketingPlatform.dk, eller andre seri\u00f8se udbyderes l\u00f8sning, opsamler viden om modtagerne. Viden der kan anvendes til at berige modtagernes profil, kan anvendes til bedre at segmentere n\u00e6ste udsendelse, kan danne grundlag for helt nye mailinglister eller noget helt femte \u2013 m\u00e5ske en kombination af de n\u00e6vnte muligheder.\r\n\r\n\u201dEn segmenteret mail rummer ubegr\u00e6nsede muligheder, men vigtigst af alt konverterer den 4-10 gange bedre end en alle-skal-have-det-samme-budskab mail\u201d, fort\u00e6ller Kim \u00d8stergaard der har arbejdet med email marketing siden 1998. Han er ogs\u00e5 grundl\u00e6gger af MarketingPlatform.dk der hj\u00e6lper kunder som BlockBuster, BoConcept, Kop & Kande og TravelMarket med udsendelsen af deres nyhedsbreve.\r\n\r\n\u00a0\r\n\r\n<strong>S<\/strong><strong>\u00e5<\/strong><strong>dan kan rejsebranchen konvertere 4-5 gange bedre<\/strong>\r\n\r\nLad mig give et konkret eksempel forts\u00e6tter han. En virksomhed der s\u00e6lger rejser vil gerne geografien p\u00e5 deres modtagere, men det vil v\u00e6re for langsomligt at sp\u00f8rge hele databasen. Det vil tage for lang tid inden der er kritisk masse i antallet af respondenter. Men virksomhedens nyhedsbrev har en \u00e5bningsrate p\u00e5 ca. 40%, hvorfor en geografisk profilering alene p\u00e5 grund af deres aktive handling, at de har \u00e5bnet det tilsendte nyhedsbrev, vil v\u00e6re en v\u00e6sentlig hurtigere metode. Metoden rummer ogs\u00e5 usikkerheder, men til denne anvendelse vil v\u00e6rdien v\u00e6re meget h\u00f8j.\r\n\r\nDer er forskel p\u00e5 hvad folk p\u00e5 Amager og i Sydjylland k\u00f8ber af rejsedestinationer. Ved at anvende \u00e5bningsdataene fra det f\u00f8rste nyhedsbrev, vil den n\u00e6ste mail fra rejsearrang\u00f8ren kunne indeholde f.eks. 3 forskellige top-blokke af indhold. Indhold der vil versioneres efter modtagerens geografiske placering.\r\n\r\nErfaringsm\u00e6ssigt vil en s\u00e5dan mail konvertere 4-5 gange bedre end den foreg\u00e5ende mail, hvor alle danske modtagere fik samme budskab, perspektiverer Kim \u00d8stergaard.\r\n\r\n\u00a0\r\n<h4>Pr\u00f8v MarketingPlatform gratis i 30 dage<\/h4>\r\n[optin_box style=\"8\" alignment=\"left\" action=\"https:\/\/www.mailmailmail.net\/form.php?form=65\" method=\"post\" email_field=\"email\" email_default=\"Din arbejds e-mail\" integration_type=\"custom\" double_optin=\"Y\" name_field=\"CustomFields%5B2%5D\" name_default=\"Dit navn\" extra_field_1_name=\"CustomFields%5B110%5D\" extra_field_1_title=\"Firmanavn\" extra_field_2_name=\"CustomFields%5B5%5D\" extra_field_2_title=\"Telefon\"][optin_box_hidden][\/optin_box_hidden][optin_box_code]\r\n\r\n[\/optin_box_code][optin_box_field name=\"headline\"][\/optin_box_field][optin_box_field name=\"paragraph\"][\/optin_box_field][optin_box_field name=\"privacy\"]Vi passer godt p\u00e5 dine oplysninger og deler dem ikke med andre.\r\nVi optager kun seri\u00f8se virksomheder, der ikke spammer, som kunder.[\/optin_box_field][optin_box_field name=\"top_color\"]undefined[\/optin_box_field][optin_box_button type=\"0\" button_below=\"Y\"]Pr\u00f8v MailPlatform gratis[\/optin_box_button] [\/optin_box]\r\n\r\n\u00a0\r\n\r\n\u00a0","_et_gb_content_width":"","footnotes":""},"categories":[],"tags":[],"yst_prominent_words":[2358,2063,4878,2068,2056,4904,4905,174,5560,175,2066,4907,2067,4872,2357,2065,962,2064,2057,3349],"_links":{"self":[{"href":"https:\/\/marketingplatform.com\/da\/wp-json\/wp\/v2\/pages\/4774"}],"collection":[{"href":"https:\/\/marketingplatform.com\/da\/wp-json\/wp\/v2\/pages"}],"about":[{"href":"https:\/\/marketingplatform.com\/da\/wp-json\/wp\/v2\/types\/page"}],"author":[{"embeddable":true,"href":"https:\/\/marketingplatform.com\/da\/wp-json\/wp\/v2\/users\/50"}],"replies":[{"embeddable":true,"href":"https:\/\/marketingplatform.com\/da\/wp-json\/wp\/v2\/comments?post=4774"}],"version-history":[{"count":0,"href":"https:\/\/marketingplatform.com\/da\/wp-json\/wp\/v2\/pages\/4774\/revisions"}],"up":[{"embeddable":true,"href":"https:\/\/marketingplatform.com\/da\/wp-json\/wp\/v2\/pages\/4520"}],"wp:attachment":[{"href":"https:\/\/marketingplatform.com\/da\/wp-json\/wp\/v2\/media?parent=4774"}],"wp:term":[{"taxonomy":"category","embeddable":true,"href":"https:\/\/marketingplatform.com\/da\/wp-json\/wp\/v2\/categories?post=4774"},{"taxonomy":"post_tag","embeddable":true,"href":"https:\/\/marketingplatform.com\/da\/wp-json\/wp\/v2\/tags?post=4774"},{"taxonomy":"yst_prominent_words","embeddable":true,"href":"https:\/\/marketingplatform.com\/da\/wp-json\/wp\/v2\/yst_prominent_words?post=4774"}],"curies":[{"name":"wp","href":"https:\/\/api.w.org\/{rel}","templated":true}]}}