{"id":4767,"date":"2017-04-05T11:29:19","date_gmt":"2017-04-05T09:29:19","guid":{"rendered":"https:\/\/marketingplatform.com\/?page_id=4767\/"},"modified":"2020-10-12T10:32:57","modified_gmt":"2020-10-12T08:32:57","slug":"nyhedsbreve-og-sociale-medier-horer-naturligt-sammen","status":"publish","type":"page","link":"https:\/\/marketingplatform.com\/da\/artikler-presse\/nyhedsbreve-og-sociale-medier-horer-naturligt-sammen\/","title":{"rendered":"Nyhedsbreve og sociale medier h\u00f8rer naturligt sammen"},"content":{"rendered":"<p>[et_pb_section fb_built=&#8221;1&#8243; admin_label=&#8221;section&#8221; _builder_version=&#8221;3.22&#8243;][et_pb_row admin_label=&#8221;row&#8221; _builder_version=&#8221;3.25&#8243; background_size=&#8221;initial&#8221; background_position=&#8221;top_left&#8221; background_repeat=&#8221;repeat&#8221;][et_pb_column type=&#8221;4_4&#8243; _builder_version=&#8221;3.25&#8243; custom_padding=&#8221;|||&#8221; custom_padding__hover=&#8221;|||&#8221;][et_pb_text admin_label=&#8221;Text&#8221; _builder_version=&#8221;3.27.4&#8243; background_size=&#8221;initial&#8221; background_position=&#8221;top_left&#8221; background_repeat=&#8221;repeat&#8221; use_border_color=&#8221;off&#8221; border_color=&#8221;#ffffff&#8221; border_style=&#8221;solid&#8221;]<\/p>\n<h1>Nyhedsbreve og sociale medier h\u00f8rer naturligt sammen<\/h1>\n<h4 style=\"line-height: 2em;\">Der var engang, hvor skr\u00e6dderen ikke alene var p\u00e5 fornavn med sine kunder, han kunne ogs\u00e5 tilpasse et perfekt s\u00e6t t\u00f8j ud fra hukommelsen. Siden er det kun g\u00e5et ned ad bakke for kunderelationerne.<\/h4>\n<p>Nyhedsbreve er verdens mest effektive markedsf\u00f8ringskanal. Det viser adskillige unders\u00f8gelser, og cementerer det alle retailere og online retailere l\u00e6nge har v\u00e6ret klar over. Faktisk er nyhedsbreve over dobbelt s\u00e5 effektivt som s\u00f8gemaskinemarketing og s\u00f8gemaskineoptimering. &#8220;Med vores nye mulighed for automatisk publicering, ved udsendelse af nyhedsbrevet, til facebook og Twitter, giver vi endnu bedre ROI uden ekstra n\u00f8dvendige processor&#8221;, fort\u00e6ller grundl\u00e6gger af MarketingPlatform Kim \u00d8stergaard.<\/p>\n<p>&nbsp;<\/p>\n<h4>Konsistent kommunikation for ikke at forvirre kunderne<\/h4>\n<p>Mange virksomhed glemmer at v\u00e6re konsistente i deres kommunikation p\u00e5 tv\u00e6rs af kanalerne. Antallet, og beskaffenheden af kanalerne, er meget forskellig fra virksomhed til virksomhed. Nogle har alene et salgsted, eller en salgskanal. Andre er s\u00e5kaldte multi-channel akt\u00f8rer. Alle anvender for det meste flere markedsf\u00f8ringskanaler. Overordnet opdelt mellem online og offline.<\/p>\n<p>Offline er de traditionelle kanaler med forskellige former for annoncer, brochurer, flyers og lignende. Dem vil vi ikke behandle yderligere i denne artikel &#8211; udover fort\u00e6lle om n\u00f8dvendigheden af sammenh\u00e6ng i timing og budskaber mellem online og offline. Ofte er online en findeling af offline marketingplanen i traditionelle offline virksomheder. Det kan v\u00e6re b\u00e5de godt og skidt.<\/p>\n<p>Online er der ofte mange flere deadlines, hvorfor behovet for automatisering er h\u00f8jt. Specielt med en ressourceknap virkelighed i lyset af finanskrisen. &#8220;Vi vil gerne v\u00e6re det foretrukne cross-channel v\u00e6rkt\u00f8j til v\u00e6rdiskabende online marketing, derfor arbejder vi m\u00e5lrettet p\u00e5 at kunne krydspublicere til flere kanaler&#8221;, forts\u00e6tter Kim \u00d8stergaard.<\/p>\n<p>\u00a0<span style=\"font-size: 15px;\">\u00a0<\/span><\/p>\n<h4>Det handler om data, viden og resultater<\/h4>\n<p>Alt for mange virksomheden anvender ikke de indsamlede data fornuftigt. Dermed g\u00e5r stor viden tabt, og megen optimering bliver aldrig lavet. Det koster selvsagt p\u00e5 bundlinien, at viden om kunderne, prospekts og deres adf\u00e6rd aldrig bliver omsat til intelligent markedsf\u00f8ring eller opf\u00f8lgning.<\/p>\n<p>Det at animere modtagerne til handling, gennem tilpassede budskaber, konverterer erfaringsm\u00e6ssigt 4-10 gange flere til k\u00f8bende eller genk\u00f8bende kunder. Lad os lave et simpelt regnestykke. En virksomhed har 10.000 nyhedsbrevsmodtagere og endnu 10.000 f\u00f8lgere p\u00e5 sociale medier. Hvis vi antager at 0,1% af den samlede base k\u00f8ber ved aktivitet, et tal der med m\u00e5lretning gennemsnitligt kan blive til 0,5%, vil forskellen p\u00e5 bundlinien v\u00e6re enorm.<\/p>\n<p>\u201cFor at im\u00f8dekomme de stigende krav til krydspublicering, og konsistens p\u00e5 tv\u00e6rs af kanaler, har vi i MarketingPlatform udviklet automatisk publicering af email kampagner til Facebook og Twitter. Det kan synes som en lille ting, men firmaerne glemmer at opsl\u00e5 udsendte nyhedsbreve, og g\u00e5r dermed glip af stor awareness eller oms\u00e6tning &#8211; eller begge dele\u201d, fastsl\u00e5r Kim \u00d8stergaard.<\/p>\n<p>Den automatisk publicering til de sociale medier, tager ogs\u00e5 h\u00e5nd om en praktisk ting. Rigtig mange nyhedsbreve indstilles til senere udsendelse, f.eks. tidlig morgen, og langt de f\u00e6rreste afsendere \u00f8nsker at st\u00e5 op kl. 05.00, for at sikre opslag ogs\u00e5 p\u00e5 de sociale medier.<\/p>\n<p>&nbsp;<\/p>\n<h4>Vi skal p\u00e5 nye pr\u00e6misser tilbage til herreskr\u00e6dderen<\/h4>\n<p>Der var engang, hvor skr\u00e6dderen ikke alene var p\u00e5 fornavn med sine kunder, han kunne ogs\u00e5 tilpasse et perfekt s\u00e6t t\u00f8j ud fra hukommelsen. Siden er det kun g\u00e5et ned ad bakke for kunderelationerne. Butikkerne er blevet st\u00f8rre, produktionen flyttet v\u00e6k fra kunderne og butikkerne er blevet til selvbetjeningsl\u00f8sninger. Alt sammen fordi forbrugerne l\u00f8bende har \u00f8nsket et st\u00f8rre udvalg.<\/p>\n<p>Samme historie kan skrives for mange andre h\u00e5ndv\u00e6rksfag, hvor varerne i dag fremstilles langt v\u00e6k fra kunderne p\u00e5 store fabrikker med enorme afs\u00e6tningskanaler. Specialbutikkerne med f\u00f8devarer er blevet til supermarkeder, der eksisterer enkelte bagere og slagtere, men volumen ligger i selvbetjeningsbutikkerne. Dermed er h\u00e5ndv\u00e6rkeren kommet langt v\u00e6k fra forbrugerne, og marketing en n\u00f8dvendighed, for at kunne lytte og m\u00e5lrette budskaberne individuelt.<\/p>\n<p>For igen at kunne indg\u00e5 i en kvalitativ dialog, kr\u00e6ver det viden om forbrugerne. Den viden skal email marketing programmet l\u00f8bende opsamle, ud fra modtagernes adf\u00e6rd og akkumulerede adf\u00e6rd i f.eks. webshop og p\u00e5 sociale medier. Som marketing professionel skal du let kunne ops\u00e6tte flows, der tager udgangspunkt i den enkelte forbruger, ved at anvende den viden der gives i de forskellige platforme.<\/p>\n<p>Med andre ord kan data, og det rigtige mailprogram, m\u00e5lrette kommunikationen til k\u00e6mpe m\u00e6ngder af modtagere, som havde virksomheden et individuelt kendskab til den enkelte. Pr\u00e6cist som herreskr\u00e6dderen fra en svunden tid.<\/p>\n<p>Fremtidens marketing handler om at mestre mange kanaler samtidigt, og kommunikere individuelt til store m\u00e6ngder af modtagere.<\/p>\n<p>Desv\u00e6rre er det kun et f\u00e5tal af danske virksomheder, der sender m\u00e5lrettede kampagner til sine kunder. Langt de fleste sender stadig den samme mail til alle modtagerne.<\/p>\n<p>[\/et_pb_text][\/et_pb_column][\/et_pb_row][\/et_pb_section][et_pb_section fb_built=&#8221;1&#8243; custom_padding_last_edited=&#8221;on|phone&#8221; module_class=&#8221;ressourcer-signup&#8221; _builder_version=&#8221;4.5.3&#8243; background_color=&#8221;#dee7f1&#8243; custom_padding=&#8221;7%||4%||false|false&#8221; custom_padding_tablet=&#8221;12%||||false|false&#8221; custom_padding_phone=&#8221;17%||||false|false&#8221; top_divider_style=&#8221;asymmetric2&#8243; top_divider_color=&#8221;#ffffff&#8221; top_divider_height=&#8221;60px&#8221; global_module=&#8221;19033&#8243;][et_pb_row _builder_version=&#8221;3.25&#8243; background_size=&#8221;initial&#8221; background_position=&#8221;top_left&#8221; background_repeat=&#8221;repeat&#8221; custom_margin=&#8221;||10px&#8221; custom_padding=&#8221;||10px&#8221;][et_pb_column type=&#8221;4_4&#8243; _builder_version=&#8221;3.25&#8243; custom_padding=&#8221;|||&#8221; custom_padding__hover=&#8221;|||&#8221;][et_pb_text _builder_version=&#8221;4.5.3&#8243; text_orientation=&#8221;center&#8221;]<\/p>\n<h2 style=\"font-style: normal;\">Pr\u00f8v MarketingPlatform gratis i 14 dage<\/h2>\n<p style=\"font-style: normal;\">Pr\u00f8veperioden er gratis, helt uforpligtende og udl\u00f8ber efter 14 dage, hvis du ikke \u00f8nsker at forts\u00e6tte.<br \/> Ved tilmelding modtager du samtidig vores uddannelsesflow p\u00e5 en serie af mails \u2013 og vores nyhedsbrev.<\/p>\n<p>[\/et_pb_text][\/et_pb_column][\/et_pb_row][et_pb_row _builder_version=&#8221;4.4.0&#8243;][et_pb_column type=&#8221;4_4&#8243; _builder_version=&#8221;4.0.2&#8243;][et_pb_code _builder_version=&#8221;4.5.3&#8243; max_width=&#8221;50%&#8221; max_width_tablet=&#8221;100%&#8221; max_width_phone=&#8221;&#8221; max_width_last_edited=&#8221;on|phone&#8221; module_alignment=&#8221;center&#8221;]<a href=\"https:\/\/marketingplatform.com\/da\/book-emailplatform-demo\/\"><\/p>\n<div class=\"bookdemobtn\">Book demo<\/div>\n<p><\/a><!-- [et_pb_line_break_holder] --><a href=\"https:\/\/marketingplatform.com\/da\/gratis-proeveversion\/\"><\/p>\n<div class=\"signupbtn\">Pr\u00f8v os gratis<\/div>\n<p><\/a><!-- [et_pb_line_break_holder] --><\/p>\n<div class=\"clearfix\"><\/div>\n<p>[\/et_pb_code][\/et_pb_column][\/et_pb_row][et_pb_row _builder_version=&#8221;4.0.2&#8243; max_width=&#8221;768px&#8221; custom_margin=&#8221;15px||0px||false|false&#8221; custom_padding=&#8221;0px||0px&#8221; use_custom_width=&#8221;on&#8221; custom_width_px=&#8221;768px&#8221;][et_pb_column type=&#8221;4_4&#8243; _builder_version=&#8221;3.25&#8243; custom_padding=&#8221;|||&#8221; custom_padding__hover=&#8221;|||&#8221;][et_pb_code _builder_version=&#8221;4.5.3&#8243;]<\/p>\n<div class=\"awards-align\" ><!-- [et_pb_line_break_holder] --><\/p>\n<div style=\"float:left; width:14%; text-align:right;   margin-right: 2%;\"><!-- [et_pb_line_break_holder] --><img decoding=\"async\" src=\"https:\/\/marketingplatform.com\/wp-content\/uploads\/2020\/01\/primotours.png\" width=\"56\" style=\"margin:10px 20px 20px 0px;\"><!-- [et_pb_line_break_holder] --><\/div>\n<p><!-- [et_pb_line_break_holder] --><\/p>\n<div style=\"float:left; width:20%; text-align:center;    margin-right: 4%;\"><!-- [et_pb_line_break_holder] --><img decoding=\"async\" src=\"https:\/\/marketingplatform.com\/wp-content\/uploads\/2019\/11\/med24-gray.png\" width=\"100\" style=\"margin:20px 0px 20px 10px;\"><!-- [et_pb_line_break_holder] --><\/div>\n<p><!-- [et_pb_line_break_holder] --><\/p>\n<div style=\"float:left; width:18%;    margin-right: 1%;\"><!-- [et_pb_line_break_holder] --><img decoding=\"async\" src=\"https:\/\/marketingplatform.com\/wp-content\/uploads\/2019\/08\/cykelpartner-logo.png\" width=\"180\" style=\"margin:29px 20px 20px 0px;\"><!-- [et_pb_line_break_holder] --><\/div>\n<p><!-- [et_pb_line_break_holder] --><\/p>\n<div style=\"float:left; width:20%; text-align:center;     margin-right: 1%;\"><!-- [et_pb_line_break_holder] --><img decoding=\"async\" src=\"https:\/\/marketingplatform.com\/wp-content\/uploads\/2019\/04\/aldi-grey.png\" width=\"50\" style=\"margin:10px 0px 20px 0px;\"><!-- [et_pb_line_break_holder] --><\/div>\n<p><!-- [et_pb_line_break_holder] --><\/p>\n<div style=\"float:left; width:18%;      margin-right: 2%;  text-align: center;\"><!-- [et_pb_line_break_holder] --><img decoding=\"async\" src=\"https:\/\/marketingplatform.com\/wp-content\/uploads\/2019\/02\/verisure-logo.png\" width=\"120\" style=\"margin:18px 0px 20px 0px;\"><!-- [et_pb_line_break_holder] --><\/div>\n<p><!-- [et_pb_line_break_holder] --><\/div>\n<p>[\/et_pb_code][\/et_pb_column][\/et_pb_row][\/et_pb_section]<\/p>\n","protected":false},"excerpt":{"rendered":"<p>Nyhedsbreve og sociale medier h\u00f8rer naturligt sammen Der var engang, hvor skr\u00e6dderen ikke alene var p\u00e5 fornavn med sine kunder, han kunne ogs\u00e5 tilpasse et perfekt s\u00e6t t\u00f8j ud fra hukommelsen. Siden er det kun g\u00e5et ned ad bakke for kunderelationerne. Nyhedsbreve er verdens mest effektive markedsf\u00f8ringskanal. Det viser adskillige unders\u00f8gelser, og cementerer det alle [&hellip;]<\/p>\n","protected":false},"author":50,"featured_media":0,"parent":4520,"menu_order":0,"comment_status":"closed","ping_status":"closed","template":"","meta":{"_et_pb_use_builder":"on","_et_pb_old_content":"<h4 style=\"line-height: 2em;\"><b>Der var engang, hvor skr\u00e6dderen ikke alene var p\u00e5 fornavn med sine kunder, han kunne ogs\u00e5 tilpasse et perfekt s\u00e6t t\u00f8j ud fra hukommelsen. Siden er det kun g\u00e5et ned ad bakke for kunderelationerne.<\/b><\/h4>\r\nNyhedsbreve er verdens mest effektive markedsf\u00f8ringskanal. Det viser adskillige unders\u00f8gelser, og cementerer det alle retailere og online retailere l\u00e6nge har v\u00e6ret klar over. Faktisk er nyhedsbreve over dobbelt s\u00e5 effektivt som s\u00f8gemaskinemarketing og s\u00f8gemaskineoptimering. \"Med vores nye mulighed for automatisk publicering, ved udsendelse af nyhedsbrevet, til facebook og Twitter, giver vi endnu bedre ROI uden ekstra n\u00f8dvendige processor\", fort\u00e6ller grundl\u00e6gger af MarketingPlatform Kim \u00d8stergaard.\r\n\r\n\u00a0\r\n<h4><b>Konsistent kommunikation for ikke at forvirre kunderne <\/b><\/h4>\r\nMange virksomhed glemmer at v\u00e6re konsistente i deres kommunikation p\u00e5 tv\u00e6rs af kanalerne. Antallet, og beskaffenheden af kanalerne, er meget forskellig fra virksomhed til virksomhed. Nogle har alene et salgsted, eller en salgskanal. Andre er s\u00e5kaldte multi-channel akt\u00f8rer. Alle anvender for det meste flere markedsf\u00f8ringskanaler. Overordnet opdelt mellem online og offline.\r\n\r\nOffline er de traditionelle kanaler med forskellige former for annoncer, brochurer, flyers og lignende. Dem vil vi ikke behandle yderligere i denne artikel - udover fort\u00e6lle om n\u00f8dvendigheden af sammenh\u00e6ng i timing og budskaber mellem online og offline. Ofte er online en findeling af offline marketingplanen i traditionelle offline virksomheder. Det kan v\u00e6re b\u00e5de godt og skidt.\r\n\r\nOnline er der ofte mange flere deadlines, hvorfor behovet for automatisering er h\u00f8jt. Specielt med en ressourceknap virkelighed i lyset af finanskrisen. \"Vi vil gerne v\u00e6re det foretrukne cross-channel v\u00e6rkt\u00f8j til v\u00e6rdiskabende online marketing, derfor arbejder vi m\u00e5lrettet p\u00e5 at kunne krydspublicere til flere kanaler\", forts\u00e6tter Kim \u00d8stergaard.\r\n\r\n\u00a0\r\n\r\n<iframe src=\"\/\/player.vimeo.com\/video\/98075755\" width=\"650\" height=\"500\" frameborder=\"0\" allowfullscreen=\"allowfullscreen\"><\/iframe>\r\n\r\nSe hvordan social deling virker i MarketingPlatform. Kim \u00d8stergaard, grundl\u00e6gger af MarketingPlatform, tager dig rundt i funktionerne og gennemg\u00e5r den praktiske ops\u00e6tning.\r\n\r\n\u00a0\r\n<h4><b>Det handler om data, viden og resultater<\/b><\/h4>\r\nAlt for mange virksomheden anvender ikke de indsamlede data fornuftigt. Dermed g\u00e5r stor viden tabt, og megen optimering bliver aldrig lavet. Det koster selvsagt p\u00e5 bundlinien, at viden om kunderne, prospekts og deres adf\u00e6rd aldrig bliver omsat til intelligent markedsf\u00f8ring eller opf\u00f8lgning.\r\n\r\nDet at animere modtagerne til handling, gennem tilpassede budskaber, konverterer erfaringsm\u00e6ssigt 4-10 gange flere til k\u00f8bende eller genk\u00f8bende kunder. Lad os lave et simpelt regnestykke. En virksomhed har 10.000 nyhedsbrevsmodtagere og endnu 10.000 f\u00f8lgere p\u00e5 sociale medier. Hvis vi antager at 0,1% af den samlede base k\u00f8ber ved aktivitet, et tal der med m\u00e5lretning gennemsnitligt kan blive til 0,5%, vil forskellen p\u00e5 bundlinien v\u00e6re enorm.\r\n\r\n\u201cFor at im\u00f8dekomme de stigende krav til krydspublicering, og konsistens p\u00e5 tv\u00e6rs af kanaler, har vi i MarketingPlatform udviklet automatisk publicering af email kampagner til Facebook og Twitter. Det kan synes som en lille ting, men firmaerne glemmer at opsl\u00e5 udsendte nyhedsbreve, og g\u00e5r dermed glip af stor awareness eller oms\u00e6tning - eller begge dele\u201d, fastsl\u00e5r Kim \u00d8stergaard.\r\n\r\nDen automatisk publicering til de sociale medier, tager ogs\u00e5 h\u00e5nd om en praktisk ting. Rigtig mange nyhedsbreve indstilles til senere udsendelse, f.eks. tidlig morgen, og langt de f\u00e6rreste afsendere \u00f8nsker at st\u00e5 op kl. 05.00, for at sikre opslag ogs\u00e5 p\u00e5 de sociale medier.\r\n\r\n\u00a0\r\n<h4><b>Vi skal p\u00e5 nye pr\u00e6misser tilbage til herreskr\u00e6dderen<\/b><\/h4>\r\nDer var engang, hvor skr\u00e6dderen ikke alene var p\u00e5 fornavn med sine kunder, han kunne ogs\u00e5 tilpasse et perfekt s\u00e6t t\u00f8j ud fra hukommelsen. Siden er det kun g\u00e5et ned ad bakke for kunderelationerne. Butikkerne er blevet st\u00f8rre, produktionen flyttet v\u00e6k fra kunderne og butikkerne er blevet til selvbetjeningsl\u00f8sninger. Alt sammen fordi forbrugerne l\u00f8bende har \u00f8nsket et st\u00f8rre udvalg.\r\n\r\nSamme historie kan skrives for mange andre h\u00e5ndv\u00e6rksfag, hvor varerne i dag fremstilles langt v\u00e6k fra kunderne p\u00e5 store fabrikker med enorme afs\u00e6tningskanaler. Specialbutikkerne med f\u00f8devarer er blevet til supermarkeder, der eksisterer enkelte bagere og slagtere, men volumen ligger i selvbetjeningsbutikkerne. Dermed er h\u00e5ndv\u00e6rkeren kommet langt v\u00e6k fra forbrugerne, og marketing en n\u00f8dvendighed, for at kunne lytte og m\u00e5lrette budskaberne individuelt.\r\n\r\nFor igen at kunne indg\u00e5 i en kvalitativ dialog, kr\u00e6ver det viden om forbrugerne. Den viden skal email marketing programmet l\u00f8bende opsamle, ud fra modtagernes adf\u00e6rd og akkumulerede adf\u00e6rd i f.eks. webshop og p\u00e5 sociale medier. Som marketing professionel skal du let kunne ops\u00e6tte flows, der tager udgangspunkt i den enkelte forbruger, ved at anvende den viden der gives i de forskelle platforme.\r\n\r\nMed andre ord kan data, og det rigtige mailprogram, m\u00e5lrette kommunikationen til k\u00e6mpe m\u00e6ngder af modtagere, som havde virksomheden et individuelt kendskab til den enkelte. Pr\u00e6cist som herreskr\u00e6dderen fra en svunden tid.\r\n\r\nFremtidens marketing handler om at mestre mange kanaler samtidigt, og kommunikere individuelt til store m\u00e6ngder af modtagere.\r\n\r\nDesv\u00e6rre er det kun et f\u00e5tal af danske virksomheder, der sender m\u00e5lrettede kampagner til sine kunder. Langt de fleste sender stadig den samme mail til alle modtagerne.\r\n\r\n\u00a0","_et_gb_content_width":"","footnotes":""},"categories":[],"tags":[],"yst_prominent_words":[734,2552,2546,2551,1987,731,733,2553,2545,738,5748,2547,736,747,2550,2544,739,732,2548,735],"_links":{"self":[{"href":"https:\/\/marketingplatform.com\/da\/wp-json\/wp\/v2\/pages\/4767"}],"collection":[{"href":"https:\/\/marketingplatform.com\/da\/wp-json\/wp\/v2\/pages"}],"about":[{"href":"https:\/\/marketingplatform.com\/da\/wp-json\/wp\/v2\/types\/page"}],"author":[{"embeddable":true,"href":"https:\/\/marketingplatform.com\/da\/wp-json\/wp\/v2\/users\/50"}],"replies":[{"embeddable":true,"href":"https:\/\/marketingplatform.com\/da\/wp-json\/wp\/v2\/comments?post=4767"}],"version-history":[{"count":1,"href":"https:\/\/marketingplatform.com\/da\/wp-json\/wp\/v2\/pages\/4767\/revisions"}],"predecessor-version":[{"id":64081,"href":"https:\/\/marketingplatform.com\/da\/wp-json\/wp\/v2\/pages\/4767\/revisions\/64081"}],"up":[{"embeddable":true,"href":"https:\/\/marketingplatform.com\/da\/wp-json\/wp\/v2\/pages\/4520"}],"wp:attachment":[{"href":"https:\/\/marketingplatform.com\/da\/wp-json\/wp\/v2\/media?parent=4767"}],"wp:term":[{"taxonomy":"category","embeddable":true,"href":"https:\/\/marketingplatform.com\/da\/wp-json\/wp\/v2\/categories?post=4767"},{"taxonomy":"post_tag","embeddable":true,"href":"https:\/\/marketingplatform.com\/da\/wp-json\/wp\/v2\/tags?post=4767"},{"taxonomy":"yst_prominent_words","embeddable":true,"href":"https:\/\/marketingplatform.com\/da\/wp-json\/wp\/v2\/yst_prominent_words?post=4767"}],"curies":[{"name":"wp","href":"https:\/\/api.w.org\/{rel}","templated":true}]}}