{"id":4759,"date":"2017-04-05T11:20:24","date_gmt":"2017-04-05T09:20:24","guid":{"rendered":"https:\/\/marketingplatform.com\/?page_id=4759\/"},"modified":"2021-03-24T11:13:51","modified_gmt":"2021-03-24T10:13:51","slug":"bekraeftede-modtagere-giver-storst-respons-og-indtjening","status":"publish","type":"page","link":"https:\/\/marketingplatform.com\/da\/artikler-presse\/bekraeftede-modtagere-giver-storst-respons-og-indtjening\/","title":{"rendered":"Bekr\u00e6ftede modtagere giver st\u00f8rst respons og indtjening"},"content":{"rendered":"<p>[et_pb_section fb_built=&#8221;1&#8243; admin_label=&#8221;section&#8221; _builder_version=&#8221;3.22.3&#8243;][et_pb_row admin_label=&#8221;row&#8221; _builder_version=&#8221;3.25&#8243; background_size=&#8221;initial&#8221; background_position=&#8221;top_left&#8221; background_repeat=&#8221;repeat&#8221;][et_pb_column type=&#8221;4_4&#8243; _builder_version=&#8221;3.25&#8243; custom_padding=&#8221;|||&#8221; custom_padding__hover=&#8221;|||&#8221;][et_pb_text admin_label=&#8221;Text&#8221; _builder_version=&#8221;3.27.4&#8243; background_size=&#8221;initial&#8221; background_position=&#8221;top_left&#8221; background_repeat=&#8221;repeat&#8221; use_border_color=&#8221;off&#8221; border_color=&#8221;#ffffff&#8221; border_style=&#8221;solid&#8221;]<\/p>\n<h1>Bekr\u00e6ftede modtagere giver st\u00f8rst respons og indtjening<\/h1>\n<h4>Double opt-in performer klart bedre end single opt-in tilmeldinger<\/h4>\n<p>&#8220;Er det virkeligt n\u00f8dvendigt at bekr\u00e6fte vores modtagere&#8221;, vi har ofte h\u00f8rt denne s\u00e6tning fra forskellige kunder, der ikke kender v\u00e6rdien af bekr\u00e6ftede modtagere. Argumenterne for at undg\u00e5 bekr\u00e6ftede modtagere, er nerv\u00f8siteten over hvor mange modtagere der ikke bekr\u00e6fter tilmeldingen. Der findes v\u00e6rkt\u00f8jer til automatisk genopf\u00f8lgning, som sikrer at flest mulige bekr\u00e6fter sin tilmelding, uden de mange risici ved ikke bekr\u00e6ftede modtagere.<\/p>\n<p>Der er store \u00f8konomiske grunde til at bekr\u00e6fte sine modtagere fort\u00e6ller studier fra MarketingPlatform.dk, der har sammenlignet \u00e5bningsraterne hos deres kunder p\u00e5 importerede modtagere, og modtagere tilmeldt med bekr\u00e6ftelse via MarketingPlatform systemet. &#8220;I gennemsnit \u00e5bner bekr\u00e6ftede modtagere hos vores kunder 36% af alle tilsendte mails, fort\u00e6ller grundl\u00e6gger Kim \u00d8stergaard. Modsat \u00e5bner de importerede modtagere i gennemsnit 19%&#8221;. M\u00e5ske er \u00e5bningsrater ny viden, men har du arbejdet med salg, kan det bedst sammenlignes med en salgstragt, hvor der i den ene er 34 leads &#8211; og den anden kun 18 leads. Afh\u00e6ngig af forretningens type vil nogle antage den holdning, at salgstrakten f\u00f8rst starter med klikket &#8211; alts\u00e5 der hvor et nyhedsbrev genererer trafik. Det kan der argumenteres b\u00e5de for og imod, konkluderer Kim \u00d8stergaard, men konstaterer at det essentielle er det engagement (her det engelske ord i forst\u00e5else af \u00f8nske om involvering) modtagerne udviser. Engagement er loyalitetsskabende og essentielt for at opretholde <a href=\"https:\/\/marketingplatform.com\/da\/saadan-skaber-du-kundeloyalitet\/\">kundeloyalitet<\/a> over tid.<\/p>\n<p>&nbsp;<\/p>\n<h4>Et overblik over de 4 kategorier af modtagere<\/h4>\n<p>F\u00f8rst starter vi med begyndelsen, nemlig at f\u00e5 begreberne p\u00e5 plads indenfor nyhedsbrevsmodtagere.<br \/> Overordnet set findes der 4 forskellige kategorier af modtagere:<\/p>\n<ul>\n<li>Tilmeldte der ikke bekr\u00e6fter deres tilmelding &#8211; s\u00e5kaldt single opt-in<\/li>\n<li>Tilmeldte der bekr\u00e6fter deres tilmelding &#8211; s\u00e5kaldt double opt-in<\/li>\n<li>K\u00f8bende kunder der tilmelder sig i k\u00f8bsflowet p\u00e5 f.eks. en webshop eller i en butik<\/li>\n<li>Tilmeldte modtagere fra sociale netv\u00e6rk, hvor mailadressen kommer fra f.eks. Facebook<\/li>\n<\/ul>\n<p>&nbsp;<\/p>\n<h4>Tilmeldte der ikke bekr\u00e6fter deres tilmelding &#8211; single opt-in tilmeldinger<\/h4>\n<p>En tilmelding som ikke er bekr\u00e6ftet, alts\u00e5 single opt-in, foreg\u00e5r i sin enkelthed ved en tilmeldingsformular udfyldes med minimum e-mail adresse. Derefter betragtes den tilmeldte e-mail adresse som v\u00e6rende fuldgyldigt modtager af virksomhedens nyhedsbrev.<\/p>\n<p>Single opt-in modtagere er potentielt farlige modtagere. Vi kender i princippet ikke deres intention, om det er reelle modtagere, robotter der fors\u00f8ger at kompromittere din tilmeldingsformular, konkurrenter der sidder og tilmelder spam-traps (dvs. skadelige adresser), hjemmesider der er udbyder en service der tilmelder d\u00e5rlige adresser eller andre der fors\u00f8ger at genere venner og fjender med et antal nyhedsbreve. Endelig kan det ogs\u00e5 v\u00e6re kunder, som din virksomhed m\u00e5ske har givet en d\u00e5rlig oplevelse &#8211; der vil pr\u00f8ve at f\u00e5 din virksomhed i fedtefadet p\u00e5 en spamklage sag.<\/p>\n<p><a href=\"https:\/\/marketingplatform.com\/wp-content\/uploads\/2017\/04\/mailplatform-confirmed-subscribers-300x300.jpg\"><img decoding=\"async\" loading=\"lazy\" class=\"alignleft size-medium wp-image-1787 image-border\" src=\"https:\/\/marketingplatform.com\/wp-content\/uploads\/2017\/04\/mailplatform-confirmed-subscribers-300x300.jpg\" alt=\"Holding Checkbox Or Check Box Showing Approval Or Checked\" width=\"300\" height=\"300\" \/><\/a><\/p>\n<p>Udover det risikable i selve tilmeldingen, performer single opt-in modtagerne d\u00e5rligere over tid, end bekr\u00e6ftede modtagere. Det viser talrige internationale studier, der fokuserer p\u00e5 \u00e5bnings- og klikraterne for ikke bekr\u00e6ftede versus bekr\u00e6ftede modtagere.<\/p>\n<p>&nbsp;<\/p>\n<h4>Tilmeldte der bekr\u00e6fter deres tilmelding &#8211; double opt-in tilmeldinger<\/h4>\n<p>Et double opt-in er en modtager, som bekr\u00e6fter sit \u00f8nske om tilmelding, ved at klikke p\u00e5 et link, der altid ankommer p\u00e5 den mailadresse som \u00f8nskes tilmeldt.<\/p>\n<p>Det lyder m\u00e5ske lidt kryptisk, og kan bedst forklares ved et eksempel. &#8220;P\u00e5 MarketingPlatform.dk har vi en tilmeldingsformular til vores eget nyhedsbrev (<a href=\"https:\/\/marketingplatform.com\/da\/tilmelding-nyhedsbrev\/\">se tilmeldingsformularen her<\/a> &#8211; eller sl\u00e5 blikket mod h\u00f8jre). Efter du har udfyldt tilmeldingsformularen, her med navn og e-mail adresse, vil du modtage en automatisk mail fra vores system, der indeholder et link som bekr\u00e6fter din tilmelding&#8221;, fort\u00e6ller Kim \u00d8stergaard.<\/p>\n<p>Der er mange grunde til at bekr\u00e6fte sine modtagere. Tidligere i denne artikel, har vi behandlet en lang r\u00e6kke \u00e5rsager til ikke, at k\u00f8re med single opt-in. Nogle af de \u00f8vrige klare fordele ved double opt-in, er direkte relaterbare til din forretning, alts\u00e5 hvor meget kortsigtet og langsigtet salg kan dine nyhedsbrevsmodtagere generere. Amerikanske unders\u00f8gelser viser, at ROI (Return On Investment, eller p\u00e5 dansk indt\u00e6gt i forhold til investering) p\u00e5 email marketing er 40x, hvor \u00f8vrige marketingformer som s\u00f8gemaskinemarketing og s\u00f8gemaskineoptimering andrager 20x tilbagebetaling. <a href=\"https:\/\/marketingplatform.com\/da\/artikler-presse\/email-marketing-giver-pengene-40-gange-igen\/\">Hertil kommer mulighederne for segmentering indenfor email marketing<\/a>.<\/p>\n<p>En anden meget vigtig kendsgerning er, at klikraten (hvor mange i % der klikker p\u00e5 indholdet i de udsendte nyhedsbreve) er over dobbelt s\u00e5 h\u00f8j for modtagere, der har bekr\u00e6ftet deres tilmelding.<\/p>\n<p>MarketingPlatform anbefaler altid double opt-in, og B2C kunder er altid opsat til udelukkende at kunne opsamle bekr\u00e6ftede modtagere.<\/p>\n<p>&nbsp;<\/p>\n<h4>K\u00f8bende kunder der tilmelder sig i k\u00f8bsflowet<\/h4>\n<p>K\u00f8bende kunder g\u00f8r sig ofte ganske umage med indtastningen af deres mailadresse. De \u00f8nsker naturligvis at modtage ordrebekr\u00e6ftelsen &#8211; og informationer omkring leveringen af det k\u00f8bte. N\u00e5r det er sagt sker der naturligvis fejl, sl\u00e5fejl eller huskefejl (ikke rutinerede online kunder har ofte sv\u00e6rt ved at huske deres mailadresse). Det resulterer i bedste fald blot i en adresse der ikke findes, den bouncer og bliver straks fjernet af automatikken. Har fejlindtastningen derimod ramt en spam-trap, hvilket er en adresse som internetudbyderne (TDC, Telenor, Hotmail, Outlook, Gmail, Yahoo osv.) anvender for at kunne frasortere useri\u00f8se afsendere, er det straks meget meget v\u00e6rre. En spam-trap kan i v\u00e6rste fald betyde, at alle dine mails til den p\u00e5g\u00e6ldende internetudbyder bliver placeret i spam-mappen. I endnu v\u00e6rre tilf\u00e6lde bliver dine mails helt afvist, hvis karakteren af den eller de ramte spam-traps er grov nok.<\/p>\n<p>Internetudbyderne anvender spam-traps som et v\u00e6rn mod ulovligt k\u00f8bte lister. De, alts\u00e5 internetudbyderne, har en prim\u00e6r interesse i at beskytte deres kunder elller brugere af deres mailtjeneste. De \u00f8nsker at beskytte dem mod nyhedsbreve de ikke har tilmeldt, mod ulovlig spam og naturligvis fors\u00f8g p\u00e5 phishing (mails der tilsigter opsamling af information fra modtageren) og lignende.<\/p>\n<p>Tilbage til kunderne der tilmelder sig i k\u00f8bsflowet. &#8220;Det vil v\u00e6re best practice, at ops\u00e6tte en autoresponder som bekr\u00e6fter den k\u00f8bende kundes tilmelding til nyhedsbreve. Mange online retailere synes, at selve k\u00f8bet g\u00f8r det ud for en bekr\u00e6ftelse af e-mailen, men det eliminerer ikke risikoen for en d\u00e5rlig adresse&#8221;, forts\u00e6tter Kim \u00d8stergaard. Hertil kommer det juridiske i tilmeldingen, hvor det er langt lettere at dokumentere tilmeldingen, n\u00e5r modtageren bekr\u00e6fter og efterlader sig kombinationen af adgangen til den tilmeldte mailadresse, en IP-adresse og et tidspunkt.<\/p>\n<p>&nbsp;<\/p>\n<h4>Tilmeldte fra sociale netv\u00e6rk som f.eks. Facebook<\/h4>\n<p>Facebook og Google+ giver mulighed for, at modtagerne kan tilmelde sig med oplysninger allerede bekr\u00e6ftet hos de sociale netv\u00e6rk. Hos MarketingPlatform er tilmeldingsformularen udvidet med muligheden for social sign in. &#8220;Vi giver virksomhederne p\u00e5 vores platform mulighed for, at benytte Facebook og Google+ data direkte i MarketingPlatform, hvor ikke alene e-mail adressen hentes automatisk, men ogs\u00e5 navn, k\u00f8n, by og mange andre information overf\u00f8res direkte til modtagerens profil i vores l\u00f8sning&#8221;, fort\u00e6ller Kim \u00d8stergaard. <a href=\"https:\/\/marketingplatform.com\/wp-content\/uploads\/2017\/04\/mailplatform-social-signin-subscription-300x112.png\"><img decoding=\"async\" loading=\"lazy\" class=\"alignright size-medium wp-image-1785\" src=\"https:\/\/marketingplatform.com\/wp-content\/uploads\/2017\/04\/mailplatform-social-signin-subscription-300x112.png\" alt=\"mailplatform-social-signin-subscription\" width=\"300\" height=\"112\" \/><\/a><\/p>\n<p>Social tilmelding giver en sikkerhed for de data der opsamles, men det er stadig ingen garanti for, at modtageren aktuelt benytter den tilknyttede e-mail adresse. I forhold til Google+ der er direkte associeret med Gmail, er det dog overordentligt sandsynligt at dette er tilf\u00e6ldet. Tidligere hvor Facebook sendte notifikationer p\u00e5 alt og ingenting, valgte en del brugere at tilknytte en perifer e-mail adresse til deres Facebook konto. Derfor vil kvaliteten af en tilmelding fra Facebook v\u00e6re d\u00e5rligere end med Google+. Langt den overvejende datam\u00e6ngde vil v\u00e6re ganske valid og direkte anvendelig til udsendelse af nyhedsbreve.<\/p>\n<p>&nbsp;<\/p>\n<h4>Konklusion p\u00e5 bekr\u00e6ftede eller ikke bekr\u00e6ftede modtagere<\/h4>\n<p>&#8220;Vi anbefaler alle vore kunder at bekr\u00e6fte deres modtagere. Det er ikke alene en god forretning, men signalerer ogs\u00e5 seri\u00f8sitet, at mit brand agerer med respekt for modtagernes privatliv&#8221;, konkluder Kim \u00d8stergaard der er grundl\u00e6gger af MarketingPlatform. Internationale unders\u00f8gelser bekr\u00e6fter, at s\u00e6rligt modtagernes involvering skaber et brandtryk, hvor involveringen er klart st\u00f8rst hos modtagere der bekr\u00e6fter deres tilmelding.<\/p>\n<p>&nbsp;<\/p>\n<p>[\/et_pb_text][\/et_pb_column][\/et_pb_row][\/et_pb_section][et_pb_section fb_built=&#8221;1&#8243; custom_padding_last_edited=&#8221;on|phone&#8221; module_class=&#8221;ressourcer-signup&#8221; _builder_version=&#8221;4.5.3&#8243; background_color=&#8221;#dee7f1&#8243; background_enable_color=&#8221;off&#8221; custom_padding=&#8221;||||false|false&#8221; custom_padding_tablet=&#8221;||||false|false&#8221; custom_padding_phone=&#8221;||||false|false&#8221; top_divider_style=&#8221;asymmetric2&#8243; top_divider_color=&#8221;#ffffff&#8221; top_divider_height=&#8221;60px&#8221; global_module=&#8221;19033&#8243;][et_pb_row custom_padding_last_edited=&#8221;on|phone&#8221; _builder_version=&#8221;4.5.3&#8243; background_color=&#8221;#152872&#8243; background_size=&#8221;initial&#8221; background_position=&#8221;top_left&#8221; background_repeat=&#8221;repeat&#8221; custom_margin=&#8221;||||false|false&#8221; custom_padding=&#8221;100px||100px||false|false&#8221; custom_padding_tablet=&#8221;50px|20px|50px|20px|false|false&#8221; custom_padding_phone=&#8221;40px||||false|false&#8221; border_radii=&#8221;on|22px|22px|22px|22px&#8221;][et_pb_column type=&#8221;4_4&#8243; _builder_version=&#8221;3.25&#8243; custom_padding=&#8221;|||&#8221; custom_padding__hover=&#8221;|||&#8221;][et_pb_text _builder_version=&#8221;4.5.3&#8243; text_text_color=&#8221;#ffffff&#8221; header_2_font=&#8221;|800|||||||&#8221; header_2_text_color=&#8221;#ffffff&#8221; text_orientation=&#8221;center&#8221;]<\/p>\n<h2>Pr\u00f8v MarketingPlatform gratis i 14 dage<\/h2>\n<p><span style=\"color:#fff;\">Pr\u00f8veperioden er gratis, helt uforpligtende og udl\u00f8ber efter 14 dage, hvis du ikke \u00f8nsker at forts\u00e6tte.<br \/>\nVed tilmelding modtager du samtidig vores uddannelsesflow p\u00e5 en serie af mails \u2013 og vores nyhedsbrev.<\/span>[\/et_pb_text][et_pb_code _builder_version=&#8221;4.5.3&#8243; _module_preset=&#8221;default&#8221; width=&#8221;40%&#8221; width_tablet=&#8221;100%&#8221; width_phone=&#8221;95%&#8221; width_last_edited=&#8221;on|tablet&#8221; module_alignment=&#8221;center&#8221;]<a href=\"https:\/\/marketingplatform.com\/da\/book-emailplatform-demo\/\"><\/p>\n<div class=\"bookdemobtn\">Book demo<\/div>\n<p><\/a><!-- [et_pb_line_break_holder] --><a href=\"https:\/\/marketingplatform.com\/da\/gratis-proeveversion\/\"><\/p>\n<div class=\"signupbtn\">Pr\u00f8v os gratis<\/div>\n<p><\/a><!-- [et_pb_line_break_holder] --><\/p>\n<div class=\"clearfix\"><\/div>\n<p>[\/et_pb_code][\/et_pb_column][\/et_pb_row][\/et_pb_section]<\/p>\n","protected":false},"excerpt":{"rendered":"<p>Bekr\u00e6ftede modtagere giver st\u00f8rst respons og indtjening Double opt-in performer klart bedre end single opt-in tilmeldinger &#8220;Er det virkeligt n\u00f8dvendigt at bekr\u00e6fte vores modtagere&#8221;, vi har ofte h\u00f8rt denne s\u00e6tning fra forskellige kunder, der ikke kender v\u00e6rdien af bekr\u00e6ftede modtagere. Argumenterne for at undg\u00e5 bekr\u00e6ftede modtagere, er nerv\u00f8siteten over hvor mange modtagere der ikke bekr\u00e6fter [&hellip;]<\/p>\n","protected":false},"author":50,"featured_media":0,"parent":4520,"menu_order":0,"comment_status":"closed","ping_status":"closed","template":"","meta":{"_et_pb_use_builder":"on","_et_pb_old_content":"<h2>Double opt-in performer klart bedre end single opt-in tilmeldinger<\/h2>\r\n\"Er det virkeligt n\u00f8dvendigt at bekr\u00e6fte vores modtagere\", vi har ofte h\u00f8rt denne s\u00e6tning fra forskellige kunder, der ikke kender v\u00e6rdien af bekr\u00e6ftede modtagere. Argumenterne for at undg\u00e5 bekr\u00e6ftede modtagere, er nerv\u00f8siteten over hvor mange modtagere der ikke bekr\u00e6fter tilmeldingen. Der findes v\u00e6rkt\u00f8jer til automatisk genopf\u00f8lgning, som sikrer at flest mulige bekr\u00e6fter sin tilmelding, uden de mange risici ved ikke bekr\u00e6ftede modtagere.\r\n\r\nDer er store \u00f8konomiske grunde til at bekr\u00e6fte sine modtagere fort\u00e6ller studier fra MarketingPlatform.dk, der har sammenlignet \u00e5bningsraterne hos deres kunder p\u00e5 importerede modtagere, og modtagere tilmeldt med bekr\u00e6ftelse via MarketingPlatform systemet. \"I gennemsnit \u00e5bner bekr\u00e6ftede modtagere hos vores kunder 36% af alle tilsendte mails, fort\u00e6ller grundl\u00e6gger Kim \u00d8stergaard. Modsat \u00e5bner de importerede modtagere i gennemsnit 19%\". M\u00e5ske er \u00e5bningsrater ny viden, men har du arbejdet med salg, kan det bedst sammenlignes med en salgstragt, hvor der i den ene er 34 leads - og den anden kun 18 leads. Afh\u00e6ngig af forretningens type vil nogle antage den holdning, at salgstrakten f\u00f8rst starter med klikket - alts\u00e5 der hvor et nyhedsbrev genererer trafik. Det kan der argumenteres b\u00e5de for og imod, konkluderer Kim \u00d8stergaard, men konstaterer at det essentielle er det engagement (her det engelske ord i forst\u00e5else af \u00f8nske om involvering) modtagerne udviser. Engagement er loyalitetsskabende og essentielt for at opretholde kundeloyaliteten over tid.\r\n<h3>Et overblik over de 4 kategorier af modtagere<\/h3>\r\nF\u00f8rst starter vi med begyndelsen, nemlig at f\u00e5 begreberne p\u00e5 plads indenfor nyhedsbrevsmodtagere.\r\nOverordnet set findes der 4 forskellige kategorier af modtagere:\r\n<ul>\r\n \t<li>Tilmeldte der ikke bekr\u00e6fter deres tilmelding - s\u00e5kaldt single opt-in<\/li>\r\n \t<li>Tilmeldte der bekr\u00e6fter deres tilmelding - s\u00e5kaldt double opt-in<\/li>\r\n \t<li>K\u00f8bende kunder der tilmelder sig i k\u00f8bsflowet p\u00e5 f.eks. en webshop eller i en butik<\/li>\r\n \t<li>Tilmeldte modtagere fra sociale netv\u00e6rk, hvor mailadressen kommer fra f.eks. Facebook<\/li>\r\n<\/ul>\r\n<h3>Tilmeldte der ikke bekr\u00e6fter deres tilmelding - single opt-in tilmeldinger<\/h3>\r\nEn tilmelding som ikke er bekr\u00e6ftet, alts\u00e5 single opt-in, foreg\u00e5r i sin enkelthed ved en tilmeldingsformular udfyldes med minimum e-mail adresse. Derefter betragtes den tilmeldte e-mail adresse som v\u00e6rende fuldgyldigt modtager af virksomhedens nyhedsbrev.\r\n\r\nSingle opt-in modtagere er potentielt farlige modtagere. Vi kender i princippet ikke deres intention, om det er reelle modtagere, robotter der fors\u00f8ger at kompromittere din tilmeldingsformular, konkurrenter der sidder og tilmelder spam-traps (dvs. skadelige adresser), hjemmesider der er udbyder en service der tilmelder d\u00e5rlige adresser eller andre der fors\u00f8ger at genere venner og fjender med et antal nyhedsbreve. Endelig kan det ogs\u00e5 v\u00e6re kunder, som din virksomhed m\u00e5ske har givet en d\u00e5rlig oplevelse - der vil pr\u00f8ve at f\u00e5 din virksomhed i fedtefadet p\u00e5 en spamklage sag.\r\n\r\n<a href=\"https:\/\/marketingplatform.com\/wp-content\/uploads\/2017\/04\/mailplatform-confirmed-subscribers-300x300.jpg\"><img class=\"alignleft size-medium wp-image-1787\" src=\"https:\/\/marketingplatform.com\/wp-content\/uploads\/2017\/04\/mailplatform-confirmed-subscribers-300x300.jpg\" alt=\"Holding Checkbox Or Check Box Showing Approval Or Checked\" width=\"300\" height=\"300\" \/><\/a>\r\n\r\nUdover det risikable i selve tilmeldingen, performer single opt-in modtagerne d\u00e5rligere over tid, end bekr\u00e6ftede modtagere. Det viser talrige internationale studier, der fokuserer p\u00e5 \u00e5bnings- og klikraterne for ikke bekr\u00e6ftede versus bekr\u00e6ftede modtagere.\r\n<h3>Tilmeldte der bekr\u00e6fter deres tilmelding - double opt-in tilmeldinger<\/h3>\r\nEt double opt-in er en modtager, som bekr\u00e6fter sit \u00f8nske om tilmelding, ved at klikke p\u00e5 et link, der altid ankommer p\u00e5 den mailadresse som \u00f8nskes tilmeldt.\r\n\r\nDet lyder m\u00e5ske lidt kryptisk, og kan bedst forklares ved et eksempel. \"P\u00e5 MarketingPlatform.dk har vi en tilmeldingsformular til vores eget nyhedsbrev (<a href=\"https:\/\/mailplatform.dk\/certificeret-emailmarketing-udbyder\/\">se tilmeldingsformularen her<\/a> - eller sl\u00e5 blikket mod h\u00f8jre). Efter du har udfyldt tilmeldingsformularen, her med navn og e-mail adresse, vil du modtage en automatisk mail fra vores system, der indeholder et link som bekr\u00e6fter din tilmelding\", fort\u00e6ller Kim \u00d8stergaard.\r\n\r\nDer er mange grunde til at bekr\u00e6fte sine modtagere. Tidligere i denne artikel, har vi behandlet en lang r\u00e6kke \u00e5rsager til ikke, at k\u00f8re med single opt-in. Nogle af de \u00f8vrige klare fordele ved double opt-in, er direkte relaterbare til din forretning, alts\u00e5 hvor meget kortsigtet og langsigtet salg kan dine nyhedsbrevsmodtagere generere. Amerikanske unders\u00f8gelser viser, at ROI (Return On Investment, eller p\u00e5 dansk indt\u00e6gt i forhold til investering) p\u00e5 email marketing er 40x, hvor \u00f8vrige marketingformer som s\u00f8gemaskinemarketing og s\u00f8gemaskineoptimering andrager 20x tilbagebetaling. <a href=\"https:\/\/mailplatform.dk\/artikler-presse\/email-marketing-er-universal-brikken-der-giver-pengene-40-gange-igen\/\">Hertil kommer mulighederne for segmentering indenfor email marketing<\/a>.\r\n\r\nEn anden meget vigtig kendsgerning er, at klikraten (hvor mange i % der klikker p\u00e5 indholdet i de udsendte nyhedsbreve) er over dobbelt s\u00e5 h\u00f8j for modtagere, der har bekr\u00e6ftet deres tilmelding.\r\n\r\nMarketingPlatform anbefaler altid double opt-in, og B2C kunder er altid opsat til udelukkende at kunne opsamle bekr\u00e6ftede modtagere.\r\n<h3>K\u00f8bende kunder der tilmelder sig i k\u00f8bsflowet<\/h3>\r\nK\u00f8bende kunder g\u00f8r sig ofte ganske umage med indtastningen af deres mailadresse. De \u00f8nsker naturligvis at modtage ordrebekr\u00e6ftelsen - og informationer omkring leveringen af det k\u00f8bte. N\u00e5r det er sagt sker der naturligvis fejl, sl\u00e5fejl eller huskefejl (ikke rutinerede online kunder har ofte sv\u00e6rt ved at huske deres mailadresse). Det resulterer i bedste fald blot i en adresse der ikke findes, den bouncer og bliver straks fjernet af automatikken. Har fejlindtastningen derimod ramt en spam-trap, hvilket er en adresse som internetudbyderne (TDC, Telenor, Hotmail, Outlook, Gmail, Yahoo osv.) anvender for at kunne frasortere useri\u00f8se afsendere, er det straks meget meget v\u00e6rre. En spam-trap kan i v\u00e6rste fald betyde, at alle dine mails til den p\u00e5g\u00e6ldende internetudbyder bliver placeret i spam-mappen. I endnu v\u00e6rre tilf\u00e6lde bliver dine mails helt afvist, hvis karakteren af den eller de ramte spam-traps er grov nok.\r\n\r\nInternetudbyderne anvender spam-traps som et v\u00e6rn mod ulovligt k\u00f8bte lister. De, alts\u00e5 internetudbyderne, har en prim\u00e6r interesse i at beskytte deres kunder elller brugere af deres mailtjeneste. De \u00f8nsker at beskytte dem mod nyhedsbreve de ikke har tilmeldt, mod ulovlig spam og naturligvis fors\u00f8g p\u00e5 phishing (mails der tilsigter opsamling af information fra modtageren) og lignende.\r\n\r\nTilbage til kunderne der tilmelder sig i k\u00f8bsflowet. \"Det vil v\u00e6re best practice, at ops\u00e6tte en autoresponder som bekr\u00e6fter den k\u00f8bende kundes tilmelding til nyhedsbreve. Mange online retailere synes, at selve k\u00f8bet g\u00f8r det ud for en bekr\u00e6ftelse af e-mailen, men det eliminerer ikke risikoen for en d\u00e5rlig adresse\", forts\u00e6tter Kim \u00d8stergaard. Hertil kommer det juridiske i tilmeldingen, hvor det er langt lettere at dokumentere tilmeldingen, n\u00e5r modtageren bekr\u00e6fter og efterlader sig kombinationen af adgangen til den tilmeldte mailadresse, en IP-adresse og et tidspunkt.\r\n<h3>Tilmeldte fra sociale netv\u00e6rk som f.eks. Facebook<\/h3>\r\nFacebook og Google+ giver mulighed for, at modtagerne kan tilmelde sig med oplysninger allerede bekr\u00e6ftet hos de sociale netv\u00e6rk. Hos MarketingPlatform er tilmeldingsformularen udvidet med muligheden for social sign in. \"Vi giver virksomhederne p\u00e5 vores platform mulighed for, at benytte Facebook og Google+ data direkte i MarketingPlatform, hvor ikke alene e-mail adressen hentes automatisk, men ogs\u00e5 navn, k\u00f8n, by og mange andre information overf\u00f8res direkte til modtagerens profil i vores l\u00f8sning\", fort\u00e6ller Kim \u00d8stergaard. <a href=\"https:\/\/marketingplatform.com\/wp-content\/uploads\/2017\/04\/mailplatform-social-signin-subscription-300x112.png\"><img class=\"alignright size-medium wp-image-1785\" src=\"https:\/\/marketingplatform.com\/wp-content\/uploads\/2017\/04\/mailplatform-social-signin-subscription-300x112.png\" alt=\"mailplatform-social-signin-subscription\" width=\"300\" height=\"112\" \/><\/a>\r\n\r\nSocial tilmelding giver en sikkerhed for de data der opsamles, men det er stadig ingen garanti for, at modtageren aktuelt benytter den tilknyttede e-mail adresse. I forhold til Google+ der er direkte associeret med Gmail, er det dog overordentligt sandsynligt at dette er tilf\u00e6ldet. Tidligere hvor Facebook sendte notifikationer p\u00e5 alt og ingenting, valgte en del brugere at tilknytte en perif\u00e6r e-mail adresse til deres Facebook konto. Derfor vil kvaliteten af en tilmelding fra Facebook v\u00e6re d\u00e5rligere end med Google+. Langt den overvejende datam\u00e6ngde vil v\u00e6re ganske valid og direkte anvendelig til udsendelse af nyhedsbreve.\r\n<h3>Konklusion p\u00e5 bekr\u00e6ftede eller ikke bekr\u00e6ftede modtagere<\/h3>\r\n\"Vi anbefaler alle vore kunder at bekr\u00e6fte deres modtagere. Det er ikke alene en god forretning, men signalerer ogs\u00e5 seri\u00f8sitet, at mit brand agerer med respekt for modtagernes privatliv\", konkluder Kim \u00d8stergaard der er grundl\u00e6gger af MarketingPlatform. Internationale unders\u00f8gelser bekr\u00e6fter, at s\u00e6rligt modtagernes involvering skaber et brandtryk, hvor involveringen er klart st\u00f8rst hos modtagere der bekr\u00e6fter deres tilmelding.\r\n\r\n\u00a0\r\n\r\n\u00a0\r\n\r\n\u00a0","_et_gb_content_width":"","footnotes":""},"categories":[],"tags":[],"yst_prominent_words":[716,710,4905,711,722,713,4907,4872,723,725,715,726,688,4871,720,718,724,714,721,712],"_links":{"self":[{"href":"https:\/\/marketingplatform.com\/da\/wp-json\/wp\/v2\/pages\/4759"}],"collection":[{"href":"https:\/\/marketingplatform.com\/da\/wp-json\/wp\/v2\/pages"}],"about":[{"href":"https:\/\/marketingplatform.com\/da\/wp-json\/wp\/v2\/types\/page"}],"author":[{"embeddable":true,"href":"https:\/\/marketingplatform.com\/da\/wp-json\/wp\/v2\/users\/50"}],"replies":[{"embeddable":true,"href":"https:\/\/marketingplatform.com\/da\/wp-json\/wp\/v2\/comments?post=4759"}],"version-history":[{"count":1,"href":"https:\/\/marketingplatform.com\/da\/wp-json\/wp\/v2\/pages\/4759\/revisions"}],"predecessor-version":[{"id":67032,"href":"https:\/\/marketingplatform.com\/da\/wp-json\/wp\/v2\/pages\/4759\/revisions\/67032"}],"up":[{"embeddable":true,"href":"https:\/\/marketingplatform.com\/da\/wp-json\/wp\/v2\/pages\/4520"}],"wp:attachment":[{"href":"https:\/\/marketingplatform.com\/da\/wp-json\/wp\/v2\/media?parent=4759"}],"wp:term":[{"taxonomy":"category","embeddable":true,"href":"https:\/\/marketingplatform.com\/da\/wp-json\/wp\/v2\/categories?post=4759"},{"taxonomy":"post_tag","embeddable":true,"href":"https:\/\/marketingplatform.com\/da\/wp-json\/wp\/v2\/tags?post=4759"},{"taxonomy":"yst_prominent_words","embeddable":true,"href":"https:\/\/marketingplatform.com\/da\/wp-json\/wp\/v2\/yst_prominent_words?post=4759"}],"curies":[{"name":"wp","href":"https:\/\/api.w.org\/{rel}","templated":true}]}}