{"id":4757,"date":"2017-04-05T10:49:13","date_gmt":"2017-04-05T08:49:13","guid":{"rendered":"https:\/\/marketingplatform.com\/?page_id=4757\/"},"modified":"2018-12-17T13:35:03","modified_gmt":"2018-12-17T12:35:03","slug":"sadan-far-du-flere-gode-tilmeldinger-til-dit-nyhedsbrev","status":"publish","type":"page","link":"https:\/\/marketingplatform.com\/da\/artikler-presse\/sadan-far-du-flere-gode-tilmeldinger-til-dit-nyhedsbrev\/","title":{"rendered":"S\u00e5dan f\u00e5r du flere gode tilmeldinger til dit nyhedsbrev"},"content":{"rendered":"<p>[et_pb_section fb_built=&#8221;1&#8243; admin_label=&#8221;section&#8221; _builder_version=&#8221;3.0.47&#8243;][et_pb_row admin_label=&#8221;row&#8221; _builder_version=&#8221;3.0.47&#8243; background_size=&#8221;initial&#8221; background_position=&#8221;top_left&#8221; background_repeat=&#8221;repeat&#8221;][et_pb_column type=&#8221;4_4&#8243; _builder_version=&#8221;3.0.47&#8243; parallax=&#8221;off&#8221; parallax_method=&#8221;on&#8221;][et_pb_text _builder_version=&#8221;3.0.87&#8243; background_size=&#8221;initial&#8221; background_position=&#8221;top_left&#8221; background_repeat=&#8221;repeat&#8221; use_border_color=&#8221;off&#8221; border_color=&#8221;#ffffff&#8221; border_style=&#8221;solid&#8221;]<\/p>\n<h1>S\u00e5dan f\u00e5r du flere gode tilmeldinger til dit nyhedsbrev<\/h1>\n<p style=\"line-height: 2em;\"><b>Gode tilmeldinger skaber trafik, der sikrer din virksomhed opn\u00e5r de KPI&#8217;er, I har opstillet for trafik eller salg. Unders\u00f8gelser viser at udsendelse af nyhedsbreve er den mest effektive form for online marketing. Faktisk mere end dobbelt s\u00e5 h\u00f8j ROI sammenlignet med andre online marketing metoder. <\/b><\/p>\n<h4 style=\"line-height: 2em;\">Forskellige former for tilmeldinger<\/h4>\n<p>Dine modtagere skal aktivt tilkendegive de \u00f8nsker at modtage din elektroniske kommunikation. Lovgivningen er meget klar p\u00e5 dette omr\u00e5de, og det kan p\u00e5 ingen m\u00e5de anbefales at have rod i permission. Permission er retten til f.eks. at kunne sende nyhedsbreve til modtageren.<\/p>\n<p>Der findes nogle undtagelser i forhold til eksisterende kunder. MarketingPlatform anbefaler ikke anvendelsen af disse s\u00e6rlige muligheder for en slags \u201clight permission til kunder\u201d. Lovgivningen er uklar p\u00e5 omr\u00e5det, og udsendelser vil af mange kunder blive betragtet som SPAM. Ligesom Forbrugerombudsmanden ogs\u00e5 klart tager afstand fra marketingsrelaterede henvendelser til tidligere kunder.<\/p>\n<p>Vi anbefaler heller ikke s\u00e5kaldte co-reg modtagere, hvor der typisk gennem en konkurrence eller en slags fingeret sp\u00f8rgeskemaunders\u00f8gelse, opsamles modtagere til mange afsendere samtidigt. Mange store danske brands benytter sig af denne tvivlsomme opsamlingsmetode, der oftest resulterer i forundrede modtagere, som ikke mindes at have sagt \u201cja tak\u201d til den p\u00e5g\u00e6ldende virksomhed.<\/p>\n<p>\u201cHos MarketingPlatform \u00f8nsker vi ikke co-reg modtagere, de opleves som SPAM af modtagerne, og har de v\u00e6rst t\u00e6nkelige \u00e5bningsrater og involveringsrater\u201d, fort\u00e6ller Kim \u00d8stergaard der har grundlagt MarketingPlatform.<\/p>\n<p>&nbsp;<\/p>\n<h4>At opsamle modtagere korrekt fra din hjemmeside<\/h4>\n<p>Alle kender feltet, hvor du kan skrive din mailadresse og blive tilmeldt et nyhedsbrev.<\/p>\n<p>Det er processerne bag ved feltet der er interessante. Det samme er naturligvis de psykologiske mekanismer, der f\u00e5r kunderne til at tilmelde sig nyhedsbrevet. Det er essentielt at forst\u00e5 hvordan og hvorfor i kontekst. Uden det rigtige tekniske setup, er det yderst vanskeligt at sikre gode modtagere, uden den rigtige kommunikation vil et f\u00e5tal aktivt tilv\u00e6lge nyhedsbrevet.<\/p>\n<p>I MarketingPlatform starter en r\u00e6kke processer p\u00e5 det tidspunkt, hvor en kunde v\u00e6lger at udfylde tilmeldingsformularen p\u00e5 din hjemmeside. F\u00f8rst verificerer vi om personen er blacklistet pga. adf\u00e6rd hos andre kunder. Dern\u00e6st sender vi en bekr\u00e6ftelsesmail, hvor modtageren skal bekr\u00e6fte sit ejerskab til den mailadresse &#8211; han eller hun fors\u00f8ger at tilmelde.<\/p>\n<p>Efter ejerskabet er bekr\u00e6ftet gennem den confirm mail, som udsendes automatisk, en s\u00e5kaldt double-opt-in meddelelse, vil modtageren blive aktiv i systemet. Teknisk g\u00e5r status fra unconfirmed til confirmed. Den tilsendte bekr\u00e6ftelsesmail indeholder et krypteret link, der automatisk kan verificere modtageren og hindre utilsigtede falske bekr\u00e6ftelser.<\/p>\n<p>Modtageren vil efter korrekt bekr\u00e6ftelse modtage nyhedsbreve, der er sendt til den kontaktliste vedkommende er blevet tilmeldt.<\/p>\n<p>&#8220;Vi har gjort det nemt at oprette en tilmeldingsformular, og mange andre formularer, ved at have f\u00e6rdige varianter p\u00e5 en r\u00e6kke sprog, hvor alle tekster og sprogvarianter oversat af lokale medarbejdere i f.eks. Norge og Tyskland&#8221;, konkluderer Kim \u00d8stergaard. For kunderne betyder det, udover den korrekte sprogbrug, at SPAM-filtre hos f.eks. Gmail, vil betragte alle mails i et tilmeldingsflow som vigtige &#8211; fordi ordvalget er optimeret til form\u00e5let.<\/p>\n<p>&nbsp;<\/p>\n<h4>Hvordan tilmelder flere sig mit nyhedsbrev<\/h4>\n<p>F\u00f8rst og fremmest skal du fort\u00e6lle dine modtagere, at de nemt kan afmelde sig i alle modtagne mails. Dern\u00e6st afstemme frekvensen p\u00e5 udsendelserne og naturligvis hvad de l\u00f8bende vil modtage. Lige s\u00e5 vigtigt er det ekstra som g\u00f8r, at de rent faktisk tilmelder sig. Det er de psykologiske mekanismer vi omtaler tidligere, der fjerner tvivlen og bestyrker seri\u00f8siteten overfor den potentielle nye modtager. Mange modtagere opererer med flere mailadresser, hvor det at fremst\u00e5 meget seri\u00f8st vil bane vej til modtagerens prim\u00e6re mail.<\/p>\n<p>&nbsp;<\/p>\n<h4>Lad os give et eksempel p\u00e5 teksterne i forbindelse med tilmeldingsformularen<\/h4>\n<p><i>F\u00e5 et gavekort p\u00e5 50 kr<\/i><\/p>\n<p><i>&#8211; tilmeld vores ugentlige nyhedsbrev<\/i><\/p>\n<p><i>Vi passer godt p\u00e5 dine oplysninger, og s\u00e6lger dem ikke til andre. <\/i><\/p>\n<p><i>Du kan afmelde dig i alle modtagne mails. <\/i><\/p>\n<p>&nbsp;<\/p>\n<p>Her forklarer du hvad modtageren f\u00e5r, frekvensen, h\u00e5ndtering af oplysningerne og muligheden for afmelding. Kommercielt kunne man tale for en begr\u00e6nsning i antal gavekort pr husstand eller lignende, men det er en anden historie. Det kalder p\u00e5 en helt anden artikel.<\/p>\n<p>&nbsp;<\/p>\n<h4>Synligheden af tilmeldingsformularen<\/h4>\n<p>Formularen placeres naturligvis p\u00e5 forsiden i et B-spot eller tilsvarende. Der vil sige lige under hovednyheden \u00f8verst p\u00e5 forsiden. Optimalt til h\u00f8jre p\u00e5 sk\u00e6rmen. Derudover kan formularen i en variant, der fylder mindre, placeres fast i bunden af siden, s\u00e5 den er synlig p\u00e5 alle undersider. Det omr\u00e5de kaldes ogs\u00e5 for footer i mange CMS l\u00f8sninger.<\/p>\n<p>Selve knappen, der aktiverer formularen, skal v\u00e6re synlig for modtageren og have en signende tekst. Teksten skal fort\u00e6lle hvad der sker &#8211; Tilmeld nyhedsbrevet.<\/p>\n<p>I forbindelse med en webshop taler man om konverteringsoptimering, hvor hierarkiet af knappernes farver oftest fylder en hel del. Den vigtigste farve p\u00e5 en webshop er naturligvis k\u00f8b og l\u00e6g i kurv knapperne. St\u00e6rkt efterfulgt af s\u00f8g og tilmeld til nyhedsbrev. Flere argumenterer for, at tilmeldingen p\u00e5 forsiden har samme knapfarve som k\u00f8b og l\u00e6g i kurv, mens tilmeldingen i footer har den sekund\u00e6re konverteringsoptimerede farve.<\/p>\n<p>\u00d8nsker din virksomhed at anvende en pop-up besked til tilmelding, skal den v\u00e6re nem at lukke igen, og styret af en cookie, s\u00e5 modtageren ikke eksponeres for den under hvert eneste bes\u00f8g. Desuden kan trafik fra MarketingPlatform beh\u00e6ndigt frasorteres som trigger af pop-up vinduet.<\/p>\n<p>En for aggressiv tilmeldings mekanisme, f.eks et pop-up vindue der fremkommer ved hvert bes\u00f8g, vil s\u00e6nke kvaliteten af tilmeldingerne. De nye slide-up tilmeldingsbokse, har ogs\u00e5 vist sig i flere tilf\u00e6lde at resultere i for mange og for d\u00e5rlige tilmeldinger. Modtagerne skal reelt have et \u00f8nske om at f\u00e5 dit nyhedsbrev, ikke blot at vinde en iPad eller en rejse.<\/p>\n<p>God forn\u00f8jelse med at f\u00e5 flere kvalitetstilmeldinger til dit nyhedsbrev.<br \/>\n[\/et_pb_text][\/et_pb_column][\/et_pb_row][\/et_pb_section][et_pb_section fb_built=&#8221;1&#8243; _builder_version=&#8221;3.16.1&#8243; background_color=&#8221;#dee7f1&#8243; global_module=&#8221;19033&#8243;][et_pb_row _builder_version=&#8221;3.0.48&#8243; background_size=&#8221;initial&#8221; background_position=&#8221;top_left&#8221; background_repeat=&#8221;repeat&#8221;][et_pb_column type=&#8221;4_4&#8243; _builder_version=&#8221;3.0.47&#8243; parallax=&#8221;off&#8221; parallax_method=&#8221;on&#8221;][et_pb_text _builder_version=&#8221;3.16.1&#8243; text_orientation=&#8221;center&#8221; custom_margin=&#8221;||15px|&#8221;]<\/p>\n<h2>Pr\u00f8v MarketingPlatform gratis i 14 dage<\/h2>\n<p>Pr\u00f8veperioden er gratis, helt uforpligtende og udl\u00f8ber efter 14 dage, hvis du ikke \u00f8nsker at forts\u00e6tte.<br \/>Ved tilmelding modtager du samtidig vores uddannelsesflow p\u00e5 en serie af mails \u2013 og vores nyhedsbrev.<\/p>\n<p>[\/et_pb_text][et_pb_code _builder_version=&#8221;3.16.1&#8243; custom_margin=&#8221;0px||10px|&#8221; custom_padding=&#8221;|||&#8221;]&lt;script src=&quot;https:\/\/ajax.googleapis.com\/ajax\/libs\/jquery\/1.11.3\/jquery.min.js&quot;&gt;&lt;\/script&gt;&lt;!&#8211; [et_pb_line_break_holder] &#8211;&gt;&lt;script src=&quot;https:\/\/marketingplatform.com\/js\/sign-up-dk-home-top-updated.js&quot;&gt;&lt;\/script&gt;&lt;!&#8211; [et_pb_line_break_holder] &#8211;&gt;&lt;!&#8211; [et_pb_line_break_holder] &#8211;&gt;&lt;script src=&quot;https:\/\/marketingplatform.com\/js\/trafficSourceTracker.js&quot;&gt;&lt;\/script&gt;&lt;!&#8211; [et_pb_line_break_holder] &#8211;&gt;&lt;script&gt;&lt;!&#8211; [et_pb_line_break_holder] &#8211;&gt;trafficSrcCookie.setCookie(); &lt;!&#8211; [et_pb_line_break_holder] &#8211;&gt;&lt;\/script&gt;&lt;!&#8211; [et_pb_line_break_holder] &#8211;&gt;&lt;div class=&quot;myForm&quot;&gt;&lt;!&#8211; [et_pb_line_break_holder] &#8211;&gt; &lt;div class=&quot;sign_up&quot;&gt;&lt;!&#8211; [et_pb_line_break_holder] &#8211;&gt; &lt;div class=&quot;step1 text-box step_fir&quot;&gt;&lt;!&#8211; [et_pb_line_break_holder] &#8211;&gt; &lt;div class=&quot;displayblock&quot;&gt;&lt;!&#8211; [et_pb_line_break_holder] &#8211;&gt; &lt;input type=&quot;text&quot; name=&quot;email&quot; class=&quot;emailvalue&quot; placeholder=&quot;Indtast din e-mailadresse&quot; style=&quot;margin-right:10px;&quot;&gt;&lt;!&#8211; [et_pb_line_break_holder] &#8211;&gt; &lt;\/div&gt;&lt;!&#8211; [et_pb_line_break_holder] &#8211;&gt; &lt;div class=&quot;displayblock&quot;&gt;&lt;!&#8211; [et_pb_line_break_holder] &#8211;&gt; &lt;input type=&quot;button&quot; value=&quot;Ja tak &#8211; lad mig pr\u00f8ve!&quot; class=&quot;button trial-btn-blue step1btn&quot; style=&quot;background:#09cd6f!important;&quot;&gt;&lt;!&#8211; [et_pb_line_break_holder] &#8211;&gt; &lt;\/div&gt;&lt;!&#8211; [et_pb_line_break_holder] &#8211;&gt; &lt;\/div&gt;&lt;!&#8211; [et_pb_line_break_holder] &#8211;&gt; &lt;div class=&quot;step2 text-box&quot; style=&quot;display: none;&quot;&gt;&lt;\/div&gt;&lt;!&#8211; [et_pb_line_break_holder] &#8211;&gt; &lt;div class=&quot;step2 text-box &quot; style=&quot;display: none;&quot;&gt;&lt;!&#8211; [et_pb_line_break_holder] &#8211;&gt; &lt;div class=&quot;displayblock&quot; style=&quot;width: 400px;&quot;&gt;&lt;!&#8211; [et_pb_line_break_holder] &#8211;&gt; &lt;input type=&quot;text&quot; name=&quot;CustomFields[496]&quot; class=&quot;CustomFields_496_51&quot; value=&quot;&quot; size=&quot;50&quot; placeholder=&quot;Firmanavn&quot;&gt;&lt;!&#8211; [et_pb_line_break_holder] &#8211;&gt; &lt;\/div&gt;&lt;!&#8211; [et_pb_line_break_holder] &#8211;&gt; &lt;div class=&quot;displayblock&quot; style=&quot;width: 400px;&quot;&gt;&lt;!&#8211; [et_pb_line_break_holder] &#8211;&gt; &lt;input type=&quot;text&quot; name=&quot;CustomFields[2]&quot; class=&quot;CustomFields_2_51&quot; value=&quot;&quot; size=&quot;50&quot; placeholder=&quot;Dit Navn&quot;&gt;&lt;!&#8211; [et_pb_line_break_holder] &#8211;&gt; &lt;\/div&gt;&lt;!&#8211; [et_pb_line_break_holder] &#8211;&gt; &lt;div class=&quot;displayblock&quot; style=&quot;width: 400px;&quot;&gt;&lt;!&#8211; [et_pb_line_break_holder] &#8211;&gt; &lt;input type=&quot;text&quot; name=&quot;CustomFields[497]&quot; class=&quot;CustomFields_497_51&quot; value=&quot;&quot; size=&quot;50&quot; placeholder=&quot;Mobil Nummer&quot;&gt;&lt;!&#8211; [et_pb_line_break_holder] &#8211;&gt; &lt;\/div&gt;&lt;!&#8211; [et_pb_line_break_holder] &#8211;&gt; &lt;div class=&quot;displayblock sec_step_but&quot;&gt;&lt;!&#8211; [et_pb_line_break_holder] &#8211;&gt; &lt;input id=&quot;step2&quot; type=&quot;button&quot; value=&quot;Ja tak &#8211; lad mig pr\u00f8ve!&quot; class=&quot;button1 trial-btn-blue&quot; style=&quot;background:#09cd6f!important;&quot;&gt;&lt;!&#8211; [et_pb_line_break_holder] &#8211;&gt; &lt;\/div&gt;&lt;!&#8211; [et_pb_line_break_holder] &#8211;&gt; &lt;div&gt;&lt;!&#8211; [et_pb_line_break_holder] &#8211;&gt; &lt;div style=&quot;display: none;&quot; id=&quot;alertSpan&quot;&gt;&lt;!&#8211; [et_pb_line_break_holder] &#8211;&gt; &lt;span style=&quot;color: red;&quot;&gt;Du skal udfylde alle felter&lt;\/span&gt;&lt;!&#8211; [et_pb_line_break_holder] &#8211;&gt; &lt;\/div&gt;&lt;!&#8211; [et_pb_line_break_holder] &#8211;&gt; &lt;\/div&gt;&lt;!&#8211; [et_pb_line_break_holder] &#8211;&gt; &lt;div&gt;&lt;!&#8211; [et_pb_line_break_holder] &#8211;&gt; &lt;div style=&quot;display: none;&quot; id=&quot;alertEmailSpan&quot;&gt;&lt;!&#8211; [et_pb_line_break_holder] &#8211;&gt; &lt;span style=&quot;color: red;&quot;&gt;Indtast din e-mailadresse&lt;\/span&gt;&lt;!&#8211; [et_pb_line_break_holder] &#8211;&gt; &lt;\/div&gt;&lt;!&#8211; [et_pb_line_break_holder] &#8211;&gt; &lt;\/div&gt;&lt;!&#8211; [et_pb_line_break_holder] &#8211;&gt; &lt;\/div&gt;&lt;!&#8211; [et_pb_line_break_holder] &#8211;&gt; &lt;\/div&gt;&lt;!&#8211; [et_pb_line_break_holder] &#8211;&gt;&lt;\/div&gt;[\/et_pb_code][\/et_pb_column][\/et_pb_row][\/et_pb_section]<\/p>\n","protected":false},"excerpt":{"rendered":"<p>S\u00e5dan f\u00e5r du flere gode tilmeldinger til dit nyhedsbrev Gode tilmeldinger skaber trafik, der sikrer din virksomhed opn\u00e5r de KPI&#8217;er, I har opstillet for trafik eller salg. Unders\u00f8gelser viser at udsendelse af nyhedsbreve er den mest effektive form for online marketing. Faktisk mere end dobbelt s\u00e5 h\u00f8j ROI sammenlignet med andre online marketing metoder. Forskellige [&hellip;]<\/p>\n","protected":false},"author":50,"featured_media":0,"parent":4520,"menu_order":0,"comment_status":"closed","ping_status":"closed","template":"","meta":{"_et_pb_use_builder":"on","_et_pb_old_content":"<h3 style=\"line-height: 2em;\"><b>Gode tilmeldinger skaber trafik, der sikrer din virksomhed opn\u00e5r de KPI'er, I har opstillet for trafik eller salg. Unders\u00f8gelser viser at udsendelse af nyhedsbreve er den mest effektive form for online marketing. Faktisk mere end dobbelt s\u00e5 h\u00f8j ROI sammenlignet med andre online marketing metoder. <\/b><\/h3>\r\n<h4><b>Forskellige former for tilmeldinger<\/b><\/h4>\r\nDine modtagere skal aktivt tilkendegive de \u00f8nsker at modtage din elektroniske kommunikation. Lovgivningen er meget klar p\u00e5 dette omr\u00e5de, og det kan p\u00e5 ingen m\u00e5de anbefales at have rod i permission. Permission er retten til f.eks. at kunne sende nyhedsbreve til modtageren.\r\n\r\nDer findes nogle undtagelser i forhold til eksisterende kunder. MailPlatform anbefaler ikke anvendelsen af disse s\u00e6rlige muligheder for en slags \u201clight permission til kunder\u201d. Lovgivningen er uklar p\u00e5 omr\u00e5det, og udsendelser vil af mange kunder blive betragtet som SPAM. Ligesom Forbrugerombudsmanden ogs\u00e5 klart tager afstand fra marketingsrelaterede henvendelser til tidligere kunder.\r\n\r\nVi anbefaler heller ikke s\u00e5kaldte co-reg modtagere, hvor der typisk gennem en konkurrence eller en slags fingeret sp\u00f8rgeskemaunders\u00f8gelse, opsamles modtagere til mange afsendere samtidigt. Mange store danske brands benytter sig af denne tvivlsomme opsamlingsmetode, der oftest resulterer i forundrede modtagere, som ikke mindes at have sagt \u201cja tak\u201d til den p\u00e5g\u00e6ldende virksomhed.\r\n\r\n\u201cHos MailPlatform \u00f8nsker vi ikke co-reg modtagere, de opleves som SPAM af modtagerne, og har de v\u00e6rst t\u00e6nkelige \u00e5bningsrater og involveringsrater\u201d, fort\u00e6ller Kim \u00d8stergaard der har grundlagt MailPlatform.\r\n\r\n\u00a0\r\n<h4><b>At opsamle modtagere korrekt fra din hjemmeside<\/b><\/h4>\r\nAlle kender feltet, hvor du kan skrive din mailadresse og blive tilmeldt et nyhedsbrev.\r\n\r\nDet er processerne bag ved feltet der er interessante. Det samme er naturligvis de psykologiske mekanismer, der f\u00e5r kunderne til at tilmelde sig nyhedsbrevet. Det er essentielt at forst\u00e5 hvordan og hvorfor i kontekst. Uden det rigtige tekniske setup, er det yderst vanskeligt at sikre gode modtagere, uden den rigtige kommunikation vil et f\u00e5tal aktivt tilv\u00e6lge nyhedsbrevet.\r\n\r\nI MailPlatform starter en r\u00e6kke processer p\u00e5 det tidspunkt, hvor en kunde v\u00e6lger at udfylde tilmeldingsformularen p\u00e5 din hjemmeside. F\u00f8rst verificerer vi om personen er blacklistet pga. adf\u00e6rd hos andre kunder. Dern\u00e6st sender vi en bekr\u00e6ftelsesmail, hvor modtageren skal bekr\u00e6fte sit ejerskab til den mailadresse - han eller hun fors\u00f8ger at tilmelde.\r\n\r\nEfter ejerskabet er bekr\u00e6ftet gennem den confirm mail, som udsendes automatisk, en s\u00e5kaldt double-opt-in meddelelse, vil modtageren blive aktiv i systemet. Teknisk g\u00e5r status fra unconfirmed til confirmed. Den tilsendte bekr\u00e6ftelsesmail indeholder et krypteret link, der automatisk kan verificere modtageren og hindre utilsigtede falske bekr\u00e6ftelser.\r\n\r\nModtageren vil efter korrekt bekr\u00e6ftelse modtage nyhedsbreve, der er sendt til den kontaktliste vedkommende er blevet tilmeldt.\r\n\r\n\"Vi har gjort det nemt at oprette en tilmeldingsformular, og mange andre formularer, ved at have f\u00e6rdige varianter p\u00e5 en r\u00e6kke sprog, hvor alle tekster og sprogvarianter oversat af lokale medarbejdere i f.eks. Norge og Tyskland\", konkluderer Kim \u00d8stergaard. For kunderne betyder det, udover den korrekte sprogbrug, at SPAM-filtre hos f.eks. Gmail, vil betragte alle mails i et tilmeldingsflow som vigtige - fordi ordvalget er optimeret til form\u00e5let.\r\n\r\n\u00a0\r\n<h4><b>Hvordan tilmelder flere sig mit nyhedsbrev<\/b><\/h4>\r\nF\u00f8rst og fremmest skal du fort\u00e6lle dine modtagere, at de nemt kan afmelde sig i alle modtagne mails. Dern\u00e6st afstemme frekvensen p\u00e5 udsendelserne og naturligvis hvad de l\u00f8bende vil modtage. Lige s\u00e5 vigtigt er det ekstra som g\u00f8r, at de rent faktisk tilmelder sig. Det er de psykologiske mekanismer vi omtaler tidligere, der fjerner tvivlen og bestyrker seri\u00f8siteten overfor den potentielle nye modtager. Mange modtagere opererer med flere mailadresser, hvor det at fremst\u00e5 meget seri\u00f8st vil bane vej til modtagerens prim\u00e6re mail.\r\n\r\n\u00a0\r\n<h4><b>Lad os give et eksempel p\u00e5 teksterne i forbindelse med tilmeldingsformularen<\/b><\/h4>\r\n<i>F\u00e5 et gavekort p\u00e5 50 kr<\/i>\r\n\r\n<i>- tilmeld vores ugentlige nyhedsbrev<\/i>\r\n\r\n<i>Vi passer godt p\u00e5 dine oplysninger, og s\u00e6lger dem ikke til andre. <\/i>\r\n\r\n<i>Du kan afmelde dig i alle modtagne mails. <\/i>\r\n\r\n\u00a0\r\n\r\nHer forklarer du hvad modtageren f\u00e5r, frekvensen, h\u00e5ndtering af oplysningerne og muligheden for afmelding. Kommercielt kunne man tale for en begr\u00e6nsning i antal gavekort pr husstand eller lignende, men det er en anden historie. Det kalder p\u00e5 en helt anden artikel.\r\n\r\n\u00a0\r\n<h4><b>Synligheden af tilmeldingsformularen<\/b><\/h4>\r\nFormularen placeres naturligvis p\u00e5 forsiden i et B-spot eller tilsvarende. Der vil sige lige under hovednyheden \u00f8verst p\u00e5 forsiden. Optimalt til h\u00f8jre p\u00e5 sk\u00e6rmen. Derudover kan formularen i en variant, der fylder mindre, placeres fast i bunden af siden, s\u00e5 den er synlig p\u00e5 alle undersider. Det omr\u00e5de kaldes ogs\u00e5 for footer i mange CMS l\u00f8sninger.\r\n\r\nSelve knappen, der aktiverer formularen, skal v\u00e6re synlig for modtageren og have en signende tekst. Teksten skal fort\u00e6lle hvad der sker - Tilmeld nyhedsbrevet.\r\n\r\nI forbindelse med en webshop taler man om konverteringsoptimering, hvor hierarkiet af knappernes farver oftest fylder en hel del. Den vigtigste farve p\u00e5 en webshop er naturligvis k\u00f8b og l\u00e6g i kurv knapperne. St\u00e6rkt efterfulgt af s\u00f8g og tilmeld til nyhedsbrev. Flere argumenterer for, at tilmeldingen p\u00e5 forsiden har samme knapfarve som k\u00f8b og l\u00e6g i kurv, mens tilmeldingen i footer har den sekund\u00e6re konverteringsoptimerede farve.\r\n\r\n\u00d8nsker din virksomhed at anvende en pop-up besked til tilmelding, skal den v\u00e6re nem at lukke igen, og styret af en cookie, s\u00e5 modtageren ikke eksponeres for den under hvert eneste bes\u00f8g. Desuden kan trafik fra MailPlatform beh\u00e6ndigt frasorteres som trigger af pop-up vinduet.\r\n\r\nEn for aggressiv tilmeldings mekanisme, f.eks et pop-up vindue der fremkommer ved hvert bes\u00f8g, vil s\u00e6nke kvaliteten af tilmeldingerne. De nye slide-up tilmeldingsbokse, har ogs\u00e5 vist sig i flere tilf\u00e6lde at resultere i for mange og for d\u00e5rlige tilmeldinger. Modtagerne skal reelt have et \u00f8nske om at f\u00e5 dit nyhedsbrev, ikke blot at vinde en iPad eller en rejse.\r\n\r\nGod forn\u00f8jelse med at f\u00e5 flere kvalitetstilmeldinger til dit nyhedsbrev.\r\n\r\n\u00a0","_et_gb_content_width":"","footnotes":""},"categories":[],"tags":[],"yst_prominent_words":[4878,686,684,4904,4905,4883,77,81,85,4907,4872,4871,4873,93,685,4881,441,640,224,4884],"_links":{"self":[{"href":"https:\/\/marketingplatform.com\/da\/wp-json\/wp\/v2\/pages\/4757"}],"collection":[{"href":"https:\/\/marketingplatform.com\/da\/wp-json\/wp\/v2\/pages"}],"about":[{"href":"https:\/\/marketingplatform.com\/da\/wp-json\/wp\/v2\/types\/page"}],"author":[{"embeddable":true,"href":"https:\/\/marketingplatform.com\/da\/wp-json\/wp\/v2\/users\/50"}],"replies":[{"embeddable":true,"href":"https:\/\/marketingplatform.com\/da\/wp-json\/wp\/v2\/comments?post=4757"}],"version-history":[{"count":0,"href":"https:\/\/marketingplatform.com\/da\/wp-json\/wp\/v2\/pages\/4757\/revisions"}],"up":[{"embeddable":true,"href":"https:\/\/marketingplatform.com\/da\/wp-json\/wp\/v2\/pages\/4520"}],"wp:attachment":[{"href":"https:\/\/marketingplatform.com\/da\/wp-json\/wp\/v2\/media?parent=4757"}],"wp:term":[{"taxonomy":"category","embeddable":true,"href":"https:\/\/marketingplatform.com\/da\/wp-json\/wp\/v2\/categories?post=4757"},{"taxonomy":"post_tag","embeddable":true,"href":"https:\/\/marketingplatform.com\/da\/wp-json\/wp\/v2\/tags?post=4757"},{"taxonomy":"yst_prominent_words","embeddable":true,"href":"https:\/\/marketingplatform.com\/da\/wp-json\/wp\/v2\/yst_prominent_words?post=4757"}],"curies":[{"name":"wp","href":"https:\/\/api.w.org\/{rel}","templated":true}]}}