{"id":4755,"date":"2017-04-05T10:44:10","date_gmt":"2017-04-05T08:44:10","guid":{"rendered":"https:\/\/marketingplatform.com\/?page_id=4755\/"},"modified":"2020-08-19T15:19:01","modified_gmt":"2020-08-19T13:19:01","slug":"email-marketing-giver-pengene-40-gange-igen","status":"publish","type":"page","link":"https:\/\/marketingplatform.com\/da\/artikler-presse\/email-marketing-giver-pengene-40-gange-igen\/","title":{"rendered":"Email marketing er universal brikken der giver pengene 40 gange igen"},"content":{"rendered":"<p>[et_pb_section fb_built=&#8221;1&#8243; admin_label=&#8221;section&#8221; _builder_version=&#8221;3.22.3&#8243; background_image=&#8221;https:\/\/marketingplatform.com\/wp-content\/uploads\/2018\/05\/shapes-2.png&#8221;][et_pb_row admin_label=&#8221;row&#8221; _builder_version=&#8221;3.25&#8243; background_size=&#8221;initial&#8221; background_position=&#8221;top_left&#8221; background_repeat=&#8221;repeat&#8221;][et_pb_column type=&#8221;4_4&#8243; _builder_version=&#8221;3.25&#8243; custom_padding=&#8221;|||&#8221; custom_padding__hover=&#8221;|||&#8221;][et_pb_text _builder_version=&#8221;3.27.4&#8243; background_size=&#8221;initial&#8221; background_position=&#8221;top_left&#8221; background_repeat=&#8221;repeat&#8221; use_border_color=&#8221;off&#8221; border_color=&#8221;#ffffff&#8221; border_style=&#8221;solid&#8221;]<\/p>\n<h1>Email marketing er universal brikken der giver pengene 40 gange igen<\/h1>\n<p>\u00a0<\/p>\n<p>Alt starter med en god plan &#8211; ogs\u00e5 en online markedsf\u00f8rings strategi. En plan der kortl\u00e6gger sammenh\u00e6ngende mellem virksomhedens indsatsomr\u00e5der. En plan der tager udgangspunkt i virksomhedens overordnede strategi, og p\u00e5 en strategisk og taktisk m\u00e5de viser vejen mod virkeligg\u00f8relse af indsatsomr\u00e5derne.<\/p>\n<h4>Selve online markedsf\u00f8ringsplanen<\/h4>\n<p>Der er vigtigt at g\u00f8re planen h\u00e5ndgribelig. Ellers vedbliver den at v\u00e6re en plan for planens skyld. Derfor skal planen indeholde en dags-, uge- og m\u00e5nedskalender, som udpensler arbejdsomr\u00e5derne for afdelingens medarbejdere.<\/p>\n<p>M\u00e5nedskalenderen er naturligvis mere overordnet end uge og dagskalenderen. Omvendt rummer den ogs\u00e5 konkrete aktiviteter der alene b\u00f8r udf\u00f8res p\u00e5 m\u00e5nedsbasis.<\/p>\n<h4><\/h4>\n<p>[\/et_pb_text][\/et_pb_column][\/et_pb_row][et_pb_row admin_label=&#8221;row&#8221; _builder_version=&#8221;3.25&#8243; background_size=&#8221;initial&#8221; background_position=&#8221;top_left&#8221; background_repeat=&#8221;repeat&#8221; column_structure=&#8221;1_2,1_2&#8243;][et_pb_column type=&#8221;1_2&#8243; _builder_version=&#8221;3.25&#8243; custom_padding=&#8221;|||&#8221; custom_padding__hover=&#8221;|||&#8221;][et_pb_text _builder_version=&#8221;3.27.4&#8243; background_size=&#8221;initial&#8221; background_position=&#8221;top_left&#8221; background_repeat=&#8221;repeat&#8221; use_border_color=&#8221;off&#8221; border_color=&#8221;#ffffff&#8221; border_style=&#8221;solid&#8221;]<\/p>\n<h4>Nye kunder eller gensalg<\/h4>\n<p>De fleste virksomheder anvender flere ressourcer p\u00e5 at erhverve nye kunder. Online ses det ved at hovedparten af budgettet g\u00e5r til s\u00f8gemaskine reklamer, bannere og andre lignende typer af reklameaktiviteter.<\/p>\n<p>Hvis du kender dette billede fra din egen virksomhed, b\u00f8r du gennemregne hele modellen endnu engang. Og pr\u00f8ve at opstille en pris for en genk\u00f8bende kunde. Hvorn\u00e5r tjener din virksomhed penge p\u00e5 kunden? Er det ved f\u00f8rste handel, anden eller slet ikke?<\/p>\n<p>Sikkert aldrig hvis kunden hver gang skal drives med betalte kanaler til et k\u00f8b.<\/p>\n<p>Det er her loyalitetsskabende aktiviteter kommer ind i billedet. Og email marketing, eller mere dansk &#8220;udsendelse af nyhedsbreve&#8221;, er den absolut mest effektive og kosteffektive l\u00f8sning. Det har 15 \u00e5r med online salg l\u00e6rt mig, fort\u00e6ller Kim \u00d8stergaard, der har grundlagt MarketingPlatform.dk.<\/p>\n<p>[\/et_pb_text][\/et_pb_column][et_pb_column type=&#8221;1_2&#8243; _builder_version=&#8221;3.25&#8243; custom_padding=&#8221;|||&#8221; custom_padding__hover=&#8221;|||&#8221;][et_pb_image src=&#8221;https:\/\/marketingplatform.com\/wp-content\/uploads\/2018\/05\/email-marketing.jpg&#8221; align=&#8221;center&#8221; align_tablet=&#8221;center&#8221; align_phone=&#8221;&#8221; align_last_edited=&#8221;on|desktop&#8221; module_class=&#8221;image-border&#8221; _builder_version=&#8221;3.23&#8243; custom_margin=&#8221;50px|||&#8221; custom_padding=&#8221;|||&#8221;][\/et_pb_image][\/et_pb_column][\/et_pb_row][et_pb_row admin_label=&#8221;row&#8221; _builder_version=&#8221;3.25&#8243; background_size=&#8221;initial&#8221; background_position=&#8221;top_left&#8221; background_repeat=&#8221;repeat&#8221;][et_pb_column type=&#8221;4_4&#8243; _builder_version=&#8221;3.25&#8243; custom_padding=&#8221;|||&#8221; custom_padding__hover=&#8221;|||&#8221;][et_pb_text _builder_version=&#8221;3.27.4&#8243; background_size=&#8221;initial&#8221; background_position=&#8221;top_left&#8221; background_repeat=&#8221;repeat&#8221; use_border_color=&#8221;off&#8221; border_color=&#8221;#ffffff&#8221; border_style=&#8221;solid&#8221;]<\/p>\n<p>Amerikanske unders\u00f8gelser viser af nyhedsbreve giver pengene 40 gange igen. Langt over \u00f8vrige online marketing aktiviteter. Den n\u00e6rmeste konkurrent, s\u00f8gemaskineoptimering, giver pengene 22 gange igen.<\/p>\n<h4>At skabe gensalg<\/h4>\n<p>Loyale kunder er det din virksomhed skal overleve p\u00e5. Uden dem vil du styre direkte mod afgrunden, med mindre din forretningsmodel er helt enest\u00e5ende.<\/p>\n<p>Loyalitet bygges ved l\u00f8bende at give mere end kunderne forventer. Ved hele tiden at sikre overensstemmelse mellem behov og frekvens. Det er her email marketing er en uovertruffen l\u00f8sning. Med en kontaktpris der faktisk er ubetydelig og en segmenteringsmulighed ned p\u00e5 individ og handlingsniveau.<\/p>\n<p>Email marketing kan \u00f8ge frekvensen af dine gensalg, og ved at kommunikere segmenteret og dialogskabende, kan disciplinen ogs\u00e5 \u00f8ge <a href=\"https:\/\/marketingplatform.com\/da\/saadan-skaber-du-kundeloyalitet\/\">kundeloyalitet<\/a>.<\/p>\n<p>[\/et_pb_text][\/et_pb_column][\/et_pb_row][\/et_pb_section][et_pb_section fb_built=&#8221;1&#8243; fullwidth=&#8221;on&#8221; _builder_version=&#8221;3.22.3&#8243;][et_pb_fullwidth_slider _builder_version=&#8221;4.5.3&#8243; parallax=&#8221;on&#8221; custom_padding=&#8221;100px||100px|&#8221; custom_padding_tablet=&#8221;|||&#8221; auto=&#8221;on&#8221; hover_enabled=&#8221;0&#8243; button_text_size__hover_enabled=&#8221;off&#8221; button_one_text_size__hover_enabled=&#8221;off&#8221; button_two_text_size__hover_enabled=&#8221;off&#8221; button_text_color__hover_enabled=&#8221;off&#8221; button_one_text_color__hover_enabled=&#8221;off&#8221; button_two_text_color__hover_enabled=&#8221;off&#8221; button_border_width__hover_enabled=&#8221;off&#8221; button_one_border_width__hover_enabled=&#8221;off&#8221; button_two_border_width__hover_enabled=&#8221;off&#8221; button_border_color__hover_enabled=&#8221;off&#8221; button_one_border_color__hover_enabled=&#8221;off&#8221; button_two_border_color__hover_enabled=&#8221;off&#8221; button_border_radius__hover_enabled=&#8221;off&#8221; button_one_border_radius__hover_enabled=&#8221;off&#8221; button_two_border_radius__hover_enabled=&#8221;off&#8221; button_letter_spacing__hover_enabled=&#8221;off&#8221; button_one_letter_spacing__hover_enabled=&#8221;off&#8221; button_two_letter_spacing__hover_enabled=&#8221;off&#8221; button_bg_color__hover_enabled=&#8221;off&#8221; button_one_bg_color__hover_enabled=&#8221;off&#8221; button_two_bg_color__hover_enabled=&#8221;off&#8221;][et_pb_slide use_bg_overlay=&#8221;off&#8221; use_text_overlay=&#8221;off&#8221; _builder_version=&#8221;3.16&#8243; background_color=&#8221;#ffffff&#8221; background_image=&#8221;https:\/\/marketingplatform.com\/wp-content\/uploads\/2018\/05\/jensensbg.jpg&#8221; background_position=&#8221;top_left&#8221; button_on_hover=&#8221;on&#8221; button_text_size__hover_enabled=&#8221;off&#8221; button_one_text_size__hover_enabled=&#8221;off&#8221; button_two_text_size__hover_enabled=&#8221;off&#8221; button_text_color__hover_enabled=&#8221;off&#8221; button_one_text_color__hover_enabled=&#8221;off&#8221; button_two_text_color__hover_enabled=&#8221;off&#8221; button_border_width__hover_enabled=&#8221;off&#8221; button_one_border_width__hover_enabled=&#8221;off&#8221; button_two_border_width__hover_enabled=&#8221;off&#8221; button_border_color__hover_enabled=&#8221;off&#8221; button_one_border_color__hover_enabled=&#8221;off&#8221; button_two_border_color__hover_enabled=&#8221;off&#8221; button_border_radius__hover_enabled=&#8221;off&#8221; button_one_border_radius__hover_enabled=&#8221;off&#8221; button_two_border_radius__hover_enabled=&#8221;off&#8221; button_letter_spacing__hover_enabled=&#8221;off&#8221; button_one_letter_spacing__hover_enabled=&#8221;off&#8221; button_two_letter_spacing__hover_enabled=&#8221;off&#8221; button_bg_color__hover_enabled=&#8221;off&#8221; button_one_bg_color__hover_enabled=&#8221;off&#8221; button_two_bg_color__hover_enabled=&#8221;off&#8221;]<\/p>\n<div>\u201cVi anvender kanalerne til det de er bedst til. B\u00e5de n\u00e5r det g\u00e6lder opsamling af nye Club Jensen\u2019s medlemmer, udsendelse af kampagner og automatiseret opf\u00f8lgning. Derfor har vi valgt et sammenh\u00e6ngende system som MarketingPlatform\u201d.<\/p>\n<p><span style=\"color:#fff; font-weight:bold;\">Andreas Sander \/ Online Manager Jensens B\u00f8fhus<\/span><\/div>\n<p>[\/et_pb_slide][et_pb_slide use_bg_overlay=&#8221;off&#8221; use_text_overlay=&#8221;off&#8221; _builder_version=&#8221;3.16&#8243; background_color=&#8221;#ffffff&#8221; background_image=&#8221;https:\/\/marketingplatform.com\/wp-content\/uploads\/2018\/05\/bo-concept.jpg&#8221; background_position=&#8221;top_left&#8221; button_on_hover=&#8221;on&#8221; button_text_size__hover_enabled=&#8221;off&#8221; button_one_text_size__hover_enabled=&#8221;off&#8221; button_two_text_size__hover_enabled=&#8221;off&#8221; button_text_color__hover_enabled=&#8221;off&#8221; button_one_text_color__hover_enabled=&#8221;off&#8221; button_two_text_color__hover_enabled=&#8221;off&#8221; button_border_width__hover_enabled=&#8221;off&#8221; button_one_border_width__hover_enabled=&#8221;off&#8221; button_two_border_width__hover_enabled=&#8221;off&#8221; button_border_color__hover_enabled=&#8221;off&#8221; button_one_border_color__hover_enabled=&#8221;off&#8221; button_two_border_color__hover_enabled=&#8221;off&#8221; button_border_radius__hover_enabled=&#8221;off&#8221; button_one_border_radius__hover_enabled=&#8221;off&#8221; button_two_border_radius__hover_enabled=&#8221;off&#8221; button_letter_spacing__hover_enabled=&#8221;off&#8221; button_one_letter_spacing__hover_enabled=&#8221;off&#8221; button_two_letter_spacing__hover_enabled=&#8221;off&#8221; button_bg_color__hover_enabled=&#8221;off&#8221; button_one_bg_color__hover_enabled=&#8221;off&#8221; button_two_bg_color__hover_enabled=&#8221;off&#8221;]<\/p>\n<div>\u201cMarketingPlatform anvendes af ca. 45 medarbejdere i BoConcept, og vi oplever et godt samarbejde med holdet hos MarketingPlatform. Vi har i BoConcept ikke kunnet finde noget mere brugervenligt og avanceret\u201d.<\/p>\n<p><span style=\"color:#fff;font-weight:bold;\">Torben Paulin \/ CEO<\/span><\/div>\n<p>[\/et_pb_slide][\/et_pb_fullwidth_slider][\/et_pb_section][et_pb_section fb_built=&#8221;1&#8243; custom_padding_last_edited=&#8221;on|phone&#8221; module_class=&#8221;ressourcer-signup&#8221; _builder_version=&#8221;4.0.2&#8243; background_color=&#8221;#dee7f1&#8243; custom_padding=&#8221;7%||&#8221; custom_padding_tablet=&#8221;12%||||false|false&#8221; custom_padding_phone=&#8221;17%||||false|false&#8221; top_divider_style=&#8221;asymmetric2&#8243; top_divider_color=&#8221;#ffffff&#8221; top_divider_height=&#8221;60px&#8221; global_module=&#8221;19033&#8243;][et_pb_row _builder_version=&#8221;3.25&#8243; background_size=&#8221;initial&#8221; background_position=&#8221;top_left&#8221; background_repeat=&#8221;repeat&#8221; custom_margin=&#8221;||10px&#8221; custom_padding=&#8221;||10px&#8221;][et_pb_column type=&#8221;4_4&#8243; _builder_version=&#8221;3.25&#8243; custom_padding=&#8221;|||&#8221; custom_padding__hover=&#8221;|||&#8221;][et_pb_text _builder_version=&#8221;4.0.2&#8243; text_orientation=&#8221;center&#8221;]<\/p>\n<h2 style=\"font-style: normal;\">Pr\u00f8v MarketingPlatform gratis i 14 dage<\/h2>\n<p style=\"font-style: normal;\">Pr\u00f8veperioden er gratis, helt uforpligtende og udl\u00f8ber efter 14 dage, hvis du ikke \u00f8nsker at forts\u00e6tte.<br \/> Ved tilmelding modtager du samtidig vores uddannelsesflow p\u00e5 en serie af mails \u2013 og vores nyhedsbrev.<\/p>\n<p>[\/et_pb_text][\/et_pb_column][\/et_pb_row][et_pb_row _builder_version=&#8221;4.4.0&#8243;][et_pb_column type=&#8221;4_4&#8243; _builder_version=&#8221;4.0.2&#8243;][et_pb_code _builder_version=&#8221;4.4.0&#8243; max_width=&#8221;50%&#8221; max_width_tablet=&#8221;100%&#8221; max_width_phone=&#8221;&#8221; max_width_last_edited=&#8221;on|phone&#8221; module_alignment=&#8221;center&#8221;]<a href=\"https:\/\/marketingplatform.com\/da\/book-emailplatform-demo\/\"><\/p>\n<div class=\"bookdemobtn\">Book demo<\/div>\n<p><\/a><!-- [et_pb_line_break_holder] --><a href=\"https:\/\/marketingplatform.com\/da\/gratis-proeveversion\/\"><\/p>\n<div class=\"signupbtn\">Pr\u00f8v os gratis<\/div>\n<p><\/a><!-- [et_pb_line_break_holder] --><\/p>\n<div class=\"clearfix\"><\/div>\n<p>[\/et_pb_code][\/et_pb_column][\/et_pb_row][et_pb_row _builder_version=&#8221;4.0.2&#8243; max_width=&#8221;768px&#8221; custom_margin=&#8221;15px||0px||false|false&#8221; custom_padding=&#8221;0px||0px&#8221; use_custom_width=&#8221;on&#8221; custom_width_px=&#8221;768px&#8221;][et_pb_column type=&#8221;4_4&#8243; _builder_version=&#8221;3.25&#8243; custom_padding=&#8221;|||&#8221; custom_padding__hover=&#8221;|||&#8221;][et_pb_code _builder_version=&#8221;4.0.2&#8243;]<\/p>\n<div class=\"awards-align\" ><!-- [et_pb_line_break_holder] --><\/p>\n<div style=\"float:left; width:14%; text-align:right;   margin-right: 2%;\"><!-- [et_pb_line_break_holder] --><img decoding=\"async\" src=\"https:\/\/marketingplatform.com\/wp-content\/uploads\/2020\/01\/primotours.png\" width=\"56\" style=\"margin:10px 20px 20px 0px;\"><!-- [et_pb_line_break_holder] --><\/div>\n<p><!-- [et_pb_line_break_holder] --><\/p>\n<div style=\"float:left; width:20%; text-align:center;    margin-right: 4%;\"><!-- [et_pb_line_break_holder] --><img decoding=\"async\" src=\"https:\/\/marketingplatform.com\/wp-content\/uploads\/2019\/11\/med24-gray.png\" width=\"100\" style=\"margin:20px 0px 20px 10px;\"><!-- [et_pb_line_break_holder] --><\/div>\n<p><!-- [et_pb_line_break_holder] --><\/p>\n<div style=\"float:left; width:18%;    margin-right: 1%;\"><!-- [et_pb_line_break_holder] --><img decoding=\"async\" src=\"https:\/\/marketingplatform.com\/wp-content\/uploads\/2019\/08\/cykelpartner-logo.png\" width=\"180\" style=\"margin:29px 20px 20px 0px;\"><!-- [et_pb_line_break_holder] --><\/div>\n<p><!-- [et_pb_line_break_holder] --><\/p>\n<div style=\"float:left; width:20%; text-align:center;     margin-right: 1%;\"><!-- [et_pb_line_break_holder] --><img decoding=\"async\" src=\"https:\/\/marketingplatform.com\/wp-content\/uploads\/2019\/04\/aldi-grey.png\" width=\"50\" style=\"margin:10px 0px 20px 0px;\"><!-- [et_pb_line_break_holder] --><\/div>\n<p><!-- [et_pb_line_break_holder] --><\/p>\n<div style=\"float:left; width:18%;      margin-right: 2%;  text-align: center;\"><!-- [et_pb_line_break_holder] --><img decoding=\"async\" src=\"https:\/\/marketingplatform.com\/wp-content\/uploads\/2019\/02\/verisure-logo.png\" width=\"120\" style=\"margin:18px 0px 20px 0px;\"><!-- [et_pb_line_break_holder] --><\/div>\n<p><!-- [et_pb_line_break_holder] --><\/div>\n<p>[\/et_pb_code][\/et_pb_column][\/et_pb_row][\/et_pb_section]<\/p>\n","protected":false},"excerpt":{"rendered":"<p>Email marketing er universal brikken der giver pengene 40 gange igen \u00a0 Alt starter med en god plan &#8211; ogs\u00e5 en online markedsf\u00f8rings strategi. En plan der kortl\u00e6gger sammenh\u00e6ngende mellem virksomhedens indsatsomr\u00e5der. En plan der tager udgangspunkt i virksomhedens overordnede strategi, og p\u00e5 en strategisk og taktisk m\u00e5de viser vejen mod virkeligg\u00f8relse af indsatsomr\u00e5derne. Selve [&hellip;]<\/p>\n","protected":false},"author":50,"featured_media":0,"parent":4520,"menu_order":0,"comment_status":"closed","ping_status":"closed","template":"","meta":{"_et_pb_use_builder":"on","_et_pb_old_content":"Alt starter med en god plan - ogs\u00e5 en online markedsf\u00f8rings strategi. En plan der kortl\u00e6gger sammenh\u00e6ngende mellem virksomhedens indsatsomr\u00e5der. En plan der tager udgangspunkt i virksomhedens overordnede strategi, og p\u00e5 en strategisk og taktisk m\u00e5de viser vejen mod virkeligg\u00f8relse af indsatsomr\u00e5derne.\r\n\r\n<strong>Selve online markedsf\u00f8ringsplanen<\/strong>\r\nDer er vigtigt at g\u00f8re planen h\u00e5ndgribelig. Ellers vedbliver den at v\u00e6re en plan for planens skyld. Derfor skal planen indeholde en dags-, uge- og m\u00e5nedskalender, som udpensler arbejdsomr\u00e5derne for afdelingens medarbejdere.\r\n\r\nM\u00e5nedskalenderen er naturligvis mere overordnet end uge og dagskalenderen.\r\nOmvendt rummer den ogs\u00e5 konkrete aktiviteter der alene b\u00f8r udf\u00f8res p\u00e5 m\u00e5nedsbasis.\r\n\r\nI forbindelse med vores s\u00f8sterselskab, <a href=\"https:\/\/loyalitet.com\/\" target=\"_blank\">konsulentforretningen loyalitet.com<\/a>, har vi udarbejdet en vejledende plan. Planen kan downloades ganske gratis her.\r\n\r\n<strong>Nye kunder eller gensalg<\/strong>\r\nDe fleste virksomheder anvender flere ressourcer p\u00e5 at erhverve nye kunder. Online ses det ved at hovedparten af budgettet g\u00e5r til s\u00f8gemaskine reklamer, bannere og andre lignende typer af reklameaktiviteter.\r\n\r\nHvis du kender dette billede fra din egen virksomhed, b\u00f8r du gennemregne hele modellen endnu engang. Og pr\u00f8ve at opstille en pris for en genk\u00f8bende kunde. Hvorn\u00e5r tjener din virksomhed penge p\u00e5 kunden? Er det ved f\u00f8rste handel, anden eller slet ikke?\r\n\r\nSikkert aldrig hvis kunden hver gang skal drives med betalte kanaler til et k\u00f8b.\r\n\r\nDet er her loyalitetsskabende aktiviteter kommer ind i billedet. Og email marketing, eller mere dansk \"udsendelse af nyhedsbreve\", er den absolut mest effektive og kosteffektive l\u00f8sning. Det har 15 \u00e5r med online salg l\u00e6rt mig, fort\u00e6ller Kim \u00d8stergaard, der har grundlagt MarketingPlatform.dk.\r\n\r\nAmerikanske unders\u00f8gelser viser af nyhedsbreve giver pengene 40 gange igen. Langt over \u00f8vrige online marketing aktiviteter. Den n\u00e6rmeste konkurrent, s\u00f8gemaskineoptimering, giver pengene 22 gange igen.\r\n\r\n<strong>At skabe gensalg<\/strong>\r\nLoyale kunder er det din virksomhed skal overleve p\u00e5. Uden dem vil du styre direkte mod afgrunden, med mindre din forretningsmodel er helt enest\u00e5ende.\r\n\r\nLoyalitet bygges ved l\u00f8bende at give mere end kunderne forventer. Ved hele tiden at sikre overensstemmelse mellem behov og frekvens. Det er her email marketing er en uovertruffen l\u00f8sning. Med en kontaktpris der faktisk er ubetydelig og en segmenteringsmulighed ned p\u00e5 individ og handlingsniveau.\r\n\r\nEmail marketing kan \u00f8ge frekvensen af dine gensalg, og ved at kommunikere segmenteret og dialogskabende, kan disciplinen ogs\u00e5 \u00f8ge <a href=\"https:\/\/mailplatform.dk\/udvalgte-funktioner\/kundeloyalitet\/\" target=\"_blank\">kundeloyaliteten<\/a>.\r\n<h4>Pr\u00f8v MarketingPlatform gratis i 30 dage<\/h4>\r\n[optin_box style=\"8\" alignment=\"left\" action=\"https:\/\/www.mailmailmail.net\/form.php?form=65\" method=\"post\" email_field=\"email\" email_default=\"Din arbejds e-mail\" integration_type=\"custom\" double_optin=\"Y\" name_field=\"CustomFields%5B2%5D\" name_default=\"Dit navn\" extra_field_1_name=\"CustomFields%5B110%5D\" extra_field_1_title=\"Firmanavn\" extra_field_2_name=\"CustomFields%5B5%5D\" extra_field_2_title=\"Telefon\"][optin_box_hidden][\/optin_box_hidden][optin_box_code]\r\n\r\n[\/optin_box_code][optin_box_field name=\"headline\"][\/optin_box_field][optin_box_field name=\"paragraph\"][\/optin_box_field][optin_box_field name=\"privacy\"]Vi passer godt p\u00e5 dine oplysninger og deler dem ikke med andre.\r\nVi optager kun seri\u00f8se virksomheder, der ikke spammer, som kunder.[\/optin_box_field][optin_box_field name=\"top_color\"]undefined[\/optin_box_field][optin_box_button type=\"0\" button_below=\"Y\"]Pr\u00f8v MailPlatform gratis[\/optin_box_button] [\/optin_box]","_et_gb_content_width":"","footnotes":""},"categories":[],"tags":[],"yst_prominent_words":[2348,4878,176,77,81,175,2804,4907,2806,2801,4872,2807,2805,2803,2799,2798,2802,2800,448,224],"_links":{"self":[{"href":"https:\/\/marketingplatform.com\/da\/wp-json\/wp\/v2\/pages\/4755"}],"collection":[{"href":"https:\/\/marketingplatform.com\/da\/wp-json\/wp\/v2\/pages"}],"about":[{"href":"https:\/\/marketingplatform.com\/da\/wp-json\/wp\/v2\/types\/page"}],"author":[{"embeddable":true,"href":"https:\/\/marketingplatform.com\/da\/wp-json\/wp\/v2\/users\/50"}],"replies":[{"embeddable":true,"href":"https:\/\/marketingplatform.com\/da\/wp-json\/wp\/v2\/comments?post=4755"}],"version-history":[{"count":1,"href":"https:\/\/marketingplatform.com\/da\/wp-json\/wp\/v2\/pages\/4755\/revisions"}],"predecessor-version":[{"id":62206,"href":"https:\/\/marketingplatform.com\/da\/wp-json\/wp\/v2\/pages\/4755\/revisions\/62206"}],"up":[{"embeddable":true,"href":"https:\/\/marketingplatform.com\/da\/wp-json\/wp\/v2\/pages\/4520"}],"wp:attachment":[{"href":"https:\/\/marketingplatform.com\/da\/wp-json\/wp\/v2\/media?parent=4755"}],"wp:term":[{"taxonomy":"category","embeddable":true,"href":"https:\/\/marketingplatform.com\/da\/wp-json\/wp\/v2\/categories?post=4755"},{"taxonomy":"post_tag","embeddable":true,"href":"https:\/\/marketingplatform.com\/da\/wp-json\/wp\/v2\/tags?post=4755"},{"taxonomy":"yst_prominent_words","embeddable":true,"href":"https:\/\/marketingplatform.com\/da\/wp-json\/wp\/v2\/yst_prominent_words?post=4755"}],"curies":[{"name":"wp","href":"https:\/\/api.w.org\/{rel}","templated":true}]}}