{"id":4753,"date":"2017-04-05T10:39:06","date_gmt":"2017-04-05T08:39:06","guid":{"rendered":"https:\/\/marketingplatform.com\/?page_id=4753\/"},"modified":"2020-08-27T14:43:16","modified_gmt":"2020-08-27T12:43:16","slug":"sadan-undgar-du-din-email-ender-som-spam","status":"publish","type":"page","link":"https:\/\/marketingplatform.com\/da\/artikler-presse\/sadan-undgar-du-din-email-ender-som-spam\/","title":{"rendered":"S\u00e5dan undg\u00e5r du din email ender som SPAM"},"content":{"rendered":"<p>[et_pb_section fb_built=&#8221;1&#8243; admin_label=&#8221;section&#8221; _builder_version=&#8221;3.22&#8243;][et_pb_row admin_label=&#8221;row&#8221; _builder_version=&#8221;3.25&#8243; background_size=&#8221;initial&#8221; background_position=&#8221;top_left&#8221; background_repeat=&#8221;repeat&#8221;][et_pb_column type=&#8221;4_4&#8243; _builder_version=&#8221;3.25&#8243; custom_padding=&#8221;|||&#8221; custom_padding__hover=&#8221;|||&#8221;][et_pb_text _builder_version=&#8221;3.27.4&#8243; background_size=&#8221;initial&#8221; background_position=&#8221;top_left&#8221; background_repeat=&#8221;repeat&#8221; use_border_color=&#8221;off&#8221;]<\/p>\n<h1>S\u00e5dan undg\u00e5r du din email ender som SPAM<\/h1>\n<p><strong>Alle seri\u00f8se afsendere undg\u00e5r som udgangspunkt af ende i SPAM, men der er mange faldgruber du som virksomhed skal undg\u00e5<\/strong><\/p>\n<p>F\u00f8rst og fremmest skal du som seri\u00f8s afsender undg\u00e5 inaktive modtagere p\u00e5 dine lister. En inaktiv modtager, dvs. en person der ikke \u00e5bner dine nyhedsbreve er potentielt et d\u00e5rligt kort at samle p\u00e5. Ikke alene spilder du fokus p\u00e5 disse modtagere, men v\u00e6rre er, at de \u00f8del\u00e6gger din leveringsevne til de modtagere, der gerne vil have dine email marketing beskeder.<\/p>\n<p>Dern\u00e6st skal indholdet i din mail naturligvis v\u00e6re i orden. Indholdet skal v\u00e6re en kombination af billeder, grafiske elementer og rigtig tekst. Mails der optr\u00e6der 100% grafiske, dvs. ofte med et stort billede, vil ikke have samme mulighed for at blive leveret til modtagerens indbakke. Ligesom mailen generelt ikke vil have effekt. L\u00e6s om korrekt opbygning af skabelon til email marketing i en tidligere artikel.<\/p>\n<p>&nbsp;<\/p>\n<h4>God liste hygiejne er essentielt<\/h4>\n<p>Mange virksomheder fastholder st\u00f8rrelsen p\u00e5 deres email marketing liste. Det vil sige, har man opn\u00e5et 100.000 modtagere, vil man for alt i verden ikke reducere listen i omfang. Det er en forkert indstilling, og direkte skadeligt, i forhold til at opn\u00e5 den bedst t\u00e6nkelige leveringssikkerhed.<\/p>\n<p>Du b\u00f8r i stedet for s\u00f8ge at engagere og involvere dine modtagere (det engelske ord &#8216;engage&#8217; er mere d\u00e6kkende), f.eks. ved at lave sp\u00f8rgeskema unders\u00f8gelser og hente flere oplysninger om den enkelte \u2013 til brug for endnu bedre segmentering.<\/p>\n<p>En mindre, men langt mere aktiv liste, vil give dig pluspoint hos f.eks. Hotmail, Gmail, Yahoo og de andre store tjenester. Tjenester der for langt de fleste b2c virksomheder st\u00e5r for 70% af deres lister.<\/p>\n<p>Mange rigtige email marketing v\u00e6rkt\u00f8jer kan nemt og hurtigt skabe segmenter p\u00e5 baggrund af aktivitet i forhold til de udsendte mails. \u201dHos MarketingPlatform arbejder vi med dynamiske segmenter, som kunderne selv kan etablere p\u00e5 f\u00e5 minutter\u201d, fort\u00e6ller grundl\u00e6gger Kim \u00d8stergaard.<\/p>\n<p>&nbsp;<\/p>\n<h4>V\u00e6lg en udbyder med andre seri\u00f8se kunder<\/h4>\n<p>En email marketing udbyder er ikke bedre end sine kunder. Det lyder m\u00e5ske lidt som en kliche, men ikke desto mindre er afsenderrenomme lidt som en spotkurs i valutahandler. Det kan g\u00e5 op og ned p\u00e5 daglig basis, men over en periode bliver man som virksomhed (og email marketing virksomhed) bel\u00f8nnet for sin seri\u00f8sitet. Og email marketing virksomhedens seri\u00f8sitet afh\u00e6nger i stor grad af hvilke kunder de servicerer.<\/p>\n<p>\u201dEr kunderne ikke seri\u00f8se og har god list hygiejne, og email marketing virksomheden de rigtige v\u00e6rkt\u00f8jer til at underst\u00f8tte udsendelsen og kundernes modtager databaser, vil det have negativ indvirkning p\u00e5 hvor mange kunder der modtager dine nyhedsbreve\u201d, konkluderer Kim \u00d8stergaard fra email marketing virksomheden MarketingPlatform.dk.<\/p>\n<p>Faktuelt kan man dele leveringsevnen op i 3 nogenlunde lige store enheder: Afsenderrenomme, mailens indhold og email marketing virksomhedens v\u00e6rkt\u00f8jer.<\/p>\n<p>\u201dGennem vores r\u00e5dgivningsvirksomhed, Loyalitet.com, hvor vi r\u00e5dgiver kunder som Bon \u00e1 Parte, BoConcept, BabySam og Kop &amp; Kande, har vi oplevet forskellen p\u00e5 de mange forskellige l\u00f8sninger, og set v\u00e6rdien af den rigtige mail med det rigtige budskab, udsendt p\u00e5 det rigtige tidspunkt med den rigtige l\u00f8sning\u201d, slutter Kim \u00d8stergaard, der ogs\u00e5 er grundl\u00e6gger af Loyalitet.com.<\/p>\n<p>\u00a0L\u00e6s ogs\u00e5 vores artikel <a href=\"https:\/\/marketingplatform.com\/da\/ressourcer\/hvad-er-spam\/\">Hvad er spam?<\/a><\/p>\n<p>[\/et_pb_text][\/et_pb_column][\/et_pb_row][\/et_pb_section][et_pb_section fb_built=&#8221;1&#8243; custom_padding_last_edited=&#8221;on|phone&#8221; module_class=&#8221;ressourcer-signup&#8221; _builder_version=&#8221;4.5.3&#8243; background_color=&#8221;#dee7f1&#8243; custom_padding=&#8221;7%||4%||false|false&#8221; custom_padding_tablet=&#8221;12%||||false|false&#8221; custom_padding_phone=&#8221;17%||||false|false&#8221; top_divider_style=&#8221;asymmetric2&#8243; top_divider_color=&#8221;#ffffff&#8221; top_divider_height=&#8221;60px&#8221; global_module=&#8221;19033&#8243;][et_pb_row _builder_version=&#8221;3.25&#8243; background_size=&#8221;initial&#8221; background_position=&#8221;top_left&#8221; background_repeat=&#8221;repeat&#8221; custom_margin=&#8221;||10px&#8221; custom_padding=&#8221;||10px&#8221;][et_pb_column type=&#8221;4_4&#8243; _builder_version=&#8221;3.25&#8243; custom_padding=&#8221;|||&#8221; custom_padding__hover=&#8221;|||&#8221;][et_pb_text _builder_version=&#8221;4.5.3&#8243; text_orientation=&#8221;center&#8221;]<\/p>\n<h2 style=\"font-style: normal;\">Pr\u00f8v MarketingPlatform gratis i 14 dage<\/h2>\n<p style=\"font-style: normal;\">Pr\u00f8veperioden er gratis, helt uforpligtende og udl\u00f8ber efter 14 dage, hvis du ikke \u00f8nsker at forts\u00e6tte.<br \/> Ved tilmelding modtager du samtidig vores uddannelsesflow p\u00e5 en serie af mails \u2013 og vores nyhedsbrev.<\/p>\n<p>[\/et_pb_text][\/et_pb_column][\/et_pb_row][et_pb_row _builder_version=&#8221;4.4.0&#8243;][et_pb_column type=&#8221;4_4&#8243; _builder_version=&#8221;4.0.2&#8243;][et_pb_code _builder_version=&#8221;4.5.3&#8243; max_width=&#8221;50%&#8221; max_width_tablet=&#8221;100%&#8221; max_width_phone=&#8221;&#8221; max_width_last_edited=&#8221;on|phone&#8221; module_alignment=&#8221;center&#8221;]<a href=\"https:\/\/marketingplatform.com\/da\/book-emailplatform-demo\/\"><\/p>\n<div class=\"bookdemobtn\">Book demo<\/div>\n<p><\/a><!-- [et_pb_line_break_holder] --><a href=\"https:\/\/marketingplatform.com\/da\/gratis-proeveversion\/\"><\/p>\n<div class=\"signupbtn\">Pr\u00f8v os gratis<\/div>\n<p><\/a><!-- [et_pb_line_break_holder] --><\/p>\n<div class=\"clearfix\"><\/div>\n<p>[\/et_pb_code][\/et_pb_column][\/et_pb_row][et_pb_row _builder_version=&#8221;4.0.2&#8243; max_width=&#8221;768px&#8221; custom_margin=&#8221;15px||0px||false|false&#8221; custom_padding=&#8221;0px||0px&#8221; use_custom_width=&#8221;on&#8221; custom_width_px=&#8221;768px&#8221;][et_pb_column type=&#8221;4_4&#8243; _builder_version=&#8221;3.25&#8243; custom_padding=&#8221;|||&#8221; custom_padding__hover=&#8221;|||&#8221;][et_pb_code _builder_version=&#8221;4.5.3&#8243;]<\/p>\n<div class=\"awards-align\" ><!-- [et_pb_line_break_holder] --><\/p>\n<div style=\"float:left; width:14%; text-align:right;   margin-right: 2%;\"><!-- [et_pb_line_break_holder] --><img decoding=\"async\" src=\"https:\/\/marketingplatform.com\/wp-content\/uploads\/2020\/01\/primotours.png\" width=\"56\" style=\"margin:10px 20px 20px 0px;\"><!-- [et_pb_line_break_holder] --><\/div>\n<p><!-- [et_pb_line_break_holder] --><\/p>\n<div style=\"float:left; width:20%; text-align:center;    margin-right: 4%;\"><!-- [et_pb_line_break_holder] --><img decoding=\"async\" src=\"https:\/\/marketingplatform.com\/wp-content\/uploads\/2019\/11\/med24-gray.png\" width=\"100\" style=\"margin:20px 0px 20px 10px;\"><!-- [et_pb_line_break_holder] --><\/div>\n<p><!-- [et_pb_line_break_holder] --><\/p>\n<div style=\"float:left; width:18%;    margin-right: 1%;\"><!-- [et_pb_line_break_holder] --><img decoding=\"async\" src=\"https:\/\/marketingplatform.com\/wp-content\/uploads\/2019\/08\/cykelpartner-logo.png\" width=\"180\" style=\"margin:29px 20px 20px 0px;\"><!-- [et_pb_line_break_holder] --><\/div>\n<p><!-- [et_pb_line_break_holder] --><\/p>\n<div style=\"float:left; width:20%; text-align:center;     margin-right: 1%;\"><!-- [et_pb_line_break_holder] --><img decoding=\"async\" src=\"https:\/\/marketingplatform.com\/wp-content\/uploads\/2019\/04\/aldi-grey.png\" width=\"50\" style=\"margin:10px 0px 20px 0px;\"><!-- [et_pb_line_break_holder] --><\/div>\n<p><!-- [et_pb_line_break_holder] --><\/p>\n<div style=\"float:left; width:18%;      margin-right: 2%;  text-align: center;\"><!-- [et_pb_line_break_holder] --><img decoding=\"async\" src=\"https:\/\/marketingplatform.com\/wp-content\/uploads\/2019\/02\/verisure-logo.png\" width=\"120\" style=\"margin:18px 0px 20px 0px;\"><!-- [et_pb_line_break_holder] --><\/div>\n<p><!-- [et_pb_line_break_holder] --><\/div>\n<p>[\/et_pb_code][\/et_pb_column][\/et_pb_row][\/et_pb_section]<\/p>\n","protected":false},"excerpt":{"rendered":"<p>S\u00e5dan undg\u00e5r du din email ender som SPAM Alle seri\u00f8se afsendere undg\u00e5r som udgangspunkt af ende i SPAM, men der er mange faldgruber du som virksomhed skal undg\u00e5 F\u00f8rst og fremmest skal du som seri\u00f8s afsender undg\u00e5 inaktive modtagere p\u00e5 dine lister. En inaktiv modtager, dvs. en person der ikke \u00e5bner dine nyhedsbreve er potentielt [&hellip;]<\/p>\n","protected":false},"author":50,"featured_media":0,"parent":4520,"menu_order":0,"comment_status":"closed","ping_status":"closed","template":"","meta":{"_et_pb_use_builder":"on","_et_pb_old_content":"<h1>S\u00e5dan undg\u00e5r du din email ender som SPAM<\/h1>\r\nAlle seri\u00f8se afsendere undg\u00e5r som udgangspunkt af ende i SPAM, men der er mange faldgruber du som virksomhed skal undg\u00e5\r\n\r\nF\u00f8rst og fremmest skal du som seri\u00f8s afsender undg\u00e5 inaktive modtagere p\u00e5 dine lister. En inaktiv modtager, dvs. en person der ikke \u00e5bner dine nyhedsbreve er potentielt et d\u00e5rligt kort at samle p\u00e5. Ikke alene spilder du fokus p\u00e5 disse modtagere, men v\u00e6rre er, at de \u00f8del\u00e6gger din leveringsevne til de modtagere, der gerne vil have dine email marketing beskeder.\r\n\r\nDern\u00e6st skal indholdet i din mail naturligvis v\u00e6re i orden. Indholdet skal v\u00e6re en kombination af billeder, grafiske elementer og rigtig tekst. Mails der optr\u00e6der 100% grafiske, dvs. ofte med et stort billede, vil ikke have samme mulighed for at blive leveret til modtagerens indbakke. Ligesom mailen generelt ikke vil have effekt. L\u00e6s om korrekt opbygning af skabelon til email marketing i en tidligere artikel.\r\n\r\nGod list hygiejne er essentielt\r\nMange virksomheder fastholder st\u00f8rrelsen p\u00e5 deres email marketing liste. Det vil sige, har man opn\u00e5et 100.000 modtagere, vil man for alt i verden ikke reducere listen i omfang. Det er en forkert indstilling, og direkte skadeligt, i forhold til at opn\u00e5 den bedst t\u00e6nkelige leveringssikkerhed.\r\n\r\nDu b\u00f8r i stedet for s\u00f8ge at engagere og involvere dine modtagere (det enkelte ord engage er mere d\u00e6kkende), f.eks. ved at lave sp\u00f8rgeskema unders\u00f8gelser og hente flere oplysninger om den enkelte \u2013 til brug for endnu bedre segmentering.\r\n\r\nEn mindre, men langt mere aktiv liste, vil give dig pluspoint hos f.eks. Hotmail, Gmail, Yahoo og de andre store tjenester. Tjenester der for langt de fleste b2c virksomheder st\u00e5r for 70% af deres lister.\r\n\r\nMange rigtige email marketing v\u00e6rkt\u00f8jer kan nemt og hurtigt skabe segmenter p\u00e5 baggrund af aktivitet i forhold til de udsendte mails. \u201dHos MarketingPlatform.dk arbejder vi med dynamiske segmenter, som kunderne selv kan etablere p\u00e5 f\u00e5 minutter\u201d, fort\u00e6ller grundl\u00e6gger Kim \u00d8stergaard.\r\n\r\nV\u00e6lg en udbyder med andre seri\u00f8se kunder\r\nEn email marketing udbyder er ikke bedre end sine kunder. Det lyder m\u00e5ske lidt som en kliche, men ikke desto mindre er afsenderrenomme lidt som en spotkurs i valutahandler. Det kan g\u00e5 op og ned p\u00e5 daglig basis, men over en periode bliver man som virksomhed (og email marketing virksomhed) bel\u00f8nnet for sin seri\u00f8sitet. Og email marketing virksomhedens seri\u00f8sitet afh\u00e6nger i stor grad af hvilke kunder de servicerer.\r\n\r\n\u201dEr kunderne ikke seri\u00f8se og har god list hygiejne, og email marketing virksomheden de rigtige v\u00e6rkt\u00f8jer til at underst\u00f8tte udsendelsen og kundernes modtager databaser, vil det have negativ indvirkning p\u00e5 hvor mange kunder der modtager dine nyhedsbreve\u201d, konkluderer Kim \u00d8stergaard fra email marketing virksomheden MarketingPlatform.dk.\r\n\r\nFaktuelt kan man dele leveringsevnen op i 3 nogenlunde lige store enheder: Afsenderrenomme, mailens indhold og email marketing virksomhedens v\u00e6rkt\u00f8jer.\r\n\r\n\u201dGennem vores r\u00e5dgivningsvirksom, Loyalitet.com, hvor vi r\u00e5dgiver kunder som Bon \u00e1 Parte, BoConcept, BabySam og Kop & Kande, har vi oplevet forskellen p\u00e5 de mange forskellige l\u00f8sninger, og set v\u00e6rdien af den rigtige mail med det rigtige budskab, udsendt p\u00e5 det rigtige tidspunkt med den rigtige l\u00f8sning\u201d, slutter Kim \u00d8stergaard, der ogs\u00e5 er grundl\u00e6gger af Loyalitet.com.\r\n\r\nTil redaktionen:\r\n\r\nMarketingPlatform.dk er en brugervenlig l\u00f8sning, som b\u00e5de henvender til sig marketingafdelingen og mere online vante personer. Flere end 50 danske virksomheder anvender l\u00f8sningen. MarketingPlatform.dk er en del af Loyalitet.com, der r\u00e5dgiver nogle af danmarks st\u00f8rste virksomheder.\r\n\r\nPriserne starter ved 200 kr. pr. m\u00e5ned.\r\n\r\nVi har 6 standardpakker, der matcher de fleste st\u00f8rrelser danske retailere og e-retailere. Men vi tilpasser ogs\u00e5 gerne en st\u00f8rre l\u00f8sning. Herudover kan vi hj\u00e6lpe med viden gennem vores konsulentforretning, Loyalitet.com, hvor vi ogs\u00e5 kan henvise til dygtige grafiske ressourcer. Normalt tager det 2-3 udsendelser f\u00f8r en marketingmedarbejder med IT-flair kan v\u00e6re selvk\u00f8rende.\r\n<h4>Pr\u00f8v MarketingPlatform gratis i 30 dage<\/h4>\r\n[optin_box style=\"8\" alignment=\"left\" action=\"https:\/\/www.mailmailmail.net\/form.php?form=65\" method=\"post\" email_field=\"email\" email_default=\"Din arbejds e-mail\" integration_type=\"custom\" double_optin=\"Y\" name_field=\"CustomFields%5B2%5D\" name_default=\"Dit navn\" extra_field_1_name=\"CustomFields%5B110%5D\" extra_field_1_title=\"Firmanavn\" extra_field_2_name=\"CustomFields%5B5%5D\" extra_field_2_title=\"Telefon\"][optin_box_hidden][\/optin_box_hidden][optin_box_code]\r\n\r\n[\/optin_box_code][optin_box_field name=\"headline\"][\/optin_box_field][optin_box_field name=\"paragraph\"][\/optin_box_field][optin_box_field name=\"privacy\"]Vi passer godt p\u00e5 dine oplysninger og deler dem ikke med andre.\r\nVi optager kun seri\u00f8se virksomheder, der ikke spammer, som kunder.[\/optin_box_field][optin_box_field name=\"top_color\"]undefined[\/optin_box_field][optin_box_button type=\"0\" button_below=\"Y\"]Pr\u00f8v MailPlatform gratis[\/optin_box_button] [\/optin_box]","_et_gb_content_width":"","footnotes":""},"categories":[],"tags":[],"yst_prominent_words":[4878,899,175,2011,2012,446,4907,4872,87,666,2014,552,4871,2422,652,658,4873,4897,4881,4884],"_links":{"self":[{"href":"https:\/\/marketingplatform.com\/da\/wp-json\/wp\/v2\/pages\/4753"}],"collection":[{"href":"https:\/\/marketingplatform.com\/da\/wp-json\/wp\/v2\/pages"}],"about":[{"href":"https:\/\/marketingplatform.com\/da\/wp-json\/wp\/v2\/types\/page"}],"author":[{"embeddable":true,"href":"https:\/\/marketingplatform.com\/da\/wp-json\/wp\/v2\/users\/50"}],"replies":[{"embeddable":true,"href":"https:\/\/marketingplatform.com\/da\/wp-json\/wp\/v2\/comments?post=4753"}],"version-history":[{"count":1,"href":"https:\/\/marketingplatform.com\/da\/wp-json\/wp\/v2\/pages\/4753\/revisions"}],"predecessor-version":[{"id":62386,"href":"https:\/\/marketingplatform.com\/da\/wp-json\/wp\/v2\/pages\/4753\/revisions\/62386"}],"up":[{"embeddable":true,"href":"https:\/\/marketingplatform.com\/da\/wp-json\/wp\/v2\/pages\/4520"}],"wp:attachment":[{"href":"https:\/\/marketingplatform.com\/da\/wp-json\/wp\/v2\/media?parent=4753"}],"wp:term":[{"taxonomy":"category","embeddable":true,"href":"https:\/\/marketingplatform.com\/da\/wp-json\/wp\/v2\/categories?post=4753"},{"taxonomy":"post_tag","embeddable":true,"href":"https:\/\/marketingplatform.com\/da\/wp-json\/wp\/v2\/tags?post=4753"},{"taxonomy":"yst_prominent_words","embeddable":true,"href":"https:\/\/marketingplatform.com\/da\/wp-json\/wp\/v2\/yst_prominent_words?post=4753"}],"curies":[{"name":"wp","href":"https:\/\/api.w.org\/{rel}","templated":true}]}}