{"id":47504,"date":"2019-12-06T11:45:22","date_gmt":"2019-12-06T10:45:22","guid":{"rendered":"https:\/\/marketingplatform.com\/?page_id=47504"},"modified":"2024-05-31T08:32:42","modified_gmt":"2024-05-31T06:32:42","slug":"saadan-integrerer-du-wannafind-med-marketingplatform","status":"publish","type":"page","link":"https:\/\/marketingplatform.com\/da\/saadan-integrerer-du-wannafind-med-marketingplatform\/","title":{"rendered":"S\u00e5dan integrerer du Wannafind med MarketingPlatform"},"content":{"rendered":"<p>[et_pb_section fb_built=&#8221;1&#8243; _builder_version=&#8221;4.16&#8243; global_colors_info=&#8221;{}&#8221;][et_pb_row _builder_version=&#8221;4.16&#8243; global_colors_info=&#8221;{}&#8221;][et_pb_column type=&#8221;4_4&#8243; _builder_version=&#8221;4.16&#8243; global_colors_info=&#8221;{}&#8221;][et_pb_text _builder_version=&#8221;4.16&#8243; global_colors_info=&#8221;{}&#8221;]<\/p>\n<h1>Integration af Wannafind med MarketingPlatform<\/h1>\n<p><strong>Wannafind er et af de mest popul\u00e6re webshopsystemer i Danmark. Wannafind har mere end 15 \u00e5r i branchen og mere end 30.000 kunder p\u00e5 platformen fordelt p\u00e5 deres produkter med webshop, hjemmesider, serverhosting med mere. Med integrationen mellem Wannafind og MarketingPlatform f\u00e5r du et st\u00e6rkt v\u00e6rkt\u00f8j, der kan forbedre din email marketing performance markant.<\/strong><\/p>\n<p><span><\/span><\/p>\n<p>[\/et_pb_text][\/et_pb_column][\/et_pb_row][et_pb_row column_structure=&#8221;2_3,1_3&#8243; _builder_version=&#8221;4.16&#8243; global_colors_info=&#8221;{}&#8221;][et_pb_column type=&#8221;2_3&#8243; _builder_version=&#8221;4.16&#8243; global_colors_info=&#8221;{}&#8221;][et_pb_text _builder_version=&#8221;4.16&#8243; global_colors_info=&#8221;{}&#8221;]<\/p>\n<p>Det bedste udgangspunkt for succesfuld email marketing er at have et stort grundlag af data. Driver du en webshop, er k\u00f8bshistorik en helt essentiel grundsten, som dels kan hj\u00e6lpe dine kunder men dels ogs\u00e5 kan sikre dig v\u00e6kst samt fastholdelse af dine kunder.<\/p>\n<p>Derfor er det vigtigt uhindret og nemt at kunne sende data mellem din webshop og din email marketing platform. Data skal synkroniseres lynhurtigt, s\u00e5 du med det samme kan arbejde med dine kunders k\u00f8bsdata. Men selve integrationen skal kunne ops\u00e6ttes hurtigt og nemt uden brug af mange ressourcer og mandskabstimer.<\/p>\n<p>[\/et_pb_text][\/et_pb_column][et_pb_column type=&#8221;1_3&#8243; _builder_version=&#8221;4.16&#8243; global_colors_info=&#8221;{}&#8221;][et_pb_image src=&#8221;https:\/\/marketingplatform.com\/wp-content\/uploads\/2019\/12\/wannafind-logo.png&#8221; _builder_version=&#8221;4.16&#8243; global_colors_info=&#8221;{}&#8221;][\/et_pb_image][\/et_pb_column][\/et_pb_row][et_pb_row _builder_version=&#8221;4.16&#8243; global_colors_info=&#8221;{}&#8221;][et_pb_column type=&#8221;4_4&#8243; _builder_version=&#8221;4.16&#8243; global_colors_info=&#8221;{}&#8221;][et_pb_text _builder_version=&#8221;4.16&#8243; global_colors_info=&#8221;{}&#8221;]<\/p>\n<p><span>Derfor har vi hos MarketingPlatform via vores Connector gjort det muligt at sammenkoble Wannafind og MarketingPlatform nemt og uden problemer.\u00a0P\u00e5 godt 10 minutter kan integrationen v\u00e6re opsat, s\u00e5 udveksling af data kan begynde.\u00a0En meget stor fordel ved denne meget simple procedure er, at det kan g\u00f8res uden at skulle g\u00f8re brug af eksterne konsulenter, der ellers ofte kan l\u00f8be op i h\u00f8je bel\u00f8b.<\/span><\/p>\n<p><span>Foruden ordredata vil tilmeldinger til nyhedsbrevet gennem eksempelvis ordreflowet ogs\u00e5 blive synkroniseret fra Wannafind og ned i MarketingPlatform, s\u00e5 du straks kan begynde at bruge dataen i din email marketing og ikke mindst dine marketing automation flows.<\/span><\/p>\n<p><span>I vores <a href=\"https:\/\/marketingplatform.com\/da\/priser\/\">Commerce l\u00f8sning<\/a>\u00a0finder du vores <a href=\"https:\/\/marketingplatform.com\/da\/artikler-presse\/one-to-many-genopfinder-emailplatform\/\">One-to-Many funktion<\/a>, som g\u00f8r det muligt at integrere dybe data i samspil med vores Connector. Dybe data kan i dette tilf\u00e6lde v\u00e6re eksempelvis ordredata som produkter k\u00f8bt, antal produkter k\u00f8bt, tidspunkt for k\u00f8b blandt meget mere.\u00a0 <\/span><\/p>\n<p><span>Med denne data i h\u00e5nden kan du herefter ops\u00e6tte marketing automation flows og sende m\u00e5lrettede og meget effektive email marketing kampagner til dine kunder. Ops\u00e6t f.eks. flows der sender indholdet af en forladt varekurv, opf\u00f8lgning p\u00e5 et salg, produktrekommenderinger ud fra tidligere k\u00f8b og meget mere. Eller lav mere simple flows baseret p\u00e5 flade data, hvor du ops\u00e6tter et velkomstflow, VIP workflows eller andet.\u00a0<\/span><\/p>\n<p><span>MarketingPlatform Connector er naturligvis gratis som en integreret del af alle vore abonnementer.<\/span><\/p>\n<p><span>Fordele ved integration mellem Wannafind og MarketingPlatform:<\/span><\/p>\n<ul>\n<li><span>Integration tager kun omkring 10 minutter<\/span><\/li>\n<li><span>Integrationen kan ops\u00e6ttes uden hj\u00e6lp fra dyre, eksterne konsulenter<\/span><\/li>\n<li><span>Synkronis\u00e9r eksempelvis kontaktdata og ordredata<\/span><\/li>\n<li><span>Giver st\u00e6rkere grundlag for effektive email marketing kampagner<\/span><\/li>\n<\/ul>\n<p><span><a href=\"https:\/\/marketingplatform.com\/da\/integrationer\/\">L\u00e6s mere<\/a>\u00a0om vores integrationer.<\/span><\/p>\n<p><span><a href=\"https:\/\/marketingplatform.com\/da\/priser\/\">L\u00e6s mere<\/a>\u00a0om vores abonnementer.<\/span><\/p>\n<p><span><a href=\"mailto:support@marketingplatform.com\">Kontakt os<\/a>\u00a0for at h\u00f8re n\u00e6rmere om muligheder.<\/span><\/p>\n<p>&nbsp;<\/p>\n<p>[\/et_pb_text][\/et_pb_column][\/et_pb_row][\/et_pb_section]<\/p>\n","protected":false},"excerpt":{"rendered":"<p>Integration af Wannafind med MarketingPlatform Wannafind er et af de mest popul\u00e6re webshopsystemer i Danmark. Wannafind har mere end 15 \u00e5r i branchen og mere end 30.000 kunder p\u00e5 platformen fordelt p\u00e5 deres produkter med webshop, hjemmesider, serverhosting med mere. Med integrationen mellem Wannafind og MarketingPlatform f\u00e5r du et st\u00e6rkt v\u00e6rkt\u00f8j, der kan forbedre din [&hellip;]<\/p>\n","protected":false},"author":50,"featured_media":0,"parent":0,"menu_order":0,"comment_status":"closed","ping_status":"closed","template":"","meta":{"_et_pb_use_builder":"on","_et_pb_old_content":"","_et_gb_content_width":"","footnotes":""},"categories":[],"tags":[],"yst_prominent_words":[4878,7308,7437,13922,13468,13464,175,7046,4882,261,13465,6783,13923,13920,15179,256,3339,15066,13921,15180],"_links":{"self":[{"href":"https:\/\/marketingplatform.com\/da\/wp-json\/wp\/v2\/pages\/47504"}],"collection":[{"href":"https:\/\/marketingplatform.com\/da\/wp-json\/wp\/v2\/pages"}],"about":[{"href":"https:\/\/marketingplatform.com\/da\/wp-json\/wp\/v2\/types\/page"}],"author":[{"embeddable":true,"href":"https:\/\/marketingplatform.com\/da\/wp-json\/wp\/v2\/users\/50"}],"replies":[{"embeddable":true,"href":"https:\/\/marketingplatform.com\/da\/wp-json\/wp\/v2\/comments?post=47504"}],"version-history":[{"count":11,"href":"https:\/\/marketingplatform.com\/da\/wp-json\/wp\/v2\/pages\/47504\/revisions"}],"predecessor-version":[{"id":237915,"href":"https:\/\/marketingplatform.com\/da\/wp-json\/wp\/v2\/pages\/47504\/revisions\/237915"}],"wp:attachment":[{"href":"https:\/\/marketingplatform.com\/da\/wp-json\/wp\/v2\/media?parent=47504"}],"wp:term":[{"taxonomy":"category","embeddable":true,"href":"https:\/\/marketingplatform.com\/da\/wp-json\/wp\/v2\/categories?post=47504"},{"taxonomy":"post_tag","embeddable":true,"href":"https:\/\/marketingplatform.com\/da\/wp-json\/wp\/v2\/tags?post=47504"},{"taxonomy":"yst_prominent_words","embeddable":true,"href":"https:\/\/marketingplatform.com\/da\/wp-json\/wp\/v2\/yst_prominent_words?post=47504"}],"curies":[{"name":"wp","href":"https:\/\/api.w.org\/{rel}","templated":true}]}}