{"id":4749,"date":"2017-04-05T10:33:40","date_gmt":"2017-04-05T08:33:40","guid":{"rendered":"https:\/\/marketingplatform.com\/?page_id=4749\/"},"modified":"2020-02-21T13:58:57","modified_gmt":"2020-02-21T12:58:57","slug":"afmelding-i-toppen-af-dit-nyhedsbrev","status":"publish","type":"page","link":"https:\/\/marketingplatform.com\/da\/artikler-presse\/afmelding-i-toppen-af-dit-nyhedsbrev\/","title":{"rendered":"Vigtigheden af afmelding i toppen af dit nyhedsbrev"},"content":{"rendered":"<p>[et_pb_section fb_built=&#8221;1&#8243; admin_label=&#8221;section&#8221; _builder_version=&#8221;3.22&#8243;][et_pb_row admin_label=&#8221;row&#8221; _builder_version=&#8221;3.25&#8243; background_size=&#8221;initial&#8221; background_position=&#8221;top_left&#8221; background_repeat=&#8221;repeat&#8221;][et_pb_column type=&#8221;4_4&#8243; _builder_version=&#8221;3.25&#8243; custom_padding=&#8221;|||&#8221; custom_padding__hover=&#8221;|||&#8221;][et_pb_text admin_label=&#8221;Text&#8221; _builder_version=&#8221;4.0.2&#8243; background_size=&#8221;initial&#8221; background_position=&#8221;top_left&#8221; background_repeat=&#8221;repeat&#8221; hover_enabled=&#8221;0&#8243; use_border_color=&#8221;off&#8221; border_color=&#8221;#ffffff&#8221; border_style=&#8221;solid&#8221;]<\/p>\n<h1>Vigtigheden af afmelding i toppen af dit nyhedsbrev<\/h1>\n<p>Rigtig mange virksomheder \u00f8nsker ikke at have en afmeldingsfunktion i toppen af deres nyhedsbrev. De h\u00e6lder til troen p\u00e5, at f\u00e6rre afmelder sig, hvis funktionen er \u201dgemt\u201d i bunden af deres nyhedsbrev. Det er sikkert ogs\u00e5 rigtigt, men at fastholde personer, der ikke \u00f8nsker dine mails kan v\u00e6re livsfarligt.<\/p>\n<p><a href=\"https:\/\/marketingplatform.com\/wp-content\/uploads\/2017\/04\/animal-1320792_1280-300x181.png\"><img decoding=\"async\" loading=\"lazy\" class=\"alignright wp-image-2591 size-medium image-border\" src=\"https:\/\/marketingplatform.com\/wp-content\/uploads\/2017\/04\/animal-1320792_1280-300x181.png\" alt=\"animal-1320792_1280\" width=\"300\" height=\"181\" \/><\/a><\/p>\n<p>Det er ikke en farbar l\u00f8sning, at gemme afmeldingsknappen eller linket v\u00e6k for modtagerne. Modtagerne, din virksomheds potentielle kunder, bliver irriterede og vil i v\u00e6rste fald anvende den indbygge \u201drapporter SPAM\u201d i f.eks. Outlook.com (det tidligere Hotmail), Gmail, Yahoo eller deres lokale web-mail udbyder.<\/p>\n<p>Forskellen p\u00e5 om modtageren afmelder sig p\u00e5 dit eget afmeldingslink, og p\u00e5 den modtagne mailservers \u201drapporter SPAM\u201d funktion, er meget markant. Hele dit gode omd\u00f8mme som afsender kan st\u00e5 p\u00e5 spil, hvis for mange v\u00e6lger rapporteringsmodellen. For de intelligente SPAM-filtre holder \u00f8je med dine modtagers adf\u00e6rd.<\/p>\n<h4>Et godt omd\u00f8mme er vigtigt at v\u00e6rne om<\/h4>\n<p>En god tommelfingerregel er, at du ikke m\u00e5 have mere end 0,01-0,02% SPAM rapporteringer, hos den enkelte modtagne mailserver pr. udsendelse. Og den modtagne mailserver holder typisk dit omd\u00f8mme over en l\u00e6ngere periode, men med ekstra fokus de n\u00e6ste 24 timer fra din udsendelse er afsluttet.<\/p>\n<p>Det betyder at du i v\u00e6rste fald vil blive leveret i SPAM ved de f\u00f8lgende udsendelser. Rammer du nok utilfredse modtagere, vil din nuv\u00e6rende udsendelse blive flyttet fra prioriteret indbakke (Gmail) til indbakke eller direkte fra indbakken og til SPAM mappen hos de \u00f8vrige modtagere (ogs\u00e5 Gmail kan finde p\u00e5 at flytte dig direkte i SPAM mappen).<\/p>\n<p>Derfor skal afmeldingslinket ALTID v\u00e6re meget synligt, s\u00e5 modtagere der kunne finde p\u00e5 at rapportere SPAM, v\u00e6lger dit afmeldingslink fremfor den indbyggede funktion i mailprogrammet.<\/p>\n<h4>Et godt omd\u00f8mme er meget mere end et afmeldingslink<\/h4>\n<p>Afmeldingslinket er en lille del af et godt omd\u00f8mme. Som du har h\u00f8rt tidligere i denne artikel, er det for at v\u00e6rne om et godt omd\u00f8mme, at linket skal v\u00e6re synligt b\u00e5de i toppen og bunden af alle udsendte nyhedsbreve. Ogs\u00e5 selvom mailen sendes til en lukket modtagergruppe. Selv den lukkede modtagergruppe, f.eks. en forening, vil oftest modtage mailen p\u00e5 et bredt udsnit af mailservere, der ikke skelner teknisk mellem form\u00e5let med modtagergruppen.<\/p>\n<p>Teknisk, bag alt grafikken, gemmer der sig en header, som indeholder et pendant til det synlige afmeldingslink &#8211; det link som mailsystemet &#8220;klikker&#8221; p\u00e5 n\u00e5r modtageren klikker p\u00e5 rapporter SPAM i mailprogrammet. Ogs\u00e5 derfor m\u00e5 du ALDRIG fors\u00f8ge at udelade linket til afmelding.<\/p>\n<p>Omd\u00f8mmet tager f\u00f8rst og fremmest udgangspunkt i indholdet p\u00e5 nyhedsbrevene. Og om modtagerne aktivt selv har tilvalgt dine udsendelser &#8211; alts\u00e5 om de virkelig \u00f8nsker dine mails. Dern\u00e6st om du har d\u00e5rlige adresser p\u00e5 listen, det kan v\u00e6re gamle ikke aktive adresser, adresser der er blevet til SPAM-traps eller om modtagerne ganske enkelt ikke \u00e5bner de tilsendte mails. Lidt karikeret sagt kigger SPAM-filtrene p\u00e5 summen af modtagerne, hvor mange \u00f8nsker det du sender, hvordan er de aktive &#8211; versus hvor mange er ikke aktive hvor \u00e5rsagerne kan v\u00e6re mange.<\/p>\n<p>Derfor er det vigtigt at komme af med modtagere, der IKKE l\u00e6ngere \u00f8nsker at v\u00e6re p\u00e5 din liste. De tr\u00e6kker popul\u00e6rt sagt dit omd\u00f8mme ned.<\/p>\n<p>MarketingPlatform hj\u00e6lper dig gerne med den rigtige r\u00e5dgivning p\u00e5 dette omr\u00e5de. Kontakt altid vores email marketing eksperter p\u00e5 <a href=\"mailto:mail%20to: support@marketingplatform.com\">support@marketingplatform.com<\/a> for personlig sparring og hj\u00e6lp.<\/p>\n<p>[\/et_pb_text][\/et_pb_column][\/et_pb_row][\/et_pb_section][et_pb_section fb_built=&#8221;1&#8243; custom_padding_last_edited=&#8221;on|phone&#8221; module_class=&#8221;ressourcer-signup&#8221; _builder_version=&#8221;4.0.2&#8243; background_color=&#8221;#dee7f1&#8243; custom_padding=&#8221;7%||&#8221; custom_padding_tablet=&#8221;12%||||false|false&#8221; custom_padding_phone=&#8221;17%||||false|false&#8221; top_divider_style=&#8221;asymmetric2&#8243; top_divider_color=&#8221;#ffffff&#8221; top_divider_height=&#8221;60px&#8221; global_module=&#8221;19033&#8243;][et_pb_row _builder_version=&#8221;3.25&#8243; background_size=&#8221;initial&#8221; background_position=&#8221;top_left&#8221; background_repeat=&#8221;repeat&#8221; custom_margin=&#8221;||10px&#8221; custom_padding=&#8221;||10px&#8221;][et_pb_column type=&#8221;4_4&#8243; _builder_version=&#8221;3.25&#8243; custom_padding=&#8221;|||&#8221; custom_padding__hover=&#8221;|||&#8221;][et_pb_text _builder_version=&#8221;4.0.2&#8243; text_orientation=&#8221;center&#8221;]<\/p>\n<h2 style=\"font-style: normal;\">Pr\u00f8v MarketingPlatform gratis i 14 dage<\/h2>\n<p style=\"font-style: normal;\">Pr\u00f8veperioden er gratis, helt uforpligtende og udl\u00f8ber efter 14 dage, hvis du ikke \u00f8nsker at forts\u00e6tte.<br \/> Ved tilmelding modtager du samtidig vores uddannelsesflow p\u00e5 en serie af mails \u2013 og vores nyhedsbrev.<\/p>\n<p>[\/et_pb_text][\/et_pb_column][\/et_pb_row][et_pb_row _builder_version=&#8221;4.0.2&#8243;][et_pb_column type=&#8221;4_4&#8243; _builder_version=&#8221;4.0.2&#8243;][et_pb_code _builder_version=&#8221;4.0.2&#8243; text_orientation=&#8221;center&#8221;]<a href=\"https:\/\/marketingplatform.com\/da\/gratis-proeveversion\/\" class=\"green-btn2\" style=\"background:#09cd6f; padding:18px 60px; margin-bottom:10px!important;\">Pr\u00f8v os gratis nu<\/a> <a href=\"https:\/\/marketingplatform.com\/da\/book-emailplatform-demo\/\" class=\"green-btn2\" style=\"background:#0daae2; padding:18px 70px;\">Book demo<\/a>[\/et_pb_code][\/et_pb_column][\/et_pb_row][et_pb_row _builder_version=&#8221;4.0.2&#8243; max_width=&#8221;768px&#8221; custom_margin=&#8221;15px||0px||false|false&#8221; custom_padding=&#8221;0px||0px&#8221; use_custom_width=&#8221;on&#8221; custom_width_px=&#8221;768px&#8221;][et_pb_column type=&#8221;4_4&#8243; _builder_version=&#8221;3.25&#8243; custom_padding=&#8221;|||&#8221; custom_padding__hover=&#8221;|||&#8221;][et_pb_code _builder_version=&#8221;4.0.2&#8243;]<\/p>\n<div class=\"awards-align\" ><!-- [et_pb_line_break_holder] --><\/p>\n<div style=\"float:left; width:14%; text-align:right;   margin-right: 2%;\"><!-- [et_pb_line_break_holder] --><img decoding=\"async\" src=\"https:\/\/marketingplatform.com\/wp-content\/uploads\/2020\/01\/primotours.png\" width=\"56\" style=\"margin:10px 20px 20px 0px;\"><!-- [et_pb_line_break_holder] --><\/div>\n<p><!-- [et_pb_line_break_holder] --><\/p>\n<div style=\"float:left; width:20%; text-align:center;    margin-right: 4%;\"><!-- [et_pb_line_break_holder] --><img decoding=\"async\" src=\"https:\/\/marketingplatform.com\/wp-content\/uploads\/2019\/11\/med24-gray.png\" width=\"100\" style=\"margin:20px 0px 20px 10px;\"><!-- [et_pb_line_break_holder] --><\/div>\n<p><!-- [et_pb_line_break_holder] --><\/p>\n<div style=\"float:left; width:18%;    margin-right: 1%;\"><!-- [et_pb_line_break_holder] --><img decoding=\"async\" src=\"https:\/\/marketingplatform.com\/wp-content\/uploads\/2019\/08\/cykelpartner-logo.png\" width=\"180\" style=\"margin:29px 20px 20px 0px;\"><!-- [et_pb_line_break_holder] --><\/div>\n<p><!-- [et_pb_line_break_holder] --><\/p>\n<div style=\"float:left; width:20%; text-align:center;     margin-right: 1%;\"><!-- [et_pb_line_break_holder] --><img decoding=\"async\" src=\"https:\/\/marketingplatform.com\/wp-content\/uploads\/2019\/04\/aldi-grey.png\" width=\"50\" style=\"margin:10px 0px 20px 0px;\"><!-- [et_pb_line_break_holder] --><\/div>\n<p><!-- [et_pb_line_break_holder] --><\/p>\n<div style=\"float:left; width:18%;      margin-right: 2%;  text-align: center;\"><!-- [et_pb_line_break_holder] --><img decoding=\"async\" src=\"https:\/\/marketingplatform.com\/wp-content\/uploads\/2019\/02\/verisure-logo.png\" width=\"120\" style=\"margin:18px 0px 20px 0px;\"><!-- [et_pb_line_break_holder] --><\/div>\n<p><!-- [et_pb_line_break_holder] --><\/div>\n<p>[\/et_pb_code][\/et_pb_column][\/et_pb_row][\/et_pb_section]<\/p>\n","protected":false},"excerpt":{"rendered":"<p>Vigtigheden af afmelding i toppen af dit nyhedsbrev Rigtig mange virksomheder \u00f8nsker ikke at have en afmeldingsfunktion i toppen af deres nyhedsbrev. De h\u00e6lder til troen p\u00e5, at f\u00e6rre afmelder sig, hvis funktionen er \u201dgemt\u201d i bunden af deres nyhedsbrev. Det er sikkert ogs\u00e5 rigtigt, men at fastholde personer, der ikke \u00f8nsker dine mails kan [&hellip;]<\/p>\n","protected":false},"author":50,"featured_media":0,"parent":4520,"menu_order":0,"comment_status":"closed","ping_status":"closed","template":"","meta":{"_et_pb_use_builder":"on","_et_pb_old_content":"<h1>Vigtigheden af afmelding i toppen af dit nyhedsbrev<\/h1>\r\nRigtig mange virksomheder \u00f8nsker ikke at have en afmeldingsfunktion i toppen af deres nyhedsbrev. De h\u00e6lder til troen p\u00e5, at f\u00e6rre afmelder sig, hvis funktionen er \u201dgemt\u201d i bunden af deres nyhedsbrev. Det er sikkert ogs\u00e5 rigtigt, men at fastholde personer, der ikke \u00f8nsker dine mails kan v\u00e6re livsfarligt.\r\n\r\n<a href=\"https:\/\/marketingplatform.com\/wp-content\/uploads\/2017\/04\/animal-1320792_1280-300x181.png\"><img class=\"alignright wp-image-2591 size-medium\" src=\"https:\/\/marketingplatform.com\/wp-content\/uploads\/2017\/04\/animal-1320792_1280-300x181.png\" alt=\"animal-1320792_1280\" width=\"300\" height=\"181\" \/><\/a>\r\n\r\nDet er ikke en farbar l\u00f8sning, at gemme afmeldingsknappen eller linket v\u00e6k for modtagerne. Modtagerne, din virksomheds potentielle kunder, bliver irriterede og vil i v\u00e6rste fald anvende den indbygge \u201drapporter SPAM\u201d i f.eks. Outlook.com (det tidligere Hotmail), Gmail, Yahoo eller deres lokale web-mail udbyder.\r\n\r\nForskellen p\u00e5 om modtageren afmelder sig p\u00e5 dit eget afmeldingslink, og p\u00e5 den modtagne mailservers \u201drapporter SPAM\u201d funktion, er meget markant. Hele dit gode omd\u00f8mme som afsender kan st\u00e5 p\u00e5 spil, hvis for mange v\u00e6lger rapporteringsmodellen. For de intelligente SPAM-filtre holder \u00f8je med dine modtagers adf\u00e6rd.\r\n<h3><strong>Et godt omd\u00f8mme er vigtigt at v\u00e6rne om<\/strong><\/h3>\r\nEn god tommelfingerregel er, at du ikke m\u00e5 have mere end 0,01-0,02% SPAM rapporteringer, hos den enkelte modtagne mailserver pr. udsendelse. Og den modtagne mailserver holder typisk dit omd\u00f8mme over en l\u00e6ngere periode, men med ekstra fokus de n\u00e6ste 24 timer fra din udsendelse er afsluttet.\r\n\r\nDet betyder at du i v\u00e6rste fald vil blive leveret i SPAM ved de f\u00f8lgende udsendelser. Rammer du nok utilfredse modtagere, vil din nuv\u00e6rende udsendelse blive flyttet fra prioriteret indbakke (Gmail) til indbakke eller direkte fra indbakken og til SPAM mappen hos de \u00f8vrige modtagere (ogs\u00e5 Gmail kan finde p\u00e5 at flytte dig direkte i SPAM mappen).\r\n\r\nDerfor skal afmeldingslinket ALTID v\u00e6re meget synligt, s\u00e5 modtagere der kunne finde p\u00e5 at rapportere SPAM, v\u00e6lger dit afmeldingslink fremfor den indbyggede funktion i mailprogrammet.\r\n<h3><b>Et godt omd\u00f8mme er meget mere end et afmeldingslink<\/b><\/h3>\r\nAfmeldingslinket er en lille del af et godt omd\u00f8mme. Som du har h\u00f8rt tidligere i denne artikel, er det for at v\u00e6rne om et godt omd\u00f8mme, at linket skal v\u00e6re synligt b\u00e5de i toppen og bunden af alle udsendte nyhedsbreve. Ogs\u00e5 selvom mailen sendes til en lukket modtagergruppe. Selv den lukkede modtagergruppe, f.eks. en forening, vil oftest modtage mailen p\u00e5 et bredt udsnit af mailservere, der ikke skelner teknisk mellem form\u00e5let med modtagergruppen.\r\n\r\nTeknisk, bag alt grafikken, gemmer der sig en header, som indeholder et pendant til det synlige afmeldingslink - det link som mailsystemet \"klikker\" p\u00e5 n\u00e5r modtageren klikker p\u00e5 rapporter SPAM i mailprogrammet. Ogs\u00e5 derfor m\u00e5 du ALDRIG fors\u00f8ge at udelade linket til afmelding.\r\n\r\nOmd\u00f8mmet tager f\u00f8rst og fremmest udgangspunkt i indholdet p\u00e5 nyhedsbrevene. Og om modtagerne aktivt selv har tilvalgt dine udsendelser - alts\u00e5 om de virkelig \u00f8nsker dine mails. Dern\u00e6st om du har d\u00e5rlige adresser p\u00e5 listen, det kan v\u00e6re gamle ikke aktive adresser, adresser der er blevet til SPAM-traps eller om modtagerne ganske enkelt ikke \u00e5bner de tilsendte mails. Lidt karikeret sagt kigger SPAM-filtrene p\u00e5 summen af modtagerne, hvor mange \u00f8nsker det du sender, hvordan er de aktive - versus hvor mange er ikke aktive hvor \u00e5rsagerne kan v\u00e6re mange.\r\n\r\nDerfor er det vigtigt at komme af med modtagere, der IKKE l\u00e6ngere \u00f8nsker at v\u00e6re p\u00e5 din liste. De tr\u00e6kker popul\u00e6rt sagt dit omd\u00f8mme ned.\r\n\r\n\u00a0\r\n\r\nMarketingPlatform hj\u00e6lper dig gerne med den rigtige r\u00e5dgivning p\u00e5 dette omr\u00e5de. Kontakt altid vores email marketing eksperter p\u00e5 support@mailplatform.dk for personlig sparring og hj\u00e6lp.\r\n<h4><\/h4>","_et_gb_content_width":"","footnotes":""},"categories":[],"tags":[],"yst_prominent_words":[4878,2137,4910,132,4883,4872,2144,2129,2133,2143,2139,4909,1012,4871,2138,4873,2145,4881,2146,2340],"_links":{"self":[{"href":"https:\/\/marketingplatform.com\/da\/wp-json\/wp\/v2\/pages\/4749"}],"collection":[{"href":"https:\/\/marketingplatform.com\/da\/wp-json\/wp\/v2\/pages"}],"about":[{"href":"https:\/\/marketingplatform.com\/da\/wp-json\/wp\/v2\/types\/page"}],"author":[{"embeddable":true,"href":"https:\/\/marketingplatform.com\/da\/wp-json\/wp\/v2\/users\/50"}],"replies":[{"embeddable":true,"href":"https:\/\/marketingplatform.com\/da\/wp-json\/wp\/v2\/comments?post=4749"}],"version-history":[{"count":1,"href":"https:\/\/marketingplatform.com\/da\/wp-json\/wp\/v2\/pages\/4749\/revisions"}],"predecessor-version":[{"id":51821,"href":"https:\/\/marketingplatform.com\/da\/wp-json\/wp\/v2\/pages\/4749\/revisions\/51821"}],"up":[{"embeddable":true,"href":"https:\/\/marketingplatform.com\/da\/wp-json\/wp\/v2\/pages\/4520"}],"wp:attachment":[{"href":"https:\/\/marketingplatform.com\/da\/wp-json\/wp\/v2\/media?parent=4749"}],"wp:term":[{"taxonomy":"category","embeddable":true,"href":"https:\/\/marketingplatform.com\/da\/wp-json\/wp\/v2\/categories?post=4749"},{"taxonomy":"post_tag","embeddable":true,"href":"https:\/\/marketingplatform.com\/da\/wp-json\/wp\/v2\/tags?post=4749"},{"taxonomy":"yst_prominent_words","embeddable":true,"href":"https:\/\/marketingplatform.com\/da\/wp-json\/wp\/v2\/yst_prominent_words?post=4749"}],"curies":[{"name":"wp","href":"https:\/\/api.w.org\/{rel}","templated":true}]}}