{"id":4723,"date":"2017-04-05T09:53:28","date_gmt":"2017-04-05T07:53:28","guid":{"rendered":"https:\/\/marketingplatform.com\/?page_id=4723\/"},"modified":"2019-06-06T15:22:44","modified_gmt":"2019-06-06T13:22:44","slug":"engagement-emailmarketing","status":"publish","type":"page","link":"https:\/\/marketingplatform.com\/da\/artikler-presse\/engagement-emailmarketing\/","title":{"rendered":"Engagement \u2013 i dialog"},"content":{"rendered":"<p>[et_pb_section fb_built=&#8221;1&#8243; admin_label=&#8221;section&#8221; _builder_version=&#8221;3.22.3&#8243;][et_pb_row admin_label=&#8221;row&#8221; _builder_version=&#8221;3.22.3&#8243; background_size=&#8221;initial&#8221; background_position=&#8221;top_left&#8221; background_repeat=&#8221;repeat&#8221;][et_pb_column type=&#8221;4_4&#8243; _builder_version=&#8221;3.0.47&#8243;][et_pb_text admin_label=&#8221;Text&#8221; _builder_version=&#8221;3.0.87&#8243; background_size=&#8221;initial&#8221; background_position=&#8221;top_left&#8221; background_repeat=&#8221;repeat&#8221; use_border_color=&#8221;off&#8221; border_color=&#8221;#ffffff&#8221; border_style=&#8221;solid&#8221;]<\/p>\n<h1>Engagement \u2013 i dialog<\/h1>\n<h4>Engagement &#8211; hvilket herligt ord hvis lige ikke findes p\u00e5 dansk<\/h4>\n<p>Involverende <a href=\"https:\/\/marketingplatform.com\/da\/dialogmarkedsfoering\/\">dialogbaseret kommunikation<\/a> er det t\u00e6tteste jeg kan komme p\u00e5 det engelske ord engagement. I hvertfald n\u00e5r temaet er email markedsf\u00f8ring.<\/p>\n<p>Spaltet til atomer betyder det noget i retning af, at v\u00e6re n\u00e6rv\u00e6rende i en reel dialog med dine modtagere. M\u00e5ske ikke helt i atomer, men nedbrudt til en meningsfuld s\u00e6tning. Og netop det at noget skal give mening er s\u00e5 essentielt for at opn\u00e5 \u00e6gte involvering.<\/p>\n<p>Pr\u00f8v at t\u00e6nk p\u00e5 \u00e6gte involvering, den form for involvering gode venner har med hinanden. At man \u00e6gte og uselvisk bekymrer sig, at man g\u00e5r gennem ild og vand, at man vil hinanden. Det foruds\u00e6tter viden og anvendelse af denne viden. Ellers ville den anden person ikke v\u00e6re interesseret i en langsigtet relation der kan f\u00f8re til \u00f8nsket om at involvere sig.<\/p>\n<p>Det dialogbaserede opst\u00e5r n\u00e5r der er skabt basis for det. Det vil sige at man som afsender fors\u00f8ger at l\u00e6re hvem og hvordan m\u00e5lgruppen \u00f8nsker kommunikationen. At man kan v\u00e6re autentisk og reelt tilstede i sin kommunikation. Og hvordan g\u00f8r man det lettest &#8211; ved at v\u00e6re et rigtigt menneske med en virkelig afsender adresse der fort\u00e6ller i jeg og vi form. En afsender som m\u00e5lgruppen kan identificere sig med, en afsender dine modtagere gerne vil l\u00e6se mere fra.<\/p>\n<p>Det dummeste du kan g\u00f8re er, at sende fra en noreply@firma.dk adresse. P\u00e5 den m\u00e5de fort\u00e6ller du dine modtagere, at de er luft for dig, at det der interesserer din virksomhed er at de l\u00e6kker nogle grunker i kassen. Du \u00f8nsker faktisk ikke at h\u00f8re fra dem.<\/p>\n<p>Nu t\u00e6nker du m\u00e5ske &#8211; jeg har over 100.000 modtagere, hvordan skal jeg kunne h\u00e5ndtere hvis bare 0,5% svarer? Ja svaret er meget nemt, hvis du ikke vil bekymre dig om at l\u00e6se svaret og svare tilbage skal du finde en anden markedsf\u00f8ringskanal. S\u00e5 er email marketing ikke noget for din virksomhed. Du opn\u00e5r aldrig en dialog og slet et ikke reelt engagement fra dine modtagere.<\/p>\n<p>T\u00e6nk p\u00e5 hvordan du gerne vil have dine n\u00e6rmeste kommunikerer med dig. Du \u00f8nsker de oprigtigt lytter og l\u00e6rer n\u00e5r i har en dialog. Personer der opf\u00f8rer monologer holder sj\u00e6ldent s\u00e6rligt l\u00e6nge i sociale sammenh\u00e6nge.<\/p>\n<p>For at opn\u00e5 en v\u00e6rdiskabende dialog skal du anvende segmentering. Det vil sige at dine modtagere kan abonnere p\u00e5 forskellige delomr\u00e5der af dit nyhedsbrev, at blokke i mailen udskiftes efter de data modtagere fort\u00e6ller om deres interesser &#8211; eller de information du med dit email marketing v\u00e6rkt\u00f8j, MarketingPlatform, kan opsamle gennem modtagernes adf\u00e6rd under modtagelsen af dine nyhedsbreve. <a title=\"Nyhedsbrev\" href=\"https:\/\/marketingplatform.com\/da\/artikler-presse\/nyhedsbrev\/\">Det kan du l\u00e6se meget mere om her<\/a>.<\/p>\n<p>&nbsp;<\/p>\n<p>Enhver dialog starter og slutter med at du lytter. Hvad kan vi g\u00f8re for dig?<\/p>\n<p><a title=\"10+5 gode r\u00e5d om nyhedsbreve\" href=\"https:\/\/marketingplatform.com\/da\/artikler-presse\/10-gode-rad\/\">Du kan ogs\u00e5 l\u00e6se vores 10+5 gode r\u00e5d omkring disciplinen nyhedsbreve<\/a>.<\/p>\n<h4><\/h4>\n<p>[\/et_pb_text][\/et_pb_column][\/et_pb_row][\/et_pb_section][et_pb_section fb_built=&#8221;1&#8243; prev_background_color=&#8221;#ffffff&#8221; module_class=&#8221;ressourcer-signup&#8221; _builder_version=&#8221;3.23.3&#8243; background_color=&#8221;#dee7f1&#8243; custom_padding=&#8221;7%||&#8221; top_divider_style=&#8221;asymmetric2&#8243; top_divider_height=&#8221;40px&#8221; global_module=&#8221;19033&#8243;][et_pb_row custom_padding=&#8221;||10px&#8221; custom_margin=&#8221;||10px&#8221; _builder_version=&#8221;3.22.3&#8243; background_size=&#8221;initial&#8221; background_position=&#8221;top_left&#8221; background_repeat=&#8221;repeat&#8221;][et_pb_column type=&#8221;4_4&#8243; _builder_version=&#8221;3.0.47&#8243;][et_pb_text _builder_version=&#8221;3.19.18&#8243; text_orientation=&#8221;center&#8221;]<\/p>\n<h2 style=\"font-style: normal;\">Pr\u00f8v MarketingPlatform gratis i 14 dage<\/h2>\n<p style=\"font-style: normal;\">Pr\u00f8veperioden er gratis, helt uforpligtende og udl\u00f8ber efter 14 dage, hvis du ikke \u00f8nsker at forts\u00e6tte.<br \/>Ved tilmelding modtager du samtidig vores uddannelsesflow p\u00e5 en serie af mails \u2013 og vores nyhedsbrev.<\/p>\n<p>[\/et_pb_text][et_pb_code _builder_version=&#8221;3.19.9&#8243; text_orientation=&#8221;center&#8221; max_width=&#8221;98%&#8221; module_alignment=&#8221;center&#8221;]<!-- [et_pb_line_break_holder] --><\/p>\n<div class=\"myForm\"><!-- [et_pb_line_break_holder] --> <\/p>\n<div class=\"sign_up\"><!-- [et_pb_line_break_holder] --> <\/p>\n<div class=\"step1 text-box step_fir\"><!-- [et_pb_line_break_holder] --> <\/p>\n<div class=\"displayblock\"><input type=\"text\" name=\"email\" class=\"emailvalue\" placeholder=\"Indtast din e-mailadresse\" style=\"margin-right:5px; border-radius:2px; border:none!important;\"><\/div>\n<p><!-- [et_pb_line_break_holder] --> <\/p>\n<div class=\"displayblock\"><input type=\"button\" value=\"Ja tak - lad mig pr\u00f8ve!\" class=\"button trial-btn-blue step1btn\" style=\"background:#09cd6f!important; border:none!important; border-radius:2px;\"><\/div>\n<p><!-- [et_pb_line_break_holder] --> <\/div>\n<p><!-- [et_pb_line_break_holder] --> <\/p>\n<div class=\"step2 text-box\" style=\"display: none;\"><\/div>\n<p><!-- [et_pb_line_break_holder] --> <\/p>\n<div class=\"step2 text-box \" style=\"display: none;\"><!-- [et_pb_line_break_holder] --> <\/p>\n<div class=\"displayblock\" style=\"width: 400px;\"><input type=\"text\" name=\"CustomFields[496]\" class=\"CustomFields_496_51\" value=\"\" size=\"50\" placeholder=\"Firmanavn\" style=\"margin-right:5px; border-radius:2px; border:none!important;\"><\/div>\n<p><!-- [et_pb_line_break_holder] --> <\/p>\n<div class=\"displayblock\" style=\"width: 400px;\"><input type=\"text\" name=\"CustomFields[2]\" class=\"CustomFields_2_51\" value=\"\" size=\"50\" placeholder=\"Dit Navn\" style=\"margin-right:5px; border-radius:2px; border:none!important;\"><\/div>\n<p><!-- [et_pb_line_break_holder] --> <\/p>\n<div class=\"displayblock\" style=\"width: 400px;\"><input type=\"text\" name=\"CustomFields[497]\" class=\"CustomFields_497_51\" value=\"\" size=\"50\" placeholder=\"Mobil Nummer\" style=\"margin-right:5px; border-radius:2px; border:none!important;\"><\/div>\n<p><!-- [et_pb_line_break_holder] --> <\/p>\n<div class=\"displayblock sec_step_but\"><input id=\"step2\" type=\"button\" value=\"Ja tak - lad mig pr\u00f8ve!\" class=\"button trial-btn-blue step1btn\" style=\"background:#09cd6f!important; border:none!important; border-radius:2px;\"><\/div>\n<p><!-- [et_pb_line_break_holder] --> <\/p>\n<div><!-- [et_pb_line_break_holder] --> <\/p>\n<div style=\"display: none;\" id=\"alertSpan\"><!-- [et_pb_line_break_holder] --> <span style=\"color: red;\">Du skal udfylde alle felter<\/span><!-- [et_pb_line_break_holder] --> <\/div>\n<p><!-- [et_pb_line_break_holder] --> <\/div>\n<p><!-- [et_pb_line_break_holder] --> <\/p>\n<div><!-- [et_pb_line_break_holder] --> <\/p>\n<div style=\"display: none;\" id=\"alertEmailSpan\"><!-- [et_pb_line_break_holder] --> <span style=\"color: red;\">Indtast din e-mailadresse<\/span><!-- [et_pb_line_break_holder] --> <\/div>\n<p><!-- [et_pb_line_break_holder] --> <\/div>\n<p><!-- [et_pb_line_break_holder] --> <\/div>\n<p><!-- [et_pb_line_break_holder] --> <\/div>\n<p><!-- [et_pb_line_break_holder] --><\/div>\n<p>[\/et_pb_code][\/et_pb_column][\/et_pb_row][et_pb_row custom_padding=&#8221;0px||0px&#8221; custom_margin=&#8221;0px||0px&#8221; _builder_version=&#8221;3.22.3&#8243; max_width=&#8221;768px&#8221; use_custom_width=&#8221;on&#8221; custom_width_px=&#8221;768px&#8221;][et_pb_column type=&#8221;4_4&#8243; _builder_version=&#8221;3.19.9&#8243;][et_pb_code _builder_version=&#8221;3.19.9&#8243;]<\/p>\n<div class=\"awards-align\"><!-- [et_pb_line_break_holder] --><\/p>\n<div style=\"float:left; width:18%; text-align:center;   margin-right: 2%;\"><!-- [et_pb_line_break_holder] --><img decoding=\"async\" src=\"https:\/\/marketingplatform.com\/wp-content\/uploads\/2019\/02\/bauhaus-logo.png\" width=\"120\" style=\"margin:20px 0px 20px 0px;\"><!-- [et_pb_line_break_holder] --><\/div>\n<p><!-- [et_pb_line_break_holder] --><\/p>\n<div style=\"float:left; width:18%; text-align:center;    margin-right: 2%;\"><!-- [et_pb_line_break_holder] --><img decoding=\"async\" src=\"https:\/\/marketingplatform.com\/wp-content\/uploads\/2019\/02\/boconcept-logo.png\" width=\"120\" style=\"margin:25px 0px 20px 0px;\"><!-- [et_pb_line_break_holder] --><\/div>\n<p><!-- [et_pb_line_break_holder] --><\/p>\n<div style=\"float:left; width:18%;    margin-right: 2%;\"><!-- [et_pb_line_break_holder] --><img decoding=\"async\" src=\"https:\/\/marketingplatform.com\/wp-content\/uploads\/2019\/02\/avcables-logo.png\" width=\"130\" style=\"margin:26px 0px 20px 0px;\"><!-- [et_pb_line_break_holder] --><\/div>\n<p><!-- [et_pb_line_break_holder] --><\/p>\n<div style=\"float:left; width:18%; text-align:center;     margin-right: 1%;\"><!-- [et_pb_line_break_holder] --><img decoding=\"async\" src=\"https:\/\/marketingplatform.com\/wp-content\/uploads\/2019\/02\/kop-kande-logo.png\" width=\"120\" style=\"margin:24px 0px 20px 0px;\"><!-- [et_pb_line_break_holder] --><\/div>\n<p><!-- [et_pb_line_break_holder] --><\/p>\n<div style=\"float:left; width:18%;      margin-right: 2%;  text-align: center;\"><!-- [et_pb_line_break_holder] --><img decoding=\"async\" src=\"https:\/\/marketingplatform.com\/wp-content\/uploads\/2019\/02\/verisure-logo.png\" width=\"100\" style=\"margin:16px 0px 20px 0px;\"><!-- [et_pb_line_break_holder] --><\/div>\n<p><!-- [et_pb_line_break_holder] --><\/div>\n<p>[\/et_pb_code][\/et_pb_column][\/et_pb_row][\/et_pb_section]<\/p>\n","protected":false},"excerpt":{"rendered":"<p>Engagement \u2013 i dialog Engagement &#8211; hvilket herligt ord hvis lige ikke findes p\u00e5 dansk Involverende dialogbaseret kommunikation er det t\u00e6tteste jeg kan komme p\u00e5 det engelske ord engagement. I hvertfald n\u00e5r temaet er email markedsf\u00f8ring. Spaltet til atomer betyder det noget i retning af, at v\u00e6re n\u00e6rv\u00e6rende i en reel dialog med dine modtagere. [&hellip;]<\/p>\n","protected":false},"author":50,"featured_media":0,"parent":4520,"menu_order":0,"comment_status":"closed","ping_status":"closed","template":"","meta":{"_et_pb_use_builder":"on","_et_pb_old_content":"<h1>Engagement<\/h1>\r\n<br><\/br>\r\n<h3>- hvilket herligt ord hvis lige ikke findes p\u00e5 dansk<\/h3>\r\nInvolverende dialogbaseret kommunikation er det t\u00e6tteste jeg kan komme p\u00e5 det engelske ord engagement. I hvertfald n\u00e5r temaet er email markedsf\u00f8ring.\r\n\r\nSpaltet til atomer betyder det noget i retning af, at v\u00e6re n\u00e6rv\u00e6rende i en reel dialog med dine modtagere. M\u00e5ske ikke helt i atomer, men nedbrudt til en meningsfuld s\u00e6tning. Og netop det at noget skal give mening er s\u00e5 essentielt for at opn\u00e5 \u00e6gte involvering.\r\n\r\nPr\u00f8v at t\u00e6nk p\u00e5 \u00e6gte involvering, den form for involvering gode venner har med hinanden. At man \u00e6gte og uselvisk bekymrer sig, at man g\u00e5r gennem ild og vand, at man vil hinanden. Det foruds\u00e6tter viden og anvendelse af denne viden. Ellers ville den anden person ikke v\u00e6re interesseret i en langsigtet relation der kan f\u00f8re til \u00f8nsket om at involvere sig.\r\n\r\nDet dialogbaserede opst\u00e5r n\u00e5r der er skabt basis for det. Det vil sige at man som afsender fors\u00f8ger at l\u00e6re hvem og hvordan m\u00e5lgruppen \u00f8nsker kommunikationen. At man kan v\u00e6re autentisk og reelt tilstede i sin kommunikation. Og hvordan g\u00f8r man det lettest - ved at v\u00e6re et rigtigt menneske med en virkelig afsender adresse der fort\u00e6ller i jeg og vi form. En afsender som m\u00e5lgruppen kan identificere sig med, en afsender dine modtagere gerne vil l\u00e6se mere fra.\r\n\r\nDet dummeste du kan g\u00f8re er, at sende fra en noreply@firma.dk adresse. P\u00e5 den m\u00e5de fort\u00e6ller du dine modtagere, at de er luft for dig, at det der interesserer din virksomhed er at de l\u00e6kker nogle grunker i kassen. Du \u00f8nsker faktisk ikke at h\u00f8re fra dem.\r\n\r\nNu t\u00e6nker du m\u00e5ske - jeg har over 100.000 modtagere, hvordan skal jeg kunne h\u00e5ndtere hvis bare 0,5% svarer? Ja svaret er meget nemt, hvis du ikke vil bekymre dig om at l\u00e6se svaret og svare tilbage skal du finde en anden markedsf\u00f8ringskanal. S\u00e5 er email marketing ikke noget for din virksomhed. Du opn\u00e5r aldrig en dialog og slet et ikke reelt engagement fra dine modtagere.\r\n\r\nT\u00e6nk p\u00e5 hvordan du gerne vil have dine n\u00e6rmeste kommunikerer med dig. Du \u00f8nsker de oprigtigt lytter og l\u00e6rer n\u00e5r i har en dialog. Personer der opf\u00f8rer monologer holder sj\u00e6ldent s\u00e6rligt l\u00e6nge i sociale sammenh\u00e6nge.\r\n\r\nFor at opn\u00e5 en v\u00e6rdiskabende dialog skal du anvende segmentering. Det vil sige at dine modtagere kan abonnere p\u00e5 forskellige delomr\u00e5der af dit nyhedsbrev, at blokke i mailen udskiftes efter de data modtagere fort\u00e6ller om deres interesser - eller de information du med dit email marketing v\u00e6rkt\u00f8j, MarketingPlatform, kan opsamle gennem modtagernes adf\u00e6rd under modtagelsen af dine nyhedsbreve. <a title=\"Nyhedsbrev\" href=\"https:\/\/marketingplatform.com\/da\/artikler-presse\/nyhedsbrev\/\">Det kan du l\u00e6se meget mere om her<\/a>.\r\n\r\n\u00a0\r\n\r\nEnhver dialog starter og slutter med at du lytter. Hvad kan vi g\u00f8re for dig?\r\n\r\n<a title=\"10+5 gode r\u00e5d om nyhedsbreve\" href=\"https:\/\/marketingplatform.com\/da\/artikler-presse\/10-gode-rad\/\">Du kan ogs\u00e5 l\u00e6se vores 10+5 gode r\u00e5d omkring disciplinen nyhedsbreve<\/a>.\r\n<h4>Pr\u00f8v MarketingPlatform gratis i 30 dage<\/h4>\r\n[optin_box style=\"8\" alignment=\"left\" action=\"https:\/\/www.mailmailmail.net\/form.php?form=65\" method=\"post\" email_field=\"email\" email_default=\"Din arbejds e-mail\" integration_type=\"custom\" double_optin=\"Y\" name_field=\"CustomFields%5B2%5D\" name_default=\"Dit navn\" extra_field_1_name=\"CustomFields%5B110%5D\" extra_field_1_title=\"Firmanavn\" extra_field_2_name=\"CustomFields%5B5%5D\" extra_field_2_title=\"Telefon\"][optin_box_hidden][\/optin_box_hidden][optin_box_code]\r\n\r\n[\/optin_box_code][optin_box_field name=\"headline\"][\/optin_box_field][optin_box_field name=\"paragraph\"][\/optin_box_field][optin_box_field name=\"privacy\"]Vi passer godt p\u00e5 dine oplysninger og deler dem ikke med andre.\r\nVi optager kun seri\u00f8se virksomheder, der ikke spammer, som kunder.[\/optin_box_field][optin_box_field name=\"top_color\"]undefined[\/optin_box_field][optin_box_button type=\"0\" button_below=\"Y\"]Pr\u00f8v MailPlatform gratis[\/optin_box_button] [\/optin_box]","_et_gb_content_width":"","footnotes":""},"categories":[],"tags":[],"yst_prominent_words":[4883,5560,5914,81,704,4875,691,5919,175,4907,5917,4872,551,5918,4882,124,4871,5916,2394,2925],"_links":{"self":[{"href":"https:\/\/marketingplatform.com\/da\/wp-json\/wp\/v2\/pages\/4723"}],"collection":[{"href":"https:\/\/marketingplatform.com\/da\/wp-json\/wp\/v2\/pages"}],"about":[{"href":"https:\/\/marketingplatform.com\/da\/wp-json\/wp\/v2\/types\/page"}],"author":[{"embeddable":true,"href":"https:\/\/marketingplatform.com\/da\/wp-json\/wp\/v2\/users\/50"}],"replies":[{"embeddable":true,"href":"https:\/\/marketingplatform.com\/da\/wp-json\/wp\/v2\/comments?post=4723"}],"version-history":[{"count":0,"href":"https:\/\/marketingplatform.com\/da\/wp-json\/wp\/v2\/pages\/4723\/revisions"}],"up":[{"embeddable":true,"href":"https:\/\/marketingplatform.com\/da\/wp-json\/wp\/v2\/pages\/4520"}],"wp:attachment":[{"href":"https:\/\/marketingplatform.com\/da\/wp-json\/wp\/v2\/media?parent=4723"}],"wp:term":[{"taxonomy":"category","embeddable":true,"href":"https:\/\/marketingplatform.com\/da\/wp-json\/wp\/v2\/categories?post=4723"},{"taxonomy":"post_tag","embeddable":true,"href":"https:\/\/marketingplatform.com\/da\/wp-json\/wp\/v2\/tags?post=4723"},{"taxonomy":"yst_prominent_words","embeddable":true,"href":"https:\/\/marketingplatform.com\/da\/wp-json\/wp\/v2\/yst_prominent_words?post=4723"}],"curies":[{"name":"wp","href":"https:\/\/api.w.org\/{rel}","templated":true}]}}