{"id":4717,"date":"2017-04-05T08:52:09","date_gmt":"2017-04-05T06:52:09","guid":{"rendered":"https:\/\/marketingplatform.com\/?page_id=4717\/"},"modified":"2020-02-18T10:06:21","modified_gmt":"2020-02-18T09:06:21","slug":"sadan-sender-du-intelligente-nyhedsbreve-med-mailplatform-uden-at-rore-en-finger","status":"publish","type":"page","link":"https:\/\/marketingplatform.com\/da\/artikler-presse\/sadan-sender-du-intelligente-nyhedsbreve-med-mailplatform-uden-at-rore-en-finger\/","title":{"rendered":"S\u00e5dan sender du intelligente nyhedsbreve med MarketingPlatform \u2013 uden at r\u00f8re en finger"},"content":{"rendered":"<p>[et_pb_section fb_built=&#8221;1&#8243; admin_label=&#8221;section&#8221; _builder_version=&#8221;3.22&#8243; transparent_background=&#8221;off&#8221;][et_pb_row admin_label=&#8221;row&#8221; _builder_version=&#8221;3.25&#8243; background_size=&#8221;initial&#8221; background_position=&#8221;top_left&#8221; background_repeat=&#8221;repeat&#8221;][et_pb_column type=&#8221;4_4&#8243; _builder_version=&#8221;3.25&#8243; custom_padding=&#8221;|||&#8221; custom_padding__hover=&#8221;|||&#8221;][et_pb_text _builder_version=&#8221;3.27.4&#8243; background_size=&#8221;initial&#8221; background_position=&#8221;top_left&#8221; background_repeat=&#8221;repeat&#8221; use_border_color=&#8221;off&#8221;]<\/p>\n<h1>Send intelligente nyhedsbreve med MarketingPlatform<\/h1>\n<p><a href=\"https:\/\/marketingplatform.com\/wp-content\/uploads\/2017\/04\/mailplatform-resendcampaigns-300x225.jpg\"><img decoding=\"async\" loading=\"lazy\" class=\"alignleft size-medium wp-image-2024 image-border\" src=\"https:\/\/marketingplatform.com\/wp-content\/uploads\/2017\/04\/mailplatform-resendcampaigns-300x225.jpg\" alt=\"Conveyor\" width=\"300\" height=\"225\" \/><\/a><\/p>\n<p>Hver eneste modtager af nyhedsbreve og SMS beskeder efterlader en m\u00e6ngde spor, hver gang de interagerer med dine kampagner udsendt med MarketingPlatform.<\/p>\n<p>Spor der sammenholdt frembringer interessant viden om hver enkelt modtager. Viden der opsamles af MarketingPlatform, og stilles til r\u00e5dighed for fremtidige kampagner og automatiske flows gennem dynamisk indhold, relevant indhold og dynamiske segmenter.<\/p>\n<p>&nbsp;<\/p>\n<h4>Modtagerne bygger deres egen profil<\/h4>\n<p>I takt med den enkelte modtager \u00e5bner og klikker i de tilsendte kampagner, vil MarketingPlatform kontinuerligt og sikkert bygge en unik profil. Den profil kan direkte anvendes til at m\u00e5lrette indholdet i hver enkelt kampagne, i eksternt indhold, automatiske flows og formularer.<\/p>\n<p>Profilen bygges ud fra 16 forskellige regler med hj\u00e6lp fra en algoritme, der s\u00f8rger for den rigtige v\u00e6gtning af pointene fra de mange regler. Til sammen giver det en relevans score.<\/p>\n<p>&#8220;Den viden skal oms\u00e6ttes til bedre dialoger, \u00f8get loyalitet og slutteligt et st\u00f8rre salg for vore kunder, der sp\u00e6nder over b\u00e5de b2c og b2b segmentet&#8221;, fort\u00e6ller Kim \u00d8stergaard grundl\u00e6gger af MarketingPlatform.<\/p>\n<p>MarketingPlatform er langt fra bare en mailkanon, som det kendes fra de simple email marketing l\u00e6sninger p\u00e5 markedet. Eller fra de light l\u00f8sninger flere CMS platforme har som et appendix. MarketingPlatform er et \u00e6gte dialogv\u00e6rkt\u00f8j, der kan lytte, l\u00e6re og f\u00f8lge op. Netop l\u00e6ringen er central for \u00f8get succes med udsendelserne. For at sikre en optimal udnyttelse af mulighederne, afholdes der mindst hver anden uge gratis <a href=\"https:\/\/marketingplatform.com\/da\/webinars\/\">webinarer<\/a>. Webinarer er mini kurser afviklet med et online m\u00f8dev\u00e6rkt\u00f8j.<\/p>\n<p>&nbsp;<\/p>\n<h4>Kampagnerne sender sig selv<\/h4>\n<p>Mange marketingchefer lider under begr\u00e6nsede budgetter, hvor antal medarbejdere oftest er resultatet. Det betyder selvsagt at f\u00e6rre hoveder skal klare flere opgaver. Det kalder ogs\u00e5 p\u00e5 intelligente l\u00f8sninger, hvor marketingmixet med fordel kan best\u00e5 af en automatisk udsendt m\u00e5lrettet kampagne &#8211; sammen med en h\u00e5ndlavet mere profilorienteret ugentlig kampagne.<\/p>\n<p>Det er derfor vi har skabt Resend automatikken, der tager en normal kampagne, og g\u00f8r den i stand til sende hver dag, p\u00e5 bestemte ugedage, hver uge, hver anden uge, hver tredje uge, hver m\u00e5ned eller med endnu lavere frekvens.<\/p>\n<p>&nbsp;<\/p>\n<h4>Resend med indhold der selv skifter<\/h4>\n<p>Selvom kampagnerne automatisk udsendes, kan indholdet v\u00e6re dugfriskt uden en eneste medarbejder bruger tid i MarketingPlatform. Det kan det, fordi flere dynamiske funktioner kan udskifte indholdet i forhold til l\u00e6ringen beskrevet \u00f8verst i artiklen. Men specielt funktionen External Content s\u00f8rger for det dugfriske indhold.<\/p>\n<p>External Content kan hente indhold fra s\u00e5 forskellige steder som facebook sider, Instagram opslag, RSS feeds fra webshops, CMS platforme og feks redaktionelle feeds fra DR og lignende. Eller indholdet kan v\u00e6re fra XML feeds, der kan v\u00e6re f\u00f8dt i alle mulige typer af systemer.<\/p>\n<p>Sagt p\u00e5 almindeligt dansk, tager funktionen External Content, indhold fra andre systemer, lader dig designe det fuldst\u00e6ndigt frit s\u00e5 det matcher stilen i dine nyhedsbrevsskabeloner, udv\u00e6lge indholdet og s\u00f8rger for det er dugfriskt n\u00e5r kampagnen udsendes.<\/p>\n<p>Kombineres funktionerne til at hente indhold og g\u00f8re det dynamisk, med Resend automatikken, vil MarketingPlatform kunne sende automatiske kampagner, vel og m\u00e6rke p\u00e5 bestemte tidspunkter, men kun hvis der er nyt indhold i dine feeds.<\/p>\n<p>&nbsp;<\/p>\n<p>[\/et_pb_text][\/et_pb_column][\/et_pb_row][\/et_pb_section][et_pb_section fb_built=&#8221;1&#8243; custom_padding_last_edited=&#8221;on|phone&#8221; module_class=&#8221;ressourcer-signup&#8221; _builder_version=&#8221;4.0.2&#8243; background_color=&#8221;#dee7f1&#8243; custom_padding=&#8221;7%||&#8221; custom_padding_tablet=&#8221;12%||||false|false&#8221; custom_padding_phone=&#8221;17%||||false|false&#8221; top_divider_style=&#8221;asymmetric2&#8243; top_divider_color=&#8221;#ffffff&#8221; top_divider_height=&#8221;60px&#8221; global_module=&#8221;19033&#8243;][et_pb_row _builder_version=&#8221;3.25&#8243; background_size=&#8221;initial&#8221; background_position=&#8221;top_left&#8221; background_repeat=&#8221;repeat&#8221; custom_margin=&#8221;||10px&#8221; custom_padding=&#8221;||10px&#8221;][et_pb_column type=&#8221;4_4&#8243; _builder_version=&#8221;3.25&#8243; custom_padding=&#8221;|||&#8221; custom_padding__hover=&#8221;|||&#8221;][et_pb_text _builder_version=&#8221;3.27.4&#8243; text_orientation=&#8221;center&#8221;]<\/p>\n<h2 style=\"font-style: normal;\">Pr\u00f8v MarketingPlatform gratis i 14 dage<\/h2>\n<p style=\"font-style: normal;\">Pr\u00f8veperioden er gratis, helt uforpligtende og udl\u00f8ber efter 14 dage, hvis du ikke \u00f8nsker at forts\u00e6tte.<br \/>Ved tilmelding modtager du samtidig vores uddannelsesflow p\u00e5 en serie af mails \u2013 og vores nyhedsbrev.<\/p>\n<p>[\/et_pb_text][\/et_pb_column][\/et_pb_row][et_pb_row _builder_version=&#8221;4.0.2&#8243;][et_pb_column type=&#8221;4_4&#8243; _builder_version=&#8221;4.0.2&#8243;][et_pb_code _builder_version=&#8221;4.0.2&#8243; text_orientation=&#8221;center&#8221;]<a href=\"https:\/\/marketingplatform.com\/da\/gratis-proeveversion\/\" class=\"green-btn2\" style=\"background:#09cd6f; padding:18px 60px; margin-bottom:10px!important;\">Pr\u00f8v os gratis nu<\/a> <a href=\"https:\/\/marketingplatform.com\/da\/book-emailplatform-demo\/\" class=\"green-btn2\" style=\"background:#0daae2; padding:18px 70px;\">Book demo<\/a>[\/et_pb_code][\/et_pb_column][\/et_pb_row][et_pb_row _builder_version=&#8221;4.0.2&#8243; max_width=&#8221;768px&#8221; custom_margin=&#8221;15px||0px||false|false&#8221; custom_padding=&#8221;0px||0px&#8221; use_custom_width=&#8221;on&#8221; custom_width_px=&#8221;768px&#8221;][et_pb_column type=&#8221;4_4&#8243; _builder_version=&#8221;3.25&#8243; custom_padding=&#8221;|||&#8221; custom_padding__hover=&#8221;|||&#8221;][et_pb_code _builder_version=&#8221;4.0.2&#8243;]<\/p>\n<div class=\"awards-align\" ><!-- [et_pb_line_break_holder] --><\/p>\n<div style=\"float:left; width:14%; text-align:right;   margin-right: 2%;\"><!-- [et_pb_line_break_holder] --><img decoding=\"async\" src=\"https:\/\/marketingplatform.com\/wp-content\/uploads\/2020\/01\/primotours.png\" width=\"56\" style=\"margin:10px 20px 20px 0px;\"><!-- [et_pb_line_break_holder] --><\/div>\n<p><!-- [et_pb_line_break_holder] --><\/p>\n<div style=\"float:left; width:20%; text-align:center;    margin-right: 4%;\"><!-- [et_pb_line_break_holder] --><img decoding=\"async\" src=\"https:\/\/marketingplatform.com\/wp-content\/uploads\/2019\/11\/med24-gray.png\" width=\"100\" style=\"margin:20px 0px 20px 10px;\"><!-- [et_pb_line_break_holder] --><\/div>\n<p><!-- [et_pb_line_break_holder] --><\/p>\n<div style=\"float:left; width:18%;    margin-right: 1%;\"><!-- [et_pb_line_break_holder] --><img decoding=\"async\" src=\"https:\/\/marketingplatform.com\/wp-content\/uploads\/2019\/08\/cykelpartner-logo.png\" width=\"180\" style=\"margin:29px 20px 20px 0px;\"><!-- [et_pb_line_break_holder] --><\/div>\n<p><!-- [et_pb_line_break_holder] --><\/p>\n<div style=\"float:left; width:20%; text-align:center;     margin-right: 1%;\"><!-- [et_pb_line_break_holder] --><img decoding=\"async\" src=\"https:\/\/marketingplatform.com\/wp-content\/uploads\/2019\/04\/aldi-grey.png\" width=\"50\" style=\"margin:10px 0px 20px 0px;\"><!-- [et_pb_line_break_holder] --><\/div>\n<p><!-- [et_pb_line_break_holder] --><\/p>\n<div style=\"float:left; width:18%;      margin-right: 2%;  text-align: center;\"><!-- [et_pb_line_break_holder] --><img decoding=\"async\" src=\"https:\/\/marketingplatform.com\/wp-content\/uploads\/2019\/02\/verisure-logo.png\" width=\"120\" style=\"margin:18px 0px 20px 0px;\"><!-- [et_pb_line_break_holder] --><\/div>\n<p><!-- [et_pb_line_break_holder] --><\/div>\n<p>[\/et_pb_code][\/et_pb_column][\/et_pb_row][\/et_pb_section]<\/p>\n","protected":false},"excerpt":{"rendered":"<p>Send intelligente nyhedsbreve med MarketingPlatform Hver eneste modtager af nyhedsbreve og SMS beskeder efterlader en m\u00e6ngde spor, hver gang de interagerer med dine kampagner udsendt med MarketingPlatform. Spor der sammenholdt frembringer interessant viden om hver enkelt modtager. Viden der opsamles af MarketingPlatform, og stilles til r\u00e5dighed for fremtidige kampagner og automatiske flows gennem dynamisk indhold, [&hellip;]<\/p>\n","protected":false},"author":50,"featured_media":0,"parent":4520,"menu_order":0,"comment_status":"closed","ping_status":"closed","template":"","meta":{"_et_pb_use_builder":"on","_et_pb_old_content":"<a href=\"https:\/\/marketingplatform.com\/wp-content\/uploads\/2017\/04\/mailplatform-resendcampaigns-300x225.jpg\"><img class=\"alignleft size-medium wp-image-2024\" src=\"https:\/\/marketingplatform.com\/wp-content\/uploads\/2017\/04\/mailplatform-resendcampaigns-300x225.jpg\" alt=\"Conveyor\" width=\"300\" height=\"225\" \/><\/a>\r\n\r\nHver eneste modtager af nyhedsbreve og SMS beskeder efterlader en m\u00e6ngde spor, hver gang de interagerer med dine kampagner udsendt med MarketingPlatform.\r\n\r\nSpor der sammenholdt frembringer interessant viden om hver enkelt modtager. Viden der opsamles af MarketingPlatform, og stilles til r\u00e5dighed for fremtidige kampagner og automatiske flows gennem dynamisk indhold, relevant indhold og dynamiske segmenter.\r\n<h4><strong>Modtagerne bygger deres egen profil<\/strong><\/h4>\r\nI takt med den enkelte modtager \u00e5bner og klikker i de tilsendte kampagner, vil MarketingPlatform kontinuerligt og sikkert bygge en unik profil. Den profil kan direkte anvendes til at m\u00e5lrette indholdet i hver enkelt kampagne, i eksternt indhold, automatiske flows og formularer.\r\n\r\nProfilen bygges ud fra 16 forskellige regler med hj\u00e6lp fra en algoritme, der s\u00f8rger for den rigtige v\u00e6gtning af pointene fra de mange regler. Til sammen giver det en relevans score.\r\n\r\n\"Den viden skal oms\u00e6ttes til bedre dialoger, \u00f8get loyalitet og slutteligt et st\u00f8rre salg for vore kunder, der sp\u00e6nder over b\u00e5de b2c og b2b segmentet\", fort\u00e6ller Kim \u00d8stergaard grundl\u00e6gger af MarketingPlatform.\r\n\r\nMarketingPlatform er langt fra bare en mailkanon, som det kendes fra de simple email marketing l\u00e6sninger p\u00e5 markedet. Eller fra de light l\u00f8sninger flere CMS platforme har som et appendix. MarketingPlatform er et \u00e6gte dialogv\u00e6rkt\u00f8j, der kan lytte, l\u00e6re og f\u00f8lge op. Netop l\u00e6ringen er central for \u00f8get succes med udsendelserne. For at sikre en optimal udnyttelse af mulighederne, afholdes der mindst hver anden uge gratis webinarer. Webinarer er mini kurser afviklet med et online m\u00f8dev\u00e6rkt\u00f8j.\r\n\r\n<a href=\"https:\/\/mailplatform.dk\/webinar\/webinar-relevantcontent\/\">Se webinarer om Relevant Content for at l\u00e6re mere<\/a>\r\n<h4><strong>Kampagnerne sender sig selv<\/strong><\/h4>\r\nMange marketingchefer lider under begr\u00e6nsede budgetter, hvor antal medarbejdere oftest er resultatet. Det betyder selvsagt at f\u00e6rre hoveder skal klare flere opgaver. Det kalder ogs\u00e5 p\u00e5 intelligente l\u00f8sninger, hvor marketingmixet med fordel kan best\u00e5 af en automatisk udsendt m\u00e5lrettet kampagne - sammen med en h\u00e5ndlavet mere profilorienteret ugentlig kampagne.\r\n\r\nDet er derfor vi har skabt Resend automatikken, der tager en normal kampagne, og g\u00f8r den i stand til sende hver dag, p\u00e5 bestemte ugedage, hver uge, hver anden uge, hver tredje uge, hver m\u00e5ned eller med endnu lavere frekvens.\r\n<h4><strong>Resend med indhold der selv skifter<\/strong><\/h4>\r\nSelvom kampagnerne automatisk udsendes, kan indholdet v\u00e6re dugfriskt uden en eneste medarbejder bruger tid i MarketingPlatform. Det kan det, fordi flere dynamiske funktioner kan udskifte indholdet i forhold til l\u00e6ringen beskrevet \u00f8verst i artiklen. Men specielt funktionen External Content s\u00f8rger for det dugfriske indhold.\r\n\r\nExternal Content kan hente indhold fra s\u00e5 forskellige steder som facebook sider, Instagram opslag, RSS feeds fra webshops, CMS platforme og feks redaktionelle feeds fra DR og lignende. Eller indholdet kan v\u00e6re fra XML feeds, der kan v\u00e6re f\u00f8dt i alle mulige typer af systemer.\r\n\r\nSagt p\u00e5 almindeligt dansk, tager funktionen External Content, indhold fra andre systemer, lader dig designe det fuldst\u00e6ndigt frit s\u00e5 det matcher stilen i dine nyhedsbrevsskabeloner, udv\u00e6lge indholdet og s\u00f8rger for det er dugfriskt n\u00e5r kampagnen udsendes.\r\n\r\nKombineres funktionerne til at hente indhold og g\u00f8re det dynamisk, med Resend automatikken, vil MarketingPlatform kunne sende automatiske kampagner, vel og m\u00e6rke p\u00e5 bestemte tidspunkter, men kun hvis der er nyt indhold i dine feeds.\r\n<h4><strong>Fakta om MarketingPlatform<\/strong><\/h4>\r\nMarketingPlatform servicerer i dag virksomheder som: BoConcept, CBS, Egmont, Guldbageren, Kop & Kande, Kvik, SOS Dansk Autohj\u00e6lp, Merck, Sampension, Stof & Stil, Billetlugen, DB Schenker, Giv Blod, Toyota, Creativ Company, NEYE og Damixa.\r\n\r\nRepr\u00e6senterer du en velg\u00f8rende forening, en NGO eller en anden type non-profit organisation, kan I anvende MarketingPlatform helt gratis se <a href=\"https:\/\/www.mailplatform.dk\/non-profit\">www.mailplatform.dk\/non-profit<\/a>","_et_gb_content_width":"","footnotes":""},"categories":[],"tags":[],"yst_prominent_words":[2433,2432,4905,4883,180,446,4907,4872,603,4877,601,600,5734,599,4882,4874,850,4871,604,602],"_links":{"self":[{"href":"https:\/\/marketingplatform.com\/da\/wp-json\/wp\/v2\/pages\/4717"}],"collection":[{"href":"https:\/\/marketingplatform.com\/da\/wp-json\/wp\/v2\/pages"}],"about":[{"href":"https:\/\/marketingplatform.com\/da\/wp-json\/wp\/v2\/types\/page"}],"author":[{"embeddable":true,"href":"https:\/\/marketingplatform.com\/da\/wp-json\/wp\/v2\/users\/50"}],"replies":[{"embeddable":true,"href":"https:\/\/marketingplatform.com\/da\/wp-json\/wp\/v2\/comments?post=4717"}],"version-history":[{"count":1,"href":"https:\/\/marketingplatform.com\/da\/wp-json\/wp\/v2\/pages\/4717\/revisions"}],"predecessor-version":[{"id":51483,"href":"https:\/\/marketingplatform.com\/da\/wp-json\/wp\/v2\/pages\/4717\/revisions\/51483"}],"up":[{"embeddable":true,"href":"https:\/\/marketingplatform.com\/da\/wp-json\/wp\/v2\/pages\/4520"}],"wp:attachment":[{"href":"https:\/\/marketingplatform.com\/da\/wp-json\/wp\/v2\/media?parent=4717"}],"wp:term":[{"taxonomy":"category","embeddable":true,"href":"https:\/\/marketingplatform.com\/da\/wp-json\/wp\/v2\/categories?post=4717"},{"taxonomy":"post_tag","embeddable":true,"href":"https:\/\/marketingplatform.com\/da\/wp-json\/wp\/v2\/tags?post=4717"},{"taxonomy":"yst_prominent_words","embeddable":true,"href":"https:\/\/marketingplatform.com\/da\/wp-json\/wp\/v2\/yst_prominent_words?post=4717"}],"curies":[{"name":"wp","href":"https:\/\/api.w.org\/{rel}","templated":true}]}}