{"id":4712,"date":"2017-04-05T08:41:22","date_gmt":"2017-04-05T06:41:22","guid":{"rendered":"https:\/\/marketingplatform.com\/?page_id=4712\/"},"modified":"2018-12-17T13:54:20","modified_gmt":"2018-12-17T12:54:20","slug":"hvorfor-bygge-en-mail-der-ligner-spam","status":"publish","type":"page","link":"https:\/\/marketingplatform.com\/da\/artikler-presse\/hvorfor-bygge-en-mail-der-ligner-spam\/","title":{"rendered":"Hvorfor bygge en mail der ligner SPAM"},"content":{"rendered":"<p>[et_pb_section fb_built=&#8221;1&#8243; admin_label=&#8221;section&#8221; _builder_version=&#8221;3.0.47&#8243;][et_pb_row admin_label=&#8221;row&#8221; _builder_version=&#8221;3.0.47&#8243; background_size=&#8221;initial&#8221; background_position=&#8221;top_left&#8221; background_repeat=&#8221;repeat&#8221;][et_pb_column type=&#8221;4_4&#8243; _builder_version=&#8221;3.0.47&#8243; parallax=&#8221;off&#8221; parallax_method=&#8221;on&#8221;][et_pb_text admin_label=&#8221;Text&#8221; _builder_version=&#8221;3.0.106&#8243; background_size=&#8221;initial&#8221; background_position=&#8221;top_left&#8221; background_repeat=&#8221;repeat&#8221; use_border_color=&#8221;off&#8221; border_color=&#8221;#ffffff&#8221; border_style=&#8221;solid&#8221;]<\/p>\n<h1>Hvorfor bygge en mail der ligner SPAM<\/h1>\n<p class=\"p1\"><b>Dit nyhedsbrev bliver bed\u00f8mt p\u00e5 indholdet. Ikke alene hvor p\u00e6nt og korrekt det er, men ogs\u00e5 selve kompositionen og v\u00e6gtningen mellem billeder, overskrifter, tekst og links.<\/b><\/p>\n<p class=\"p3\"><a href=\"https:\/\/marketingplatform.com\/wp-content\/uploads\/2017\/04\/duck-mailplatform-1024x914.jpg\"><img decoding=\"async\" loading=\"lazy\" class=\"alignright wp-image-2509 image-border\" src=\"https:\/\/marketingplatform.com\/wp-content\/uploads\/2017\/04\/duck-mailplatform-1024x914.jpg\" alt=\"duck-mailplatform\" width=\"401\" height=\"358\" \/><\/a><\/p>\n<p class=\"p3\"><span class=\"s1\">Et ordsprog siger, at ligner det en and &#8211; ja s\u00e5 er det nok en and. S\u00e5dan er det ogs\u00e5 med nyhedsbreve. Ligner det en SPAM mail &#8211; ja s\u00e5 er der noget om snakken. Desv\u00e6rre opbygger alt for mange virksomheder deres kampagner, s\u00e5 de ligner noget en spammer kunne have opbygget. <\/span><\/p>\n<p class=\"p3\"><span class=\"s1\"><b>Forskellen p\u00e5 mennesker og SPAM filtre<\/b><\/span><\/p>\n<p class=\"p3\"><span class=\"s1\">Et menneske, modtageren af din kampagne, de ser alt det synlige i dit nyhedsbrev. De forholder sig til emnet, vurderer afsendernavnet, ser p\u00e5 overskrifter og billeder. Vurderer om det er interessant nok, til at tage tid fra dem. <\/span><\/p>\n<p class=\"p3\"><span class=\"s1\">Et SPAM filter kigger ogs\u00e5 p\u00e5 alt det usynlige. Alt det tekniske skal v\u00e6re opsat korrekt. Anvender din virksomhed en anerkendt teknisk leverand\u00f8r, som feks MarketingPlatform, vil der v\u00e6re styr p\u00e5 den del. Det tekniske skal give fuld synlighed og sporbarhed i forhold til afsenderen. Noget spammerne fors\u00f8ger at d\u00e6kke over. De g\u00f8r en masse tekniske krumspring, for at mindske sporbarheden &#8211; tilbage til den egentlige afsender. <\/span><\/p>\n<p class=\"p3\"><span class=\"s1\">Blandt de element\u00e6re ting, der teknisk skal v\u00e6re p\u00e5 plads er <a href=\"marketingplatform.com\/da\/sadan-anvendes-spf-og-dkim\/%20\">SPF, DKIM<\/a> og eventuelt DMARC p\u00e5 DNS niveau. Det er tekststrenge din udbyder kan hj\u00e6lpe med. Teknikaliteter der alle bidrager til sporbarheden. <\/span><\/p>\n<p class=\"p3\"><span class=\"s1\">SPAM filtrene kigger ogs\u00e5 p\u00e5 kvaliteten af modtagerne. Hvor mange d\u00f8de og inaktive adresser der rammes. Men derom kan du l\u00e6se i en r\u00e6kke af artikler om leveringssikkerhed. <\/span><\/p>\n<p class=\"p3\"><span class=\"s1\"><b>Indholdet skal ligne en rigtig mail<\/b><\/span><\/p>\n<p class=\"p3\"><span class=\"s1\">Forskellen p\u00e5 en rigtig mail og et nyhedsbrev, er ofte m\u00e6ngden af tekst og m\u00e5lrettet indhold. S\u00e5 nemt og samtidigt sv\u00e6rt er det. Skab m\u00e5lrettede nyhedsbreve, der har et h\u00f8jt indhold af tekst versus billeder. Og send kun mail til gode modtagere. <\/span><\/p>\n<p class=\"p3\"><span class=\"s1\">En god modtager er en aktiv af slagsen. MarketingPlatform har indbygget en robot, som vi kalder for MailRating. MailRating optimerer leveringen til de bedste adresser, og fjerner de inaktive modtagere der aldrig reagerer. P\u00e5 den m\u00e5de holdes <i>engagement <\/i>h\u00f8jt (det engelske ord). <\/span><\/p>\n<p class=\"p3\"><span class=\"s1\">Selve indholdet skal have mere end 500 karakterer. Det er en god tommelfingerregel, der sikrer en fornuftigt m\u00e6ngde tekst. Kompositionen skal ogs\u00e5 ligne en h\u00e5ndskreven mail s\u00e5 meget som muligt. Start altid med tekst, gerne flankeret af et relevant billede. <\/span><\/p>\n<p class=\"p3\"><span class=\"s1\">Flere SPAM filtre er allergiske overfor billedenavne, der er kopieret direkte fra store billedebanker. Omd\u00f8b derfor altid billederne, s\u00e5 navnet akkompagnerer teksten. <\/span><\/p>\n<p class=\"p3\"><span class=\"s1\"><b>Flowet i et godt nyhedsbrev<\/b><\/span><\/p>\n<p class=\"p3\"><span class=\"s1\">En god mail starter altid med det bedste indhold. Online vender man normal copywriting p\u00e5 hovedet, fordi formatet er flygtigt og pladsen begr\u00e6nset. Det handler om at fange modtagerens opm\u00e6rksomhed med det samme. <\/span><\/p>\n<p class=\"p3\"><span class=\"s1\">Dern\u00e6st skal starten gerne have noget rigtig tekst. Flere mailsystemer viser ikke billeder med det samme. MarketingPlatforms gode afsender renomme g\u00f8r dog, at billederne default er synlige rigtig mange steder. Og brug gerne flettefelter, til feks at skrive K\u00e6re FORNAVN for en personlig indledning. <\/span><\/p>\n<p class=\"p3\"><span class=\"s1\">S\u00e6lger du varer er devisen at produkter s\u00e6lger produkter. Med andre ord &#8211; vis s\u00e5 mange relevante produkter som muligt. MarketingPlatform kan hente produkter automatisk fra langt de fleste shopsystemer, s\u00e5 du undg\u00e5r arbejde med manuelt at opbygge mailen. Det samme g\u00e6lder for artikler fra langt de fleste CMS systemer &#8211; som WordPress, Drupal og lignende. <\/span><\/p>\n<p class=\"p3\"><span class=\"s1\">Afslut altid din mail med indhold, der fanger det sidste klik. Er modtageren kommer helt til bunden, i et langt nyhedsbrev, g\u00f8r det ikke noget hovedbudskabet repeteres i mere diskret form. <\/span><\/p>\n<p class=\"p3\"><span class=\"s1\">God forn\u00f8jelse med at lave nyhedsbreve med bedre indhold. Nyhedsbreve der ikke ligner SPAM. <\/span><\/p>\n<p>[\/et_pb_text][\/et_pb_column][\/et_pb_row][\/et_pb_section][et_pb_section fb_built=&#8221;1&#8243; _builder_version=&#8221;3.16.1&#8243; background_color=&#8221;#dee7f1&#8243; global_module=&#8221;19033&#8243;][et_pb_row _builder_version=&#8221;3.0.48&#8243; background_size=&#8221;initial&#8221; background_position=&#8221;top_left&#8221; background_repeat=&#8221;repeat&#8221;][et_pb_column type=&#8221;4_4&#8243; _builder_version=&#8221;3.0.47&#8243; parallax=&#8221;off&#8221; parallax_method=&#8221;on&#8221;][et_pb_text _builder_version=&#8221;3.16.1&#8243; text_orientation=&#8221;center&#8221; custom_margin=&#8221;||15px|&#8221;]<\/p>\n<h2>Pr\u00f8v MarketingPlatform gratis i 14 dage<\/h2>\n<p>Pr\u00f8veperioden er gratis, helt uforpligtende og udl\u00f8ber efter 14 dage, hvis du ikke \u00f8nsker at forts\u00e6tte.<br \/>Ved tilmelding modtager du samtidig vores uddannelsesflow p\u00e5 en serie af mails \u2013 og vores nyhedsbrev.<\/p>\n<p>[\/et_pb_text][et_pb_code _builder_version=&#8221;3.16.1&#8243; custom_margin=&#8221;0px||10px|&#8221; custom_padding=&#8221;|||&#8221;]&lt;script src=&quot;https:\/\/ajax.googleapis.com\/ajax\/libs\/jquery\/1.11.3\/jquery.min.js&quot;&gt;&lt;\/script&gt;&lt;!&#8211; [et_pb_line_break_holder] &#8211;&gt;&lt;script src=&quot;https:\/\/marketingplatform.com\/js\/sign-up-dk-home-top-updated.js&quot;&gt;&lt;\/script&gt;&lt;!&#8211; [et_pb_line_break_holder] &#8211;&gt;&lt;!&#8211; [et_pb_line_break_holder] &#8211;&gt;&lt;script src=&quot;https:\/\/marketingplatform.com\/js\/trafficSourceTracker.js&quot;&gt;&lt;\/script&gt;&lt;!&#8211; [et_pb_line_break_holder] &#8211;&gt;&lt;script&gt;&lt;!&#8211; [et_pb_line_break_holder] &#8211;&gt;trafficSrcCookie.setCookie(); &lt;!&#8211; [et_pb_line_break_holder] &#8211;&gt;&lt;\/script&gt;&lt;!&#8211; [et_pb_line_break_holder] &#8211;&gt;&lt;div class=&quot;myForm&quot;&gt;&lt;!&#8211; [et_pb_line_break_holder] &#8211;&gt; &lt;div class=&quot;sign_up&quot;&gt;&lt;!&#8211; [et_pb_line_break_holder] &#8211;&gt; &lt;div class=&quot;step1 text-box step_fir&quot;&gt;&lt;!&#8211; [et_pb_line_break_holder] &#8211;&gt; &lt;div class=&quot;displayblock&quot;&gt;&lt;!&#8211; [et_pb_line_break_holder] &#8211;&gt; &lt;input type=&quot;text&quot; name=&quot;email&quot; class=&quot;emailvalue&quot; placeholder=&quot;Indtast din e-mailadresse&quot; style=&quot;margin-right:10px;&quot;&gt;&lt;!&#8211; [et_pb_line_break_holder] &#8211;&gt; &lt;\/div&gt;&lt;!&#8211; [et_pb_line_break_holder] &#8211;&gt; &lt;div class=&quot;displayblock&quot;&gt;&lt;!&#8211; [et_pb_line_break_holder] &#8211;&gt; &lt;input type=&quot;button&quot; value=&quot;Ja tak &#8211; lad mig pr\u00f8ve!&quot; class=&quot;button trial-btn-blue step1btn&quot; style=&quot;background:#09cd6f!important;&quot;&gt;&lt;!&#8211; [et_pb_line_break_holder] &#8211;&gt; &lt;\/div&gt;&lt;!&#8211; [et_pb_line_break_holder] &#8211;&gt; &lt;\/div&gt;&lt;!&#8211; [et_pb_line_break_holder] &#8211;&gt; &lt;div class=&quot;step2 text-box&quot; style=&quot;display: none;&quot;&gt;&lt;\/div&gt;&lt;!&#8211; [et_pb_line_break_holder] &#8211;&gt; &lt;div class=&quot;step2 text-box &quot; style=&quot;display: none;&quot;&gt;&lt;!&#8211; [et_pb_line_break_holder] &#8211;&gt; &lt;div class=&quot;displayblock&quot; style=&quot;width: 400px;&quot;&gt;&lt;!&#8211; [et_pb_line_break_holder] &#8211;&gt; &lt;input type=&quot;text&quot; name=&quot;CustomFields[496]&quot; class=&quot;CustomFields_496_51&quot; value=&quot;&quot; size=&quot;50&quot; placeholder=&quot;Firmanavn&quot;&gt;&lt;!&#8211; [et_pb_line_break_holder] &#8211;&gt; &lt;\/div&gt;&lt;!&#8211; [et_pb_line_break_holder] &#8211;&gt; &lt;div class=&quot;displayblock&quot; style=&quot;width: 400px;&quot;&gt;&lt;!&#8211; [et_pb_line_break_holder] &#8211;&gt; &lt;input type=&quot;text&quot; name=&quot;CustomFields[2]&quot; class=&quot;CustomFields_2_51&quot; value=&quot;&quot; size=&quot;50&quot; placeholder=&quot;Dit Navn&quot;&gt;&lt;!&#8211; [et_pb_line_break_holder] &#8211;&gt; &lt;\/div&gt;&lt;!&#8211; [et_pb_line_break_holder] &#8211;&gt; &lt;div class=&quot;displayblock&quot; style=&quot;width: 400px;&quot;&gt;&lt;!&#8211; [et_pb_line_break_holder] &#8211;&gt; &lt;input type=&quot;text&quot; name=&quot;CustomFields[497]&quot; class=&quot;CustomFields_497_51&quot; value=&quot;&quot; size=&quot;50&quot; placeholder=&quot;Mobil Nummer&quot;&gt;&lt;!&#8211; [et_pb_line_break_holder] &#8211;&gt; &lt;\/div&gt;&lt;!&#8211; [et_pb_line_break_holder] &#8211;&gt; &lt;div class=&quot;displayblock sec_step_but&quot;&gt;&lt;!&#8211; [et_pb_line_break_holder] &#8211;&gt; &lt;input id=&quot;step2&quot; type=&quot;button&quot; value=&quot;Ja tak &#8211; lad mig pr\u00f8ve!&quot; class=&quot;button1 trial-btn-blue&quot; style=&quot;background:#09cd6f!important;&quot;&gt;&lt;!&#8211; [et_pb_line_break_holder] &#8211;&gt; &lt;\/div&gt;&lt;!&#8211; [et_pb_line_break_holder] &#8211;&gt; &lt;div&gt;&lt;!&#8211; [et_pb_line_break_holder] &#8211;&gt; &lt;div style=&quot;display: none;&quot; id=&quot;alertSpan&quot;&gt;&lt;!&#8211; [et_pb_line_break_holder] &#8211;&gt; &lt;span style=&quot;color: red;&quot;&gt;Du skal udfylde alle felter&lt;\/span&gt;&lt;!&#8211; [et_pb_line_break_holder] &#8211;&gt; &lt;\/div&gt;&lt;!&#8211; [et_pb_line_break_holder] &#8211;&gt; &lt;\/div&gt;&lt;!&#8211; [et_pb_line_break_holder] &#8211;&gt; &lt;div&gt;&lt;!&#8211; [et_pb_line_break_holder] &#8211;&gt; &lt;div style=&quot;display: none;&quot; id=&quot;alertEmailSpan&quot;&gt;&lt;!&#8211; [et_pb_line_break_holder] &#8211;&gt; &lt;span style=&quot;color: red;&quot;&gt;Indtast din e-mailadresse&lt;\/span&gt;&lt;!&#8211; [et_pb_line_break_holder] &#8211;&gt; &lt;\/div&gt;&lt;!&#8211; [et_pb_line_break_holder] &#8211;&gt; &lt;\/div&gt;&lt;!&#8211; [et_pb_line_break_holder] &#8211;&gt; &lt;\/div&gt;&lt;!&#8211; [et_pb_line_break_holder] &#8211;&gt; &lt;\/div&gt;&lt;!&#8211; [et_pb_line_break_holder] &#8211;&gt;&lt;\/div&gt;[\/et_pb_code][\/et_pb_column][\/et_pb_row][\/et_pb_section]<\/p>\n","protected":false},"excerpt":{"rendered":"<p>Hvorfor bygge en mail der ligner SPAM Dit nyhedsbrev bliver bed\u00f8mt p\u00e5 indholdet. Ikke alene hvor p\u00e6nt og korrekt det er, men ogs\u00e5 selve kompositionen og v\u00e6gtningen mellem billeder, overskrifter, tekst og links. Et ordsprog siger, at ligner det en and &#8211; ja s\u00e5 er det nok en and. S\u00e5dan er det ogs\u00e5 med nyhedsbreve. [&hellip;]<\/p>\n","protected":false},"author":50,"featured_media":0,"parent":4520,"menu_order":0,"comment_status":"closed","ping_status":"closed","template":"","meta":{"_et_pb_use_builder":"on","_et_pb_old_content":"<p class=\"p1\"><b>Dit nyhedsbrev bliver bed\u00f8mt p\u00e5 indholdet. Ikke alene hvor p\u00e6nt og korrekt det er, men ogs\u00e5 selve kompositionen og v\u00e6gtningen mellem billeder, overskrifter, tekst og links.<\/b><\/p>\r\n<p class=\"p3\"><a href=\"https:\/\/marketingplatform.com\/wp-content\/uploads\/2017\/04\/duck-mailplatform-1024x914.jpg\"><img class=\"alignright wp-image-2509\" src=\"https:\/\/marketingplatform.com\/wp-content\/uploads\/2017\/04\/duck-mailplatform-1024x914.jpg\" alt=\"duck-mailplatform\" width=\"401\" height=\"358\" \/><\/a><\/p>\r\n<p class=\"p3\"><span class=\"s1\">Et ordsprog siger, at ligner det en and - ja s\u00e5 er det nok en and. S\u00e5dan er det ogs\u00e5 med nyhedsbreve. Ligner det en SPAM mail - ja s\u00e5 er der noget om snakken. Desv\u00e6rre opbygger alt for mange virksomheder deres kampagner, s\u00e5 de ligner noget en spammer kunne have opbygget. <\/span><\/p>\r\n<p class=\"p3\"><span class=\"s1\"><b>Forskellen p\u00e5 mennesker og SPAM filtre<\/b><\/span><\/p>\r\n<p class=\"p3\"><span class=\"s1\">Et menneske, modtageren af din kampagne, de ser alt det synlige i dit nyhedsbrev. De forholder sig til emnet, vurderer afsendernavnet, ser p\u00e5 overskrifter og billeder. Vurderer om det er interessant nok, til at tage tid fra dem. <\/span><\/p>\r\n<p class=\"p3\"><span class=\"s1\">Et SPAM filter kigger ogs\u00e5 p\u00e5 alt det usynlige. Alt det tekniske skal v\u00e6re opsat korrekt. Anvender din virksomhed en anerkendt teknisk leverand\u00f8r, som feks MarketingPlatform, vil der v\u00e6re styr p\u00e5 den del. Det tekniske skal give fuld synlighed og sporbarhed i forhold til afsenderen. Noget spammerne fors\u00f8ger at d\u00e6kke over. De g\u00f8r en masse tekniske krumspring, for at mindske sporbarheden - tilbage til den egentlige afsender. <\/span><\/p>\r\n<p class=\"p3\"><span class=\"s1\">Blandt de element\u00e6re ting, der teknisk skal v\u00e6re p\u00e5 plads er SPF, DKIM og eventuelt DMARC p\u00e5 DNS niveau. Det er tekststrenge din udbyder kan hj\u00e6lpe med. Teknikaliteter der alle bidrager til sporbarheden. <\/span><\/p>\r\n<p class=\"p3\"><span class=\"s1\">SPAM filtrene kigger ogs\u00e5 p\u00e5 kvaliteten af modtagerne. Hvor mange d\u00f8de og inaktive adresser der rammes. Men derom kan du l\u00e6se i en r\u00e6kke af artikler om leveringssikkerhed. <\/span><\/p>\r\n<p class=\"p3\"><span class=\"s1\"><b>Indholdet skal ligne en rigtig mail<\/b><\/span><\/p>\r\n<p class=\"p3\"><span class=\"s1\">Forskellen p\u00e5 en rigtig mail og et nyhedsbrev, er ofte m\u00e6ngden af tekst og m\u00e5lrettet indhold. S\u00e5 nemt og samtidigt sv\u00e6rt er det. Skab m\u00e5lrettede nyhedsbreve, der har et h\u00f8jt indhold af tekst versus billeder. Og send kun mail til gode modtagere. <\/span><\/p>\r\n<p class=\"p3\"><span class=\"s1\">En god modtager er en aktiv af slagsen. MarketingPlatform har indbygget en robot, som vi kalder for MailRating. MailRating optimerer leveringen til de bedste adresser, og fjerner de inaktive modtagere der aldrig reagerer. P\u00e5 den m\u00e5de holdes <i>engagement <\/i>h\u00f8jt (det engelske ord). <\/span><\/p>\r\n<p class=\"p3\"><span class=\"s1\">Selve indholdet skal have mere end 500 karakterer. Det er en god tommelfingerregel, der sikrer en fornuftigt m\u00e6ngde tekst. Kompositionen skal ogs\u00e5 ligne en h\u00e5ndskreven mail s\u00e5 meget som muligt. Start altid med tekst, gerne flankeret af et relevant billede. <\/span><\/p>\r\n<p class=\"p3\"><span class=\"s1\">Flere SPAM filtre er allergiske overfor billedenavne, der er kopieret direkte fra store billedebanker. Omd\u00f8b derfor altid billederne, s\u00e5 navnet akkompagnerer teksten. <\/span><\/p>\r\n<p class=\"p3\"><span class=\"s1\"><b>Flowet i et godt nyhedsbrev<\/b><\/span><\/p>\r\n<p class=\"p3\"><span class=\"s1\">En god mail starter altid med det bedste indhold. Online vender man normal copywriting p\u00e5 hovedet, fordi formatet er flygtigt og pladsen begr\u00e6nset. Det handler om at fange modtagerens opm\u00e6rksomhed med det samme. <\/span><\/p>\r\n<p class=\"p3\"><span class=\"s1\">Dern\u00e6st skal starten gerne have noget rigtig tekst. Flere mailsystemer viser ikke billeder med det samme. MarketingPlatforms gode afsender renomme g\u00f8r dog, at billederne default er synlige rigtig mange steder. Og brug gerne flettefelter, til feks at skrive K\u00e6re FORNAVN for en personlig indledning. <\/span><\/p>\r\n<p class=\"p3\"><span class=\"s1\">S\u00e6lger du varer er devisen at produkter s\u00e6lger produkter. Med andre ord - vis s\u00e5 mange relevante produkter som muligt. MarketingPlatform kan hente produkter automatisk fra langt de fleste shopsystemer, s\u00e5 du undg\u00e5r arbejde med manuelt at opbygge mailen. Det samme g\u00e6lder for artikler fra langt de fleste CMS systemer - som WordPress, Drupal og lignende. <\/span><\/p>\r\n<p class=\"p3\"><span class=\"s1\">Afslut altid din mail med indhold, der fanger det sidste klik. Er modtageren kommer helt til bunden, i et langt nyhedsbrev, g\u00f8r det ikke noget hovedbudskabet repeteres i mere diskret form. <\/span><\/p>\r\n<p class=\"p3\"><span class=\"s1\">God forn\u00f8jelse med at lave nyhedsbreve med bedre indhold. Nyhedsbreve der ikke ligner SPAM. <\/span><\/p>","_et_gb_content_width":"","footnotes":""},"categories":[],"tags":[],"yst_prominent_words":[3468,3469,77,2590,3464,2225,3463,177,123,3461,3459,3460,3465,3470,283,3466,3467,3462,2226,2245],"_links":{"self":[{"href":"https:\/\/marketingplatform.com\/da\/wp-json\/wp\/v2\/pages\/4712"}],"collection":[{"href":"https:\/\/marketingplatform.com\/da\/wp-json\/wp\/v2\/pages"}],"about":[{"href":"https:\/\/marketingplatform.com\/da\/wp-json\/wp\/v2\/types\/page"}],"author":[{"embeddable":true,"href":"https:\/\/marketingplatform.com\/da\/wp-json\/wp\/v2\/users\/50"}],"replies":[{"embeddable":true,"href":"https:\/\/marketingplatform.com\/da\/wp-json\/wp\/v2\/comments?post=4712"}],"version-history":[{"count":0,"href":"https:\/\/marketingplatform.com\/da\/wp-json\/wp\/v2\/pages\/4712\/revisions"}],"up":[{"embeddable":true,"href":"https:\/\/marketingplatform.com\/da\/wp-json\/wp\/v2\/pages\/4520"}],"wp:attachment":[{"href":"https:\/\/marketingplatform.com\/da\/wp-json\/wp\/v2\/media?parent=4712"}],"wp:term":[{"taxonomy":"category","embeddable":true,"href":"https:\/\/marketingplatform.com\/da\/wp-json\/wp\/v2\/categories?post=4712"},{"taxonomy":"post_tag","embeddable":true,"href":"https:\/\/marketingplatform.com\/da\/wp-json\/wp\/v2\/tags?post=4712"},{"taxonomy":"yst_prominent_words","embeddable":true,"href":"https:\/\/marketingplatform.com\/da\/wp-json\/wp\/v2\/yst_prominent_words?post=4712"}],"curies":[{"name":"wp","href":"https:\/\/api.w.org\/{rel}","templated":true}]}}