{"id":4708,"date":"2017-04-05T08:29:39","date_gmt":"2017-04-05T06:29:39","guid":{"rendered":"https:\/\/marketingplatform.com\/?page_id=4708\/"},"modified":"2018-12-17T13:55:40","modified_gmt":"2018-12-17T12:55:40","slug":"sms-beskeder-er-ogsa-til-markedsforing","status":"publish","type":"page","link":"https:\/\/marketingplatform.com\/da\/artikler-presse\/sms-beskeder-er-ogsa-til-markedsforing\/","title":{"rendered":"SMS beskeder er ogs\u00e5 til markedsf\u00f8ring"},"content":{"rendered":"<p>[et_pb_section fb_built=&#8221;1&#8243; admin_label=&#8221;section&#8221; _builder_version=&#8221;3.0.47&#8243;][et_pb_row admin_label=&#8221;row&#8221; _builder_version=&#8221;3.0.48&#8243; background_size=&#8221;initial&#8221; background_position=&#8221;top_left&#8221; background_repeat=&#8221;repeat&#8221;][et_pb_column type=&#8221;4_4&#8243; _builder_version=&#8221;3.0.47&#8243; parallax=&#8221;off&#8221; parallax_method=&#8221;on&#8221;][et_pb_text admin_label=&#8221;Text&#8221; _builder_version=&#8221;3.0.87&#8243; background_size=&#8221;initial&#8221; background_position=&#8221;top_left&#8221; background_repeat=&#8221;repeat&#8221; use_border_color=&#8221;off&#8221; border_color=&#8221;#ffffff&#8221; border_style=&#8221;solid&#8221;]<\/p>\n<h1>SMS beskeder er ogs\u00e5 til markedsf\u00f8ring<\/h1>\n<p class=\"p1\"><b>160 karakterer der popper op p\u00e5 din mobil &#8211; de hedder SMS beskeder, og er et effektivt v\u00e5ben for at f\u00e5 opm\u00e6rksomhed. Og de kan mere end blot opn\u00e5 opm\u00e6rksomhed. SMS beskeder skaber resultater.<\/b><\/p>\n<p class=\"p3\"><span class=\"s1\">Bip bip &#8211; vi kender alle lyden. En i lokalet har modtaget en SMS besked. Beskeden fanger opm\u00e6rksomheden hos modtageren. Ofte ogs\u00e5 hos personerne omkring modtageren. Fordi SMS beskeder oftest anvendes mellem mennesker, bliver langt de fleste af dem \u00e5bnet og l\u00e6st. Ogs\u00e5 hvis budskabet kommer fra en virksomhed. SMS beskeder har en \u00e5bningsprocent p\u00e5 98%.<\/span><\/p>\n<p class=\"p3\"><iframe loading=\"lazy\" src=\"https:\/\/player.vimeo.com\/video\/177529897\" width=\"640\" height=\"480\" frameborder=\"0\" allowfullscreen=\"allowfullscreen\"><\/iframe><\/p>\n<p class=\"p3\"><em>Se video podcast med Kim \u00d8stergaard, grundl\u00e6gger af MarketingPlatform, der perspektiverer artiklen<\/em><\/p>\n<h4 class=\"p3\"><\/h4>\n<h4 class=\"p3\"><span class=\"s1\">98% \u00e5bner en SMS besked<\/span><\/h4>\n<p class=\"p3\"><span class=\"s1\">SMS er et st\u00e6rkt medie. Med n\u00e6sten alle modtagere, der \u00e5bner den tilsendte besked, er SMS beskeder noget n\u00e6r det perfekte medie. Hvis det ikke var for begr\u00e6nsninger i formatet, ville mediet udg\u00f8re en langt st\u00f8rre del af det samlede marketing mix. Netop derfor skal din virksomhed anvende det. I gennemsnit modtager den enkelte forbruger, meget f\u00e5 SMS beskeder der er markedsf\u00f8ring. Det giver maksimal synlighed og reaktion. Hele 95% \u00e5bner en SMS indenfor de f\u00f8rste 5 minutter.<\/span><\/p>\n<h4 class=\"p3\"><\/h4>\n<h4 class=\"p3\"><span class=\"s1\">Link i en SMS starter en k\u00e6dereaktion <\/span><\/h4>\n<p class=\"p3\"><span class=\"s1\">Med MarketingPlatform kan du inds\u00e6tte links i SMS beskeder. Og linket fort\u00e6ller om modtagernes adf\u00e6rd &#8211; hvem har klikker p\u00e5 linket. Hvilken enhed, telefon, har vedkommende &#8211; og hvorn\u00e5r er det sket. Viden der kan oms\u00e6ttes til nye handlinger. N\u00e5r modtageren klikker p\u00e5 linket i en bestemt SMS besked, kan det lede til en hel k\u00e6dereaktion af handlinger. <\/span><\/p>\n<p class=\"p3\"><span class=\"s1\">I vores lille eksempel her er modtageren en kvinde, der netop har f\u00e5et en SMS besked fra sin lokale t\u00f8jbutik. SMS beskeden indeholder et link. Linket hedder &#8220;Tilmeld dig VIP aften i morgen&#8221;. Modtageren klikker p\u00e5 linket. Og udfylder en preudfyldt opdater profil formular. Hun registrerer at hun kommer til arrangementet. Straks derefter sendes en e-mail kampagne, der fort\u00e6ller mere om arrangementet. Tre timer f\u00f8r arrangementet sendes der en automatisk reminder SMS &#8211; Husk VIP aften om tre timer &#8230;..<\/span><\/p>\n<h4 class=\"p3\"><\/h4>\n<h4 class=\"p3\"><span class=\"s1\">Varslinger er ogs\u00e5 markedsf\u00f8ring<\/span><\/h4>\n<p class=\"p3\"><span class=\"s1\">Rigtig mange virksomheder varsler deres kunder. Det kan v\u00e6re en bekr\u00e6ftelse p\u00e5 booking af bord, en besked om at pizzaen er p\u00e5 vej, at bilen kan hentes fra service og mange lignende scenarier. <\/span><\/p>\n<p class=\"p3\"><span class=\"s1\">De fleste glemmer at s\u00e5danne beskeder ogs\u00e5 er markedsf\u00f8ring. Husk at skrive dem s\u00e6lgende. M\u00e5ske ikke direkte, men s\u00e5 indirekte og med god service for \u00f8je.<\/span><\/p>\n<p class=\"p3\"><span class=\"s1\"><img decoding=\"async\" loading=\"lazy\" class=\" size-full wp-image-2050 aligncenter image-border\" src=\"https:\/\/marketingplatform.com\/wp-content\/uploads\/2017\/04\/sms-mailplatform.png\" alt=\"sms-mailplatform\" width=\"508\" height=\"420\"> <\/span><\/p>\n<p class=\"p3\">\n<p class=\"p3\"><span class=\"s1\">SMS beskederne kan ogs\u00e5 indeholde links. M\u00e5ske ikke varslingsbeskeden, men beskeden der kommer dagen efter. &#8220;Var du tilfreds med afhentningen og servicen p\u00e5 v\u00e6rkstedet&#8221; &#8211; Ja meget, Ja, Nej eller Nej slet ikke. MarketingPlatform kan opsamle den viden. Det kan afstedkomme en ny besked, eller en alert til en ansvarlig medarbejder. <\/span><\/p>\n<p class=\"p3\">\n<h4 class=\"p3\"><span class=\"s1\">mail2sms eller direkte fra MarketingPlatform<\/span><\/h4>\n<p class=\"p3\"><span class=\"s1\">Med MarketingPlatform er der to muligheder for at sende beskeder. Den ene er direkte fra systemet, hvor en indbygget editor s\u00f8rger for ops\u00e6tningen. Det er muligt at inds\u00e6tte flettefelter, K\u00e6re NAVN og lignende m\u00e5lrettet indhold. <\/span><\/p>\n<p class=\"p3\"><span class=\"s1\">Det er ogs\u00e5 fra interfacet at intelligente beskeder, der reagerer p\u00e5 andre handlinger eller tid, ops\u00e6ttes som henholdsvis autoresponder og trigger kampagner. <\/span><\/p>\n<p class=\"p3\"><span class=\"s1\">SMS beskeder kan ogs\u00e5 leveres direkte fra dit virksomheds interne systemer. N\u00e6sten alle l\u00f8sninger kan sende en simpel mail. Det v\u00e6re sig \u00f8konomisystemet, det interne mailsystem eller en webserver n\u00e5r en handling sker &#8211; feks en ordre l\u00e6gges. Ved at sende en mail til en hemmelig adresse hos MarketingPlatform, kan mailens indhold laves om til en SMS. SMS beskeden afsender indenfor f\u00e5 sekunder fra modtagelsen. <\/span><\/p>\n<p class=\"p3\"><span class=\"s1\">SMS beskeder kan leveres til mobiltelefoner i alle lande. <\/span><\/p>\n<p class=\"p3\"><span class=\"s1\"><a href=\"https:\/\/marketingplatform.com\/da\/sms-marketing\/\">L\u00e6s mere om SMS markedsf\u00f8ring<\/a>.<\/span><\/p>\n<p>[\/et_pb_text][\/et_pb_column][\/et_pb_row][\/et_pb_section][et_pb_section fb_built=&#8221;1&#8243; _builder_version=&#8221;3.16.1&#8243; background_color=&#8221;#dee7f1&#8243; global_module=&#8221;19033&#8243;][et_pb_row _builder_version=&#8221;3.0.48&#8243; background_size=&#8221;initial&#8221; background_position=&#8221;top_left&#8221; background_repeat=&#8221;repeat&#8221;][et_pb_column type=&#8221;4_4&#8243; _builder_version=&#8221;3.0.47&#8243; parallax=&#8221;off&#8221; parallax_method=&#8221;on&#8221;][et_pb_text _builder_version=&#8221;3.16.1&#8243; text_orientation=&#8221;center&#8221; custom_margin=&#8221;||15px|&#8221;]<\/p>\n<h2>Pr\u00f8v MarketingPlatform gratis i 14 dage<\/h2>\n<p>Pr\u00f8veperioden er gratis, helt uforpligtende og udl\u00f8ber efter 14 dage, hvis du ikke \u00f8nsker at forts\u00e6tte.<br \/>Ved tilmelding modtager du samtidig vores uddannelsesflow p\u00e5 en serie af mails \u2013 og vores nyhedsbrev.<\/p>\n<p>[\/et_pb_text][et_pb_code _builder_version=&#8221;3.16.1&#8243; custom_margin=&#8221;0px||10px|&#8221; custom_padding=&#8221;|||&#8221;]&lt;script src=&quot;https:\/\/ajax.googleapis.com\/ajax\/libs\/jquery\/1.11.3\/jquery.min.js&quot;&gt;&lt;\/script&gt;&lt;!&#8211; [et_pb_line_break_holder] &#8211;&gt;&lt;script src=&quot;https:\/\/marketingplatform.com\/js\/sign-up-dk-home-top-updated.js&quot;&gt;&lt;\/script&gt;&lt;!&#8211; [et_pb_line_break_holder] &#8211;&gt;&lt;!&#8211; [et_pb_line_break_holder] &#8211;&gt;&lt;script src=&quot;https:\/\/marketingplatform.com\/js\/trafficSourceTracker.js&quot;&gt;&lt;\/script&gt;&lt;!&#8211; [et_pb_line_break_holder] &#8211;&gt;&lt;script&gt;&lt;!&#8211; [et_pb_line_break_holder] &#8211;&gt;trafficSrcCookie.setCookie(); &lt;!&#8211; [et_pb_line_break_holder] &#8211;&gt;&lt;\/script&gt;&lt;!&#8211; [et_pb_line_break_holder] &#8211;&gt;&lt;div class=&quot;myForm&quot;&gt;&lt;!&#8211; [et_pb_line_break_holder] &#8211;&gt; &lt;div class=&quot;sign_up&quot;&gt;&lt;!&#8211; [et_pb_line_break_holder] &#8211;&gt; &lt;div class=&quot;step1 text-box step_fir&quot;&gt;&lt;!&#8211; [et_pb_line_break_holder] &#8211;&gt; &lt;div class=&quot;displayblock&quot;&gt;&lt;!&#8211; [et_pb_line_break_holder] &#8211;&gt; &lt;input type=&quot;text&quot; name=&quot;email&quot; class=&quot;emailvalue&quot; placeholder=&quot;Indtast din e-mailadresse&quot; style=&quot;margin-right:10px;&quot;&gt;&lt;!&#8211; [et_pb_line_break_holder] &#8211;&gt; &lt;\/div&gt;&lt;!&#8211; [et_pb_line_break_holder] &#8211;&gt; &lt;div class=&quot;displayblock&quot;&gt;&lt;!&#8211; [et_pb_line_break_holder] &#8211;&gt; &lt;input type=&quot;button&quot; value=&quot;Ja tak &#8211; lad mig pr\u00f8ve!&quot; class=&quot;button trial-btn-blue step1btn&quot; style=&quot;background:#09cd6f!important;&quot;&gt;&lt;!&#8211; [et_pb_line_break_holder] &#8211;&gt; &lt;\/div&gt;&lt;!&#8211; [et_pb_line_break_holder] &#8211;&gt; &lt;\/div&gt;&lt;!&#8211; [et_pb_line_break_holder] &#8211;&gt; &lt;div class=&quot;step2 text-box&quot; style=&quot;display: none;&quot;&gt;&lt;\/div&gt;&lt;!&#8211; [et_pb_line_break_holder] &#8211;&gt; &lt;div class=&quot;step2 text-box &quot; style=&quot;display: none;&quot;&gt;&lt;!&#8211; [et_pb_line_break_holder] &#8211;&gt; &lt;div class=&quot;displayblock&quot; style=&quot;width: 400px;&quot;&gt;&lt;!&#8211; [et_pb_line_break_holder] &#8211;&gt; &lt;input type=&quot;text&quot; name=&quot;CustomFields[496]&quot; class=&quot;CustomFields_496_51&quot; value=&quot;&quot; size=&quot;50&quot; placeholder=&quot;Firmanavn&quot;&gt;&lt;!&#8211; [et_pb_line_break_holder] &#8211;&gt; &lt;\/div&gt;&lt;!&#8211; [et_pb_line_break_holder] &#8211;&gt; &lt;div class=&quot;displayblock&quot; style=&quot;width: 400px;&quot;&gt;&lt;!&#8211; [et_pb_line_break_holder] &#8211;&gt; &lt;input type=&quot;text&quot; name=&quot;CustomFields[2]&quot; class=&quot;CustomFields_2_51&quot; value=&quot;&quot; size=&quot;50&quot; placeholder=&quot;Dit Navn&quot;&gt;&lt;!&#8211; [et_pb_line_break_holder] &#8211;&gt; &lt;\/div&gt;&lt;!&#8211; [et_pb_line_break_holder] &#8211;&gt; &lt;div class=&quot;displayblock&quot; style=&quot;width: 400px;&quot;&gt;&lt;!&#8211; [et_pb_line_break_holder] &#8211;&gt; &lt;input type=&quot;text&quot; name=&quot;CustomFields[497]&quot; class=&quot;CustomFields_497_51&quot; value=&quot;&quot; size=&quot;50&quot; placeholder=&quot;Mobil Nummer&quot;&gt;&lt;!&#8211; [et_pb_line_break_holder] &#8211;&gt; &lt;\/div&gt;&lt;!&#8211; [et_pb_line_break_holder] &#8211;&gt; &lt;div class=&quot;displayblock sec_step_but&quot;&gt;&lt;!&#8211; [et_pb_line_break_holder] &#8211;&gt; &lt;input id=&quot;step2&quot; type=&quot;button&quot; value=&quot;Ja tak &#8211; lad mig pr\u00f8ve!&quot; class=&quot;button1 trial-btn-blue&quot; style=&quot;background:#09cd6f!important;&quot;&gt;&lt;!&#8211; [et_pb_line_break_holder] &#8211;&gt; &lt;\/div&gt;&lt;!&#8211; [et_pb_line_break_holder] &#8211;&gt; &lt;div&gt;&lt;!&#8211; [et_pb_line_break_holder] &#8211;&gt; &lt;div style=&quot;display: none;&quot; id=&quot;alertSpan&quot;&gt;&lt;!&#8211; [et_pb_line_break_holder] &#8211;&gt; &lt;span style=&quot;color: red;&quot;&gt;Du skal udfylde alle felter&lt;\/span&gt;&lt;!&#8211; [et_pb_line_break_holder] &#8211;&gt; &lt;\/div&gt;&lt;!&#8211; [et_pb_line_break_holder] &#8211;&gt; &lt;\/div&gt;&lt;!&#8211; [et_pb_line_break_holder] &#8211;&gt; &lt;div&gt;&lt;!&#8211; [et_pb_line_break_holder] &#8211;&gt; &lt;div style=&quot;display: none;&quot; id=&quot;alertEmailSpan&quot;&gt;&lt;!&#8211; [et_pb_line_break_holder] &#8211;&gt; &lt;span style=&quot;color: red;&quot;&gt;Indtast din e-mailadresse&lt;\/span&gt;&lt;!&#8211; [et_pb_line_break_holder] &#8211;&gt; &lt;\/div&gt;&lt;!&#8211; [et_pb_line_break_holder] &#8211;&gt; &lt;\/div&gt;&lt;!&#8211; [et_pb_line_break_holder] &#8211;&gt; &lt;\/div&gt;&lt;!&#8211; [et_pb_line_break_holder] &#8211;&gt; &lt;\/div&gt;&lt;!&#8211; [et_pb_line_break_holder] &#8211;&gt;&lt;\/div&gt;[\/et_pb_code][\/et_pb_column][\/et_pb_row][\/et_pb_section]<\/p>\n","protected":false},"excerpt":{"rendered":"<p>SMS beskeder er ogs\u00e5 til markedsf\u00f8ring 160 karakterer der popper op p\u00e5 din mobil &#8211; de hedder SMS beskeder, og er et effektivt v\u00e5ben for at f\u00e5 opm\u00e6rksomhed. Og de kan mere end blot opn\u00e5 opm\u00e6rksomhed. SMS beskeder skaber resultater. Bip bip &#8211; vi kender alle lyden. En i lokalet har modtaget en SMS besked. [&hellip;]<\/p>\n","protected":false},"author":50,"featured_media":0,"parent":4520,"menu_order":0,"comment_status":"closed","ping_status":"closed","template":"","meta":{"_et_pb_use_builder":"on","_et_pb_old_content":"<p class=\"p1\"><b>160 karakterer der popper op p\u00e5 din mobil - de hedder SMS beskeder, og er et effektivt v\u00e5ben for at f\u00e5 opm\u00e6rksomhed. Og de kan mere end blot opn\u00e5 opm\u00e6rksomhed. SMS beskeder skaber resultater.<\/b><\/p>\r\n<p class=\"p3\"><span class=\"s1\">Bip bip - vi kender alle lyden. En i lokalet har modtaget en SMS besked. Beskeden fanger opm\u00e6rksomheden hos modtageren. Ofte ogs\u00e5 hos personerne omkring modtageren. Fordi SMS beskeder oftest anvendes mellem mennesker, bliver langt de fleste af dem \u00e5bnet og l\u00e6st. Ogs\u00e5 hvis budskabet kommer fra en virksomhed. SMS beskeder har en \u00e5bningsprocent p\u00e5 98%.<\/span><\/p>\r\n<p class=\"p3\"><iframe src=\"https:\/\/player.vimeo.com\/video\/177529897\" width=\"640\" height=\"480\" frameborder=\"0\" allowfullscreen=\"allowfullscreen\"><\/iframe><\/p>\r\n<p class=\"p3\"><em>Se video podcast med Kim \u00d8stergaard, grundl\u00e6gger af MarketingPlatform, der perspektiverer artiklen<\/em><\/p>\r\n\r\n<h3 class=\"p3\"><span class=\"s1\"><b>98% \u00e5bner en SMS besked<\/b><\/span><\/h3>\r\n<p class=\"p3\"><span class=\"s1\">SMS er et st\u00e6rkt medie. Med n\u00e6sten alle modtagere, der \u00e5bner den tilsendte besked, er SMS beskeder noget n\u00e6r det perfekte medie. Hvis det ikke var for begr\u00e6nsninger i formatet, ville mediet udg\u00f8re en langt st\u00f8rre del af det samlede marketing mix. Netop derfor skal din virksomhed anvende det. I gennemsnit modtager den enkelte forbruger, meget f\u00e5 SMS beskeder der er markedsf\u00f8ring. Det giver maksimal synlighed og reaktion. Hele 95% \u00e5bner en SMS indenfor de f\u00f8rste 5 minutter.<\/span><\/p>\r\n\r\n<h3 class=\"p3\"><span class=\"s1\"><b>Link i en SMS starter en k\u00e6dereaktion <\/b><\/span><\/h3>\r\n<p class=\"p3\"><span class=\"s1\">Med MarketingPlatform kan du inds\u00e6tte links i SMS beskeder. Og linket fort\u00e6ller om modtagernes adf\u00e6rd - hvem har klikker p\u00e5 linket. Hvilken enhed, telefon, har vedkommende - og hvorn\u00e5r er det sket. Viden der kan oms\u00e6ttes til nye handlinger. N\u00e5r modtageren klikker p\u00e5 linket i en bestemt SMS besked, kan det lede til en hel k\u00e6dereaktion af handlinger. <\/span><\/p>\r\n<p class=\"p3\"><span class=\"s1\">I vores lille eksempel her er modtageren en kvinde, der netop har f\u00e5et en SMS besked fra sin lokale t\u00f8jbutik. SMS beskeden indeholder et link. Linket hedder \"Tilmeld dig VIP aften i morgen\". Modtageren klikker p\u00e5 linket. Og udfylder en preudfyldt opdater profil formular. Hun registrerer at hun kommer til arrangementet. Straks derefter sendes en e-mail kampagne, der fort\u00e6ller mere om arrangementet. Tre timer f\u00f8r arrangementet sendes der en automatisk reminder SMS - Husk VIP aften om tre timer .....<\/span><\/p>\r\n\r\n<h3 class=\"p3\"><span class=\"s1\"><b>Varslinger er ogs\u00e5 markedsf\u00f8ring<\/b><\/span><\/h3>\r\n<p class=\"p3\"><span class=\"s1\">Rigtig mange virksomheder varsler deres kunder. Det kan v\u00e6re en bekr\u00e6ftelse p\u00e5 booking af bord, en besked om at pizzaen er p\u00e5 vej, at bilen kan hentes fra service og mange lignende scenarier. <\/span><\/p>\r\n<p class=\"p3\"><span class=\"s1\">De fleste glemmer at s\u00e5danne beskeder ogs\u00e5 er markedsf\u00f8ring. Husk at skrive dem s\u00e6lgende. M\u00e5ske ikke direkte, men s\u00e5 indirekte og med god service for \u00f8je.<img class=\" size-full wp-image-2050 aligncenter\" src=\"https:\/\/marketingplatform.com\/wp-content\/uploads\/2017\/04\/sms-mailplatform.png\" alt=\"sms-mailplatform\" width=\"508\" height=\"420\" \/> <\/span><\/p>\r\n<p class=\"p3\"><span class=\"s1\">SMS beskederne kan ogs\u00e5 indeholde links. M\u00e5ske ikke varslingsbeskeden, men beskeden der kommer dagen efter. \"Var du tilfreds med afhentningen og servicen p\u00e5 v\u00e6rkstedet\" - Ja meget, Ja, Nej eller Nej slet ikke. MarketingPlatform kan opsamle den viden. Det kan afstedkomme en ny besked, eller en alert til en ansvarlig medarbejder. <\/span><\/p>\r\n\r\n<h3 class=\"p3\"><span class=\"s1\"><b>mail2sms eller direkte fra MarketingPlatform<\/b><\/span><\/h3>\r\n<p class=\"p3\"><span class=\"s1\">Med MarketingPlatform er der to muligheder for at sende beskeder. Den ene er direkte fra systemet, hvor en indbygget editor s\u00f8rger for ops\u00e6tningen. Det er muligt at inds\u00e6tte flettefelter, K\u00e6re NAVN og lignende m\u00e5lrettet indhold. <\/span><\/p>\r\n<p class=\"p3\"><span class=\"s1\">Det er ogs\u00e5 fra interfacet at intelligente beskeder, der reagerer p\u00e5 andre handlinger eller tid, ops\u00e6ttes som henholdsvis autoresponder og trigger kampagner. <\/span><\/p>\r\n<p class=\"p3\"><span class=\"s1\">SMS beskeder kan ogs\u00e5 leveres direkte fra dit virksomheds interne systemer. N\u00e6sten alle l\u00f8sninger kan sende en simpel mail. Det v\u00e6re sig \u00f8konomisystemet, det interne mailsystem eller en webserver n\u00e5r en handling sker - feks en ordre l\u00e6gges. Ved at sende en mail til en hemmelig adresse hos MarketingPlatform, kan mailens indhold laves om til en SMS. SMS beskeden afsender indenfor f\u00e5 sekunder fra modtagelsen. <\/span><\/p>\r\n<p class=\"p3\"><span class=\"s1\">SMS beskeder kan leveres til mobiltelefoner i alle lande. <\/span><\/p>\r\n<p class=\"p3\"><span class=\"s1\">L\u00e6s mere p\u00e5 <a href=\"https:\/\/marketingplatform.com\/da\/sms-marketing\/sms-priser\/\"><span class=\"s2\">www.mailplatform.dk\/SMS<\/span><\/a><\/span><\/p>","_et_gb_content_width":"","footnotes":""},"categories":[],"tags":[],"yst_prominent_words":[587,4883,81,592,586,584,4872,80,4882,593,585,588,583,4871,594,590,71,589,1090,198],"_links":{"self":[{"href":"https:\/\/marketingplatform.com\/da\/wp-json\/wp\/v2\/pages\/4708"}],"collection":[{"href":"https:\/\/marketingplatform.com\/da\/wp-json\/wp\/v2\/pages"}],"about":[{"href":"https:\/\/marketingplatform.com\/da\/wp-json\/wp\/v2\/types\/page"}],"author":[{"embeddable":true,"href":"https:\/\/marketingplatform.com\/da\/wp-json\/wp\/v2\/users\/50"}],"replies":[{"embeddable":true,"href":"https:\/\/marketingplatform.com\/da\/wp-json\/wp\/v2\/comments?post=4708"}],"version-history":[{"count":0,"href":"https:\/\/marketingplatform.com\/da\/wp-json\/wp\/v2\/pages\/4708\/revisions"}],"up":[{"embeddable":true,"href":"https:\/\/marketingplatform.com\/da\/wp-json\/wp\/v2\/pages\/4520"}],"wp:attachment":[{"href":"https:\/\/marketingplatform.com\/da\/wp-json\/wp\/v2\/media?parent=4708"}],"wp:term":[{"taxonomy":"category","embeddable":true,"href":"https:\/\/marketingplatform.com\/da\/wp-json\/wp\/v2\/categories?post=4708"},{"taxonomy":"post_tag","embeddable":true,"href":"https:\/\/marketingplatform.com\/da\/wp-json\/wp\/v2\/tags?post=4708"},{"taxonomy":"yst_prominent_words","embeddable":true,"href":"https:\/\/marketingplatform.com\/da\/wp-json\/wp\/v2\/yst_prominent_words?post=4708"}],"curies":[{"name":"wp","href":"https:\/\/api.w.org\/{rel}","templated":true}]}}