{"id":4703,"date":"2017-04-05T08:01:53","date_gmt":"2017-04-05T06:01:53","guid":{"rendered":"https:\/\/marketingplatform.com\/?page_id=4703\/"},"modified":"2018-12-17T13:58:33","modified_gmt":"2018-12-17T12:58:33","slug":"hvem-bestemmer-over-din-online-markedsforing","status":"publish","type":"page","link":"https:\/\/marketingplatform.com\/da\/hvem-bestemmer-over-din-online-markedsforing\/","title":{"rendered":"Hvem bestemmer over din online markedsf\u00f8ring"},"content":{"rendered":"<p>[et_pb_section fb_built=&#8221;1&#8243; admin_label=&#8221;section&#8221; _builder_version=&#8221;3.0.47&#8243;][et_pb_row admin_label=&#8221;row&#8221; _builder_version=&#8221;3.0.47&#8243; background_size=&#8221;initial&#8221; background_position=&#8221;top_left&#8221; background_repeat=&#8221;repeat&#8221;][et_pb_column type=&#8221;4_4&#8243; _builder_version=&#8221;3.0.47&#8243; parallax=&#8221;off&#8221; parallax_method=&#8221;on&#8221;][et_pb_text admin_label=&#8221;Text&#8221; _builder_version=&#8221;3.0.106&#8243; background_size=&#8221;initial&#8221; background_position=&#8221;top_left&#8221; background_repeat=&#8221;repeat&#8221; use_border_color=&#8221;off&#8221; border_color=&#8221;#ffffff&#8221; border_style=&#8221;solid&#8221;]<\/p>\n<h1>Hvem bestemmer over din online markedsf\u00f8ring<\/h1>\n<p class=\"p1\">Mailkampagner er det medie, som ene og alene kontrolleres af virksomheden der sender kampagnen. Alle andre online marketing metoder kontrolleres reelt af platformen bag annonceringer. Derfor er et miks af forskellige platforme essentielt. Dels for at sikre den rigtige r\u00e6kkevidde, men ogs\u00e5 for at minimere b\u00e5de risikoen og omkostningerne.<\/p>\n<p class=\"p3\"><span class=\"s1\">&#8220;Ikke alene er email marketing den mest risikofrie kampagneform &#8211; det er ogs\u00e5 den suver\u00e6nt billigste. Med en ROI der er langt h\u00f8jere end b\u00e5de SEO, SEM og Facebook annoncering&#8221;, fort\u00e6ller Kim \u00d8stergaard, der har grundlagt MarketingPlatform. En dansk email marketing virksomhed der hver m\u00e5ned sender over 300.000.000 mails p\u00e5 vegne af deres kunder.<\/span><\/p>\n<p class=\"p3\"><a href=\"https:\/\/marketingplatform.com\/wp-content\/uploads\/2017\/04\/mp-digitalmarketing-1024x507.gif\"><img decoding=\"async\" loading=\"lazy\" class=\"alignright wp-image-2536 image-border\" src=\"https:\/\/marketingplatform.com\/wp-content\/uploads\/2017\/04\/mp-digitalmarketing-1024x507.gif\" alt=\"mp-digitalmarketing\" width=\"676\" height=\"335\" \/><\/a><\/p>\n<h4 class=\"p3\"><span class=\"s1\"><b>Facebook og Google bestemmer p\u00e5 deres platforme<\/b><\/span><\/h4>\n<p class=\"p3\"><span class=\"s1\">Facebook og deres algoritme optimerer den organiske visning, og tvinger virksomhederne til lommerne. Googles budsystem med Google Adwords fors\u00f8ger konstant at optimere profitten for netop Google. <\/span><\/p>\n<p class=\"p3\"><span class=\"s1\">Fornylig \u00e6ndrede Facebook deres algoritme, hvilket har betydet at de ikke-betalte visninger, nu kun kommer ud til ca. 8% af f\u00f8lgerne. En enorm devaluering af f\u00f8lgernes v\u00e6rdi. Vil du som virksomhed n\u00e5 alle dine f\u00f8lgere, m\u00e5 du til lommerne og betale for annoncering af tidligere organiske opslag. <\/span><\/p>\n<p class=\"p3\"><span class=\"s1\">Det stiller igen skarpt p\u00e5 email marketing som marketingkanal. Hvor Facebook tidligere reelt lod virksomhederne f\u00e5 v\u00e6rdi af deres f\u00f8lgere, er email marketing nu igen alene p\u00e5 f\u00f8rstepladsen. <\/span><\/p>\n<h4 class=\"p3\"><span class=\"s1\"><b>Mail er mediet med de fleste apps<\/b><\/span><\/h4>\n<p class=\"p3\"><span class=\"s1\">Mail er en meget moden teknologi, der har mange \u00e5r p\u00e5 bagen. Det betyder ogs\u00e5 at markedet for apps er enormt modent. Faktisk findes der s\u00e5 mange forskellige mailprogrammer, at ingen rigtigt har et overblik over dem. <\/span><\/p>\n<p class=\"p3\"><span class=\"s1\">De mest anvendte er Gmail, Outlook b\u00e5de i form af webtjenesten og programmet &#8211; samt de forskellige mobile udgaver p\u00e5 iOS og Android. <\/span><\/p>\n<p class=\"p3\"><span class=\"s1\">Det betyder at alle med en mailkonto, eller flere for den sags skyld, tjekker mail via forskellige enheder. F\u00f8rst om morgenen p\u00e5 mobilen, i l\u00f8bet af dagen p\u00e5 computeren, og igen om eftermiddagen p\u00e5 mobil, m\u00e5ske lidt p\u00e5 computeren om aftenen &#8211; og igen sent p\u00e5 mobilen. <\/span><\/p>\n<p class=\"p3\"><span class=\"s1\">Samtidigt er mail ogs\u00e5 mediet med den st\u00f8rste udbredelse. Alle har en mailkonto. <\/span><\/p>\n<h4 class=\"p3\"><span class=\"s1\"><b>Det forpligtiger selv at kunne bestemme<\/b><\/span><\/h4>\n<p class=\"p3\"><span class=\"s1\">Som virksomhed bestemmer du selv frekvensen, m\u00e5lgruppen, indholdet, designet og ja kort sagt det hele i en mailkampagne. Naturligvis forpligtiger det &#8211; og stiller krav til viden og indsigt. <\/span><\/p>\n<p class=\"p3\"><span class=\"s1\">For det f\u00f8rste skal den helt grundl\u00e6ggende permission v\u00e6re tilstede. Alts\u00e5 at modtageren aktivt har accepteret at ville modtage din virksomheds nyhedsbrev. Husk ogs\u00e5 at n\u00e6vne SMS eller anden elektronisk kommunikation. Dern\u00e6st skal der foreligge en slags aftale om frekvensen. &#8220;Tilmeld vores ugentlige nyhedsbrev&#8221;, skal hverken komme m\u00e5nedligt eller dagligt. S\u00e5 vil alt for mange afmelde sig. <\/span><\/p>\n<p class=\"p3\"><span class=\"s1\">Men det vigtigste er indholdet. At kommunikationen er god og indholdet relevant for modtageren.<\/span><\/p>\n<h4 class=\"p3\"><span class=\"s1\"><b>Udbyttet med email marketing er i en klasse for sig<\/b><\/span><\/h4>\n<p class=\"p3\"><span class=\"s1\">Adskillige analyser viser, at email marketing har en markant h\u00f8jere ROI, end andre online marketing former. Sagt lidt popul\u00e6rt er email og kommercielle nyhedsbreve kommet for at blive. <\/span><\/p>\n<p class=\"p3\"><span class=\"s1\">Alle eksperter fors\u00f8gte at afskrive nyhedsbrevene i 2012, hvor Facebook var det nye store. Men efterf\u00f8lgende er email marketing igen kommet p\u00e5 menuen &#8211; og blevet det centrale omdrejningspunkt i de mange kunde- og loyalitetskoncepter. <\/span><\/p>\n<p class=\"p3\"><span class=\"s1\">&#8220;Hos MarketingPlatform oplever vi en voldsom v\u00e6kst, en v\u00e6kst der er drevet af virksomhedernes store appetit p\u00e5 at \u00f8de loyaliteten og dermed deres long-tail \u00f8konomi&#8221;, fort\u00e6ller grundl\u00e6gger Kim \u00d8stergaard. <\/span><\/p>\n<p>[\/et_pb_text][\/et_pb_column][\/et_pb_row][\/et_pb_section][et_pb_section fb_built=&#8221;1&#8243; _builder_version=&#8221;3.16.1&#8243; background_color=&#8221;#dee7f1&#8243; global_module=&#8221;19033&#8243;][et_pb_row _builder_version=&#8221;3.0.48&#8243; background_size=&#8221;initial&#8221; background_position=&#8221;top_left&#8221; background_repeat=&#8221;repeat&#8221;][et_pb_column type=&#8221;4_4&#8243; _builder_version=&#8221;3.0.47&#8243; parallax=&#8221;off&#8221; parallax_method=&#8221;on&#8221;][et_pb_text _builder_version=&#8221;3.16.1&#8243; text_orientation=&#8221;center&#8221; custom_margin=&#8221;||15px|&#8221;]<\/p>\n<h2>Pr\u00f8v MarketingPlatform gratis i 14 dage<\/h2>\n<p>Pr\u00f8veperioden er gratis, helt uforpligtende og udl\u00f8ber efter 14 dage, hvis du ikke \u00f8nsker at forts\u00e6tte.<br \/>Ved tilmelding modtager du samtidig vores uddannelsesflow p\u00e5 en serie af mails \u2013 og vores nyhedsbrev.<\/p>\n<p>[\/et_pb_text][et_pb_code _builder_version=&#8221;3.16.1&#8243; custom_margin=&#8221;0px||10px|&#8221; custom_padding=&#8221;|||&#8221;]&lt;script src=&quot;https:\/\/ajax.googleapis.com\/ajax\/libs\/jquery\/1.11.3\/jquery.min.js&quot;&gt;&lt;\/script&gt;&lt;!&#8211; [et_pb_line_break_holder] &#8211;&gt;&lt;script src=&quot;https:\/\/marketingplatform.com\/js\/sign-up-dk-home-top-updated.js&quot;&gt;&lt;\/script&gt;&lt;!&#8211; [et_pb_line_break_holder] &#8211;&gt;&lt;!&#8211; [et_pb_line_break_holder] &#8211;&gt;&lt;script src=&quot;https:\/\/marketingplatform.com\/js\/trafficSourceTracker.js&quot;&gt;&lt;\/script&gt;&lt;!&#8211; [et_pb_line_break_holder] &#8211;&gt;&lt;script&gt;&lt;!&#8211; [et_pb_line_break_holder] &#8211;&gt;trafficSrcCookie.setCookie(); &lt;!&#8211; [et_pb_line_break_holder] &#8211;&gt;&lt;\/script&gt;&lt;!&#8211; [et_pb_line_break_holder] &#8211;&gt;&lt;div class=&quot;myForm&quot;&gt;&lt;!&#8211; [et_pb_line_break_holder] &#8211;&gt; &lt;div class=&quot;sign_up&quot;&gt;&lt;!&#8211; [et_pb_line_break_holder] &#8211;&gt; &lt;div class=&quot;step1 text-box step_fir&quot;&gt;&lt;!&#8211; [et_pb_line_break_holder] &#8211;&gt; &lt;div class=&quot;displayblock&quot;&gt;&lt;!&#8211; [et_pb_line_break_holder] &#8211;&gt; &lt;input type=&quot;text&quot; name=&quot;email&quot; class=&quot;emailvalue&quot; placeholder=&quot;Indtast din e-mailadresse&quot; style=&quot;margin-right:10px;&quot;&gt;&lt;!&#8211; [et_pb_line_break_holder] &#8211;&gt; &lt;\/div&gt;&lt;!&#8211; [et_pb_line_break_holder] &#8211;&gt; &lt;div class=&quot;displayblock&quot;&gt;&lt;!&#8211; [et_pb_line_break_holder] &#8211;&gt; &lt;input type=&quot;button&quot; value=&quot;Ja tak &#8211; lad mig pr\u00f8ve!&quot; class=&quot;button trial-btn-blue step1btn&quot; style=&quot;background:#09cd6f!important;&quot;&gt;&lt;!&#8211; [et_pb_line_break_holder] &#8211;&gt; &lt;\/div&gt;&lt;!&#8211; [et_pb_line_break_holder] &#8211;&gt; &lt;\/div&gt;&lt;!&#8211; [et_pb_line_break_holder] &#8211;&gt; &lt;div class=&quot;step2 text-box&quot; style=&quot;display: none;&quot;&gt;&lt;\/div&gt;&lt;!&#8211; [et_pb_line_break_holder] &#8211;&gt; &lt;div class=&quot;step2 text-box &quot; style=&quot;display: none;&quot;&gt;&lt;!&#8211; [et_pb_line_break_holder] &#8211;&gt; &lt;div class=&quot;displayblock&quot; style=&quot;width: 400px;&quot;&gt;&lt;!&#8211; [et_pb_line_break_holder] &#8211;&gt; &lt;input type=&quot;text&quot; name=&quot;CustomFields[496]&quot; class=&quot;CustomFields_496_51&quot; value=&quot;&quot; size=&quot;50&quot; placeholder=&quot;Firmanavn&quot;&gt;&lt;!&#8211; [et_pb_line_break_holder] &#8211;&gt; &lt;\/div&gt;&lt;!&#8211; [et_pb_line_break_holder] &#8211;&gt; &lt;div class=&quot;displayblock&quot; style=&quot;width: 400px;&quot;&gt;&lt;!&#8211; [et_pb_line_break_holder] &#8211;&gt; &lt;input type=&quot;text&quot; name=&quot;CustomFields[2]&quot; class=&quot;CustomFields_2_51&quot; value=&quot;&quot; size=&quot;50&quot; placeholder=&quot;Dit Navn&quot;&gt;&lt;!&#8211; [et_pb_line_break_holder] &#8211;&gt; &lt;\/div&gt;&lt;!&#8211; [et_pb_line_break_holder] &#8211;&gt; &lt;div class=&quot;displayblock&quot; style=&quot;width: 400px;&quot;&gt;&lt;!&#8211; [et_pb_line_break_holder] &#8211;&gt; &lt;input type=&quot;text&quot; name=&quot;CustomFields[497]&quot; class=&quot;CustomFields_497_51&quot; value=&quot;&quot; size=&quot;50&quot; placeholder=&quot;Mobil Nummer&quot;&gt;&lt;!&#8211; [et_pb_line_break_holder] &#8211;&gt; &lt;\/div&gt;&lt;!&#8211; [et_pb_line_break_holder] &#8211;&gt; &lt;div class=&quot;displayblock sec_step_but&quot;&gt;&lt;!&#8211; [et_pb_line_break_holder] &#8211;&gt; &lt;input id=&quot;step2&quot; type=&quot;button&quot; value=&quot;Ja tak &#8211; lad mig pr\u00f8ve!&quot; class=&quot;button1 trial-btn-blue&quot; style=&quot;background:#09cd6f!important;&quot;&gt;&lt;!&#8211; [et_pb_line_break_holder] &#8211;&gt; &lt;\/div&gt;&lt;!&#8211; [et_pb_line_break_holder] &#8211;&gt; &lt;div&gt;&lt;!&#8211; [et_pb_line_break_holder] &#8211;&gt; &lt;div style=&quot;display: none;&quot; id=&quot;alertSpan&quot;&gt;&lt;!&#8211; [et_pb_line_break_holder] &#8211;&gt; &lt;span style=&quot;color: red;&quot;&gt;Du skal udfylde alle felter&lt;\/span&gt;&lt;!&#8211; [et_pb_line_break_holder] &#8211;&gt; &lt;\/div&gt;&lt;!&#8211; [et_pb_line_break_holder] &#8211;&gt; &lt;\/div&gt;&lt;!&#8211; [et_pb_line_break_holder] &#8211;&gt; &lt;div&gt;&lt;!&#8211; [et_pb_line_break_holder] &#8211;&gt; &lt;div style=&quot;display: none;&quot; id=&quot;alertEmailSpan&quot;&gt;&lt;!&#8211; [et_pb_line_break_holder] &#8211;&gt; &lt;span style=&quot;color: red;&quot;&gt;Indtast din e-mailadresse&lt;\/span&gt;&lt;!&#8211; [et_pb_line_break_holder] &#8211;&gt; &lt;\/div&gt;&lt;!&#8211; [et_pb_line_break_holder] &#8211;&gt; &lt;\/div&gt;&lt;!&#8211; [et_pb_line_break_holder] &#8211;&gt; &lt;\/div&gt;&lt;!&#8211; [et_pb_line_break_holder] &#8211;&gt; &lt;\/div&gt;&lt;!&#8211; [et_pb_line_break_holder] &#8211;&gt;&lt;\/div&gt;[\/et_pb_code][\/et_pb_column][\/et_pb_row][\/et_pb_section]<\/p>\n","protected":false},"excerpt":{"rendered":"<p>Hvem bestemmer over din online markedsf\u00f8ring Mailkampagner er det medie, som ene og alene kontrolleres af virksomheden der sender kampagnen. Alle andre online marketing metoder kontrolleres reelt af platformen bag annonceringer. Derfor er et miks af forskellige platforme essentielt. Dels for at sikre den rigtige r\u00e6kkevidde, men ogs\u00e5 for at minimere b\u00e5de risikoen og omkostningerne. [&hellip;]<\/p>\n","protected":false},"author":50,"featured_media":0,"parent":0,"menu_order":0,"comment_status":"closed","ping_status":"closed","template":"","meta":{"_et_pb_use_builder":"on","_et_pb_old_content":"<p class=\"p1\">Mailkampagner er det medie, som ene og alene kontrolleres af virksomheden der sender kampagnen. Alle andre online marketing metoder kontrolleres reelt af platformen bag annonceringer. Derfor er et miks af forskellige platforme essentielt. Dels for at sikre den rigtige r\u00e6kkevidde, men ogs\u00e5 for at minimere b\u00e5de risikoen og omkostningerne.<\/p>\r\n<p class=\"p3\"><span class=\"s1\">\"Ikke alene er email marketing den mest risikofrie kampagneform - det er ogs\u00e5 den suver\u00e6nt billigste. Med en ROI der er langt h\u00f8jere end b\u00e5de SEO, SEM og Facebook annoncering\", fort\u00e6ller Kim \u00d8stergaard, der har grundlagt MarketingPlatform. En dansk email marketing virksomhed der hver m\u00e5ned sender over 300.000.000 mails p\u00e5 vegne af deres kunder.<\/span><\/p>\r\n<p class=\"p3\"><a href=\"https:\/\/marketingplatform.com\/wp-content\/uploads\/2017\/04\/mp-digitalmarketing-1024x507.gif\"><img class=\"alignright wp-image-2536\" src=\"https:\/\/marketingplatform.com\/wp-content\/uploads\/2017\/04\/mp-digitalmarketing-1024x507.gif\" alt=\"mp-digitalmarketing\" width=\"676\" height=\"335\" \/><\/a><\/p>\r\n\r\n<h4 class=\"p3\"><span class=\"s1\"><b>Facebook og Google bestemmer p\u00e5 deres platforme<\/b><\/span><\/h4>\r\n<p class=\"p3\"><span class=\"s1\">Facebook og deres algoritme optimerer den organiske visning, og tvinger virksomhederne til lommerne. Googles budsystem med Google Adwords fors\u00f8ger konstant at optimere profitten for netop Google. <\/span><\/p>\r\n<p class=\"p3\"><span class=\"s1\">Fornylig \u00e6ndrede Facebook deres algoritme, hvilket har betydet at de ikke-betalte visninger, nu kun kommer ud til ca. 8% af f\u00f8lgerne. En enorm devaluering af f\u00f8lgernes v\u00e6rdi. Vil du som virksomhed n\u00e5 alle dine f\u00f8lgere, m\u00e5 du til lommerne og betale for annoncering af tidligere organiske opslag. <\/span><\/p>\r\n<p class=\"p3\"><span class=\"s1\">Det stiller igen skarpt p\u00e5 email marketing som marketingkanal. Hvor Facebook tidligere reelt lod virksomhederne f\u00e5 v\u00e6rdi af deres f\u00f8lgere, er email marketing nu igen alene p\u00e5 f\u00f8rstepladsen. <\/span><\/p>\r\n\r\n<h4 class=\"p3\"><span class=\"s1\"><b>Mail er mediet med de fleste apps<\/b><\/span><\/h4>\r\n<p class=\"p3\"><span class=\"s1\">Mail er en meget moden teknologi, der har mange \u00e5r p\u00e5 bagen. Det betyder ogs\u00e5 at markedet for apps er enormt modent. Faktisk findes der s\u00e5 mange forskellige mailprogrammer, at ingen rigtigt har et overblik over dem. <\/span><\/p>\r\n<p class=\"p3\"><span class=\"s1\">De mest anvendte er Gmail, Outlook b\u00e5de i form af webtjenesten og programmet - samt de forskellige mobile udgaver p\u00e5 iOS og Android. <\/span><\/p>\r\n<p class=\"p3\"><span class=\"s1\">Det betyder at alle med en mailkonto, eller flere for den sags skyld, tjekker mail via forskellige enheder. F\u00f8rst om morgenen p\u00e5 mobilen, i l\u00f8bet af dagen p\u00e5 computeren, og igen om eftermiddagen p\u00e5 mobil, m\u00e5ske lidt p\u00e5 computeren om aftenen - og igen sent p\u00e5 mobilen. <\/span><\/p>\r\n<p class=\"p3\"><span class=\"s1\">Samtidigt er mail ogs\u00e5 mediet med den st\u00f8rste udbredelse. Alle har en mailkonto. <\/span><\/p>\r\n\r\n<h4 class=\"p3\"><span class=\"s1\"><b>Det forpligtiger selv at kunne bestemme<\/b><\/span><\/h4>\r\n<p class=\"p3\"><span class=\"s1\">Som virksomhed bestemmer du selv frekvensen, m\u00e5lgruppen, indholdet, designet og ja kort sagt det hele i en mailkampagne. Naturligvis forpligtiger det - og stiller krav til viden og indsigt. <\/span><\/p>\r\n<p class=\"p3\"><span class=\"s1\">For det f\u00f8rste skal den helt grundl\u00e6ggende permission v\u00e6re tilstede. Alts\u00e5 at modtageren aktivt har accepteret at ville modtage din virksomheds nyhedsbrev. Husk ogs\u00e5 at n\u00e6vne SMS eller anden elektronisk kommunikation. Dern\u00e6st skal der foreligge en slags aftale om frekvensen. \"Tilmeld vores ugentlige nyhedsbrev\", skal hverken komme m\u00e5nedligt eller dagligt. S\u00e5 vil alt for mange afmelde sig. <\/span><\/p>\r\n<p class=\"p3\"><span class=\"s1\">Men det vigtigste er indholdet. At kommunikationen er god og indholdet relevant for modtageren.<\/span><\/p>\r\n\r\n<h4 class=\"p3\"><span class=\"s1\"><b>Udbyttet med email marketing er i en klasse for sig<\/b><\/span><\/h4>\r\n<p class=\"p3\"><span class=\"s1\">Adskillige analyser viser, at email marketing har en markant h\u00f8jere ROI, end andre online marketing former. Sagt lidt popul\u00e6rt er email og kommercielle nyhedsbreve kommet for at blive. <\/span><\/p>\r\n<p class=\"p3\"><span class=\"s1\">Alle eksperter fors\u00f8gte at afskrive nyhedsbrevene i 2012, hvor Facebook var det nye store. Men efterf\u00f8lgende er email marketing igen kommet p\u00e5 menuen - og blevet det centrale omdrejningspunkt i de mange kunde- og loyalitetskoncepter. <\/span><\/p>\r\n<p class=\"p3\"><span class=\"s1\">\"Hos MarketingPlatform oplever vi en voldsom v\u00e6kst, en v\u00e6kst der er drevet af virksomhedernes store appetit p\u00e5 at \u00f8de loyaliteten og dermed deres long-tail \u00f8konomi\", fort\u00e6ller grundl\u00e6gger Kim \u00d8stergaard. <\/span><\/p>","_et_gb_content_width":"","footnotes":""},"categories":[],"tags":[],"yst_prominent_words":[555,553,550,174,212,563,175,2383,551,549,1000,560,87,552,124,562,2380,554,2381,2382],"_links":{"self":[{"href":"https:\/\/marketingplatform.com\/da\/wp-json\/wp\/v2\/pages\/4703"}],"collection":[{"href":"https:\/\/marketingplatform.com\/da\/wp-json\/wp\/v2\/pages"}],"about":[{"href":"https:\/\/marketingplatform.com\/da\/wp-json\/wp\/v2\/types\/page"}],"author":[{"embeddable":true,"href":"https:\/\/marketingplatform.com\/da\/wp-json\/wp\/v2\/users\/50"}],"replies":[{"embeddable":true,"href":"https:\/\/marketingplatform.com\/da\/wp-json\/wp\/v2\/comments?post=4703"}],"version-history":[{"count":0,"href":"https:\/\/marketingplatform.com\/da\/wp-json\/wp\/v2\/pages\/4703\/revisions"}],"wp:attachment":[{"href":"https:\/\/marketingplatform.com\/da\/wp-json\/wp\/v2\/media?parent=4703"}],"wp:term":[{"taxonomy":"category","embeddable":true,"href":"https:\/\/marketingplatform.com\/da\/wp-json\/wp\/v2\/categories?post=4703"},{"taxonomy":"post_tag","embeddable":true,"href":"https:\/\/marketingplatform.com\/da\/wp-json\/wp\/v2\/tags?post=4703"},{"taxonomy":"yst_prominent_words","embeddable":true,"href":"https:\/\/marketingplatform.com\/da\/wp-json\/wp\/v2\/yst_prominent_words?post=4703"}],"curies":[{"name":"wp","href":"https:\/\/api.w.org\/{rel}","templated":true}]}}