{"id":4701,"date":"2017-04-05T07:40:27","date_gmt":"2017-04-05T05:40:27","guid":{"rendered":"https:\/\/marketingplatform.com\/?page_id=4701\/"},"modified":"2020-02-20T09:32:53","modified_gmt":"2020-02-20T08:32:53","slug":"nyhedsbreve-den-mest-effektive-kommunikationsform","status":"publish","type":"page","link":"https:\/\/marketingplatform.com\/da\/artikler-presse\/nyhedsbreve-den-mest-effektive-kommunikationsform\/","title":{"rendered":"St\u00f8rstedelen af alle danske virksomheder mangler den mest effektive kommunikationsform \u2013 et konkurrenceproblem mener ekspert"},"content":{"rendered":"<p>[et_pb_section fb_built=&#8221;1&#8243; admin_label=&#8221;section&#8221; _builder_version=&#8221;3.22&#8243;][et_pb_row admin_label=&#8221;row&#8221; _builder_version=&#8221;3.25&#8243; background_size=&#8221;initial&#8221; background_position=&#8221;top_left&#8221; background_repeat=&#8221;repeat&#8221;][et_pb_column type=&#8221;4_4&#8243; _builder_version=&#8221;3.25&#8243; custom_padding=&#8221;|||&#8221; custom_padding__hover=&#8221;|||&#8221;][et_pb_text _builder_version=&#8221;4.0.2&#8243; background_size=&#8221;initial&#8221; background_position=&#8221;top_left&#8221; background_repeat=&#8221;repeat&#8221; hover_enabled=&#8221;0&#8243; use_border_color=&#8221;off&#8221;]<\/p>\n<h1>Nyhedsbreve er den mest effektive kontaktform<\/h1>\n<p><strong>St\u00f8rstedelen af alle danske virksomheder mangler den mest effektive kommunikationsform \u2013 et konkurrenceproblem mener ekspert<\/strong><\/p>\n<p style=\"line-height: 2em;\">Nyhedsbreve er den mest effektive kontaktform m\u00e5lt p\u00e5 investering kontra udbytte. Et <a title=\"Nyhedsbrev \u2013 skabeloner\" href=\"https:\/\/marketingplatform.com\/da\/skabelon-nyhedsbrev\/\" target=\"_blank\" rel=\"noopener noreferrer\">korrekt udsendt nyhedsbrev<\/a> giver pengene hele 40 gange igen. Det er langt foran andre online marketing metoder, hvor s\u00f8gemaskineoptimering giver pengene 22 gange igen &#8211; efterfulgt af s\u00f8gemaskinemarketing, f.eks. Google Adwords med en 19 gange forventet tilbagebetaling. Det fort\u00e6ller de nyeste amerikanske unders\u00f8gelser fra RSW.<\/p>\n<p>Trods det faktum at udsendelse af nyhedsbreve, ogs\u00e5 kaldet email marketing, er den mest effektive kommunikationsform, mangler hovedparten af de danske virksomheder stadig at tage kommunikationsformen seri\u00f8st.<\/p>\n<p>Der findes ingen officielle danske tal for omr\u00e5det, men sammenlignelige amerikanske unders\u00f8gelser viser, at kun 4% af de mindste virksomheder anvender email marketing som kommunikationsform. Et tal der stiger til ca. 20% for de mellemstore og st\u00f8rre virksomheder. Kun de st\u00f8rste amerikanske, og danske virksomheder, anvender nyhedsbreve som en seri\u00f8s og integreret del af deres kommunikation. For de st\u00f8rste virksomheder er anvendelsesgraden p\u00e5 75% &#8211; et tal der ikke overrasker email marketing expert Kim \u00d8stergaard fra virksomheden eMailPlatform.dk : \u201dVore st\u00f8rste kunder tager email meget seri\u00f8st i deres samlede kommunikations mix, og planl\u00e6gger aktiviteterne p\u00e5 linie med deres \u00f8vrige markedsf\u00f8ring\u201d.<\/p>\n<p>&nbsp;<\/p>\n<h4>Virksomhederne mangler viden<\/h4>\n<p>Mange mindre og mellemstore virksomheder mangler viden omkring mediet. Samtidigt ser de en ubegrundet stor teknisk barriere. Et faktum der i sidste ende kan koste Danmark konkurrenceevne. Et korrekt udsendt nyhedsbrev giver pengene 40 gange igen, hvilket er n\u00e6sten dobbelt s\u00e5 effektivt, i forhold til de \u00f8vrige online marketing metoder som s\u00f8gemaskineoptimering og betalte s\u00f8geord.<\/p>\n<p>Hos b\u00f8rsnoterede BoConcept A\/S, er marketingdirekt\u00f8r Palle Larsen bevidst omkring styrkerne ved email marketing. \u201dVi har flere fuldtidsressourcer, der arbejder med vores online kommunikation. Og ser en klar cross-channel effekt (her online kanalens evne til at tr\u00e6kke kunder til butikkerne, red.) &#8211; ved at udsende nyhedsbreve p\u00e5 vore mere end 50 markeder\u201d.<\/p>\n<p>Danmark har flere specialiserede r\u00e5dgivningsvirksomheder, der arbejder med email marketing. Faktisk er den d\u00e5rlige udnyttelsesgrad, blandt de mellemstore- og mindre virksomheder, paradoksal i et land hvor r\u00e5dgiver markedet er s\u00e5 modent.<\/p>\n<p>Hos eMailPlatform.dk er de ikke i tvivl om en af \u00e5rsagerne, til den d\u00e5rlige penetration af markedet. De seri\u00f8se l\u00f8sninger har simpelthen v\u00e6ret for dyre for de lidt mindre virksomheder. Noget virksomheden har \u00e6ndret p\u00e5. \u201dVores mindste l\u00f8sning koster kun 200 kr. i m\u00e5neden \u2013 selv der tager vi os tid til at hj\u00e6lpe kunden godt i gang\u201d, fort\u00e6ller Kim \u00d8stergaard. Han tror p\u00e5 at tilf\u00f8rt viden og l\u00f8bende sparring er vejen til kundernes succes &#8211; og til et langvarigt kundeforhold.<\/p>\n<p>[\/et_pb_text][\/et_pb_column][\/et_pb_row][\/et_pb_section][et_pb_section fb_built=&#8221;1&#8243; custom_padding_last_edited=&#8221;on|phone&#8221; module_class=&#8221;ressourcer-signup&#8221; _builder_version=&#8221;4.0.2&#8243; background_color=&#8221;#dee7f1&#8243; custom_padding=&#8221;7%||&#8221; custom_padding_tablet=&#8221;12%||||false|false&#8221; custom_padding_phone=&#8221;17%||||false|false&#8221; top_divider_style=&#8221;asymmetric2&#8243; top_divider_color=&#8221;#ffffff&#8221; top_divider_height=&#8221;60px&#8221; global_module=&#8221;19033&#8243;][et_pb_row _builder_version=&#8221;3.25&#8243; background_size=&#8221;initial&#8221; background_position=&#8221;top_left&#8221; background_repeat=&#8221;repeat&#8221; custom_margin=&#8221;||10px&#8221; custom_padding=&#8221;||10px&#8221;][et_pb_column type=&#8221;4_4&#8243; _builder_version=&#8221;3.25&#8243; custom_padding=&#8221;|||&#8221; custom_padding__hover=&#8221;|||&#8221;][et_pb_text _builder_version=&#8221;4.0.2&#8243; text_orientation=&#8221;center&#8221; hover_enabled=&#8221;0&#8243;]<\/p>\n<h2 style=\"font-style: normal;\">Pr\u00f8v MarketingPlatform gratis i 14 dage<\/h2>\n<p style=\"font-style: normal;\">Pr\u00f8veperioden er gratis, helt uforpligtende og udl\u00f8ber efter 14 dage, hvis du ikke \u00f8nsker at forts\u00e6tte.<br \/> Ved tilmelding modtager du samtidig vores uddannelsesflow p\u00e5 en serie af mails \u2013 og vores nyhedsbrev.<\/p>\n<p>[\/et_pb_text][\/et_pb_column][\/et_pb_row][et_pb_row _builder_version=&#8221;4.0.2&#8243;][et_pb_column type=&#8221;4_4&#8243; _builder_version=&#8221;4.0.2&#8243;][et_pb_code _builder_version=&#8221;4.0.2&#8243; text_orientation=&#8221;center&#8221;]<a href=\"https:\/\/marketingplatform.com\/da\/gratis-proeveversion\/\" class=\"green-btn2\" style=\"background:#09cd6f; padding:18px 60px; margin-bottom:10px!important;\">Pr\u00f8v os gratis nu<\/a> <a href=\"https:\/\/marketingplatform.com\/da\/book-emailplatform-demo\/\" class=\"green-btn2\" style=\"background:#0daae2; padding:18px 70px;\">Book demo<\/a>[\/et_pb_code][\/et_pb_column][\/et_pb_row][et_pb_row _builder_version=&#8221;4.0.2&#8243; max_width=&#8221;768px&#8221; custom_margin=&#8221;15px||0px||false|false&#8221; custom_padding=&#8221;0px||0px&#8221; use_custom_width=&#8221;on&#8221; custom_width_px=&#8221;768px&#8221;][et_pb_column type=&#8221;4_4&#8243; _builder_version=&#8221;3.25&#8243; custom_padding=&#8221;|||&#8221; custom_padding__hover=&#8221;|||&#8221;][et_pb_code _builder_version=&#8221;4.0.2&#8243;]<\/p>\n<div class=\"awards-align\" ><!-- [et_pb_line_break_holder] --><\/p>\n<div style=\"float:left; width:14%; text-align:right;   margin-right: 2%;\"><!-- [et_pb_line_break_holder] --><img decoding=\"async\" src=\"https:\/\/marketingplatform.com\/wp-content\/uploads\/2020\/01\/primotours.png\" width=\"56\" style=\"margin:10px 20px 20px 0px;\"><!-- [et_pb_line_break_holder] --><\/div>\n<p><!-- [et_pb_line_break_holder] --><\/p>\n<div style=\"float:left; width:20%; text-align:center;    margin-right: 4%;\"><!-- [et_pb_line_break_holder] --><img decoding=\"async\" src=\"https:\/\/marketingplatform.com\/wp-content\/uploads\/2019\/11\/med24-gray.png\" width=\"100\" style=\"margin:20px 0px 20px 10px;\"><!-- [et_pb_line_break_holder] --><\/div>\n<p><!-- [et_pb_line_break_holder] --><\/p>\n<div style=\"float:left; width:18%;    margin-right: 1%;\"><!-- [et_pb_line_break_holder] --><img decoding=\"async\" src=\"https:\/\/marketingplatform.com\/wp-content\/uploads\/2019\/08\/cykelpartner-logo.png\" width=\"180\" style=\"margin:29px 20px 20px 0px;\"><!-- [et_pb_line_break_holder] --><\/div>\n<p><!-- [et_pb_line_break_holder] --><\/p>\n<div style=\"float:left; width:20%; text-align:center;     margin-right: 1%;\"><!-- [et_pb_line_break_holder] --><img decoding=\"async\" src=\"https:\/\/marketingplatform.com\/wp-content\/uploads\/2019\/04\/aldi-grey.png\" width=\"50\" style=\"margin:10px 0px 20px 0px;\"><!-- [et_pb_line_break_holder] --><\/div>\n<p><!-- [et_pb_line_break_holder] --><\/p>\n<div style=\"float:left; width:18%;      margin-right: 2%;  text-align: center;\"><!-- [et_pb_line_break_holder] --><img decoding=\"async\" src=\"https:\/\/marketingplatform.com\/wp-content\/uploads\/2019\/02\/verisure-logo.png\" width=\"120\" style=\"margin:18px 0px 20px 0px;\"><!-- [et_pb_line_break_holder] --><\/div>\n<p><!-- [et_pb_line_break_holder] --><\/div>\n<p>[\/et_pb_code][\/et_pb_column][\/et_pb_row][\/et_pb_section]<\/p>\n","protected":false},"excerpt":{"rendered":"<p>Nyhedsbreve er den mest effektive kontaktform St\u00f8rstedelen af alle danske virksomheder mangler den mest effektive kommunikationsform \u2013 et konkurrenceproblem mener ekspert Nyhedsbreve er den mest effektive kontaktform m\u00e5lt p\u00e5 investering kontra udbytte. Et korrekt udsendt nyhedsbrev giver pengene hele 40 gange igen. Det er langt foran andre online marketing metoder, hvor s\u00f8gemaskineoptimering giver pengene 22 [&hellip;]<\/p>\n","protected":false},"author":50,"featured_media":0,"parent":4520,"menu_order":0,"comment_status":"closed","ping_status":"closed","template":"","meta":{"_et_pb_use_builder":"on","_et_pb_old_content":"<h1 style=\"line-height: 2em;\">St\u00f8rstedelen af alle danske virksomheder mangler den mest effektive kommunikationsform \u2013 et konkurrenceproblem mener ekspert<\/h1>\r\n\u00a0\r\n<h2 style=\"line-height: 2em;\">Nyhedsbreve er den mest effektive kontaktform m\u00e5lt p\u00e5 investering kontra udbytte. Et <a title=\"Nyhedsbrev \u2013 skabeloner\" href=\"https:\/\/mailplatform.dk\/udvalgte-funktioner\/nyhedsbrev-skabeloner\/\" target=\"_blank\">korrekt udsendt nyhedsbrev<\/a> giver pengene hele 40 gange igen. Det er langt foran andre online marketing metoder, hvor s\u00f8gemaskineoptimering giver pengene 22 gange igen - efterfulgt af s\u00f8gemaskinemarketing, f.eks. Google Adwords med en 19 gange forventet tilbagebetaling. Det fort\u00e6ller de nyeste amerikanske unders\u00f8gelser fra RSW.<\/h2>\r\nTrods det faktum at udsendelse af nyhedsbreve, ogs\u00e5 kaldet email marketing, er den mest effektive kommunikationsform, mangler hovedparten af de danske virksomheder stadig at tage kommunikationsformen seri\u00f8st.\r\n\r\nDer findes ingen officielle danske tal for omr\u00e5det, men sammenlignelige amerikanske unders\u00f8gelser viser, at kun 4% af de mindste virksomheder anvender <a title=\"Email marketing software\" href=\"https:\/\/mailplatform.dk\/sample-page\/email-marketing-software\/\" target=\"_blank\">email marketing som kommunikationsform<\/a>. Et tal der stiger til ca. 20% for de mellemstore og st\u00f8rre virksomheder. Kun de st\u00f8rste amerikanske, og danske virksomheder, anvender nyhedsbreve som en seri\u00f8s og integreret del af deres kommunikation. For de st\u00f8rste virksomheder er anvendelsesgraden p\u00e5 75% - et tal der ikke overrasker email marketing expert Kim \u00d8stergaard fra virksomheden MarketingPlatform.dk : \u201dVore st\u00f8rste kunder tager email meget seri\u00f8st i deres samlede kommunikations mix, og planl\u00e6gger aktiviteterne p\u00e5 linie med deres \u00f8vrige markedsf\u00f8ring\u201d.\r\n\r\n\u00a0\r\n\r\n<strong>Virksomhederne mangler viden<\/strong>\r\n\r\nMange mindre og mellemstore virksomheder mangler viden omkring mediet. Samtidigt ser de en ubegrundet stor teknisk barriere. Et faktum der i sidste ende kan koste Danmark konkurrenceevne. Et korrekt udsendt nyhedsbrev giver pengene 40 gange igen, hvilket er n\u00e6sten dobbelt s\u00e5 effektivt, i forhold til de \u00f8vrige online marketing metoder som s\u00f8gemaskineoptimering og betalte s\u00f8geord.\r\n\r\nHos b\u00f8rsnoterede <a href=\"https:\/\/www.boconcept.dk\" target=\"_blank\">BoConcept A\/S<\/a>, er marketingdirekt\u00f8r Palle Larsen bevidst omkring styrkerne ved email marketing. \u201dVi har flere fuldtidsressourcer, der arbejder med vores online kommunikation. Og ser en klar cross-channel effekt (her online kanalens evne til at tr\u00e6kke kunder til butikkerne, red.) - ved at udsende nyhedsbreve p\u00e5 vore mere end 50 markeder\u201d.\r\n\r\n<a href=\"https:\/\/loyalitet.com\/email-marketing\/\" target=\"_blank\">Danmark har flere specialiserede r\u00e5dgivningsvirksomheder<\/a>, der arbejder med email marketing. Faktisk er den d\u00e5rlige udnyttelsesgrad, blandt de mellemstore- og mindre virksomheder, paradoksal i et land hvor r\u00e5dgiver markedet er s\u00e5 modent.\r\n\r\nHos MarketingPlatform.dk er de ikke i tvivl om en af \u00e5rsagerne, til den d\u00e5rlige penetration af markedet. De seri\u00f8se l\u00f8sninger har simpelthen v\u00e6ret for dyre for de lidt mindre virksomheder. Noget virksomheden har \u00e6ndret p\u00e5. \u201dVores mindste l\u00f8sning koster kun 200 kr. i m\u00e5neden \u2013 selv der tager vi os tid til at hj\u00e6lpe kunden godt i gang\u201d, fort\u00e6ller Kim \u00d8stergaard. Han tror p\u00e5 at tilf\u00f8rt viden og l\u00f8bende sparring er vejen til kundernes succes - og til et langvarigt kundeforhold.\r\n<h4>Pr\u00f8v MarketingPlatform gratis i 30 dage<\/h4>\r\n[optin_box style=\"8\" alignment=\"left\" action=\"https:\/\/www.mailmailmail.net\/form.php?form=65\" method=\"post\" email_field=\"email\" email_default=\"Din arbejds e-mail\" integration_type=\"custom\" double_optin=\"Y\" name_field=\"CustomFields%5B2%5D\" name_default=\"Dit navn\" extra_field_1_name=\"CustomFields%5B110%5D\" extra_field_1_title=\"Firmanavn\" extra_field_2_name=\"CustomFields%5B5%5D\" extra_field_2_title=\"Telefon\"][optin_box_hidden][\/optin_box_hidden][optin_box_code]\r\n\r\n[\/optin_box_code][optin_box_field name=\"headline\"][\/optin_box_field][optin_box_field name=\"paragraph\"][\/optin_box_field][optin_box_field name=\"privacy\"]Vi passer godt p\u00e5 dine oplysninger og deler dem ikke med andre.\r\nVi optager kun seri\u00f8se virksomheder, der ikke spammer, som kunder.[\/optin_box_field][optin_box_field name=\"top_color\"]undefined[\/optin_box_field][optin_box_button type=\"0\" button_below=\"Y\"]Pr\u00f8v MailPlatform gratis[\/optin_box_button] [\/optin_box]\r\n<div><\/div>\r\n\u00a0","_et_gb_content_width":"","footnotes":""},"categories":[],"tags":[],"yst_prominent_words":[2348,2084,2071,6172,175,2353,2085,6171,2345,2083,2351,2344,2082,2349,6173,6170,2347,224,2350,2090],"_links":{"self":[{"href":"https:\/\/marketingplatform.com\/da\/wp-json\/wp\/v2\/pages\/4701"}],"collection":[{"href":"https:\/\/marketingplatform.com\/da\/wp-json\/wp\/v2\/pages"}],"about":[{"href":"https:\/\/marketingplatform.com\/da\/wp-json\/wp\/v2\/types\/page"}],"author":[{"embeddable":true,"href":"https:\/\/marketingplatform.com\/da\/wp-json\/wp\/v2\/users\/50"}],"replies":[{"embeddable":true,"href":"https:\/\/marketingplatform.com\/da\/wp-json\/wp\/v2\/comments?post=4701"}],"version-history":[{"count":2,"href":"https:\/\/marketingplatform.com\/da\/wp-json\/wp\/v2\/pages\/4701\/revisions"}],"predecessor-version":[{"id":51588,"href":"https:\/\/marketingplatform.com\/da\/wp-json\/wp\/v2\/pages\/4701\/revisions\/51588"}],"up":[{"embeddable":true,"href":"https:\/\/marketingplatform.com\/da\/wp-json\/wp\/v2\/pages\/4520"}],"wp:attachment":[{"href":"https:\/\/marketingplatform.com\/da\/wp-json\/wp\/v2\/media?parent=4701"}],"wp:term":[{"taxonomy":"category","embeddable":true,"href":"https:\/\/marketingplatform.com\/da\/wp-json\/wp\/v2\/categories?post=4701"},{"taxonomy":"post_tag","embeddable":true,"href":"https:\/\/marketingplatform.com\/da\/wp-json\/wp\/v2\/tags?post=4701"},{"taxonomy":"yst_prominent_words","embeddable":true,"href":"https:\/\/marketingplatform.com\/da\/wp-json\/wp\/v2\/yst_prominent_words?post=4701"}],"curies":[{"name":"wp","href":"https:\/\/api.w.org\/{rel}","templated":true}]}}