{"id":4681,"date":"2017-04-04T15:12:22","date_gmt":"2017-04-04T13:12:22","guid":{"rendered":"https:\/\/marketingplatform.com\/?page_id=4681\/"},"modified":"2020-02-20T09:43:43","modified_gmt":"2020-02-20T08:43:43","slug":"hvad-koster-et-nyhedsbrev","status":"publish","type":"page","link":"https:\/\/marketingplatform.com\/da\/artikler-presse\/hvad-koster-et-nyhedsbrev\/","title":{"rendered":"Hvad koster et nyhedsbrev"},"content":{"rendered":"<p>[et_pb_section fb_built=&#8221;1&#8243; admin_label=&#8221;section&#8221; _builder_version=&#8221;3.22&#8243; transparent_background=&#8221;off&#8221;][et_pb_row admin_label=&#8221;row&#8221; _builder_version=&#8221;3.25&#8243; background_size=&#8221;initial&#8221; background_position=&#8221;top_left&#8221; background_repeat=&#8221;repeat&#8221; custom_padding=&#8221;0px||0px|&#8221;][et_pb_column type=&#8221;4_4&#8243; _builder_version=&#8221;3.25&#8243; custom_padding=&#8221;|||&#8221; custom_padding__hover=&#8221;|||&#8221;][et_pb_text admin_label=&#8221;Text&#8221; _builder_version=&#8221;3.27.4&#8243; background_size=&#8221;initial&#8221; background_position=&#8221;top_left&#8221; background_repeat=&#8221;repeat&#8221; use_border_color=&#8221;off&#8221; border_style=&#8221;solid&#8221;]<\/p>\n<h1>Hvad koster et nyhedsbrev<\/h1>\n<p>[\/et_pb_text][\/et_pb_column][\/et_pb_row][\/et_pb_section][et_pb_section fb_built=&#8221;1&#8243; admin_label=&#8221;section&#8221; _builder_version=&#8221;3.22&#8243; transparent_background=&#8221;off&#8221;][et_pb_row admin_label=&#8221;row&#8221; _builder_version=&#8221;3.25&#8243; background_size=&#8221;initial&#8221; background_position=&#8221;top_left&#8221; background_repeat=&#8221;repeat&#8221; custom_padding=&#8221;0px|||&#8221;][et_pb_column type=&#8221;4_4&#8243; _builder_version=&#8221;3.25&#8243; custom_padding=&#8221;|||&#8221; custom_padding__hover=&#8221;|||&#8221;][et_pb_text admin_label=&#8221;Text&#8221; _builder_version=&#8221;4.0.2&#8243; background_size=&#8221;initial&#8221; background_position=&#8221;top_left&#8221; background_repeat=&#8221;repeat&#8221; hover_enabled=&#8221;0&#8243; use_border_color=&#8221;off&#8221; border_style=&#8221;solid&#8221;]<\/p>\n<h3>Publiceret den 05.01.2012<\/h3>\n<p>fra Markedsf\u00f8ring (gengivet herunder)<\/p>\n<p>Kommentar til artiklen: Markedsf\u00f8ring har desv\u00e6rre ikke regnet korrekt i de priseksempler der er angivet. Der er sammenlignet lidt p\u00e6rer og bananer, dvs. om priserne er for antal mailudsendelser over tid, f.eks. pr. m\u00e5ned, eller for antal modtagere gemt i systemets database. Men det \u00e6ndrer ikke ved det faktum, at prisen p\u00e5 ydelserne hos os er meget attraktive i forhold til andre l\u00f8sninger.<\/p>\n<p>eMailPlatform afregner efter antal sendte mails. Flere andre systemer afregner efter samme model, mens andre afregner efter antal modtagere i databasen \u2013 en model der klart giver en bedre indtjening hos systemleverand\u00f8ren \u2013 det koster ikke meget i diskplads at have modtagere liggende.<\/p>\n<p>Prism\u00e6ssigt er vi citeret forkert. Det koster 1.000 kr. pr. m\u00e5ned for 150.000 mailudsendelser og ubegr\u00e6nset antal modtagere i databasen. Den model synes vi er den mest fair l\u00f8sning for dig som kunde.<\/p>\n<p>Det akkumulerer ligesom ingen v\u00e6rdi for din virksomhed, at du har en stor m\u00e6ngde modtagere i vores system. Det er lidt ligesom at trykke et stort antal brochurer og l\u00e6gge dem p\u00e5 lager \u2013 det s\u00e6lger heller ingen varer. \/\/ Kim \u00d8stergaard<\/p>\n<p>&nbsp;<\/p>\n<h4>Hvad koster et nyhedsbrev?<\/h4>\n<div>Bag ethvert seri\u00f8st nyhedsbrev, der lander i indbakken, ligger et e-mail marketing system. E-mail marketing systemer er popul\u00e6rt sagt en avanceret udgave af \u201cOutlook\u201d, med v\u00e6rkt\u00f8jer m\u00e5lrettet til at skabe nyhedsbreve og sikre at disse lander i modtagerens indbakke. Men hvad koster det?<\/div>\n<div>Af: Lars Hedegaard Pedersen<\/div>\n<div>\n<p>Mange danske virksomheder arbejder i \u00f8jeblikket intenst med at skabe kundeklubber, fordelsprogrammer eller mere enkle maillister for udsendelse af virksomhedens budskaber. Og det er med god grund, fort\u00e6ller Kim \u00d8stergaard fra eMailPlatform.<\/p>\n<ul>\n<li>Fremtidens vindere inden for detailhandel og e-handel, er de, der form\u00e5r at \u00f8ge andelen af deres loyale kunder. B\u00e5de online og for flerkanals detailhandlere. For de butiksk\u00e6der, som ogs\u00e5 agerer online, er det essentielt for overhovedet at tjene penge p\u00e5 den mellemlange og lange bane, siger han.<\/li>\n<\/ul>\n<p>E-handel vil de n\u00e6ste mange \u00e5r v\u00e6re v\u00e6kstlokomotiv for dansk detailhandel. Med stagnation i de fysiske forretninger, og flere steder med direkte tilbagegang, har flere butiksk\u00e6der f\u00e5et \u00f8jnene op for hvor vigtigt kombinationen af online og offline er for forretningens fortsatte udvikling.<\/p>\n<ul>\n<li style=\"text-align: left;\">Det er de f\u00e6rreste, der kan tjene penge p\u00e5, enten online handel eller kombinationen af online og offline, uden at v\u00e6re i besiddelse af et godt e-mail marketing system til udsendelse af regelm\u00e6ssige og effektive kampagner. De fleste brancher taber s\u00e5gar penge p\u00e5 f\u00f8rstegangsk\u00f8bere, og e-mail marketing er fortsat den aktivitet, der konverterer de fleste kunder til genk\u00f8bere, siger Kim \u00d8stergaard og uddyber:<\/li>\n<li>Der findes et utal af danske retailere og e-retailere, der har mail-lister p\u00e5 mellem 5.000-50.000 forbrugere. Faktisk d\u00e6kker det de fleste \u2013 ogs\u00e5 st\u00f8rre butiksk\u00e6der, men priss\u00e6tningen p\u00e5 de seri\u00f8se e-mail-l\u00f8sninger underst\u00f8tter ikke den \u00f8konomiske virkelighed for langt de fleste. Derfor har vi valgt at lancere vores egen emailplatform \u2013 emailplatform.dk \u2013 der er en l\u00f8sning, hvor virksomheder med knap 10.000 medlemmer i kundeklubben kan sende tre m\u00e5nedlige nyhedsbreve for 300 kr., som vi desuden betragter som en god indgangsvinkel til at udbrede kendskabet til vores forretning.<\/li>\n<\/ul>\n<p>&nbsp;<\/p>\n<h4>BabySam \u00f8gede salg<strong><br \/> <\/strong><\/h4>\n<p>BabySam er en af de k\u00e6der, som har \u00f8get online salget, dels ved at m\u00e5lrette budskaberne og ved at skifte til emailplatform.dk.<\/p>\n<p>K\u00e6den har efterf\u00f8lgende kunnet m\u00e5le 4-5 gange h\u00f8jere salg, som e-commerce manager hos BabySam Lars Sand H\u00f8gsberg mener, h\u00e6nger sammen med, at de har \u00e6ndret p\u00e5 de virkemidler, der f\u00e5r forbrugerne til at foretage en omg\u00e5ende handling og en systemm\u00e6ssig langt bedre leveringsevne.<\/p>\n<p>En anden virksomhed, som har benyttet sig af den nye l\u00f8sning er Kop og Kande \u2013 som i \u00f8vrigt tidligere benyttede sig af leverand\u00f8ren, Zoomio, som bekendt sidste \u00e5r <a href=\"https:\/\/www.markedsforing.dk\/artikler\/vis\/artikel\/zoomio-drejer-noeglen-om\/\">m\u00e5tte dreje n\u00f8glen om<\/a>.<\/p>\n<p>Marketingchef Mette Ekmann hos Kop &amp; Kande siger:<\/p>\n<ul>\n<li>Vi har kigget p\u00e5 flere forskellige l\u00f8sninger. Det er hele tiden vigtigt for os \u2013 som de k\u00f8bm\u00e6nd vi er, at priserne er fornuftige og gennemskuelige. Vi vil gerne v\u00e6re sikre p\u00e5, at vi ikke f\u00e5r ekstraregninger, n\u00e5r vi har trykket p\u00e5 send.<\/li>\n<\/ul>\n<\/div>\n<p>[\/et_pb_text][\/et_pb_column][\/et_pb_row][\/et_pb_section][et_pb_section fb_built=&#8221;1&#8243; custom_padding_last_edited=&#8221;on|phone&#8221; module_class=&#8221;ressourcer-signup&#8221; _builder_version=&#8221;4.0.2&#8243; background_color=&#8221;#dee7f1&#8243; custom_padding=&#8221;7%||&#8221; custom_padding_tablet=&#8221;12%||||false|false&#8221; custom_padding_phone=&#8221;17%||||false|false&#8221; top_divider_style=&#8221;asymmetric2&#8243; top_divider_color=&#8221;#ffffff&#8221; top_divider_height=&#8221;60px&#8221; global_module=&#8221;19033&#8243;][et_pb_row _builder_version=&#8221;3.25&#8243; background_size=&#8221;initial&#8221; background_position=&#8221;top_left&#8221; background_repeat=&#8221;repeat&#8221; custom_margin=&#8221;||10px&#8221; custom_padding=&#8221;||10px&#8221;][et_pb_column type=&#8221;4_4&#8243; _builder_version=&#8221;3.25&#8243; custom_padding=&#8221;|||&#8221; custom_padding__hover=&#8221;|||&#8221;][et_pb_text _builder_version=&#8221;4.0.2&#8243; text_orientation=&#8221;center&#8221;]<\/p>\n<h2 style=\"font-style: normal;\">Pr\u00f8v MarketingPlatform gratis i 14 dage<\/h2>\n<p style=\"font-style: normal;\">Pr\u00f8veperioden er gratis, helt uforpligtende og udl\u00f8ber efter 14 dage, hvis du ikke \u00f8nsker at forts\u00e6tte.<br \/> Ved tilmelding modtager du samtidig vores uddannelsesflow p\u00e5 en serie af mails \u2013 og vores nyhedsbrev.<\/p>\n<p>[\/et_pb_text][\/et_pb_column][\/et_pb_row][et_pb_row _builder_version=&#8221;4.0.2&#8243;][et_pb_column type=&#8221;4_4&#8243; _builder_version=&#8221;4.0.2&#8243;][et_pb_code _builder_version=&#8221;4.0.2&#8243; text_orientation=&#8221;center&#8221;]<a href=\"https:\/\/marketingplatform.com\/da\/gratis-proeveversion\/\" class=\"green-btn2\" style=\"background:#09cd6f; padding:18px 60px; margin-bottom:10px!important;\">Pr\u00f8v os gratis nu<\/a> <a href=\"https:\/\/marketingplatform.com\/da\/book-emailplatform-demo\/\" class=\"green-btn2\" style=\"background:#0daae2; padding:18px 70px;\">Book demo<\/a>[\/et_pb_code][\/et_pb_column][\/et_pb_row][et_pb_row _builder_version=&#8221;4.0.2&#8243; max_width=&#8221;768px&#8221; custom_margin=&#8221;15px||0px||false|false&#8221; custom_padding=&#8221;0px||0px&#8221; use_custom_width=&#8221;on&#8221; custom_width_px=&#8221;768px&#8221;][et_pb_column type=&#8221;4_4&#8243; _builder_version=&#8221;3.25&#8243; custom_padding=&#8221;|||&#8221; custom_padding__hover=&#8221;|||&#8221;][et_pb_code _builder_version=&#8221;4.0.2&#8243;]<\/p>\n<div class=\"awards-align\" ><!-- [et_pb_line_break_holder] --><\/p>\n<div style=\"float:left; width:14%; text-align:right;   margin-right: 2%;\"><!-- [et_pb_line_break_holder] --><img decoding=\"async\" src=\"https:\/\/marketingplatform.com\/wp-content\/uploads\/2020\/01\/primotours.png\" width=\"56\" style=\"margin:10px 20px 20px 0px;\"><!-- [et_pb_line_break_holder] --><\/div>\n<p><!-- [et_pb_line_break_holder] --><\/p>\n<div style=\"float:left; width:20%; text-align:center;    margin-right: 4%;\"><!-- [et_pb_line_break_holder] --><img decoding=\"async\" src=\"https:\/\/marketingplatform.com\/wp-content\/uploads\/2019\/11\/med24-gray.png\" width=\"100\" style=\"margin:20px 0px 20px 10px;\"><!-- [et_pb_line_break_holder] --><\/div>\n<p><!-- [et_pb_line_break_holder] --><\/p>\n<div style=\"float:left; width:18%;    margin-right: 1%;\"><!-- [et_pb_line_break_holder] --><img decoding=\"async\" src=\"https:\/\/marketingplatform.com\/wp-content\/uploads\/2019\/08\/cykelpartner-logo.png\" width=\"180\" style=\"margin:29px 20px 20px 0px;\"><!-- [et_pb_line_break_holder] --><\/div>\n<p><!-- [et_pb_line_break_holder] --><\/p>\n<div style=\"float:left; width:20%; text-align:center;     margin-right: 1%;\"><!-- [et_pb_line_break_holder] --><img decoding=\"async\" src=\"https:\/\/marketingplatform.com\/wp-content\/uploads\/2019\/04\/aldi-grey.png\" width=\"50\" style=\"margin:10px 0px 20px 0px;\"><!-- [et_pb_line_break_holder] --><\/div>\n<p><!-- [et_pb_line_break_holder] --><\/p>\n<div style=\"float:left; width:18%;      margin-right: 2%;  text-align: center;\"><!-- [et_pb_line_break_holder] --><img decoding=\"async\" src=\"https:\/\/marketingplatform.com\/wp-content\/uploads\/2019\/02\/verisure-logo.png\" width=\"120\" style=\"margin:18px 0px 20px 0px;\"><!-- [et_pb_line_break_holder] --><\/div>\n<p><!-- [et_pb_line_break_holder] --><\/div>\n<p>[\/et_pb_code][\/et_pb_column][\/et_pb_row][\/et_pb_section]<\/p>\n","protected":false},"excerpt":{"rendered":"<p>Hvad koster et nyhedsbrev Publiceret den 05.01.2012 fra Markedsf\u00f8ring (gengivet herunder) Kommentar til artiklen: Markedsf\u00f8ring har desv\u00e6rre ikke regnet korrekt i de priseksempler der er angivet. Der er sammenlignet lidt p\u00e6rer og bananer, dvs. om priserne er for antal mailudsendelser over tid, f.eks. pr. m\u00e5ned, eller for antal modtagere gemt i systemets database. Men det [&hellip;]<\/p>\n","protected":false},"author":50,"featured_media":0,"parent":4520,"menu_order":0,"comment_status":"closed","ping_status":"closed","template":"","meta":{"_et_pb_use_builder":"on","_et_pb_old_content":"<h3>Publiceret den 05.01.2012<\/h3>\r\nfra Markedsf\u00f8ring (gengivet herunder)\r\n\r\nKommentar til artiklen: Markedsf\u00f8ring har desv\u00e6rre ikke regnet korrekt i de priseksempler der er angivet. Der er sammenlignet lidt p\u00e6rer og bananer, dvs. om priserne er for antal mailudsendelser over tid, f.eks. pr. m\u00e5ned, eller for antal modtagere gemt i systemets database. Men det \u00e6ndrer ikke ved det faktum, at prisen p\u00e5 ydelserne hos os er meget attraktive i forhold til andre l\u00f8sninger. MarketingPlatform.dk afregner efter antal sendte mails. Flere andre systemer afregner efter samme model, mens andre afregner efter antal modtagere i databasen \u2013 en model der klart giver en bedre indtjening hos systemleverand\u00f8ren \u2013 det koster ikke meget i diskplads at have modtagere liggende. Prism\u00e6ssigt er vi citeret forkert. Det koster 1.000 kr. pr. m\u00e5ned for 150.000 mailudsendelser og ubegr\u00e6nset antal modtagere i databasen. Den model synes vi er den mest fair l\u00f8sning for dig som kunde. Det akkumulerer ligesom ingen v\u00e6rdi for din virksomhed, at du har en stor m\u00e6ngde modtagere i vores system. Det er lidt ligesom at trykke et stort antal brochurer og l\u00e6gge dem p\u00e5 lager \u2013 det s\u00e6lger heller ingen varer. \/\/ Kim \u00d8stergaard\r\n<h1>Hvad koster et nyhedsbrev?<\/h1>\r\n<div>Bag ethvert seri\u00f8st nyhedsbrev, der lander i indbakken, ligger et e-mail marketing system. E-mail marketing systemer er popul\u00e6rt sagt en avanceret udgave af \u201cOutlook\u201d, med v\u00e6rkt\u00f8jer m\u00e5lrettet til at skabe nyhedsbreve og sikre at disse lander i modtagerens indbakke. Men hvad koster det?<\/div>\r\n<div>Af: Lars Hedegaard Pedersen<\/div>\r\n<div>\r\n\r\nMange danske virksomheder arbejder i \u00f8jeblikket intenst med at skabe kundeklubber, fordelsprogrammer eller mere enkle maillister for udsendelse af virksomhedens budskaber. Og det er med god grund, fort\u00e6ller Kim \u00d8stergaard fra MarketingPlatform.\r\n\r\n- Fremtidens vindere inden for detailhandel og e-handel, er de, der form\u00e5r at \u00f8ge andelen af deres loyale kunder. B\u00e5de online og for flerkanals detailhandlere. For de butiksk\u00e6der, som ogs\u00e5 agerer online, er det essentielt for overhovedet at tjene penge p\u00e5 den mellemlange og lange bane, siger han.\r\n\r\nE-handel vil de n\u00e6ste mange \u00e5r v\u00e6re v\u00e6kstlokomotiv for dansk detailhandel. Med stagnation i de fysiske forretninger, og flere steder med direkte tilbagegang, har flere butiksk\u00e6der f\u00e5et \u00f8jnene op for hvor vigtigt kombinationen af online og offline er for forretningens fortsatte udvikling.\r\n\r\n- Det er de f\u00e6rreste, der kan tjene penge p\u00e5, enten online handel eller kombinationen af online og offline, uden at v\u00e6re i besiddelse af et godt e-mail marketing system til udsendelse af regelm\u00e6ssige og effektive kampagner. De fleste brancher taber s\u00e5gar penge p\u00e5 f\u00f8rstegangsk\u00f8bere, og e-mail marketing er fortsat den aktivitet, der konverterer de fleste kunder til genk\u00f8bere, siger Kim \u00d8stergaard og uddyber:\r\n\r\n- Der findes et utal af danske retailere og e-retailere, der har mail-lister p\u00e5 mellem 5.000-50.000 forbrugere. Faktisk d\u00e6kker det de fleste \u2013 ogs\u00e5 st\u00f8rre butiksk\u00e6der, men priss\u00e6tningen p\u00e5 de seri\u00f8se e-mail-l\u00f8sninger underst\u00f8tter ikke den \u00f8konomiske virkelighed for langt de fleste. Derfor har vi valgt at lancere vores egen emailplatform \u2013 emailplatform.dk \u2013 der er en l\u00f8sning, hvor virksomheder med knap 10.000 medlemmer i kundeklubben kan sende tre m\u00e5nedlige nyhedsbreve for 300 kr., som vi desuden betragter som en god indgangsvinkel til at udbrede kendskabet til vores forretning.\r\n\r\n<strong>BabySam \u00f8gede salg\r\n<\/strong>BabySam er en af de k\u00e6der, som har \u00f8get online salget, dels ved at m\u00e5lrette budskaberne og ved at skifte til emailplatform.dk.\r\n\r\nK\u00e6den har efterf\u00f8lgende kunnet m\u00e5le 4-5 gange h\u00f8jere salg, som e-commerce manager hos BabySam Lars Sand H\u00f8gsberg mener, h\u00e6nger sammen med, at de har \u00e6ndret p\u00e5 de virkemidler, der f\u00e5r forbrugerne til at foretage en omg\u00e5ende handling og en systemm\u00e6ssig langt bedre leveringsevne.\r\n\r\nEn anden virksomhed, som har benyttet sig af den nye l\u00f8sning er Kop og Kande \u2013 som i \u00f8vrigt tidligere benyttede sig af leverand\u00f8ren, Zoomio, som bekendt sidste \u00e5r <a href=\"https:\/\/www.markedsforing.dk\/artikler\/vis\/artikel\/zoomio-drejer-noeglen-om\/\">m\u00e5tte dreje n\u00f8glen om<\/a>.\r\n\r\nMarketingchef Mette Ekmann hos Kop & Kande siger:\r\n\r\n- Vi har kigget p\u00e5 flere forskellige l\u00f8sninger. Det er hele tiden vigtigt for os \u2013 som de k\u00f8bm\u00e6nd vi er, at priserne er fornuftige og gennemskuelige. Vi vil gerne v\u00e6re sikre p\u00e5, at vi ikke f\u00e5r ekstraregninger, n\u00e5r vi har trykket p\u00e5 send.\r\n\r\n<span style=\"font-size: 1em;\">Pr\u00f8v MarketingPlatform gratis i 30 dage<\/span>\r\n\r\n[optin_box style=\"8\" alignment=\"left\" action=\"https:\/\/www.mailmailmail.net\/form.php?form=65\" method=\"post\" email_field=\"email\" email_default=\"Din arbejds e-mail\" integration_type=\"custom\" double_optin=\"Y\" name_field=\"CustomFields%5B2%5D\" name_default=\"Dit navn\" extra_field_1_name=\"CustomFields%5B110%5D\" extra_field_1_title=\"Firmanavn\" extra_field_2_name=\"CustomFields%5B5%5D\" extra_field_2_title=\"Telefon\"][optin_box_hidden][\/optin_box_hidden][optin_box_code]\r\n\r\n[\/optin_box_code][optin_box_field name=\"headline\"][\/optin_box_field][optin_box_field name=\"paragraph\"][\/optin_box_field][optin_box_field name=\"privacy\"]Vi passer godt p\u00e5 dine oplysninger og deler dem ikke med andre.\r\nVi optager kun seri\u00f8se virksomheder, der ikke spammer, som kunder.[\/optin_box_field][optin_box_field name=\"top_color\"]undefined[\/optin_box_field][optin_box_button type=\"0\" button_below=\"Y\"]Pr\u00f8v MailPlatform gratis[\/optin_box_button] [\/optin_box]\r\n\r\n<\/div>","_et_gb_content_width":"","footnotes":""},"categories":[],"tags":[],"yst_prominent_words":[4878,3255,3252,3259,4910,284,4883,77,830,3258,3261,3251,3256,3250,3249,3260,4871,3254,3257,1465],"_links":{"self":[{"href":"https:\/\/marketingplatform.com\/da\/wp-json\/wp\/v2\/pages\/4681"}],"collection":[{"href":"https:\/\/marketingplatform.com\/da\/wp-json\/wp\/v2\/pages"}],"about":[{"href":"https:\/\/marketingplatform.com\/da\/wp-json\/wp\/v2\/types\/page"}],"author":[{"embeddable":true,"href":"https:\/\/marketingplatform.com\/da\/wp-json\/wp\/v2\/users\/50"}],"replies":[{"embeddable":true,"href":"https:\/\/marketingplatform.com\/da\/wp-json\/wp\/v2\/comments?post=4681"}],"version-history":[{"count":2,"href":"https:\/\/marketingplatform.com\/da\/wp-json\/wp\/v2\/pages\/4681\/revisions"}],"predecessor-version":[{"id":51592,"href":"https:\/\/marketingplatform.com\/da\/wp-json\/wp\/v2\/pages\/4681\/revisions\/51592"}],"up":[{"embeddable":true,"href":"https:\/\/marketingplatform.com\/da\/wp-json\/wp\/v2\/pages\/4520"}],"wp:attachment":[{"href":"https:\/\/marketingplatform.com\/da\/wp-json\/wp\/v2\/media?parent=4681"}],"wp:term":[{"taxonomy":"category","embeddable":true,"href":"https:\/\/marketingplatform.com\/da\/wp-json\/wp\/v2\/categories?post=4681"},{"taxonomy":"post_tag","embeddable":true,"href":"https:\/\/marketingplatform.com\/da\/wp-json\/wp\/v2\/tags?post=4681"},{"taxonomy":"yst_prominent_words","embeddable":true,"href":"https:\/\/marketingplatform.com\/da\/wp-json\/wp\/v2\/yst_prominent_words?post=4681"}],"curies":[{"name":"wp","href":"https:\/\/api.w.org\/{rel}","templated":true}]}}