{"id":4670,"date":"2017-04-04T14:55:06","date_gmt":"2017-04-04T12:55:06","guid":{"rendered":"https:\/\/marketingplatform.com\/?page_id=4670\/"},"modified":"2023-06-05T14:35:59","modified_gmt":"2023-06-05T12:35:59","slug":"hvad-betyder-det-at-hotmail-com-lukker","status":"publish","type":"page","link":"https:\/\/marketingplatform.com\/da\/artikler-presse\/hvad-betyder-det-at-hotmail-com-lukker\/","title":{"rendered":"Hvad betyder det at hotmail.com lukker"},"content":{"rendered":"<p>[et_pb_section fb_built=&#8221;1&#8243; admin_label=&#8221;section&#8221; _builder_version=&#8221;4.16&#8243; global_colors_info=&#8221;{}&#8221;][et_pb_row admin_label=&#8221;row&#8221; _builder_version=&#8221;4.16&#8243; background_size=&#8221;initial&#8221; background_position=&#8221;top_left&#8221; background_repeat=&#8221;repeat&#8221; global_colors_info=&#8221;{}&#8221;][et_pb_column type=&#8221;4_4&#8243; _builder_version=&#8221;4.16&#8243; custom_padding=&#8221;|||&#8221; global_colors_info=&#8221;{}&#8221; custom_padding__hover=&#8221;|||&#8221;][et_pb_text admin_label=&#8221;Text&#8221; _builder_version=&#8221;4.16&#8243; background_size=&#8221;initial&#8221; background_position=&#8221;top_left&#8221; background_repeat=&#8221;repeat&#8221; use_border_color=&#8221;off&#8221; border_color=&#8221;#ffffff&#8221; border_style=&#8221;solid&#8221; global_colors_info=&#8221;{}&#8221;]<\/p>\n<h1>Hvad betyder det at hotmail.com lukker<\/h1>\n<h4>Mange privatpersoner og virksomheder frygter at popul\u00e6re hotmail.com lukker ned. P\u00e5 verdensplan ber\u00f8rer det over 360 millioner brugere hver m\u00e5ned.<\/h4>\n<p>360 millioner mennesker &#8211; vi lader lige billedet st\u00e5 et \u00f8jeblik. Det er omtrent 62 gange Danmarks befolkning, der hver m\u00e5ned taster den samme adresse i deres browser. Hvis man antager, at hver person bruger deres mail hver anden dag, giver det 5,4 milliarder login fors\u00f8g hver eneste m\u00e5ned &#8211; omregnet ville det betyde at hver dansker logger ind 31 gange om dagen. Der er ingen tvivl om, at Microsoft f\u00f8ler sig presset af Gmail fra Google, der p\u00e5 f\u00e5 \u00e5r har overtaget f\u00f8ringen blandt gratis webmail tjenester. Over 450 millioner aktive brugere anvender en Gmail p\u00e5 m\u00e5nedsbasis. Kombineret med populariteten af Outlook blandt virksomhederne, har Microsoft afgjort set snittet til at bek\u00e6mpe konkurrencen fra skrivebordet og hjem i privaten. Forst\u00e5et p\u00e5 den m\u00e5de, at Microsoft vil udnytte populariteten af Outlook til at vinde markedet tilbage fra Gmail og sekund\u00e6rt Yahoo Mail. For den private bruger af tjenesten skal Microsoft nok sikre en bl\u00f8d og behagelig overgang. Det bliver sp\u00e6ndende hvordan den kommercielle model fremover vil blive. Og ikke mindst for de mange Microsoft hosting partnere, om dette er startskudet til en benh\u00e5rd intern konkurrence, hvor Microsoft begynder at skabe tr\u00e5de mellem virksomhed og privat bruger.<\/p>\n<h4><\/h4>\n<h4>For den professionelle afsender betyder det meget<\/h4>\n<p>En professionel afsender er alle virksomheder der udsender nyhedsbreve. I forhold til hotmail.com er det prim\u00e6rt virksomheder der henvender sig til privatpersoner, som vil blive ber\u00f8rt af \u00e6ndringerne. Microsoft vil over en l\u00e6ngere periode s\u00f8ge at f\u00e5 alle brugere over p\u00e5 en adresse, der ender p\u00e5 <a href=\"https:\/\/outlook.com\">outlook.com<\/a>. Det betyder at rigtig mange <a href=\"https:\/\/hotmail.com\">hotmail.com<\/a> adresser p\u00e5 et tidspunkt vil holde op med at v\u00e6re aktive. Hvis den professionelle afsender forts\u00e6tter med at sende til disse inaktive, eller ligefrem d\u00f8de adresser, vil det give mange strafpoint i bogen. Strafpoint der i sidste ende kan skade leveringsevnen til indbakken hos alle Microsoft kontrollerede tjenester. &#8220;Det er vigtigt at din email marketing l\u00f8sning automatisk kan rydde op, og dermed fjerne inaktive og d\u00f8de adresser, hvilket kniber for langt de fleste CMS systemer eller shopl\u00f8sninger, som mange virksomheder stadig anvender til udsendelse af deres nyhedsbreve&#8221;, fort\u00e6ller Kim \u00d8stergaard grundl\u00e6gger af MarketingPlatform. Virksomheden oplever at de bedste, og samtidigt mest udfordrende kunder, er store virksomheder der tidligere har sendt uden et professionelt system. De har ofte rigtig mange d\u00e5rlige adresser i databasen og vanskeligt ved at acceptere en nedgang i deres volumen, hvilket er uundg\u00e5eligt n\u00e5r motoren i en professionel l\u00f8sning, som f.eks MarketingPlatform, begynder at vaske dataene. I en problemstilling med en hotmail.com der \u00e6ndrer form, vil behovet for denne h\u00e5ndtering af d\u00e5rlige adresser v\u00e6re meget meget kritisk. Sker det ikke vil leveringssikkerheden, dvs. antal mails der lander i indbakken, v\u00e6re helt v\u00e6k over en relativ kort periode.<\/p>\n<h4><\/h4>\n<h4>En certificering giver bedre levering til indbakken<\/h4>\n<p>De store modtagere, som nu f.eks. hotmail.com, har tillid til nogle f\u00e5 certificeringer p\u00e5 verdensplan. Og certificeringsordningerne stiller h\u00f8je krav til de virksomheder de giver det bl\u00e5 stempel. &#8220;Vi har valgt en meget smal sti i vores virksomhed, der betyder at de store modtagere har <a title=\"Om\" href=\"https:\/\/marketingplatform.com\/da\/om-os\/kontakt-os\/\">tillid til de mails vore kunder sender<\/a>&#8220;, forts\u00e6tter Kim \u00d8stergaard. Det betyder ogs\u00e5, at virksomheder der lever af at sende tvivlsomme mails med reklamer for l\u00e5n, sp\u00e6ndende piller og andre multi-brandede reklamemails ikke er velkommen som kunder hos MarketingPlatform. &#8220;Hver dag siger vi nej til et par stykker, som ellers kunne udg\u00f8re en stor m\u00e5nedlig forretning, men vi satser p\u00e5 rigtige seri\u00f8se virksomheder, der kommunikerer til deres egne kunder med rigtige og l\u00f8dige varer&#8221;, konkluderer direkt\u00f8ren for den jyske iv\u00e6rks\u00e6ttersucces. MarketingPlatform har p\u00e5 knap halvandet \u00e5r opbygget en kundebase p\u00e5 1.000 danske kunder. Selskabet er endvidere ved at opbygge forretninger i Norge, Sverige, Italien, Polen og Tyskland. Alle steder sammen med en lokal partner, der opn\u00e5r medejerskab af et nationalt selskab. P\u00e5 den m\u00e5de mener iv\u00e6rks\u00e6tteren at de helt rigtige kompetencer tiltr\u00e6kkes og fastholdes<\/p>\n<p><strong>OBS!<\/strong> Hotmail er et Microsoft produkt, som vi ikke servicerer hos <a href=\"https:\/\/www.marketingplatform.com\/da\" target=\"_blank\" rel=\"noopener noreferrer\">MarketingPlatform<\/a>. MarketingPlatform er en <a href=\"https:\/\/marketingplatform.com\/da\/email-marketing\/\">Email Marketing<\/a> og <a href=\"https:\/\/marketingplatform.com\/da\/marketing-automation\/\">Marketing Automation platform<\/a>, der bruges af virksomheder til at sende emails og nyhedsbreve til deres kunder.<br \/>Vi kan derfor ikke svare p\u00e5 sp\u00f8rgsm\u00e5l vedr. Hotmail. Har du sp\u00f8rgsm\u00e5l til hvordan din Hotmail virker eller \u00f8vrige sp\u00f8rgsm\u00e5l, anbefaler vi at bes\u00f8ge <a href=\"https:\/\/support.microsoft.com\/da-dk\">Microsoft Support<\/a>.<\/p>\n<p>&nbsp;<\/p>\n<p>[\/et_pb_text][\/et_pb_column][\/et_pb_row][\/et_pb_section][et_pb_section fb_built=&#8221;1&#8243; custom_padding_last_edited=&#8221;on|phone&#8221; module_class=&#8221;ressourcer-signup&#8221; _builder_version=&#8221;4.11.2&#8243; background_color=&#8221;#dee7f1&#8243; background_enable_color=&#8221;off&#8221; custom_margin=&#8221;0px||0px||false|false&#8221; custom_padding=&#8221;0px||0px||false|false&#8221; custom_padding_tablet=&#8221;||||false|false&#8221; custom_padding_phone=&#8221;||||false|false&#8221; top_divider_style=&#8221;asymmetric2&#8243; top_divider_color=&#8221;#ffffff&#8221; top_divider_height=&#8221;60px&#8221; global_module=&#8221;19033&#8243; saved_tabs=&#8221;all&#8221; global_colors_info=&#8221;{}&#8221;][et_pb_row custom_padding_last_edited=&#8221;on|phone&#8221; _builder_version=&#8221;4.16&#8243; background_color=&#8221;#152872&#8243; background_size=&#8221;initial&#8221; background_position=&#8221;top_left&#8221; background_repeat=&#8221;repeat&#8221; custom_margin=&#8221;||||false|false&#8221; custom_padding=&#8221;100px||100px||false|false&#8221; custom_padding_tablet=&#8221;50px|20px|50px|20px|false|false&#8221; custom_padding_phone=&#8221;40px||||false|false&#8221; border_radii=&#8221;on|22px|22px|22px|22px&#8221; global_colors_info=&#8221;{}&#8221;][et_pb_column type=&#8221;4_4&#8243; _builder_version=&#8221;4.16&#8243; custom_padding=&#8221;|||&#8221; global_colors_info=&#8221;{}&#8221; custom_padding__hover=&#8221;|||&#8221;][et_pb_text _builder_version=&#8221;4.16&#8243; text_text_color=&#8221;#ffffff&#8221; header_2_font=&#8221;|800|||||||&#8221; header_2_text_color=&#8221;#ffffff&#8221; text_orientation=&#8221;center&#8221; global_colors_info=&#8221;{}&#8221;]<\/p>\n<h2>Pr\u00f8v MarketingPlatform gratis i 14 dage<\/h2>\n<p><span style=\"color:#fff;\">Pr\u00f8veperioden er gratis, helt uforpligtende og udl\u00f8ber efter 14 dage, hvis du ikke \u00f8nsker at forts\u00e6tte.<br \/>\nVed tilmelding modtager du samtidig vores uddannelsesflow p\u00e5 en serie af mails \u2013 og vores nyhedsbrev.<\/span><\/p>\n<p>[\/et_pb_text][et_pb_code _builder_version=&#8221;4.16&#8243; _module_preset=&#8221;default&#8221; width=&#8221;40%&#8221; width_tablet=&#8221;100%&#8221; width_phone=&#8221;95%&#8221; width_last_edited=&#8221;on|tablet&#8221; module_alignment=&#8221;center&#8221; global_colors_info=&#8221;{}&#8221;]<a href=\"https:\/\/marketingplatform.com\/da\/book-emailplatform-demo\/\"><\/p>\n<div class=\"bookdemobtn\" id=\"bookdemodkbox\">Book demo<\/div>\n<p><\/a><!-- [et_pb_line_break_holder] --><a href=\"https:\/\/marketingplatform.com\/da\/gratis-proeveversion\/\"><\/p>\n<div class=\"signupbtn\" id=\"tryusdkbox\">Pr\u00f8v os gratis<\/div>\n<p><\/a><!-- [et_pb_line_break_holder] --><\/p>\n<div class=\"clearfix\"><\/div>\n<p>[\/et_pb_code][\/et_pb_column][\/et_pb_row][\/et_pb_section]<\/p>\n","protected":false},"excerpt":{"rendered":"<p>Hvad betyder det at hotmail.com lukker Mange privatpersoner og virksomheder frygter at popul\u00e6re hotmail.com lukker ned. P\u00e5 verdensplan ber\u00f8rer det over 360 millioner brugere hver m\u00e5ned. 360 millioner mennesker &#8211; vi lader lige billedet st\u00e5 et \u00f8jeblik. Det er omtrent 62 gange Danmarks befolkning, der hver m\u00e5ned taster den samme adresse i deres browser. Hvis [&hellip;]<\/p>\n","protected":false},"author":50,"featured_media":0,"parent":4520,"menu_order":0,"comment_status":"closed","ping_status":"closed","template":"","meta":{"_et_pb_use_builder":"on","_et_pb_old_content":"<h1><b>Hvad betyder det at <\/b><b>hotmail.com<\/b><b> lukker<\/b><\/h1>\r\n\u00a0\r\n<h3 style=\"line-height: 2em;\"><b>Mange privatpersoner og virksomheder frygter at popul\u00e6re <\/b><b>hotmail.com<\/b><b> lukker ned. P\u00e5 verdensplan ber\u00f8rer det over 360 millioner brugere hver m\u00e5ned. <\/b><\/h3>\r\n\u00a0\r\n\r\n360 millioner mennesker - vi lader lige billedet st\u00e5 et \u00f8jeblik. Det er omtrent 62 gange Danmarks befolkning, der hver m\u00e5ned taster den samme adresse i deres browser. Hvis man antager, at hver person bruger deres mail hver anden dag, giver det 5,4 milliarder login fors\u00f8g hver eneste m\u00e5ned - omregnet ville det betyde at hver dansker logger ind 31 gange om dagen.\r\n\r\nDer er ingen tvivl om, at Microsoft f\u00f8ler sig presset af Gmail fra Google, der p\u00e5 f\u00e5 \u00e5r har overtaget f\u00f8ringen blandt gratis webmail tjenester. Over 450 millioner aktive brugere anvender en Gmail p\u00e5 m\u00e5nedsbasis. Kombineret med populariteten af Outlook blandt virksomhederne, har Microsoft afgjort set snittet til at bek\u00e6mpe konkurrencen fra skrivebordet og hjem i privaten. Forst\u00e5et p\u00e5 den m\u00e5de, at Microsoft vil udnytte populariteten af Outlook til at vinde markedet tilbage fra Gmail og sekund\u00e6rt Yahoo Mail.\r\n\r\nFor den private bruger af tjenesten skal Microsoft nok sikre en bl\u00f8d og behagelig overgang. Det bliver sp\u00e6ndende hvodan den kommercielle model fremover vil blive. Og ikke mindst for de mange Microsoft hosting partnere, om dette er startskudet til en benh\u00e5rd intern konkurrence, hvor Microsoft begynder at skabe tr\u00e5de mellem virksomhed og privat bruger.\r\n\r\n\u00a0\r\n\r\n<b>For den professionelle afsender betyder det meget<\/b>\r\n\r\nEn professionel afsender er alle virksomheder der udsender nyhedsbreve. I forhold til hotmail.com er det prim\u00e6rt virksomheder der henvender sig til privatpersoner, som vil blive ber\u00f8rt af \u00e6ndringerne.\r\n\r\nMicrosoft vil over en l\u00e6ngere periode s\u00f8ge at f\u00e5 alle brugere over p\u00e5 en adresse, der ender p\u00e5 <a href=\"https:\/\/outlook.com\">outlook.com<\/a>. Det betyder at rigtig mange <a href=\"https:\/\/hotmail.com\">hotmail.com<\/a> adresser p\u00e5 et tidspunkt vil holde op med at v\u00e6re aktive. Hvis den professionelle afsender forts\u00e6tter med at sende til disse inaktive, eller ligefrem d\u00f8de adresser, vil det give mange strafpoint i bogen. Strafpoint der i sidste ende kan skade leveringsevnen til indbakken hos alle Microsoft kontrollerede tjenester.\r\n\r\n\"Det er vigtigt at din email marketing l\u00f8sning automatisk kan rydde op, og dermed fjerne inaktive og d\u00f8de adresser, hvilket kniber for langt de fleste CMS systemer eller shopl\u00f8sninger, som mange virksomheder stadig anvender til udsendelse af deres nyhedsbreve\", fort\u00e6ller Kim \u00d8stergaard grundl\u00e6gger af MarketingPlatform.\r\n\r\nVirksomheden oplever at de bedste, og samtidigt mest udfordrende kunder, er store virksomheder der tidligere har sendt uden et professionelt system. De har ofte rigtig mange d\u00e5rlige adresser i databasen og vanskeligt ved at acceptere en nedgang i deres volumen, hvilket er uundg\u00e5eligt n\u00e5r motoren i en professionel l\u00f8sning, som f.eks MarketingPlatform, begynder at vaske dataene.\r\n\r\nI en problemstilling med en hotmail.com der \u00e6ndrer form, vil behovet for denne h\u00e5ndtering af d\u00e5rlige adresser v\u00e6re meget meget kritisk. Sker det ikke vil leveringssikkerheden, dvs. antal mails der lander i indbakken, v\u00e6re helt v\u00e6k over en relativ kort periode.\r\n\r\n\u00a0\r\n\r\n<b>En certificering giver bedre levering til indbakken<\/b>\r\n\r\nDe store modtagere, som nu f.eks. hotmail.com, har tillid til nogle f\u00e5 certificeringer p\u00e5 verdensplan. Og <a title=\"Certificeret\" href=\"https:\/\/mailplatform.dk\/certificeret-emailmarketing-udbyder\/\">certificeringsordningerne<\/a> stiller h\u00f8je krav til de virksomheder de giver det bl\u00e5 stempel.\r\n\r\n\"Vi har valgt en meget smal sti i vores virksomhed, der betyder at de store modtagere har <a title=\"Om\" href=\"https:\/\/mailplatform.dk\/om-mailplatform\/\">tillid til de mails vore kunder sender<\/a>\", forts\u00e6tter Kim \u00d8stergaard. Det betyder ogs\u00e5, at virksomheder der lever af at sende tvivlsomme mails med reklamer for l\u00e5n, sp\u00e6ndende piller og andre multi-brandede reklamemails ikke er velkommen som kunder hos MarketingPlatform. \"Hver dag siger vi nej til et par stykker, som ellers kunne udg\u00f8re en stor m\u00e5nedlig forretning, men vi satser p\u00e5 rigtige seri\u00f8se virksomheder, der kommunikerer til deres egne kunder med rigtige og l\u00f8dige varer\", konkluderer direkt\u00f8ren for den jyske iv\u00e6rks\u00e6ttersucces.\r\n\r\nMarketingPlatform har p\u00e5 knap halvandet \u00e5r opbygget en kundebase p\u00e5 1.000 danske kunder. Selskabet er endvidere ved at opbygge forretninger i Norge, Sverige, Italien, Polen og Tyskland. Alle steder sammen med en lokal partner, der opn\u00e5r medejerskab af et nationalt selskab. P\u00e5 den m\u00e5de mener iv\u00e6rks\u00e6tteren at de helt rigtige kompetencer tiltr\u00e6kkes og fastholdes.\r\n\r\n\u00a0\r\n\r\n<b>Pressekontakt<\/b>\r\n\r\nKim \u00d8stergaard p\u00e5 mobil 42 555 555 og 72 44 44 44 (hovednummer) eller p\u00e5 email adressen: kim@mailplatform.dk\r\n<h4>Pr\u00f8v MarketingPlatform gratis i 30 dage<\/h4>\r\n[optin_box style=\"8\" alignment=\"left\" action=\"https:\/\/www.mailmailmail.net\/form.php?form=65\" method=\"post\" email_field=\"email\" email_default=\"Din arbejds e-mail\" integration_type=\"custom\" double_optin=\"Y\" name_field=\"CustomFields%5B2%5D\" name_default=\"Dit navn\" extra_field_1_name=\"CustomFields%5B110%5D\" extra_field_1_title=\"Firmanavn\" extra_field_2_name=\"CustomFields%5B5%5D\" extra_field_2_title=\"Telefon\"][optin_box_hidden][\/optin_box_hidden][optin_box_code]\r\n\r\n[\/optin_box_code][optin_box_field name=\"headline\"][\/optin_box_field][optin_box_field name=\"paragraph\"][\/optin_box_field][optin_box_field name=\"privacy\"]Vi passer godt p\u00e5 dine oplysninger og deler dem ikke med andre.\r\nVi optager kun seri\u00f8se virksomheder, der ikke spammer, som kunder.[\/optin_box_field][optin_box_field name=\"top_color\"]undefined[\/optin_box_field][optin_box_button type=\"0\" button_below=\"Y\"]Pr\u00f8v MailPlatform gratis[\/optin_box_button] [\/optin_box]\r\n\r\n\u00a0\r\n\r\n\u00a0","_et_gb_content_width":"","footnotes":""},"categories":[],"tags":[],"yst_prominent_words":[417,4878,411,4910,394,393,4905,4883,4907,4872,409,412,3484,4871,4873,392,416,391,4881,387],"_links":{"self":[{"href":"https:\/\/marketingplatform.com\/da\/wp-json\/wp\/v2\/pages\/4670"}],"collection":[{"href":"https:\/\/marketingplatform.com\/da\/wp-json\/wp\/v2\/pages"}],"about":[{"href":"https:\/\/marketingplatform.com\/da\/wp-json\/wp\/v2\/types\/page"}],"author":[{"embeddable":true,"href":"https:\/\/marketingplatform.com\/da\/wp-json\/wp\/v2\/users\/50"}],"replies":[{"embeddable":true,"href":"https:\/\/marketingplatform.com\/da\/wp-json\/wp\/v2\/comments?post=4670"}],"version-history":[{"count":7,"href":"https:\/\/marketingplatform.com\/da\/wp-json\/wp\/v2\/pages\/4670\/revisions"}],"predecessor-version":[{"id":236135,"href":"https:\/\/marketingplatform.com\/da\/wp-json\/wp\/v2\/pages\/4670\/revisions\/236135"}],"up":[{"embeddable":true,"href":"https:\/\/marketingplatform.com\/da\/wp-json\/wp\/v2\/pages\/4520"}],"wp:attachment":[{"href":"https:\/\/marketingplatform.com\/da\/wp-json\/wp\/v2\/media?parent=4670"}],"wp:term":[{"taxonomy":"category","embeddable":true,"href":"https:\/\/marketingplatform.com\/da\/wp-json\/wp\/v2\/categories?post=4670"},{"taxonomy":"post_tag","embeddable":true,"href":"https:\/\/marketingplatform.com\/da\/wp-json\/wp\/v2\/tags?post=4670"},{"taxonomy":"yst_prominent_words","embeddable":true,"href":"https:\/\/marketingplatform.com\/da\/wp-json\/wp\/v2\/yst_prominent_words?post=4670"}],"curies":[{"name":"wp","href":"https:\/\/api.w.org\/{rel}","templated":true}]}}