{"id":4662,"date":"2017-04-04T14:50:10","date_gmt":"2017-04-04T12:50:10","guid":{"rendered":"https:\/\/marketingplatform.com\/?page_id=4662\/"},"modified":"2019-06-06T12:07:20","modified_gmt":"2019-06-06T10:07:20","slug":"50-darlige-emnelinier-til-dit-naeste-nyhedsbrev","status":"publish","type":"page","link":"https:\/\/marketingplatform.com\/da\/artikler-presse\/50-darlige-emnelinier-til-dit-naeste-nyhedsbrev\/","title":{"rendered":"50 d\u00e5rlige emnelinier til dit n\u00e6ste nyhedsbrev"},"content":{"rendered":"<p>[et_pb_section fb_built=&#8221;1&#8243; admin_label=&#8221;section&#8221; _builder_version=&#8221;3.22.3&#8243; background_color=&#8221;#f5f8fb&#8221; transparent_background=&#8221;off&#8221;][et_pb_row admin_label=&#8221;row&#8221; _builder_version=&#8221;3.22.3&#8243; background_size=&#8221;initial&#8221; background_position=&#8221;top_left&#8221; background_repeat=&#8221;repeat&#8221;][et_pb_column type=&#8221;4_4&#8243; _builder_version=&#8221;3.0.47&#8243;][et_pb_text admin_label=&#8221;Text&#8221; _builder_version=&#8221;3.0.87&#8243; background_size=&#8221;initial&#8221; background_position=&#8221;top_left&#8221; background_repeat=&#8221;repeat&#8221; use_border_color=&#8221;off&#8221; border_color=&#8221;#ffffff&#8221; border_style=&#8221;solid&#8221;]<\/p>\n<h1>50 d\u00e5rlige emnelinier til dit n\u00e6ste nyhedsbrev<\/h1>\n<h4>Emnet der passer til indholdet<\/h4>\n<p>Alt for ofte sendes der nyhedsbreve, hvor emnet ikke matcher indholdet af selve mailen. Det mener Kim \u00d8stergaard, der er grundl\u00e6gger af MarketingPlatform \u2013 og mange\u00e5rig e-handels k\u00f8bmand.<\/p>\n<p>\u201dJeg modtager selv en 60-80 daglige nyhedsbreve, der alle pr\u00f8ver at lokke mig til at \u00e5bne, l\u00e6se og k\u00f8be den p\u00e5g\u00e6ldende virksomheds produkter. Og jeg \u00e5bner kun dem, hvor afsenderen virkelig har gjort sig umage\u201d.<\/p>\n<p>Umage er f\u00e6llesk\u00f8n og har synonymer som besv\u00e6r og ulejlighed. Du skal have ulejligheden og besv\u00e6ret med, at udvikle en eller mange emnelinier til netop dagens nyhedsbrev.<br \/>\n[\/et_pb_text][\/et_pb_column][\/et_pb_row][\/et_pb_section][et_pb_section fb_built=&#8221;1&#8243; admin_label=&#8221;section&#8221; _builder_version=&#8221;3.22.3&#8243;][et_pb_row admin_label=&#8221;row&#8221; _builder_version=&#8221;3.22.3&#8243; background_size=&#8221;initial&#8221; background_position=&#8221;top_left&#8221; background_repeat=&#8221;repeat&#8221;][et_pb_column type=&#8221;4_4&#8243; _builder_version=&#8221;3.0.47&#8243;][et_pb_text admin_label=&#8221;Text&#8221; _builder_version=&#8221;3.0.87&#8243; background_size=&#8221;initial&#8221; background_position=&#8221;top_left&#8221; background_repeat=&#8221;repeat&#8221; use_border_color=&#8221;off&#8221; border_color=&#8221;#ffffff&#8221; border_style=&#8221;solid&#8221;]<\/p>\n<h4>At udvikle en emnelinie intelligent<\/h4>\n<p>Segmenterede mails konverterer, dvs. effekten, 4-10 gange bedre end ikke segmenterede nyhedsbreve. Segmenteringen, eller mere simpelt tilpasningen, g\u00e6lder ogs\u00e5 for emnelinien af dit nyhedsbrev. Men opgaven her kompliceres af de begr\u00e6nsende antal karakterer.<\/p>\n<p>Der findes ingen eksakt videnskab p\u00e5 dette omr\u00e5de. Ingen forskningsresultater der fort\u00e6ller, at kundens navn i emnet performer d\u00e5rligere eller bedre. Noget der rigtig mange steder p\u00e5 nettet, bliver udlagt med erfaring eller mavefornemmelser, n\u00e5r forskellige eksperter udtaler sig om dette specifikke omr\u00e5de.<\/p>\n<p>\u201dJeg har fabrikeret mere end 2.000 nyhedsbreve siden 1998, og v\u00e6ret reviewer p\u00e5 adskillige andre. Erfaringen er entydig, at de bedste emnelinier indeholder en klar call-to-action, der ikke lover mere end mailens indhold kan levere\u201d, konkluderer Kim \u00d8stergaard, der ogs\u00e5 har arbejdet med nogle af Danmarks st\u00f8rste retail brands gennem \u00e5rene.<\/p>\n<p>Han tilf\u00f8jer at kombinationen af nyheder, et godt tilbud og segmenterede produkter, dvs. produkter der gennem en intelligent profilering af modtageren, giver den absolut bedste klik-rate og videre det st\u00f8rste salg.<\/p>\n<p>Det er alts\u00e5 relevansen for modtageren, der er n\u00f8glen til succes. Har kunden lige k\u00f8bt en sofa, er det mere relevant at tilbyde sofabordet, end at fors\u00f8ge at s\u00e6lge endnu en sofa. Ved at udnytte kundedataene intelligent, vil langt de fleste virksomheder kunne opn\u00e5 ikke alene et st\u00f8rre salg, men ogs\u00e5 <a href=\"https:\/\/marketingplatform.com\/da\/saadan-skaber-du-kundeloyalitet\/\">forbedre kundeloyaliteten<\/a> v\u00e6sentligt. \u201dAlle mennesker vil gerne v\u00e6re noget s\u00e6rligt, vil gerne f\u00f8le at andre lytter til dem og forst\u00e5r\u201d, fastsl\u00e5r Kim \u00d8stergaard fra MarketingPlatform, der udlejer software til udsendelse af nyhedsbreve.<\/p>\n<p>[\/et_pb_text][\/et_pb_column][\/et_pb_row][\/et_pb_section][et_pb_section fb_built=&#8221;1&#8243; prev_background_color=&#8221;#ffffff&#8221; module_class=&#8221;ressourcer-signup&#8221; _builder_version=&#8221;3.23.3&#8243; background_color=&#8221;#dee7f1&#8243; custom_padding=&#8221;7%||&#8221; top_divider_style=&#8221;asymmetric2&#8243; top_divider_height=&#8221;40px&#8221; global_module=&#8221;19033&#8243;][et_pb_row custom_padding=&#8221;||10px&#8221; custom_margin=&#8221;||10px&#8221; _builder_version=&#8221;3.22.3&#8243; background_size=&#8221;initial&#8221; background_position=&#8221;top_left&#8221; background_repeat=&#8221;repeat&#8221;][et_pb_column type=&#8221;4_4&#8243; _builder_version=&#8221;3.0.47&#8243;][et_pb_text _builder_version=&#8221;3.19.18&#8243; text_orientation=&#8221;center&#8221;]<\/p>\n<h2 style=\"font-style: normal;\">Pr\u00f8v MarketingPlatform gratis i 14 dage<\/h2>\n<p style=\"font-style: normal;\">Pr\u00f8veperioden er gratis, helt uforpligtende og udl\u00f8ber efter 14 dage, hvis du ikke \u00f8nsker at forts\u00e6tte.<br \/>Ved tilmelding modtager du samtidig vores uddannelsesflow p\u00e5 en serie af mails \u2013 og vores nyhedsbrev.<\/p>\n<p>[\/et_pb_text][et_pb_code _builder_version=&#8221;3.19.9&#8243; text_orientation=&#8221;center&#8221; max_width=&#8221;98%&#8221; module_alignment=&#8221;center&#8221;]<!-- [et_pb_line_break_holder] --><\/p>\n<div class=\"myForm\"><!-- [et_pb_line_break_holder] --> <\/p>\n<div class=\"sign_up\"><!-- [et_pb_line_break_holder] --> <\/p>\n<div class=\"step1 text-box step_fir\"><!-- [et_pb_line_break_holder] --> <\/p>\n<div class=\"displayblock\"><input type=\"text\" name=\"email\" class=\"emailvalue\" placeholder=\"Indtast din e-mailadresse\" style=\"margin-right:5px; border-radius:2px; border:none!important;\"><\/div>\n<p><!-- [et_pb_line_break_holder] --> <\/p>\n<div class=\"displayblock\"><input type=\"button\" value=\"Ja tak - lad mig pr\u00f8ve!\" class=\"button trial-btn-blue step1btn\" style=\"background:#09cd6f!important; border:none!important; border-radius:2px;\"><\/div>\n<p><!-- [et_pb_line_break_holder] --> <\/div>\n<p><!-- [et_pb_line_break_holder] --> <\/p>\n<div class=\"step2 text-box\" style=\"display: none;\"><\/div>\n<p><!-- [et_pb_line_break_holder] --> <\/p>\n<div class=\"step2 text-box \" style=\"display: none;\"><!-- [et_pb_line_break_holder] --> <\/p>\n<div class=\"displayblock\" style=\"width: 400px;\"><input type=\"text\" name=\"CustomFields[496]\" class=\"CustomFields_496_51\" value=\"\" size=\"50\" placeholder=\"Firmanavn\" style=\"margin-right:5px; border-radius:2px; border:none!important;\"><\/div>\n<p><!-- [et_pb_line_break_holder] --> <\/p>\n<div class=\"displayblock\" style=\"width: 400px;\"><input type=\"text\" name=\"CustomFields[2]\" class=\"CustomFields_2_51\" value=\"\" size=\"50\" placeholder=\"Dit Navn\" style=\"margin-right:5px; border-radius:2px; border:none!important;\"><\/div>\n<p><!-- [et_pb_line_break_holder] --> <\/p>\n<div class=\"displayblock\" style=\"width: 400px;\"><input type=\"text\" name=\"CustomFields[497]\" class=\"CustomFields_497_51\" value=\"\" size=\"50\" placeholder=\"Mobil Nummer\" style=\"margin-right:5px; border-radius:2px; border:none!important;\"><\/div>\n<p><!-- [et_pb_line_break_holder] --> <\/p>\n<div class=\"displayblock sec_step_but\"><input id=\"step2\" type=\"button\" value=\"Ja tak - lad mig pr\u00f8ve!\" class=\"button trial-btn-blue step1btn\" style=\"background:#09cd6f!important; border:none!important; border-radius:2px;\"><\/div>\n<p><!-- [et_pb_line_break_holder] --> <\/p>\n<div><!-- [et_pb_line_break_holder] --> <\/p>\n<div style=\"display: none;\" id=\"alertSpan\"><!-- [et_pb_line_break_holder] --> <span style=\"color: red;\">Du skal udfylde alle felter<\/span><!-- [et_pb_line_break_holder] --> <\/div>\n<p><!-- [et_pb_line_break_holder] --> <\/div>\n<p><!-- [et_pb_line_break_holder] --> <\/p>\n<div><!-- [et_pb_line_break_holder] --> <\/p>\n<div style=\"display: none;\" id=\"alertEmailSpan\"><!-- [et_pb_line_break_holder] --> <span style=\"color: red;\">Indtast din e-mailadresse<\/span><!-- [et_pb_line_break_holder] --> <\/div>\n<p><!-- [et_pb_line_break_holder] --> <\/div>\n<p><!-- [et_pb_line_break_holder] --> <\/div>\n<p><!-- [et_pb_line_break_holder] --> <\/div>\n<p><!-- [et_pb_line_break_holder] --><\/div>\n<p>[\/et_pb_code][\/et_pb_column][\/et_pb_row][et_pb_row custom_padding=&#8221;0px||0px&#8221; custom_margin=&#8221;0px||0px&#8221; _builder_version=&#8221;3.22.3&#8243; max_width=&#8221;768px&#8221; use_custom_width=&#8221;on&#8221; custom_width_px=&#8221;768px&#8221;][et_pb_column type=&#8221;4_4&#8243; _builder_version=&#8221;3.19.9&#8243;][et_pb_code _builder_version=&#8221;3.19.9&#8243;]<\/p>\n<div class=\"awards-align\"><!-- [et_pb_line_break_holder] --><\/p>\n<div style=\"float:left; width:18%; text-align:center;   margin-right: 2%;\"><!-- [et_pb_line_break_holder] --><img decoding=\"async\" src=\"https:\/\/marketingplatform.com\/wp-content\/uploads\/2019\/02\/bauhaus-logo.png\" width=\"120\" style=\"margin:20px 0px 20px 0px;\"><!-- [et_pb_line_break_holder] --><\/div>\n<p><!-- [et_pb_line_break_holder] --><\/p>\n<div style=\"float:left; width:18%; text-align:center;    margin-right: 2%;\"><!-- [et_pb_line_break_holder] --><img decoding=\"async\" src=\"https:\/\/marketingplatform.com\/wp-content\/uploads\/2019\/02\/boconcept-logo.png\" width=\"120\" style=\"margin:25px 0px 20px 0px;\"><!-- [et_pb_line_break_holder] --><\/div>\n<p><!-- [et_pb_line_break_holder] --><\/p>\n<div style=\"float:left; width:18%;    margin-right: 2%;\"><!-- [et_pb_line_break_holder] --><img decoding=\"async\" src=\"https:\/\/marketingplatform.com\/wp-content\/uploads\/2019\/02\/avcables-logo.png\" width=\"130\" style=\"margin:26px 0px 20px 0px;\"><!-- [et_pb_line_break_holder] --><\/div>\n<p><!-- [et_pb_line_break_holder] --><\/p>\n<div style=\"float:left; width:18%; text-align:center;     margin-right: 1%;\"><!-- [et_pb_line_break_holder] --><img decoding=\"async\" src=\"https:\/\/marketingplatform.com\/wp-content\/uploads\/2019\/02\/kop-kande-logo.png\" width=\"120\" style=\"margin:24px 0px 20px 0px;\"><!-- [et_pb_line_break_holder] --><\/div>\n<p><!-- [et_pb_line_break_holder] --><\/p>\n<div style=\"float:left; width:18%;      margin-right: 2%;  text-align: center;\"><!-- [et_pb_line_break_holder] --><img decoding=\"async\" src=\"https:\/\/marketingplatform.com\/wp-content\/uploads\/2019\/02\/verisure-logo.png\" width=\"100\" style=\"margin:16px 0px 20px 0px;\"><!-- [et_pb_line_break_holder] --><\/div>\n<p><!-- [et_pb_line_break_holder] --><\/div>\n<p>[\/et_pb_code][\/et_pb_column][\/et_pb_row][\/et_pb_section]<\/p>\n","protected":false},"excerpt":{"rendered":"<p>50 d\u00e5rlige emnelinier til dit n\u00e6ste nyhedsbrev Emnet der passer til indholdet Alt for ofte sendes der nyhedsbreve, hvor emnet ikke matcher indholdet af selve mailen. Det mener Kim \u00d8stergaard, der er grundl\u00e6gger af MarketingPlatform \u2013 og mange\u00e5rig e-handels k\u00f8bmand. \u201dJeg modtager selv en 60-80 daglige nyhedsbreve, der alle pr\u00f8ver at lokke mig til at [&hellip;]<\/p>\n","protected":false},"author":50,"featured_media":0,"parent":4520,"menu_order":0,"comment_status":"closed","ping_status":"closed","template":"","meta":{"_et_pb_use_builder":"on","_et_pb_old_content":"<h2 style=\"line-height: 2em;\">For mange er det at skrive en emnelinie, der f\u00e5r m\u00e5lgruppen til at \u00e5bne virksomhedens nyhedsbrev, noget der volder store kvaler. Og alt for ofte ender det med \u201dgode\u201d standard emnelinier fra velmenende b\u00f8ger og blogs.<\/h2>\r\n\u00a0\r\n\r\nOverskriften har til hensigt at fange din opm\u00e6rksomhed. Hvis du l\u00e6ser dette er vores forehavende lykkedes. M\u00e5ske t\u00e6nker du, at vores overskrift er en god emnelinie. M\u00e5ske synes du den er plat. Det betyder ikke s\u00e5 meget, misforst\u00e5 nu ikke vores hensigt, om du kan lide overskriften eller blot blev provokeret til at \u00e5bne mailen.\r\n\r\nDet vores form\u00e5l med denne artikel er, at forklare hvorfor der ikke findes 50 gode standard emnelinier. Der findes millioner af gode emnelinier, men ingen gode standard af slagsen.\r\n\r\n<strong>Emnet der passer til indholdet<\/strong>\r\n\r\nAlt for ofte sendes der nyhedsbreve, hvor emnet ikke matcher indholdet af selve mailen. Det mener Kim \u00d8stergaard, der er grundl\u00e6gger af MarketingPlatform.dk \u2013 og mange\u00e5rig e-handels k\u00f8bmand.\r\n\r\n\u201dJeg modtager selv en 60-80 daglige nyhedsbreve, der alle pr\u00f8ver at lokke mig til at \u00e5bne, l\u00e6se og k\u00f8be den p\u00e5g\u00e6ldende virksomheds produkter. Og jeg \u00e5bner kun dem, hvor afsenderen virkelig har gjort sig umage\u201d.\r\n\r\nUmage er f\u00e6llesk\u00f8n og har synonymer som besv\u00e6r og ulejlighed. Du skal have ulejligheden og besv\u00e6ret med, at udvikle en eller mange emnelinier til netop dagens nyhedsbrev.\r\n\r\n<strong>At udvikle en emnelinie intelligent<\/strong>\r\n\r\nSegmenterede mails konverterer, dvs. effekten, 4-10 gange bedre end ikke segmenterede nyhedsbreve. Segmenteringen, eller mere simpelt tilpasningen, g\u00e6lder ogs\u00e5 for emnelinien af dit nyhedsbrev. Men opgaven her kompliceres af de begr\u00e6nsende antal karakterer.\r\n\r\nDer findes ingen eksakt videnskab p\u00e5 dette omr\u00e5de. Ingen forskningsresultater der fort\u00e6ller, at kundens navn i emnet performer d\u00e5rligere eller bedre. Noget der rigtig mange steder p\u00e5 nettet, bliver udlagt med erfaring eller mavefornemmelser, n\u00e5r forskellige eksperter udtaler sig om dette specifikke omr\u00e5de.\r\n\r\n\u201dJeg har fabrikeret mere end 2.000 nyhedsbreve siden 1998, og v\u00e6ret reviewer p\u00e5 adskillige andre. Erfaringen er entydig, at de bedste emnelinier indeholder en klar call-to-action, der ikke lover mere end mailens indhold kan levere\u201d, konkluderer Kim \u00d8stergaard, der ogs\u00e5 har arbejdet med nogle af Danmarks st\u00f8rste retail brands gennem \u00e5rene.\r\n\r\nHan tilf\u00f8jer at kombinationen af nyheder, et godt tilbud og segmenterede produkter, dvs. produkter der gennem en intelligent profilering af modtageren, giver den absolut bedste klik-rate og videre det st\u00f8rste salg.\r\n\r\nDet er alts\u00e5 relevansen for modtageren, der er n\u00f8glen til succes. Har kunden lige k\u00f8bt en sofa, er det mere relevant at tilbyde sofabordet, end at fors\u00f8ge at s\u00e6lge endnu en sofa. Ved at udnytte kundedataene intelligent, vil langt de fleste virksomheder kunne opn\u00e5 ikke alene et st\u00f8rre salg, men ogs\u00e5 forbedre kundeloyaliteten v\u00e6sentligt. \u201dAlle mennesker vil gerne v\u00e6re noget s\u00e6rligt, vil gerne f\u00f8le at andre lytter til dem og forst\u00e5r\u201d, fastsl\u00e5r Kim \u00d8stergaard fra MarketingPlatform.dk, der udlejer software til udsendelse af nyhedsbreve.\r\n<h4>Pr\u00f8v MarketingPlatform gratis i 30 dage<\/h4>\r\n[optin_box style=\"8\" alignment=\"left\" action=\"https:\/\/www.mailmailmail.net\/form.php?form=65\" method=\"post\" email_field=\"email\" email_default=\"Din arbejds e-mail\" integration_type=\"custom\" double_optin=\"Y\" name_field=\"CustomFields%5B2%5D\" name_default=\"Dit navn\" extra_field_1_name=\"CustomFields%5B110%5D\" extra_field_1_title=\"Firmanavn\" extra_field_2_name=\"CustomFields%5B5%5D\" extra_field_2_title=\"Telefon\"][optin_box_hidden][\/optin_box_hidden][optin_box_code]\r\n\r\n[\/optin_box_code][optin_box_field name=\"headline\"][\/optin_box_field][optin_box_field name=\"paragraph\"][\/optin_box_field][optin_box_field name=\"privacy\"]Vi passer godt p\u00e5 dine oplysninger og deler dem ikke med andre.\r\nVi optager kun seri\u00f8se virksomheder, der ikke spammer, som kunder.[\/optin_box_field][optin_box_field name=\"top_color\"]undefined[\/optin_box_field][optin_box_button type=\"0\" button_below=\"Y\"]Pr\u00f8v MailPlatform gratis[\/optin_box_button] [\/optin_box]\r\n<div><\/div>\r\n<strong><em>\r\n<\/em><\/strong>","_et_gb_content_width":"","footnotes":""},"categories":[],"tags":[],"yst_prominent_words":[451,4878,176,4905,81,926,446,399,406,4872,87,282,256,4871,404,4881,448,224,405,407],"_links":{"self":[{"href":"https:\/\/marketingplatform.com\/da\/wp-json\/wp\/v2\/pages\/4662"}],"collection":[{"href":"https:\/\/marketingplatform.com\/da\/wp-json\/wp\/v2\/pages"}],"about":[{"href":"https:\/\/marketingplatform.com\/da\/wp-json\/wp\/v2\/types\/page"}],"author":[{"embeddable":true,"href":"https:\/\/marketingplatform.com\/da\/wp-json\/wp\/v2\/users\/50"}],"replies":[{"embeddable":true,"href":"https:\/\/marketingplatform.com\/da\/wp-json\/wp\/v2\/comments?post=4662"}],"version-history":[{"count":0,"href":"https:\/\/marketingplatform.com\/da\/wp-json\/wp\/v2\/pages\/4662\/revisions"}],"up":[{"embeddable":true,"href":"https:\/\/marketingplatform.com\/da\/wp-json\/wp\/v2\/pages\/4520"}],"wp:attachment":[{"href":"https:\/\/marketingplatform.com\/da\/wp-json\/wp\/v2\/media?parent=4662"}],"wp:term":[{"taxonomy":"category","embeddable":true,"href":"https:\/\/marketingplatform.com\/da\/wp-json\/wp\/v2\/categories?post=4662"},{"taxonomy":"post_tag","embeddable":true,"href":"https:\/\/marketingplatform.com\/da\/wp-json\/wp\/v2\/tags?post=4662"},{"taxonomy":"yst_prominent_words","embeddable":true,"href":"https:\/\/marketingplatform.com\/da\/wp-json\/wp\/v2\/yst_prominent_words?post=4662"}],"curies":[{"name":"wp","href":"https:\/\/api.w.org\/{rel}","templated":true}]}}