{"id":4640,"date":"2017-04-04T14:40:26","date_gmt":"2017-04-04T12:40:26","guid":{"rendered":"https:\/\/marketingplatform.com\/?page_id=4640\/"},"modified":"2021-03-24T11:10:52","modified_gmt":"2021-03-24T10:10:52","slug":"det-perfekte-nyhedsbrev-pa-5-minutter","status":"publish","type":"page","link":"https:\/\/marketingplatform.com\/da\/artikler-presse\/det-perfekte-nyhedsbrev-pa-5-minutter\/","title":{"rendered":"Det perfekte nyhedsbrev p\u00e5 5 minutter"},"content":{"rendered":"<p>[et_pb_section fb_built=&#8221;1&#8243; admin_label=&#8221;section&#8221; _builder_version=&#8221;3.22&#8243;][et_pb_row admin_label=&#8221;row&#8221; _builder_version=&#8221;3.25&#8243; background_size=&#8221;initial&#8221; background_position=&#8221;top_left&#8221; background_repeat=&#8221;repeat&#8221;][et_pb_column type=&#8221;4_4&#8243; _builder_version=&#8221;3.25&#8243; custom_padding=&#8221;|||&#8221; custom_padding__hover=&#8221;|||&#8221;][et_pb_text admin_label=&#8221;Text&#8221; _builder_version=&#8221;3.27.4&#8243; background_size=&#8221;initial&#8221; background_position=&#8221;top_left&#8221; background_repeat=&#8221;repeat&#8221; use_border_color=&#8221;off&#8221; border_color=&#8221;#ffffff&#8221; border_style=&#8221;solid&#8221;]<\/p>\n<h1>Det perfekte nyhedsbrev p\u00e5 5 minutter<\/h1>\n<p><strong>&#8220;Skab et v\u00e6rkt\u00f8j s\u00e5 nemt at bruge, at vi kan skabe <a href=\"https:\/\/marketingplatform.com\/da\/skabelon-nyhedsbrev\/\" target=\"_blank\" rel=\"noopener noreferrer\">nyhedsbreve<\/a> med variation p\u00e5 kun 5 minutter&#8221; &#8211; s\u00e5dan l\u00f8d opgaven fra en stor dansk detailk\u00e6de<\/strong><\/p>\n<p>Ofte skabes nyhedsbreve af kommunikationsafdelingen, en marketing medarbejder eller en helt tredje medarbejder i virksomheden. Oftest har medarbejderen ingen kompetencer indenfor programmering i HTML eller anden teknisk baggrund. Det begr\u00e6nser ofte mange virksomheder i at skabe variation i deres nyhedsbreve.<\/p>\n<p>Den danske virksomhed eMailPlatform, der servicerer kunder som Blockbuster, BoConcept, Guldbageren, Kop &amp; Kande, Mr., Skoringen og TopCamp, har udviklet en proces, som g\u00f8r programm\u00f8ren til fortid hos kunderne.<\/p>\n<p>&#8220;Der findes mange gode editorer p\u00e5 markedet, fort\u00e6ller Kim \u00d8stergaard der har grundlagt eMailPlatform, men ingen som vores, der skriver perfekt kode alle mailklienterne kan vise korrekt, og samtidigt giver langt over 1.000.000 forskellige designmuligheder for hvert eneste nyhedsbrev&#8221;.<\/p>\n<p>&nbsp;<\/p>\n<h4>Udfordringen<\/h4>\n<p>Alle virksomheder har deres unikke s\u00e6rkende. M\u00e5ske er det logoet, farverne, grafikken eller m\u00e5ske skrifttypen kunderne husker. Alt sammen elementer der er faste elementer, som den enkelte medarbejder helst ikke skal kunne \u00e6ndre efter for godt befindende.<\/p>\n<p>Samtidigt skal alle elementerne i nyhedsbrevet kunne \u00e6ndres efter dagens, ugens eller s\u00e6sonens nyheder, historier og gode tilbud.<\/p>\n<p>&nbsp;<\/p>\n<h4>L\u00f8sningen<\/h4>\n<p>&#8220;Vi kalder l\u00f8sningen for <a href=\"https:\/\/marketingplatform.com\/da\/\" target=\"_blank\" rel=\"noopener noreferrer\">eMailPlatform Builder<\/a>, et omr\u00e5de i vores hostede email marketing l\u00f8sning, der lader virksomhederne kombinere deres unikke fastl\u00e5ste elementer med ubegr\u00e6nsede kombinationsmuligheder&#8221;, fort\u00e6ller Kim \u00d8stergaard der har en mange\u00e5rig fortid som online k\u00f8bmand hos bl.a. TrendyBaby, Bestseller &#8211; og som konsulent for nogle af de st\u00f8rste detailk\u00e6der.<\/p>\n<p>Et nyhedsbrev er noget af det mest komplicerede at skabe. Der er en stor variation af mailklienter p\u00e5 markedet, Outlook (i mange versioner), Hotmail, Gmail, Yahoo, TDC og mange andre, hvor alle variationer af virksomhedens nyhedsbrev skal optr\u00e6de perfekt. For ikke at tale om alle de krav verdens SPAM-filtre stiller til godt indhold og god kode.<\/p>\n<p>&#8220;Den sv\u00e6reste del af opgaven var, at binde det hele sammen i eMailPlatform builder s\u00e5 nyhedsbrevene ligner noget der kommer direkte fra et webbureau, er optimeret af <a href=\"https:\/\/marketingplatform.com\/da\/artikler-presse\/sadan-undgar-du-din-email-ender-som-spam\/\" target=\"_blank\" rel=\"noopener noreferrer\">SPAM-eksperter<\/a>, men i virkeligheden lavet p\u00e5 f\u00e5 minutter af en medarbejder der kun har modtaget en kort opstartsr\u00e5dgivning&#8221;, konkluderer Kim \u00d8stergaard.<\/p>\n<p>(Udsendt som pressemeddelelse den 21. november 2012)<\/p>\n<p>[\/et_pb_text][\/et_pb_column][\/et_pb_row][\/et_pb_section][et_pb_section fb_built=&#8221;1&#8243; custom_padding_last_edited=&#8221;on|phone&#8221; module_class=&#8221;ressourcer-signup&#8221; _builder_version=&#8221;4.5.3&#8243; background_color=&#8221;#dee7f1&#8243; background_enable_color=&#8221;off&#8221; custom_padding=&#8221;||||false|false&#8221; custom_padding_tablet=&#8221;||||false|false&#8221; custom_padding_phone=&#8221;||||false|false&#8221; top_divider_style=&#8221;asymmetric2&#8243; top_divider_color=&#8221;#ffffff&#8221; top_divider_height=&#8221;60px&#8221; global_module=&#8221;19033&#8243;][et_pb_row custom_padding_last_edited=&#8221;on|phone&#8221; _builder_version=&#8221;4.5.3&#8243; background_color=&#8221;#152872&#8243; background_size=&#8221;initial&#8221; background_position=&#8221;top_left&#8221; background_repeat=&#8221;repeat&#8221; custom_margin=&#8221;||||false|false&#8221; custom_padding=&#8221;100px||100px||false|false&#8221; custom_padding_tablet=&#8221;50px|20px|50px|20px|false|false&#8221; custom_padding_phone=&#8221;40px||||false|false&#8221; border_radii=&#8221;on|22px|22px|22px|22px&#8221;][et_pb_column type=&#8221;4_4&#8243; _builder_version=&#8221;3.25&#8243; custom_padding=&#8221;|||&#8221; custom_padding__hover=&#8221;|||&#8221;][et_pb_text _builder_version=&#8221;4.5.3&#8243; text_text_color=&#8221;#ffffff&#8221; header_2_font=&#8221;|800|||||||&#8221; header_2_text_color=&#8221;#ffffff&#8221; text_orientation=&#8221;center&#8221;]<\/p>\n<h2>Pr\u00f8v MarketingPlatform gratis i 14 dage<\/h2>\n<p><span style=\"color:#fff;\">Pr\u00f8veperioden er gratis, helt uforpligtende og udl\u00f8ber efter 14 dage, hvis du ikke \u00f8nsker at forts\u00e6tte.<br \/>\nVed tilmelding modtager du samtidig vores uddannelsesflow p\u00e5 en serie af mails \u2013 og vores nyhedsbrev.<\/span>[\/et_pb_text][et_pb_code _builder_version=&#8221;4.5.3&#8243; _module_preset=&#8221;default&#8221; width=&#8221;40%&#8221; width_tablet=&#8221;100%&#8221; width_phone=&#8221;95%&#8221; width_last_edited=&#8221;on|tablet&#8221; module_alignment=&#8221;center&#8221;]<a href=\"https:\/\/marketingplatform.com\/da\/book-emailplatform-demo\/\"><\/p>\n<div class=\"bookdemobtn\">Book demo<\/div>\n<p><\/a><!-- [et_pb_line_break_holder] --><a href=\"https:\/\/marketingplatform.com\/da\/gratis-proeveversion\/\"><\/p>\n<div class=\"signupbtn\">Pr\u00f8v os gratis<\/div>\n<p><\/a><!-- [et_pb_line_break_holder] --><\/p>\n<div class=\"clearfix\"><\/div>\n<p>[\/et_pb_code][\/et_pb_column][\/et_pb_row][\/et_pb_section]<\/p>\n","protected":false},"excerpt":{"rendered":"<p>Det perfekte nyhedsbrev p\u00e5 5 minutter &#8220;Skab et v\u00e6rkt\u00f8j s\u00e5 nemt at bruge, at vi kan skabe nyhedsbreve med variation p\u00e5 kun 5 minutter&#8221; &#8211; s\u00e5dan l\u00f8d opgaven fra en stor dansk detailk\u00e6de Ofte skabes nyhedsbreve af kommunikationsafdelingen, en marketing medarbejder eller en helt tredje medarbejder i virksomheden. Oftest har medarbejderen ingen kompetencer indenfor programmering [&hellip;]<\/p>\n","protected":false},"author":50,"featured_media":0,"parent":4520,"menu_order":0,"comment_status":"closed","ping_status":"closed","template":"","meta":{"_et_pb_use_builder":"on","_et_pb_old_content":"<h1>Det perfekte nyhedsbrev p\u00e5 5 minutter<\/h1>\r\n<strong>\"Skab et v\u00e6rkt\u00f8j s\u00e5 nemt at bruge, at vi kan skabe <a href=\"https:\/\/mailplatform.dk\/sample-page\/nyhedsbreve\/\" target=\"_blank\">nyhedsbreve<\/a> med variation p\u00e5 kun 5 minutter\" - s\u00e5dan l\u00f8d opgaven fra en stor dansk detailk\u00e6de<\/strong>\r\n\r\nOfte skabes nyhedsbreve af kommunikationsafdelingen, en marketing medarbejder eller en helt tredje medarbejder i virksomheden. Oftest har medarbejderen ingen kompetencer indenfor programmering i HTML eller anden teknisk baggrund. Det begr\u00e6nser ofte mange virksomheder i at skabe variation i deres nyhedsbreve.\r\n\r\nDen danske virksomhed MarketingPlatform, der servicerer kunder som Blockbuster, BoConcept, Guldbageren, Kop & Kande, Mr., Skoringen og TopCamp, har udviklet en proces, som g\u00f8r programm\u00f8ren til fortid hos kunderne.\r\n\r\n\"Der findes mange gode editorer p\u00e5 markedet, fort\u00e6ller Kim \u00d8stergaard der har grundlagt MarketingPlatform, men ingen som vores, der skriver perfekt kode alle mailklienterne kan vise korrekt, og samtidigt giver langt over 1.000.000 forskellige designmuligheder for hvert eneste nyhedsbrev\".\r\n\r\n<strong>Udfordringen<\/strong>\r\nAlle virksomheder har deres unikke s\u00e6rkende. M\u00e5ske er det logoet, farverne, grafikken eller m\u00e5ske skrifttypen kunderne husker. Alt sammen elementer der er faste elementer, som den enkelte medarbejder helst ikke skal kunne \u00e6ndre efter for godt befindende.\r\n\r\nSamtidigt skal alle elementerne i nyhedsbrevet kunne \u00e6ndres efter dagens, ugens eller s\u00e6sonens nyheder, historier og gode tilbud.\r\n\r\n<strong>L\u00f8sningen<\/strong>\r\n\"Vi kalder l\u00f8sningen for <a href=\"https:\/\/mailplatform.dk\/udvalgte-funktioner\/drag-and-drop-editor-designer\/\" target=\"_blank\">MarketingPlatform Builder<\/a>, et omr\u00e5de i vores hostede email marketing l\u00f8sning, der lader virksomhederne kombinere deres unikke fastl\u00e5ste elementer med ubegr\u00e6nsede kombinationsmuligheder\", fort\u00e6ller Kim \u00d8stergaard der har en mange\u00e5rig fortid som online k\u00f8bmand hos bl.a. TrendyBaby, Bestseller - og som konsulent for nogle af de st\u00f8rste detailk\u00e6der.\r\n\r\nEt nyhedsbrev er noget af det mest komplicerede at skabe. Der er en stor variation af mailklienter p\u00e5 markedet, Outlook (i mange versioner), Hotmail, Gmail, Yahoo, TDC og mange andre, hvor alle variationer af virksomhedens nyhedsbrev skal optr\u00e6de perfekt. For ikke at tale om alle de krav verdens SPAM-filtre stiller til godt indhold og god kode.\r\n\r\n\"Den sv\u00e6reste del af opgaven var, at binde det hele sammen i MarketingPlatform builder s\u00e5 nyhedsbrevene ligner noget der kommer direkte fra et webbureau, er optimeret af <a href=\"https:\/\/marketingplatform.com\/da\/artikler-presse\/sadan-undgar-du-din-email-ender-som-spam\/\" target=\"_blank\">SPAM-eksperter<\/a>, men i virkeligheden lavet p\u00e5 f\u00e5 minutter af en medarbejder der kun har modtaget en kort opstartsr\u00e5dgivning\", konkluderer Kim \u00d8stergaard.\r\n\r\n(Udsendt som pressemeddelelse den 21. november 2012)\r\n<h4>Pr\u00f8v MarketingPlatform gratis i 30 dage<\/h4>\r\n[optin_box style=\"8\" alignment=\"left\" action=\"https:\/\/www.mailmailmail.net\/form.php?form=65\" method=\"post\" email_field=\"email\" email_default=\"Din arbejds e-mail\" integration_type=\"custom\" double_optin=\"Y\" name_field=\"CustomFields%5B2%5D\" name_default=\"Dit navn\" extra_field_1_name=\"CustomFields%5B110%5D\" extra_field_1_title=\"Firmanavn\" extra_field_2_name=\"CustomFields%5B5%5D\" extra_field_2_title=\"Telefon\"][optin_box_hidden][\/optin_box_hidden][optin_box_code]\r\n\r\n[\/optin_box_code][optin_box_field name=\"headline\"][\/optin_box_field][optin_box_field name=\"paragraph\"][\/optin_box_field][optin_box_field name=\"privacy\"]Vi passer godt p\u00e5 dine oplysninger og deler dem ikke med andre.\r\nVi optager kun seri\u00f8se virksomheder, der ikke spammer, som kunder.[\/optin_box_field][optin_box_field name=\"top_color\"]undefined[\/optin_box_field][optin_box_button type=\"0\" button_below=\"Y\"]Pr\u00f8v MailPlatform gratis[\/optin_box_button] [\/optin_box]","_et_gb_content_width":"","footnotes":""},"categories":[],"tags":[],"yst_prominent_words":[451,381,4878,86,4905,174,5988,81,1083,446,813,131,117,280,371,87,282,375,380,5987],"_links":{"self":[{"href":"https:\/\/marketingplatform.com\/da\/wp-json\/wp\/v2\/pages\/4640"}],"collection":[{"href":"https:\/\/marketingplatform.com\/da\/wp-json\/wp\/v2\/pages"}],"about":[{"href":"https:\/\/marketingplatform.com\/da\/wp-json\/wp\/v2\/types\/page"}],"author":[{"embeddable":true,"href":"https:\/\/marketingplatform.com\/da\/wp-json\/wp\/v2\/users\/50"}],"replies":[{"embeddable":true,"href":"https:\/\/marketingplatform.com\/da\/wp-json\/wp\/v2\/comments?post=4640"}],"version-history":[{"count":2,"href":"https:\/\/marketingplatform.com\/da\/wp-json\/wp\/v2\/pages\/4640\/revisions"}],"predecessor-version":[{"id":67030,"href":"https:\/\/marketingplatform.com\/da\/wp-json\/wp\/v2\/pages\/4640\/revisions\/67030"}],"up":[{"embeddable":true,"href":"https:\/\/marketingplatform.com\/da\/wp-json\/wp\/v2\/pages\/4520"}],"wp:attachment":[{"href":"https:\/\/marketingplatform.com\/da\/wp-json\/wp\/v2\/media?parent=4640"}],"wp:term":[{"taxonomy":"category","embeddable":true,"href":"https:\/\/marketingplatform.com\/da\/wp-json\/wp\/v2\/categories?post=4640"},{"taxonomy":"post_tag","embeddable":true,"href":"https:\/\/marketingplatform.com\/da\/wp-json\/wp\/v2\/tags?post=4640"},{"taxonomy":"yst_prominent_words","embeddable":true,"href":"https:\/\/marketingplatform.com\/da\/wp-json\/wp\/v2\/yst_prominent_words?post=4640"}],"curies":[{"name":"wp","href":"https:\/\/api.w.org\/{rel}","templated":true}]}}