{"id":4626,"date":"2017-04-04T14:24:23","date_gmt":"2017-04-04T12:24:23","guid":{"rendered":"https:\/\/marketingplatform.com\/?page_id=4626\/"},"modified":"2018-12-17T14:23:28","modified_gmt":"2018-12-17T13:23:28","slug":"boconcept-anvender-mailplatform-i-55-lande","status":"publish","type":"page","link":"https:\/\/marketingplatform.com\/da\/artikler-presse\/boconcept-anvender-mailplatform-i-55-lande\/","title":{"rendered":"BoConcept anvender MarketingPlatform i 55 lande"},"content":{"rendered":"<p>[et_pb_section fb_built=&#8221;1&#8243; admin_label=&#8221;section&#8221; _builder_version=&#8221;3.0.47&#8243;][et_pb_row admin_label=&#8221;row&#8221; _builder_version=&#8221;3.0.48&#8243; background_size=&#8221;initial&#8221; background_position=&#8221;top_left&#8221; background_repeat=&#8221;repeat&#8221;][et_pb_column type=&#8221;4_4&#8243; _builder_version=&#8221;3.0.47&#8243; parallax=&#8221;off&#8221; parallax_method=&#8221;on&#8221;][et_pb_text admin_label=&#8221;Text&#8221; _builder_version=&#8221;3.0.87&#8243; background_size=&#8221;initial&#8221; background_position=&#8221;top_left&#8221; background_repeat=&#8221;repeat&#8221; use_border_color=&#8221;off&#8221; border_color=&#8221;#ffffff&#8221; border_style=&#8221;solid&#8221;]<\/p>\n<h1>BoConcept anvender MarketingPlatform i 55 lande<\/h1>\n<p>B\u00f8rsnoterede BoConcept fra Herning ved godt, at m\u00e5lrettet digital kommunikation er vigtigt i en Verden med globale kunder, der tilh\u00f8rer et segment af travle mennesker.<\/p>\n<p>\u201dVi har flere fuldtidsressourcer, der arbejder med vores online kommunikation. Og ser en klar cross-channel effekt (her online kanalens evne til at tr\u00e6kke kunder til butikkerne, red.) \u2013 ved at udsende nyhedsbreve p\u00e5 vore mange markeder\u201d, fort\u00e6ller marketingdirekt\u00f8r Palle Larsen.<\/p>\n<p>Netop cross-channel markedsf\u00f8ring vinder kraftigt frem i disse \u00e5r. Popul\u00e6rt sagt er det afstemt kommunikation i flere kanaler. Som retailer er de naturlige kanaler butikken, email marketing &#8211; herunder nyhedsbreve til mange, en-til-en nyhedsbreve og segmenterede udsendelser. SMS beskeder kombineret med reaktioner p\u00e5 nyhedsbreve har ogs\u00e5 en h\u00f8j effekt.<br \/>\n&nbsp;<\/p>\n<h4>At l\u00e6re af kundernes adf\u00e6rd i flere kanaler<\/h4>\n<p>Kunder &#8211; sikken et dejligt ord, men hvad betyder det i en kommunikativ sammenh\u00e6ng.<\/p>\n<p>&#8220;Set fra vores side hos MarketingPlatform, betyder en kunde store muligheder. Det er en modtager, hvor der findes rigtig mange oplysninger, som vore v\u00e6rkt\u00f8jer kan bruge til at m\u00e5lrette kommunikationen&#8221;, fort\u00e6ller grundl\u00e6gger af MarketingPlatform Kim \u00d8stergaard.<\/p>\n<p>Han fort\u00e6ller endvidere, at for butiksk\u00e6der og webshop\u2019s er det vigtigt at skabe sammenh\u00e6nge i data. Det beh\u00f8ver ikke v\u00e6re vanskeligt eller dyrt. &#8220;Vi har lavet standard integrationer med de fleste systemer, og udbyder derudover en standard snitflade, der er s\u00e5 lettilg\u00e6ngelig, at den hurtigste udvikler kun brugte 32 minutter p\u00e5 at lave en integration med et dealsite og MarketingPlatform&#8221;.<\/p>\n<p>Driver din virksomhed fysisk og online handel i kombination, er s\u00e6rlig en bestemt integration vigtig &#8211; nemlig opf\u00f8lgning p\u00e5 forladte eller tabte indk\u00f8bskurve. De kan I mange tilf\u00e6lde konverteres til fysiske handler i butikkerne.<\/p>\n<p>Internationale unders\u00f8gelser viser at intelligent kundeopf\u00f8lgning, netop p\u00e5 tabte indk\u00f8bskurve alene online kan generere 18-20% af den totale oms\u00e6tning fra nyhedsbreve. M\u00e5lt p\u00e5 kunder der ikke segmenterer deres udsendelser. Sammenholdt med en volumen p\u00e5 kun 0,3% af de samlede udsendelser, giver det en enorm v\u00e6rdi at skabe disse integrationer. Hertil kommer det afledte salg i de fysiske butikker.<br \/>\n&nbsp;<\/p>\n<h4>Det er vigtigt at starte rigtigt<\/h4>\n<p>Godt begyndt er halvt fuldendt. S\u00e5dan lyder et gammelt ordsprog, og der er ofte noget om de gamle ordsprog. Det er indenfor email marketing essentielt, at t\u00e6nke de rigtige flows og kombinere det med godt indhold. Indhold der er vedkommende for modtageren.<\/p>\n<p>Velkomstflowet er ligesom den gode ekspedient, der byder en ny potentiel kunde velkommen. Vel og m\u00e6rke s\u00e5 kunden f\u00f8ler sig velkommen, er sikker p\u00e5 at ekspedienten har set og lagt m\u00e6rke til ham eller hende. At ekspedienten lyttede efter sidst kunden bes\u00f8gte butikken, at kundens navn er husket, at de pr\u00e6ferencer kunden gav udtryk for bliver taget med i betragtning. Alt det skal et automatiseret velkomstflow kunne.<\/p>\n<p>N\u00e5r velkomstflowet er afviklet, normalt over 2-3 mails, vil der v\u00e6re opsamlet en betydelig m\u00e6ngde viden om modtageren. Men endnu vigtigere er modtageren aktiveret, og har oplevet din virksomhed som proaktiv og lyttende.<br \/>\n&nbsp;<\/p>\n<h4>Viden bliver til handling<\/h4>\n<p>Den viden der netop er indsamlet i et velkomstflow skal naturligvis anvendes aktivt i udsendelserne af mail og SMS beskeder.<\/p>\n<p>Hos retailere, er det vigtigt at koble modtageren til en fysisk butik. P\u00e5 den m\u00e5de kan kommunikationen g\u00f8res lokal, national og global p\u00e5 een og samme tid. Netop det lokale, at modtageren \u201cm\u00e6rker\u201d butikkens tilstedev\u00e6relse er et vigtigt konkurrenceparameter for de fysiske butikker og butiksk\u00e6der.<\/p>\n<p>Det kaldes i fagsprog for udsendelse til et segment, eller udsendelse med dynamisk indhold i mailen. Dynamisk indhold betyder her, at indholdet skifter efter modtagerens profil &#8211; f.eks. hvilken butik der er valgt, k\u00f8n, tidligere indhold der har v\u00e6ret interesse for og mange lignende kombinationer.<\/p>\n<p>\u201cI BoConcept anvender vi danske MarketingPlatform, som platform til vores elektroniske nyhedsbreve og dialogmarkedsf\u00f8ring. L\u00f8sningen integrerer ogs\u00e5 med MyBoConcept og vores CRM system. MarketingPlatform anvendes af ca. 45 medarbejdere i BoConcept\u201d, fort\u00e6ller Torben Paulin der er koncerndirekt\u00f8r i BoConcept og supplere med, at Vi har i BoConcept ikke kunnet finde noget mere brugervenligt og avanceret.<\/p>\n<p>\u201cFremtidens vindere indenfor digital kommunikation bliver de virksomheder, der forst\u00e5r at reagere p\u00e5 modtagerens mindste signal, at oms\u00e6tte signalet til den rigtige reaktion &#8211; det mest relevante indhold\u201d, konkluderer Kim \u00d8stergaard fra MarketingPlatform.<br \/>\n[\/et_pb_text][\/et_pb_column][\/et_pb_row][\/et_pb_section][et_pb_section fb_built=&#8221;1&#8243; _builder_version=&#8221;3.16.1&#8243; background_color=&#8221;#dee7f1&#8243; global_module=&#8221;19033&#8243;][et_pb_row _builder_version=&#8221;3.0.48&#8243; background_size=&#8221;initial&#8221; background_position=&#8221;top_left&#8221; background_repeat=&#8221;repeat&#8221;][et_pb_column type=&#8221;4_4&#8243; _builder_version=&#8221;3.0.47&#8243; parallax=&#8221;off&#8221; parallax_method=&#8221;on&#8221;][et_pb_text _builder_version=&#8221;3.16.1&#8243; text_orientation=&#8221;center&#8221; custom_margin=&#8221;||15px|&#8221;]<\/p>\n<h2>Pr\u00f8v MarketingPlatform gratis i 14 dage<\/h2>\n<p>Pr\u00f8veperioden er gratis, helt uforpligtende og udl\u00f8ber efter 14 dage, hvis du ikke \u00f8nsker at forts\u00e6tte.<br \/>Ved tilmelding modtager du samtidig vores uddannelsesflow p\u00e5 en serie af mails \u2013 og vores nyhedsbrev.<\/p>\n<p>[\/et_pb_text][et_pb_code _builder_version=&#8221;3.16.1&#8243; custom_margin=&#8221;0px||10px|&#8221; custom_padding=&#8221;|||&#8221;]&lt;script src=&quot;https:\/\/ajax.googleapis.com\/ajax\/libs\/jquery\/1.11.3\/jquery.min.js&quot;&gt;&lt;\/script&gt;&lt;!&#8211; [et_pb_line_break_holder] &#8211;&gt;&lt;script src=&quot;https:\/\/marketingplatform.com\/js\/sign-up-dk-home-top-updated.js&quot;&gt;&lt;\/script&gt;&lt;!&#8211; [et_pb_line_break_holder] &#8211;&gt;&lt;!&#8211; [et_pb_line_break_holder] &#8211;&gt;&lt;script src=&quot;https:\/\/marketingplatform.com\/js\/trafficSourceTracker.js&quot;&gt;&lt;\/script&gt;&lt;!&#8211; [et_pb_line_break_holder] &#8211;&gt;&lt;script&gt;&lt;!&#8211; [et_pb_line_break_holder] &#8211;&gt;trafficSrcCookie.setCookie(); &lt;!&#8211; [et_pb_line_break_holder] &#8211;&gt;&lt;\/script&gt;&lt;!&#8211; [et_pb_line_break_holder] &#8211;&gt;&lt;div class=&quot;myForm&quot;&gt;&lt;!&#8211; [et_pb_line_break_holder] &#8211;&gt; &lt;div class=&quot;sign_up&quot;&gt;&lt;!&#8211; [et_pb_line_break_holder] &#8211;&gt; &lt;div class=&quot;step1 text-box step_fir&quot;&gt;&lt;!&#8211; [et_pb_line_break_holder] &#8211;&gt; &lt;div class=&quot;displayblock&quot;&gt;&lt;!&#8211; [et_pb_line_break_holder] &#8211;&gt; &lt;input type=&quot;text&quot; name=&quot;email&quot; class=&quot;emailvalue&quot; placeholder=&quot;Indtast din e-mailadresse&quot; style=&quot;margin-right:10px;&quot;&gt;&lt;!&#8211; [et_pb_line_break_holder] &#8211;&gt; &lt;\/div&gt;&lt;!&#8211; [et_pb_line_break_holder] &#8211;&gt; &lt;div class=&quot;displayblock&quot;&gt;&lt;!&#8211; [et_pb_line_break_holder] &#8211;&gt; &lt;input type=&quot;button&quot; value=&quot;Ja tak &#8211; lad mig pr\u00f8ve!&quot; class=&quot;button trial-btn-blue step1btn&quot; style=&quot;background:#09cd6f!important;&quot;&gt;&lt;!&#8211; [et_pb_line_break_holder] &#8211;&gt; &lt;\/div&gt;&lt;!&#8211; [et_pb_line_break_holder] &#8211;&gt; &lt;\/div&gt;&lt;!&#8211; [et_pb_line_break_holder] &#8211;&gt; &lt;div class=&quot;step2 text-box&quot; style=&quot;display: none;&quot;&gt;&lt;\/div&gt;&lt;!&#8211; [et_pb_line_break_holder] &#8211;&gt; &lt;div class=&quot;step2 text-box &quot; style=&quot;display: none;&quot;&gt;&lt;!&#8211; [et_pb_line_break_holder] &#8211;&gt; &lt;div class=&quot;displayblock&quot; style=&quot;width: 400px;&quot;&gt;&lt;!&#8211; [et_pb_line_break_holder] &#8211;&gt; &lt;input type=&quot;text&quot; name=&quot;CustomFields[496]&quot; class=&quot;CustomFields_496_51&quot; value=&quot;&quot; size=&quot;50&quot; placeholder=&quot;Firmanavn&quot;&gt;&lt;!&#8211; [et_pb_line_break_holder] &#8211;&gt; &lt;\/div&gt;&lt;!&#8211; [et_pb_line_break_holder] &#8211;&gt; &lt;div class=&quot;displayblock&quot; style=&quot;width: 400px;&quot;&gt;&lt;!&#8211; [et_pb_line_break_holder] &#8211;&gt; &lt;input type=&quot;text&quot; name=&quot;CustomFields[2]&quot; class=&quot;CustomFields_2_51&quot; value=&quot;&quot; size=&quot;50&quot; placeholder=&quot;Dit Navn&quot;&gt;&lt;!&#8211; [et_pb_line_break_holder] &#8211;&gt; &lt;\/div&gt;&lt;!&#8211; [et_pb_line_break_holder] &#8211;&gt; &lt;div class=&quot;displayblock&quot; style=&quot;width: 400px;&quot;&gt;&lt;!&#8211; [et_pb_line_break_holder] &#8211;&gt; &lt;input type=&quot;text&quot; name=&quot;CustomFields[497]&quot; class=&quot;CustomFields_497_51&quot; value=&quot;&quot; size=&quot;50&quot; placeholder=&quot;Mobil Nummer&quot;&gt;&lt;!&#8211; [et_pb_line_break_holder] &#8211;&gt; &lt;\/div&gt;&lt;!&#8211; [et_pb_line_break_holder] &#8211;&gt; &lt;div class=&quot;displayblock sec_step_but&quot;&gt;&lt;!&#8211; [et_pb_line_break_holder] &#8211;&gt; &lt;input id=&quot;step2&quot; type=&quot;button&quot; value=&quot;Ja tak &#8211; lad mig pr\u00f8ve!&quot; class=&quot;button1 trial-btn-blue&quot; style=&quot;background:#09cd6f!important;&quot;&gt;&lt;!&#8211; [et_pb_line_break_holder] &#8211;&gt; &lt;\/div&gt;&lt;!&#8211; [et_pb_line_break_holder] &#8211;&gt; &lt;div&gt;&lt;!&#8211; [et_pb_line_break_holder] &#8211;&gt; &lt;div style=&quot;display: none;&quot; id=&quot;alertSpan&quot;&gt;&lt;!&#8211; [et_pb_line_break_holder] &#8211;&gt; &lt;span style=&quot;color: red;&quot;&gt;Du skal udfylde alle felter&lt;\/span&gt;&lt;!&#8211; [et_pb_line_break_holder] &#8211;&gt; &lt;\/div&gt;&lt;!&#8211; [et_pb_line_break_holder] &#8211;&gt; &lt;\/div&gt;&lt;!&#8211; [et_pb_line_break_holder] &#8211;&gt; &lt;div&gt;&lt;!&#8211; [et_pb_line_break_holder] &#8211;&gt; &lt;div style=&quot;display: none;&quot; id=&quot;alertEmailSpan&quot;&gt;&lt;!&#8211; [et_pb_line_break_holder] &#8211;&gt; &lt;span style=&quot;color: red;&quot;&gt;Indtast din e-mailadresse&lt;\/span&gt;&lt;!&#8211; [et_pb_line_break_holder] &#8211;&gt; &lt;\/div&gt;&lt;!&#8211; [et_pb_line_break_holder] &#8211;&gt; &lt;\/div&gt;&lt;!&#8211; [et_pb_line_break_holder] &#8211;&gt; &lt;\/div&gt;&lt;!&#8211; [et_pb_line_break_holder] &#8211;&gt; &lt;\/div&gt;&lt;!&#8211; [et_pb_line_break_holder] &#8211;&gt;&lt;\/div&gt;[\/et_pb_code][\/et_pb_column][\/et_pb_row][\/et_pb_section]<\/p>\n","protected":false},"excerpt":{"rendered":"<p>BoConcept anvender MarketingPlatform i 55 lande B\u00f8rsnoterede BoConcept fra Herning ved godt, at m\u00e5lrettet digital kommunikation er vigtigt i en Verden med globale kunder, der tilh\u00f8rer et segment af travle mennesker. \u201dVi har flere fuldtidsressourcer, der arbejder med vores online kommunikation. Og ser en klar cross-channel effekt (her online kanalens evne til at tr\u00e6kke kunder [&hellip;]<\/p>\n","protected":false},"author":50,"featured_media":0,"parent":4520,"menu_order":0,"comment_status":"closed","ping_status":"closed","template":"","meta":{"_et_pb_use_builder":"on","_et_pb_old_content":"B\u00f8rsnoterede BoConcept fra Herning ved godt, at m\u00e5lrettet digital kommunikation er vigtigt i en Verden med globale kunder, der tilh\u00f8rer et segment af travle mennesker.\r\n\r\n\u201dVi har flere fuldtidsressourcer, der arbejder med vores online kommunikation. Og ser en klar cross-channel effekt (her online kanalens evne til at tr\u00e6kke kunder til butikkerne, red.) \u2013 ved at udsende nyhedsbreve p\u00e5 vore mange markeder\u201d, fort\u00e6ller marketingdirekt\u00f8r Palle Larsen.\r\n\r\nNetop cross-channel markedsf\u00f8ring vinder kraftigt frem i disse \u00e5r. Popul\u00e6rt sagt er det afstemt kommunikation i flere kanaler. Som retailer er de naturlige kanaler butikken, email marketing - herunder nyhedsbreve til mange, en-til-en nyhedsbreve og segmenterede udsendelser. SMS beskeder kombineret med reaktioner p\u00e5 nyhedsbreve har ogs\u00e5 en h\u00f8j effekt.\r\n\r\n<strong>At l\u00e6re af kundernes adf\u00e6rd i flere kanaler<\/strong>\r\nKunder - sikken et dejligt ord, men hvad betyder det i en kommunikativ sammenh\u00e6ng.\r\n\r\n\"Set fra vores side hos MarketingPlatform, betyder en kunde store muligheder. Det er en modtager, hvor der findes rigtig mange oplysninger, som vore v\u00e6rkt\u00f8jer kan bruge til at m\u00e5lrette kommunikationen\", fort\u00e6ller grundl\u00e6gger af MarketingPlatform Kim \u00d8stergaard.\r\n\r\nHan fort\u00e6ller endvidere, at for butiksk\u00e6der og webshop\u2019s er det vigtigt at skabe sammenh\u00e6nge i data. Det beh\u00f8ver ikke v\u00e6re vanskeligt eller dyrt. \"Vi har lavet standard integrationer med de fleste systemer, og udbyder derudover en standard snitflade, der er s\u00e5 lettilg\u00e6ngelig, at den hurtigste udvikler kun brugte 32 minutter p\u00e5 at lave en integration med et dealsite og MarketingPlatform\".\r\n\r\nDriver din virksomhed fysisk og online handel i kombination, er s\u00e6rlig en bestemt integration vigtig - nemlig opf\u00f8lgning p\u00e5 forladte eller tabte indk\u00f8bskurve. De kan I mange tilf\u00e6lde konverteres til fysiske handler i butikkerne.\r\n\r\nInternationale unders\u00f8gelser viser at intelligent kundeopf\u00f8lgning, netop p\u00e5 tabte indk\u00f8bskurve alene online kan generere 18-20% af den totale oms\u00e6tning fra nyhedsbreve. M\u00e5lt p\u00e5 kunder der ikke segmenterer deres udsendelser. Sammenholdt med en volumen p\u00e5 kun 0,3% af de samlede udsendelser, giver det en enorm v\u00e6rdi at skabe disse integrationer. Hertil kommer det afledte salg i de fysiske butikker.\r\n\r\n<strong>Det er vigtigt at starte rigtigt<\/strong>\r\nGodt begyndt er halvt fuldendt. S\u00e5dan lyder et gammelt ordsprog, og der er ofte noget om de gamle ordsprog. Det er indenfor email marketing essentielt, at t\u00e6nke de rigtige flows og kombinere det med godt indhold. Indhold der er vedkommende for modtageren.\r\n\r\nVelkomstflowet er ligesom den gode ekspedient, der byder en ny potentiel kunde velkommen. Vel og m\u00e6rke s\u00e5 kunden f\u00f8ler sig velkommen, er sikker p\u00e5 at ekspedienten har set og lagt m\u00e6rke til ham eller hende. At ekspedienten lyttede efter sidst kunden bes\u00f8gte butikken, at kundens navn er husket, at de pr\u00e6ferencer kunden gav udtryk for bliver taget med i betragtning. Alt det skal et automatiseret velkomstflow kunne.\r\n\r\nN\u00e5r velkomstflowet er afviklet, normalt over 2-3 mails, vil der v\u00e6re opsamlet en betydelig m\u00e6ngde viden om modtageren. Men endnu vigtigere er modtageren aktiveret, og har oplevet din virksomhed som proaktiv og lyttende.\r\n\r\n<strong>Viden bliver til handling<\/strong>\r\nDen viden der netop er indsamlet i et velkomstflow skal naturligvis anvendes aktivt i udsendelserne af mail og SMS beskeder.\r\n\r\nHos retailere, er det vigtigt at koble modtageren til en fysisk butik. P\u00e5 den m\u00e5de kan kommunikationen g\u00f8res lokal, national og global p\u00e5 een og samme tid. Netop det lokale, at modtageren \u201cm\u00e6rker\u201d butikkens tilstedev\u00e6relse er et vigtigt konkurrenceparameter for de fysiske butikker og butiksk\u00e6der.\r\n\r\nDet kaldes i fagsprog for udsendelse til et segment, eller udsendelse med dynamisk indhold i mailen. Dynamisk indhold betyder her, at indholdet skifter efter modtagerens profil - f.eks. hvilken butik der er valgt, k\u00f8n, tidligere indhold der har v\u00e6ret interesse for og mange lignende kombinationer.\r\n\r\n\u201cI BoConcept anvender vi danske MarketingPlatform, som platform til vores elektroniske nyhedsbreve og dialogmarkedsf\u00f8ring. L\u00f8sningen integrerer ogs\u00e5 med MyBoConcept og vores CRM system. MarketingPlatform anvendes af ca. 45 medarbejdere i BoConcept\u201d, fort\u00e6ller Torben Paulin der er koncerndirekt\u00f8r i BoConcept og supplere med, at Vi har i BoConcept ikke kunnet finde noget mere brugervenligt og avanceret.\r\n\r\n\u201cFremtidens vindere indenfor digital kommunikation bliver de virksomheder, der forst\u00e5r at reagere p\u00e5 modtagerens mindste signal, at oms\u00e6tte signalet til den rigtige reaktion - det mest relevante indhold\u201d, konkluderer Kim \u00d8stergaard fra MarketingPlatform.\r\n<h4>Pr\u00f8v MarketingPlatform gratis i 30 dage<\/h4>\r\n[optin_box style=\"8\" alignment=\"left\" action=\"https:\/\/www.mailmailmail.net\/form.php?form=65\" method=\"post\" email_field=\"email\" email_default=\"Din arbejds e-mail\" integration_type=\"custom\" double_optin=\"Y\" name_field=\"CustomFields%5B2%5D\" name_default=\"Dit navn\" extra_field_1_name=\"CustomFields%5B110%5D\" extra_field_1_title=\"Firmanavn\" extra_field_2_name=\"CustomFields%5B5%5D\" extra_field_2_title=\"Telefon\"][optin_box_hidden][\/optin_box_hidden][optin_box_code]\r\n\r\n[\/optin_box_code][optin_box_field name=\"headline\"][\/optin_box_field][optin_box_field name=\"paragraph\"][\/optin_box_field][optin_box_field name=\"privacy\"]Vi passer godt p\u00e5 dine oplysninger og deler dem ikke med andre.\r\nVi optager kun seri\u00f8se virksomheder, der ikke spammer, som kunder.[\/optin_box_field][optin_box_field name=\"top_color\"]undefined[\/optin_box_field][optin_box_button type=\"0\" button_below=\"Y\"]Pr\u00f8v MailPlatform gratis[\/optin_box_button] [\/optin_box]","_et_gb_content_width":"","footnotes":""},"categories":[],"tags":[],"yst_prominent_words":[4878,4910,2842,4905,174,4883,77,81,180,4907,177,2843,4920,862,4874,445,4871,4873,4881,238],"_links":{"self":[{"href":"https:\/\/marketingplatform.com\/da\/wp-json\/wp\/v2\/pages\/4626"}],"collection":[{"href":"https:\/\/marketingplatform.com\/da\/wp-json\/wp\/v2\/pages"}],"about":[{"href":"https:\/\/marketingplatform.com\/da\/wp-json\/wp\/v2\/types\/page"}],"author":[{"embeddable":true,"href":"https:\/\/marketingplatform.com\/da\/wp-json\/wp\/v2\/users\/50"}],"replies":[{"embeddable":true,"href":"https:\/\/marketingplatform.com\/da\/wp-json\/wp\/v2\/comments?post=4626"}],"version-history":[{"count":0,"href":"https:\/\/marketingplatform.com\/da\/wp-json\/wp\/v2\/pages\/4626\/revisions"}],"up":[{"embeddable":true,"href":"https:\/\/marketingplatform.com\/da\/wp-json\/wp\/v2\/pages\/4520"}],"wp:attachment":[{"href":"https:\/\/marketingplatform.com\/da\/wp-json\/wp\/v2\/media?parent=4626"}],"wp:term":[{"taxonomy":"category","embeddable":true,"href":"https:\/\/marketingplatform.com\/da\/wp-json\/wp\/v2\/categories?post=4626"},{"taxonomy":"post_tag","embeddable":true,"href":"https:\/\/marketingplatform.com\/da\/wp-json\/wp\/v2\/tags?post=4626"},{"taxonomy":"yst_prominent_words","embeddable":true,"href":"https:\/\/marketingplatform.com\/da\/wp-json\/wp\/v2\/yst_prominent_words?post=4626"}],"curies":[{"name":"wp","href":"https:\/\/api.w.org\/{rel}","templated":true}]}}